{"id":210823,"date":"2022-04-22T08:34:48","date_gmt":"2022-04-22T06:34:48","guid":{"rendered":"https:\/\/dutchhealthstore.com\/product\/dai-dai-blossom-essential-oil\/"},"modified":"2025-10-28T11:32:00","modified_gmt":"2025-10-28T10:32:00","slug":"dai-dai-blossom-essential-oil","status":"publish","type":"product","link":"https:\/\/dutchhealthstore.com\/de\/product\/dai-dai-blossom-essential-oil\/","title":{"rendered":"Dai Dai Blossom Essential Oil"},"content":{"rendered":"<p><img decoding=\"async\" class=\"alignright\" src=\"https:\/\/dutchhealthstore.com\/wp-content\/uploads\/2019\/08\/NEW-Living-Libations-Logo.jpg\" alt=\"NEW - Living Libations - Logo\">Aus dem Bitterorangenbaum sprie\u00dfen dicke wei\u00dfe Bl\u00fcten, die einen der wertvollsten D\u00fcfte der Parf\u00fcmerie und der Antike verstr\u00f6men. Dai Dai ist die Cousine des Neroli; w\u00e4hrend Nerolibl\u00fcten des Sevilla-Sauerorangenbaums die Hochzeitsfeiern in Nordafrika schm\u00fccken, die feinen franz\u00f6sischen Parf\u00fcms des Sonnenk\u00f6nigs weihen und zu mediterranen Marmeladen verarbeitet werden, sieht man die Bl\u00fcten von Dai Dai bei japanischen Neujahrsfeiern, Saunad\u00e4mpfen, Sch\u00f6nheitsritualen und in der traditionellen chinesischen Kr\u00e4uterkunde, wo die aromatischen Bl\u00fcten hei\u00dfe, heilende Tees und kulinarische Kreationen bereichern.<\/p>\n<p>Das fr\u00f6hliche, blumige Aroma des essentielen \u00d6ls Dai Dai Blossom, das Linalool und Linalylacetat enth\u00e4lt, beruhigt die Nerven, macht die Haut zart und verfeinert die F\u00e4ltchen. Auch in Parf\u00fcms und verspielten Liebestr\u00e4nken singt diese besondere Essenz eine sonnig-zitrische Kopfnote.<\/p>\n<p><strong>Botanischer Name:<\/strong> <em>Citrus aurantium var. Dai Dai<\/em><br \/>\n<strong>Botanische Familie:<\/strong> <em>Rutaceae<\/em><br \/>\n<strong>Extraktionsverfahren:<\/strong> Dampfdestilliert<br \/>\n<strong>Teil der Pflanze Destilliert:<\/strong> Bl\u00fcten<br \/>\n<strong>Herkunftsland:<\/strong> China<br \/>\n<strong>Anbaumethode:<\/strong> Bio<br \/>\n<strong>Zusammensetzung:<\/strong> 100%<em> Citrus aurantium<\/em><br \/>\n<strong>Konsistenz:<\/strong> D\u00fcnn<br \/>\n<strong>Beschreibung des Duftes:<\/strong> S\u00fc\u00dfer und reizvoller Blumenduft mit fr\u00f6hlichen Noten von sonnigen Zitrusfr\u00fcchten.<br \/>\n<strong>Gut mischbar mit:<\/strong> Bergamotte, Rose, Ylang, Weihrauch, Grapefruit, Orange, Lavendel, Geranie, Petitgrains, Tannen, Fichten, Zitrusfr\u00fcchte, Kamille, Muskatellersalbei und Sandelholz.<br \/>\n<strong>Bestandteile:<\/strong> Linalool und Linalylacetat<\/p>\n<p><strong>Anwendung:<\/strong> Zur Verwendung auf 1-5% verd\u00fcnnen. Deodorants, Seifen und Raumsprays. Saft der Freude. Tonikum f\u00fcr die Haut. Verzauberer. Mildert das Erscheinungsbild von Narben, Dehnungsstreifen und Hautunreinheiten. Perfekt in Hochzeitsparf\u00fcms und auf Kissen. Transportiert die in der Salzleitung eingeatmete Zeit. G\u00f6ttlich in der Ausbreitung.<\/p>\n<p>Dai Dai, was so viel wie &#8222;mehrere Generationen&#8220; bedeutet, ist im Fernen Osten ein Symbol f\u00fcr Langlebigkeit, denn ungepfl\u00fcckte Fr\u00fcchte bleiben mehrere Jahre lang am Baum h\u00e4ngen, und selbst viele Jahre alte Fr\u00fcchte f\u00e4rben sich im Winter orange und werden im Sommer wieder gr\u00fcn.<\/p>\n<p>Der Dai Dai, der in den tropischen Regionen Anhui und Fujian in China als Zierbaum angebaut wird, wird wegen seiner fabelhaft duftenden Bl\u00fcten gesch\u00e4tzt, die in der Parf\u00fcmerie, in B\u00e4dern, Saunen und in kulinarischen Zubereitungen verwendet werden.<\/p>\n<p>Diese Bitterorangenb\u00e4ume bl\u00fchen nur wenige Wochen im Fr\u00fchjahr, und die kleine Ernte an Bl\u00fcten wird fr\u00fchmorgens, wenn die Knospen zu bl\u00fchen beginnen, von Hand gepfl\u00fcckt, wenn das Aroma in den Bl\u00fctenbl\u00e4ttern am frischesten und konzentriertesten ist. Die Bl\u00fcten sind sehr wohlriechend, doch die Ausbeute der Wasserdampfdestillation ist gering: Zwei Pfund Bl\u00fcten ergeben nur einen Viertel Teel\u00f6ffel \u00e4therisches \u00d6l. Das essentiele \u00d6l der Dai Dai-Blume ist ein wahrer botanischer Schatz!<\/p>\n<p>Dai Dai Blossom ist eine Z\u00fcchtung von <em>Citrus aurantium<\/em> und hat einen reichhaltigen, blumigen Duft mit zitrusartigen Obert\u00f6nen, der in Aroma und Bioaktivit\u00e4t dem von Neroli \u00e4hnelt, jedoch etwas weniger honigartig ist. Es ist reich an hautgl\u00e4ttendem Linalool und Linalylacetat und wirkt in Kombination mit einem Serum oder Toner reizlindernd, reduziert R\u00f6tungen und mindert Hautunreinheiten. Diese Flower-Power-Essenz l\u00e4sst sich wunderbar vor der Anwendung auf 1-5% in Bio-Jojoba, Hagebutten oder Serum verd\u00fcnnen.<\/p>\n<p>Es ist herrlich in Parf\u00fcms f\u00fcr eine fr\u00f6hliche Kopfnote, und getupft verd\u00fcnnt auf Pulspunkte oder aufgetragen auf eine Haarb\u00fcrste oder einen h\u00f6lzernen Kamm f\u00fcr einen sch\u00f6nen Blumenduft entspannend f\u00fcr die Sinne. Die sublimen, s\u00fc\u00dfen Liebesmolek\u00fcle der Bl\u00fcten von Dai Dai erf\u00fcllen einen Raum, wenn sie sich verbreiten.<\/p>\n<p><strong>Gr\u00f6\u00dfe: 5 ml<\/strong><\/p>\n<p><strong>Wie lieben wir dich, Orangenbaum? Lassen Sie uns die M\u00f6glichkeiten aufz\u00e4hlen.<\/strong><\/p>\n<p>Unsere Herzen und Nasen sind erf\u00fcllt von Dankbarkeit f\u00fcr die vielen duftenden Gaben des gro\u00dfz\u00fcgigen Orangenbaums. Die hypnotisierende blumige Fantasie von Neroli wird durch Wasserdampfdestillation der duftenden wei\u00dfen Bl\u00fcten des Orangenbaums gewonnen, und das opulente Orangenbl\u00fcten-Absolue nutzt ein L\u00f6sungsmittel-Extraktionsverfahren f\u00fcr dieselben duftenden Bl\u00fcten, um eine reichhaltigere, dickere und z\u00e4hfl\u00fcssigere Essenz zu gewinnen, die in der Parf\u00fcmerie eine unglaubliche Best\u00e4ndigkeit aufweist. Das Twiggy-tangy Petitgrain-\u00d6l ist eine Wasserdampfdestillation der Bl\u00e4tter und St\u00e4ngel des Orangenbaums und ist perfekt geeignet, um die Sinne zu erfrischen, die Haut zu beleben und den Geist zu beleben. Kaltgepresste Orangenschalen setzen helles und sonniges Orange Essential Oil frei, das als frische, spritzige Note in Parf\u00fcms verwendet wird und fast immer als Kopfnote eingesetzt wird. Neroli Fleurs sur Petitgrain ist eine bezaubernde Co-Destillation von Neroli-Bl\u00fcten mit den Zweigen und Bl\u00e4ttern der Petitgrain, um einen bezaubernden, \u00e4u\u00dferst sinnlichen Duft zu schaffen.<\/p>\n","protected":false},"excerpt":{"rendered":"<p>Die herrliche Dai Dai-Bl\u00fcte k\u00fcndigt den Fr\u00fchling in den Zitrushainen im tropischen Asien an<\/p>\n","protected":false},"featured_media":205991,"comment_status":"open","ping_status":"closed","template":"","meta":[],"product_brand":[],"product_cat":[6737,1508,1546,1032,1493,1210,511],"product_tag":[1547],"class_list":{"0":"post-210823","1":"product","2":"type-product","3":"status-publish","4":"has-post-thumbnail","6":"product_cat-essential-oils-de-2","7":"product_cat-aetherische-oele-living-libations","8":"product_cat-essential-oils-living-libations-de","9":"product_cat-kategorien","10":"product_cat-living-libations-deutschland","11":"product_cat-marken","12":"product_cat-produkte","13":"product_tag-essential-oil-de","14":"pa_brand-livinglibations-de","15":"pa_essential-oils-product-type-essential-oils-de","17":"first","18":"instock","19":"taxable","20":"shipping-taxable","21":"purchasable","22":"product-type-simple"},"bundled_by":[],"bundle_stock_status":"instock","bundle_stock_quantity":1,"bundle_virtual":false,"bundle_layout":"","bundle_add_to_cart_form_location":"","bundle_editable_in_cart":false,"bundle_sold_individually_context":"","bundle_item_grouping":"","bundle_min_size":"","bundle_max_size":"","bundle_price":[],"bundled_items":[],"bundle_sell_ids":[],"atum_controlled":true,"out_stock_date":null,"out_stock_threshold":null,"inheritable":false,"stock_on_hold":0,"sold_today":0,"sales_last_days":0,"out_stock_days":0,"lost_sales":0,"update_date":"2026-04-13T14:01:04","atum_locations":[],"atum_stock_status":"instock","restock_status":false,"low_stock_amount":"","sales_update_date":"2026-04-13T14:01:04","calc_backorders":null,"group_of_quantity":0,"min_quantity":0,"max_quantity":"","exclude_order_quantity_value_rules":"no","exclude_category_quantity_rules":"no","combine_variations":"no","yoast_head":"<!-- This site is optimized with the Yoast SEO Premium plugin v26.5 (Yoast SEO v26.5) - https:\/\/yoast.com\/wordpress\/plugins\/seo\/ -->\n<title>Dai Dai Blossom Essential Oil - Living Libations<\/title>\n<meta name=\"description\" content=\"Die herrliche Dai Dai-Bl\u00fcte k\u00fcndigt den Fr\u00fchling in den Zitrushainen im tropischen Asien an\" \/>\n<meta name=\"robots\" content=\"index, follow, max-snippet:-1, max-image-preview:large, max-video-preview:-1\" \/>\n<link rel=\"canonical\" href=\"https:\/\/dutchhealthstore.com\/de\/product\/dai-dai-blossom-essential-oil\/\" \/>\n<meta property=\"og:locale\" content=\"de_DE\" \/>\n<meta property=\"og:type\" content=\"article\" \/>\n<meta property=\"og:title\" content=\"Dai Dai Blossom Essential Oil - Dutch Health Store\" \/>\n<meta property=\"og:description\" content=\"Die herrliche Dai Dai-Bl\u00fcte k\u00fcndigt den Fr\u00fchling in den Zitrushainen im tropischen Asien an\" \/>\n<meta property=\"og:url\" content=\"https:\/\/dutchhealthstore.com\/de\/product\/dai-dai-blossom-essential-oil\/\" \/>\n<meta property=\"og:site_name\" content=\"Dutch Health Store\" \/>\n<meta property=\"article:publisher\" content=\"https:\/\/www.instagram.com\/dutchhealthstore\/\" \/>\n<meta property=\"article:modified_time\" content=\"2025-10-28T10:32:00+00:00\" \/>\n<meta property=\"og:image\" content=\"https:\/\/dutchhealthstore.com\/wp-content\/uploads\/2022\/04\/daidaiblossomessentialoil.jpg\" \/>\n\t<meta property=\"og:image:width\" content=\"500\" \/>\n\t<meta property=\"og:image:height\" content=\"500\" \/>\n\t<meta property=\"og:image:type\" content=\"image\/jpeg\" \/>\n<meta name=\"twitter:card\" content=\"summary_large_image\" \/>\n<meta name=\"twitter:label1\" content=\"Preis\" \/>\n\t<meta name=\"twitter:data1\" content=\"&euro;60,00\" \/>\n\t<meta name=\"twitter:label2\" content=\"Verf\u00fcgbarkeit\" \/>\n\t<meta name=\"twitter:data2\" content=\"Auf Lager\" \/>\n<script type=\"application\/ld+json\" class=\"yoast-schema-graph\">{\"@context\":\"https:\/\/schema.org\",\"@graph\":[{\"@type\":\"WebPage\",\"@id\":\"https:\/\/dutchhealthstore.com\/de\/product\/dai-dai-blossom-essential-oil\/\",\"url\":\"https:\/\/dutchhealthstore.com\/de\/product\/dai-dai-blossom-essential-oil\/\",\"name\":\"Dai Dai Blossom Essential Oil - Living Libations\",\"isPartOf\":{\"@id\":\"https:\/\/dutchhealthstore.com\/de\/#website\"},\"primaryImageOfPage\":{\"@id\":\"https:\/\/dutchhealthstore.com\/de\/product\/dai-dai-blossom-essential-oil\/#primaryimage\"},\"image\":{\"@id\":\"https:\/\/dutchhealthstore.com\/de\/product\/dai-dai-blossom-essential-oil\/#primaryimage\"},\"thumbnailUrl\":\"https:\/\/dutchhealthstore.com\/wp-content\/uploads\/2022\/04\/daidaiblossomessentialoil.jpg\",\"datePublished\":\"2022-04-22T06:34:48+00:00\",\"dateModified\":\"2025-10-28T10:32:00+00:00\",\"description\":\"Die herrliche Dai Dai-Bl\u00fcte k\u00fcndigt den Fr\u00fchling in den Zitrushainen im tropischen Asien an\",\"breadcrumb\":{\"@id\":\"https:\/\/dutchhealthstore.com\/de\/product\/dai-dai-blossom-essential-oil\/#breadcrumb\"},\"inLanguage\":\"de\",\"potentialAction\":[{\"@type\":\"ReadAction\",\"target\":[\"https:\/\/dutchhealthstore.com\/de\/product\/dai-dai-blossom-essential-oil\/\"]}]},{\"@type\":\"ImageObject\",\"inLanguage\":\"de\",\"@id\":\"https:\/\/dutchhealthstore.com\/de\/product\/dai-dai-blossom-essential-oil\/#primaryimage\",\"url\":\"https:\/\/dutchhealthstore.com\/wp-content\/uploads\/2022\/04\/daidaiblossomessentialoil.jpg\",\"contentUrl\":\"https:\/\/dutchhealthstore.com\/wp-content\/uploads\/2022\/04\/daidaiblossomessentialoil.jpg\",\"width\":500,\"height\":500,\"caption\":\"daidaiblossomessenzielles \u00d6l\"},{\"@type\":\"BreadcrumbList\",\"@id\":\"https:\/\/dutchhealthstore.com\/de\/product\/dai-dai-blossom-essential-oil\/#breadcrumb\",\"itemListElement\":[{\"@type\":\"ListItem\",\"position\":1,\"name\":\"Home\",\"item\":\"https:\/\/dutchhealthstore.com\/de\/\"},{\"@type\":\"ListItem\",\"position\":2,\"name\":\"Shop\",\"item\":\"https:\/\/dutchhealthstore.com\/de\/shop-2\/\"},{\"@type\":\"ListItem\",\"position\":3,\"name\":\"Dai Dai Blossom Essential Oil\"}]},{\"@type\":\"WebSite\",\"@id\":\"https:\/\/dutchhealthstore.com\/de\/#website\",\"url\":\"https:\/\/dutchhealthstore.com\/de\/\",\"name\":\"Dutch Health Store\",\"description\":\"Enhance Your Beauty with Organic &amp; Natural Skincare\",\"publisher\":{\"@id\":\"https:\/\/dutchhealthstore.com\/de\/#organization\"},\"potentialAction\":[{\"@type\":\"SearchAction\",\"target\":{\"@type\":\"EntryPoint\",\"urlTemplate\":\"https:\/\/dutchhealthstore.com\/de\/?s={search_term_string}\"},\"query-input\":{\"@type\":\"PropertyValueSpecification\",\"valueRequired\":true,\"valueName\":\"search_term_string\"}}],\"inLanguage\":\"de\"},{\"@type\":\"Organization\",\"@id\":\"https:\/\/dutchhealthstore.com\/de\/#organization\",\"name\":\"Dutch Health Store\",\"url\":\"https:\/\/dutchhealthstore.com\/de\/\",\"logo\":{\"@type\":\"ImageObject\",\"inLanguage\":\"de\",\"@id\":\"https:\/\/dutchhealthstore.com\/de\/#\/schema\/logo\/image\/\",\"url\":\"https:\/\/dutchhealthstore.com\/wp-content\/uploads\/2020\/08\/logo-dutchhealthstore-jpg-e1599484957574.jpg\",\"contentUrl\":\"https:\/\/dutchhealthstore.com\/wp-content\/uploads\/2020\/08\/logo-dutchhealthstore-jpg-e1599484957574.jpg\",\"width\":400,\"height\":62,\"caption\":\"Dutch Health Store\"},\"image\":{\"@id\":\"https:\/\/dutchhealthstore.com\/de\/#\/schema\/logo\/image\/\"},\"sameAs\":[\"https:\/\/www.instagram.com\/dutchhealthstore\/\",\"https:\/\/www.facebook.com\/dutchhealthstore\"]}]}<\/script>\n<meta property=\"product:brand\" content=\"Living Libations\" \/>\n<meta property=\"product:price:amount\" content=\"60.00\" \/>\n<meta property=\"product:price:currency\" content=\"EUR\" \/>\n<meta property=\"og:availability\" content=\"instock\" \/>\n<meta property=\"product:availability\" content=\"instock\" \/>\n<meta property=\"product:condition\" content=\"new\" \/>\n<!-- \/ Yoast SEO Premium plugin. -->","yoast_head_json":{"title":"Dai Dai Blossom Essential Oil - Living Libations","description":"Die herrliche Dai Dai-Bl\u00fcte k\u00fcndigt den Fr\u00fchling in den Zitrushainen im tropischen Asien an","robots":{"index":"index","follow":"follow","max-snippet":"max-snippet:-1","max-image-preview":"max-image-preview:large","max-video-preview":"max-video-preview:-1"},"canonical":"https:\/\/dutchhealthstore.com\/de\/product\/dai-dai-blossom-essential-oil\/","og_locale":"de_DE","og_type":"article","og_title":"Dai Dai Blossom Essential Oil - Dutch Health Store","og_description":"Die herrliche Dai Dai-Bl\u00fcte k\u00fcndigt den Fr\u00fchling in den Zitrushainen im tropischen Asien an","og_url":"https:\/\/dutchhealthstore.com\/de\/product\/dai-dai-blossom-essential-oil\/","og_site_name":"Dutch Health Store","article_publisher":"https:\/\/www.instagram.com\/dutchhealthstore\/","article_modified_time":"2025-10-28T10:32:00+00:00","og_image":[{"width":500,"height":500,"url":"https:\/\/dutchhealthstore.com\/wp-content\/uploads\/2022\/04\/daidaiblossomessentialoil.jpg","type":"image\/jpeg"}],"twitter_card":"summary_large_image","twitter_misc":{"Preis":"&euro;60,00","Verf\u00fcgbarkeit":"Auf Lager"},"schema":{"@context":"https:\/\/schema.org","@graph":[{"@type":"WebPage","@id":"https:\/\/dutchhealthstore.com\/de\/product\/dai-dai-blossom-essential-oil\/","url":"https:\/\/dutchhealthstore.com\/de\/product\/dai-dai-blossom-essential-oil\/","name":"Dai Dai Blossom Essential Oil - Living Libations","isPartOf":{"@id":"https:\/\/dutchhealthstore.com\/de\/#website"},"primaryImageOfPage":{"@id":"https:\/\/dutchhealthstore.com\/de\/product\/dai-dai-blossom-essential-oil\/#primaryimage"},"image":{"@id":"https:\/\/dutchhealthstore.com\/de\/product\/dai-dai-blossom-essential-oil\/#primaryimage"},"thumbnailUrl":"https:\/\/dutchhealthstore.com\/wp-content\/uploads\/2022\/04\/daidaiblossomessentialoil.jpg","datePublished":"2022-04-22T06:34:48+00:00","dateModified":"2025-10-28T10:32:00+00:00","description":"Die herrliche Dai Dai-Bl\u00fcte k\u00fcndigt den Fr\u00fchling in den Zitrushainen im tropischen Asien an","breadcrumb":{"@id":"https:\/\/dutchhealthstore.com\/de\/product\/dai-dai-blossom-essential-oil\/#breadcrumb"},"inLanguage":"de","potentialAction":[{"@type":"ReadAction","target":["https:\/\/dutchhealthstore.com\/de\/product\/dai-dai-blossom-essential-oil\/"]}]},{"@type":"ImageObject","inLanguage":"de","@id":"https:\/\/dutchhealthstore.com\/de\/product\/dai-dai-blossom-essential-oil\/#primaryimage","url":"https:\/\/dutchhealthstore.com\/wp-content\/uploads\/2022\/04\/daidaiblossomessentialoil.jpg","contentUrl":"https:\/\/dutchhealthstore.com\/wp-content\/uploads\/2022\/04\/daidaiblossomessentialoil.jpg","width":500,"height":500,"caption":"daidaiblossomessenzielles \u00d6l"},{"@type":"BreadcrumbList","@id":"https:\/\/dutchhealthstore.com\/de\/product\/dai-dai-blossom-essential-oil\/#breadcrumb","itemListElement":[{"@type":"ListItem","position":1,"name":"Home","item":"https:\/\/dutchhealthstore.com\/de\/"},{"@type":"ListItem","position":2,"name":"Shop","item":"https:\/\/dutchhealthstore.com\/de\/shop-2\/"},{"@type":"ListItem","position":3,"name":"Dai Dai Blossom Essential Oil"}]},{"@type":"WebSite","@id":"https:\/\/dutchhealthstore.com\/de\/#website","url":"https:\/\/dutchhealthstore.com\/de\/","name":"Dutch Health Store","description":"Enhance Your Beauty with Organic &amp; Natural Skincare","publisher":{"@id":"https:\/\/dutchhealthstore.com\/de\/#organization"},"potentialAction":[{"@type":"SearchAction","target":{"@type":"EntryPoint","urlTemplate":"https:\/\/dutchhealthstore.com\/de\/?s={search_term_string}"},"query-input":{"@type":"PropertyValueSpecification","valueRequired":true,"valueName":"search_term_string"}}],"inLanguage":"de"},{"@type":"Organization","@id":"https:\/\/dutchhealthstore.com\/de\/#organization","name":"Dutch Health Store","url":"https:\/\/dutchhealthstore.com\/de\/","logo":{"@type":"ImageObject","inLanguage":"de","@id":"https:\/\/dutchhealthstore.com\/de\/#\/schema\/logo\/image\/","url":"https:\/\/dutchhealthstore.com\/wp-content\/uploads\/2020\/08\/logo-dutchhealthstore-jpg-e1599484957574.jpg","contentUrl":"https:\/\/dutchhealthstore.com\/wp-content\/uploads\/2020\/08\/logo-dutchhealthstore-jpg-e1599484957574.jpg","width":400,"height":62,"caption":"Dutch Health Store"},"image":{"@id":"https:\/\/dutchhealthstore.com\/de\/#\/schema\/logo\/image\/"},"sameAs":["https:\/\/www.instagram.com\/dutchhealthstore\/","https:\/\/www.facebook.com\/dutchhealthstore"]}]},"product_brand":"Living Libations","product_price_amount":"60.00","product_price_currency":"EUR","og_availability":"instock","product_availability":"instock","product_condition":"new"},"_links":{"self":[{"href":"https:\/\/dutchhealthstore.com\/de\/wp-json\/wp\/v2\/product\/210823","targetHints":{"allow":["GET"]}}],"collection":[{"href":"https:\/\/dutchhealthstore.com\/de\/wp-json\/wp\/v2\/product"}],"about":[{"href":"https:\/\/dutchhealthstore.com\/de\/wp-json\/wp\/v2\/types\/product"}],"replies":[{"embeddable":true,"href":"https:\/\/dutchhealthstore.com\/de\/wp-json\/wp\/v2\/comments?post=210823"}],"wp:featuredmedia":[{"embeddable":true,"href":"https:\/\/dutchhealthstore.com\/de\/wp-json\/wp\/v2\/media\/205991"}],"wp:attachment":[{"href":"https:\/\/dutchhealthstore.com\/de\/wp-json\/wp\/v2\/media?parent=210823"}],"wp:term":[{"taxonomy":"product_brand","embeddable":true,"href":"https:\/\/dutchhealthstore.com\/de\/wp-json\/wp\/v2\/product_brand?post=210823"},{"taxonomy":"product_cat","embeddable":true,"href":"https:\/\/dutchhealthstore.com\/de\/wp-json\/wp\/v2\/product_cat?post=210823"},{"taxonomy":"product_tag","embeddable":true,"href":"https:\/\/dutchhealthstore.com\/de\/wp-json\/wp\/v2\/product_tag?post=210823"}],"curies":[{"name":"wp","href":"https:\/\/api.w.org\/{rel}","templated":true}]}}