{"id":207394,"date":"2022-05-02T12:40:56","date_gmt":"2022-05-02T12:40:56","guid":{"rendered":"https:\/\/dutchhealthstore.com\/product\/i-create-shine\/"},"modified":"2024-07-11T15:13:04","modified_gmt":"2024-07-11T13:13:04","slug":"i-create-shine","status":"publish","type":"product","link":"https:\/\/dutchhealthstore.com\/de\/product\/i-create-shine\/","title":{"rendered":"I Create Shine"},"content":{"rendered":"<p><img decoding=\"async\" class=\"size-full wp-image-114767 alignright\" src=\"https:\/\/dutchhealthstore.com\/wp-content\/uploads\/2020\/07\/logo-1-e1595250748559.jpg\" alt=\"logo\" width=\"200\" height=\"63\">Dieses silikonfreie Glanz\u00f6l n\u00e4hrt, sch\u00fctzt und beleuchtet alle Haartypen und -strukturen. Die luxuri\u00f6se Formel mit einer leichten Mischung aus kaltgepressten Pflanzenextrakten zieht in Sekundenschnelle in die Haarstr\u00e4hnen ein und sorgt f\u00fcr Glanz unter der Haaroberfl\u00e4che. Gl\u00e4ttendes Macadamia- und Cranberrysamen\u00f6l versiegeln die gl\u00e4nzende Feuchtigkeit und verhindern Frizz, antioxidantienreiche Sonnenblumen- und Sesam\u00f6le sch\u00fctzen vor Sch\u00e4den, und die erdende Lotusblume hinterl\u00e4sst einen subtil beruhigenden Blumenduft.<\/p>\n<p><strong>Ideal f\u00fcr alle Haartypen und -texturen.<\/strong><\/p>\n<p><strong>Duftnote<\/strong>: Lotusblume<\/p>\n<h3><strong>Wie benutzt man <\/strong><\/h3>\n<p>Atmen Sie tief ein und konzentrieren Sie sich. 1-2 Tropfen des Serums in den Handfl\u00e4chen verteilen und in die mittleren L\u00e4ngen und Spitzen einarbeiten. Kann auf feuchtem oder trockenem Haar verwendet werden.<\/p>\n<h2><strong>Nat\u00fcrliche\/Bio-Zutaten <\/strong><\/h2>\n<h3><strong>Hauptzutaten <\/strong><\/h3>\n<p><strong>Cranberrysamen\u00f6l<\/strong> <strong>&#8211; <\/strong> reich an Antioxidantien, sch\u00fctzt Cranberrysamen\u00f6l vor sch\u00e4dlichen UV-Strahlen und anderen Umwelteinfl\u00fcssen und sorgt so f\u00fcr eine leuchtende Farbe und gesundes Haar.<\/p>\n<p><strong>Sonnenblumenkern\u00f6l<\/strong> <strong>&#8211; <\/strong>die perfekt ausgewogene Mischung aus Omega-Fetts\u00e4uren in Sonnenblumenkern\u00f6l spendet intensive Feuchtigkeit, f\u00f6rdert die Elastizit\u00e4t und verleiht der Haut einen luxuri\u00f6sen Glanz.<\/p>\n<p><strong>Macadamia-\u00d6l<\/strong> <strong>&#8211;<\/strong> ein federleichter Feuchtigkeitsspender, der eine unsichtbare Versiegelung der Str\u00e4hnen bewirkt, die Kr\u00e4uselungen gl\u00e4ttet und das Licht reflektiert, um eine maximale Ausstrahlung zu erzielen.<\/p>\n<p><strong>Sesam\u00f6l<\/strong> <strong>&#8211; <\/strong>dieses n\u00e4hrstoffreiche \u00d6l regeneriert, repariert und st\u00e4rkt die Str\u00e4hnen, beugt Haarbruch und Spliss vor und sorgt f\u00fcr mehr Elastizit\u00e4t und Sprungkraft.<\/p>\n<p>hydrogenated ethylhexyl olivate* (olive oil), ethyl macadamiate* (macadamia oil), sesamum indicum (sesame) seed oil*, cocos nucifera (coconut) oil*, hydrogenated olive oil unsaponifiable, vitis vinifera (grape) seed oil*, coco-caprylate, simmondsia chinensis (jojoba) seed oil*, triethyl citrate, persea gratissima (avocado) oil, fragrance**, helianthus annuus (sunflower) seed oil, vaccinium macrocarpon (cranberry) seed oil*, butyrospermum parkii (shea) butter*, tocopherol, malic acid<\/p>\n<h3 class=\"ingredient-list__group\">OFFENER DUFT<\/h3>\n<p>linalyl acetate, 2, 6-dimethyl-7-octen-2-ol, gamma decalactone, hexenyl acetate, delta decalactone, dimethyl heptenal, 3-hexenol, dimethyl anthranilate, gamma nonalactone, dodecahydro tetramethylnaphthofuran, mentha viridis (spearmint) leaf oil, octanal, methylbenzyl acetate, cis-2-methyl-4-propyl-1, 3-oxathiane<\/p>\n<div class=\"ingredient-list__specialty-text\">*Zertifiziert biologisch ** 100% nat\u00fcrlicher Duft<\/div>\n<div><strong>\u00dcBERPR\u00dcFEN SIE IMMER DIE PRODUKTVERPACKUNG AUF DIE AKTUELLE ZUTATENLISTE. <\/strong><\/div>\n<div><\/div>\n<div><strong>GR\u00d6SSE: 50 ML<\/strong><\/div>\n<div>\n<p><iframe title=\"HOW TO GET SHINY HAIR WITH CLEAN, NON-TOXIC INGREDIENTS\" width=\"1020\" height=\"574\" src=\"https:\/\/www.youtube.com\/embed\/EYfNk0EvE9I?feature=oembed\" frameborder=\"0\" allow=\"accelerometer; autoplay; clipboard-write; encrypted-media; gyroscope; picture-in-picture\" allowfullscreen><\/iframe><\/p>\n<\/div>\n<div><\/div>\n<div><\/div>\n","protected":false},"excerpt":{"rendered":"<p>Ein silikonfreier Glanzschutz, der Ihr gesundes, gl\u00e4nzendes Haar sch\u00fctzt und reflektiert.<\/p>\n","protected":false},"featured_media":320691,"comment_status":"open","ping_status":"closed","template":"","meta":[],"product_brand":[],"product_cat":[8580,8597,8568,1032,1210,511,8608],"product_tag":[6317,21833,10172],"class_list":{"0":"post-207394","1":"product","2":"type-product","3":"status-publish","4":"has-post-thumbnail","6":"product_cat-hair-de","7":"product_cat-hair-masks-serums-de","8":"product_cat-innersense-de","9":"product_cat-kategorien","10":"product_cat-marken","11":"product_cat-produkte","12":"product_cat-styling-de","13":"product_tag-glow-de","14":"product_tag-haarstyling-de","15":"product_tag-hair-de","16":"pa_brand-innersense-organic-beauty-de","17":"pa_haircare-productype-hair-oil-de","18":"pa_haircare-productype-styling-hair-de","19":"pa_size-50-ml-1-69-oz-de","21":"first","22":"instock","23":"taxable","24":"shipping-taxable","25":"purchasable","26":"product-type-simple"},"bundled_by":[],"bundle_stock_status":"instock","bundle_stock_quantity":2,"bundle_virtual":false,"bundle_layout":"","bundle_add_to_cart_form_location":"","bundle_editable_in_cart":false,"bundle_sold_individually_context":"","bundle_item_grouping":"","bundle_min_size":"","bundle_max_size":"","bundle_price":[],"bundled_items":[],"bundle_sell_ids":[341813],"atum_controlled":true,"out_stock_date":null,"out_stock_threshold":null,"inheritable":false,"stock_on_hold":0,"sold_today":0,"sales_last_days":0,"out_stock_days":0,"lost_sales":0,"update_date":"2026-05-01T00:14:35","atum_locations":[],"atum_stock_status":"instock","restock_status":false,"low_stock_amount":"","sales_update_date":"2026-05-01T00:14:35","calc_backorders":null,"group_of_quantity":0,"min_quantity":0,"max_quantity":"","exclude_order_quantity_value_rules":"no","exclude_category_quantity_rules":"no","combine_variations":"no","yoast_head":"<!-- This site is optimized with the Yoast SEO Premium plugin v26.5 (Yoast SEO v26.5) - https:\/\/yoast.com\/wordpress\/plugins\/seo\/ -->\n<title>I Create Shine - Innersense Beauty<\/title>\n<meta name=\"description\" content=\"Ein silikonfreier Glanzschutz, der Ihr gesundes, gl\u00e4nzendes Haar sch\u00fctzt und reflektiert.\" \/>\n<meta name=\"robots\" content=\"index, follow, max-snippet:-1, max-image-preview:large, max-video-preview:-1\" \/>\n<link rel=\"canonical\" href=\"https:\/\/dutchhealthstore.com\/de\/product\/i-create-shine\/\" \/>\n<meta property=\"og:locale\" content=\"de_DE\" \/>\n<meta property=\"og:type\" content=\"article\" \/>\n<meta property=\"og:title\" content=\"I Create Shine - Dutch Health Store\" \/>\n<meta property=\"og:description\" content=\"Ein silikonfreier Glanzschutz, der Ihr gesundes, gl\u00e4nzendes Haar sch\u00fctzt und reflektiert.\" \/>\n<meta property=\"og:url\" content=\"https:\/\/dutchhealthstore.com\/de\/product\/i-create-shine\/\" \/>\n<meta property=\"og:site_name\" content=\"Dutch Health Store\" \/>\n<meta property=\"article:publisher\" content=\"https:\/\/www.instagram.com\/dutchhealthstore\/\" \/>\n<meta property=\"article:modified_time\" content=\"2024-07-11T13:13:04+00:00\" \/>\n<meta property=\"og:image\" content=\"https:\/\/dutchhealthstore.com\/wp-content\/uploads\/2022\/05\/icreateshine.jpg\" \/>\n\t<meta property=\"og:image:width\" content=\"500\" \/>\n\t<meta property=\"og:image:height\" content=\"500\" \/>\n\t<meta property=\"og:image:type\" content=\"image\/jpeg\" \/>\n<meta name=\"twitter:card\" content=\"summary_large_image\" \/>\n<meta name=\"twitter:label1\" content=\"Preis\" \/>\n\t<meta name=\"twitter:data1\" content=\"&euro;50,00\" \/>\n\t<meta name=\"twitter:label2\" content=\"Verf\u00fcgbarkeit\" \/>\n\t<meta name=\"twitter:data2\" content=\"Auf Lager\" \/>\n<script type=\"application\/ld+json\" class=\"yoast-schema-graph\">{\"@context\":\"https:\/\/schema.org\",\"@graph\":[{\"@type\":\"WebPage\",\"@id\":\"https:\/\/dutchhealthstore.com\/de\/product\/i-create-shine\/\",\"url\":\"https:\/\/dutchhealthstore.com\/de\/product\/i-create-shine\/\",\"name\":\"I Create Shine - Innersense Beauty\",\"isPartOf\":{\"@id\":\"https:\/\/dutchhealthstore.com\/de\/#website\"},\"primaryImageOfPage\":{\"@id\":\"https:\/\/dutchhealthstore.com\/de\/product\/i-create-shine\/#primaryimage\"},\"image\":{\"@id\":\"https:\/\/dutchhealthstore.com\/de\/product\/i-create-shine\/#primaryimage\"},\"thumbnailUrl\":\"https:\/\/dutchhealthstore.com\/wp-content\/uploads\/2022\/05\/createshine.png\",\"datePublished\":\"2022-05-02T12:40:56+00:00\",\"dateModified\":\"2024-07-11T13:13:04+00:00\",\"description\":\"Ein silikonfreier Glanzschutz, der Ihr gesundes, gl\u00e4nzendes Haar sch\u00fctzt und reflektiert.\",\"breadcrumb\":{\"@id\":\"https:\/\/dutchhealthstore.com\/de\/product\/i-create-shine\/#breadcrumb\"},\"inLanguage\":\"de\",\"potentialAction\":[{\"@type\":\"ReadAction\",\"target\":[\"https:\/\/dutchhealthstore.com\/de\/product\/i-create-shine\/\"]}]},{\"@type\":\"ImageObject\",\"inLanguage\":\"de\",\"@id\":\"https:\/\/dutchhealthstore.com\/de\/product\/i-create-shine\/#primaryimage\",\"url\":\"https:\/\/dutchhealthstore.com\/wp-content\/uploads\/2022\/05\/createshine.png\",\"contentUrl\":\"https:\/\/dutchhealthstore.com\/wp-content\/uploads\/2022\/05\/createshine.png\",\"width\":530,\"height\":530},{\"@type\":\"BreadcrumbList\",\"@id\":\"https:\/\/dutchhealthstore.com\/de\/product\/i-create-shine\/#breadcrumb\",\"itemListElement\":[{\"@type\":\"ListItem\",\"position\":1,\"name\":\"Home\",\"item\":\"https:\/\/dutchhealthstore.com\/de\/\"},{\"@type\":\"ListItem\",\"position\":2,\"name\":\"Shop\",\"item\":\"https:\/\/dutchhealthstore.com\/de\/shop-2\/\"},{\"@type\":\"ListItem\",\"position\":3,\"name\":\"I Create Shine\"}]},{\"@type\":\"WebSite\",\"@id\":\"https:\/\/dutchhealthstore.com\/de\/#website\",\"url\":\"https:\/\/dutchhealthstore.com\/de\/\",\"name\":\"Dutch Health Store\",\"description\":\"Enhance Your Beauty with Organic &amp; Natural Skincare\",\"publisher\":{\"@id\":\"https:\/\/dutchhealthstore.com\/de\/#organization\"},\"potentialAction\":[{\"@type\":\"SearchAction\",\"target\":{\"@type\":\"EntryPoint\",\"urlTemplate\":\"https:\/\/dutchhealthstore.com\/de\/?s={search_term_string}\"},\"query-input\":{\"@type\":\"PropertyValueSpecification\",\"valueRequired\":true,\"valueName\":\"search_term_string\"}}],\"inLanguage\":\"de\"},{\"@type\":\"Organization\",\"@id\":\"https:\/\/dutchhealthstore.com\/de\/#organization\",\"name\":\"Dutch Health Store\",\"url\":\"https:\/\/dutchhealthstore.com\/de\/\",\"logo\":{\"@type\":\"ImageObject\",\"inLanguage\":\"de\",\"@id\":\"https:\/\/dutchhealthstore.com\/de\/#\/schema\/logo\/image\/\",\"url\":\"https:\/\/dutchhealthstore.com\/wp-content\/uploads\/2020\/08\/logo-dutchhealthstore-jpg-e1599484957574.jpg\",\"contentUrl\":\"https:\/\/dutchhealthstore.com\/wp-content\/uploads\/2020\/08\/logo-dutchhealthstore-jpg-e1599484957574.jpg\",\"width\":400,\"height\":62,\"caption\":\"Dutch Health Store\"},\"image\":{\"@id\":\"https:\/\/dutchhealthstore.com\/de\/#\/schema\/logo\/image\/\"},\"sameAs\":[\"https:\/\/www.instagram.com\/dutchhealthstore\/\",\"https:\/\/www.facebook.com\/dutchhealthstore\"]}]}<\/script>\n<meta property=\"product:brand\" content=\"Innersense Organic Beauty\" \/>\n<meta property=\"product:price:amount\" content=\"50.00\" \/>\n<meta property=\"product:price:currency\" content=\"EUR\" \/>\n<meta property=\"og:availability\" content=\"instock\" \/>\n<meta property=\"product:availability\" content=\"instock\" \/>\n<meta property=\"product:condition\" content=\"new\" \/>\n<!-- \/ Yoast SEO Premium plugin. -->","yoast_head_json":{"title":"I Create Shine - Innersense Beauty","description":"Ein silikonfreier Glanzschutz, der Ihr gesundes, gl\u00e4nzendes Haar sch\u00fctzt und reflektiert.","robots":{"index":"index","follow":"follow","max-snippet":"max-snippet:-1","max-image-preview":"max-image-preview:large","max-video-preview":"max-video-preview:-1"},"canonical":"https:\/\/dutchhealthstore.com\/de\/product\/i-create-shine\/","og_locale":"de_DE","og_type":"article","og_title":"I Create Shine - Dutch Health Store","og_description":"Ein silikonfreier Glanzschutz, der Ihr gesundes, gl\u00e4nzendes Haar sch\u00fctzt und reflektiert.","og_url":"https:\/\/dutchhealthstore.com\/de\/product\/i-create-shine\/","og_site_name":"Dutch Health Store","article_publisher":"https:\/\/www.instagram.com\/dutchhealthstore\/","article_modified_time":"2024-07-11T13:13:04+00:00","og_image":[{"width":500,"height":500,"url":"https:\/\/dutchhealthstore.com\/wp-content\/uploads\/2022\/05\/icreateshine.jpg","type":"image\/jpeg"}],"twitter_card":"summary_large_image","twitter_misc":{"Preis":"&euro;50,00","Verf\u00fcgbarkeit":"Auf Lager"},"schema":{"@context":"https:\/\/schema.org","@graph":[{"@type":"WebPage","@id":"https:\/\/dutchhealthstore.com\/de\/product\/i-create-shine\/","url":"https:\/\/dutchhealthstore.com\/de\/product\/i-create-shine\/","name":"I Create Shine - Innersense Beauty","isPartOf":{"@id":"https:\/\/dutchhealthstore.com\/de\/#website"},"primaryImageOfPage":{"@id":"https:\/\/dutchhealthstore.com\/de\/product\/i-create-shine\/#primaryimage"},"image":{"@id":"https:\/\/dutchhealthstore.com\/de\/product\/i-create-shine\/#primaryimage"},"thumbnailUrl":"https:\/\/dutchhealthstore.com\/wp-content\/uploads\/2022\/05\/createshine.png","datePublished":"2022-05-02T12:40:56+00:00","dateModified":"2024-07-11T13:13:04+00:00","description":"Ein silikonfreier Glanzschutz, der Ihr gesundes, gl\u00e4nzendes Haar sch\u00fctzt und reflektiert.","breadcrumb":{"@id":"https:\/\/dutchhealthstore.com\/de\/product\/i-create-shine\/#breadcrumb"},"inLanguage":"de","potentialAction":[{"@type":"ReadAction","target":["https:\/\/dutchhealthstore.com\/de\/product\/i-create-shine\/"]}]},{"@type":"ImageObject","inLanguage":"de","@id":"https:\/\/dutchhealthstore.com\/de\/product\/i-create-shine\/#primaryimage","url":"https:\/\/dutchhealthstore.com\/wp-content\/uploads\/2022\/05\/createshine.png","contentUrl":"https:\/\/dutchhealthstore.com\/wp-content\/uploads\/2022\/05\/createshine.png","width":530,"height":530},{"@type":"BreadcrumbList","@id":"https:\/\/dutchhealthstore.com\/de\/product\/i-create-shine\/#breadcrumb","itemListElement":[{"@type":"ListItem","position":1,"name":"Home","item":"https:\/\/dutchhealthstore.com\/de\/"},{"@type":"ListItem","position":2,"name":"Shop","item":"https:\/\/dutchhealthstore.com\/de\/shop-2\/"},{"@type":"ListItem","position":3,"name":"I Create Shine"}]},{"@type":"WebSite","@id":"https:\/\/dutchhealthstore.com\/de\/#website","url":"https:\/\/dutchhealthstore.com\/de\/","name":"Dutch Health Store","description":"Enhance Your Beauty with Organic &amp; Natural Skincare","publisher":{"@id":"https:\/\/dutchhealthstore.com\/de\/#organization"},"potentialAction":[{"@type":"SearchAction","target":{"@type":"EntryPoint","urlTemplate":"https:\/\/dutchhealthstore.com\/de\/?s={search_term_string}"},"query-input":{"@type":"PropertyValueSpecification","valueRequired":true,"valueName":"search_term_string"}}],"inLanguage":"de"},{"@type":"Organization","@id":"https:\/\/dutchhealthstore.com\/de\/#organization","name":"Dutch Health Store","url":"https:\/\/dutchhealthstore.com\/de\/","logo":{"@type":"ImageObject","inLanguage":"de","@id":"https:\/\/dutchhealthstore.com\/de\/#\/schema\/logo\/image\/","url":"https:\/\/dutchhealthstore.com\/wp-content\/uploads\/2020\/08\/logo-dutchhealthstore-jpg-e1599484957574.jpg","contentUrl":"https:\/\/dutchhealthstore.com\/wp-content\/uploads\/2020\/08\/logo-dutchhealthstore-jpg-e1599484957574.jpg","width":400,"height":62,"caption":"Dutch Health Store"},"image":{"@id":"https:\/\/dutchhealthstore.com\/de\/#\/schema\/logo\/image\/"},"sameAs":["https:\/\/www.instagram.com\/dutchhealthstore\/","https:\/\/www.facebook.com\/dutchhealthstore"]}]},"product_brand":"Innersense Organic Beauty","product_price_amount":"50.00","product_price_currency":"EUR","og_availability":"instock","product_availability":"instock","product_condition":"new"},"_links":{"self":[{"href":"https:\/\/dutchhealthstore.com\/de\/wp-json\/wp\/v2\/product\/207394","targetHints":{"allow":["GET"]}}],"collection":[{"href":"https:\/\/dutchhealthstore.com\/de\/wp-json\/wp\/v2\/product"}],"about":[{"href":"https:\/\/dutchhealthstore.com\/de\/wp-json\/wp\/v2\/types\/product"}],"replies":[{"embeddable":true,"href":"https:\/\/dutchhealthstore.com\/de\/wp-json\/wp\/v2\/comments?post=207394"}],"wp:featuredmedia":[{"embeddable":true,"href":"https:\/\/dutchhealthstore.com\/de\/wp-json\/wp\/v2\/media\/320691"}],"wp:attachment":[{"href":"https:\/\/dutchhealthstore.com\/de\/wp-json\/wp\/v2\/media?parent=207394"}],"wp:term":[{"taxonomy":"product_brand","embeddable":true,"href":"https:\/\/dutchhealthstore.com\/de\/wp-json\/wp\/v2\/product_brand?post=207394"},{"taxonomy":"product_cat","embeddable":true,"href":"https:\/\/dutchhealthstore.com\/de\/wp-json\/wp\/v2\/product_cat?post=207394"},{"taxonomy":"product_tag","embeddable":true,"href":"https:\/\/dutchhealthstore.com\/de\/wp-json\/wp\/v2\/product_tag?post=207394"}],"curies":[{"name":"wp","href":"https:\/\/api.w.org\/{rel}","templated":true}]}}