{"id":206478,"date":"2022-02-11T10:39:24","date_gmt":"2022-02-11T10:39:24","guid":{"rendered":"https:\/\/dutchhealthstore.com\/product\/orange-sweet-essential-oil\/"},"modified":"2026-03-23T10:29:59","modified_gmt":"2026-03-23T09:29:59","slug":"orange-sweet-essential-oil","status":"publish","type":"product","link":"https:\/\/dutchhealthstore.com\/de\/product\/orange-sweet-essential-oil\/","title":{"rendered":"Orange, Sweet Essential Oil"},"content":{"rendered":"<p><img decoding=\"async\" class=\"alignright\" src=\"https:\/\/dutchhealthstore.com\/wp-content\/uploads\/2019\/08\/NEW-Living-Libations-Logo.jpg\" alt=\"NEW - Living Libations - Logo\">Aus biologischem Anbau und kalt gepresst aus Tausenden von Schalen der reifen <em>Citrus sinensis<\/em> weckt das Aroma Erinnerungen an Sonnenschein und frisch gepressten Orangensaft. Ein Tropfen dieses ebenso vielseitigen wie s\u00fc\u00dfen \u00d6ls kann kulinarische Kreationen, Hautseren, stimmungsaufhellende Mischungen und Reinigungselixiere bereichern.<\/p>\n<p><b>Gr\u00f6\u00dfe: 5 ml<\/b><\/p>\n<p><strong>Botanischer Name:<\/strong> <em>Citrus sinensis<\/em><br \/>\n<strong>Botanische Familie:<\/strong> Rutaceae<br \/>\n<strong>Extraktionsverfahren:<\/strong> Kalt gepresst<br \/>\n<strong>Teil der Pflanze Destilliert:<\/strong> Schale<br \/>\n<strong>Herkunftsland:<\/strong> Italien<br \/>\n<strong>Anbaumethode:<\/strong> Bio<br \/>\n<strong>Zusammensetzung:<\/strong> 100% <em>Citrus sinensis<\/em><br \/>\n<strong>Konsistenz:<\/strong> D\u00fcnne Viskosit\u00e4t<br \/>\n<strong>Beschreibung des Duftes:<\/strong> Klassische s\u00fc\u00df-herbe Orange, wie eine frisch gesch\u00e4lte saftige Frucht.<br \/>\n<strong>Gut mischbar mit:<\/strong> Lavendel, Ysop, Inula, Douglasie, Weihrauch, Zypresse, Wacholder, Ylang, Vanille, Rose Otto, Jasmin, Spikenard, Rosmarin, Vetiver, Blauer Mahagoni, Majoran, Sandelholz, Bergamotte und Limette.<br \/>\n<strong>Bestandteile:<\/strong> 90% d-Limonen und 6% Linalool.<br \/>\n<strong>Verwendung:<\/strong> Verd\u00fcnnt f\u00fcr Massagen, Hautpflegemischungen und B\u00e4der verwenden. Wunderbare Erg\u00e4nzung zu Brustmassage\u00f6len (siehe <a title=\"Renegade Beauty\" href=\"https:\/\/int.livinglibations.com\/products\/renegade-beauty\" target=\"_blank\" rel=\"noopener\" aria-describedby=\"a11y-new-window-message\">Renegade Beauty<\/a>). Verd\u00fcnnen Sie dieses GRAS-\u00d6l mit Honig, Oliven- oder Kokosnuss\u00f6l f\u00fcr kulinarische Kreationen. Diffundieren, um die Stimmung zu heben. Verleiht den Hausputzmischungen einen sch\u00f6nen Schwung.<br \/>\n<strong>Kontraindikation:<\/strong> Nicht auf Haut verwenden, die direktem Sonnenlicht ausgesetzt ist. Zum Gebrauch verd\u00fcnnen.<\/p>\n<p>Reisende H\u00e4ndler aus Persien brachten um 100 v. Chr. Orangen in das R\u00f6mische Reich, und die Orangenb\u00e4ume fanden im warmen Mittelmeerklima S\u00fcdeuropas eine neue Heimat. Unsere S\u00fc\u00dforange wird in Sizilien biologisch angebaut, wo die \u00f6lhaltige Schale kalt gepresst wird, um die reinste, s\u00fc\u00dfeste Essenz zu gewinnen.<\/p>\n<p>Unser erhabenes Sweet Orange Essential Oil ist reich an lebendigem Limonen, das ein starker Radikalf\u00e4nger ist. Der hohe Gehalt an Limonen tr\u00e4gt auch zum lebendigen Duft des \u00d6ls bei, der die Haut erfrischt und aufhellt und m\u00fcrrische Gesichter zum L\u00e4cheln bringt. In Kombination mit S\u00fc\u00dfem Basilikum, S\u00fc\u00dfem Thymian, Rosmarin oder Blauem Rainfarn gl\u00e4nzt es als Serum f\u00fcr zu Akne neigende Haut.<\/p>\n<p>Dieses GRAS-zertifizierte \u00d6l kann tropfenweise in Ihre Lieblingsgerichte oder -s\u00fc\u00dfigkeiten gegeben werden und verleiht Haushaltsreinigungsmitteln einen Hauch von Glanz.<\/p>\n<div><em>&#8222;Das \u00e4therische \u00d6l der Orange ist s\u00fc\u00df, warm, sinnlich, strahlend und lebendig. Das \u00d6l ist wunderbar, wenn wir die Dinge zu ernst nehmen und das Lachen vergessen&#8230; es vermittelt W\u00e4rme, Gl\u00fcck und erfrischende Unbeschwertheit. Als Nerventonikum hilft das \u00d6l zu beruhigen, zu entspannen und zu regenerieren.&#8220;<\/em><\/div>\n<div>Susanne Fischer-Rizzi, <em>Complete Aromatherapy Handbook<\/em><\/div>\n<div>\n<p><strong>Wie lieben wir dich, Orangenbaum? Lassen Sie uns die M\u00f6glichkeiten aufz\u00e4hlen.<\/strong><\/p>\n<p>Unsere Herzen und Nasen sind erf\u00fcllt von Dankbarkeit f\u00fcr die vielen duftenden Gaben des gro\u00dfz\u00fcgigen Orangenbaums. Die hypnotisierende blumige Fantasie von Neroli wird durch Wasserdampfdestillation der duftenden wei\u00dfen Bl\u00fcten des Orangenbaums gewonnen, und das opulente Orangenbl\u00fcten-Absolue nutzt ein L\u00f6sungsmittel-Extraktionsverfahren f\u00fcr dieselben duftenden Bl\u00fcten, um eine reichhaltigere, dickere und z\u00e4hfl\u00fcssigere Essenz zu gewinnen, die in der Parf\u00fcmerie eine unglaubliche Best\u00e4ndigkeit aufweist. Das Twiggy-tangy Petitgrain-\u00d6l ist eine Wasserdampfdestillation der Bl\u00e4tter und St\u00e4ngel des Orangenbaums und ist perfekt geeignet, um die Sinne zu erfrischen, die Haut zu beleben und den Geist zu beleben. Kaltgepresste Orangenschalen setzen helles und sonniges Orange Essential Oil frei, das als frische, spritzige Note in Parf\u00fcms verwendet wird und fast immer als Kopfnote eingesetzt wird. Neroli Fleurs sur Petitgrain ist eine bezaubernde Co-Destillation von Neroli-Bl\u00fcten mit den Zweigen und Bl\u00e4ttern der Petitgrain, um einen bezaubernden, \u00e4u\u00dferst sinnlichen Duft zu schaffen.<\/p>\n<\/div>\n","protected":false},"excerpt":{"rendered":"<p>Sonniges Sweet Orange Essential Oil enth\u00e4lt stimmungsaufhellende Molek\u00fcle und starke pflanzliche Kr\u00e4fte, die die Haut deutlich verj\u00fcngen.<\/p>\n","protected":false},"featured_media":200023,"comment_status":"open","ping_status":"closed","template":"","meta":[],"product_brand":[],"product_cat":[1508,1546,6737,1032,1493,1210,511,6736],"product_tag":[1547],"class_list":{"0":"post-206478","1":"product","2":"type-product","3":"status-publish","4":"has-post-thumbnail","6":"product_cat-aetherische-oele-living-libations","7":"product_cat-essential-oils-living-libations-de","8":"product_cat-essential-oils-de-2","9":"product_cat-kategorien","10":"product_cat-living-libations-deutschland","11":"product_cat-marken","12":"product_cat-produkte","13":"product_cat-wellness-de","14":"product_tag-essential-oil-de","15":"pa_brand-livinglibations-de","16":"pa_essential-oils-product-type-essential-oils-de","17":"pa_size-5-ml-de","19":"first","20":"instock","21":"taxable","22":"shipping-taxable","23":"purchasable","24":"product-type-simple"},"bundled_by":[],"bundle_stock_status":"instock","bundle_stock_quantity":3,"bundle_virtual":false,"bundle_layout":"","bundle_add_to_cart_form_location":"","bundle_editable_in_cart":false,"bundle_sold_individually_context":"","bundle_item_grouping":"","bundle_min_size":"","bundle_max_size":"","bundle_price":[],"bundled_items":[],"bundle_sell_ids":[],"atum_controlled":true,"out_stock_date":null,"out_stock_threshold":null,"inheritable":false,"stock_on_hold":2,"sold_today":0,"sales_last_days":0,"out_stock_days":0,"lost_sales":0,"update_date":"2026-04-17T11:58:20","atum_locations":[],"atum_stock_status":"instock","restock_status":false,"low_stock_amount":"","sales_update_date":"2026-04-17T11:58:20","calc_backorders":null,"group_of_quantity":0,"min_quantity":0,"max_quantity":"","exclude_order_quantity_value_rules":"no","exclude_category_quantity_rules":"no","combine_variations":"no","yoast_head":"<!-- This site is optimized with the Yoast SEO Premium plugin v26.5 (Yoast SEO v26.5) - https:\/\/yoast.com\/wordpress\/plugins\/seo\/ -->\n<title>Orange, Sweet Essential Oil - Living Libations<\/title>\n<meta name=\"description\" content=\"Sonniges Sweet Orange Essential Oil enth\u00e4lt stimmungsaufhellende Molek\u00fcle und starke pflanzliche Kr\u00e4fte, die die Haut deutlich verj\u00fcngen.\" \/>\n<meta name=\"robots\" content=\"index, follow, max-snippet:-1, max-image-preview:large, max-video-preview:-1\" \/>\n<link rel=\"canonical\" href=\"https:\/\/dutchhealthstore.com\/de\/product\/orange-sweet-essential-oil\/\" \/>\n<meta property=\"og:locale\" content=\"de_DE\" \/>\n<meta property=\"og:type\" content=\"article\" \/>\n<meta property=\"og:title\" content=\"Orange, Sweet Essential Oil - Dutch Health Store\" \/>\n<meta property=\"og:description\" content=\"Sonniges Sweet Orange Essential Oil enth\u00e4lt stimmungsaufhellende Molek\u00fcle und starke pflanzliche Kr\u00e4fte, die die Haut deutlich verj\u00fcngen.\" \/>\n<meta property=\"og:url\" content=\"https:\/\/dutchhealthstore.com\/de\/product\/orange-sweet-essential-oil\/\" \/>\n<meta property=\"og:site_name\" content=\"Dutch Health Store\" \/>\n<meta property=\"article:publisher\" content=\"https:\/\/www.instagram.com\/dutchhealthstore\/\" \/>\n<meta property=\"article:modified_time\" content=\"2026-03-23T09:29:59+00:00\" \/>\n<meta property=\"og:image\" content=\"https:\/\/dutchhealthstore.com\/wp-content\/uploads\/2022\/02\/orange-sweet-essential-oil.jpg\" \/>\n\t<meta property=\"og:image:width\" content=\"500\" \/>\n\t<meta property=\"og:image:height\" content=\"500\" \/>\n\t<meta property=\"og:image:type\" content=\"image\/jpeg\" \/>\n<meta name=\"twitter:card\" content=\"summary_large_image\" \/>\n<meta name=\"twitter:label1\" content=\"Preis\" \/>\n\t<meta name=\"twitter:data1\" content=\"&euro;17,00\" \/>\n\t<meta name=\"twitter:label2\" content=\"Verf\u00fcgbarkeit\" \/>\n\t<meta name=\"twitter:data2\" content=\"Auf Lager\" \/>\n<script type=\"application\/ld+json\" class=\"yoast-schema-graph\">{\"@context\":\"https:\/\/schema.org\",\"@graph\":[{\"@type\":\"WebPage\",\"@id\":\"https:\/\/dutchhealthstore.com\/de\/product\/orange-sweet-essential-oil\/\",\"url\":\"https:\/\/dutchhealthstore.com\/de\/product\/orange-sweet-essential-oil\/\",\"name\":\"Orange, Sweet Essential Oil - Living Libations\",\"isPartOf\":{\"@id\":\"https:\/\/dutchhealthstore.com\/de\/#website\"},\"primaryImageOfPage\":{\"@id\":\"https:\/\/dutchhealthstore.com\/de\/product\/orange-sweet-essential-oil\/#primaryimage\"},\"image\":{\"@id\":\"https:\/\/dutchhealthstore.com\/de\/product\/orange-sweet-essential-oil\/#primaryimage\"},\"thumbnailUrl\":\"https:\/\/dutchhealthstore.com\/wp-content\/uploads\/2022\/02\/orange-sweet-essential-oil.jpg\",\"datePublished\":\"2022-02-11T10:39:24+00:00\",\"dateModified\":\"2026-03-23T09:29:59+00:00\",\"description\":\"Sonniges Sweet Orange Essential Oil enth\u00e4lt stimmungsaufhellende Molek\u00fcle und starke pflanzliche Kr\u00e4fte, die die Haut deutlich verj\u00fcngen.\",\"breadcrumb\":{\"@id\":\"https:\/\/dutchhealthstore.com\/de\/product\/orange-sweet-essential-oil\/#breadcrumb\"},\"inLanguage\":\"de\",\"potentialAction\":[{\"@type\":\"ReadAction\",\"target\":[\"https:\/\/dutchhealthstore.com\/de\/product\/orange-sweet-essential-oil\/\"]}]},{\"@type\":\"ImageObject\",\"inLanguage\":\"de\",\"@id\":\"https:\/\/dutchhealthstore.com\/de\/product\/orange-sweet-essential-oil\/#primaryimage\",\"url\":\"https:\/\/dutchhealthstore.com\/wp-content\/uploads\/2022\/02\/orange-sweet-essential-oil.jpg\",\"contentUrl\":\"https:\/\/dutchhealthstore.com\/wp-content\/uploads\/2022\/02\/orange-sweet-essential-oil.jpg\",\"width\":500,\"height\":500,\"caption\":\"orange sweet essential oil\"},{\"@type\":\"BreadcrumbList\",\"@id\":\"https:\/\/dutchhealthstore.com\/de\/product\/orange-sweet-essential-oil\/#breadcrumb\",\"itemListElement\":[{\"@type\":\"ListItem\",\"position\":1,\"name\":\"Home\",\"item\":\"https:\/\/dutchhealthstore.com\/de\/\"},{\"@type\":\"ListItem\",\"position\":2,\"name\":\"Shop\",\"item\":\"https:\/\/dutchhealthstore.com\/de\/shop-2\/\"},{\"@type\":\"ListItem\",\"position\":3,\"name\":\"Orange, Sweet Essential Oil\"}]},{\"@type\":\"WebSite\",\"@id\":\"https:\/\/dutchhealthstore.com\/de\/#website\",\"url\":\"https:\/\/dutchhealthstore.com\/de\/\",\"name\":\"Dutch Health Store\",\"description\":\"Enhance Your Beauty with Organic &amp; Natural Skincare\",\"publisher\":{\"@id\":\"https:\/\/dutchhealthstore.com\/de\/#organization\"},\"potentialAction\":[{\"@type\":\"SearchAction\",\"target\":{\"@type\":\"EntryPoint\",\"urlTemplate\":\"https:\/\/dutchhealthstore.com\/de\/?s={search_term_string}\"},\"query-input\":{\"@type\":\"PropertyValueSpecification\",\"valueRequired\":true,\"valueName\":\"search_term_string\"}}],\"inLanguage\":\"de\"},{\"@type\":\"Organization\",\"@id\":\"https:\/\/dutchhealthstore.com\/de\/#organization\",\"name\":\"Dutch Health Store\",\"url\":\"https:\/\/dutchhealthstore.com\/de\/\",\"logo\":{\"@type\":\"ImageObject\",\"inLanguage\":\"de\",\"@id\":\"https:\/\/dutchhealthstore.com\/de\/#\/schema\/logo\/image\/\",\"url\":\"https:\/\/dutchhealthstore.com\/wp-content\/uploads\/2020\/08\/logo-dutchhealthstore-jpg-e1599484957574.jpg\",\"contentUrl\":\"https:\/\/dutchhealthstore.com\/wp-content\/uploads\/2020\/08\/logo-dutchhealthstore-jpg-e1599484957574.jpg\",\"width\":400,\"height\":62,\"caption\":\"Dutch Health Store\"},\"image\":{\"@id\":\"https:\/\/dutchhealthstore.com\/de\/#\/schema\/logo\/image\/\"},\"sameAs\":[\"https:\/\/www.instagram.com\/dutchhealthstore\/\",\"https:\/\/www.facebook.com\/dutchhealthstore\"]}]}<\/script>\n<meta property=\"product:brand\" content=\"Living Libations\" \/>\n<meta property=\"product:price:amount\" content=\"17.00\" \/>\n<meta property=\"product:price:currency\" content=\"EUR\" \/>\n<meta property=\"og:availability\" content=\"instock\" \/>\n<meta property=\"product:availability\" content=\"instock\" \/>\n<meta property=\"product:condition\" content=\"new\" \/>\n<!-- \/ Yoast SEO Premium plugin. -->","yoast_head_json":{"title":"Orange, Sweet Essential Oil - Living Libations","description":"Sonniges Sweet Orange Essential Oil enth\u00e4lt stimmungsaufhellende Molek\u00fcle und starke pflanzliche Kr\u00e4fte, die die Haut deutlich verj\u00fcngen.","robots":{"index":"index","follow":"follow","max-snippet":"max-snippet:-1","max-image-preview":"max-image-preview:large","max-video-preview":"max-video-preview:-1"},"canonical":"https:\/\/dutchhealthstore.com\/de\/product\/orange-sweet-essential-oil\/","og_locale":"de_DE","og_type":"article","og_title":"Orange, Sweet Essential Oil - Dutch Health Store","og_description":"Sonniges Sweet Orange Essential Oil enth\u00e4lt stimmungsaufhellende Molek\u00fcle und starke pflanzliche Kr\u00e4fte, die die Haut deutlich verj\u00fcngen.","og_url":"https:\/\/dutchhealthstore.com\/de\/product\/orange-sweet-essential-oil\/","og_site_name":"Dutch Health Store","article_publisher":"https:\/\/www.instagram.com\/dutchhealthstore\/","article_modified_time":"2026-03-23T09:29:59+00:00","og_image":[{"width":500,"height":500,"url":"https:\/\/dutchhealthstore.com\/wp-content\/uploads\/2022\/02\/orange-sweet-essential-oil.jpg","type":"image\/jpeg"}],"twitter_card":"summary_large_image","twitter_misc":{"Preis":"&euro;17,00","Verf\u00fcgbarkeit":"Auf Lager"},"schema":{"@context":"https:\/\/schema.org","@graph":[{"@type":"WebPage","@id":"https:\/\/dutchhealthstore.com\/de\/product\/orange-sweet-essential-oil\/","url":"https:\/\/dutchhealthstore.com\/de\/product\/orange-sweet-essential-oil\/","name":"Orange, Sweet Essential Oil - Living Libations","isPartOf":{"@id":"https:\/\/dutchhealthstore.com\/de\/#website"},"primaryImageOfPage":{"@id":"https:\/\/dutchhealthstore.com\/de\/product\/orange-sweet-essential-oil\/#primaryimage"},"image":{"@id":"https:\/\/dutchhealthstore.com\/de\/product\/orange-sweet-essential-oil\/#primaryimage"},"thumbnailUrl":"https:\/\/dutchhealthstore.com\/wp-content\/uploads\/2022\/02\/orange-sweet-essential-oil.jpg","datePublished":"2022-02-11T10:39:24+00:00","dateModified":"2026-03-23T09:29:59+00:00","description":"Sonniges Sweet Orange Essential Oil enth\u00e4lt stimmungsaufhellende Molek\u00fcle und starke pflanzliche Kr\u00e4fte, die die Haut deutlich verj\u00fcngen.","breadcrumb":{"@id":"https:\/\/dutchhealthstore.com\/de\/product\/orange-sweet-essential-oil\/#breadcrumb"},"inLanguage":"de","potentialAction":[{"@type":"ReadAction","target":["https:\/\/dutchhealthstore.com\/de\/product\/orange-sweet-essential-oil\/"]}]},{"@type":"ImageObject","inLanguage":"de","@id":"https:\/\/dutchhealthstore.com\/de\/product\/orange-sweet-essential-oil\/#primaryimage","url":"https:\/\/dutchhealthstore.com\/wp-content\/uploads\/2022\/02\/orange-sweet-essential-oil.jpg","contentUrl":"https:\/\/dutchhealthstore.com\/wp-content\/uploads\/2022\/02\/orange-sweet-essential-oil.jpg","width":500,"height":500,"caption":"orange sweet essential oil"},{"@type":"BreadcrumbList","@id":"https:\/\/dutchhealthstore.com\/de\/product\/orange-sweet-essential-oil\/#breadcrumb","itemListElement":[{"@type":"ListItem","position":1,"name":"Home","item":"https:\/\/dutchhealthstore.com\/de\/"},{"@type":"ListItem","position":2,"name":"Shop","item":"https:\/\/dutchhealthstore.com\/de\/shop-2\/"},{"@type":"ListItem","position":3,"name":"Orange, Sweet Essential Oil"}]},{"@type":"WebSite","@id":"https:\/\/dutchhealthstore.com\/de\/#website","url":"https:\/\/dutchhealthstore.com\/de\/","name":"Dutch Health Store","description":"Enhance Your Beauty with Organic &amp; Natural Skincare","publisher":{"@id":"https:\/\/dutchhealthstore.com\/de\/#organization"},"potentialAction":[{"@type":"SearchAction","target":{"@type":"EntryPoint","urlTemplate":"https:\/\/dutchhealthstore.com\/de\/?s={search_term_string}"},"query-input":{"@type":"PropertyValueSpecification","valueRequired":true,"valueName":"search_term_string"}}],"inLanguage":"de"},{"@type":"Organization","@id":"https:\/\/dutchhealthstore.com\/de\/#organization","name":"Dutch Health Store","url":"https:\/\/dutchhealthstore.com\/de\/","logo":{"@type":"ImageObject","inLanguage":"de","@id":"https:\/\/dutchhealthstore.com\/de\/#\/schema\/logo\/image\/","url":"https:\/\/dutchhealthstore.com\/wp-content\/uploads\/2020\/08\/logo-dutchhealthstore-jpg-e1599484957574.jpg","contentUrl":"https:\/\/dutchhealthstore.com\/wp-content\/uploads\/2020\/08\/logo-dutchhealthstore-jpg-e1599484957574.jpg","width":400,"height":62,"caption":"Dutch Health Store"},"image":{"@id":"https:\/\/dutchhealthstore.com\/de\/#\/schema\/logo\/image\/"},"sameAs":["https:\/\/www.instagram.com\/dutchhealthstore\/","https:\/\/www.facebook.com\/dutchhealthstore"]}]},"product_brand":"Living Libations","product_price_amount":"17.00","product_price_currency":"EUR","og_availability":"instock","product_availability":"instock","product_condition":"new"},"_links":{"self":[{"href":"https:\/\/dutchhealthstore.com\/de\/wp-json\/wp\/v2\/product\/206478","targetHints":{"allow":["GET"]}}],"collection":[{"href":"https:\/\/dutchhealthstore.com\/de\/wp-json\/wp\/v2\/product"}],"about":[{"href":"https:\/\/dutchhealthstore.com\/de\/wp-json\/wp\/v2\/types\/product"}],"replies":[{"embeddable":true,"href":"https:\/\/dutchhealthstore.com\/de\/wp-json\/wp\/v2\/comments?post=206478"}],"wp:featuredmedia":[{"embeddable":true,"href":"https:\/\/dutchhealthstore.com\/de\/wp-json\/wp\/v2\/media\/200023"}],"wp:attachment":[{"href":"https:\/\/dutchhealthstore.com\/de\/wp-json\/wp\/v2\/media?parent=206478"}],"wp:term":[{"taxonomy":"product_brand","embeddable":true,"href":"https:\/\/dutchhealthstore.com\/de\/wp-json\/wp\/v2\/product_brand?post=206478"},{"taxonomy":"product_cat","embeddable":true,"href":"https:\/\/dutchhealthstore.com\/de\/wp-json\/wp\/v2\/product_cat?post=206478"},{"taxonomy":"product_tag","embeddable":true,"href":"https:\/\/dutchhealthstore.com\/de\/wp-json\/wp\/v2\/product_tag?post=206478"}],"curies":[{"name":"wp","href":"https:\/\/api.w.org\/{rel}","templated":true}]}}