{"id":204143,"date":"2022-03-04T08:04:28","date_gmt":"2022-03-04T07:04:28","guid":{"rendered":"https:\/\/dutchhealthstore.com\/product\/matico-essential-oil\/"},"modified":"2023-03-02T07:14:03","modified_gmt":"2023-03-02T07:14:03","slug":"matico-essential-oil","status":"publish","type":"product","link":"https:\/\/dutchhealthstore.com\/de\/product\/matico-essential-oil\/","title":{"rendered":"Matico Essential Oil"},"content":{"rendered":"<p><img decoding=\"async\" class=\"alignright\" src=\"https:\/\/dutchhealthstore.com\/wp-content\/uploads\/2019\/08\/NEW-Living-Libations-Logo.jpg\" alt=\"NEW - Living Libations - Logo\">Seine pflanzlich-biotischen Eigenschaften machen es zu einem wirksamen pflanzlichen Verband f\u00fcr Boo Boo, und wenn man es zu robusten Einreibe\u00f6len hinzuf\u00fcgt, lindert es leicht die Beschwerden.<\/p>\n<p>&nbsp;<\/p>\n<p><strong>Botanischer Name:<\/strong> <em>Piper elongatum<\/em><strong><br \/>\n<\/strong><strong>Botanische Familie:<\/strong><strong> <\/strong><em>Piperaceae<\/em><br \/>\n<strong>Extraktionsverfahren:<\/strong> Dampfdestilliert<br \/>\n<strong>Destillierter Teil der Pflanze:<\/strong> Bl\u00e4tter und bl\u00fchende Spitzen<br \/>\n<strong>Herkunftsland:<\/strong> Peru<br \/>\n<strong>Anbaumethode:<\/strong> Wild gesammelt<br \/>\n<strong>Zusammensetzung:<\/strong> 100% <em>Piper elongatum<\/em><br \/>\n<strong>Konsistenz:<\/strong> D\u00fcnn<br \/>\n<strong>Beschreibung des Duftes:<\/strong> Frisch, k\u00fchl und w\u00fcrzig. Helle, saubere Untert\u00f6ne von Eukalyptus, Minze und Pfeffer.<br \/>\n<strong>Gut mischbar mit:<\/strong> Zitrone, Sandelholz, Rosmarin, Orange, Zypresse, Wacholder, Ravensara, Schwarzfichte, Douglasie, Wei\u00dftanne, Salbei, Blue Mountain Sage, Kapkamille und Grapefruit.<br \/>\n<strong>Zusammensetzung:<\/strong> 45,9% Dillapiol<\/p>\n<p><strong>Anwendung:<\/strong> Beruhigender und anregender Inhaltsstoff des Brustbalsams. Sehr empfehlenswert in einer Salzpfeife und einem Aromadiffusor. Robuste Mischung von Einreibe\u00f6len f\u00fcr Massage und Trockenb\u00fcrsten. Perfekt zum Bedampfen der Nebenh\u00f6hlen. Reinigen in B\u00e4dern. Bel\u00fcftung f\u00fcr Flugreisen. Beruhigend und k\u00fchlend f\u00fcr gereizte Haut.<\/p>\n<p>Matico ist ein tropischer, immergr\u00fcner Pfefferstrauch, der im hohen Dschungel der Anden kr\u00e4ftig w\u00e4chst. Die gr\u00fcnen, stark duftenden, lanzenf\u00f6rmigen Bl\u00e4tter sind auf der Oberseite einzigartig gr\u00fcn und auf der Unterseite silbern, und wenn sie geb\u00fcrstet oder zerdr\u00fcckt werden, verstr\u00f6men sie ein Aroma, das an eine frische, k\u00fchle Bergbrise erinnert.<\/p>\n<p>Unser einzigartiges \u00e4therisches \u00d6l Matico wird aus den Bl\u00e4ttern und Bl\u00fcten destilliert, die von Hand von den wilden Str\u00e4uchern geerntet werden. Die nachhaltige j\u00e4hrliche Ernte und die Dampfdestillation schaffen Arbeitspl\u00e4tze in der Andengemeinschaft.<\/p>\n<p>Dieser botanisch-biotische Strauch wurde nach dem Soldaten Matico benannt, der seine Wirkung erstmals entdeckte, als er die Bl\u00e4tter zum Verbinden einer Verletzung verwendete, die schnell und ohne Beschwerden und R\u00f6tungen abheilte. Seitdem verwenden die Andenbewohner es in Kompressen und Umschl\u00e4gen, um gereizte und entz\u00fcndete Haut zu beruhigen. Das k\u00fchlende Gef\u00fchl des \u00d6ls macht es zu einer wohltuenden Erg\u00e4nzung von Massage\u00f6len und Saunas.<\/p>\n<p>Matico wird auch lokal zur Inhalation verwendet, um die Atmung zu erleichtern. Als Zusatz zu Dampfb\u00e4dern und Diffusoren oder direkt aus der Flasche geschn\u00fcffelt, kann die magische Bergessenz von Matico die Atemwege reinigen und die Atmung entspannen.<\/p>\n<p><strong>Gr\u00f6\u00dfe: 5 ml und 15 ml<\/strong><\/p>\n<p><em>&#8222;Das fast universelle Merkmal des Geruchs von Matico-Bl\u00e4ttern, unabh\u00e4ngig von ihrer Herkunft, ist ein starker, kampferartiger, pfefferartiger oder minzartiger Geruch mit einem ausgepr\u00e4gten holzigen Unterton.&#8220;<\/em> ~Steffen Arctander, <em>Parf\u00fcm- und Aromastoffe nat\u00fcrlichen Ursprungs<\/em><\/p>\n","protected":false},"excerpt":{"rendered":"<p>Beleben Sie Ihre Atemwege mit der Essenz der k\u00fchlen, sauberen Bergluft! Das Matico Essential Oil, einem Bergpfeffer aus den Anden, sorgt mit seiner schwungvollen Essenz f\u00fcr eine bessere Atmung und ein klareres Denken.<\/p>\n","protected":false},"featured_media":201974,"comment_status":"open","ping_status":"closed","template":"","meta":[],"product_brand":[],"product_cat":[1508,1546,6737,1032,1493,1210,511,6736],"product_tag":[1547],"class_list":{"0":"post-204143","1":"product","2":"type-product","3":"status-publish","4":"has-post-thumbnail","6":"product_cat-aetherische-oele-living-libations","7":"product_cat-essential-oils-living-libations-de","8":"product_cat-essential-oils-de-2","9":"product_cat-kategorien","10":"product_cat-living-libations-deutschland","11":"product_cat-marken","12":"product_cat-produkte","13":"product_cat-wellness-de","14":"product_tag-essential-oil-de","15":"pa_brand-livinglibations-de","16":"pa_size-5-ml-de","17":"pa_size-15-ml-de-2","19":"first","20":"instock","21":"taxable","22":"shipping-taxable","23":"purchasable","24":"product-type-variable"},"bundled_by":[],"bundle_stock_status":"instock","bundle_stock_quantity":null,"bundle_virtual":false,"bundle_layout":"","bundle_add_to_cart_form_location":"","bundle_editable_in_cart":false,"bundle_sold_individually_context":"","bundle_item_grouping":"","bundle_min_size":"","bundle_max_size":"","bundle_price":[],"bundled_items":[],"bundle_sell_ids":[],"atum_controlled":true,"out_stock_date":null,"out_stock_threshold":null,"inheritable":true,"stock_on_hold":0,"sold_today":0,"sales_last_days":0,"out_stock_days":0,"lost_sales":0,"update_date":"2026-04-08T01:47:05","atum_locations":[],"atum_stock_status":"instock","restock_status":false,"low_stock_amount":"","sales_update_date":"2026-04-08T01:47:05","calc_backorders":null,"group_of_quantity":0,"min_quantity":0,"max_quantity":"","exclude_order_quantity_value_rules":"no","exclude_category_quantity_rules":"no","combine_variations":"no","yoast_head":"<!-- This site is optimized with the Yoast SEO Premium plugin v26.5 (Yoast SEO v26.5) - https:\/\/yoast.com\/wordpress\/plugins\/seo\/ -->\n<title>Matico Essential Oil - Living Libations<\/title>\n<meta name=\"description\" content=\"Beleben Sie Ihre Atemwege mit der Essenz der k\u00fchlen, sauberen Bergluft! Das Matico Essential Oil, einem Bergpfeffer aus den Anden, sorgt mit seiner schwungvollen Essenz f\u00fcr eine bessere Atmung und ein klareres Denken.\" \/>\n<meta name=\"robots\" content=\"index, follow, max-snippet:-1, max-image-preview:large, max-video-preview:-1\" \/>\n<link rel=\"canonical\" href=\"https:\/\/dutchhealthstore.com\/de\/product\/matico-essential-oil\/\" \/>\n<meta property=\"og:locale\" content=\"de_DE\" \/>\n<meta property=\"og:type\" content=\"article\" \/>\n<meta property=\"og:title\" content=\"Matico Essential Oil - Dutch Health Store\" \/>\n<meta property=\"og:description\" content=\"Beleben Sie Ihre Atemwege mit der Essenz der k\u00fchlen, sauberen Bergluft! Das Matico Essential Oil, einem Bergpfeffer aus den Anden, sorgt mit seiner schwungvollen Essenz f\u00fcr eine bessere Atmung und ein klareres Denken.\" \/>\n<meta property=\"og:url\" content=\"https:\/\/dutchhealthstore.com\/de\/product\/matico-essential-oil\/\" \/>\n<meta property=\"og:site_name\" content=\"Dutch Health Store\" \/>\n<meta property=\"article:publisher\" content=\"https:\/\/www.instagram.com\/dutchhealthstore\/\" \/>\n<meta property=\"article:modified_time\" content=\"2023-03-02T07:14:03+00:00\" \/>\n<meta property=\"og:image\" content=\"https:\/\/dutchhealthstore.com\/wp-content\/uploads\/2022\/03\/matico-essential-oil-ll.jpg\" \/>\n\t<meta property=\"og:image:width\" content=\"500\" \/>\n\t<meta property=\"og:image:height\" content=\"500\" \/>\n\t<meta property=\"og:image:type\" content=\"image\/jpeg\" \/>\n<meta name=\"twitter:card\" content=\"summary_large_image\" \/>\n<meta name=\"twitter:label1\" content=\"Verf\u00fcgbarkeit\" \/>\n\t<meta name=\"twitter:data1\" content=\"Auf Lager\" \/>\n<script type=\"application\/ld+json\" class=\"yoast-schema-graph\">{\"@context\":\"https:\/\/schema.org\",\"@graph\":[{\"@type\":\"WebPage\",\"@id\":\"https:\/\/dutchhealthstore.com\/de\/product\/matico-essential-oil\/\",\"url\":\"https:\/\/dutchhealthstore.com\/de\/product\/matico-essential-oil\/\",\"name\":\"Matico Essential Oil - Living Libations\",\"isPartOf\":{\"@id\":\"https:\/\/dutchhealthstore.com\/de\/#website\"},\"primaryImageOfPage\":{\"@id\":\"https:\/\/dutchhealthstore.com\/de\/product\/matico-essential-oil\/#primaryimage\"},\"image\":{\"@id\":\"https:\/\/dutchhealthstore.com\/de\/product\/matico-essential-oil\/#primaryimage\"},\"thumbnailUrl\":\"https:\/\/dutchhealthstore.com\/wp-content\/uploads\/2022\/03\/matico-essential-oil-ll.jpg\",\"datePublished\":\"2022-03-04T07:04:28+00:00\",\"dateModified\":\"2023-03-02T07:14:03+00:00\",\"description\":\"Beleben Sie Ihre Atemwege mit der Essenz der k\u00fchlen, sauberen Bergluft! Das Matico Essential Oil, einem Bergpfeffer aus den Anden, sorgt mit seiner schwungvollen Essenz f\u00fcr eine bessere Atmung und ein klareres Denken.\",\"breadcrumb\":{\"@id\":\"https:\/\/dutchhealthstore.com\/de\/product\/matico-essential-oil\/#breadcrumb\"},\"inLanguage\":\"de\",\"potentialAction\":[{\"@type\":\"ReadAction\",\"target\":[\"https:\/\/dutchhealthstore.com\/de\/product\/matico-essential-oil\/\"]}]},{\"@type\":\"ImageObject\",\"inLanguage\":\"de\",\"@id\":\"https:\/\/dutchhealthstore.com\/de\/product\/matico-essential-oil\/#primaryimage\",\"url\":\"https:\/\/dutchhealthstore.com\/wp-content\/uploads\/2022\/03\/matico-essential-oil-ll.jpg\",\"contentUrl\":\"https:\/\/dutchhealthstore.com\/wp-content\/uploads\/2022\/03\/matico-essential-oil-ll.jpg\",\"width\":500,\"height\":500,\"caption\":\"matico essential oil ll\"},{\"@type\":\"BreadcrumbList\",\"@id\":\"https:\/\/dutchhealthstore.com\/de\/product\/matico-essential-oil\/#breadcrumb\",\"itemListElement\":[{\"@type\":\"ListItem\",\"position\":1,\"name\":\"Home\",\"item\":\"https:\/\/dutchhealthstore.com\/de\/\"},{\"@type\":\"ListItem\",\"position\":2,\"name\":\"Shop\",\"item\":\"https:\/\/dutchhealthstore.com\/de\/shop-2\/\"},{\"@type\":\"ListItem\",\"position\":3,\"name\":\"Matico Essential Oil\"}]},{\"@type\":\"WebSite\",\"@id\":\"https:\/\/dutchhealthstore.com\/de\/#website\",\"url\":\"https:\/\/dutchhealthstore.com\/de\/\",\"name\":\"Dutch Health Store\",\"description\":\"Enhance Your Beauty with Organic &amp; Natural Skincare\",\"publisher\":{\"@id\":\"https:\/\/dutchhealthstore.com\/de\/#organization\"},\"potentialAction\":[{\"@type\":\"SearchAction\",\"target\":{\"@type\":\"EntryPoint\",\"urlTemplate\":\"https:\/\/dutchhealthstore.com\/de\/?s={search_term_string}\"},\"query-input\":{\"@type\":\"PropertyValueSpecification\",\"valueRequired\":true,\"valueName\":\"search_term_string\"}}],\"inLanguage\":\"de\"},{\"@type\":\"Organization\",\"@id\":\"https:\/\/dutchhealthstore.com\/de\/#organization\",\"name\":\"Dutch Health Store\",\"url\":\"https:\/\/dutchhealthstore.com\/de\/\",\"logo\":{\"@type\":\"ImageObject\",\"inLanguage\":\"de\",\"@id\":\"https:\/\/dutchhealthstore.com\/de\/#\/schema\/logo\/image\/\",\"url\":\"https:\/\/dutchhealthstore.com\/wp-content\/uploads\/2020\/08\/logo-dutchhealthstore-jpg-e1599484957574.jpg\",\"contentUrl\":\"https:\/\/dutchhealthstore.com\/wp-content\/uploads\/2020\/08\/logo-dutchhealthstore-jpg-e1599484957574.jpg\",\"width\":400,\"height\":62,\"caption\":\"Dutch Health Store\"},\"image\":{\"@id\":\"https:\/\/dutchhealthstore.com\/de\/#\/schema\/logo\/image\/\"},\"sameAs\":[\"https:\/\/www.instagram.com\/dutchhealthstore\/\",\"https:\/\/www.facebook.com\/dutchhealthstore\"]}]}<\/script>\n<meta property=\"product:brand\" content=\"Living Libations\" \/>\n<meta property=\"og:availability\" content=\"instock\" \/>\n<meta property=\"product:availability\" content=\"instock\" \/>\n<meta property=\"product:condition\" content=\"new\" \/>\n<!-- \/ Yoast SEO Premium plugin. -->","yoast_head_json":{"title":"Matico Essential Oil - Living Libations","description":"Beleben Sie Ihre Atemwege mit der Essenz der k\u00fchlen, sauberen Bergluft! Das Matico Essential Oil, einem Bergpfeffer aus den Anden, sorgt mit seiner schwungvollen Essenz f\u00fcr eine bessere Atmung und ein klareres Denken.","robots":{"index":"index","follow":"follow","max-snippet":"max-snippet:-1","max-image-preview":"max-image-preview:large","max-video-preview":"max-video-preview:-1"},"canonical":"https:\/\/dutchhealthstore.com\/de\/product\/matico-essential-oil\/","og_locale":"de_DE","og_type":"article","og_title":"Matico Essential Oil - Dutch Health Store","og_description":"Beleben Sie Ihre Atemwege mit der Essenz der k\u00fchlen, sauberen Bergluft! Das Matico Essential Oil, einem Bergpfeffer aus den Anden, sorgt mit seiner schwungvollen Essenz f\u00fcr eine bessere Atmung und ein klareres Denken.","og_url":"https:\/\/dutchhealthstore.com\/de\/product\/matico-essential-oil\/","og_site_name":"Dutch Health Store","article_publisher":"https:\/\/www.instagram.com\/dutchhealthstore\/","article_modified_time":"2023-03-02T07:14:03+00:00","og_image":[{"width":500,"height":500,"url":"https:\/\/dutchhealthstore.com\/wp-content\/uploads\/2022\/03\/matico-essential-oil-ll.jpg","type":"image\/jpeg"}],"twitter_card":"summary_large_image","twitter_misc":{"Verf\u00fcgbarkeit":"Auf Lager"},"schema":{"@context":"https:\/\/schema.org","@graph":[{"@type":"WebPage","@id":"https:\/\/dutchhealthstore.com\/de\/product\/matico-essential-oil\/","url":"https:\/\/dutchhealthstore.com\/de\/product\/matico-essential-oil\/","name":"Matico Essential Oil - Living Libations","isPartOf":{"@id":"https:\/\/dutchhealthstore.com\/de\/#website"},"primaryImageOfPage":{"@id":"https:\/\/dutchhealthstore.com\/de\/product\/matico-essential-oil\/#primaryimage"},"image":{"@id":"https:\/\/dutchhealthstore.com\/de\/product\/matico-essential-oil\/#primaryimage"},"thumbnailUrl":"https:\/\/dutchhealthstore.com\/wp-content\/uploads\/2022\/03\/matico-essential-oil-ll.jpg","datePublished":"2022-03-04T07:04:28+00:00","dateModified":"2023-03-02T07:14:03+00:00","description":"Beleben Sie Ihre Atemwege mit der Essenz der k\u00fchlen, sauberen Bergluft! Das Matico Essential Oil, einem Bergpfeffer aus den Anden, sorgt mit seiner schwungvollen Essenz f\u00fcr eine bessere Atmung und ein klareres Denken.","breadcrumb":{"@id":"https:\/\/dutchhealthstore.com\/de\/product\/matico-essential-oil\/#breadcrumb"},"inLanguage":"de","potentialAction":[{"@type":"ReadAction","target":["https:\/\/dutchhealthstore.com\/de\/product\/matico-essential-oil\/"]}]},{"@type":"ImageObject","inLanguage":"de","@id":"https:\/\/dutchhealthstore.com\/de\/product\/matico-essential-oil\/#primaryimage","url":"https:\/\/dutchhealthstore.com\/wp-content\/uploads\/2022\/03\/matico-essential-oil-ll.jpg","contentUrl":"https:\/\/dutchhealthstore.com\/wp-content\/uploads\/2022\/03\/matico-essential-oil-ll.jpg","width":500,"height":500,"caption":"matico essential oil ll"},{"@type":"BreadcrumbList","@id":"https:\/\/dutchhealthstore.com\/de\/product\/matico-essential-oil\/#breadcrumb","itemListElement":[{"@type":"ListItem","position":1,"name":"Home","item":"https:\/\/dutchhealthstore.com\/de\/"},{"@type":"ListItem","position":2,"name":"Shop","item":"https:\/\/dutchhealthstore.com\/de\/shop-2\/"},{"@type":"ListItem","position":3,"name":"Matico Essential Oil"}]},{"@type":"WebSite","@id":"https:\/\/dutchhealthstore.com\/de\/#website","url":"https:\/\/dutchhealthstore.com\/de\/","name":"Dutch Health Store","description":"Enhance Your Beauty with Organic &amp; Natural Skincare","publisher":{"@id":"https:\/\/dutchhealthstore.com\/de\/#organization"},"potentialAction":[{"@type":"SearchAction","target":{"@type":"EntryPoint","urlTemplate":"https:\/\/dutchhealthstore.com\/de\/?s={search_term_string}"},"query-input":{"@type":"PropertyValueSpecification","valueRequired":true,"valueName":"search_term_string"}}],"inLanguage":"de"},{"@type":"Organization","@id":"https:\/\/dutchhealthstore.com\/de\/#organization","name":"Dutch Health Store","url":"https:\/\/dutchhealthstore.com\/de\/","logo":{"@type":"ImageObject","inLanguage":"de","@id":"https:\/\/dutchhealthstore.com\/de\/#\/schema\/logo\/image\/","url":"https:\/\/dutchhealthstore.com\/wp-content\/uploads\/2020\/08\/logo-dutchhealthstore-jpg-e1599484957574.jpg","contentUrl":"https:\/\/dutchhealthstore.com\/wp-content\/uploads\/2020\/08\/logo-dutchhealthstore-jpg-e1599484957574.jpg","width":400,"height":62,"caption":"Dutch Health Store"},"image":{"@id":"https:\/\/dutchhealthstore.com\/de\/#\/schema\/logo\/image\/"},"sameAs":["https:\/\/www.instagram.com\/dutchhealthstore\/","https:\/\/www.facebook.com\/dutchhealthstore"]}]},"product_brand":"Living Libations","og_availability":"instock","product_availability":"instock","product_condition":"new"},"_links":{"self":[{"href":"https:\/\/dutchhealthstore.com\/de\/wp-json\/wp\/v2\/product\/204143","targetHints":{"allow":["GET"]}}],"collection":[{"href":"https:\/\/dutchhealthstore.com\/de\/wp-json\/wp\/v2\/product"}],"about":[{"href":"https:\/\/dutchhealthstore.com\/de\/wp-json\/wp\/v2\/types\/product"}],"replies":[{"embeddable":true,"href":"https:\/\/dutchhealthstore.com\/de\/wp-json\/wp\/v2\/comments?post=204143"}],"wp:featuredmedia":[{"embeddable":true,"href":"https:\/\/dutchhealthstore.com\/de\/wp-json\/wp\/v2\/media\/201974"}],"wp:attachment":[{"href":"https:\/\/dutchhealthstore.com\/de\/wp-json\/wp\/v2\/media?parent=204143"}],"wp:term":[{"taxonomy":"product_brand","embeddable":true,"href":"https:\/\/dutchhealthstore.com\/de\/wp-json\/wp\/v2\/product_brand?post=204143"},{"taxonomy":"product_cat","embeddable":true,"href":"https:\/\/dutchhealthstore.com\/de\/wp-json\/wp\/v2\/product_cat?post=204143"},{"taxonomy":"product_tag","embeddable":true,"href":"https:\/\/dutchhealthstore.com\/de\/wp-json\/wp\/v2\/product_tag?post=204143"}],"curies":[{"name":"wp","href":"https:\/\/api.w.org\/{rel}","templated":true}]}}