{"id":204134,"date":"2022-03-29T10:28:25","date_gmt":"2022-03-29T08:28:25","guid":{"rendered":"https:\/\/dutchhealthstore.com\/product\/mint-mountain-essential-oil\/"},"modified":"2024-08-16T09:45:44","modified_gmt":"2024-08-16T07:45:44","slug":"mint-mountain-essential-oil","status":"publish","type":"product","link":"https:\/\/dutchhealthstore.com\/de\/product\/mint-mountain-essential-oil\/","title":{"rendered":"Mint, Mountain Essential Oil"},"content":{"rendered":"<p><img decoding=\"async\" class=\"alignright\" src=\"https:\/\/dutchhealthstore.com\/wp-content\/uploads\/2019\/08\/NEW-Living-Libations-Logo.jpg\" alt=\"NEW - Living Libations - Logo\">In unserem Mountain Mint Essential Oil. treffen warme Kr\u00e4uteraromen auf die Sch\u00e4rfe der Pfefferminze. Stellen Sie Tees her, um den Magen zu beruhigen, diffundieren Sie sie, um die Muse zu wecken, oder inhalieren Sie sie, um Sauerstoff zuzuf\u00fchren!<\/p>\n<p><strong>Botanischer Name<\/strong>: <em>Satureja boliviana<\/em><br \/>\n<strong>Botanische Familie:<\/strong> <em>Lamiaceae<\/em><br \/>\n<strong>Extraktionsverfahren:<\/strong> Dampfdestilliert<br \/>\n<strong>Teil der Pflanze Destilliert:<\/strong> Bl\u00e4tter<br \/>\n<strong>Herkunftsland:<\/strong> Peru<br \/>\n<strong>Anbaumethode:<\/strong> Hand geerntet<br \/>\n<strong>Zusammensetzung:<\/strong> 100% <em>Satureja boliviana<\/em><br \/>\n<strong>Konsistenz:<\/strong> D\u00fcnn<br \/>\n<strong>Beschreibung des Duftes:<\/strong> Erinnert an ein Kr\u00e4uterbouquet aus Thymian, Minze und Majoran, verwoben mit Elementen der Erde.<br \/>\n<strong>Gut mischbar mit:<\/strong> Pfefferminze, Majoran, Oregano, Bohnenkraut, Ysop, Fenchel, Anis, Koriander, Lavendel, Tannen, Zitrusfr\u00fcchte, Rose, Geranie und Myrte.<\/p>\n<p><strong>Verwendung:<\/strong> Verteilen oder in Salzleitungen verwenden. Zus\u00e4tzlich zu Saunen oder hei\u00dfen Duschen. Ein Tropfen in Tees und kulinarischen Kreationen hebt Kr\u00e4uteressenzen hervor und f\u00f6rdert die Verdauung.<\/p>\n<p>\u00c4hnlich wie das als Bohnenkraut bekannte Kraut ist die Mountain Mint ein niedrig wachsender Unterstrauch mit duftenden Bl\u00e4ttern und reichlich wei\u00dfen Bl\u00fcten. Die Bewohner der peruanischen Anden sammeln die Bl\u00e4tter, um daraus verdauungsf\u00f6rdernde Tees zu machen oder um sie zusammen mit Kakaobl\u00e4ttern zu kauen.<\/p>\n<p>Unser Mountain Mint Essential Oil duftet nach Thymian, Minze und Majoran, verwoben mit erdigen Elementen, und ist eine starke Pflanzenessenz. Ein Tropfen in einem Diffusor oder einem Salzrohr regt die Atmung an und befreit die ges\u00e4ttigten Nebenh\u00f6hlen. In Tees zugegeben, kann es den Magen beruhigen und die Nerven beruhigen.<\/p>\n<p><strong>Gr\u00f6\u00dfe: 5 ml und 15 ml<\/strong><\/p>\n","protected":false},"excerpt":{"rendered":"<p>In unserem Mountain Mint Essential Oil. treffen warme Kr\u00e4uteraromen auf die Sch\u00e4rfe der Pfefferminze. Stellen Sie Tees her, um den Magen zu beruhigen, diffundieren Sie sie, um die Muse zu wecken, oder inhalieren Sie sie, um Sauerstoff zuzuf\u00fchren!<\/p>\n","protected":false},"featured_media":201987,"comment_status":"open","ping_status":"closed","template":"","meta":[],"product_brand":[],"product_cat":[1508,1546,6737,1032,1493,1210,511,6736],"product_tag":[1547],"class_list":{"0":"post-204134","1":"product","2":"type-product","3":"status-publish","4":"has-post-thumbnail","6":"product_cat-aetherische-oele-living-libations","7":"product_cat-essential-oils-living-libations-de","8":"product_cat-essential-oils-de-2","9":"product_cat-kategorien","10":"product_cat-living-libations-deutschland","11":"product_cat-marken","12":"product_cat-produkte","13":"product_cat-wellness-de","14":"product_tag-essential-oil-de","15":"pa_brand-livinglibations-de","16":"pa_size-15-ml-de-2","17":"pa_size-5-ml-de","19":"first","20":"instock","21":"taxable","22":"shipping-taxable","23":"purchasable","24":"product-type-variable"},"bundled_by":[],"bundle_stock_status":"instock","bundle_stock_quantity":null,"bundle_virtual":false,"bundle_layout":"","bundle_add_to_cart_form_location":"","bundle_editable_in_cart":false,"bundle_sold_individually_context":"","bundle_item_grouping":"","bundle_min_size":"","bundle_max_size":"","bundle_price":[],"bundled_items":[],"bundle_sell_ids":[],"atum_controlled":true,"out_stock_date":null,"out_stock_threshold":null,"inheritable":true,"stock_on_hold":0,"sold_today":0,"sales_last_days":0,"out_stock_days":0,"lost_sales":0,"update_date":"2026-04-16T09:37:12","atum_locations":[],"atum_stock_status":"instock","restock_status":false,"low_stock_amount":"","sales_update_date":"2026-04-16T09:37:12","calc_backorders":null,"group_of_quantity":0,"min_quantity":0,"max_quantity":"","exclude_order_quantity_value_rules":"no","exclude_category_quantity_rules":"no","combine_variations":"no","yoast_head":"<!-- This site is optimized with the Yoast SEO Premium plugin v26.5 (Yoast SEO v26.5) - https:\/\/yoast.com\/wordpress\/plugins\/seo\/ -->\n<title>Mint, Mountain Essential Oil - Living Libations<\/title>\n<meta name=\"description\" content=\"In unserem Mountain Mint Essential Oil. treffen warme Kr\u00e4uteraromen auf die Sch\u00e4rfe der Pfefferminze. Stellen Sie Tees her, um den Magen zu beruhigen, diffundieren Sie sie, um die Muse zu wecken, oder inhalieren Sie sie, um Sauerstoff zuzuf\u00fchren!\" \/>\n<meta name=\"robots\" content=\"index, follow, max-snippet:-1, max-image-preview:large, max-video-preview:-1\" \/>\n<link rel=\"canonical\" href=\"https:\/\/dutchhealthstore.com\/de\/product\/mint-mountain-essential-oil\/\" \/>\n<meta property=\"og:locale\" content=\"de_DE\" \/>\n<meta property=\"og:type\" content=\"article\" \/>\n<meta property=\"og:title\" content=\"Mint, Mountain Essential Oil - Dutch Health Store\" \/>\n<meta property=\"og:description\" content=\"In unserem Mountain Mint Essential Oil. treffen warme Kr\u00e4uteraromen auf die Sch\u00e4rfe der Pfefferminze. Stellen Sie Tees her, um den Magen zu beruhigen, diffundieren Sie sie, um die Muse zu wecken, oder inhalieren Sie sie, um Sauerstoff zuzuf\u00fchren!\" \/>\n<meta property=\"og:url\" content=\"https:\/\/dutchhealthstore.com\/de\/product\/mint-mountain-essential-oil\/\" \/>\n<meta property=\"og:site_name\" content=\"Dutch Health Store\" \/>\n<meta property=\"article:publisher\" content=\"https:\/\/www.instagram.com\/dutchhealthstore\/\" \/>\n<meta property=\"article:modified_time\" content=\"2024-08-16T07:45:44+00:00\" \/>\n<meta property=\"og:image\" content=\"https:\/\/dutchhealthstore.com\/wp-content\/uploads\/2022\/03\/Mint-mountain-essential-oil-ll.jpg\" \/>\n\t<meta property=\"og:image:width\" content=\"500\" \/>\n\t<meta property=\"og:image:height\" content=\"500\" \/>\n\t<meta property=\"og:image:type\" content=\"image\/jpeg\" \/>\n<meta name=\"twitter:card\" content=\"summary_large_image\" \/>\n<meta name=\"twitter:label1\" content=\"Verf\u00fcgbarkeit\" \/>\n\t<meta name=\"twitter:data1\" content=\"Auf Lager\" \/>\n<script type=\"application\/ld+json\" class=\"yoast-schema-graph\">{\"@context\":\"https:\/\/schema.org\",\"@graph\":[{\"@type\":\"WebPage\",\"@id\":\"https:\/\/dutchhealthstore.com\/de\/product\/mint-mountain-essential-oil\/\",\"url\":\"https:\/\/dutchhealthstore.com\/de\/product\/mint-mountain-essential-oil\/\",\"name\":\"Mint, Mountain Essential Oil - Living Libations\",\"isPartOf\":{\"@id\":\"https:\/\/dutchhealthstore.com\/de\/#website\"},\"primaryImageOfPage\":{\"@id\":\"https:\/\/dutchhealthstore.com\/de\/product\/mint-mountain-essential-oil\/#primaryimage\"},\"image\":{\"@id\":\"https:\/\/dutchhealthstore.com\/de\/product\/mint-mountain-essential-oil\/#primaryimage\"},\"thumbnailUrl\":\"https:\/\/dutchhealthstore.com\/wp-content\/uploads\/2022\/03\/Mint-mountain-essential-oil-ll.jpg\",\"datePublished\":\"2022-03-29T08:28:25+00:00\",\"dateModified\":\"2024-08-16T07:45:44+00:00\",\"description\":\"In unserem Mountain Mint Essential Oil. treffen warme Kr\u00e4uteraromen auf die Sch\u00e4rfe der Pfefferminze. Stellen Sie Tees her, um den Magen zu beruhigen, diffundieren Sie sie, um die Muse zu wecken, oder inhalieren Sie sie, um Sauerstoff zuzuf\u00fchren!\",\"breadcrumb\":{\"@id\":\"https:\/\/dutchhealthstore.com\/de\/product\/mint-mountain-essential-oil\/#breadcrumb\"},\"inLanguage\":\"de\",\"potentialAction\":[{\"@type\":\"ReadAction\",\"target\":[\"https:\/\/dutchhealthstore.com\/de\/product\/mint-mountain-essential-oil\/\"]}]},{\"@type\":\"ImageObject\",\"inLanguage\":\"de\",\"@id\":\"https:\/\/dutchhealthstore.com\/de\/product\/mint-mountain-essential-oil\/#primaryimage\",\"url\":\"https:\/\/dutchhealthstore.com\/wp-content\/uploads\/2022\/03\/Mint-mountain-essential-oil-ll.jpg\",\"contentUrl\":\"https:\/\/dutchhealthstore.com\/wp-content\/uploads\/2022\/03\/Mint-mountain-essential-oil-ll.jpg\",\"width\":500,\"height\":500,\"caption\":\"Mint mountain essential oil ll\"},{\"@type\":\"BreadcrumbList\",\"@id\":\"https:\/\/dutchhealthstore.com\/de\/product\/mint-mountain-essential-oil\/#breadcrumb\",\"itemListElement\":[{\"@type\":\"ListItem\",\"position\":1,\"name\":\"Home\",\"item\":\"https:\/\/dutchhealthstore.com\/de\/\"},{\"@type\":\"ListItem\",\"position\":2,\"name\":\"Shop\",\"item\":\"https:\/\/dutchhealthstore.com\/de\/shop-2\/\"},{\"@type\":\"ListItem\",\"position\":3,\"name\":\"Mint, Mountain Essential Oil\"}]},{\"@type\":\"WebSite\",\"@id\":\"https:\/\/dutchhealthstore.com\/de\/#website\",\"url\":\"https:\/\/dutchhealthstore.com\/de\/\",\"name\":\"Dutch Health Store\",\"description\":\"Enhance Your Beauty with Organic &amp; Natural Skincare\",\"publisher\":{\"@id\":\"https:\/\/dutchhealthstore.com\/de\/#organization\"},\"potentialAction\":[{\"@type\":\"SearchAction\",\"target\":{\"@type\":\"EntryPoint\",\"urlTemplate\":\"https:\/\/dutchhealthstore.com\/de\/?s={search_term_string}\"},\"query-input\":{\"@type\":\"PropertyValueSpecification\",\"valueRequired\":true,\"valueName\":\"search_term_string\"}}],\"inLanguage\":\"de\"},{\"@type\":\"Organization\",\"@id\":\"https:\/\/dutchhealthstore.com\/de\/#organization\",\"name\":\"Dutch Health Store\",\"url\":\"https:\/\/dutchhealthstore.com\/de\/\",\"logo\":{\"@type\":\"ImageObject\",\"inLanguage\":\"de\",\"@id\":\"https:\/\/dutchhealthstore.com\/de\/#\/schema\/logo\/image\/\",\"url\":\"https:\/\/dutchhealthstore.com\/wp-content\/uploads\/2020\/08\/logo-dutchhealthstore-jpg-e1599484957574.jpg\",\"contentUrl\":\"https:\/\/dutchhealthstore.com\/wp-content\/uploads\/2020\/08\/logo-dutchhealthstore-jpg-e1599484957574.jpg\",\"width\":400,\"height\":62,\"caption\":\"Dutch Health Store\"},\"image\":{\"@id\":\"https:\/\/dutchhealthstore.com\/de\/#\/schema\/logo\/image\/\"},\"sameAs\":[\"https:\/\/www.instagram.com\/dutchhealthstore\/\",\"https:\/\/www.facebook.com\/dutchhealthstore\"]}]}<\/script>\n<meta property=\"product:brand\" content=\"Living Libations\" \/>\n<meta property=\"og:availability\" content=\"instock\" \/>\n<meta property=\"product:availability\" content=\"instock\" \/>\n<meta property=\"product:condition\" content=\"new\" \/>\n<!-- \/ Yoast SEO Premium plugin. -->","yoast_head_json":{"title":"Mint, Mountain Essential Oil - Living Libations","description":"In unserem Mountain Mint Essential Oil. treffen warme Kr\u00e4uteraromen auf die Sch\u00e4rfe der Pfefferminze. Stellen Sie Tees her, um den Magen zu beruhigen, diffundieren Sie sie, um die Muse zu wecken, oder inhalieren Sie sie, um Sauerstoff zuzuf\u00fchren!","robots":{"index":"index","follow":"follow","max-snippet":"max-snippet:-1","max-image-preview":"max-image-preview:large","max-video-preview":"max-video-preview:-1"},"canonical":"https:\/\/dutchhealthstore.com\/de\/product\/mint-mountain-essential-oil\/","og_locale":"de_DE","og_type":"article","og_title":"Mint, Mountain Essential Oil - Dutch Health Store","og_description":"In unserem Mountain Mint Essential Oil. treffen warme Kr\u00e4uteraromen auf die Sch\u00e4rfe der Pfefferminze. Stellen Sie Tees her, um den Magen zu beruhigen, diffundieren Sie sie, um die Muse zu wecken, oder inhalieren Sie sie, um Sauerstoff zuzuf\u00fchren!","og_url":"https:\/\/dutchhealthstore.com\/de\/product\/mint-mountain-essential-oil\/","og_site_name":"Dutch Health Store","article_publisher":"https:\/\/www.instagram.com\/dutchhealthstore\/","article_modified_time":"2024-08-16T07:45:44+00:00","og_image":[{"width":500,"height":500,"url":"https:\/\/dutchhealthstore.com\/wp-content\/uploads\/2022\/03\/Mint-mountain-essential-oil-ll.jpg","type":"image\/jpeg"}],"twitter_card":"summary_large_image","twitter_misc":{"Verf\u00fcgbarkeit":"Auf Lager"},"schema":{"@context":"https:\/\/schema.org","@graph":[{"@type":"WebPage","@id":"https:\/\/dutchhealthstore.com\/de\/product\/mint-mountain-essential-oil\/","url":"https:\/\/dutchhealthstore.com\/de\/product\/mint-mountain-essential-oil\/","name":"Mint, Mountain Essential Oil - Living Libations","isPartOf":{"@id":"https:\/\/dutchhealthstore.com\/de\/#website"},"primaryImageOfPage":{"@id":"https:\/\/dutchhealthstore.com\/de\/product\/mint-mountain-essential-oil\/#primaryimage"},"image":{"@id":"https:\/\/dutchhealthstore.com\/de\/product\/mint-mountain-essential-oil\/#primaryimage"},"thumbnailUrl":"https:\/\/dutchhealthstore.com\/wp-content\/uploads\/2022\/03\/Mint-mountain-essential-oil-ll.jpg","datePublished":"2022-03-29T08:28:25+00:00","dateModified":"2024-08-16T07:45:44+00:00","description":"In unserem Mountain Mint Essential Oil. treffen warme Kr\u00e4uteraromen auf die Sch\u00e4rfe der Pfefferminze. Stellen Sie Tees her, um den Magen zu beruhigen, diffundieren Sie sie, um die Muse zu wecken, oder inhalieren Sie sie, um Sauerstoff zuzuf\u00fchren!","breadcrumb":{"@id":"https:\/\/dutchhealthstore.com\/de\/product\/mint-mountain-essential-oil\/#breadcrumb"},"inLanguage":"de","potentialAction":[{"@type":"ReadAction","target":["https:\/\/dutchhealthstore.com\/de\/product\/mint-mountain-essential-oil\/"]}]},{"@type":"ImageObject","inLanguage":"de","@id":"https:\/\/dutchhealthstore.com\/de\/product\/mint-mountain-essential-oil\/#primaryimage","url":"https:\/\/dutchhealthstore.com\/wp-content\/uploads\/2022\/03\/Mint-mountain-essential-oil-ll.jpg","contentUrl":"https:\/\/dutchhealthstore.com\/wp-content\/uploads\/2022\/03\/Mint-mountain-essential-oil-ll.jpg","width":500,"height":500,"caption":"Mint mountain essential oil ll"},{"@type":"BreadcrumbList","@id":"https:\/\/dutchhealthstore.com\/de\/product\/mint-mountain-essential-oil\/#breadcrumb","itemListElement":[{"@type":"ListItem","position":1,"name":"Home","item":"https:\/\/dutchhealthstore.com\/de\/"},{"@type":"ListItem","position":2,"name":"Shop","item":"https:\/\/dutchhealthstore.com\/de\/shop-2\/"},{"@type":"ListItem","position":3,"name":"Mint, Mountain Essential Oil"}]},{"@type":"WebSite","@id":"https:\/\/dutchhealthstore.com\/de\/#website","url":"https:\/\/dutchhealthstore.com\/de\/","name":"Dutch Health Store","description":"Enhance Your Beauty with Organic &amp; Natural Skincare","publisher":{"@id":"https:\/\/dutchhealthstore.com\/de\/#organization"},"potentialAction":[{"@type":"SearchAction","target":{"@type":"EntryPoint","urlTemplate":"https:\/\/dutchhealthstore.com\/de\/?s={search_term_string}"},"query-input":{"@type":"PropertyValueSpecification","valueRequired":true,"valueName":"search_term_string"}}],"inLanguage":"de"},{"@type":"Organization","@id":"https:\/\/dutchhealthstore.com\/de\/#organization","name":"Dutch Health Store","url":"https:\/\/dutchhealthstore.com\/de\/","logo":{"@type":"ImageObject","inLanguage":"de","@id":"https:\/\/dutchhealthstore.com\/de\/#\/schema\/logo\/image\/","url":"https:\/\/dutchhealthstore.com\/wp-content\/uploads\/2020\/08\/logo-dutchhealthstore-jpg-e1599484957574.jpg","contentUrl":"https:\/\/dutchhealthstore.com\/wp-content\/uploads\/2020\/08\/logo-dutchhealthstore-jpg-e1599484957574.jpg","width":400,"height":62,"caption":"Dutch Health Store"},"image":{"@id":"https:\/\/dutchhealthstore.com\/de\/#\/schema\/logo\/image\/"},"sameAs":["https:\/\/www.instagram.com\/dutchhealthstore\/","https:\/\/www.facebook.com\/dutchhealthstore"]}]},"product_brand":"Living Libations","og_availability":"instock","product_availability":"instock","product_condition":"new"},"_links":{"self":[{"href":"https:\/\/dutchhealthstore.com\/de\/wp-json\/wp\/v2\/product\/204134","targetHints":{"allow":["GET"]}}],"collection":[{"href":"https:\/\/dutchhealthstore.com\/de\/wp-json\/wp\/v2\/product"}],"about":[{"href":"https:\/\/dutchhealthstore.com\/de\/wp-json\/wp\/v2\/types\/product"}],"replies":[{"embeddable":true,"href":"https:\/\/dutchhealthstore.com\/de\/wp-json\/wp\/v2\/comments?post=204134"}],"wp:featuredmedia":[{"embeddable":true,"href":"https:\/\/dutchhealthstore.com\/de\/wp-json\/wp\/v2\/media\/201987"}],"wp:attachment":[{"href":"https:\/\/dutchhealthstore.com\/de\/wp-json\/wp\/v2\/media?parent=204134"}],"wp:term":[{"taxonomy":"product_brand","embeddable":true,"href":"https:\/\/dutchhealthstore.com\/de\/wp-json\/wp\/v2\/product_brand?post=204134"},{"taxonomy":"product_cat","embeddable":true,"href":"https:\/\/dutchhealthstore.com\/de\/wp-json\/wp\/v2\/product_cat?post=204134"},{"taxonomy":"product_tag","embeddable":true,"href":"https:\/\/dutchhealthstore.com\/de\/wp-json\/wp\/v2\/product_tag?post=204134"}],"curies":[{"name":"wp","href":"https:\/\/api.w.org\/{rel}","templated":true}]}}