{"id":201716,"date":"2022-03-01T11:10:44","date_gmt":"2022-03-01T11:29:20","guid":{"rendered":"https:\/\/dutchhealthstore.com\/product\/wild-geernteter-roher-kiefernpollen-mikropulver-mit-gebrochenen-zellen\/"},"modified":"2025-11-21T22:15:36","modified_gmt":"2025-11-21T21:15:36","slug":"wild-harvested-raw-pine-pollen-broken-cell-micro-powder","status":"publish","type":"product","link":"https:\/\/dutchhealthstore.com\/de\/product\/wild-harvested-raw-pine-pollen-broken-cell-micro-powder\/","title":{"rendered":"Wild Harvested Raw Pine Pollen &#8211; Broken Cell Micro-powder"},"content":{"rendered":"<p><img decoding=\"async\" class=\"alignright\" src=\"https:\/\/dutchhealthstore.com\/wp-content\/uploads\/2019\/05\/logo-navi-organics-5.jpg\" alt=\"logo navi organics 5\">Nur von ausgew\u00e4hlten Berg-Masson-Kiefern (Pinus massoniana) in einer H\u00f6he zwischen 1100 und 1500 Metern an bestimmten Tagen im Fr\u00fchling geerntet, um die hochwertige Potenz des Pollens sicherzustellen. Nach der Ernte wird ein Hochgeschwindigkeits-Luftstrom-Pulverisierungsprozess bei niedriger Temperatur verwendet, um etwa 99 % des Zellmaterials aufzubrechen, um die Bioverf\u00fcgbarkeit des Kiefernpollens zu erh\u00f6hen.<\/p>\n<p>Unser wild geernteter Kiefernpollen wird in den Bergen der Provinz Yunnan im S\u00fcdwesten Chinas gesammelt. Die Region selbst beherbergt einige der reichsten Pflanzenarten ganz Chinas, und ihre Bergregion, die an Tibet grenzt, ist ein besonders sauberes, nat\u00fcrliches Gebiet, weit weg von Industrie und Umweltverschmutzung.<\/p>\n<p>Jede Portion enth\u00e4lt \u00fcber 200 bioaktive Vitamine, Mineralien, Antioxidantien und andere Supern\u00e4hrstoffe, darunter die Vitamine A, B-Komplex, C, D2 und D3, E, \u00fcber 18 Aminos\u00e4uren, Zink, Magnesium, Enzyme und vieles mehr.<\/p>\n<p>Pine Pollen ist die m\u00e4nnliche Spore der Pinie und gilt als eines der st\u00e4rksten und st\u00e4rksten Kr\u00e4uter oder Lebensmittel, die heute erh\u00e4ltlich sind. Es wird seit Tausenden von Jahren verwendet und ist vor allem f\u00fcr seine Wirkung auf das Hormonsystem bekannt. Es wird oft von M\u00e4nnern und Frauen gleicherma\u00dfen verwendet, um das Hormonsystem auszugleichen und den K\u00f6rper zu verj\u00fcngen. Kiefernpollen haben eine harte Schale, die, wenn sie nicht gebrochen wird, die in Kiefernpollen enthaltenen N\u00e4hrstoffe f\u00fcr den K\u00f6rper nicht so leicht verf\u00fcgbar sind. Daher wird unser Kiefernpollen durch eine sporodermbrechende Technologie mit niedriger Temperatur und hohem Luftstrom verarbeitet, wodurch 99 % des Kiefernpollens mit gebrochenen Zellw\u00e4nden mit einer Gr\u00f6\u00dfe von etwa 1 bis 2 Mikrogramm zur\u00fcckbleibt und somit f\u00fcr Ihren K\u00f6rper bioverf\u00fcgbar ist.<\/p>\n<p>In China, wo Kiefernpollen schon seit Jahrtausenden verwendet werden, gilt er als eines der Sch\u00f6nheitst\u00e4rkungsmittel f\u00fcr Frauen. Ja, es kann auch auf der Haut verwendet werden. Mehrere seiner Verbindungen unterst\u00fctzen sowohl Elastin als auch Kollagen. Und innerlich eingenommen hilft es mit seiner gro\u00dfen Vielfalt an Mineralien, Vitaminen, Aminos\u00e4uren, Antioxidantien und vielem mehr, Ihre Gesundheit zu unterst\u00fctzen.<\/p>\n<h3><strong>Wie benutzt man <\/strong><\/h3>\n<p><strong>Regelm\u00e4\u00dfige Kiefernpollen-Dosierung<\/strong><\/p>\n<p>Eine normale Dosis Pinienpollenpulver betr\u00e4gt \u00bd bis 1 Teel\u00f6ffel zweimal t\u00e4glich und kann pur eingenommen oder in Wasser, Smoothies oder hei\u00dfe Getr\u00e4nke gemischt werden, sobald sie eine Trinktemperatur erreicht haben<\/p>\n<p>Pine Pollen kann auch \u00e4u\u00dferlich angewendet werden, um Hauterkrankungen aller Art erfolgreich zu behandeln. Es kann zu einer Creme verarbeitet werden, die direkt auf die Haut aufgetragen wird, wenn Ekzeme, Akne, Impetigo und Windelausschlag bek\u00e4mpft werden. Das Arginin in Kiefernpollen sorgt auch f\u00fcr die Verbesserung von Hautproblemen.<\/p>\n<p><strong>Gr\u00f6\u00dfere Kiefernpollen-Dosierung<\/strong><\/p>\n<p>In China, wo die Beziehung zu Pinienpollen eher wie ein Lebensmittel ist, betr\u00e4gt die orale Dosierung 5 bis 10 Gramm pro Tag.<\/p>\n<p>Die von der chinesischen Medizin empfohlenen massiven Dosen machen Sinn, wenn man die Menge der beteiligten N\u00e4hrstoffe sieht. Was das Testosteron betrifft, das durch den Magen-Darm-Trakt gelangt, so ist dies ein Problem, das am besten durch Tinkturen behoben wird. Tinkturen k\u00f6nnen jedoch nicht die Gesamtheit der dichten Nahrungsquelle vermitteln, die Pollen sind, so dass eine Kombination der beiden f\u00fcr M\u00e4nner, die in der Andropause (um das 40. Lebensjahr herum) und dar\u00fcber sind, von gro\u00dfem Vorteil ist. Jeder Essl\u00f6ffel hat etwa 3 Gramm, also w\u00fcrde diese Dosis etwa 1 \u00bd bis 3 Essl\u00f6ffel pro Tag betragen.<\/p>\n<p>Da Kiefernpollen auch mit Vitaminen, Mineralstoffen, Aminos\u00e4uren, Antioxidantien und vielem mehr angereichert ist, erg\u00e4nzen Sie bei der Einnahme gr\u00f6\u00dferer Dosen Ihre Ern\u00e4hrung erheblich, was auch viele andere Vorteile bieten kann.<\/p>\n<p><strong>Pine Pollen Tinktur Zubereitung:<\/strong><\/p>\n<p>Wir stellen uns regelm\u00e4\u00dfig eine Pinienpollen-Tinktur her aus:<br \/>\n&#8211; Na&#8217;vi pine pollen<br \/>\n&#8211; Na&#8217;vi-Brennnesselwurzelextrakt<br \/>\n&#8211; Bio-Cachaca aus Brasilien (Sie k\u00f6nnen hier jeden Alkohol verwenden, den Sie m\u00f6chten &#8230; etwa 40% Alkohol sind vorzuziehen)<\/p>\n<p>Wir f\u00fcllen ein Glas etwas mehr als halb voll mit Pinienpollen, f\u00fcgen dann den Alkohol hinzu und f\u00fcllen beides auf (um das Glas zu f\u00fcllen), um sicherzustellen, dass die Mischung dick ist, aber immer noch ger\u00fchrt werden kann. Wir lassen dies etwa einen Monat lang stehen und r\u00fchren \/ sch\u00fctteln gelegentlich.<\/p>\n<p>Sobald ein Monat vergangen ist, werden wir durch ein starkes Tuch oder einen Nussmilchbeutel passieren &#8211; es muss stark sein, da Sie fest dr\u00fccken m\u00f6chten, um so viel Fl\u00fcssigkeit wie m\u00f6glich aus der Mischung zu bekommen. Manchmal f\u00fcgen wir ein wenig Wasser hinzu, um die Extraktion zu erleichtern, wenn die Paste sehr dick ist.<\/p>\n<p>Sobald dies geschehen ist, f\u00fcgen wir das Brennnesselwurzelextrakt-Pulver hinzu und r\u00fchren es in die fl\u00fcssige Tinktur ein. Um Ihnen eine Vorstellung von den Verh\u00e4ltnissen zu geben, verwenden wir etwa 50 g unseres Na&#8217;vi-Brennnesselwurzelextraktpulvers im Verh\u00e4ltnis 10: 1 pro 1 kg verwendetem Kiefernpollenpulver.<\/p>\n<h3><strong>Gr\u00f6\u00dfe: 75 gr und 175 gr<\/strong><\/h3>\n<h3><strong>Nat\u00fcrliche\/Bio-Zutaten <\/strong><\/h3>\n<ul>\n<li>100 % reiner, wild geernteter Kiefernpollen mit gebrochenen Zellw\u00e4nden ( <span class=\"a-list-item\">Pinus Massoniana Lamm)<\/span><\/li>\n<\/ul>\n<p>Unbestrahlt<br \/>\nGeerntet in H\u00f6henlagen zwischen 1100-1500 Metern<\/p>\n<p>Keine zugesetzten F\u00fcll- oder Konservierungsstoffe<br \/>\nProdukt von China<\/p>\n","protected":false},"excerpt":{"rendered":"<p>Na&#8217;vi Pine Pollen ist ein wild geerntetes Superfood ohne Zusatz von Chemikalien oder Konservierungsmitteln.<\/p>\n","protected":false},"featured_media":201617,"comment_status":"open","ping_status":"closed","template":"","meta":[],"product_brand":[],"product_cat":[9694,6766,8473,1032,1210,4618,8472,8982,511,6747,4632,8789,6736],"product_tag":[21777,21605,21522,21521],"class_list":{"0":"post-201716","1":"product","2":"type-product","3":"status-publish","4":"has-post-thumbnail","6":"product_cat-berries-fruits-other-food-de-2","7":"product_cat-energy-vitality-de-2","8":"product_cat-health-de-2","9":"product_cat-kategorien","10":"product_cat-marken","11":"product_cat-navi-organics-de","12":"product_cat-nutrition-de","13":"product_cat-optimum-health-de-2","14":"product_cat-produkte","15":"product_cat-mood-de-2","16":"product_cat-superfoods-de-2","17":"product_cat-superfoods-herbals-de-2","18":"product_cat-wellness-de","19":"product_tag-bessere-erholung","20":"product_tag-energie-de","21":"product_tag-optimale-gesundheit","22":"product_tag-superfood-de","23":"pa_brand-naviorganics-de","24":"pa_gtin-7439657388378-de","25":"pa_health-productype-optimum-health-de","26":"pa_mood-energy-vitality-de","27":"pa_size-175-gr-de","28":"pa_size-75-g-de","29":"pa_superfoods-product-type-berries-fruit-other-food-de","31":"first","32":"instock","33":"taxable","34":"shipping-taxable","35":"purchasable","36":"product-type-variable"},"bundled_by":[],"bundle_stock_status":"instock","bundle_stock_quantity":null,"bundle_virtual":false,"bundle_layout":"","bundle_add_to_cart_form_location":"","bundle_editable_in_cart":false,"bundle_sold_individually_context":"","bundle_item_grouping":"","bundle_min_size":"","bundle_max_size":"","bundle_price":[],"bundled_items":[],"bundle_sell_ids":[],"atum_controlled":true,"out_stock_date":null,"out_stock_threshold":null,"inheritable":true,"stock_on_hold":0,"sold_today":0,"sales_last_days":0,"out_stock_days":0,"lost_sales":0,"update_date":"2026-04-09T01:48:42","atum_locations":[],"atum_stock_status":"instock","restock_status":false,"low_stock_amount":"","sales_update_date":"2026-04-09T01:48:42","calc_backorders":null,"group_of_quantity":0,"min_quantity":0,"max_quantity":"","exclude_order_quantity_value_rules":"no","exclude_category_quantity_rules":"no","combine_variations":"no","yoast_head":"<!-- This site is optimized with the Yoast SEO Premium plugin v26.5 (Yoast SEO v26.5) - https:\/\/yoast.com\/wordpress\/plugins\/seo\/ -->\n<title>Wild Harvested Raw Pine Pollen - Broken Cell Micro-powder - Na&#039;vi Organics<\/title>\n<meta name=\"description\" content=\"Na&#039;vi Pine Pollen ist ein wild geerntetes Superfood ohne Zusatz von Chemikalien oder Konservierungsmitteln.\" \/>\n<meta name=\"robots\" content=\"index, follow, max-snippet:-1, max-image-preview:large, max-video-preview:-1\" \/>\n<link rel=\"canonical\" href=\"https:\/\/dutchhealthstore.com\/de\/product\/wild-harvested-raw-pine-pollen-broken-cell-micro-powder\/\" \/>\n<meta property=\"og:locale\" content=\"de_DE\" \/>\n<meta property=\"og:type\" content=\"article\" \/>\n<meta property=\"og:title\" content=\"Wild Harvested Raw Pine Pollen - Broken Cell Micro-powder - Dutch Health Store\" \/>\n<meta property=\"og:description\" content=\"Na&#039;vi Pine Pollen ist ein wild geerntetes Superfood ohne Zusatz von Chemikalien oder Konservierungsmitteln.\" \/>\n<meta property=\"og:url\" content=\"https:\/\/dutchhealthstore.com\/de\/product\/wild-harvested-raw-pine-pollen-broken-cell-micro-powder\/\" \/>\n<meta property=\"og:site_name\" content=\"Dutch Health Store\" \/>\n<meta property=\"article:publisher\" content=\"https:\/\/www.instagram.com\/dutchhealthstore\/\" \/>\n<meta property=\"article:modified_time\" content=\"2025-11-21T21:15:36+00:00\" \/>\n<meta property=\"og:image\" content=\"https:\/\/dutchhealthstore.com\/wp-content\/uploads\/2022\/03\/navi-pine-pollen.jpg\" \/>\n\t<meta property=\"og:image:width\" content=\"500\" \/>\n\t<meta property=\"og:image:height\" content=\"500\" \/>\n\t<meta property=\"og:image:type\" content=\"image\/jpeg\" \/>\n<meta name=\"twitter:card\" content=\"summary_large_image\" \/>\n<meta name=\"twitter:label1\" content=\"Verf\u00fcgbarkeit\" \/>\n\t<meta name=\"twitter:data1\" content=\"Auf Lager\" \/>\n<script type=\"application\/ld+json\" class=\"yoast-schema-graph\">{\"@context\":\"https:\/\/schema.org\",\"@graph\":[{\"@type\":\"WebPage\",\"@id\":\"https:\/\/dutchhealthstore.com\/de\/product\/wild-harvested-raw-pine-pollen-broken-cell-micro-powder\/\",\"url\":\"https:\/\/dutchhealthstore.com\/de\/product\/wild-harvested-raw-pine-pollen-broken-cell-micro-powder\/\",\"name\":\"Wild Harvested Raw Pine Pollen - Broken Cell Micro-powder - Na'vi Organics\",\"isPartOf\":{\"@id\":\"https:\/\/dutchhealthstore.com\/de\/#website\"},\"primaryImageOfPage\":{\"@id\":\"https:\/\/dutchhealthstore.com\/de\/product\/wild-harvested-raw-pine-pollen-broken-cell-micro-powder\/#primaryimage\"},\"image\":{\"@id\":\"https:\/\/dutchhealthstore.com\/de\/product\/wild-harvested-raw-pine-pollen-broken-cell-micro-powder\/#primaryimage\"},\"thumbnailUrl\":\"https:\/\/dutchhealthstore.com\/wp-content\/uploads\/2022\/03\/navi-pine-pollen.jpg\",\"datePublished\":\"2022-03-01T11:29:20+00:00\",\"dateModified\":\"2025-11-21T21:15:36+00:00\",\"description\":\"Na'vi Pine Pollen ist ein wild geerntetes Superfood ohne Zusatz von Chemikalien oder Konservierungsmitteln.\",\"breadcrumb\":{\"@id\":\"https:\/\/dutchhealthstore.com\/de\/product\/wild-harvested-raw-pine-pollen-broken-cell-micro-powder\/#breadcrumb\"},\"inLanguage\":\"de\",\"potentialAction\":[{\"@type\":\"ReadAction\",\"target\":[\"https:\/\/dutchhealthstore.com\/de\/product\/wild-harvested-raw-pine-pollen-broken-cell-micro-powder\/\"]}]},{\"@type\":\"ImageObject\",\"inLanguage\":\"de\",\"@id\":\"https:\/\/dutchhealthstore.com\/de\/product\/wild-harvested-raw-pine-pollen-broken-cell-micro-powder\/#primaryimage\",\"url\":\"https:\/\/dutchhealthstore.com\/wp-content\/uploads\/2022\/03\/navi-pine-pollen.jpg\",\"contentUrl\":\"https:\/\/dutchhealthstore.com\/wp-content\/uploads\/2022\/03\/navi-pine-pollen.jpg\",\"width\":500,\"height\":500,\"caption\":\"Pollen der Navi-Kiefer\"},{\"@type\":\"BreadcrumbList\",\"@id\":\"https:\/\/dutchhealthstore.com\/de\/product\/wild-harvested-raw-pine-pollen-broken-cell-micro-powder\/#breadcrumb\",\"itemListElement\":[{\"@type\":\"ListItem\",\"position\":1,\"name\":\"Home\",\"item\":\"https:\/\/dutchhealthstore.com\/de\/\"},{\"@type\":\"ListItem\",\"position\":2,\"name\":\"Shop\",\"item\":\"https:\/\/dutchhealthstore.com\/de\/shop-2\/\"},{\"@type\":\"ListItem\",\"position\":3,\"name\":\"Wild Harvested Raw Pine Pollen &#8211; Broken Cell Micro-powder\"}]},{\"@type\":\"WebSite\",\"@id\":\"https:\/\/dutchhealthstore.com\/de\/#website\",\"url\":\"https:\/\/dutchhealthstore.com\/de\/\",\"name\":\"Dutch Health Store\",\"description\":\"Enhance Your Beauty with Organic &amp; Natural Skincare\",\"publisher\":{\"@id\":\"https:\/\/dutchhealthstore.com\/de\/#organization\"},\"potentialAction\":[{\"@type\":\"SearchAction\",\"target\":{\"@type\":\"EntryPoint\",\"urlTemplate\":\"https:\/\/dutchhealthstore.com\/de\/?s={search_term_string}\"},\"query-input\":{\"@type\":\"PropertyValueSpecification\",\"valueRequired\":true,\"valueName\":\"search_term_string\"}}],\"inLanguage\":\"de\"},{\"@type\":\"Organization\",\"@id\":\"https:\/\/dutchhealthstore.com\/de\/#organization\",\"name\":\"Dutch Health Store\",\"url\":\"https:\/\/dutchhealthstore.com\/de\/\",\"logo\":{\"@type\":\"ImageObject\",\"inLanguage\":\"de\",\"@id\":\"https:\/\/dutchhealthstore.com\/de\/#\/schema\/logo\/image\/\",\"url\":\"https:\/\/dutchhealthstore.com\/wp-content\/uploads\/2020\/08\/logo-dutchhealthstore-jpg-e1599484957574.jpg\",\"contentUrl\":\"https:\/\/dutchhealthstore.com\/wp-content\/uploads\/2020\/08\/logo-dutchhealthstore-jpg-e1599484957574.jpg\",\"width\":400,\"height\":62,\"caption\":\"Dutch Health Store\"},\"image\":{\"@id\":\"https:\/\/dutchhealthstore.com\/de\/#\/schema\/logo\/image\/\"},\"sameAs\":[\"https:\/\/www.instagram.com\/dutchhealthstore\/\",\"https:\/\/www.facebook.com\/dutchhealthstore\"]}]}<\/script>\n<meta property=\"product:brand\" content=\"Na\u00b4Vi Organics\" \/>\n<meta property=\"og:availability\" content=\"instock\" \/>\n<meta property=\"product:availability\" content=\"instock\" \/>\n<meta property=\"product:condition\" content=\"new\" \/>\n<!-- \/ Yoast SEO Premium plugin. -->","yoast_head_json":{"title":"Wild Harvested Raw Pine Pollen - Broken Cell Micro-powder - Na'vi Organics","description":"Na'vi Pine Pollen ist ein wild geerntetes Superfood ohne Zusatz von Chemikalien oder Konservierungsmitteln.","robots":{"index":"index","follow":"follow","max-snippet":"max-snippet:-1","max-image-preview":"max-image-preview:large","max-video-preview":"max-video-preview:-1"},"canonical":"https:\/\/dutchhealthstore.com\/de\/product\/wild-harvested-raw-pine-pollen-broken-cell-micro-powder\/","og_locale":"de_DE","og_type":"article","og_title":"Wild Harvested Raw Pine Pollen - Broken Cell Micro-powder - Dutch Health Store","og_description":"Na'vi Pine Pollen ist ein wild geerntetes Superfood ohne Zusatz von Chemikalien oder Konservierungsmitteln.","og_url":"https:\/\/dutchhealthstore.com\/de\/product\/wild-harvested-raw-pine-pollen-broken-cell-micro-powder\/","og_site_name":"Dutch Health Store","article_publisher":"https:\/\/www.instagram.com\/dutchhealthstore\/","article_modified_time":"2025-11-21T21:15:36+00:00","og_image":[{"width":500,"height":500,"url":"https:\/\/dutchhealthstore.com\/wp-content\/uploads\/2022\/03\/navi-pine-pollen.jpg","type":"image\/jpeg"}],"twitter_card":"summary_large_image","twitter_misc":{"Verf\u00fcgbarkeit":"Auf Lager"},"schema":{"@context":"https:\/\/schema.org","@graph":[{"@type":"WebPage","@id":"https:\/\/dutchhealthstore.com\/de\/product\/wild-harvested-raw-pine-pollen-broken-cell-micro-powder\/","url":"https:\/\/dutchhealthstore.com\/de\/product\/wild-harvested-raw-pine-pollen-broken-cell-micro-powder\/","name":"Wild Harvested Raw Pine Pollen - Broken Cell Micro-powder - Na'vi Organics","isPartOf":{"@id":"https:\/\/dutchhealthstore.com\/de\/#website"},"primaryImageOfPage":{"@id":"https:\/\/dutchhealthstore.com\/de\/product\/wild-harvested-raw-pine-pollen-broken-cell-micro-powder\/#primaryimage"},"image":{"@id":"https:\/\/dutchhealthstore.com\/de\/product\/wild-harvested-raw-pine-pollen-broken-cell-micro-powder\/#primaryimage"},"thumbnailUrl":"https:\/\/dutchhealthstore.com\/wp-content\/uploads\/2022\/03\/navi-pine-pollen.jpg","datePublished":"2022-03-01T11:29:20+00:00","dateModified":"2025-11-21T21:15:36+00:00","description":"Na'vi Pine Pollen ist ein wild geerntetes Superfood ohne Zusatz von Chemikalien oder Konservierungsmitteln.","breadcrumb":{"@id":"https:\/\/dutchhealthstore.com\/de\/product\/wild-harvested-raw-pine-pollen-broken-cell-micro-powder\/#breadcrumb"},"inLanguage":"de","potentialAction":[{"@type":"ReadAction","target":["https:\/\/dutchhealthstore.com\/de\/product\/wild-harvested-raw-pine-pollen-broken-cell-micro-powder\/"]}]},{"@type":"ImageObject","inLanguage":"de","@id":"https:\/\/dutchhealthstore.com\/de\/product\/wild-harvested-raw-pine-pollen-broken-cell-micro-powder\/#primaryimage","url":"https:\/\/dutchhealthstore.com\/wp-content\/uploads\/2022\/03\/navi-pine-pollen.jpg","contentUrl":"https:\/\/dutchhealthstore.com\/wp-content\/uploads\/2022\/03\/navi-pine-pollen.jpg","width":500,"height":500,"caption":"Pollen der Navi-Kiefer"},{"@type":"BreadcrumbList","@id":"https:\/\/dutchhealthstore.com\/de\/product\/wild-harvested-raw-pine-pollen-broken-cell-micro-powder\/#breadcrumb","itemListElement":[{"@type":"ListItem","position":1,"name":"Home","item":"https:\/\/dutchhealthstore.com\/de\/"},{"@type":"ListItem","position":2,"name":"Shop","item":"https:\/\/dutchhealthstore.com\/de\/shop-2\/"},{"@type":"ListItem","position":3,"name":"Wild Harvested Raw Pine Pollen &#8211; Broken Cell Micro-powder"}]},{"@type":"WebSite","@id":"https:\/\/dutchhealthstore.com\/de\/#website","url":"https:\/\/dutchhealthstore.com\/de\/","name":"Dutch Health Store","description":"Enhance Your Beauty with Organic &amp; Natural Skincare","publisher":{"@id":"https:\/\/dutchhealthstore.com\/de\/#organization"},"potentialAction":[{"@type":"SearchAction","target":{"@type":"EntryPoint","urlTemplate":"https:\/\/dutchhealthstore.com\/de\/?s={search_term_string}"},"query-input":{"@type":"PropertyValueSpecification","valueRequired":true,"valueName":"search_term_string"}}],"inLanguage":"de"},{"@type":"Organization","@id":"https:\/\/dutchhealthstore.com\/de\/#organization","name":"Dutch Health Store","url":"https:\/\/dutchhealthstore.com\/de\/","logo":{"@type":"ImageObject","inLanguage":"de","@id":"https:\/\/dutchhealthstore.com\/de\/#\/schema\/logo\/image\/","url":"https:\/\/dutchhealthstore.com\/wp-content\/uploads\/2020\/08\/logo-dutchhealthstore-jpg-e1599484957574.jpg","contentUrl":"https:\/\/dutchhealthstore.com\/wp-content\/uploads\/2020\/08\/logo-dutchhealthstore-jpg-e1599484957574.jpg","width":400,"height":62,"caption":"Dutch Health Store"},"image":{"@id":"https:\/\/dutchhealthstore.com\/de\/#\/schema\/logo\/image\/"},"sameAs":["https:\/\/www.instagram.com\/dutchhealthstore\/","https:\/\/www.facebook.com\/dutchhealthstore"]}]},"product_brand":"Na\u00b4Vi Organics","og_availability":"instock","product_availability":"instock","product_condition":"new"},"_links":{"self":[{"href":"https:\/\/dutchhealthstore.com\/de\/wp-json\/wp\/v2\/product\/201716","targetHints":{"allow":["GET"]}}],"collection":[{"href":"https:\/\/dutchhealthstore.com\/de\/wp-json\/wp\/v2\/product"}],"about":[{"href":"https:\/\/dutchhealthstore.com\/de\/wp-json\/wp\/v2\/types\/product"}],"replies":[{"embeddable":true,"href":"https:\/\/dutchhealthstore.com\/de\/wp-json\/wp\/v2\/comments?post=201716"}],"wp:featuredmedia":[{"embeddable":true,"href":"https:\/\/dutchhealthstore.com\/de\/wp-json\/wp\/v2\/media\/201617"}],"wp:attachment":[{"href":"https:\/\/dutchhealthstore.com\/de\/wp-json\/wp\/v2\/media?parent=201716"}],"wp:term":[{"taxonomy":"product_brand","embeddable":true,"href":"https:\/\/dutchhealthstore.com\/de\/wp-json\/wp\/v2\/product_brand?post=201716"},{"taxonomy":"product_cat","embeddable":true,"href":"https:\/\/dutchhealthstore.com\/de\/wp-json\/wp\/v2\/product_cat?post=201716"},{"taxonomy":"product_tag","embeddable":true,"href":"https:\/\/dutchhealthstore.com\/de\/wp-json\/wp\/v2\/product_tag?post=201716"}],"curies":[{"name":"wp","href":"https:\/\/api.w.org\/{rel}","templated":true}]}}