{"id":201701,"date":"2022-03-01T10:05:05","date_gmt":"2022-03-01T09:05:05","guid":{"rendered":"https:\/\/dutchhealthstore.com\/product\/elixir-supreme-potent-energetisierendes-und-staerkendes-tonic-elixir-superfood-mischung\/"},"modified":"2025-12-10T19:31:01","modified_gmt":"2025-12-10T18:31:01","slug":"elixir-supreme-potent-energising-fortifying-tonic-elixir-superfood-blend","status":"publish","type":"product","link":"https:\/\/dutchhealthstore.com\/de\/product\/elixir-supreme-potent-energising-fortifying-tonic-elixir-superfood-blend\/","title":{"rendered":"Elixir Supreme &#8211; Potent Energising &amp; Fortifying Tonic Elixir Superfood Blend"},"content":{"rendered":"<p><img decoding=\"async\" class=\"alignright\" src=\"https:\/\/dutchhealthstore.com\/wp-content\/uploads\/2019\/05\/logo-navi-organics-5.jpg\" alt=\"logo navi organics 5\">Dies war in den letzten Monaten unser morgendliches Getr\u00e4nk f\u00fcr Na&#8217;vi HQ. Wir haben so viel fantastisches Feedback von unseren Freunden und Besuchern erhalten, die es ausprobiert haben, dass wir es endlich in Massenproduktion haben, sodass wir es als Erg\u00e4nzung zu unserem Sortiment anbieten k\u00f6nnen.<\/p>\n<p>Eine kraftvolle, revitalisierende Mischung, hergestellt aus unseren sorgf\u00e4ltig gewonnenen Wild- und Bio-Superfood- und st\u00e4rkenden Kr\u00e4uterzutaten. Voller Mineralien, Vitamine, Aminos\u00e4uren und Antioxidantien.<\/p>\n<p>&nbsp;<\/p>\n<p>Am besten auf ziemlich n\u00fcchternen Magen. Wir lieben es zu jeder Tageszeit mit Apfelsaft gemischt f\u00fcr ein zutiefst verj\u00fcngendes und belebendes Getr\u00e4nk. Das Pulver l\u00f6st sich leicht in jeder Fl\u00fcssigkeit auf. Einfach sch\u00fctteln\/mischen und genie\u00dfen!<\/p>\n<p>Die Basis dieses Elixiers bilden unser wild geernteter Pinienpollen und sowohl das Kamut- als auch das Gerstengrassaftpulver, die mit zus\u00e4tzlichen Heilpilzextrakten erg\u00e4nzt wurden. Alle in dieser Mischung verwendeten Pilzextrakte werden nur aus den Fruchtk\u00f6rpern hergestellt, und wo es vorteilhaft ist, doppelte Extraktionen durchzuf\u00fchren, wurden diese auch durchgef\u00fchrt.<\/p>\n<p>Dieses gemischte Elixierpulver enth\u00e4lt eine Basis aus unserem n\u00e4hrstoffreichen, wild geernteten Kiefernpollen mit gebrochenen Zellw\u00e4nden und biologisch angebauten Grassaftpulvern, erg\u00e4nzt mit einer Reihe speziell ausgew\u00e4hlter st\u00e4rkender Kr\u00e4uterextrakte und Duanwood Reishi Sporen-Triterpenkristallen.<\/p>\n<h3><strong>Gr\u00f6\u00dfe: 350 gr<\/strong><\/h3>\n<h3>Nat\u00fcrliche\/Organische Inhaltsstoffe<\/h3>\n<ul>\n<li>Pine Pollen Broken Cell Powder*<\/li>\n<li>Barley Grass Juice Powder\u00ba<\/li>\n<li>Kamut Grass Juice Powder\u00ba<\/li>\n<\/ul>\n<p><strong>10:1 Purified hot water extractions of<\/strong><\/p>\n<ul>\n<li>Nettle Root*<\/li>\n<li>Schizandra Berry*<\/li>\n<li>Cordyceps Militaris Mushroom<\/li>\n<li>Lions Mane Mushroom**<\/li>\n<li>Maitake Mushroom**<\/li>\n<li>Turkey Tail Mushroom*<\/li>\n<li>Meshima Mushroom*<\/li>\n<li>Moringa Oleifera Leaf**<\/li>\n<li>Prepared He Shou Wu Root**<\/li>\n<\/ul>\n<p><strong>10:1 Dual Extractions using purified water and alcohol<\/strong><\/p>\n<ul>\n<li>Duanwood Reishi Mushroom**<\/li>\n<li>Chaga Mushroom*<\/li>\n<\/ul>\n<p><strong>Co2 Extraction<\/strong><\/p>\n<ul>\n<li>Duanwood Reishi Spore Triterpene Crystals**<\/li>\n<\/ul>\n<p>* Wild Harvested | ** Wild Cultivated | \u00ba Organic Certified<\/p>\n<p>Keine zugesetzten F\u00fcll- oder Konservierungsstoffe<\/p>\n<h3>Wie zu verwenden<\/h3>\n<p><strong>T\u00e4glicher Serviervorschlag:<\/strong><\/p>\n<p>Ein geh\u00e4ufter EL (10 &#8211; 15 g)<br \/>\nAm besten auf n\u00fcchternen Magen und schmeckt fantastisch gemischt mit Apfelsaft.<br \/>\nDas Pulver l\u00f6st sich leicht in jeder Fl\u00fcssigkeit auf.<br \/>\nEinfach sch\u00fctteln\/mischen und jederzeit f\u00fcr ein zutiefst verj\u00fcngendes und belebendes Getr\u00e4nk genie\u00dfen.<\/p>\n<p>&nbsp;<\/p>\n","protected":false},"excerpt":{"rendered":"<p>Wir freuen uns sehr, unsere erste Smoothie-Mischung anbieten zu k\u00f6nnen.<br \/>\nEine kraftvolle, revitalisierende Mischung, hergestellt aus unseren sorgf\u00e4ltig gewonnenen Wild- und Bio-Superfood- und st\u00e4rkenden Kr\u00e4uterzutaten. Voller Mineralien, Vitamine, Aminos\u00e4uren und Antioxidantien.<\/p>\n","protected":false},"featured_media":201628,"comment_status":"open","ping_status":"closed","template":"","meta":[],"product_brand":[],"product_cat":[6766,8473,1032,8983,1210,4618,8472,8982,511,6747,4632,8789,6736],"product_tag":[21777,21605,21522,21521,21794],"class_list":{"0":"post-201701","1":"product","2":"type-product","3":"status-publish","4":"has-post-thumbnail","6":"product_cat-energy-vitality-de-2","7":"product_cat-health-de-2","8":"product_cat-kategorien","9":"product_cat-herbal-blends-de-2","10":"product_cat-marken","11":"product_cat-navi-organics-de","12":"product_cat-nutrition-de","13":"product_cat-optimum-health-de-2","14":"product_cat-produkte","15":"product_cat-mood-de-2","16":"product_cat-superfoods-de-2","17":"product_cat-superfoods-herbals-de-2","18":"product_cat-wellness-de","19":"product_tag-bessere-erholung","20":"product_tag-energie-de","21":"product_tag-optimale-gesundheit","22":"product_tag-superfood-de","23":"product_tag-tonikum","24":"pa_brand-naviorganics-de","25":"pa_gtin-7439657388354-de","26":"pa_health-productype-optimum-health-de","27":"pa_herbals-product-type-krautermischungen","28":"pa_mood-energy-vitality-de","29":"pa_size-150-gr-de","31":"first","32":"outofstock","33":"taxable","34":"shipping-taxable","35":"purchasable","36":"product-type-simple"},"bundled_by":[],"bundle_stock_status":"outofstock","bundle_stock_quantity":0,"bundle_virtual":false,"bundle_layout":"","bundle_add_to_cart_form_location":"","bundle_editable_in_cart":false,"bundle_sold_individually_context":"","bundle_item_grouping":"","bundle_min_size":"","bundle_max_size":"","bundle_price":[],"bundled_items":[],"bundle_sell_ids":[],"atum_controlled":true,"out_stock_date":"2026-03-11 08:32:35","out_stock_threshold":null,"inheritable":false,"stock_on_hold":0,"sold_today":0,"sales_last_days":0,"out_stock_days":47,"lost_sales":0,"update_date":"2026-04-30T12:06:56","atum_locations":[],"atum_stock_status":"outofstock","restock_status":false,"low_stock_amount":"","sales_update_date":"2026-04-30T12:06:56","calc_backorders":null,"group_of_quantity":0,"min_quantity":0,"max_quantity":"","exclude_order_quantity_value_rules":"no","exclude_category_quantity_rules":"no","combine_variations":"no","yoast_head":"<!-- This site is optimized with the Yoast SEO Premium plugin v26.5 (Yoast SEO v26.5) - https:\/\/yoast.com\/wordpress\/plugins\/seo\/ -->\n<title>Elixir Supreme - Potent Energising &amp; Fortifying Tonic Elixir Superfood Blend - Na&#039;vi Organics<\/title>\n<meta name=\"description\" content=\"Wir freuen uns sehr, unsere erste Smoothie-Mischung anbieten zu k\u00f6nnen.\" \/>\n<meta name=\"robots\" content=\"index, follow, max-snippet:-1, max-image-preview:large, max-video-preview:-1\" \/>\n<link rel=\"canonical\" href=\"https:\/\/dutchhealthstore.com\/de\/product\/elixir-supreme-potent-energising-fortifying-tonic-elixir-superfood-blend\/\" \/>\n<meta property=\"og:locale\" content=\"de_DE\" \/>\n<meta property=\"og:type\" content=\"article\" \/>\n<meta property=\"og:title\" content=\"Elixir Supreme - Potent Energising &amp; Fortifying Tonic Elixir Superfood Blend - Dutch Health Store\" \/>\n<meta property=\"og:description\" content=\"Wir freuen uns sehr, unsere erste Smoothie-Mischung anbieten zu k\u00f6nnen.\" \/>\n<meta property=\"og:url\" content=\"https:\/\/dutchhealthstore.com\/de\/product\/elixir-supreme-potent-energising-fortifying-tonic-elixir-superfood-blend\/\" \/>\n<meta property=\"og:site_name\" content=\"Dutch Health Store\" \/>\n<meta property=\"article:publisher\" content=\"https:\/\/www.instagram.com\/dutchhealthstore\/\" \/>\n<meta property=\"article:modified_time\" content=\"2025-12-10T18:31:01+00:00\" \/>\n<meta property=\"og:image\" content=\"https:\/\/dutchhealthstore.com\/wp-content\/uploads\/2022\/03\/elixir-supreme.jpg\" \/>\n\t<meta property=\"og:image:width\" content=\"500\" \/>\n\t<meta property=\"og:image:height\" content=\"500\" \/>\n\t<meta property=\"og:image:type\" content=\"image\/jpeg\" \/>\n<meta name=\"twitter:card\" content=\"summary_large_image\" \/>\n<meta name=\"twitter:label1\" content=\"Preis\" \/>\n\t<meta name=\"twitter:data1\" content=\"&euro;40,00\" \/>\n\t<meta name=\"twitter:label2\" content=\"Verf\u00fcgbarkeit\" \/>\n\t<meta name=\"twitter:data2\" content=\"ausverkauft\" \/>\n<script type=\"application\/ld+json\" class=\"yoast-schema-graph\">{\"@context\":\"https:\/\/schema.org\",\"@graph\":[{\"@type\":\"WebPage\",\"@id\":\"https:\/\/dutchhealthstore.com\/de\/product\/elixir-supreme-potent-energising-fortifying-tonic-elixir-superfood-blend\/\",\"url\":\"https:\/\/dutchhealthstore.com\/de\/product\/elixir-supreme-potent-energising-fortifying-tonic-elixir-superfood-blend\/\",\"name\":\"Elixir Supreme - Potent Energising &amp; Fortifying Tonic Elixir Superfood Blend - Na'vi Organics\",\"isPartOf\":{\"@id\":\"https:\/\/dutchhealthstore.com\/de\/#website\"},\"primaryImageOfPage\":{\"@id\":\"https:\/\/dutchhealthstore.com\/de\/product\/elixir-supreme-potent-energising-fortifying-tonic-elixir-superfood-blend\/#primaryimage\"},\"image\":{\"@id\":\"https:\/\/dutchhealthstore.com\/de\/product\/elixir-supreme-potent-energising-fortifying-tonic-elixir-superfood-blend\/#primaryimage\"},\"thumbnailUrl\":\"https:\/\/dutchhealthstore.com\/wp-content\/uploads\/2022\/03\/elixir-supreme.jpg\",\"datePublished\":\"2022-03-01T09:05:05+00:00\",\"dateModified\":\"2025-12-10T18:31:01+00:00\",\"description\":\"Wir freuen uns sehr, unsere erste Smoothie-Mischung anbieten zu k\u00f6nnen.\",\"breadcrumb\":{\"@id\":\"https:\/\/dutchhealthstore.com\/de\/product\/elixir-supreme-potent-energising-fortifying-tonic-elixir-superfood-blend\/#breadcrumb\"},\"inLanguage\":\"de\",\"potentialAction\":[{\"@type\":\"ReadAction\",\"target\":[\"https:\/\/dutchhealthstore.com\/de\/product\/elixir-supreme-potent-energising-fortifying-tonic-elixir-superfood-blend\/\"]}]},{\"@type\":\"ImageObject\",\"inLanguage\":\"de\",\"@id\":\"https:\/\/dutchhealthstore.com\/de\/product\/elixir-supreme-potent-energising-fortifying-tonic-elixir-superfood-blend\/#primaryimage\",\"url\":\"https:\/\/dutchhealthstore.com\/wp-content\/uploads\/2022\/03\/elixir-supreme.jpg\",\"contentUrl\":\"https:\/\/dutchhealthstore.com\/wp-content\/uploads\/2022\/03\/elixir-supreme.jpg\",\"width\":500,\"height\":500,\"caption\":\"Elixier supreme\"},{\"@type\":\"BreadcrumbList\",\"@id\":\"https:\/\/dutchhealthstore.com\/de\/product\/elixir-supreme-potent-energising-fortifying-tonic-elixir-superfood-blend\/#breadcrumb\",\"itemListElement\":[{\"@type\":\"ListItem\",\"position\":1,\"name\":\"Home\",\"item\":\"https:\/\/dutchhealthstore.com\/de\/\"},{\"@type\":\"ListItem\",\"position\":2,\"name\":\"Shop\",\"item\":\"https:\/\/dutchhealthstore.com\/de\/shop-2\/\"},{\"@type\":\"ListItem\",\"position\":3,\"name\":\"Elixir Supreme &#8211; Potent Energising &amp; Fortifying Tonic Elixir Superfood Blend\"}]},{\"@type\":\"WebSite\",\"@id\":\"https:\/\/dutchhealthstore.com\/de\/#website\",\"url\":\"https:\/\/dutchhealthstore.com\/de\/\",\"name\":\"Dutch Health Store\",\"description\":\"Enhance Your Beauty with Organic &amp; Natural Skincare\",\"publisher\":{\"@id\":\"https:\/\/dutchhealthstore.com\/de\/#organization\"},\"potentialAction\":[{\"@type\":\"SearchAction\",\"target\":{\"@type\":\"EntryPoint\",\"urlTemplate\":\"https:\/\/dutchhealthstore.com\/de\/?s={search_term_string}\"},\"query-input\":{\"@type\":\"PropertyValueSpecification\",\"valueRequired\":true,\"valueName\":\"search_term_string\"}}],\"inLanguage\":\"de\"},{\"@type\":\"Organization\",\"@id\":\"https:\/\/dutchhealthstore.com\/de\/#organization\",\"name\":\"Dutch Health Store\",\"url\":\"https:\/\/dutchhealthstore.com\/de\/\",\"logo\":{\"@type\":\"ImageObject\",\"inLanguage\":\"de\",\"@id\":\"https:\/\/dutchhealthstore.com\/de\/#\/schema\/logo\/image\/\",\"url\":\"https:\/\/dutchhealthstore.com\/wp-content\/uploads\/2020\/08\/logo-dutchhealthstore-jpg-e1599484957574.jpg\",\"contentUrl\":\"https:\/\/dutchhealthstore.com\/wp-content\/uploads\/2020\/08\/logo-dutchhealthstore-jpg-e1599484957574.jpg\",\"width\":400,\"height\":62,\"caption\":\"Dutch Health Store\"},\"image\":{\"@id\":\"https:\/\/dutchhealthstore.com\/de\/#\/schema\/logo\/image\/\"},\"sameAs\":[\"https:\/\/www.instagram.com\/dutchhealthstore\/\",\"https:\/\/www.facebook.com\/dutchhealthstore\"]}]}<\/script>\n<meta property=\"product:brand\" content=\"Na\u00b4Vi Organics\" \/>\n<meta property=\"product:price:amount\" content=\"40.00\" \/>\n<meta property=\"product:price:currency\" content=\"EUR\" \/>\n<meta property=\"og:availability\" content=\"out of stock\" \/>\n<meta property=\"product:availability\" content=\"out of stock\" \/>\n<meta property=\"product:condition\" content=\"new\" \/>\n<!-- \/ Yoast SEO Premium plugin. -->","yoast_head_json":{"title":"Elixir Supreme - Potent Energising &amp; Fortifying Tonic Elixir Superfood Blend - Na'vi Organics","description":"Wir freuen uns sehr, unsere erste Smoothie-Mischung anbieten zu k\u00f6nnen.","robots":{"index":"index","follow":"follow","max-snippet":"max-snippet:-1","max-image-preview":"max-image-preview:large","max-video-preview":"max-video-preview:-1"},"canonical":"https:\/\/dutchhealthstore.com\/de\/product\/elixir-supreme-potent-energising-fortifying-tonic-elixir-superfood-blend\/","og_locale":"de_DE","og_type":"article","og_title":"Elixir Supreme - Potent Energising &amp; Fortifying Tonic Elixir Superfood Blend - Dutch Health Store","og_description":"Wir freuen uns sehr, unsere erste Smoothie-Mischung anbieten zu k\u00f6nnen.","og_url":"https:\/\/dutchhealthstore.com\/de\/product\/elixir-supreme-potent-energising-fortifying-tonic-elixir-superfood-blend\/","og_site_name":"Dutch Health Store","article_publisher":"https:\/\/www.instagram.com\/dutchhealthstore\/","article_modified_time":"2025-12-10T18:31:01+00:00","og_image":[{"width":500,"height":500,"url":"https:\/\/dutchhealthstore.com\/wp-content\/uploads\/2022\/03\/elixir-supreme.jpg","type":"image\/jpeg"}],"twitter_card":"summary_large_image","twitter_misc":{"Preis":"&euro;40,00","Verf\u00fcgbarkeit":"ausverkauft"},"schema":{"@context":"https:\/\/schema.org","@graph":[{"@type":"WebPage","@id":"https:\/\/dutchhealthstore.com\/de\/product\/elixir-supreme-potent-energising-fortifying-tonic-elixir-superfood-blend\/","url":"https:\/\/dutchhealthstore.com\/de\/product\/elixir-supreme-potent-energising-fortifying-tonic-elixir-superfood-blend\/","name":"Elixir Supreme - Potent Energising &amp; Fortifying Tonic Elixir Superfood Blend - Na'vi Organics","isPartOf":{"@id":"https:\/\/dutchhealthstore.com\/de\/#website"},"primaryImageOfPage":{"@id":"https:\/\/dutchhealthstore.com\/de\/product\/elixir-supreme-potent-energising-fortifying-tonic-elixir-superfood-blend\/#primaryimage"},"image":{"@id":"https:\/\/dutchhealthstore.com\/de\/product\/elixir-supreme-potent-energising-fortifying-tonic-elixir-superfood-blend\/#primaryimage"},"thumbnailUrl":"https:\/\/dutchhealthstore.com\/wp-content\/uploads\/2022\/03\/elixir-supreme.jpg","datePublished":"2022-03-01T09:05:05+00:00","dateModified":"2025-12-10T18:31:01+00:00","description":"Wir freuen uns sehr, unsere erste Smoothie-Mischung anbieten zu k\u00f6nnen.","breadcrumb":{"@id":"https:\/\/dutchhealthstore.com\/de\/product\/elixir-supreme-potent-energising-fortifying-tonic-elixir-superfood-blend\/#breadcrumb"},"inLanguage":"de","potentialAction":[{"@type":"ReadAction","target":["https:\/\/dutchhealthstore.com\/de\/product\/elixir-supreme-potent-energising-fortifying-tonic-elixir-superfood-blend\/"]}]},{"@type":"ImageObject","inLanguage":"de","@id":"https:\/\/dutchhealthstore.com\/de\/product\/elixir-supreme-potent-energising-fortifying-tonic-elixir-superfood-blend\/#primaryimage","url":"https:\/\/dutchhealthstore.com\/wp-content\/uploads\/2022\/03\/elixir-supreme.jpg","contentUrl":"https:\/\/dutchhealthstore.com\/wp-content\/uploads\/2022\/03\/elixir-supreme.jpg","width":500,"height":500,"caption":"Elixier supreme"},{"@type":"BreadcrumbList","@id":"https:\/\/dutchhealthstore.com\/de\/product\/elixir-supreme-potent-energising-fortifying-tonic-elixir-superfood-blend\/#breadcrumb","itemListElement":[{"@type":"ListItem","position":1,"name":"Home","item":"https:\/\/dutchhealthstore.com\/de\/"},{"@type":"ListItem","position":2,"name":"Shop","item":"https:\/\/dutchhealthstore.com\/de\/shop-2\/"},{"@type":"ListItem","position":3,"name":"Elixir Supreme &#8211; Potent Energising &amp; Fortifying Tonic Elixir Superfood Blend"}]},{"@type":"WebSite","@id":"https:\/\/dutchhealthstore.com\/de\/#website","url":"https:\/\/dutchhealthstore.com\/de\/","name":"Dutch Health Store","description":"Enhance Your Beauty with Organic &amp; Natural Skincare","publisher":{"@id":"https:\/\/dutchhealthstore.com\/de\/#organization"},"potentialAction":[{"@type":"SearchAction","target":{"@type":"EntryPoint","urlTemplate":"https:\/\/dutchhealthstore.com\/de\/?s={search_term_string}"},"query-input":{"@type":"PropertyValueSpecification","valueRequired":true,"valueName":"search_term_string"}}],"inLanguage":"de"},{"@type":"Organization","@id":"https:\/\/dutchhealthstore.com\/de\/#organization","name":"Dutch Health Store","url":"https:\/\/dutchhealthstore.com\/de\/","logo":{"@type":"ImageObject","inLanguage":"de","@id":"https:\/\/dutchhealthstore.com\/de\/#\/schema\/logo\/image\/","url":"https:\/\/dutchhealthstore.com\/wp-content\/uploads\/2020\/08\/logo-dutchhealthstore-jpg-e1599484957574.jpg","contentUrl":"https:\/\/dutchhealthstore.com\/wp-content\/uploads\/2020\/08\/logo-dutchhealthstore-jpg-e1599484957574.jpg","width":400,"height":62,"caption":"Dutch Health Store"},"image":{"@id":"https:\/\/dutchhealthstore.com\/de\/#\/schema\/logo\/image\/"},"sameAs":["https:\/\/www.instagram.com\/dutchhealthstore\/","https:\/\/www.facebook.com\/dutchhealthstore"]}]},"product_brand":"Na\u00b4Vi Organics","product_price_amount":"40.00","product_price_currency":"EUR","og_availability":"out of stock","product_availability":"out of stock","product_condition":"new"},"_links":{"self":[{"href":"https:\/\/dutchhealthstore.com\/de\/wp-json\/wp\/v2\/product\/201701","targetHints":{"allow":["GET"]}}],"collection":[{"href":"https:\/\/dutchhealthstore.com\/de\/wp-json\/wp\/v2\/product"}],"about":[{"href":"https:\/\/dutchhealthstore.com\/de\/wp-json\/wp\/v2\/types\/product"}],"replies":[{"embeddable":true,"href":"https:\/\/dutchhealthstore.com\/de\/wp-json\/wp\/v2\/comments?post=201701"}],"wp:featuredmedia":[{"embeddable":true,"href":"https:\/\/dutchhealthstore.com\/de\/wp-json\/wp\/v2\/media\/201628"}],"wp:attachment":[{"href":"https:\/\/dutchhealthstore.com\/de\/wp-json\/wp\/v2\/media?parent=201701"}],"wp:term":[{"taxonomy":"product_brand","embeddable":true,"href":"https:\/\/dutchhealthstore.com\/de\/wp-json\/wp\/v2\/product_brand?post=201701"},{"taxonomy":"product_cat","embeddable":true,"href":"https:\/\/dutchhealthstore.com\/de\/wp-json\/wp\/v2\/product_cat?post=201701"},{"taxonomy":"product_tag","embeddable":true,"href":"https:\/\/dutchhealthstore.com\/de\/wp-json\/wp\/v2\/product_tag?post=201701"}],"curies":[{"name":"wp","href":"https:\/\/api.w.org\/{rel}","templated":true}]}}