{"id":187172,"date":"2021-09-10T17:40:23","date_gmt":"2021-09-10T15:40:23","guid":{"rendered":"https:\/\/dutchhealthstore.com\/product\/blue-bush-essential-oil\/"},"modified":"2025-04-07T10:38:28","modified_gmt":"2025-04-07T08:38:28","slug":"blue-bush-essential-oil","status":"publish","type":"product","link":"https:\/\/dutchhealthstore.com\/de\/product\/blue-bush-essential-oil\/","title":{"rendered":"Blue Bush Essential Oil"},"content":{"rendered":"<p><img decoding=\"async\" class=\"alignright\" src=\"https:\/\/dutchhealthstore.com\/wp-content\/uploads\/2019\/08\/NEW-Living-Libations-Logo.jpg\" alt=\"NEW - Living Libations - Logo\"><\/p>\n<p><strong>Botanischer Name: <\/strong><em>Pteronica incana<\/em><br \/>\n<strong>Botanische Familie:<\/strong> <em>Asteraceae<\/em><br \/>\n<strong>Methode der Extraktion:<\/strong> Dampfdestilliert<br \/>\n<strong>Pflanzenteil: <\/strong>Bl\u00fctenspitzen und Bl\u00e4tter<br \/>\n<strong>Herkunftsland:<\/strong> S\u00fcdafrika<br \/>\n<strong>Anbaumethode:<\/strong> Wildwachsend<br \/>\n<strong>Zusammensetzung:<\/strong> 100% <em>Pteronia incana<\/em><br \/>\n<strong>Konsistenz:<\/strong> D\u00fcnn und klar<br \/>\n<strong>Beschreibung des Duftes: <\/strong> Herb, wacholderartig, wild und krautig wie Ysop mit einem Hauch von Harz.<\/p>\n<p><strong>Gut mischbar mit: <\/strong>Weihrauch, Kap-Kamille, Kamille, Grapefruit, Rose Otto, Fragonia, Bergamotte, Lavendel, Neroli, Zistrose, Ysop, Majoran, Bergamotte, Tannen, Blauer Tansy, Myrrhe, Fichte, Sanddorn, Immortelle, Ylang und Sandelholz.<\/p>\n<p><strong>Verwendungen: <\/strong>Genie\u00dfen Sie die wohltuende Wirkung von Blue Bush, indem Sie ein paar Tropfen in ein warmes Bad geben oder nachts einen Tropfen auf Ihr Kopfkissen geben. Parf\u00fcmieren und reinigen Sie Ihren Raum, indem Sie Ihrem Lieblingsdiffusor oder Ihrer Luftbefeuchtermischung ein paar Tropfen Blue Bush hinzuf\u00fcgen. F\u00fcr eine weichere und glattere Haut immer verd\u00fcnnt anwenden. Eine orale Einnahme ist zu vermeiden. N\u00fctzlich in Salzpfeifen und Brustbalsam.<\/p>\n<p><strong>Inhaltsstoffe:<\/strong> Hauptbestandteile sind \u03b1-Pinen, \u03b2-Pinen, Sabinen, Myrcen, Limonen, 1,8-Cineol und p-Cymol zusammen mit kleineren Mengen einiger seltener Sesquiterpenoide.<\/p>\n<p>Blue Bush Essential Oil ist eine einzigartige Destillation der graugr\u00fcnen wolligen Bl\u00e4tter und kleinen gelben Bl\u00fcten, die wild von dem Strauch geerntet werden, der in den Karoo-H\u00fcgeln der Bo-Kouga in S\u00fcdafrika w\u00e4chst. Die hocharomatischen Bl\u00e4tter und Bl\u00fcten werden in den Wintermonaten gesammelt und dampfdestilliert, wenn die \u00d6le am kondensiertesten sind.<\/p>\n<p>Die alten Khoi und San, die in S\u00fcdafrika beheimatet sind, verwendeten den Blauen Strauch als Aromatherapie zur Verbesserung der Stimmung und als pflanzlichen Schutz vor dem allj\u00e4hrlichen Ungeziefer im Winter, mit dem zus\u00e4tzlichen Vorteil, dass er nach Wacholder duftet. Die botanisch-biotischen und beruhigenden Eigenschaften machen Blue Bush zu einer gl\u00e4ttenden und weichmachenden Erg\u00e4nzung der Hautpflege.<\/p>\n<p><strong>Gr\u00f6\u00dfe: 5 ml<\/strong><\/p>\n<h3>Bio-Zutaten<\/h3>\n<p>100% \u00e4therisches \u00d6l des Blauen Strauchs (Pteronica incana).<\/p>\n","protected":false},"excerpt":{"rendered":"<p>Die botanische Familie, aus der die Kamille stammt, bringt auch den Blauen Strauch hervor, dessen \u00e4therisches \u00d6l sehr aromatisch und krautig ist. Diese s\u00fcdafrikanische Sch\u00f6nheit segnet uns mit ihrer wacholder\u00e4hnlichen Herbheit und ihrem sanften, krautigen Duft, der den Geruch von frischer, wilder W\u00fcste in K\u00f6lnischwasser, Einreibungen, Atemmischungen und hautberuhigenden Seren hervorruft.<\/p>\n","protected":false},"featured_media":162602,"comment_status":"open","ping_status":"closed","template":"","meta":[],"product_brand":[],"product_cat":[1508,1546,6737,1032,1493,1210,511,6736],"product_tag":[1547],"class_list":{"0":"post-187172","1":"product","2":"type-product","3":"status-publish","4":"has-post-thumbnail","6":"product_cat-aetherische-oele-living-libations","7":"product_cat-essential-oils-living-libations-de","8":"product_cat-essential-oils-de-2","9":"product_cat-kategorien","10":"product_cat-living-libations-deutschland","11":"product_cat-marken","12":"product_cat-produkte","13":"product_cat-wellness-de","14":"product_tag-essential-oil-de","15":"pa_brand-livinglibations-de","16":"pa_essential-oils-product-type-essential-oils-de","17":"pa_size-5-ml-de","19":"first","20":"instock","21":"taxable","22":"shipping-taxable","23":"purchasable","24":"product-type-simple"},"bundled_by":[],"bundle_stock_status":"instock","bundle_stock_quantity":2,"bundle_virtual":false,"bundle_layout":"","bundle_add_to_cart_form_location":"","bundle_editable_in_cart":false,"bundle_sold_individually_context":"","bundle_item_grouping":"","bundle_min_size":"","bundle_max_size":"","bundle_price":[],"bundled_items":[],"bundle_sell_ids":[],"atum_controlled":true,"out_stock_date":null,"out_stock_threshold":null,"inheritable":false,"stock_on_hold":0,"sold_today":0,"sales_last_days":0,"out_stock_days":0,"lost_sales":0,"update_date":"2026-04-14T00:05:03","atum_locations":[],"atum_stock_status":"instock","restock_status":false,"low_stock_amount":"","sales_update_date":"2026-04-14T00:05:03","calc_backorders":null,"group_of_quantity":0,"min_quantity":0,"max_quantity":"","exclude_order_quantity_value_rules":"no","exclude_category_quantity_rules":"no","combine_variations":"no","yoast_head":"<!-- This site is optimized with the Yoast SEO Premium plugin v26.5 (Yoast SEO v26.5) - https:\/\/yoast.com\/wordpress\/plugins\/seo\/ -->\n<title>Blue Bush Essential Oil - Living Libations<\/title>\n<meta name=\"description\" content=\"Blue Bush Essential Oil ist eine einzigartige Destillation aus graugr\u00fcnen wolligen Bl\u00e4ttern und kleinen gelben Bl\u00fcten. Die beruhigenden Eigenschaften machen Blue Bush zu einer gl\u00e4ttenden und weichmachenden Erg\u00e4nzung der Hautpflege.\" \/>\n<meta name=\"robots\" content=\"index, follow, max-snippet:-1, max-image-preview:large, max-video-preview:-1\" \/>\n<link rel=\"canonical\" href=\"https:\/\/dutchhealthstore.com\/de\/product\/blue-bush-essential-oil\/\" \/>\n<meta property=\"og:locale\" content=\"de_DE\" \/>\n<meta property=\"og:type\" content=\"article\" \/>\n<meta property=\"og:title\" content=\"Blue Bush Essential Oil - Dutch Health Store\" \/>\n<meta property=\"og:description\" content=\"Blue Bush Essential Oil ist eine einzigartige Destillation aus graugr\u00fcnen wolligen Bl\u00e4ttern und kleinen gelben Bl\u00fcten. Die beruhigenden Eigenschaften machen Blue Bush zu einer gl\u00e4ttenden und weichmachenden Erg\u00e4nzung der Hautpflege.\" \/>\n<meta property=\"og:url\" content=\"https:\/\/dutchhealthstore.com\/de\/product\/blue-bush-essential-oil\/\" \/>\n<meta property=\"og:site_name\" content=\"Dutch Health Store\" \/>\n<meta property=\"article:publisher\" content=\"https:\/\/www.instagram.com\/dutchhealthstore\/\" \/>\n<meta property=\"article:modified_time\" content=\"2025-04-07T08:38:28+00:00\" \/>\n<meta property=\"og:image\" content=\"https:\/\/dutchhealthstore.com\/wp-content\/uploads\/2021\/08\/llbluebusholieoke.jpg\" \/>\n\t<meta property=\"og:image:width\" content=\"500\" \/>\n\t<meta property=\"og:image:height\" content=\"500\" \/>\n\t<meta property=\"og:image:type\" content=\"image\/jpeg\" \/>\n<meta name=\"twitter:card\" content=\"summary_large_image\" \/>\n<meta name=\"twitter:label1\" content=\"Preis\" \/>\n\t<meta name=\"twitter:data1\" content=\"&euro;50,00\" \/>\n\t<meta name=\"twitter:label2\" content=\"Verf\u00fcgbarkeit\" \/>\n\t<meta name=\"twitter:data2\" content=\"Auf Lager\" \/>\n<script type=\"application\/ld+json\" class=\"yoast-schema-graph\">{\"@context\":\"https:\/\/schema.org\",\"@graph\":[{\"@type\":\"WebPage\",\"@id\":\"https:\/\/dutchhealthstore.com\/de\/product\/blue-bush-essential-oil\/\",\"url\":\"https:\/\/dutchhealthstore.com\/de\/product\/blue-bush-essential-oil\/\",\"name\":\"Blue Bush Essential Oil - Living Libations\",\"isPartOf\":{\"@id\":\"https:\/\/dutchhealthstore.com\/de\/#website\"},\"primaryImageOfPage\":{\"@id\":\"https:\/\/dutchhealthstore.com\/de\/product\/blue-bush-essential-oil\/#primaryimage\"},\"image\":{\"@id\":\"https:\/\/dutchhealthstore.com\/de\/product\/blue-bush-essential-oil\/#primaryimage\"},\"thumbnailUrl\":\"https:\/\/dutchhealthstore.com\/wp-content\/uploads\/2021\/08\/llbluebusholieoke.jpg\",\"datePublished\":\"2021-09-10T15:40:23+00:00\",\"dateModified\":\"2025-04-07T08:38:28+00:00\",\"description\":\"Blue Bush Essential Oil ist eine einzigartige Destillation aus graugr\u00fcnen wolligen Bl\u00e4ttern und kleinen gelben Bl\u00fcten. Die beruhigenden Eigenschaften machen Blue Bush zu einer gl\u00e4ttenden und weichmachenden Erg\u00e4nzung der Hautpflege.\",\"breadcrumb\":{\"@id\":\"https:\/\/dutchhealthstore.com\/de\/product\/blue-bush-essential-oil\/#breadcrumb\"},\"inLanguage\":\"de\",\"potentialAction\":[{\"@type\":\"ReadAction\",\"target\":[\"https:\/\/dutchhealthstore.com\/de\/product\/blue-bush-essential-oil\/\"]}]},{\"@type\":\"ImageObject\",\"inLanguage\":\"de\",\"@id\":\"https:\/\/dutchhealthstore.com\/de\/product\/blue-bush-essential-oil\/#primaryimage\",\"url\":\"https:\/\/dutchhealthstore.com\/wp-content\/uploads\/2021\/08\/llbluebusholieoke.jpg\",\"contentUrl\":\"https:\/\/dutchhealthstore.com\/wp-content\/uploads\/2021\/08\/llbluebusholieoke.jpg\",\"width\":500,\"height\":500,\"caption\":\"llbluebusholieoke\"},{\"@type\":\"BreadcrumbList\",\"@id\":\"https:\/\/dutchhealthstore.com\/de\/product\/blue-bush-essential-oil\/#breadcrumb\",\"itemListElement\":[{\"@type\":\"ListItem\",\"position\":1,\"name\":\"Home\",\"item\":\"https:\/\/dutchhealthstore.com\/de\/\"},{\"@type\":\"ListItem\",\"position\":2,\"name\":\"Shop\",\"item\":\"https:\/\/dutchhealthstore.com\/de\/shop-2\/\"},{\"@type\":\"ListItem\",\"position\":3,\"name\":\"Blue Bush Essential Oil\"}]},{\"@type\":\"WebSite\",\"@id\":\"https:\/\/dutchhealthstore.com\/de\/#website\",\"url\":\"https:\/\/dutchhealthstore.com\/de\/\",\"name\":\"Dutch Health Store\",\"description\":\"Enhance Your Beauty with Organic &amp; Natural Skincare\",\"publisher\":{\"@id\":\"https:\/\/dutchhealthstore.com\/de\/#organization\"},\"potentialAction\":[{\"@type\":\"SearchAction\",\"target\":{\"@type\":\"EntryPoint\",\"urlTemplate\":\"https:\/\/dutchhealthstore.com\/de\/?s={search_term_string}\"},\"query-input\":{\"@type\":\"PropertyValueSpecification\",\"valueRequired\":true,\"valueName\":\"search_term_string\"}}],\"inLanguage\":\"de\"},{\"@type\":\"Organization\",\"@id\":\"https:\/\/dutchhealthstore.com\/de\/#organization\",\"name\":\"Dutch Health Store\",\"url\":\"https:\/\/dutchhealthstore.com\/de\/\",\"logo\":{\"@type\":\"ImageObject\",\"inLanguage\":\"de\",\"@id\":\"https:\/\/dutchhealthstore.com\/de\/#\/schema\/logo\/image\/\",\"url\":\"https:\/\/dutchhealthstore.com\/wp-content\/uploads\/2020\/08\/logo-dutchhealthstore-jpg-e1599484957574.jpg\",\"contentUrl\":\"https:\/\/dutchhealthstore.com\/wp-content\/uploads\/2020\/08\/logo-dutchhealthstore-jpg-e1599484957574.jpg\",\"width\":400,\"height\":62,\"caption\":\"Dutch Health Store\"},\"image\":{\"@id\":\"https:\/\/dutchhealthstore.com\/de\/#\/schema\/logo\/image\/\"},\"sameAs\":[\"https:\/\/www.instagram.com\/dutchhealthstore\/\",\"https:\/\/www.facebook.com\/dutchhealthstore\"]}]}<\/script>\n<meta property=\"product:brand\" content=\"Living Libations\" \/>\n<meta property=\"product:price:amount\" content=\"50.00\" \/>\n<meta property=\"product:price:currency\" content=\"EUR\" \/>\n<meta property=\"og:availability\" content=\"instock\" \/>\n<meta property=\"product:availability\" content=\"instock\" \/>\n<meta property=\"product:condition\" content=\"new\" \/>\n<!-- \/ Yoast SEO Premium plugin. -->","yoast_head_json":{"title":"Blue Bush Essential Oil - Living Libations","description":"Blue Bush Essential Oil ist eine einzigartige Destillation aus graugr\u00fcnen wolligen Bl\u00e4ttern und kleinen gelben Bl\u00fcten. Die beruhigenden Eigenschaften machen Blue Bush zu einer gl\u00e4ttenden und weichmachenden Erg\u00e4nzung der Hautpflege.","robots":{"index":"index","follow":"follow","max-snippet":"max-snippet:-1","max-image-preview":"max-image-preview:large","max-video-preview":"max-video-preview:-1"},"canonical":"https:\/\/dutchhealthstore.com\/de\/product\/blue-bush-essential-oil\/","og_locale":"de_DE","og_type":"article","og_title":"Blue Bush Essential Oil - Dutch Health Store","og_description":"Blue Bush Essential Oil ist eine einzigartige Destillation aus graugr\u00fcnen wolligen Bl\u00e4ttern und kleinen gelben Bl\u00fcten. Die beruhigenden Eigenschaften machen Blue Bush zu einer gl\u00e4ttenden und weichmachenden Erg\u00e4nzung der Hautpflege.","og_url":"https:\/\/dutchhealthstore.com\/de\/product\/blue-bush-essential-oil\/","og_site_name":"Dutch Health Store","article_publisher":"https:\/\/www.instagram.com\/dutchhealthstore\/","article_modified_time":"2025-04-07T08:38:28+00:00","og_image":[{"width":500,"height":500,"url":"https:\/\/dutchhealthstore.com\/wp-content\/uploads\/2021\/08\/llbluebusholieoke.jpg","type":"image\/jpeg"}],"twitter_card":"summary_large_image","twitter_misc":{"Preis":"&euro;50,00","Verf\u00fcgbarkeit":"Auf Lager"},"schema":{"@context":"https:\/\/schema.org","@graph":[{"@type":"WebPage","@id":"https:\/\/dutchhealthstore.com\/de\/product\/blue-bush-essential-oil\/","url":"https:\/\/dutchhealthstore.com\/de\/product\/blue-bush-essential-oil\/","name":"Blue Bush Essential Oil - Living Libations","isPartOf":{"@id":"https:\/\/dutchhealthstore.com\/de\/#website"},"primaryImageOfPage":{"@id":"https:\/\/dutchhealthstore.com\/de\/product\/blue-bush-essential-oil\/#primaryimage"},"image":{"@id":"https:\/\/dutchhealthstore.com\/de\/product\/blue-bush-essential-oil\/#primaryimage"},"thumbnailUrl":"https:\/\/dutchhealthstore.com\/wp-content\/uploads\/2021\/08\/llbluebusholieoke.jpg","datePublished":"2021-09-10T15:40:23+00:00","dateModified":"2025-04-07T08:38:28+00:00","description":"Blue Bush Essential Oil ist eine einzigartige Destillation aus graugr\u00fcnen wolligen Bl\u00e4ttern und kleinen gelben Bl\u00fcten. Die beruhigenden Eigenschaften machen Blue Bush zu einer gl\u00e4ttenden und weichmachenden Erg\u00e4nzung der Hautpflege.","breadcrumb":{"@id":"https:\/\/dutchhealthstore.com\/de\/product\/blue-bush-essential-oil\/#breadcrumb"},"inLanguage":"de","potentialAction":[{"@type":"ReadAction","target":["https:\/\/dutchhealthstore.com\/de\/product\/blue-bush-essential-oil\/"]}]},{"@type":"ImageObject","inLanguage":"de","@id":"https:\/\/dutchhealthstore.com\/de\/product\/blue-bush-essential-oil\/#primaryimage","url":"https:\/\/dutchhealthstore.com\/wp-content\/uploads\/2021\/08\/llbluebusholieoke.jpg","contentUrl":"https:\/\/dutchhealthstore.com\/wp-content\/uploads\/2021\/08\/llbluebusholieoke.jpg","width":500,"height":500,"caption":"llbluebusholieoke"},{"@type":"BreadcrumbList","@id":"https:\/\/dutchhealthstore.com\/de\/product\/blue-bush-essential-oil\/#breadcrumb","itemListElement":[{"@type":"ListItem","position":1,"name":"Home","item":"https:\/\/dutchhealthstore.com\/de\/"},{"@type":"ListItem","position":2,"name":"Shop","item":"https:\/\/dutchhealthstore.com\/de\/shop-2\/"},{"@type":"ListItem","position":3,"name":"Blue Bush Essential Oil"}]},{"@type":"WebSite","@id":"https:\/\/dutchhealthstore.com\/de\/#website","url":"https:\/\/dutchhealthstore.com\/de\/","name":"Dutch Health Store","description":"Enhance Your Beauty with Organic &amp; Natural Skincare","publisher":{"@id":"https:\/\/dutchhealthstore.com\/de\/#organization"},"potentialAction":[{"@type":"SearchAction","target":{"@type":"EntryPoint","urlTemplate":"https:\/\/dutchhealthstore.com\/de\/?s={search_term_string}"},"query-input":{"@type":"PropertyValueSpecification","valueRequired":true,"valueName":"search_term_string"}}],"inLanguage":"de"},{"@type":"Organization","@id":"https:\/\/dutchhealthstore.com\/de\/#organization","name":"Dutch Health Store","url":"https:\/\/dutchhealthstore.com\/de\/","logo":{"@type":"ImageObject","inLanguage":"de","@id":"https:\/\/dutchhealthstore.com\/de\/#\/schema\/logo\/image\/","url":"https:\/\/dutchhealthstore.com\/wp-content\/uploads\/2020\/08\/logo-dutchhealthstore-jpg-e1599484957574.jpg","contentUrl":"https:\/\/dutchhealthstore.com\/wp-content\/uploads\/2020\/08\/logo-dutchhealthstore-jpg-e1599484957574.jpg","width":400,"height":62,"caption":"Dutch Health Store"},"image":{"@id":"https:\/\/dutchhealthstore.com\/de\/#\/schema\/logo\/image\/"},"sameAs":["https:\/\/www.instagram.com\/dutchhealthstore\/","https:\/\/www.facebook.com\/dutchhealthstore"]}]},"product_brand":"Living Libations","product_price_amount":"50.00","product_price_currency":"EUR","og_availability":"instock","product_availability":"instock","product_condition":"new"},"_links":{"self":[{"href":"https:\/\/dutchhealthstore.com\/de\/wp-json\/wp\/v2\/product\/187172","targetHints":{"allow":["GET"]}}],"collection":[{"href":"https:\/\/dutchhealthstore.com\/de\/wp-json\/wp\/v2\/product"}],"about":[{"href":"https:\/\/dutchhealthstore.com\/de\/wp-json\/wp\/v2\/types\/product"}],"replies":[{"embeddable":true,"href":"https:\/\/dutchhealthstore.com\/de\/wp-json\/wp\/v2\/comments?post=187172"}],"wp:featuredmedia":[{"embeddable":true,"href":"https:\/\/dutchhealthstore.com\/de\/wp-json\/wp\/v2\/media\/162602"}],"wp:attachment":[{"href":"https:\/\/dutchhealthstore.com\/de\/wp-json\/wp\/v2\/media?parent=187172"}],"wp:term":[{"taxonomy":"product_brand","embeddable":true,"href":"https:\/\/dutchhealthstore.com\/de\/wp-json\/wp\/v2\/product_brand?post=187172"},{"taxonomy":"product_cat","embeddable":true,"href":"https:\/\/dutchhealthstore.com\/de\/wp-json\/wp\/v2\/product_cat?post=187172"},{"taxonomy":"product_tag","embeddable":true,"href":"https:\/\/dutchhealthstore.com\/de\/wp-json\/wp\/v2\/product_tag?post=187172"}],"curies":[{"name":"wp","href":"https:\/\/api.w.org\/{rel}","templated":true}]}}