{"id":187152,"date":"2021-09-13T13:47:16","date_gmt":"2021-09-13T11:47:16","guid":{"rendered":"https:\/\/dutchhealthstore.com\/product\/limetta-essential-oil\/"},"modified":"2025-10-26T20:58:20","modified_gmt":"2025-10-26T19:58:20","slug":"limetta-essential-oil","status":"publish","type":"product","link":"https:\/\/dutchhealthstore.com\/de\/product\/limetta-essential-oil\/","title":{"rendered":"Limetta Essential Oil"},"content":{"rendered":"<p><strong>Botanischer Name:<\/strong> Citrus limetta<a href=\"https:\/\/dutchhealthstore.com\/wp-content\/uploads\/2019\/08\/NEW-Living-Libations-Logo.jpg\"><img decoding=\"async\" class=\"size-full wp-image-69549 alignright\" src=\"https:\/\/dutchhealthstore.com\/wp-content\/uploads\/2019\/08\/NEW-Living-Libations-Logo.jpg\" alt=\"NEW - Living Libations - Logo\" width=\"175\" height=\"82\"><\/a><br \/>\n<strong>Botanische Familie:<\/strong> Rutaceae<br \/>\n<strong>Extraktionsverfahren<\/strong>: Dampfdestilliert<br \/>\n<strong>Teil der Pflanze Destilliert:<\/strong> Schale<br \/>\n<strong>Herkunftsland:<\/strong> Italien<br \/>\n<strong>Anbaumethode:<\/strong> Bio<br \/>\n<strong>Zusammensetzung:<\/strong> 100% Citrus limetta<br \/>\n<strong>Konsistenz<\/strong>: D\u00fcnne Viskosit\u00e4t<\/p>\n<h3>Beschreibung des Duftes<\/h3>\n<p>Sonniger, s\u00fc\u00dfer Duft, \u00e4hnlich wie bei einer Margarita. Fast mehr Kalk als eine echte Limette.<\/p>\n<h3>Gut mischbar mit<\/h3>\n<p>Lavendel, Sandelholz, Weihrauch, Koriander, Rose, Jasmin, Ylang, Grapefruit, Zitrone, Patchouli, Neroli, Vanille, Bergamotte, Vetiver, Rosmarin, Lorbeer und Zedernholz.<\/p>\n<h3>Komponenten<\/h3>\n<p>D-Limonen (92,35%), Myrcen und Linalool.<\/p>\n<h3>Verwenden Sie<\/h3>\n<p>Kulinarische K\u00f6stlichkeiten von Margaritas bis Tequilas, von K\u00e4sekuchen bis zu herzhaften Backwaren. Smoothies, Tees, Mets und Heilhonige. Erhaben in B\u00e4dern und in der Hautpflege, erfrischend in K\u00f6lnisch Wasser und Parf\u00fcms.<br \/>\nKontraindikation: Lichtempfindlich. Nicht auf Haut verwenden, die direktem Sonnenlicht ausgesetzt ist. Zum Gebrauch verd\u00fcnnen.<\/p>\n<p>Die von der Limette und der Zitrone getrennte Art Limetta entstand vor langer Zeit irgendwo im S\u00fcden Irans aus der Paarung einer Zitrone und einer Bitterorange. Der Limettenbaum ist hoch und dornig mit langen, elliptischen Bl\u00e4ttern und zart duftenden wei\u00dfen Bl\u00fcten. Die kugelf\u00f6rmige, essbare Frucht ist etwa so gro\u00df wie eine Orange und hat eine aromatische, gr\u00fcnlich-gelbe Schale. Die Samen der Limette wurden von fahrenden H\u00e4ndlern nach Europa gebracht, wo die Zitrusb\u00e4ume entlang der Mittelmeerk\u00fcste gedeihen.<\/p>\n<p>Unser Limetta Essential Oil stammt aus Italien, wo die lange, hei\u00dfe Sommersaison den Zitrusfr\u00fcchten erlaubt, voll auszureifen. Die Fr\u00fcchte werden wegen ihres s\u00fc\u00df-sauren gr\u00fcnen Saftes geerntet, und die Schalen werden dampfdestilliert, um kleine Mengen einer in der Nase und auf der Zunge prickelnden Margarita-Limetten-Essenz herzustellen. Das von der FDA als GRAS registrierte \u00e4therische Limetten\u00f6l wird f\u00fcr S\u00fc\u00dfwaren und kulinarische Kreationen aller Art verwendet, von s\u00fc\u00dfen Leckereien \u00fcber pikante Gerichte bis hin zu k\u00fchlenden Getr\u00e4nken. Ein Tropfen in Ihrem Getr\u00e4nk erfrischt die Palette und ein Tropfen in frischer Aloe oder Ihrem Lieblingsserum erfrischt Ihr Gesicht.<\/p>\n<p><strong>Gr\u00f6\u00dfe: 5 ml und 15 ml<\/strong><\/p>\n<h3>Bio-Zutaten<\/h3>\n<p>100% \u00e4therisches Limetten\u00f6l (Citrus limetta).<\/p>\n<p><a href=\"https:\/\/dutchhealthstore.com\/wp-content\/uploads\/2018\/03\/organic_big.png\"><img fetchpriority=\"high\" decoding=\"async\" class=\"size-full wp-image-31577 aligncenter\" src=\"https:\/\/dutchhealthstore.com\/wp-content\/uploads\/2018\/03\/organic_big.png\" alt=\"Organic and Natural - Living Libations\" width=\"623\" height=\"103\" srcset=\"https:\/\/dutchhealthstore.com\/wp-content\/uploads\/2018\/03\/organic_big.png 623w, https:\/\/dutchhealthstore.com\/wp-content\/uploads\/2018\/03\/organic_big-510x84.png 510w, https:\/\/dutchhealthstore.com\/wp-content\/uploads\/2018\/03\/organic_big-600x99.png 600w, https:\/\/dutchhealthstore.com\/wp-content\/uploads\/2018\/03\/organic_big-350x58.png 350w\" sizes=\"(max-width: 623px) 100vw, 623px\" \/><\/a><\/p>\n","protected":false},"excerpt":{"rendered":"<p>Erheben Sie Ihr Glas auf die s\u00fc\u00dfe Limetta!<\/p>\n<p>Limetta ist eine blumige, s\u00fc\u00df-saure Zitrusfrucht, die ein kulinarischer Genuss ist. Unser aromatisches Limetta Essential Oil ist fast mehr Limette als Limette und eine Margarita in einer Flasche. Diese saftige Essenz aus sonnigen Tagen und fruchtigen Getr\u00e4nken wird aus den \u00fcppigen, dicken Schalen gepresst, die vor Frische und Spa\u00df strotzen.<\/p>\n","protected":false},"featured_media":337421,"comment_status":"open","ping_status":"closed","template":"","meta":[],"product_brand":[],"product_cat":[6737,1508,1546,1032,1493,1210,511,6736],"product_tag":[1547],"class_list":{"0":"post-187152","1":"product","2":"type-product","3":"status-publish","4":"has-post-thumbnail","6":"product_cat-essential-oils-de-2","7":"product_cat-aetherische-oele-living-libations","8":"product_cat-essential-oils-living-libations-de","9":"product_cat-kategorien","10":"product_cat-living-libations-deutschland","11":"product_cat-marken","12":"product_cat-produkte","13":"product_cat-wellness-de","14":"product_tag-essential-oil-de","15":"pa_brand-livinglibations-de","16":"pa_essential-oils-product-type-essential-oils-de","17":"pa_size-15-ml-de-2","18":"pa_size-5-ml-de","20":"first","21":"instock","22":"taxable","23":"shipping-taxable","24":"purchasable","25":"product-type-variable"},"bundled_by":[],"bundle_stock_status":"instock","bundle_stock_quantity":null,"bundle_virtual":false,"bundle_layout":"","bundle_add_to_cart_form_location":"","bundle_editable_in_cart":false,"bundle_sold_individually_context":"","bundle_item_grouping":"","bundle_min_size":"","bundle_max_size":"","bundle_price":[],"bundled_items":[],"bundle_sell_ids":[],"atum_controlled":true,"out_stock_date":null,"out_stock_threshold":null,"inheritable":true,"stock_on_hold":0,"sold_today":0,"sales_last_days":0,"out_stock_days":0,"lost_sales":0,"update_date":"2026-04-30T00:13:57","atum_locations":[],"atum_stock_status":"instock","restock_status":false,"low_stock_amount":"","sales_update_date":"2026-04-30T00:13:57","calc_backorders":null,"group_of_quantity":0,"min_quantity":0,"max_quantity":"","exclude_order_quantity_value_rules":"no","exclude_category_quantity_rules":"no","combine_variations":"no","yoast_head":"<!-- This site is optimized with the Yoast SEO Premium plugin v26.5 (Yoast SEO v26.5) - https:\/\/yoast.com\/wordpress\/plugins\/seo\/ -->\n<title>Limetta Essential Oil | Living Libations<\/title>\n<meta name=\"description\" content=\"Limetta ist eine blumige, s\u00fc\u00df-saure Zitrusfrucht, die ein kulinarischer Genuss ist. Fast mehr Limette als Limette, unser aromatisches Limetta Essential Oil ist eine Margarita in einer Flasche.\" \/>\n<meta name=\"robots\" content=\"index, follow, max-snippet:-1, max-image-preview:large, max-video-preview:-1\" \/>\n<link rel=\"canonical\" href=\"https:\/\/dutchhealthstore.com\/de\/product\/limetta-essential-oil\/\" \/>\n<meta property=\"og:locale\" content=\"de_DE\" \/>\n<meta property=\"og:type\" content=\"article\" \/>\n<meta property=\"og:title\" content=\"Limetta Essential Oil - Dutch Health Store\" \/>\n<meta property=\"og:description\" content=\"Limetta ist eine blumige, s\u00fc\u00df-saure Zitrusfrucht, die ein kulinarischer Genuss ist. Fast mehr Limette als Limette, unser aromatisches Limetta Essential Oil ist eine Margarita in einer Flasche.\" \/>\n<meta property=\"og:url\" content=\"https:\/\/dutchhealthstore.com\/de\/product\/limetta-essential-oil\/\" \/>\n<meta property=\"og:site_name\" content=\"Dutch Health Store\" \/>\n<meta property=\"article:publisher\" content=\"https:\/\/www.instagram.com\/dutchhealthstore\/\" \/>\n<meta property=\"article:modified_time\" content=\"2025-10-26T19:58:20+00:00\" \/>\n<meta property=\"og:image\" content=\"https:\/\/dutchhealthstore.com\/wp-content\/uploads\/2021\/09\/limetta-1.jpg\" \/>\n\t<meta property=\"og:image:width\" content=\"500\" \/>\n\t<meta property=\"og:image:height\" content=\"500\" \/>\n\t<meta property=\"og:image:type\" content=\"image\/jpeg\" \/>\n<meta name=\"twitter:card\" content=\"summary_large_image\" \/>\n<meta name=\"twitter:label1\" content=\"Verf\u00fcgbarkeit\" \/>\n\t<meta name=\"twitter:data1\" content=\"Auf Lager\" \/>\n<script type=\"application\/ld+json\" class=\"yoast-schema-graph\">{\"@context\":\"https:\/\/schema.org\",\"@graph\":[{\"@type\":\"WebPage\",\"@id\":\"https:\/\/dutchhealthstore.com\/de\/product\/limetta-essential-oil\/\",\"url\":\"https:\/\/dutchhealthstore.com\/de\/product\/limetta-essential-oil\/\",\"name\":\"Limetta Essential Oil | Living Libations\",\"isPartOf\":{\"@id\":\"https:\/\/dutchhealthstore.com\/de\/#website\"},\"primaryImageOfPage\":{\"@id\":\"https:\/\/dutchhealthstore.com\/de\/product\/limetta-essential-oil\/#primaryimage\"},\"image\":{\"@id\":\"https:\/\/dutchhealthstore.com\/de\/product\/limetta-essential-oil\/#primaryimage\"},\"thumbnailUrl\":\"https:\/\/dutchhealthstore.com\/wp-content\/uploads\/2021\/09\/2025-04-15-13_36_38-Limetta-Essential-Oil-\u2013-Living-Libations-INT.jpg\",\"datePublished\":\"2021-09-13T11:47:16+00:00\",\"dateModified\":\"2025-10-26T19:58:20+00:00\",\"description\":\"Limetta ist eine blumige, s\u00fc\u00df-saure Zitrusfrucht, die ein kulinarischer Genuss ist. Fast mehr Limette als Limette, unser aromatisches Limetta Essential Oil ist eine Margarita in einer Flasche.\",\"breadcrumb\":{\"@id\":\"https:\/\/dutchhealthstore.com\/de\/product\/limetta-essential-oil\/#breadcrumb\"},\"inLanguage\":\"de\",\"potentialAction\":[{\"@type\":\"ReadAction\",\"target\":[\"https:\/\/dutchhealthstore.com\/de\/product\/limetta-essential-oil\/\"]}]},{\"@type\":\"ImageObject\",\"inLanguage\":\"de\",\"@id\":\"https:\/\/dutchhealthstore.com\/de\/product\/limetta-essential-oil\/#primaryimage\",\"url\":\"https:\/\/dutchhealthstore.com\/wp-content\/uploads\/2021\/09\/2025-04-15-13_36_38-Limetta-Essential-Oil-\u2013-Living-Libations-INT.jpg\",\"contentUrl\":\"https:\/\/dutchhealthstore.com\/wp-content\/uploads\/2021\/09\/2025-04-15-13_36_38-Limetta-Essential-Oil-\u2013-Living-Libations-INT.jpg\",\"width\":530,\"height\":530},{\"@type\":\"BreadcrumbList\",\"@id\":\"https:\/\/dutchhealthstore.com\/de\/product\/limetta-essential-oil\/#breadcrumb\",\"itemListElement\":[{\"@type\":\"ListItem\",\"position\":1,\"name\":\"Home\",\"item\":\"https:\/\/dutchhealthstore.com\/de\/\"},{\"@type\":\"ListItem\",\"position\":2,\"name\":\"Shop\",\"item\":\"https:\/\/dutchhealthstore.com\/de\/shop-2\/\"},{\"@type\":\"ListItem\",\"position\":3,\"name\":\"Limetta Essential Oil\"}]},{\"@type\":\"WebSite\",\"@id\":\"https:\/\/dutchhealthstore.com\/de\/#website\",\"url\":\"https:\/\/dutchhealthstore.com\/de\/\",\"name\":\"Dutch Health Store\",\"description\":\"Enhance Your Beauty with Organic &amp; Natural Skincare\",\"publisher\":{\"@id\":\"https:\/\/dutchhealthstore.com\/de\/#organization\"},\"potentialAction\":[{\"@type\":\"SearchAction\",\"target\":{\"@type\":\"EntryPoint\",\"urlTemplate\":\"https:\/\/dutchhealthstore.com\/de\/?s={search_term_string}\"},\"query-input\":{\"@type\":\"PropertyValueSpecification\",\"valueRequired\":true,\"valueName\":\"search_term_string\"}}],\"inLanguage\":\"de\"},{\"@type\":\"Organization\",\"@id\":\"https:\/\/dutchhealthstore.com\/de\/#organization\",\"name\":\"Dutch Health Store\",\"url\":\"https:\/\/dutchhealthstore.com\/de\/\",\"logo\":{\"@type\":\"ImageObject\",\"inLanguage\":\"de\",\"@id\":\"https:\/\/dutchhealthstore.com\/de\/#\/schema\/logo\/image\/\",\"url\":\"https:\/\/dutchhealthstore.com\/wp-content\/uploads\/2020\/08\/logo-dutchhealthstore-jpg-e1599484957574.jpg\",\"contentUrl\":\"https:\/\/dutchhealthstore.com\/wp-content\/uploads\/2020\/08\/logo-dutchhealthstore-jpg-e1599484957574.jpg\",\"width\":400,\"height\":62,\"caption\":\"Dutch Health Store\"},\"image\":{\"@id\":\"https:\/\/dutchhealthstore.com\/de\/#\/schema\/logo\/image\/\"},\"sameAs\":[\"https:\/\/www.instagram.com\/dutchhealthstore\/\",\"https:\/\/www.facebook.com\/dutchhealthstore\"]}]}<\/script>\n<meta property=\"product:brand\" content=\"Living Libations\" \/>\n<meta property=\"og:availability\" content=\"instock\" \/>\n<meta property=\"product:availability\" content=\"instock\" \/>\n<meta property=\"product:condition\" content=\"new\" \/>\n<!-- \/ Yoast SEO Premium plugin. -->","yoast_head_json":{"title":"Limetta Essential Oil | Living Libations","description":"Limetta ist eine blumige, s\u00fc\u00df-saure Zitrusfrucht, die ein kulinarischer Genuss ist. Fast mehr Limette als Limette, unser aromatisches Limetta Essential Oil ist eine Margarita in einer Flasche.","robots":{"index":"index","follow":"follow","max-snippet":"max-snippet:-1","max-image-preview":"max-image-preview:large","max-video-preview":"max-video-preview:-1"},"canonical":"https:\/\/dutchhealthstore.com\/de\/product\/limetta-essential-oil\/","og_locale":"de_DE","og_type":"article","og_title":"Limetta Essential Oil - Dutch Health Store","og_description":"Limetta ist eine blumige, s\u00fc\u00df-saure Zitrusfrucht, die ein kulinarischer Genuss ist. Fast mehr Limette als Limette, unser aromatisches Limetta Essential Oil ist eine Margarita in einer Flasche.","og_url":"https:\/\/dutchhealthstore.com\/de\/product\/limetta-essential-oil\/","og_site_name":"Dutch Health Store","article_publisher":"https:\/\/www.instagram.com\/dutchhealthstore\/","article_modified_time":"2025-10-26T19:58:20+00:00","og_image":[{"width":500,"height":500,"url":"https:\/\/dutchhealthstore.com\/wp-content\/uploads\/2021\/09\/limetta-1.jpg","type":"image\/jpeg"}],"twitter_card":"summary_large_image","twitter_misc":{"Verf\u00fcgbarkeit":"Auf Lager"},"schema":{"@context":"https:\/\/schema.org","@graph":[{"@type":"WebPage","@id":"https:\/\/dutchhealthstore.com\/de\/product\/limetta-essential-oil\/","url":"https:\/\/dutchhealthstore.com\/de\/product\/limetta-essential-oil\/","name":"Limetta Essential Oil | Living Libations","isPartOf":{"@id":"https:\/\/dutchhealthstore.com\/de\/#website"},"primaryImageOfPage":{"@id":"https:\/\/dutchhealthstore.com\/de\/product\/limetta-essential-oil\/#primaryimage"},"image":{"@id":"https:\/\/dutchhealthstore.com\/de\/product\/limetta-essential-oil\/#primaryimage"},"thumbnailUrl":"https:\/\/dutchhealthstore.com\/wp-content\/uploads\/2021\/09\/2025-04-15-13_36_38-Limetta-Essential-Oil-\u2013-Living-Libations-INT.jpg","datePublished":"2021-09-13T11:47:16+00:00","dateModified":"2025-10-26T19:58:20+00:00","description":"Limetta ist eine blumige, s\u00fc\u00df-saure Zitrusfrucht, die ein kulinarischer Genuss ist. Fast mehr Limette als Limette, unser aromatisches Limetta Essential Oil ist eine Margarita in einer Flasche.","breadcrumb":{"@id":"https:\/\/dutchhealthstore.com\/de\/product\/limetta-essential-oil\/#breadcrumb"},"inLanguage":"de","potentialAction":[{"@type":"ReadAction","target":["https:\/\/dutchhealthstore.com\/de\/product\/limetta-essential-oil\/"]}]},{"@type":"ImageObject","inLanguage":"de","@id":"https:\/\/dutchhealthstore.com\/de\/product\/limetta-essential-oil\/#primaryimage","url":"https:\/\/dutchhealthstore.com\/wp-content\/uploads\/2021\/09\/2025-04-15-13_36_38-Limetta-Essential-Oil-\u2013-Living-Libations-INT.jpg","contentUrl":"https:\/\/dutchhealthstore.com\/wp-content\/uploads\/2021\/09\/2025-04-15-13_36_38-Limetta-Essential-Oil-\u2013-Living-Libations-INT.jpg","width":530,"height":530},{"@type":"BreadcrumbList","@id":"https:\/\/dutchhealthstore.com\/de\/product\/limetta-essential-oil\/#breadcrumb","itemListElement":[{"@type":"ListItem","position":1,"name":"Home","item":"https:\/\/dutchhealthstore.com\/de\/"},{"@type":"ListItem","position":2,"name":"Shop","item":"https:\/\/dutchhealthstore.com\/de\/shop-2\/"},{"@type":"ListItem","position":3,"name":"Limetta Essential Oil"}]},{"@type":"WebSite","@id":"https:\/\/dutchhealthstore.com\/de\/#website","url":"https:\/\/dutchhealthstore.com\/de\/","name":"Dutch Health Store","description":"Enhance Your Beauty with Organic &amp; Natural Skincare","publisher":{"@id":"https:\/\/dutchhealthstore.com\/de\/#organization"},"potentialAction":[{"@type":"SearchAction","target":{"@type":"EntryPoint","urlTemplate":"https:\/\/dutchhealthstore.com\/de\/?s={search_term_string}"},"query-input":{"@type":"PropertyValueSpecification","valueRequired":true,"valueName":"search_term_string"}}],"inLanguage":"de"},{"@type":"Organization","@id":"https:\/\/dutchhealthstore.com\/de\/#organization","name":"Dutch Health Store","url":"https:\/\/dutchhealthstore.com\/de\/","logo":{"@type":"ImageObject","inLanguage":"de","@id":"https:\/\/dutchhealthstore.com\/de\/#\/schema\/logo\/image\/","url":"https:\/\/dutchhealthstore.com\/wp-content\/uploads\/2020\/08\/logo-dutchhealthstore-jpg-e1599484957574.jpg","contentUrl":"https:\/\/dutchhealthstore.com\/wp-content\/uploads\/2020\/08\/logo-dutchhealthstore-jpg-e1599484957574.jpg","width":400,"height":62,"caption":"Dutch Health Store"},"image":{"@id":"https:\/\/dutchhealthstore.com\/de\/#\/schema\/logo\/image\/"},"sameAs":["https:\/\/www.instagram.com\/dutchhealthstore\/","https:\/\/www.facebook.com\/dutchhealthstore"]}]},"product_brand":"Living Libations","og_availability":"instock","product_availability":"instock","product_condition":"new"},"_links":{"self":[{"href":"https:\/\/dutchhealthstore.com\/de\/wp-json\/wp\/v2\/product\/187152","targetHints":{"allow":["GET"]}}],"collection":[{"href":"https:\/\/dutchhealthstore.com\/de\/wp-json\/wp\/v2\/product"}],"about":[{"href":"https:\/\/dutchhealthstore.com\/de\/wp-json\/wp\/v2\/types\/product"}],"replies":[{"embeddable":true,"href":"https:\/\/dutchhealthstore.com\/de\/wp-json\/wp\/v2\/comments?post=187152"}],"wp:featuredmedia":[{"embeddable":true,"href":"https:\/\/dutchhealthstore.com\/de\/wp-json\/wp\/v2\/media\/337421"}],"wp:attachment":[{"href":"https:\/\/dutchhealthstore.com\/de\/wp-json\/wp\/v2\/media?parent=187152"}],"wp:term":[{"taxonomy":"product_brand","embeddable":true,"href":"https:\/\/dutchhealthstore.com\/de\/wp-json\/wp\/v2\/product_brand?post=187152"},{"taxonomy":"product_cat","embeddable":true,"href":"https:\/\/dutchhealthstore.com\/de\/wp-json\/wp\/v2\/product_cat?post=187152"},{"taxonomy":"product_tag","embeddable":true,"href":"https:\/\/dutchhealthstore.com\/de\/wp-json\/wp\/v2\/product_tag?post=187152"}],"curies":[{"name":"wp","href":"https:\/\/api.w.org\/{rel}","templated":true}]}}