{"id":180230,"date":"2021-12-24T12:34:22","date_gmt":"2021-12-24T11:34:22","guid":{"rendered":"https:\/\/dutchhealthstore.com\/product\/frankincense-frereana-essential-oil\/"},"modified":"2025-07-22T19:51:44","modified_gmt":"2025-07-22T17:51:44","slug":"frankincense-frereana-essential-oil","status":"publish","type":"product","link":"https:\/\/dutchhealthstore.com\/de\/product\/frankincense-frereana-essential-oil\/","title":{"rendered":"Frankincense, Frereana Essential Oil"},"content":{"rendered":"<p><img decoding=\"async\" class=\"alignright\" src=\"https:\/\/dutchhealthstore.com\/wp-content\/uploads\/2019\/08\/NEW-Living-Libations-Logo.jpg\" alt=\"NEW - Living Libations - Logo\"><\/p>\n<p>Dieser hohe Wuchs bringt einen goldgelben Saft hervor, aus dem ein einzigartiges Terpenprofil destilliert wird, das seinen Ruf als Weihrauch des K\u00f6nigs entscheidend mitbestimmt. <strong>Frereana Frankincense<\/strong> Essential Oil ist eine beruhigende L\u00f6sung, die st\u00e4rkt und beruhigt, Falten mildert und Ihre Zehen wieder zum Strahlen bringt. F\u00fchlen Sie sich innerlich gest\u00e4rkt mit dem Duft von Frereana, der f\u00fcr St\u00e4rke steht.<\/p>\n<p><strong>Botanischer Name:<\/strong> <em>Boswellia frereana<\/em><br \/>\n<strong>Botanische Familie:<\/strong><strong> <\/strong><em>Burseraceae<\/em><br \/>\n<strong>Extraktionsverfahren<\/strong>: Hydrodestilliert<br \/>\n<strong>Teil der Pflanze Destilliert:<\/strong> Harz<br \/>\n<strong>Herkunftsland:<\/strong> Somalia<br \/>\n<strong>Anbaumethode:<\/strong> Bio<br \/>\n<strong>Zusammensetzung:<\/strong> 100% <em>Boswellia frereana<\/em><br \/>\n<strong>Konsistenz:<\/strong> D\u00fcnne Viskosit\u00e4t<br \/>\n<strong>Beschreibung des Duftes:<\/strong> Klassischer Weihrauch mit einem frisch aktivierenden holzig-harzigen Unterton, der in eine faszinierende fruchtige S\u00fc\u00dfe \u00fcbergeht.<br \/>\n<strong>Gut mischbar mit:<\/strong> Weihrauch, Myrrhe, Ysop, Rose, Labdanum, Zistrose, Spikenard, Ylang, Copaiba, Bergamotte, Zitrone, Eukalyptus, Pfefferminze, Moorbirke, Schwarzer Pfeffer, Majoran und Kamille.<br \/>\n<strong>Bestandteile:<\/strong> alpha-Thujen, Limonen, alpha-Pinen, Sabinen und para-Cymol<strong>. <\/strong>Der klassische<em> Boswellia carterii <\/em>bringt einen hohen Gehalt an alpha-Pinen und wenig alpha-Thujen mit sich, w\u00e4hrend <em>Boswellia frereana <\/em>sich durch einen hohen Gehalt an alpha-Thujen und einen Hauch von alpha-Pinen auszeichnet.<\/p>\n<h3>Verwendet<\/h3>\n<p>Massage\u00f6le und w\u00e4rmende Kompressen. Verleiht Parf\u00fcms eine kr\u00e4ftige Note. Zufriedenstellend und st\u00e4rkend f\u00fcr die Haut. Ein kleiner Tupfer an verspannten Stellen oder eine Massage am ganzen K\u00f6rper reicht aus, um die Muskeln zum Schmelzen zu bringen.<\/p>\n<p>Blithe<em> Boswellia frereana, <\/em>auch bekannt als Maydi Weihrauch, ist ein kr\u00e4ftiger, langlebiger Baum, der in den H\u00f6henlagen des sandigen Kalksteinhochlandes von Somalia w\u00e4chst. Er wird so hoch gesch\u00e4tzt, dass oft ein einziger Baum vererbt wird.<\/p>\n<p>Dieser legend\u00e4re koptische Weihrauchbaum kann bis zu vierzig Fu\u00df hoch werden, mit einem Stamm, der einen Umfang von bis zu zwei Fu\u00df haben kann. An der Spitze des Baumes befindet sich eine Reihe schmaler gr\u00fcner und silberner Bl\u00e4tter, die an den R\u00e4ndern leicht gekr\u00e4uselt sind. Mehrere Schichten der Papyrusrinde sch\u00e4len sich in Streifen ab und geben eine goldfarbene, transparente Schicht frei, die wie ge\u00f6ltes Papier aussieht. Wird die Rinde angezapft, str\u00f6mt ein aromatischer, milchig-wei\u00dfer Saft aus, der zu einem goldenen Harz aush\u00e4rtet. Dieses Harz wird dampfdestilliert, um das Frereana Frankincense Essential Oil herzustellen. Das Anzapfen, Sammeln und Brennen ist eine Stammestradition, und das besondere Handwerk wird von Generation zu Generation weitergegeben.<\/p>\n<p>Die entschlossenen Eigenschaften dieses m\u00e4chtigen K\u00f6nigsbaums finden sich in seinem wiederherstellenden \u00e4therischen \u00d6l wieder, das eine F\u00fclle von aufbauenden und st\u00e4rkenden Pflanzenbestandteilen wie a-Thujen und a-Pinen enth\u00e4lt. Als superweiches Serum, schmelzendes Massage\u00f6l oder mit Tonerde vermischt als Kompresse st\u00e4rkt und erleichtert es das Aufstehen und Gehen. Dieser <em>Boswellia<\/em> bringt Geschmeidigkeit ins Leben!<\/p>\n<p><strong>Gr\u00f6\u00dfe: 5 ml und 15 ml<\/strong><\/p>\n<h3>Bio-Zutaten<\/h3>\n<p>100 % <span style=\"font-size: 14.4px;\">\u00e4therisches<\/span> Weihrauch\u00f6l aus Frereana (Boswellia frereana).<\/p>\n","protected":false},"excerpt":{"rendered":"<p>Unser kr\u00f6nender <em>K\u00f6nig <\/em><em>aller Weihrauchsorten,<\/em> <strong>Frereana Frankincense<\/strong> aus Somaliland am Horn von Afrika, stammt von hohen Kalksteinfelsen.<\/p>\n<p>&nbsp;<\/p>\n","protected":false},"featured_media":175968,"comment_status":"open","ping_status":"closed","template":"","meta":[],"product_brand":[],"product_cat":[1508,1546,6737,1032,1493,1210,511,6736],"product_tag":[1547],"class_list":{"0":"post-180230","1":"product","2":"type-product","3":"status-publish","4":"has-post-thumbnail","6":"product_cat-aetherische-oele-living-libations","7":"product_cat-essential-oils-living-libations-de","8":"product_cat-essential-oils-de-2","9":"product_cat-kategorien","10":"product_cat-living-libations-deutschland","11":"product_cat-marken","12":"product_cat-produkte","13":"product_cat-wellness-de","14":"product_tag-essential-oil-de","15":"pa_brand-livinglibations-de","16":"pa_essential-oils-product-type-essential-oils-de","17":"pa_size-15-ml-de-2","18":"pa_size-5-ml-de","20":"first","21":"instock","22":"taxable","23":"shipping-taxable","24":"purchasable","25":"product-type-variable"},"bundled_by":[],"bundle_stock_status":"instock","bundle_stock_quantity":null,"bundle_virtual":false,"bundle_layout":"","bundle_add_to_cart_form_location":"","bundle_editable_in_cart":false,"bundle_sold_individually_context":"","bundle_item_grouping":"","bundle_min_size":"","bundle_max_size":"","bundle_price":[],"bundled_items":[],"bundle_sell_ids":[],"atum_controlled":true,"out_stock_date":null,"out_stock_threshold":null,"inheritable":true,"stock_on_hold":0,"sold_today":0,"sales_last_days":0,"out_stock_days":0,"lost_sales":0,"update_date":"2026-04-20T00:07:12","atum_locations":[],"atum_stock_status":"instock","restock_status":false,"low_stock_amount":"","sales_update_date":"2026-04-20T00:07:11","calc_backorders":null,"group_of_quantity":0,"min_quantity":0,"max_quantity":"","exclude_order_quantity_value_rules":"no","exclude_category_quantity_rules":"no","combine_variations":"no","yoast_head":"<!-- This site is optimized with the Yoast SEO Premium plugin v26.5 (Yoast SEO v26.5) - https:\/\/yoast.com\/wordpress\/plugins\/seo\/ -->\n<title>Auf der Suche nach Frankincense, Frereana Essential Oil? Bestellen Sie Frankincense, Frereana Essential Oil heute bei Dutch Health Store. Pers\u00f6nlicher Kontakt &amp; schnelle Versand.<\/title>\n<meta name=\"description\" content=\"Frereana Frankincense Essential Oil ist eine beruhigende L\u00f6sung, die st\u00e4rkt und bes\u00e4nftigt, Falten mildert und Ihre Zehen wieder zum Strahlen bringt.\" \/>\n<meta name=\"robots\" content=\"index, follow, max-snippet:-1, max-image-preview:large, max-video-preview:-1\" \/>\n<link rel=\"canonical\" href=\"https:\/\/dutchhealthstore.com\/de\/product\/frankincense-frereana-essential-oil\/\" \/>\n<meta property=\"og:locale\" content=\"de_DE\" \/>\n<meta property=\"og:type\" content=\"article\" \/>\n<meta property=\"og:title\" content=\"Frankincense, Frereana Essential Oil - Dutch Health Store\" \/>\n<meta property=\"og:description\" content=\"Frereana Frankincense Essential Oil ist eine beruhigende L\u00f6sung, die st\u00e4rkt und bes\u00e4nftigt, Falten mildert und Ihre Zehen wieder zum Strahlen bringt.\" \/>\n<meta property=\"og:url\" content=\"https:\/\/dutchhealthstore.com\/de\/product\/frankincense-frereana-essential-oil\/\" \/>\n<meta property=\"og:site_name\" content=\"Dutch Health Store\" \/>\n<meta property=\"article:publisher\" content=\"https:\/\/www.instagram.com\/dutchhealthstore\/\" \/>\n<meta property=\"article:modified_time\" content=\"2025-07-22T17:51:44+00:00\" \/>\n<meta property=\"og:image\" content=\"https:\/\/dutchhealthstore.com\/wp-content\/uploads\/2021\/11\/frankincense-frereana.jpg\" \/>\n\t<meta property=\"og:image:width\" content=\"500\" \/>\n\t<meta property=\"og:image:height\" content=\"500\" \/>\n\t<meta property=\"og:image:type\" content=\"image\/jpeg\" \/>\n<meta name=\"twitter:card\" content=\"summary_large_image\" \/>\n<meta name=\"twitter:label1\" content=\"Verf\u00fcgbarkeit\" \/>\n\t<meta name=\"twitter:data1\" content=\"Auf Lager\" \/>\n<script type=\"application\/ld+json\" class=\"yoast-schema-graph\">{\"@context\":\"https:\/\/schema.org\",\"@graph\":[{\"@type\":\"WebPage\",\"@id\":\"https:\/\/dutchhealthstore.com\/de\/product\/frankincense-frereana-essential-oil\/\",\"url\":\"https:\/\/dutchhealthstore.com\/de\/product\/frankincense-frereana-essential-oil\/\",\"name\":\"Auf der Suche nach Frankincense, Frereana Essential Oil? Bestellen Sie Frankincense, Frereana Essential Oil heute bei Dutch Health Store. Pers\u00f6nlicher Kontakt & schnelle Versand.\",\"isPartOf\":{\"@id\":\"https:\/\/dutchhealthstore.com\/de\/#website\"},\"primaryImageOfPage\":{\"@id\":\"https:\/\/dutchhealthstore.com\/de\/product\/frankincense-frereana-essential-oil\/#primaryimage\"},\"image\":{\"@id\":\"https:\/\/dutchhealthstore.com\/de\/product\/frankincense-frereana-essential-oil\/#primaryimage\"},\"thumbnailUrl\":\"https:\/\/dutchhealthstore.com\/wp-content\/uploads\/2021\/11\/frankincense-frereana.jpg\",\"datePublished\":\"2021-12-24T11:34:22+00:00\",\"dateModified\":\"2025-07-22T17:51:44+00:00\",\"description\":\"Frereana Frankincense Essential Oil ist eine beruhigende L\u00f6sung, die st\u00e4rkt und bes\u00e4nftigt, Falten mildert und Ihre Zehen wieder zum Strahlen bringt.\",\"breadcrumb\":{\"@id\":\"https:\/\/dutchhealthstore.com\/de\/product\/frankincense-frereana-essential-oil\/#breadcrumb\"},\"inLanguage\":\"de\",\"potentialAction\":[{\"@type\":\"ReadAction\",\"target\":[\"https:\/\/dutchhealthstore.com\/de\/product\/frankincense-frereana-essential-oil\/\"]}]},{\"@type\":\"ImageObject\",\"inLanguage\":\"de\",\"@id\":\"https:\/\/dutchhealthstore.com\/de\/product\/frankincense-frereana-essential-oil\/#primaryimage\",\"url\":\"https:\/\/dutchhealthstore.com\/wp-content\/uploads\/2021\/11\/frankincense-frereana.jpg\",\"contentUrl\":\"https:\/\/dutchhealthstore.com\/wp-content\/uploads\/2021\/11\/frankincense-frereana.jpg\",\"width\":500,\"height\":500,\"caption\":\"frankincense frereana\"},{\"@type\":\"BreadcrumbList\",\"@id\":\"https:\/\/dutchhealthstore.com\/de\/product\/frankincense-frereana-essential-oil\/#breadcrumb\",\"itemListElement\":[{\"@type\":\"ListItem\",\"position\":1,\"name\":\"Home\",\"item\":\"https:\/\/dutchhealthstore.com\/de\/\"},{\"@type\":\"ListItem\",\"position\":2,\"name\":\"Shop\",\"item\":\"https:\/\/dutchhealthstore.com\/de\/shop-2\/\"},{\"@type\":\"ListItem\",\"position\":3,\"name\":\"Frankincense, Frereana Essential Oil\"}]},{\"@type\":\"WebSite\",\"@id\":\"https:\/\/dutchhealthstore.com\/de\/#website\",\"url\":\"https:\/\/dutchhealthstore.com\/de\/\",\"name\":\"Dutch Health Store\",\"description\":\"Enhance Your Beauty with Organic &amp; Natural Skincare\",\"publisher\":{\"@id\":\"https:\/\/dutchhealthstore.com\/de\/#organization\"},\"potentialAction\":[{\"@type\":\"SearchAction\",\"target\":{\"@type\":\"EntryPoint\",\"urlTemplate\":\"https:\/\/dutchhealthstore.com\/de\/?s={search_term_string}\"},\"query-input\":{\"@type\":\"PropertyValueSpecification\",\"valueRequired\":true,\"valueName\":\"search_term_string\"}}],\"inLanguage\":\"de\"},{\"@type\":\"Organization\",\"@id\":\"https:\/\/dutchhealthstore.com\/de\/#organization\",\"name\":\"Dutch Health Store\",\"url\":\"https:\/\/dutchhealthstore.com\/de\/\",\"logo\":{\"@type\":\"ImageObject\",\"inLanguage\":\"de\",\"@id\":\"https:\/\/dutchhealthstore.com\/de\/#\/schema\/logo\/image\/\",\"url\":\"https:\/\/dutchhealthstore.com\/wp-content\/uploads\/2020\/08\/logo-dutchhealthstore-jpg-e1599484957574.jpg\",\"contentUrl\":\"https:\/\/dutchhealthstore.com\/wp-content\/uploads\/2020\/08\/logo-dutchhealthstore-jpg-e1599484957574.jpg\",\"width\":400,\"height\":62,\"caption\":\"Dutch Health Store\"},\"image\":{\"@id\":\"https:\/\/dutchhealthstore.com\/de\/#\/schema\/logo\/image\/\"},\"sameAs\":[\"https:\/\/www.instagram.com\/dutchhealthstore\/\",\"https:\/\/www.facebook.com\/dutchhealthstore\"]}]}<\/script>\n<meta property=\"product:brand\" content=\"Living Libations\" \/>\n<meta property=\"og:availability\" content=\"instock\" \/>\n<meta property=\"product:availability\" content=\"instock\" \/>\n<meta property=\"product:condition\" content=\"new\" \/>\n<!-- \/ Yoast SEO Premium plugin. -->","yoast_head_json":{"title":"Auf der Suche nach Frankincense, Frereana Essential Oil? Bestellen Sie Frankincense, Frereana Essential Oil heute bei Dutch Health Store. Pers\u00f6nlicher Kontakt & schnelle Versand.","description":"Frereana Frankincense Essential Oil ist eine beruhigende L\u00f6sung, die st\u00e4rkt und bes\u00e4nftigt, Falten mildert und Ihre Zehen wieder zum Strahlen bringt.","robots":{"index":"index","follow":"follow","max-snippet":"max-snippet:-1","max-image-preview":"max-image-preview:large","max-video-preview":"max-video-preview:-1"},"canonical":"https:\/\/dutchhealthstore.com\/de\/product\/frankincense-frereana-essential-oil\/","og_locale":"de_DE","og_type":"article","og_title":"Frankincense, Frereana Essential Oil - Dutch Health Store","og_description":"Frereana Frankincense Essential Oil ist eine beruhigende L\u00f6sung, die st\u00e4rkt und bes\u00e4nftigt, Falten mildert und Ihre Zehen wieder zum Strahlen bringt.","og_url":"https:\/\/dutchhealthstore.com\/de\/product\/frankincense-frereana-essential-oil\/","og_site_name":"Dutch Health Store","article_publisher":"https:\/\/www.instagram.com\/dutchhealthstore\/","article_modified_time":"2025-07-22T17:51:44+00:00","og_image":[{"width":500,"height":500,"url":"https:\/\/dutchhealthstore.com\/wp-content\/uploads\/2021\/11\/frankincense-frereana.jpg","type":"image\/jpeg"}],"twitter_card":"summary_large_image","twitter_misc":{"Verf\u00fcgbarkeit":"Auf Lager"},"schema":{"@context":"https:\/\/schema.org","@graph":[{"@type":"WebPage","@id":"https:\/\/dutchhealthstore.com\/de\/product\/frankincense-frereana-essential-oil\/","url":"https:\/\/dutchhealthstore.com\/de\/product\/frankincense-frereana-essential-oil\/","name":"Auf der Suche nach Frankincense, Frereana Essential Oil? Bestellen Sie Frankincense, Frereana Essential Oil heute bei Dutch Health Store. Pers\u00f6nlicher Kontakt & schnelle Versand.","isPartOf":{"@id":"https:\/\/dutchhealthstore.com\/de\/#website"},"primaryImageOfPage":{"@id":"https:\/\/dutchhealthstore.com\/de\/product\/frankincense-frereana-essential-oil\/#primaryimage"},"image":{"@id":"https:\/\/dutchhealthstore.com\/de\/product\/frankincense-frereana-essential-oil\/#primaryimage"},"thumbnailUrl":"https:\/\/dutchhealthstore.com\/wp-content\/uploads\/2021\/11\/frankincense-frereana.jpg","datePublished":"2021-12-24T11:34:22+00:00","dateModified":"2025-07-22T17:51:44+00:00","description":"Frereana Frankincense Essential Oil ist eine beruhigende L\u00f6sung, die st\u00e4rkt und bes\u00e4nftigt, Falten mildert und Ihre Zehen wieder zum Strahlen bringt.","breadcrumb":{"@id":"https:\/\/dutchhealthstore.com\/de\/product\/frankincense-frereana-essential-oil\/#breadcrumb"},"inLanguage":"de","potentialAction":[{"@type":"ReadAction","target":["https:\/\/dutchhealthstore.com\/de\/product\/frankincense-frereana-essential-oil\/"]}]},{"@type":"ImageObject","inLanguage":"de","@id":"https:\/\/dutchhealthstore.com\/de\/product\/frankincense-frereana-essential-oil\/#primaryimage","url":"https:\/\/dutchhealthstore.com\/wp-content\/uploads\/2021\/11\/frankincense-frereana.jpg","contentUrl":"https:\/\/dutchhealthstore.com\/wp-content\/uploads\/2021\/11\/frankincense-frereana.jpg","width":500,"height":500,"caption":"frankincense frereana"},{"@type":"BreadcrumbList","@id":"https:\/\/dutchhealthstore.com\/de\/product\/frankincense-frereana-essential-oil\/#breadcrumb","itemListElement":[{"@type":"ListItem","position":1,"name":"Home","item":"https:\/\/dutchhealthstore.com\/de\/"},{"@type":"ListItem","position":2,"name":"Shop","item":"https:\/\/dutchhealthstore.com\/de\/shop-2\/"},{"@type":"ListItem","position":3,"name":"Frankincense, Frereana Essential Oil"}]},{"@type":"WebSite","@id":"https:\/\/dutchhealthstore.com\/de\/#website","url":"https:\/\/dutchhealthstore.com\/de\/","name":"Dutch Health Store","description":"Enhance Your Beauty with Organic &amp; Natural Skincare","publisher":{"@id":"https:\/\/dutchhealthstore.com\/de\/#organization"},"potentialAction":[{"@type":"SearchAction","target":{"@type":"EntryPoint","urlTemplate":"https:\/\/dutchhealthstore.com\/de\/?s={search_term_string}"},"query-input":{"@type":"PropertyValueSpecification","valueRequired":true,"valueName":"search_term_string"}}],"inLanguage":"de"},{"@type":"Organization","@id":"https:\/\/dutchhealthstore.com\/de\/#organization","name":"Dutch Health Store","url":"https:\/\/dutchhealthstore.com\/de\/","logo":{"@type":"ImageObject","inLanguage":"de","@id":"https:\/\/dutchhealthstore.com\/de\/#\/schema\/logo\/image\/","url":"https:\/\/dutchhealthstore.com\/wp-content\/uploads\/2020\/08\/logo-dutchhealthstore-jpg-e1599484957574.jpg","contentUrl":"https:\/\/dutchhealthstore.com\/wp-content\/uploads\/2020\/08\/logo-dutchhealthstore-jpg-e1599484957574.jpg","width":400,"height":62,"caption":"Dutch Health Store"},"image":{"@id":"https:\/\/dutchhealthstore.com\/de\/#\/schema\/logo\/image\/"},"sameAs":["https:\/\/www.instagram.com\/dutchhealthstore\/","https:\/\/www.facebook.com\/dutchhealthstore"]}]},"product_brand":"Living Libations","og_availability":"instock","product_availability":"instock","product_condition":"new"},"_links":{"self":[{"href":"https:\/\/dutchhealthstore.com\/de\/wp-json\/wp\/v2\/product\/180230","targetHints":{"allow":["GET"]}}],"collection":[{"href":"https:\/\/dutchhealthstore.com\/de\/wp-json\/wp\/v2\/product"}],"about":[{"href":"https:\/\/dutchhealthstore.com\/de\/wp-json\/wp\/v2\/types\/product"}],"replies":[{"embeddable":true,"href":"https:\/\/dutchhealthstore.com\/de\/wp-json\/wp\/v2\/comments?post=180230"}],"wp:featuredmedia":[{"embeddable":true,"href":"https:\/\/dutchhealthstore.com\/de\/wp-json\/wp\/v2\/media\/175968"}],"wp:attachment":[{"href":"https:\/\/dutchhealthstore.com\/de\/wp-json\/wp\/v2\/media?parent=180230"}],"wp:term":[{"taxonomy":"product_brand","embeddable":true,"href":"https:\/\/dutchhealthstore.com\/de\/wp-json\/wp\/v2\/product_brand?post=180230"},{"taxonomy":"product_cat","embeddable":true,"href":"https:\/\/dutchhealthstore.com\/de\/wp-json\/wp\/v2\/product_cat?post=180230"},{"taxonomy":"product_tag","embeddable":true,"href":"https:\/\/dutchhealthstore.com\/de\/wp-json\/wp\/v2\/product_tag?post=180230"}],"curies":[{"name":"wp","href":"https:\/\/api.w.org\/{rel}","templated":true}]}}