{"id":180219,"date":"2021-11-19T09:01:56","date_gmt":"2021-11-19T08:01:56","guid":{"rendered":"https:\/\/dutchhealthstore.com\/product\/eucalyptus-radiata-essential-oil\/"},"modified":"2025-11-23T12:53:37","modified_gmt":"2025-11-23T11:53:37","slug":"eucalyptus-radiata-essential-oil","status":"publish","type":"product","link":"https:\/\/dutchhealthstore.com\/de\/product\/eucalyptus-radiata-essential-oil\/","title":{"rendered":"Eucalyptus Radiata Essential Oil"},"content":{"rendered":"<p><img decoding=\"async\" class=\"alignright\" src=\"https:\/\/dutchhealthstore.com\/wp-content\/uploads\/2019\/08\/NEW-Living-Libations-Logo.jpg\" alt=\"NEW - Living Libations - Logo\"><\/p>\n<p>Radiata ist der samtigste unter den w\u00fcchsigen Eukalyptusgew\u00e4chsen, und die Atemwege freuen sich immer \u00fcber seinen sanften, frischen Duft. Sein belebendes Aroma ist ein klassischer Bestandteil von duftenden Brusteinreibungen.<\/p>\n<p><strong>Botanischer Name: <\/strong><em>Eukalyptus radiata<\/em><strong> <\/strong><br \/>\n<strong>Botanische Familie:<\/strong> <em>Myrtaceae<\/em><br \/>\n<strong>Extraktionsverfahren:<\/strong> Dampfdestilliert<br \/>\n<strong>Teil der Pflanze Destilliert:<\/strong> Bl\u00e4tter<br \/>\n<strong>Herkunftsland:<\/strong> Australien<br \/>\n<strong>Anbaumethode:<\/strong> Bio<br \/>\n<strong>Zusammensetzung:<\/strong> 100% <em>Eukalyptus radiata<\/em><strong> <\/strong><br \/>\n<strong>Konsistenz:<\/strong> D\u00fcnn<br \/>\n<strong>Beschreibung des Duftes:<\/strong> Kampferartig knackig mit einem Hauch von Fruchtigkeit. Das samtige Gr\u00fcn dieses eleganten Eukalyptus ist das myrten\u00e4hnlichste der Eukalyptusarten.<br \/>\n<strong>Gut mischbar mit:<\/strong> Zitrone, Sandelholz, Rosmarin, Orange, Zypresse, Wacholder, Ravensara, Schwarzfichte, Douglasie, Wei\u00dftanne, Salbei, Blue Mountain Sage, Kapkamille und Grapefruit.<br \/>\n<strong>Bestandteile: <\/strong>Terpenalkohole mit Cineol, 3-4% Aldehyde (Neral und Geraniol)<\/p>\n<h3>Verwenden Sie<\/h3>\n<p>Beruhigt und entstaut die Haut. Lindert saisonale Verstopfung. Perfekt f\u00fcr Verdampfer, Diffusoren, Luftentfeuchter und dampfende Nebenh\u00f6hlen. Stimulierender Brustbalsam. Wunderbar in Wintersirupen. In ein Salzrohr und einen Aromadiffusor geben. Robuste Einreibe\u00f6le f\u00fcr Massage und Trockenb\u00fcrsten. Ein klassischer kampferartiger Duft f\u00fcr Saunen. Reinigen in B\u00e4dern. Ausgezeichnet f\u00fcr die Mundpflege. Bel\u00fcftung f\u00fcr Flugreisen.<\/p>\n<p><em>&#8222;Dies ist das am angenehmsten duftende aller Eukalyptus\u00f6le; es ist frisch mit sanften Zitrusobert\u00f6nen.&#8220;<\/em> ~ Schnaubelt, <em>The Intelligence of Essential Oils<\/em><\/p>\n<p>Der treue Freund und erste F\u00f6rderer aller Eukalyptusarten, Joseph Bosisto, entschied sich 1854 in Australien als Apotheker f\u00fcr die Verwendung des \u00e4therischen \u00d6ls von Eucalyptus Radiata.<\/p>\n<p><em>Eucalyptus radiata<\/em> ist ein gro\u00dfer Baum, der in den feuchteren W\u00e4ldern von New South Wales, Australien, vorkommt. Die B\u00e4ume werden h\u00e4ufig abgeholzt, und die aromatischen, silbrig-gr\u00fcnen, schmalen Bl\u00e4tter werden f\u00fcr die Dampfdestillation geerntet. Eukalyptusb\u00e4ume wachsen schnell, und diese B\u00e4ume wachsen schnell nach, um eine nachhaltige Ernte zu erzielen. Die flauschigen, wei\u00dfen Pomponbl\u00fcten erscheinen einzeln in den Blattachseln und reifen zu samengef\u00fcllten Kapseln.<\/p>\n<p>Diese Eukalyptusart, die auch als Schmalbl\u00e4ttrige oder Schwarze Pfefferminze bekannt ist, wird in der Aromatherapie &#8222;oft anderen cineolreichen \u00d6len vorgezogen, da sie aufgrund ihres geringen Gehalts an 1,8-Cineol (bis zu ~50%) weniger Kontraindikationen zu haben scheint, w\u00e4hrend sie gleichzeitig ihre Vorteile mit sich bringt. Es ist gut f\u00fcr die Diffusion geeignet. Bei geistiger M\u00fcdigkeit l\u00e4sst es sich sehr gut mit Koniferen\u00f6len, Rosmarin, Kardamom, Zitrone, Grapefruit und Limette mischen, bei Atemwegsverstopfung vielleicht mit Kunzea und Myrte.&#8220; (Peace Rhind, 2020)<\/p>\n<p>Es riecht wie sein kampfer\u00e4hnliches <em>Eucalyptus globulus <\/em>Essential Oil, ist aber fruchtiger und sanfter und ist eine gro\u00dfartige Essenz f\u00fcr alle Atemwege. Schnuppern Sie daran, verteilen Sie es in einem Diffusor, benutzen Sie eine Salzpfeife, saunieren Sie es, tupfen Sie es unter die Nase oder massieren Sie es ein, und jeder Atemzug wird leicht und unbeschwert sein.<\/p>\n<p><strong>Gr\u00f6\u00dfe: 5 ml, 15 ml und 30 ml<\/strong><\/p>\n<h3>Bio-Zutaten<\/h3>\n<p>100% \u00e4therisches \u00d6l aus Eukalyptus radiata (Eucalyptus radiata).<\/p>\n<p style=\"text-align: center;\"><em>&#8222;Die Zusammensetzung dieses \u00d6ls ist so, dass man es als &#8222;Designer\u00f6l&#8220; eines Aromatherapeuten bezeichnen k\u00f6nnte. Zusammen mit seinem attraktiven Duft und dem niedrigen Preis ist es das universell einsetzbare Eukalyptus\u00f6l Nummer eins. Die Kombination aus Terpenalkoholen und Cineol ist hochwirksam&#8230; Es enth\u00e4lt au\u00dferdem 3 bis 4 Prozent Aldehyde (u.a. Neral und Geraniol), die dem \u00d6l neben seinem au\u00dfergew\u00f6hnlichen Aroma ein besonders breites Wirkungsspektrum verleihen.&#8220;<\/em> Schnaubelt, <strong><em>Advanced Aromatherapy<\/em><\/strong><\/p>\n<p style=\"text-align: center;\"><em>&#8222;Kommerzielle Eukalyptus\u00f6le riechen und f\u00fchlen sich an wie&#8230; Eukalyptus\u00f6l. Die Redestillation (einphasige Destillation eines \u00e4therischen \u00d6ls, die dazu dient, erw\u00fcnschte von unerw\u00fcnschten Bestandteilen zu trennen) von Eukalyptus\u00f6len zur Herstellung der mit Cineol angereicherten Handelsform reduziert dann auf die molekulare Ebene. Der Duft einer authentischen Probe von Eucalyptus radiata spiegelt jedoch den gesamten Organismus wider, der ganz anders und komplexer ist. Der Vergleich von kommerziellem Eukalyptus mit echtem Eucalyptus radiata stellt den eindimensionalen Geruch einer isolierten Komponente (1,8-Cineol) dem undomestizierten Duft einer spezifischen Pflanzenart gegen\u00fcber.&#8220;<\/em> ~ Schnaubelt, <strong><em>The Intelligence of Essential Oils<\/em><\/strong><\/p>\n","protected":false},"excerpt":{"rendered":"<p>Das leicht atmende <strong>Eucalyptus Radiata<\/strong> Essential Oilstrahlt K\u00fchle und Klarheit aus.<\/p>\n","protected":false},"featured_media":175897,"comment_status":"open","ping_status":"closed","template":"","meta":[],"product_brand":[],"product_cat":[6737,1508,1546,1032,1493,1210,511,6736],"product_tag":[1547],"class_list":{"0":"post-180219","1":"product","2":"type-product","3":"status-publish","4":"has-post-thumbnail","6":"product_cat-essential-oils-de-2","7":"product_cat-aetherische-oele-living-libations","8":"product_cat-essential-oils-living-libations-de","9":"product_cat-kategorien","10":"product_cat-living-libations-deutschland","11":"product_cat-marken","12":"product_cat-produkte","13":"product_cat-wellness-de","14":"product_tag-essential-oil-de","15":"pa_brand-livinglibations-de","16":"pa_essential-oils-product-type-essential-oils-de","17":"pa_size-5-ml-de","18":"pa_size-15-ml-de-2","19":"pa_size-30-ml-de","21":"first","22":"instock","23":"taxable","24":"shipping-taxable","25":"purchasable","26":"product-type-variable"},"bundled_by":[],"bundle_stock_status":"instock","bundle_stock_quantity":null,"bundle_virtual":false,"bundle_layout":"","bundle_add_to_cart_form_location":"","bundle_editable_in_cart":false,"bundle_sold_individually_context":"","bundle_item_grouping":"","bundle_min_size":"","bundle_max_size":"","bundle_price":[],"bundled_items":[],"bundle_sell_ids":[],"atum_controlled":true,"out_stock_date":null,"out_stock_threshold":null,"inheritable":true,"stock_on_hold":0,"sold_today":0,"sales_last_days":0,"out_stock_days":0,"lost_sales":0,"update_date":"2026-04-07T13:52:18","atum_locations":[],"atum_stock_status":"instock","restock_status":false,"low_stock_amount":"","sales_update_date":"2026-04-07T13:52:18","calc_backorders":null,"group_of_quantity":0,"min_quantity":0,"max_quantity":"","exclude_order_quantity_value_rules":"no","exclude_category_quantity_rules":"no","combine_variations":"no","yoast_head":"<!-- This site is optimized with the Yoast SEO Premium plugin v26.5 (Yoast SEO v26.5) - https:\/\/yoast.com\/wordpress\/plugins\/seo\/ -->\n<title>Eucalyptus Radiata Essential Oil - Living Libations<\/title>\n<meta name=\"description\" content=\"Das leicht atmende Eucalyptus Radiata Essential Oil strahlt K\u00fchle und Klarheit aus.\" \/>\n<meta name=\"robots\" content=\"index, follow, max-snippet:-1, max-image-preview:large, max-video-preview:-1\" \/>\n<link rel=\"canonical\" href=\"https:\/\/dutchhealthstore.com\/de\/product\/eucalyptus-radiata-essential-oil\/\" \/>\n<meta property=\"og:locale\" content=\"de_DE\" \/>\n<meta property=\"og:type\" content=\"article\" \/>\n<meta property=\"og:title\" content=\"Eucalyptus Radiata Essential Oil - Dutch Health Store\" \/>\n<meta property=\"og:description\" content=\"Das leicht atmende Eucalyptus Radiata Essential Oil strahlt K\u00fchle und Klarheit aus.\" \/>\n<meta property=\"og:url\" content=\"https:\/\/dutchhealthstore.com\/de\/product\/eucalyptus-radiata-essential-oil\/\" \/>\n<meta property=\"og:site_name\" content=\"Dutch Health Store\" \/>\n<meta property=\"article:publisher\" content=\"https:\/\/www.instagram.com\/dutchhealthstore\/\" \/>\n<meta property=\"article:modified_time\" content=\"2025-11-23T11:53:37+00:00\" \/>\n<meta property=\"og:image\" content=\"https:\/\/dutchhealthstore.com\/wp-content\/uploads\/2021\/11\/eucalyptusradiata.jpg\" \/>\n\t<meta property=\"og:image:width\" content=\"500\" \/>\n\t<meta property=\"og:image:height\" content=\"500\" \/>\n\t<meta property=\"og:image:type\" content=\"image\/jpeg\" \/>\n<meta name=\"twitter:card\" content=\"summary_large_image\" \/>\n<meta name=\"twitter:label1\" content=\"Verf\u00fcgbarkeit\" \/>\n\t<meta name=\"twitter:data1\" content=\"Auf Lager\" \/>\n<script type=\"application\/ld+json\" class=\"yoast-schema-graph\">{\"@context\":\"https:\/\/schema.org\",\"@graph\":[{\"@type\":\"WebPage\",\"@id\":\"https:\/\/dutchhealthstore.com\/de\/product\/eucalyptus-radiata-essential-oil\/\",\"url\":\"https:\/\/dutchhealthstore.com\/de\/product\/eucalyptus-radiata-essential-oil\/\",\"name\":\"Eucalyptus Radiata Essential Oil - Living Libations\",\"isPartOf\":{\"@id\":\"https:\/\/dutchhealthstore.com\/de\/#website\"},\"primaryImageOfPage\":{\"@id\":\"https:\/\/dutchhealthstore.com\/de\/product\/eucalyptus-radiata-essential-oil\/#primaryimage\"},\"image\":{\"@id\":\"https:\/\/dutchhealthstore.com\/de\/product\/eucalyptus-radiata-essential-oil\/#primaryimage\"},\"thumbnailUrl\":\"https:\/\/dutchhealthstore.com\/wp-content\/uploads\/2021\/11\/eucalyptusradiata.jpg\",\"datePublished\":\"2021-11-19T08:01:56+00:00\",\"dateModified\":\"2025-11-23T11:53:37+00:00\",\"description\":\"Das leicht atmende Eucalyptus Radiata Essential Oil strahlt K\u00fchle und Klarheit aus.\",\"breadcrumb\":{\"@id\":\"https:\/\/dutchhealthstore.com\/de\/product\/eucalyptus-radiata-essential-oil\/#breadcrumb\"},\"inLanguage\":\"de\",\"potentialAction\":[{\"@type\":\"ReadAction\",\"target\":[\"https:\/\/dutchhealthstore.com\/de\/product\/eucalyptus-radiata-essential-oil\/\"]}]},{\"@type\":\"ImageObject\",\"inLanguage\":\"de\",\"@id\":\"https:\/\/dutchhealthstore.com\/de\/product\/eucalyptus-radiata-essential-oil\/#primaryimage\",\"url\":\"https:\/\/dutchhealthstore.com\/wp-content\/uploads\/2021\/11\/eucalyptusradiata.jpg\",\"contentUrl\":\"https:\/\/dutchhealthstore.com\/wp-content\/uploads\/2021\/11\/eucalyptusradiata.jpg\",\"width\":500,\"height\":500,\"caption\":\"eucalyptusradiata\"},{\"@type\":\"BreadcrumbList\",\"@id\":\"https:\/\/dutchhealthstore.com\/de\/product\/eucalyptus-radiata-essential-oil\/#breadcrumb\",\"itemListElement\":[{\"@type\":\"ListItem\",\"position\":1,\"name\":\"Home\",\"item\":\"https:\/\/dutchhealthstore.com\/de\/\"},{\"@type\":\"ListItem\",\"position\":2,\"name\":\"Shop\",\"item\":\"https:\/\/dutchhealthstore.com\/de\/shop-2\/\"},{\"@type\":\"ListItem\",\"position\":3,\"name\":\"Eucalyptus Radiata Essential Oil\"}]},{\"@type\":\"WebSite\",\"@id\":\"https:\/\/dutchhealthstore.com\/de\/#website\",\"url\":\"https:\/\/dutchhealthstore.com\/de\/\",\"name\":\"Dutch Health Store\",\"description\":\"Enhance Your Beauty with Organic &amp; Natural Skincare\",\"publisher\":{\"@id\":\"https:\/\/dutchhealthstore.com\/de\/#organization\"},\"potentialAction\":[{\"@type\":\"SearchAction\",\"target\":{\"@type\":\"EntryPoint\",\"urlTemplate\":\"https:\/\/dutchhealthstore.com\/de\/?s={search_term_string}\"},\"query-input\":{\"@type\":\"PropertyValueSpecification\",\"valueRequired\":true,\"valueName\":\"search_term_string\"}}],\"inLanguage\":\"de\"},{\"@type\":\"Organization\",\"@id\":\"https:\/\/dutchhealthstore.com\/de\/#organization\",\"name\":\"Dutch Health Store\",\"url\":\"https:\/\/dutchhealthstore.com\/de\/\",\"logo\":{\"@type\":\"ImageObject\",\"inLanguage\":\"de\",\"@id\":\"https:\/\/dutchhealthstore.com\/de\/#\/schema\/logo\/image\/\",\"url\":\"https:\/\/dutchhealthstore.com\/wp-content\/uploads\/2020\/08\/logo-dutchhealthstore-jpg-e1599484957574.jpg\",\"contentUrl\":\"https:\/\/dutchhealthstore.com\/wp-content\/uploads\/2020\/08\/logo-dutchhealthstore-jpg-e1599484957574.jpg\",\"width\":400,\"height\":62,\"caption\":\"Dutch Health Store\"},\"image\":{\"@id\":\"https:\/\/dutchhealthstore.com\/de\/#\/schema\/logo\/image\/\"},\"sameAs\":[\"https:\/\/www.instagram.com\/dutchhealthstore\/\",\"https:\/\/www.facebook.com\/dutchhealthstore\"]}]}<\/script>\n<meta property=\"product:brand\" content=\"Living Libations\" \/>\n<meta property=\"og:availability\" content=\"instock\" \/>\n<meta property=\"product:availability\" content=\"instock\" \/>\n<meta property=\"product:condition\" content=\"new\" \/>\n<!-- \/ Yoast SEO Premium plugin. -->","yoast_head_json":{"title":"Eucalyptus Radiata Essential Oil - Living Libations","description":"Das leicht atmende Eucalyptus Radiata Essential Oil strahlt K\u00fchle und Klarheit aus.","robots":{"index":"index","follow":"follow","max-snippet":"max-snippet:-1","max-image-preview":"max-image-preview:large","max-video-preview":"max-video-preview:-1"},"canonical":"https:\/\/dutchhealthstore.com\/de\/product\/eucalyptus-radiata-essential-oil\/","og_locale":"de_DE","og_type":"article","og_title":"Eucalyptus Radiata Essential Oil - Dutch Health Store","og_description":"Das leicht atmende Eucalyptus Radiata Essential Oil strahlt K\u00fchle und Klarheit aus.","og_url":"https:\/\/dutchhealthstore.com\/de\/product\/eucalyptus-radiata-essential-oil\/","og_site_name":"Dutch Health Store","article_publisher":"https:\/\/www.instagram.com\/dutchhealthstore\/","article_modified_time":"2025-11-23T11:53:37+00:00","og_image":[{"width":500,"height":500,"url":"https:\/\/dutchhealthstore.com\/wp-content\/uploads\/2021\/11\/eucalyptusradiata.jpg","type":"image\/jpeg"}],"twitter_card":"summary_large_image","twitter_misc":{"Verf\u00fcgbarkeit":"Auf Lager"},"schema":{"@context":"https:\/\/schema.org","@graph":[{"@type":"WebPage","@id":"https:\/\/dutchhealthstore.com\/de\/product\/eucalyptus-radiata-essential-oil\/","url":"https:\/\/dutchhealthstore.com\/de\/product\/eucalyptus-radiata-essential-oil\/","name":"Eucalyptus Radiata Essential Oil - Living Libations","isPartOf":{"@id":"https:\/\/dutchhealthstore.com\/de\/#website"},"primaryImageOfPage":{"@id":"https:\/\/dutchhealthstore.com\/de\/product\/eucalyptus-radiata-essential-oil\/#primaryimage"},"image":{"@id":"https:\/\/dutchhealthstore.com\/de\/product\/eucalyptus-radiata-essential-oil\/#primaryimage"},"thumbnailUrl":"https:\/\/dutchhealthstore.com\/wp-content\/uploads\/2021\/11\/eucalyptusradiata.jpg","datePublished":"2021-11-19T08:01:56+00:00","dateModified":"2025-11-23T11:53:37+00:00","description":"Das leicht atmende Eucalyptus Radiata Essential Oil strahlt K\u00fchle und Klarheit aus.","breadcrumb":{"@id":"https:\/\/dutchhealthstore.com\/de\/product\/eucalyptus-radiata-essential-oil\/#breadcrumb"},"inLanguage":"de","potentialAction":[{"@type":"ReadAction","target":["https:\/\/dutchhealthstore.com\/de\/product\/eucalyptus-radiata-essential-oil\/"]}]},{"@type":"ImageObject","inLanguage":"de","@id":"https:\/\/dutchhealthstore.com\/de\/product\/eucalyptus-radiata-essential-oil\/#primaryimage","url":"https:\/\/dutchhealthstore.com\/wp-content\/uploads\/2021\/11\/eucalyptusradiata.jpg","contentUrl":"https:\/\/dutchhealthstore.com\/wp-content\/uploads\/2021\/11\/eucalyptusradiata.jpg","width":500,"height":500,"caption":"eucalyptusradiata"},{"@type":"BreadcrumbList","@id":"https:\/\/dutchhealthstore.com\/de\/product\/eucalyptus-radiata-essential-oil\/#breadcrumb","itemListElement":[{"@type":"ListItem","position":1,"name":"Home","item":"https:\/\/dutchhealthstore.com\/de\/"},{"@type":"ListItem","position":2,"name":"Shop","item":"https:\/\/dutchhealthstore.com\/de\/shop-2\/"},{"@type":"ListItem","position":3,"name":"Eucalyptus Radiata Essential Oil"}]},{"@type":"WebSite","@id":"https:\/\/dutchhealthstore.com\/de\/#website","url":"https:\/\/dutchhealthstore.com\/de\/","name":"Dutch Health Store","description":"Enhance Your Beauty with Organic &amp; Natural Skincare","publisher":{"@id":"https:\/\/dutchhealthstore.com\/de\/#organization"},"potentialAction":[{"@type":"SearchAction","target":{"@type":"EntryPoint","urlTemplate":"https:\/\/dutchhealthstore.com\/de\/?s={search_term_string}"},"query-input":{"@type":"PropertyValueSpecification","valueRequired":true,"valueName":"search_term_string"}}],"inLanguage":"de"},{"@type":"Organization","@id":"https:\/\/dutchhealthstore.com\/de\/#organization","name":"Dutch Health Store","url":"https:\/\/dutchhealthstore.com\/de\/","logo":{"@type":"ImageObject","inLanguage":"de","@id":"https:\/\/dutchhealthstore.com\/de\/#\/schema\/logo\/image\/","url":"https:\/\/dutchhealthstore.com\/wp-content\/uploads\/2020\/08\/logo-dutchhealthstore-jpg-e1599484957574.jpg","contentUrl":"https:\/\/dutchhealthstore.com\/wp-content\/uploads\/2020\/08\/logo-dutchhealthstore-jpg-e1599484957574.jpg","width":400,"height":62,"caption":"Dutch Health Store"},"image":{"@id":"https:\/\/dutchhealthstore.com\/de\/#\/schema\/logo\/image\/"},"sameAs":["https:\/\/www.instagram.com\/dutchhealthstore\/","https:\/\/www.facebook.com\/dutchhealthstore"]}]},"product_brand":"Living Libations","og_availability":"instock","product_availability":"instock","product_condition":"new"},"_links":{"self":[{"href":"https:\/\/dutchhealthstore.com\/de\/wp-json\/wp\/v2\/product\/180219","targetHints":{"allow":["GET"]}}],"collection":[{"href":"https:\/\/dutchhealthstore.com\/de\/wp-json\/wp\/v2\/product"}],"about":[{"href":"https:\/\/dutchhealthstore.com\/de\/wp-json\/wp\/v2\/types\/product"}],"replies":[{"embeddable":true,"href":"https:\/\/dutchhealthstore.com\/de\/wp-json\/wp\/v2\/comments?post=180219"}],"wp:featuredmedia":[{"embeddable":true,"href":"https:\/\/dutchhealthstore.com\/de\/wp-json\/wp\/v2\/media\/175897"}],"wp:attachment":[{"href":"https:\/\/dutchhealthstore.com\/de\/wp-json\/wp\/v2\/media?parent=180219"}],"wp:term":[{"taxonomy":"product_brand","embeddable":true,"href":"https:\/\/dutchhealthstore.com\/de\/wp-json\/wp\/v2\/product_brand?post=180219"},{"taxonomy":"product_cat","embeddable":true,"href":"https:\/\/dutchhealthstore.com\/de\/wp-json\/wp\/v2\/product_cat?post=180219"},{"taxonomy":"product_tag","embeddable":true,"href":"https:\/\/dutchhealthstore.com\/de\/wp-json\/wp\/v2\/product_tag?post=180219"}],"curies":[{"name":"wp","href":"https:\/\/api.w.org\/{rel}","templated":true}]}}