{"id":180210,"date":"2021-12-24T12:26:05","date_gmt":"2021-12-24T11:26:05","guid":{"rendered":"https:\/\/dutchhealthstore.com\/product\/thyme-moroccan-essential-oil\/"},"modified":"2025-08-12T10:49:12","modified_gmt":"2025-08-12T08:49:12","slug":"thyme-moroccan-essential-oil","status":"publish","type":"product","link":"https:\/\/dutchhealthstore.com\/de\/product\/thyme-moroccan-essential-oil\/","title":{"rendered":"Thyme, Moroccan Essential Oil"},"content":{"rendered":"<p><img decoding=\"async\" class=\"alignright\" src=\"https:\/\/dutchhealthstore.com\/wp-content\/uploads\/2019\/08\/NEW-Living-Libations-Logo.jpg\" alt=\"NEW - Living Libations - Logo\"><\/p>\n<p>Dieser wertvolle Thymian wird in kleinen Chargen destilliert und w\u00e4chst in einem Tal in S\u00fcdmarokko, wo das Atlasgebirge auf den Sand der Sahara trifft. Das verlockende Aroma des Moroccan Thyme Essential Oil verf\u00fchrt die Geschmacksknospen und versetzt Sie zur\u00fcck in krautige, saisonale Eint\u00f6pfe, die am Feuer genossen werden, wo der Stress gemildert und die Vitalit\u00e4t wiederhergestellt wird. Es ist ein nettes Vergn\u00fcgen, wenn man Kraft braucht und Klarheit gefragt ist.<\/p>\n<p><em>&#8222;Windbissiger Thymian, der wie der Duft der Morgend\u00e4mmerung im Paradies duftet.&#8220;<\/em> Rudyard Kipling<\/p>\n<p><strong>Botanischer Name:<\/strong> <em>Thymus satureioides<\/em><br \/>\n<strong>Botanische Familie:<\/strong> <em>Lamiaceae<\/em><br \/>\n<strong>Extraktionsverfahren:<\/strong> Dampfdestilliert<br \/>\n<strong>Teil der Pflanze Destilliert:<\/strong> Bl\u00e4tter<br \/>\n<strong>Herkunftsland:<\/strong> Marokko<br \/>\n<strong>Anbaumethode:<\/strong> Bio<br \/>\n<strong>Zusammensetzung:<\/strong> 100% <em>Thymus satureiodes<\/em><br \/>\n<strong>Konsistenz:<\/strong> D\u00fcnn<br \/>\n<strong>Beschreibung des Duftes:<\/strong> W\u00fcrziges, krautiges Aroma, das die Brust erw\u00e4rmt und an eine appetitliche herbstliche Nachspeise erinnert.<br \/>\n<strong>Gut mischbar mit:<\/strong> Lavendel, Zitrusfr\u00fcchten, s\u00fc\u00dfem Thymian, Thymian, Oregano, Ysop, Spikenard, Kardamom, Inula, Muskatellersalbei, Majoran, Salbei und Nelke.<br \/>\n<strong>Bestandteile:<\/strong> Auffallend hoher Gehalt an Borneol. Carvacrol, Alpha-Terpineol, Beta-Caryophyllen, Camphen, Linalool und Thymol. <em>&#8222;Die beiden Hauptbestandteile des \u00d6ls sind Carvacrol und Borneol. \u00d6le wie Oregano k\u00f6nnen schwer zu verarbeiten sein [as in always dilute]&#8230; Nicht so bei marokkanischem Thymian. Sein Gehalt an Carvacrol (ein Phenol) ist so gering, dass das \u00d6l besser vertr\u00e4glich ist. Die wirklich herausragende Qualit\u00e4t dieses Thymians ist jedoch sein einzigartig hoher Borneol-Gehalt (ein wertvoller Terpenalkohol, der in keinem anderen \u00d6l in \u00e4hnlich hohen Konzentrationen vorkommt).&#8220;<\/em> ~Schnaubelt<\/p>\n<h3>Verwenden Sie<\/h3>\n<p>Bei kaltem Wetter diffundieren, um die Atemwege zu befreien und die R\u00e4ume zu reinigen. Besserer Balsam zum Atmen. Ein Tropfen in pikanten Saucen und Gerichten f\u00fcr ein warmes, krautiges Aroma. Verleiht der Parf\u00fcmerie eine lang anhaltende Kr\u00e4uterw\u00e4rme. Die einzigartigen und reichhaltigen Borneol-Bestandteile des Moroccan Thyme Essential Oil k\u00f6nnen sich bei k\u00fchleren Temperaturen verfestigen. Um es in einen fl\u00fcssigen Zustand zu bringen, bringen Sie das \u00d6l auf K\u00f6rpertemperatur, indem Sie es in eine warme Hand halten oder die Flasche in warmes Wasser stellen.<\/p>\n<p><strong>Kontraindikation:<\/strong> F\u00fcr die topische Anwendung auf 1% verd\u00fcnnen.<\/p>\n<p>Die botanische Familie der <em>Thymusgew\u00e4chse<\/em> umfasst \u00fcber 300 Arten winterharter krautiger Pflanzen, die in der Kr\u00e4utermedizin und in der K\u00fcche bekannt sind. Marokkanischer Thymian ist ein beliebter und h\u00fcbscher aromatischer Gartenstrauch und ein K\u00fcchenkraut aus dem Mittelmeerraum. Das Kraut ist reich an 139 bioaktiven Verbindungen wie Terpenoiden, Phenols\u00e4uren und Flavonoiden, die durch Dampfeinwirkung freigesetzt und zu diesem zeitlosen \u00e4therischen \u00d6l aufgefangen werden.<\/p>\n<p>Moroccan Thyme Essential Oil ist rein pflanzlich, und ein kleiner Tropfen gen\u00fcgt. In topischen Zubereitungen sollte es auf nicht mehr als 1 % in einem biologischen Tr\u00e4ger\u00f6l verd\u00fcnnt werden. F\u00fcr die kulinarische Verwendung gen\u00fcgt ein Tropfen, der kurz vor dem Servieren zugegeben wird, um jedem Gericht ein angenehmes, w\u00fcrziges Aroma zu verleihen.<\/p>\n<p>Ein Hauch dieses warmen, anregenden Dufts st\u00e4rkt die Nerven, steigert die Vitalit\u00e4t und erleichtert die Arbeit. Als Zusatz zu einem Balsam, der auf eine schwere Brust oder ges\u00e4ttigte Nasennebenh\u00f6hlen aufgetragen wird, bringt es eine bessere Atmung in die Realit\u00e4t. Dieser Thymian ist auf Ihrer Seite!<\/p>\n<p><strong>Gr\u00f6\u00dfe: 5 ml und 15 ml<\/strong><\/p>\n<h3>Bio-Zutaten<\/h3>\n<p>100% \u00e4therisches \u00d6l von marokkanischem Thymian (Thymus satureioides).<\/p>\n","protected":false},"excerpt":{"rendered":"<p>Reichlich Borneol macht diesen Thymian zu einer Legende in seinem eigenen Thymian!<\/p>\n","protected":false},"featured_media":175962,"comment_status":"open","ping_status":"closed","template":"","meta":[],"product_brand":[],"product_cat":[1508,1546,6737,1032,1493,1210,511,6736],"product_tag":[1547],"class_list":{"0":"post-180210","1":"product","2":"type-product","3":"status-publish","4":"has-post-thumbnail","6":"product_cat-aetherische-oele-living-libations","7":"product_cat-essential-oils-living-libations-de","8":"product_cat-essential-oils-de-2","9":"product_cat-kategorien","10":"product_cat-living-libations-deutschland","11":"product_cat-marken","12":"product_cat-produkte","13":"product_cat-wellness-de","14":"product_tag-essential-oil-de","15":"pa_brand-livinglibations-de","16":"pa_essential-oils-product-type-essential-oils-de","17":"pa_size-15-ml-de-2","18":"pa_size-5-ml-de","20":"first","21":"instock","22":"taxable","23":"shipping-taxable","24":"purchasable","25":"product-type-variable"},"bundled_by":[],"bundle_stock_status":"instock","bundle_stock_quantity":null,"bundle_virtual":false,"bundle_layout":"","bundle_add_to_cart_form_location":"","bundle_editable_in_cart":false,"bundle_sold_individually_context":"","bundle_item_grouping":"","bundle_min_size":"","bundle_max_size":"","bundle_price":[],"bundled_items":[],"bundle_sell_ids":[],"atum_controlled":true,"out_stock_date":null,"out_stock_threshold":null,"inheritable":true,"stock_on_hold":0,"sold_today":0,"sales_last_days":0,"out_stock_days":0,"lost_sales":0,"update_date":"2026-04-12T00:02:22","atum_locations":[],"atum_stock_status":"instock","restock_status":false,"low_stock_amount":"","sales_update_date":"2026-04-12T00:02:22","calc_backorders":null,"group_of_quantity":0,"min_quantity":0,"max_quantity":"","exclude_order_quantity_value_rules":"no","exclude_category_quantity_rules":"no","combine_variations":"no","yoast_head":"<!-- This site is optimized with the Yoast SEO Premium plugin v26.5 (Yoast SEO v26.5) - https:\/\/yoast.com\/wordpress\/plugins\/seo\/ -->\n<title>Thyme, Moroccan Essential Oil - Living Libations<\/title>\n<meta name=\"description\" content=\"Reichlich Borneol macht diesen Thymian zu einer Legende in seinem eigenen Thymian!\" \/>\n<meta name=\"robots\" content=\"index, follow, max-snippet:-1, max-image-preview:large, max-video-preview:-1\" \/>\n<link rel=\"canonical\" href=\"https:\/\/dutchhealthstore.com\/de\/product\/thyme-moroccan-essential-oil\/\" \/>\n<meta property=\"og:locale\" content=\"de_DE\" \/>\n<meta property=\"og:type\" content=\"article\" \/>\n<meta property=\"og:title\" content=\"Thyme, Moroccan Essential Oil - Dutch Health Store\" \/>\n<meta property=\"og:description\" content=\"Reichlich Borneol macht diesen Thymian zu einer Legende in seinem eigenen Thymian!\" \/>\n<meta property=\"og:url\" content=\"https:\/\/dutchhealthstore.com\/de\/product\/thyme-moroccan-essential-oil\/\" \/>\n<meta property=\"og:site_name\" content=\"Dutch Health Store\" \/>\n<meta property=\"article:publisher\" content=\"https:\/\/www.instagram.com\/dutchhealthstore\/\" \/>\n<meta property=\"article:modified_time\" content=\"2025-08-12T08:49:12+00:00\" \/>\n<meta property=\"og:image\" content=\"https:\/\/dutchhealthstore.com\/wp-content\/uploads\/2021\/11\/thyme-moroccan-essential-oil.jpg\" \/>\n\t<meta property=\"og:image:width\" content=\"500\" \/>\n\t<meta property=\"og:image:height\" content=\"500\" \/>\n\t<meta property=\"og:image:type\" content=\"image\/jpeg\" \/>\n<meta name=\"twitter:card\" content=\"summary_large_image\" \/>\n<meta name=\"twitter:label1\" content=\"Verf\u00fcgbarkeit\" \/>\n\t<meta name=\"twitter:data1\" content=\"Auf Lager\" \/>\n<script type=\"application\/ld+json\" class=\"yoast-schema-graph\">{\"@context\":\"https:\/\/schema.org\",\"@graph\":[{\"@type\":\"WebPage\",\"@id\":\"https:\/\/dutchhealthstore.com\/de\/product\/thyme-moroccan-essential-oil\/\",\"url\":\"https:\/\/dutchhealthstore.com\/de\/product\/thyme-moroccan-essential-oil\/\",\"name\":\"Thyme, Moroccan Essential Oil - Living Libations\",\"isPartOf\":{\"@id\":\"https:\/\/dutchhealthstore.com\/de\/#website\"},\"primaryImageOfPage\":{\"@id\":\"https:\/\/dutchhealthstore.com\/de\/product\/thyme-moroccan-essential-oil\/#primaryimage\"},\"image\":{\"@id\":\"https:\/\/dutchhealthstore.com\/de\/product\/thyme-moroccan-essential-oil\/#primaryimage\"},\"thumbnailUrl\":\"https:\/\/dutchhealthstore.com\/wp-content\/uploads\/2021\/11\/thyme-moroccan-essential-oil.jpg\",\"datePublished\":\"2021-12-24T11:26:05+00:00\",\"dateModified\":\"2025-08-12T08:49:12+00:00\",\"description\":\"Reichlich Borneol macht diesen Thymian zu einer Legende in seinem eigenen Thymian!\",\"breadcrumb\":{\"@id\":\"https:\/\/dutchhealthstore.com\/de\/product\/thyme-moroccan-essential-oil\/#breadcrumb\"},\"inLanguage\":\"de\",\"potentialAction\":[{\"@type\":\"ReadAction\",\"target\":[\"https:\/\/dutchhealthstore.com\/de\/product\/thyme-moroccan-essential-oil\/\"]}]},{\"@type\":\"ImageObject\",\"inLanguage\":\"de\",\"@id\":\"https:\/\/dutchhealthstore.com\/de\/product\/thyme-moroccan-essential-oil\/#primaryimage\",\"url\":\"https:\/\/dutchhealthstore.com\/wp-content\/uploads\/2021\/11\/thyme-moroccan-essential-oil.jpg\",\"contentUrl\":\"https:\/\/dutchhealthstore.com\/wp-content\/uploads\/2021\/11\/thyme-moroccan-essential-oil.jpg\",\"width\":500,\"height\":500,\"caption\":\"thyme moroccan essential oil\"},{\"@type\":\"BreadcrumbList\",\"@id\":\"https:\/\/dutchhealthstore.com\/de\/product\/thyme-moroccan-essential-oil\/#breadcrumb\",\"itemListElement\":[{\"@type\":\"ListItem\",\"position\":1,\"name\":\"Home\",\"item\":\"https:\/\/dutchhealthstore.com\/de\/\"},{\"@type\":\"ListItem\",\"position\":2,\"name\":\"Shop\",\"item\":\"https:\/\/dutchhealthstore.com\/de\/shop-2\/\"},{\"@type\":\"ListItem\",\"position\":3,\"name\":\"Thyme, Moroccan Essential Oil\"}]},{\"@type\":\"WebSite\",\"@id\":\"https:\/\/dutchhealthstore.com\/de\/#website\",\"url\":\"https:\/\/dutchhealthstore.com\/de\/\",\"name\":\"Dutch Health Store\",\"description\":\"Enhance Your Beauty with Organic &amp; Natural Skincare\",\"publisher\":{\"@id\":\"https:\/\/dutchhealthstore.com\/de\/#organization\"},\"potentialAction\":[{\"@type\":\"SearchAction\",\"target\":{\"@type\":\"EntryPoint\",\"urlTemplate\":\"https:\/\/dutchhealthstore.com\/de\/?s={search_term_string}\"},\"query-input\":{\"@type\":\"PropertyValueSpecification\",\"valueRequired\":true,\"valueName\":\"search_term_string\"}}],\"inLanguage\":\"de\"},{\"@type\":\"Organization\",\"@id\":\"https:\/\/dutchhealthstore.com\/de\/#organization\",\"name\":\"Dutch Health Store\",\"url\":\"https:\/\/dutchhealthstore.com\/de\/\",\"logo\":{\"@type\":\"ImageObject\",\"inLanguage\":\"de\",\"@id\":\"https:\/\/dutchhealthstore.com\/de\/#\/schema\/logo\/image\/\",\"url\":\"https:\/\/dutchhealthstore.com\/wp-content\/uploads\/2020\/08\/logo-dutchhealthstore-jpg-e1599484957574.jpg\",\"contentUrl\":\"https:\/\/dutchhealthstore.com\/wp-content\/uploads\/2020\/08\/logo-dutchhealthstore-jpg-e1599484957574.jpg\",\"width\":400,\"height\":62,\"caption\":\"Dutch Health Store\"},\"image\":{\"@id\":\"https:\/\/dutchhealthstore.com\/de\/#\/schema\/logo\/image\/\"},\"sameAs\":[\"https:\/\/www.instagram.com\/dutchhealthstore\/\",\"https:\/\/www.facebook.com\/dutchhealthstore\"]}]}<\/script>\n<meta property=\"product:brand\" content=\"Living Libations\" \/>\n<meta property=\"og:availability\" content=\"instock\" \/>\n<meta property=\"product:availability\" content=\"instock\" \/>\n<meta property=\"product:condition\" content=\"new\" \/>\n<!-- \/ Yoast SEO Premium plugin. -->","yoast_head_json":{"title":"Thyme, Moroccan Essential Oil - Living Libations","description":"Reichlich Borneol macht diesen Thymian zu einer Legende in seinem eigenen Thymian!","robots":{"index":"index","follow":"follow","max-snippet":"max-snippet:-1","max-image-preview":"max-image-preview:large","max-video-preview":"max-video-preview:-1"},"canonical":"https:\/\/dutchhealthstore.com\/de\/product\/thyme-moroccan-essential-oil\/","og_locale":"de_DE","og_type":"article","og_title":"Thyme, Moroccan Essential Oil - Dutch Health Store","og_description":"Reichlich Borneol macht diesen Thymian zu einer Legende in seinem eigenen Thymian!","og_url":"https:\/\/dutchhealthstore.com\/de\/product\/thyme-moroccan-essential-oil\/","og_site_name":"Dutch Health Store","article_publisher":"https:\/\/www.instagram.com\/dutchhealthstore\/","article_modified_time":"2025-08-12T08:49:12+00:00","og_image":[{"width":500,"height":500,"url":"https:\/\/dutchhealthstore.com\/wp-content\/uploads\/2021\/11\/thyme-moroccan-essential-oil.jpg","type":"image\/jpeg"}],"twitter_card":"summary_large_image","twitter_misc":{"Verf\u00fcgbarkeit":"Auf Lager"},"schema":{"@context":"https:\/\/schema.org","@graph":[{"@type":"WebPage","@id":"https:\/\/dutchhealthstore.com\/de\/product\/thyme-moroccan-essential-oil\/","url":"https:\/\/dutchhealthstore.com\/de\/product\/thyme-moroccan-essential-oil\/","name":"Thyme, Moroccan Essential Oil - Living Libations","isPartOf":{"@id":"https:\/\/dutchhealthstore.com\/de\/#website"},"primaryImageOfPage":{"@id":"https:\/\/dutchhealthstore.com\/de\/product\/thyme-moroccan-essential-oil\/#primaryimage"},"image":{"@id":"https:\/\/dutchhealthstore.com\/de\/product\/thyme-moroccan-essential-oil\/#primaryimage"},"thumbnailUrl":"https:\/\/dutchhealthstore.com\/wp-content\/uploads\/2021\/11\/thyme-moroccan-essential-oil.jpg","datePublished":"2021-12-24T11:26:05+00:00","dateModified":"2025-08-12T08:49:12+00:00","description":"Reichlich Borneol macht diesen Thymian zu einer Legende in seinem eigenen Thymian!","breadcrumb":{"@id":"https:\/\/dutchhealthstore.com\/de\/product\/thyme-moroccan-essential-oil\/#breadcrumb"},"inLanguage":"de","potentialAction":[{"@type":"ReadAction","target":["https:\/\/dutchhealthstore.com\/de\/product\/thyme-moroccan-essential-oil\/"]}]},{"@type":"ImageObject","inLanguage":"de","@id":"https:\/\/dutchhealthstore.com\/de\/product\/thyme-moroccan-essential-oil\/#primaryimage","url":"https:\/\/dutchhealthstore.com\/wp-content\/uploads\/2021\/11\/thyme-moroccan-essential-oil.jpg","contentUrl":"https:\/\/dutchhealthstore.com\/wp-content\/uploads\/2021\/11\/thyme-moroccan-essential-oil.jpg","width":500,"height":500,"caption":"thyme moroccan essential oil"},{"@type":"BreadcrumbList","@id":"https:\/\/dutchhealthstore.com\/de\/product\/thyme-moroccan-essential-oil\/#breadcrumb","itemListElement":[{"@type":"ListItem","position":1,"name":"Home","item":"https:\/\/dutchhealthstore.com\/de\/"},{"@type":"ListItem","position":2,"name":"Shop","item":"https:\/\/dutchhealthstore.com\/de\/shop-2\/"},{"@type":"ListItem","position":3,"name":"Thyme, Moroccan Essential Oil"}]},{"@type":"WebSite","@id":"https:\/\/dutchhealthstore.com\/de\/#website","url":"https:\/\/dutchhealthstore.com\/de\/","name":"Dutch Health Store","description":"Enhance Your Beauty with Organic &amp; Natural Skincare","publisher":{"@id":"https:\/\/dutchhealthstore.com\/de\/#organization"},"potentialAction":[{"@type":"SearchAction","target":{"@type":"EntryPoint","urlTemplate":"https:\/\/dutchhealthstore.com\/de\/?s={search_term_string}"},"query-input":{"@type":"PropertyValueSpecification","valueRequired":true,"valueName":"search_term_string"}}],"inLanguage":"de"},{"@type":"Organization","@id":"https:\/\/dutchhealthstore.com\/de\/#organization","name":"Dutch Health Store","url":"https:\/\/dutchhealthstore.com\/de\/","logo":{"@type":"ImageObject","inLanguage":"de","@id":"https:\/\/dutchhealthstore.com\/de\/#\/schema\/logo\/image\/","url":"https:\/\/dutchhealthstore.com\/wp-content\/uploads\/2020\/08\/logo-dutchhealthstore-jpg-e1599484957574.jpg","contentUrl":"https:\/\/dutchhealthstore.com\/wp-content\/uploads\/2020\/08\/logo-dutchhealthstore-jpg-e1599484957574.jpg","width":400,"height":62,"caption":"Dutch Health Store"},"image":{"@id":"https:\/\/dutchhealthstore.com\/de\/#\/schema\/logo\/image\/"},"sameAs":["https:\/\/www.instagram.com\/dutchhealthstore\/","https:\/\/www.facebook.com\/dutchhealthstore"]}]},"product_brand":"Living Libations","og_availability":"instock","product_availability":"instock","product_condition":"new"},"_links":{"self":[{"href":"https:\/\/dutchhealthstore.com\/de\/wp-json\/wp\/v2\/product\/180210","targetHints":{"allow":["GET"]}}],"collection":[{"href":"https:\/\/dutchhealthstore.com\/de\/wp-json\/wp\/v2\/product"}],"about":[{"href":"https:\/\/dutchhealthstore.com\/de\/wp-json\/wp\/v2\/types\/product"}],"replies":[{"embeddable":true,"href":"https:\/\/dutchhealthstore.com\/de\/wp-json\/wp\/v2\/comments?post=180210"}],"wp:featuredmedia":[{"embeddable":true,"href":"https:\/\/dutchhealthstore.com\/de\/wp-json\/wp\/v2\/media\/175962"}],"wp:attachment":[{"href":"https:\/\/dutchhealthstore.com\/de\/wp-json\/wp\/v2\/media?parent=180210"}],"wp:term":[{"taxonomy":"product_brand","embeddable":true,"href":"https:\/\/dutchhealthstore.com\/de\/wp-json\/wp\/v2\/product_brand?post=180210"},{"taxonomy":"product_cat","embeddable":true,"href":"https:\/\/dutchhealthstore.com\/de\/wp-json\/wp\/v2\/product_cat?post=180210"},{"taxonomy":"product_tag","embeddable":true,"href":"https:\/\/dutchhealthstore.com\/de\/wp-json\/wp\/v2\/product_tag?post=180210"}],"curies":[{"name":"wp","href":"https:\/\/api.w.org\/{rel}","templated":true}]}}