{"id":177541,"date":"2021-10-04T13:29:57","date_gmt":"2021-10-04T13:29:57","guid":{"rendered":"https:\/\/dutchhealthstore.com\/product\/pure-prebiotic-roll-on-deodorant\/"},"modified":"2025-11-27T11:06:42","modified_gmt":"2025-11-27T10:06:42","slug":"pure-prebiotic-roll-on-deodorant","status":"publish","type":"product","link":"https:\/\/dutchhealthstore.com\/de\/product\/pure-prebiotic-roll-on-deodorant\/","title":{"rendered":"Pure Prebiotic Roll on Deodorant"},"content":{"rendered":"<p><img decoding=\"async\" class=\"alignright\" src=\"https:\/\/dutchhealthstore.com\/wp-content\/uploads\/2020\/11\/Logo-Evolve-Beauty-2.jpg\" alt=\"Logo Evolve Beauty 2\"><\/p>\n<p data-start=\"54\" data-end=\"329\">Es kontrolliert effektiv Ger\u00fcche, sorgt f\u00fcr lang anhaltende Frische und unterst\u00fctzt das nat\u00fcrliche Gleichgewicht Ihrer Haut &#8211; ohne die Poren zu verstopfen, damit Ihre Haut frei atmen kann.<\/p>\n<p data-start=\"331\" data-end=\"380\"><strong data-start=\"331\" data-end=\"344\">Geeignet f\u00fcr:<\/strong><br data-start=\"344\" data-end=\"347\">Geruchskontrolle &#8211; Ganzt\u00e4gige Frische<\/p>\n<p data-start=\"382\" data-end=\"426\"><strong data-start=\"382\" data-end=\"396\">Hauttyp:<\/strong><br data-start=\"396\" data-end=\"399\">F\u00fcr alle Hauttypen geeignet<\/p>\n<p data-start=\"428\" data-end=\"442\"><strong data-start=\"428\" data-end=\"437\">Gr\u00f6\u00dfe:<\/strong> 50ml<\/p>\n<p data-start=\"444\" data-end=\"600\" data-is-last-node=\"\" data-is-only-node=\"\"><strong data-start=\"444\" data-end=\"459\">Anwendung:<\/strong><br data-start=\"459\" data-end=\"462\">Schrauben Sie die Kappe ab und tragen Sie sie auf die sauberen, trockenen Achselh\u00f6hlen auf.<br data-start=\"512\" data-end=\"515\">Ideal f\u00fcr die morgendliche Anwendung, um den ganzen Tag \u00fcber gesch\u00fctzt zu sein.<br data-start=\"574\" data-end=\"577\">Einmal t\u00e4glich empfohlen.<\/p>\n<p><strong>Gr\u00f6\u00dfe: 50 ml<\/strong><\/p>\n<h3 class=\"yikes-custom-woo-tab-title yikes-custom-woo-tab-title-natural-organic-ingredients\">Nat\u00fcrliche\/Organische Inhaltsstoffe<\/h3>\n<p>Aqua (Wasser), Pentylenglykol (aus Zuckerrohr), Glycerin, Parfum (nat\u00fcrlich gewonnener Duft), Morinda citrifolia Kalluskulturlysat, Salvia officinalis (Salbei) \u00d6l, Aloe barbadensis Blattsaftpulver*, Xanthangummi, Natriumcaproyl-\/Lauryllactylat, Sklerotiumgummi, Lysolecithin, Pullulan, Triethylcitrat, Siliciumdioxid, Zitronens\u00e4ure, Maltodextrin, Benzylbenzoat, Benzylsalicylat, Citral, Linalool, Limonene<\/p>\n<h3>Wie zu verwenden<\/h3>\n<p>Auf die saubere und trockene Haut unter den Achseln auftragen und bei Bedarf wiederholen.<\/p>\n","protected":false},"excerpt":{"rendered":"<p>Bleiben Sie den ganzen Tag \u00fcber frisch mit diesem zertifizierten Bio-Roll-on-Deodorant, das auf einer innovativen <strong data-start=\"142\" data-end=\"166\">pr\u00e4biotischen Technologie<\/strong> basiert.<\/p>\n","protected":false},"featured_media":303658,"comment_status":"open","ping_status":"closed","template":"","meta":[],"product_brand":[],"product_cat":[1098,11190,1032,515,1210,511],"product_tag":[6647,21810,21395,21809],"class_list":{"0":"post-177541","1":"product","2":"type-product","3":"status-publish","4":"has-post-thumbnail","6":"product_cat-deodorant-de","7":"product_cat-evolve-beauty-de","8":"product_cat-kategorien","9":"product_cat-korperpflege-de","10":"product_cat-marken","11":"product_cat-produkte","12":"product_tag-deodorant-de","13":"product_tag-erfrischend","14":"product_tag-korper","15":"product_tag-natural-de","16":"pa_brand-evolve-organic-beauty-de","17":"pa_gtin-5060200046289-de","18":"pa_size-50-ml-de","20":"first","21":"outofstock","22":"taxable","23":"shipping-taxable","24":"purchasable","25":"product-type-simple"},"bundled_by":[],"bundle_stock_status":"outofstock","bundle_stock_quantity":0,"bundle_virtual":false,"bundle_layout":"","bundle_add_to_cart_form_location":"","bundle_editable_in_cart":false,"bundle_sold_individually_context":"","bundle_item_grouping":"","bundle_min_size":"","bundle_max_size":"","bundle_price":[],"bundled_items":[],"bundle_sell_ids":[107698],"atum_controlled":true,"out_stock_date":"2025-11-28 10:21:41","out_stock_threshold":null,"inheritable":false,"stock_on_hold":0,"sold_today":0,"sales_last_days":0,"out_stock_days":126,"lost_sales":0,"update_date":"2026-04-04T01:45:17","atum_locations":[],"atum_stock_status":"outofstock","restock_status":false,"low_stock_amount":"","sales_update_date":"2026-04-04T01:45:17","calc_backorders":null,"group_of_quantity":0,"min_quantity":0,"max_quantity":"","exclude_order_quantity_value_rules":"no","exclude_category_quantity_rules":"no","combine_variations":"no","yoast_head":"<!-- This site is optimized with the Yoast SEO Premium plugin v26.5 (Yoast SEO v26.5) - https:\/\/yoast.com\/wordpress\/plugins\/seo\/ -->\n<title>Pure Prebiotic Roll on Deodorant - Evolve Beauty<\/title>\n<meta name=\"description\" content=\"Bleiben Sie den ganzen Tag frisch mit diesem zertifizierten Bio-Roll-on-Deodorant, das auf einer innovativen pr\u00e4biotischen Technologie basiert.\" \/>\n<meta name=\"robots\" content=\"index, follow, max-snippet:-1, max-image-preview:large, max-video-preview:-1\" \/>\n<link rel=\"canonical\" href=\"https:\/\/dutchhealthstore.com\/de\/product\/pure-prebiotic-roll-on-deodorant\/\" \/>\n<meta property=\"og:locale\" content=\"de_DE\" \/>\n<meta property=\"og:type\" content=\"article\" \/>\n<meta property=\"og:title\" content=\"Pure Prebiotic Roll on Deodorant - Dutch Health Store\" \/>\n<meta property=\"og:description\" content=\"Bleiben Sie den ganzen Tag frisch mit diesem zertifizierten Bio-Roll-on-Deodorant, das auf einer innovativen pr\u00e4biotischen Technologie basiert.\" \/>\n<meta property=\"og:url\" content=\"https:\/\/dutchhealthstore.com\/de\/product\/pure-prebiotic-roll-on-deodorant\/\" \/>\n<meta property=\"og:site_name\" content=\"Dutch Health Store\" \/>\n<meta property=\"article:publisher\" content=\"https:\/\/www.instagram.com\/dutchhealthstore\/\" \/>\n<meta property=\"article:modified_time\" content=\"2025-11-27T10:06:42+00:00\" \/>\n<meta property=\"og:image\" content=\"https:\/\/dutchhealthstore.com\/wp-content\/uploads\/2021\/10\/pure-prebiotic-roll.jpg\" \/>\n\t<meta property=\"og:image:width\" content=\"530\" \/>\n\t<meta property=\"og:image:height\" content=\"530\" \/>\n\t<meta property=\"og:image:type\" content=\"image\/jpeg\" \/>\n<meta name=\"twitter:card\" content=\"summary_large_image\" \/>\n<meta name=\"twitter:label1\" content=\"Preis\" \/>\n\t<meta name=\"twitter:data1\" content=\"&euro;14,25\" \/>\n\t<meta name=\"twitter:label2\" content=\"Verf\u00fcgbarkeit\" \/>\n\t<meta name=\"twitter:data2\" content=\"ausverkauft\" \/>\n<script type=\"application\/ld+json\" class=\"yoast-schema-graph\">{\"@context\":\"https:\/\/schema.org\",\"@graph\":[{\"@type\":\"WebPage\",\"@id\":\"https:\/\/dutchhealthstore.com\/de\/product\/pure-prebiotic-roll-on-deodorant\/\",\"url\":\"https:\/\/dutchhealthstore.com\/de\/product\/pure-prebiotic-roll-on-deodorant\/\",\"name\":\"Pure Prebiotic Roll on Deodorant - Evolve Beauty\",\"isPartOf\":{\"@id\":\"https:\/\/dutchhealthstore.com\/de\/#website\"},\"primaryImageOfPage\":{\"@id\":\"https:\/\/dutchhealthstore.com\/de\/product\/pure-prebiotic-roll-on-deodorant\/#primaryimage\"},\"image\":{\"@id\":\"https:\/\/dutchhealthstore.com\/de\/product\/pure-prebiotic-roll-on-deodorant\/#primaryimage\"},\"thumbnailUrl\":\"https:\/\/dutchhealthstore.com\/wp-content\/uploads\/2021\/10\/pure-prebiotic-roll.jpg\",\"datePublished\":\"2021-10-04T13:29:57+00:00\",\"dateModified\":\"2025-11-27T10:06:42+00:00\",\"description\":\"Bleiben Sie den ganzen Tag frisch mit diesem zertifizierten Bio-Roll-on-Deodorant, das auf einer innovativen pr\u00e4biotischen Technologie basiert.\",\"breadcrumb\":{\"@id\":\"https:\/\/dutchhealthstore.com\/de\/product\/pure-prebiotic-roll-on-deodorant\/#breadcrumb\"},\"inLanguage\":\"de\",\"potentialAction\":[{\"@type\":\"ReadAction\",\"target\":[\"https:\/\/dutchhealthstore.com\/de\/product\/pure-prebiotic-roll-on-deodorant\/\"]}]},{\"@type\":\"ImageObject\",\"inLanguage\":\"de\",\"@id\":\"https:\/\/dutchhealthstore.com\/de\/product\/pure-prebiotic-roll-on-deodorant\/#primaryimage\",\"url\":\"https:\/\/dutchhealthstore.com\/wp-content\/uploads\/2021\/10\/pure-prebiotic-roll.jpg\",\"contentUrl\":\"https:\/\/dutchhealthstore.com\/wp-content\/uploads\/2021\/10\/pure-prebiotic-roll.jpg\",\"width\":530,\"height\":530},{\"@type\":\"BreadcrumbList\",\"@id\":\"https:\/\/dutchhealthstore.com\/de\/product\/pure-prebiotic-roll-on-deodorant\/#breadcrumb\",\"itemListElement\":[{\"@type\":\"ListItem\",\"position\":1,\"name\":\"Home\",\"item\":\"https:\/\/dutchhealthstore.com\/de\/\"},{\"@type\":\"ListItem\",\"position\":2,\"name\":\"Shop\",\"item\":\"https:\/\/dutchhealthstore.com\/de\/shop-2\/\"},{\"@type\":\"ListItem\",\"position\":3,\"name\":\"Pure Prebiotic Roll on Deodorant\"}]},{\"@type\":\"WebSite\",\"@id\":\"https:\/\/dutchhealthstore.com\/de\/#website\",\"url\":\"https:\/\/dutchhealthstore.com\/de\/\",\"name\":\"Dutch Health Store\",\"description\":\"Enhance Your Beauty with Organic &amp; Natural Skincare\",\"publisher\":{\"@id\":\"https:\/\/dutchhealthstore.com\/de\/#organization\"},\"potentialAction\":[{\"@type\":\"SearchAction\",\"target\":{\"@type\":\"EntryPoint\",\"urlTemplate\":\"https:\/\/dutchhealthstore.com\/de\/?s={search_term_string}\"},\"query-input\":{\"@type\":\"PropertyValueSpecification\",\"valueRequired\":true,\"valueName\":\"search_term_string\"}}],\"inLanguage\":\"de\"},{\"@type\":\"Organization\",\"@id\":\"https:\/\/dutchhealthstore.com\/de\/#organization\",\"name\":\"Dutch Health Store\",\"url\":\"https:\/\/dutchhealthstore.com\/de\/\",\"logo\":{\"@type\":\"ImageObject\",\"inLanguage\":\"de\",\"@id\":\"https:\/\/dutchhealthstore.com\/de\/#\/schema\/logo\/image\/\",\"url\":\"https:\/\/dutchhealthstore.com\/wp-content\/uploads\/2020\/08\/logo-dutchhealthstore-jpg-e1599484957574.jpg\",\"contentUrl\":\"https:\/\/dutchhealthstore.com\/wp-content\/uploads\/2020\/08\/logo-dutchhealthstore-jpg-e1599484957574.jpg\",\"width\":400,\"height\":62,\"caption\":\"Dutch Health Store\"},\"image\":{\"@id\":\"https:\/\/dutchhealthstore.com\/de\/#\/schema\/logo\/image\/\"},\"sameAs\":[\"https:\/\/www.instagram.com\/dutchhealthstore\/\",\"https:\/\/www.facebook.com\/dutchhealthstore\"]}]}<\/script>\n<meta property=\"product:brand\" content=\"Evolve Organic Beauty\" \/>\n<meta property=\"product:price:amount\" content=\"14.25\" \/>\n<meta property=\"product:price:currency\" content=\"EUR\" \/>\n<meta property=\"og:availability\" content=\"out of stock\" \/>\n<meta property=\"product:availability\" content=\"out of stock\" \/>\n<meta property=\"product:condition\" content=\"new\" \/>\n<!-- \/ Yoast SEO Premium plugin. -->","yoast_head_json":{"title":"Pure Prebiotic Roll on Deodorant - Evolve Beauty","description":"Bleiben Sie den ganzen Tag frisch mit diesem zertifizierten Bio-Roll-on-Deodorant, das auf einer innovativen pr\u00e4biotischen Technologie basiert.","robots":{"index":"index","follow":"follow","max-snippet":"max-snippet:-1","max-image-preview":"max-image-preview:large","max-video-preview":"max-video-preview:-1"},"canonical":"https:\/\/dutchhealthstore.com\/de\/product\/pure-prebiotic-roll-on-deodorant\/","og_locale":"de_DE","og_type":"article","og_title":"Pure Prebiotic Roll on Deodorant - Dutch Health Store","og_description":"Bleiben Sie den ganzen Tag frisch mit diesem zertifizierten Bio-Roll-on-Deodorant, das auf einer innovativen pr\u00e4biotischen Technologie basiert.","og_url":"https:\/\/dutchhealthstore.com\/de\/product\/pure-prebiotic-roll-on-deodorant\/","og_site_name":"Dutch Health Store","article_publisher":"https:\/\/www.instagram.com\/dutchhealthstore\/","article_modified_time":"2025-11-27T10:06:42+00:00","og_image":[{"width":530,"height":530,"url":"https:\/\/dutchhealthstore.com\/wp-content\/uploads\/2021\/10\/pure-prebiotic-roll.jpg","type":"image\/jpeg"}],"twitter_card":"summary_large_image","twitter_misc":{"Preis":"&euro;14,25","Verf\u00fcgbarkeit":"ausverkauft"},"schema":{"@context":"https:\/\/schema.org","@graph":[{"@type":"WebPage","@id":"https:\/\/dutchhealthstore.com\/de\/product\/pure-prebiotic-roll-on-deodorant\/","url":"https:\/\/dutchhealthstore.com\/de\/product\/pure-prebiotic-roll-on-deodorant\/","name":"Pure Prebiotic Roll on Deodorant - Evolve Beauty","isPartOf":{"@id":"https:\/\/dutchhealthstore.com\/de\/#website"},"primaryImageOfPage":{"@id":"https:\/\/dutchhealthstore.com\/de\/product\/pure-prebiotic-roll-on-deodorant\/#primaryimage"},"image":{"@id":"https:\/\/dutchhealthstore.com\/de\/product\/pure-prebiotic-roll-on-deodorant\/#primaryimage"},"thumbnailUrl":"https:\/\/dutchhealthstore.com\/wp-content\/uploads\/2021\/10\/pure-prebiotic-roll.jpg","datePublished":"2021-10-04T13:29:57+00:00","dateModified":"2025-11-27T10:06:42+00:00","description":"Bleiben Sie den ganzen Tag frisch mit diesem zertifizierten Bio-Roll-on-Deodorant, das auf einer innovativen pr\u00e4biotischen Technologie basiert.","breadcrumb":{"@id":"https:\/\/dutchhealthstore.com\/de\/product\/pure-prebiotic-roll-on-deodorant\/#breadcrumb"},"inLanguage":"de","potentialAction":[{"@type":"ReadAction","target":["https:\/\/dutchhealthstore.com\/de\/product\/pure-prebiotic-roll-on-deodorant\/"]}]},{"@type":"ImageObject","inLanguage":"de","@id":"https:\/\/dutchhealthstore.com\/de\/product\/pure-prebiotic-roll-on-deodorant\/#primaryimage","url":"https:\/\/dutchhealthstore.com\/wp-content\/uploads\/2021\/10\/pure-prebiotic-roll.jpg","contentUrl":"https:\/\/dutchhealthstore.com\/wp-content\/uploads\/2021\/10\/pure-prebiotic-roll.jpg","width":530,"height":530},{"@type":"BreadcrumbList","@id":"https:\/\/dutchhealthstore.com\/de\/product\/pure-prebiotic-roll-on-deodorant\/#breadcrumb","itemListElement":[{"@type":"ListItem","position":1,"name":"Home","item":"https:\/\/dutchhealthstore.com\/de\/"},{"@type":"ListItem","position":2,"name":"Shop","item":"https:\/\/dutchhealthstore.com\/de\/shop-2\/"},{"@type":"ListItem","position":3,"name":"Pure Prebiotic Roll on Deodorant"}]},{"@type":"WebSite","@id":"https:\/\/dutchhealthstore.com\/de\/#website","url":"https:\/\/dutchhealthstore.com\/de\/","name":"Dutch Health Store","description":"Enhance Your Beauty with Organic &amp; Natural Skincare","publisher":{"@id":"https:\/\/dutchhealthstore.com\/de\/#organization"},"potentialAction":[{"@type":"SearchAction","target":{"@type":"EntryPoint","urlTemplate":"https:\/\/dutchhealthstore.com\/de\/?s={search_term_string}"},"query-input":{"@type":"PropertyValueSpecification","valueRequired":true,"valueName":"search_term_string"}}],"inLanguage":"de"},{"@type":"Organization","@id":"https:\/\/dutchhealthstore.com\/de\/#organization","name":"Dutch Health Store","url":"https:\/\/dutchhealthstore.com\/de\/","logo":{"@type":"ImageObject","inLanguage":"de","@id":"https:\/\/dutchhealthstore.com\/de\/#\/schema\/logo\/image\/","url":"https:\/\/dutchhealthstore.com\/wp-content\/uploads\/2020\/08\/logo-dutchhealthstore-jpg-e1599484957574.jpg","contentUrl":"https:\/\/dutchhealthstore.com\/wp-content\/uploads\/2020\/08\/logo-dutchhealthstore-jpg-e1599484957574.jpg","width":400,"height":62,"caption":"Dutch Health Store"},"image":{"@id":"https:\/\/dutchhealthstore.com\/de\/#\/schema\/logo\/image\/"},"sameAs":["https:\/\/www.instagram.com\/dutchhealthstore\/","https:\/\/www.facebook.com\/dutchhealthstore"]}]},"product_brand":"Evolve Organic Beauty","product_price_amount":"14.25","product_price_currency":"EUR","og_availability":"out of stock","product_availability":"out of stock","product_condition":"new"},"_links":{"self":[{"href":"https:\/\/dutchhealthstore.com\/de\/wp-json\/wp\/v2\/product\/177541","targetHints":{"allow":["GET"]}}],"collection":[{"href":"https:\/\/dutchhealthstore.com\/de\/wp-json\/wp\/v2\/product"}],"about":[{"href":"https:\/\/dutchhealthstore.com\/de\/wp-json\/wp\/v2\/types\/product"}],"replies":[{"embeddable":true,"href":"https:\/\/dutchhealthstore.com\/de\/wp-json\/wp\/v2\/comments?post=177541"}],"wp:featuredmedia":[{"embeddable":true,"href":"https:\/\/dutchhealthstore.com\/de\/wp-json\/wp\/v2\/media\/303658"}],"wp:attachment":[{"href":"https:\/\/dutchhealthstore.com\/de\/wp-json\/wp\/v2\/media?parent=177541"}],"wp:term":[{"taxonomy":"product_brand","embeddable":true,"href":"https:\/\/dutchhealthstore.com\/de\/wp-json\/wp\/v2\/product_brand?post=177541"},{"taxonomy":"product_cat","embeddable":true,"href":"https:\/\/dutchhealthstore.com\/de\/wp-json\/wp\/v2\/product_cat?post=177541"},{"taxonomy":"product_tag","embeddable":true,"href":"https:\/\/dutchhealthstore.com\/de\/wp-json\/wp\/v2\/product_tag?post=177541"}],"curies":[{"name":"wp","href":"https:\/\/api.w.org\/{rel}","templated":true}]}}