{"id":176484,"date":"2021-11-22T18:22:21","date_gmt":"2021-11-22T17:22:21","guid":{"rendered":"https:\/\/dutchhealthstore.com\/product\/h-o-l-i-b-r-i-g-h-t-resurface-glass-face-mask\/"},"modified":"2026-04-03T07:48:19","modified_gmt":"2026-04-03T05:48:19","slug":"h-o-l-i-b-r-i-g-h-t-resurface-glass-face-mask","status":"publish","type":"product","link":"https:\/\/dutchhealthstore.com\/de\/product\/h-o-l-i-b-r-i-g-h-t-resurface-glass-face-mask\/","title":{"rendered":"Holi (Bright) Resurface Glass Face Mask"},"content":{"rendered":"<p><img decoding=\"async\" class=\"alignright\" src=\"https:\/\/dutchhealthstore.com\/wp-content\/uploads\/2020\/07\/Logo-Agent-Nateur.jpg\" alt=\"Logo Agent Nateur\"><\/p>\n<p>Diese aufhellende, sch\u00f6nheitsf\u00f6rdernde Behandlung mit einer Kombination aus leistungsstarken Inhaltsstoffen wie Aloe Vera, franz\u00f6sischen Seidenpeptiden, Pitaya, Hyalurons\u00e4ure und Gurke spendet intensiv Feuchtigkeit, beruhigt und bes\u00e4nftigt die Haut, w\u00e4hrend sie gleichzeitig aktiv und sanft das Hautbild verfeinert und das Erscheinungsbild feiner Linien, Falten und Poren minimiert. Holi (bright) ist ideal f\u00fcr reife, trockene, empfindliche, entz\u00fcndete oder sonnenexponierte Haut. Es enth\u00e4lt viele Antioxidantien und eignet sich perfekt f\u00fcr eine intensiv feuchtigkeitsspendende Gesichtsbehandlung zu Hause, die f\u00fcr eine saubere, klare, weiche und glatte Haut und einen strahlenden, gl\u00e4sernen, alterslosen Glanz sorgt.<\/p>\n<p><i><b>Wiederherstellend und sch\u00fctzend, unser <\/b><span style=\"font-size: 14.4px;\"><b>Holi <\/b><\/span><b>(bright) Gesichtsmaske aus Glas wird Ihrer Haut helfen, ihr maximales altersloses Potenzial zu erreichen.<\/b><\/i><\/p>\n<p><strong>Gr\u00f6\u00dfe<\/strong>: 30 ml<\/p>\n<h3>Wie zu verwenden<\/h3>\n<p>Mit unserem weichen Maskenpinsel auf die saubere Haut auftragen. Das gesamte Gesicht, den Hals, die Brust, die H\u00e4nde und die Handgelenke mit einer dicken Schicht der Maske bemalen. Mindestens 15 Minuten einwirken lassen. F\u00fcr ein intensives Ergebnis \u00fcber Nacht einwirken lassen. Mit warmem Wasser absp\u00fclen.<\/p>\n<p>*Bei Ber\u00fchrung mit den Augen oder Stechen auf der Haut gr\u00fcndlich mit Wasser aussp\u00fclen.<\/p>\n<p><i><b>Jenas Tipps: Ich liebe es, die <\/b><span style=\"font-size: 14.4px;\"><b>Holi<\/b><\/span><b> (bright) am Abend, wenn ich in der Badewanne sitze. Ich lasse es \u00fcber Nacht einwirken. Ich trage es auch direkt vor einer langen Nacht auf. Es beruhigt und bes\u00e4nftigt meine Haut und verleiht ihr ein glas\u00e4hnliches Aussehen!<\/b><\/i><\/p>\n<h3>Hauptbestandteile<\/h3>\n<ul>\n<li>Extrakte aus reinstem <i>Aloe-Vera-Gel<\/i> spenden Feuchtigkeit und versorgen die Haut mit N\u00e4hrstoffen, ohne zu fetten. Das Gel ist ideal f\u00fcr trockene, gesch\u00e4digte oder sonnenverbrannte Haut. Es lindert und beruhigt trockene Haut, f\u00fcllt die Feuchtigkeitsbarriere der Haut wieder auf und mildert Trockenheitsr\u00f6tungen, w\u00e4hrend es gleichzeitig Feuchtigkeit spendet, n\u00e4hrt und das Erscheinungsbild von feinen Linien, Falten und Augenringen minimiert.<\/li>\n<li><i>Franz\u00f6sische Seidenpeptide<\/i>, 100% nat\u00fcrliche Seidenproteine, die aus dem Seidenraupenkokon gewonnen werden, sind revolution\u00e4re Inhaltsstoffe, vollgepackt mit N\u00e4hrstoffen, die den Hautton aufhellen und revitalisieren. Franz\u00f6sische Seidenpeptide helfen der Haut, Feuchtigkeit zu bewahren, und lassen sie sichtbar j\u00fcnger aussehen. Sie verleihen ihr einen taufrischen Glanz, w\u00e4hrend sie den Hautton aufhellen, die Kollagenproduktion anregen und zusammen mit Aloe Vera das Erscheinungsbild von feinen Linien und F\u00e4ltchen reduzieren. Die Haut sieht sichtbar j\u00fcnger, revitalisiert und erfrischt aus.<\/li>\n<li><i>Hochmolekulare Hyalurons\u00e4ure<\/i> ist intensiv feuchtigkeitsspendend und tr\u00e4gt dazu bei, die Feuchtigkeit aktiv an die Hautoberfl\u00e4che zu transportieren. Sie verleiht Ihrem Teint sofort ein strahlendes Aussehen, Volumen und Leuchtkraft, w\u00e4hrend sie gleichzeitig die Kollagenproduktion anregt und f\u00f6rdert und so f\u00fcr ein pralleres, glatteres Finish sorgt.<\/li>\n<li><i>Vitamin C, <\/i>vollgepackt mit wirkungsvollen Antioxidantien<span class=\"s1\">,<\/span> ist ein Garant f\u00fcr klare und strahlende Haut. Erhellt fahle Haut und st\u00e4rkt den Hautton, reduziert das Erscheinungsbild von feinen Linien, R\u00f6tungen und Altersflecken und bietet gleichzeitig umfassenden Schutz vor Umweltstressfaktoren, die trockene Haut verursachen<span class=\"s1\">.<\/span> Mit diesem revolution\u00e4ren Wirkstoff wird Ihre Haut aufgehellt und gleichzeitig gest\u00e4rkt. Verbessern Sie die Textur von zu Akne neigender Haut, stellen Sie die Festigkeit der Haut wieder her, minimieren Sie das Erscheinungsbild der Poren und verleihen Sie ihr eine alterslose Ausstrahlung.<\/li>\n<li><i>Pitaya-Extrakt,<\/i> auch bekannt als Drachenfrucht-Extrakt, ist eine kraftvolle Quelle n\u00e4hrender Antioxidantien und jugendlicher Vitamine, die die Haut hydratisieren und sch\u00fctzen und gleichzeitig die Feuchtigkeitsbarriere der Haut st\u00e4rken. Mit seinem hohen Gehalt an bioverf\u00fcgbarem Vitamin C und Mineralien &#8211; Zink, Magnesium und Kalium &#8211; tr\u00e4gt der Pitaya-Extrakt dazu bei, dass sich die Haut straff und geliftet anf\u00fchlt, w\u00e4hrend sie gleichzeitig maximal mit Feuchtigkeit und N\u00e4hrstoffen versorgt wird und das Erscheinungsbild von Falten und feinen Linien minimiert wird.<\/li>\n<li>Der sanfte <i>Gurkenextrakt <\/i>hilft, feuchtigkeitsarme Haut zu beruhigen, zu n\u00e4hren und mit Feuchtigkeit zu versorgen, wodurch das Erscheinungsbild von feinen Linien und Falten gemildert wird. Gurkenextrakt ist reich an Antioxidantien und wirkt zusammen mit anderen Inhaltsstoffen feuchtigkeitsspendend, beruhigend und bes\u00e4nftigend. Gleichzeitig wird die Hautstruktur sanft gereinigt und verfeinert, so dass die weiche und glatte Haut darunter zum Vorschein kommt.<\/li>\n<li><em>Rote-Bete-Extrakt<\/em>, das mit Antioxidantien angereicherte Produkt ist ein wirkungsvoller Cocktail aus wertvollen Mineralien, darunter Vitamin C, Vitamin B6, Fols\u00e4ure, Kalium, Mangan, Phosphor und Eisen, und tr\u00e4gt dazu bei, das Hautbild zu verfeinern und abgestorbene Hautzellen zu reduzieren. <i>Maisst\u00e4rke, <\/i>mit einem hohen Anteil an Vitamin A, das dazu beitr\u00e4gt, das Erscheinungsbild von Altersflecken zu reduzieren, die Zeichen der Hautalterung zu mindern und der Haut zu helfen, sichtbar j\u00fcnger, vitaler und strahlender auszusehen.<\/li>\n<li><i>Milchs\u00e4ure <\/i>ist ein sanftes Peeling, das abgestorbene Hautzellen aufl\u00f6st, ohne zu reizen. Diese nat\u00fcrliche S\u00e4ure w\u00e4scht Mattigkeit ab und sorgt f\u00fcr eine strahlende, jugendlich aussehende, feste und leuchtende Haut.<\/li>\n<\/ul>\n<h3 class=\"yikes-custom-woo-tab-title yikes-custom-woo-tab-title-natural-organic-ingredients\">Nat\u00fcrliche\/Organische Inhaltsstoffe<\/h3>\n<p>aloe barbadensis (aloe) leaf juice, sodium alginate, hydrolyzed silk, xanthum gum, sodium ascorbyl phosphate, hyaluronic acid, cucumis sativus (cucumber) fruit extract, hylocereus undatus fruit extract, water, hydrolyzed corn starch, beta vulgaris (beet) root extract, lactic acid, glycerin (vegetable), jasmine sambac, benzyl alcohol, benzoic acidBody<\/p>\n<p>&nbsp;<\/p>\n","protected":false},"excerpt":{"rendered":"<p>Diese aufhellende, sch\u00f6nheitsf\u00f6rdernde Behandlung mit einer Kombination leistungsstarker Inhaltsstoffe spendet tiefenwirksam Feuchtigkeit und wirkt beruhigend und lindernd.<\/p>\n<p><strong>Gr\u00f6\u00dfe<\/strong>: 30 ml<\/p>\n","protected":false},"featured_media":312818,"comment_status":"open","ping_status":"closed","template":"","meta":[],"product_brand":[],"product_cat":[6666,1227,5633,5669,5678,14735,1032,1210,5635,5679,5637,1119,5638,5636,5632,5101,511,5634,5631],"product_tag":[9629,21361,6317,4659,4831],"class_list":{"0":"post-176484","1":"product","2":"type-product","3":"status-publish","4":"has-post-thumbnail","6":"product_cat-agent-nateur-de","7":"product_cat-sensitive-skin-redness-de","8":"product_cat-sensitive-skin-redness-de-2","9":"product_cat-oily-skin-clogged-pores-de","10":"product_cat-oily-skin-clogged-pores-de-2","11":"product_cat-hautpflege","12":"product_cat-kategorien","13":"product_cat-marken","14":"product_cat-masks-scrubs-exfoliators-de-6","15":"product_cat-masks-scrubs-exfoliators-de-2","16":"product_cat-masks-scrubs-exfoliators-de","17":"product_cat-masks-scrubs-exfoliators-de-5","18":"product_cat-masks-scrubs-exfoliators-de-4","19":"product_cat-normal-or-combination-skin-de-2","20":"product_cat-normal-or-combination-skin-de","21":"product_cat-by-skin-type-de-4","22":"product_cat-produkte","23":"product_cat-dry-mature-ageing-skin-de-2","24":"product_cat-dry-mature-ageing-skin-de","25":"product_tag-exfoliator-de","26":"product_tag-face-care-de","27":"product_tag-glow-de","28":"product_tag-mask-de","29":"product_tag-skin-de","30":"pa_brand-agent-nateur-de","31":"pa_gtin-8600007597909-de","32":"pa_skincare-type-masks-scrubs-exfoliators-de","33":"pa_skintype-normal-combination-skin-de","34":"pa_skintype-oily-skin-de","35":"pa_skintype-sensitive-skin-redness-de","36":"pa_skintype-dry-mature-ageing-skin-de","38":"first","39":"instock","40":"taxable","41":"shipping-taxable","42":"purchasable","43":"product-type-simple"},"bundled_by":[],"bundle_stock_status":"instock","bundle_stock_quantity":2,"bundle_virtual":false,"bundle_layout":"","bundle_add_to_cart_form_location":"","bundle_editable_in_cart":false,"bundle_sold_individually_context":"","bundle_item_grouping":"","bundle_min_size":"","bundle_max_size":"","bundle_price":[],"bundled_items":[],"bundle_sell_ids":[129708],"atum_controlled":true,"out_stock_date":null,"out_stock_threshold":null,"inheritable":false,"stock_on_hold":1,"sold_today":0,"sales_last_days":1,"out_stock_days":0,"lost_sales":0,"update_date":"2026-04-13T10:15:52","atum_locations":[],"atum_stock_status":"instock","restock_status":false,"low_stock_amount":"","sales_update_date":"2026-04-13T10:15:52","calc_backorders":null,"group_of_quantity":0,"min_quantity":0,"max_quantity":"","exclude_order_quantity_value_rules":"no","exclude_category_quantity_rules":"no","combine_variations":"no","yoast_head":"<!-- This site is optimized with the Yoast SEO Premium plugin v26.5 (Yoast SEO v26.5) - https:\/\/yoast.com\/wordpress\/plugins\/seo\/ -->\n<title>Holi (Bright) Resurface Glass Face Mask - Agent Nateur<\/title>\n<meta name=\"description\" content=\"Diese aufhellende, sch\u00f6nheitsf\u00f6rdernde Behandlung mit einer Kombination leistungsstarker Inhaltsstoffe spendet tiefenwirksam Feuchtigkeit und wirkt beruhigend und lindernd.\" \/>\n<meta name=\"robots\" content=\"index, follow, max-snippet:-1, max-image-preview:large, max-video-preview:-1\" \/>\n<link rel=\"canonical\" href=\"https:\/\/dutchhealthstore.com\/de\/product\/h-o-l-i-b-r-i-g-h-t-resurface-glass-face-mask\/\" \/>\n<meta property=\"og:locale\" content=\"de_DE\" \/>\n<meta property=\"og:type\" content=\"article\" \/>\n<meta property=\"og:title\" content=\"Holi (Bright) Resurface Glass Face Mask - Dutch Health Store\" \/>\n<meta property=\"og:description\" content=\"Diese aufhellende, sch\u00f6nheitsf\u00f6rdernde Behandlung mit einer Kombination leistungsstarker Inhaltsstoffe spendet tiefenwirksam Feuchtigkeit und wirkt beruhigend und lindernd.\" \/>\n<meta property=\"og:url\" content=\"https:\/\/dutchhealthstore.com\/de\/product\/h-o-l-i-b-r-i-g-h-t-resurface-glass-face-mask\/\" \/>\n<meta property=\"og:site_name\" content=\"Dutch Health Store\" \/>\n<meta property=\"article:publisher\" content=\"https:\/\/www.instagram.com\/dutchhealthstore\/\" \/>\n<meta property=\"article:modified_time\" content=\"2026-04-03T05:48:19+00:00\" \/>\n<meta property=\"og:image\" content=\"https:\/\/dutchhealthstore.com\/wp-content\/uploads\/2021\/11\/holi-bright-resurface-face-mask.jpg\" \/>\n\t<meta property=\"og:image:width\" content=\"500\" \/>\n\t<meta property=\"og:image:height\" content=\"500\" \/>\n\t<meta property=\"og:image:type\" content=\"image\/jpeg\" \/>\n<meta name=\"twitter:card\" content=\"summary_large_image\" \/>\n<meta name=\"twitter:label1\" content=\"Preis\" \/>\n\t<meta name=\"twitter:data1\" content=\"&euro;97,00\" \/>\n\t<meta name=\"twitter:label2\" content=\"Verf\u00fcgbarkeit\" \/>\n\t<meta name=\"twitter:data2\" content=\"Auf Lager\" \/>\n<script type=\"application\/ld+json\" class=\"yoast-schema-graph\">{\"@context\":\"https:\/\/schema.org\",\"@graph\":[{\"@type\":\"WebPage\",\"@id\":\"https:\/\/dutchhealthstore.com\/de\/product\/h-o-l-i-b-r-i-g-h-t-resurface-glass-face-mask\/\",\"url\":\"https:\/\/dutchhealthstore.com\/de\/product\/h-o-l-i-b-r-i-g-h-t-resurface-glass-face-mask\/\",\"name\":\"Holi (Bright) Resurface Glass Face Mask - Agent Nateur\",\"isPartOf\":{\"@id\":\"https:\/\/dutchhealthstore.com\/de\/#website\"},\"primaryImageOfPage\":{\"@id\":\"https:\/\/dutchhealthstore.com\/de\/product\/h-o-l-i-b-r-i-g-h-t-resurface-glass-face-mask\/#primaryimage\"},\"image\":{\"@id\":\"https:\/\/dutchhealthstore.com\/de\/product\/h-o-l-i-b-r-i-g-h-t-resurface-glass-face-mask\/#primaryimage\"},\"thumbnailUrl\":\"https:\/\/dutchhealthstore.com\/wp-content\/uploads\/2021\/11\/agent-natuer_0000s_0001_holi-bright.jpg\",\"datePublished\":\"2021-11-22T17:22:21+00:00\",\"dateModified\":\"2026-04-03T05:48:19+00:00\",\"description\":\"Diese aufhellende, sch\u00f6nheitsf\u00f6rdernde Behandlung mit einer Kombination leistungsstarker Inhaltsstoffe spendet tiefenwirksam Feuchtigkeit und wirkt beruhigend und lindernd.\",\"breadcrumb\":{\"@id\":\"https:\/\/dutchhealthstore.com\/de\/product\/h-o-l-i-b-r-i-g-h-t-resurface-glass-face-mask\/#breadcrumb\"},\"inLanguage\":\"de\",\"potentialAction\":[{\"@type\":\"ReadAction\",\"target\":[\"https:\/\/dutchhealthstore.com\/de\/product\/h-o-l-i-b-r-i-g-h-t-resurface-glass-face-mask\/\"]}]},{\"@type\":\"ImageObject\",\"inLanguage\":\"de\",\"@id\":\"https:\/\/dutchhealthstore.com\/de\/product\/h-o-l-i-b-r-i-g-h-t-resurface-glass-face-mask\/#primaryimage\",\"url\":\"https:\/\/dutchhealthstore.com\/wp-content\/uploads\/2021\/11\/agent-natuer_0000s_0001_holi-bright.jpg\",\"contentUrl\":\"https:\/\/dutchhealthstore.com\/wp-content\/uploads\/2021\/11\/agent-natuer_0000s_0001_holi-bright.jpg\",\"width\":530,\"height\":530},{\"@type\":\"BreadcrumbList\",\"@id\":\"https:\/\/dutchhealthstore.com\/de\/product\/h-o-l-i-b-r-i-g-h-t-resurface-glass-face-mask\/#breadcrumb\",\"itemListElement\":[{\"@type\":\"ListItem\",\"position\":1,\"name\":\"Home\",\"item\":\"https:\/\/dutchhealthstore.com\/de\/\"},{\"@type\":\"ListItem\",\"position\":2,\"name\":\"Shop\",\"item\":\"https:\/\/dutchhealthstore.com\/de\/shop-2\/\"},{\"@type\":\"ListItem\",\"position\":3,\"name\":\"Holi (Bright) Resurface Glass Face Mask\"}]},{\"@type\":\"WebSite\",\"@id\":\"https:\/\/dutchhealthstore.com\/de\/#website\",\"url\":\"https:\/\/dutchhealthstore.com\/de\/\",\"name\":\"Dutch Health Store\",\"description\":\"Enhance Your Beauty with Organic &amp; Natural Skincare\",\"publisher\":{\"@id\":\"https:\/\/dutchhealthstore.com\/de\/#organization\"},\"potentialAction\":[{\"@type\":\"SearchAction\",\"target\":{\"@type\":\"EntryPoint\",\"urlTemplate\":\"https:\/\/dutchhealthstore.com\/de\/?s={search_term_string}\"},\"query-input\":{\"@type\":\"PropertyValueSpecification\",\"valueRequired\":true,\"valueName\":\"search_term_string\"}}],\"inLanguage\":\"de\"},{\"@type\":\"Organization\",\"@id\":\"https:\/\/dutchhealthstore.com\/de\/#organization\",\"name\":\"Dutch Health Store\",\"url\":\"https:\/\/dutchhealthstore.com\/de\/\",\"logo\":{\"@type\":\"ImageObject\",\"inLanguage\":\"de\",\"@id\":\"https:\/\/dutchhealthstore.com\/de\/#\/schema\/logo\/image\/\",\"url\":\"https:\/\/dutchhealthstore.com\/wp-content\/uploads\/2020\/08\/logo-dutchhealthstore-jpg-e1599484957574.jpg\",\"contentUrl\":\"https:\/\/dutchhealthstore.com\/wp-content\/uploads\/2020\/08\/logo-dutchhealthstore-jpg-e1599484957574.jpg\",\"width\":400,\"height\":62,\"caption\":\"Dutch Health Store\"},\"image\":{\"@id\":\"https:\/\/dutchhealthstore.com\/de\/#\/schema\/logo\/image\/\"},\"sameAs\":[\"https:\/\/www.instagram.com\/dutchhealthstore\/\",\"https:\/\/www.facebook.com\/dutchhealthstore\"]}]}<\/script>\n<meta property=\"product:brand\" content=\"Agent Nateur\" \/>\n<meta property=\"product:price:amount\" content=\"97.00\" \/>\n<meta property=\"product:price:currency\" content=\"EUR\" \/>\n<meta property=\"og:availability\" content=\"instock\" \/>\n<meta property=\"product:availability\" content=\"instock\" \/>\n<meta property=\"product:condition\" content=\"new\" \/>\n<!-- \/ Yoast SEO Premium plugin. -->","yoast_head_json":{"title":"Holi (Bright) Resurface Glass Face Mask - Agent Nateur","description":"Diese aufhellende, sch\u00f6nheitsf\u00f6rdernde Behandlung mit einer Kombination leistungsstarker Inhaltsstoffe spendet tiefenwirksam Feuchtigkeit und wirkt beruhigend und lindernd.","robots":{"index":"index","follow":"follow","max-snippet":"max-snippet:-1","max-image-preview":"max-image-preview:large","max-video-preview":"max-video-preview:-1"},"canonical":"https:\/\/dutchhealthstore.com\/de\/product\/h-o-l-i-b-r-i-g-h-t-resurface-glass-face-mask\/","og_locale":"de_DE","og_type":"article","og_title":"Holi (Bright) Resurface Glass Face Mask - Dutch Health Store","og_description":"Diese aufhellende, sch\u00f6nheitsf\u00f6rdernde Behandlung mit einer Kombination leistungsstarker Inhaltsstoffe spendet tiefenwirksam Feuchtigkeit und wirkt beruhigend und lindernd.","og_url":"https:\/\/dutchhealthstore.com\/de\/product\/h-o-l-i-b-r-i-g-h-t-resurface-glass-face-mask\/","og_site_name":"Dutch Health Store","article_publisher":"https:\/\/www.instagram.com\/dutchhealthstore\/","article_modified_time":"2026-04-03T05:48:19+00:00","og_image":[{"width":500,"height":500,"url":"https:\/\/dutchhealthstore.com\/wp-content\/uploads\/2021\/11\/holi-bright-resurface-face-mask.jpg","type":"image\/jpeg"}],"twitter_card":"summary_large_image","twitter_misc":{"Preis":"&euro;97,00","Verf\u00fcgbarkeit":"Auf Lager"},"schema":{"@context":"https:\/\/schema.org","@graph":[{"@type":"WebPage","@id":"https:\/\/dutchhealthstore.com\/de\/product\/h-o-l-i-b-r-i-g-h-t-resurface-glass-face-mask\/","url":"https:\/\/dutchhealthstore.com\/de\/product\/h-o-l-i-b-r-i-g-h-t-resurface-glass-face-mask\/","name":"Holi (Bright) Resurface Glass Face Mask - Agent Nateur","isPartOf":{"@id":"https:\/\/dutchhealthstore.com\/de\/#website"},"primaryImageOfPage":{"@id":"https:\/\/dutchhealthstore.com\/de\/product\/h-o-l-i-b-r-i-g-h-t-resurface-glass-face-mask\/#primaryimage"},"image":{"@id":"https:\/\/dutchhealthstore.com\/de\/product\/h-o-l-i-b-r-i-g-h-t-resurface-glass-face-mask\/#primaryimage"},"thumbnailUrl":"https:\/\/dutchhealthstore.com\/wp-content\/uploads\/2021\/11\/agent-natuer_0000s_0001_holi-bright.jpg","datePublished":"2021-11-22T17:22:21+00:00","dateModified":"2026-04-03T05:48:19+00:00","description":"Diese aufhellende, sch\u00f6nheitsf\u00f6rdernde Behandlung mit einer Kombination leistungsstarker Inhaltsstoffe spendet tiefenwirksam Feuchtigkeit und wirkt beruhigend und lindernd.","breadcrumb":{"@id":"https:\/\/dutchhealthstore.com\/de\/product\/h-o-l-i-b-r-i-g-h-t-resurface-glass-face-mask\/#breadcrumb"},"inLanguage":"de","potentialAction":[{"@type":"ReadAction","target":["https:\/\/dutchhealthstore.com\/de\/product\/h-o-l-i-b-r-i-g-h-t-resurface-glass-face-mask\/"]}]},{"@type":"ImageObject","inLanguage":"de","@id":"https:\/\/dutchhealthstore.com\/de\/product\/h-o-l-i-b-r-i-g-h-t-resurface-glass-face-mask\/#primaryimage","url":"https:\/\/dutchhealthstore.com\/wp-content\/uploads\/2021\/11\/agent-natuer_0000s_0001_holi-bright.jpg","contentUrl":"https:\/\/dutchhealthstore.com\/wp-content\/uploads\/2021\/11\/agent-natuer_0000s_0001_holi-bright.jpg","width":530,"height":530},{"@type":"BreadcrumbList","@id":"https:\/\/dutchhealthstore.com\/de\/product\/h-o-l-i-b-r-i-g-h-t-resurface-glass-face-mask\/#breadcrumb","itemListElement":[{"@type":"ListItem","position":1,"name":"Home","item":"https:\/\/dutchhealthstore.com\/de\/"},{"@type":"ListItem","position":2,"name":"Shop","item":"https:\/\/dutchhealthstore.com\/de\/shop-2\/"},{"@type":"ListItem","position":3,"name":"Holi (Bright) Resurface Glass Face Mask"}]},{"@type":"WebSite","@id":"https:\/\/dutchhealthstore.com\/de\/#website","url":"https:\/\/dutchhealthstore.com\/de\/","name":"Dutch Health Store","description":"Enhance Your Beauty with Organic &amp; Natural Skincare","publisher":{"@id":"https:\/\/dutchhealthstore.com\/de\/#organization"},"potentialAction":[{"@type":"SearchAction","target":{"@type":"EntryPoint","urlTemplate":"https:\/\/dutchhealthstore.com\/de\/?s={search_term_string}"},"query-input":{"@type":"PropertyValueSpecification","valueRequired":true,"valueName":"search_term_string"}}],"inLanguage":"de"},{"@type":"Organization","@id":"https:\/\/dutchhealthstore.com\/de\/#organization","name":"Dutch Health Store","url":"https:\/\/dutchhealthstore.com\/de\/","logo":{"@type":"ImageObject","inLanguage":"de","@id":"https:\/\/dutchhealthstore.com\/de\/#\/schema\/logo\/image\/","url":"https:\/\/dutchhealthstore.com\/wp-content\/uploads\/2020\/08\/logo-dutchhealthstore-jpg-e1599484957574.jpg","contentUrl":"https:\/\/dutchhealthstore.com\/wp-content\/uploads\/2020\/08\/logo-dutchhealthstore-jpg-e1599484957574.jpg","width":400,"height":62,"caption":"Dutch Health Store"},"image":{"@id":"https:\/\/dutchhealthstore.com\/de\/#\/schema\/logo\/image\/"},"sameAs":["https:\/\/www.instagram.com\/dutchhealthstore\/","https:\/\/www.facebook.com\/dutchhealthstore"]}]},"product_brand":"Agent Nateur","product_price_amount":"97.00","product_price_currency":"EUR","og_availability":"instock","product_availability":"instock","product_condition":"new"},"_links":{"self":[{"href":"https:\/\/dutchhealthstore.com\/de\/wp-json\/wp\/v2\/product\/176484","targetHints":{"allow":["GET"]}}],"collection":[{"href":"https:\/\/dutchhealthstore.com\/de\/wp-json\/wp\/v2\/product"}],"about":[{"href":"https:\/\/dutchhealthstore.com\/de\/wp-json\/wp\/v2\/types\/product"}],"replies":[{"embeddable":true,"href":"https:\/\/dutchhealthstore.com\/de\/wp-json\/wp\/v2\/comments?post=176484"}],"wp:featuredmedia":[{"embeddable":true,"href":"https:\/\/dutchhealthstore.com\/de\/wp-json\/wp\/v2\/media\/312818"}],"wp:attachment":[{"href":"https:\/\/dutchhealthstore.com\/de\/wp-json\/wp\/v2\/media?parent=176484"}],"wp:term":[{"taxonomy":"product_brand","embeddable":true,"href":"https:\/\/dutchhealthstore.com\/de\/wp-json\/wp\/v2\/product_brand?post=176484"},{"taxonomy":"product_cat","embeddable":true,"href":"https:\/\/dutchhealthstore.com\/de\/wp-json\/wp\/v2\/product_cat?post=176484"},{"taxonomy":"product_tag","embeddable":true,"href":"https:\/\/dutchhealthstore.com\/de\/wp-json\/wp\/v2\/product_tag?post=176484"}],"curies":[{"name":"wp","href":"https:\/\/api.w.org\/{rel}","templated":true}]}}