{"id":166401,"date":"2021-09-30T12:31:55","date_gmt":"2021-09-30T10:31:55","guid":{"rendered":"https:\/\/dutchhealthstore.com\/product\/arnica-kunzea-compositum-bruise-tear-oil\/"},"modified":"2026-01-23T07:40:37","modified_gmt":"2026-01-23T06:40:37","slug":"arnica-kunzea-compositum-bruise-tear-oil","status":"publish","type":"product","link":"https:\/\/dutchhealthstore.com\/de\/product\/arnica-kunzea-compositum-bruise-tear-oil\/","title":{"rendered":"ARNICA \/ KUNZEA COMPOSITUM \/ Bruise + Tear Oil"},"content":{"rendered":"<p>&nbsp;<\/p>\n<p>Unsere langsame und langwierige Methode des Sonnenaufgusses extrahiert auf sanfte Weise die wirksamen Bestandteile von <strong>Arnika<\/strong> &#8211; lindert schmerzende, geprellte, gerissene und verstauchte Muskeln und Sehnen; und <strong>Kunzea<\/strong> &#8211; ein australisches Kraut, das von den indigenen Gemeinschaften seit Tausenden von Jahren zur Behandlung von Muskelverletzungen verwendet wird.<\/p>\n<p>Die Geschichte der Arnika geht auf das fr\u00fche 16. Jahrhundert zur\u00fcck, als sie in Deutschland ein beliebtes Volksheilmittel zur Behandlung von stumpfen Verletzungen, Bluterg\u00fcssen, Entz\u00fcndungen und Hautverletzungen wurde. Heute ist es fester Bestandteil der deutschen Hom\u00f6opathie und ein Eckpfeiler jeder Hausapotheke.<\/p>\n<p>In der Aromatherapie wird Kunzea zugeschrieben, tief sitzende k\u00f6rperliche und emotionale Schmerzen zu l\u00f6sen, die lange Zeit unterdr\u00fcckt wurden. Der Busch w\u00e4chst \u00fcberall bei uns im K\u00e4ngurutal und wir sehen oft K\u00e4ngurus, die sich unter ihm ausruhen. Manche glauben, dass die Tiere ihn aufsuchen, weil der aromatische Duft des Busches Zecken abwehrt, daher auch der Name &#8222;Tick Bush&#8220;. Aber um ehrlich zu sein, habe ich so viele Zeckenbisse bekommen, als ich durch die besagten B\u00fcsche gestreift bin, dass ich glaube, die K\u00e4ngurus suchen einfach nur Schatten.<\/p>\n<p>Frei von \u00e4therischen \u00d6len.<\/p>\n<h3>Hauttyp<\/h3>\n<p>Vom Kind zum Erwachsenen.<\/p>\n<h3>Wie zu verwenden<\/h3>\n<p>Vor und nach dem Training oder einer anstrengenden T\u00e4tigkeit, bei Muskelrissen und stumpfen Prellungen in die Muskeln einmassieren. Je nach Bedarf eine kleine Menge in die betroffene Stelle einmassieren. Hervorragend geeignet als muskelerw\u00e4rmendes Massage\u00f6l.<\/p>\n<p><strong>Gr\u00f6\u00dfe: 50 ml<\/strong><\/p>\n<h3 class=\"yikes-custom-woo-tab-title yikes-custom-woo-tab-title-natural-organic-ingredients\">Nat\u00fcrliche\/Organische Inhaltsstoffe<\/h3>\n<p>OLEA EUROPAEA (OLIVE) \u00d6L** Victoria<\/p>\n<p>ARNICA (ARNICA MONTANA) BL\u00dcTENEXTRAKT* USA, Australien<\/p>\n<p>KUNZEA (KUNZEA AMBIGUA) EXTRAKT^ Tasmanien\/Kangaroo Valley<\/p>\n<p>VANILLA PLANIFOLIA (VANILLA) FRUCHTEXTRAKT* Daintree Regenwald, Australien<\/p>\n<p class=\"p1\">*zertifiziert biologisch **zertifiziert biodynamisch Demeter ^wildcrafted &#8222;non-nano\/cert cosmetic.<br \/>\nDie Extrakte werden mindestens 4 Monate lang in zertifiziertem biodynamischem Oliven\u00f6l in der Sonne eingelegt.<br \/>\nDie Pflanzen werden von Hand gepfl\u00fcckt, luftgetrocknet oder in der Sonne getrocknet.<br \/>\nHarze sind fair gehandelt.<\/p>\n<h3>Zusammensetzung<\/h3>\n<p><strong>Warum Johanna diese Zutaten ausgew\u00e4hlt hat<\/strong><\/p>\n<p><strong>OLIVEN\u00d6L**<\/strong><br \/>\nHilft gegen k\u00f6rperliche und geistige Erm\u00fcdung.<br \/>\nF\u00f6rdert die Durchblutung.<br \/>\nErh\u00e4lt die Feuchtigkeitsbalance und Elastizit\u00e4t.<\/p>\n<p><strong>ARNICA*<\/strong><br \/>\nEntz\u00fcndungshemmend.<br \/>\nHilft, Schmerzen und Schwellungen im Zusammenhang mit Prellungen, Verstauchungen, Zerrungen und Muskelschmerzen zu lindern.<br \/>\nF\u00f6rdert die Durchblutung, strafft und w\u00e4rmt.<\/p>\n<p><strong>KUNZEA*^<br \/>\n<\/strong>Hilft, Muskelschmerzen zu lindern.<br \/>\nLindert die Symptome von Muskelzerrungen.<br \/>\nHilft bei leichter Arthritis, Gelenkschmerzen und leichten rheumatischen Beschwerden.<\/p>\n<p><strong>VANILLEFRUCHTEXTRAKT*<\/strong><br \/>\nHilft bei der Reduzierung von Hautinfektionen und unterst\u00fctzt die Wundheilung.<br \/>\nStimuliert die Zellregeneration.<br \/>\nSch\u00fctzt vor Umweltstressoren.<\/p>\n<p>*zertifiziert biologisch **zertifiziert Demeter biodynamisch ^wildcrafted &#8222;non-nano.<br \/>\nDie Extrakte werden mindestens 4 Monate lang in zertifiziertem biodynamischem Oliven\u00f6l in der Sonne eingelegt.<\/p>\n","protected":false},"excerpt":{"rendered":"<p>Beruhigt schmerzende, geprellte, gerissene und verstauchte Muskeln und Sehnen.<\/p>\n<p><strong>Gr\u00f6\u00dfe: 50 ml <\/strong><\/p>\n","protected":false},"featured_media":314568,"comment_status":"open","ping_status":"closed","template":"","meta":[],"product_brand":[],"product_cat":[6761,1032,8703,1210,6762,8472,511],"product_tag":[21395,21684,4213,21505,4831],"class_list":{"0":"post-166401","1":"product","2":"type-product","3":"status-publish","4":"has-post-thumbnail","6":"product_cat-remedies-de-2","7":"product_cat-kategorien","8":"product_cat-lepaar-de","9":"product_cat-marken","10":"product_cat-sore-muscles-de-2","11":"product_cat-nutrition-de","12":"product_cat-produkte","13":"product_tag-korper","14":"product_tag-massage-de","15":"product_tag-oil-de","16":"product_tag-relief-de","17":"product_tag-skin-de","18":"pa_brand-lepaar-de","19":"pa_gtin-7424916493498-de","20":"pa_health-productype-optimum-health-de","21":"pa_remedies-sore-muscles-de","23":"first","24":"instock","25":"taxable","26":"shipping-taxable","27":"purchasable","28":"product-type-simple"},"bundled_by":[],"bundle_stock_status":"instock","bundle_stock_quantity":4,"bundle_virtual":false,"bundle_layout":"","bundle_add_to_cart_form_location":"","bundle_editable_in_cart":false,"bundle_sold_individually_context":"","bundle_item_grouping":"","bundle_min_size":"","bundle_max_size":"","bundle_price":[],"bundled_items":[],"bundle_sell_ids":[132641],"atum_controlled":true,"out_stock_date":null,"out_stock_threshold":null,"inheritable":false,"stock_on_hold":0,"sold_today":0,"sales_last_days":0,"out_stock_days":0,"lost_sales":0,"update_date":"2026-04-16T09:37:12","atum_locations":[],"atum_stock_status":"instock","restock_status":false,"low_stock_amount":"","sales_update_date":"2026-04-16T09:37:12","calc_backorders":null,"group_of_quantity":0,"min_quantity":0,"max_quantity":"","exclude_order_quantity_value_rules":"no","exclude_category_quantity_rules":"no","combine_variations":"no","yoast_head":"<!-- This site is optimized with the Yoast SEO Premium plugin v26.5 (Yoast SEO v26.5) - https:\/\/yoast.com\/wordpress\/plugins\/seo\/ -->\n<title>- Lepaar<\/title>\n<meta name=\"description\" content=\"Beruhigt schmerzende, geprellte, gerissene und verstauchte Muskeln und Sehnen.\" \/>\n<meta name=\"robots\" content=\"index, follow, max-snippet:-1, max-image-preview:large, max-video-preview:-1\" \/>\n<link rel=\"canonical\" href=\"https:\/\/dutchhealthstore.com\/de\/product\/arnica-kunzea-compositum-bruise-tear-oil\/\" \/>\n<meta property=\"og:locale\" content=\"de_DE\" \/>\n<meta property=\"og:type\" content=\"article\" \/>\n<meta property=\"og:title\" content=\"ARNICA \/ KUNZEA COMPOSITUM \/ Bruise + Tear Oil - Dutch Health Store\" \/>\n<meta property=\"og:description\" content=\"Beruhigt schmerzende, geprellte, gerissene und verstauchte Muskeln und Sehnen.\" \/>\n<meta property=\"og:url\" content=\"https:\/\/dutchhealthstore.com\/de\/product\/arnica-kunzea-compositum-bruise-tear-oil\/\" \/>\n<meta property=\"og:site_name\" content=\"Dutch Health Store\" \/>\n<meta property=\"article:publisher\" content=\"https:\/\/www.instagram.com\/dutchhealthstore\/\" \/>\n<meta property=\"article:modified_time\" content=\"2026-01-23T06:40:37+00:00\" \/>\n<meta property=\"og:image\" content=\"https:\/\/dutchhealthstore.com\/wp-content\/uploads\/2021\/10\/Lepaar-arnica-kunzea.jpg\" \/>\n\t<meta property=\"og:image:width\" content=\"500\" \/>\n\t<meta property=\"og:image:height\" content=\"500\" \/>\n\t<meta property=\"og:image:type\" content=\"image\/jpeg\" \/>\n<meta name=\"twitter:card\" content=\"summary_large_image\" \/>\n<meta name=\"twitter:label1\" content=\"Preis\" \/>\n\t<meta name=\"twitter:data1\" content=\"&euro;32,50\" \/>\n\t<meta name=\"twitter:label2\" content=\"Verf\u00fcgbarkeit\" \/>\n\t<meta name=\"twitter:data2\" content=\"Auf Lager\" \/>\n<script type=\"application\/ld+json\" class=\"yoast-schema-graph\">{\"@context\":\"https:\/\/schema.org\",\"@graph\":[{\"@type\":\"WebPage\",\"@id\":\"https:\/\/dutchhealthstore.com\/de\/product\/arnica-kunzea-compositum-bruise-tear-oil\/\",\"url\":\"https:\/\/dutchhealthstore.com\/de\/product\/arnica-kunzea-compositum-bruise-tear-oil\/\",\"name\":\"- Lepaar\",\"isPartOf\":{\"@id\":\"https:\/\/dutchhealthstore.com\/de\/#website\"},\"primaryImageOfPage\":{\"@id\":\"https:\/\/dutchhealthstore.com\/de\/product\/arnica-kunzea-compositum-bruise-tear-oil\/#primaryimage\"},\"image\":{\"@id\":\"https:\/\/dutchhealthstore.com\/de\/product\/arnica-kunzea-compositum-bruise-tear-oil\/#primaryimage\"},\"thumbnailUrl\":\"https:\/\/dutchhealthstore.com\/wp-content\/uploads\/2021\/09\/arnica12.jpg\",\"datePublished\":\"2021-09-30T10:31:55+00:00\",\"dateModified\":\"2026-01-23T06:40:37+00:00\",\"description\":\"Beruhigt schmerzende, geprellte, gerissene und verstauchte Muskeln und Sehnen.\",\"breadcrumb\":{\"@id\":\"https:\/\/dutchhealthstore.com\/de\/product\/arnica-kunzea-compositum-bruise-tear-oil\/#breadcrumb\"},\"inLanguage\":\"de\",\"potentialAction\":[{\"@type\":\"ReadAction\",\"target\":[\"https:\/\/dutchhealthstore.com\/de\/product\/arnica-kunzea-compositum-bruise-tear-oil\/\"]}]},{\"@type\":\"ImageObject\",\"inLanguage\":\"de\",\"@id\":\"https:\/\/dutchhealthstore.com\/de\/product\/arnica-kunzea-compositum-bruise-tear-oil\/#primaryimage\",\"url\":\"https:\/\/dutchhealthstore.com\/wp-content\/uploads\/2021\/09\/arnica12.jpg\",\"contentUrl\":\"https:\/\/dutchhealthstore.com\/wp-content\/uploads\/2021\/09\/arnica12.jpg\",\"width\":530,\"height\":530},{\"@type\":\"BreadcrumbList\",\"@id\":\"https:\/\/dutchhealthstore.com\/de\/product\/arnica-kunzea-compositum-bruise-tear-oil\/#breadcrumb\",\"itemListElement\":[{\"@type\":\"ListItem\",\"position\":1,\"name\":\"Home\",\"item\":\"https:\/\/dutchhealthstore.com\/de\/\"},{\"@type\":\"ListItem\",\"position\":2,\"name\":\"Shop\",\"item\":\"https:\/\/dutchhealthstore.com\/de\/shop-2\/\"},{\"@type\":\"ListItem\",\"position\":3,\"name\":\"ARNICA \/ KUNZEA COMPOSITUM \/ Bruise + Tear Oil\"}]},{\"@type\":\"WebSite\",\"@id\":\"https:\/\/dutchhealthstore.com\/de\/#website\",\"url\":\"https:\/\/dutchhealthstore.com\/de\/\",\"name\":\"Dutch Health Store\",\"description\":\"Enhance Your Beauty with Organic &amp; Natural Skincare\",\"publisher\":{\"@id\":\"https:\/\/dutchhealthstore.com\/de\/#organization\"},\"potentialAction\":[{\"@type\":\"SearchAction\",\"target\":{\"@type\":\"EntryPoint\",\"urlTemplate\":\"https:\/\/dutchhealthstore.com\/de\/?s={search_term_string}\"},\"query-input\":{\"@type\":\"PropertyValueSpecification\",\"valueRequired\":true,\"valueName\":\"search_term_string\"}}],\"inLanguage\":\"de\"},{\"@type\":\"Organization\",\"@id\":\"https:\/\/dutchhealthstore.com\/de\/#organization\",\"name\":\"Dutch Health Store\",\"url\":\"https:\/\/dutchhealthstore.com\/de\/\",\"logo\":{\"@type\":\"ImageObject\",\"inLanguage\":\"de\",\"@id\":\"https:\/\/dutchhealthstore.com\/de\/#\/schema\/logo\/image\/\",\"url\":\"https:\/\/dutchhealthstore.com\/wp-content\/uploads\/2020\/08\/logo-dutchhealthstore-jpg-e1599484957574.jpg\",\"contentUrl\":\"https:\/\/dutchhealthstore.com\/wp-content\/uploads\/2020\/08\/logo-dutchhealthstore-jpg-e1599484957574.jpg\",\"width\":400,\"height\":62,\"caption\":\"Dutch Health Store\"},\"image\":{\"@id\":\"https:\/\/dutchhealthstore.com\/de\/#\/schema\/logo\/image\/\"},\"sameAs\":[\"https:\/\/www.instagram.com\/dutchhealthstore\/\",\"https:\/\/www.facebook.com\/dutchhealthstore\"]}]}<\/script>\n<meta property=\"product:brand\" content=\"LEPAAR\" \/>\n<meta property=\"product:price:amount\" content=\"32.50\" \/>\n<meta property=\"product:price:currency\" content=\"EUR\" \/>\n<meta property=\"og:availability\" content=\"instock\" \/>\n<meta property=\"product:availability\" content=\"instock\" \/>\n<meta property=\"product:condition\" content=\"new\" \/>\n<!-- \/ Yoast SEO Premium plugin. -->","yoast_head_json":{"title":"- Lepaar","description":"Beruhigt schmerzende, geprellte, gerissene und verstauchte Muskeln und Sehnen.","robots":{"index":"index","follow":"follow","max-snippet":"max-snippet:-1","max-image-preview":"max-image-preview:large","max-video-preview":"max-video-preview:-1"},"canonical":"https:\/\/dutchhealthstore.com\/de\/product\/arnica-kunzea-compositum-bruise-tear-oil\/","og_locale":"de_DE","og_type":"article","og_title":"ARNICA \/ KUNZEA COMPOSITUM \/ Bruise + Tear Oil - Dutch Health Store","og_description":"Beruhigt schmerzende, geprellte, gerissene und verstauchte Muskeln und Sehnen.","og_url":"https:\/\/dutchhealthstore.com\/de\/product\/arnica-kunzea-compositum-bruise-tear-oil\/","og_site_name":"Dutch Health Store","article_publisher":"https:\/\/www.instagram.com\/dutchhealthstore\/","article_modified_time":"2026-01-23T06:40:37+00:00","og_image":[{"width":500,"height":500,"url":"https:\/\/dutchhealthstore.com\/wp-content\/uploads\/2021\/10\/Lepaar-arnica-kunzea.jpg","type":"image\/jpeg"}],"twitter_card":"summary_large_image","twitter_misc":{"Preis":"&euro;32,50","Verf\u00fcgbarkeit":"Auf Lager"},"schema":{"@context":"https:\/\/schema.org","@graph":[{"@type":"WebPage","@id":"https:\/\/dutchhealthstore.com\/de\/product\/arnica-kunzea-compositum-bruise-tear-oil\/","url":"https:\/\/dutchhealthstore.com\/de\/product\/arnica-kunzea-compositum-bruise-tear-oil\/","name":"- Lepaar","isPartOf":{"@id":"https:\/\/dutchhealthstore.com\/de\/#website"},"primaryImageOfPage":{"@id":"https:\/\/dutchhealthstore.com\/de\/product\/arnica-kunzea-compositum-bruise-tear-oil\/#primaryimage"},"image":{"@id":"https:\/\/dutchhealthstore.com\/de\/product\/arnica-kunzea-compositum-bruise-tear-oil\/#primaryimage"},"thumbnailUrl":"https:\/\/dutchhealthstore.com\/wp-content\/uploads\/2021\/09\/arnica12.jpg","datePublished":"2021-09-30T10:31:55+00:00","dateModified":"2026-01-23T06:40:37+00:00","description":"Beruhigt schmerzende, geprellte, gerissene und verstauchte Muskeln und Sehnen.","breadcrumb":{"@id":"https:\/\/dutchhealthstore.com\/de\/product\/arnica-kunzea-compositum-bruise-tear-oil\/#breadcrumb"},"inLanguage":"de","potentialAction":[{"@type":"ReadAction","target":["https:\/\/dutchhealthstore.com\/de\/product\/arnica-kunzea-compositum-bruise-tear-oil\/"]}]},{"@type":"ImageObject","inLanguage":"de","@id":"https:\/\/dutchhealthstore.com\/de\/product\/arnica-kunzea-compositum-bruise-tear-oil\/#primaryimage","url":"https:\/\/dutchhealthstore.com\/wp-content\/uploads\/2021\/09\/arnica12.jpg","contentUrl":"https:\/\/dutchhealthstore.com\/wp-content\/uploads\/2021\/09\/arnica12.jpg","width":530,"height":530},{"@type":"BreadcrumbList","@id":"https:\/\/dutchhealthstore.com\/de\/product\/arnica-kunzea-compositum-bruise-tear-oil\/#breadcrumb","itemListElement":[{"@type":"ListItem","position":1,"name":"Home","item":"https:\/\/dutchhealthstore.com\/de\/"},{"@type":"ListItem","position":2,"name":"Shop","item":"https:\/\/dutchhealthstore.com\/de\/shop-2\/"},{"@type":"ListItem","position":3,"name":"ARNICA \/ KUNZEA COMPOSITUM \/ Bruise + Tear Oil"}]},{"@type":"WebSite","@id":"https:\/\/dutchhealthstore.com\/de\/#website","url":"https:\/\/dutchhealthstore.com\/de\/","name":"Dutch Health Store","description":"Enhance Your Beauty with Organic &amp; Natural Skincare","publisher":{"@id":"https:\/\/dutchhealthstore.com\/de\/#organization"},"potentialAction":[{"@type":"SearchAction","target":{"@type":"EntryPoint","urlTemplate":"https:\/\/dutchhealthstore.com\/de\/?s={search_term_string}"},"query-input":{"@type":"PropertyValueSpecification","valueRequired":true,"valueName":"search_term_string"}}],"inLanguage":"de"},{"@type":"Organization","@id":"https:\/\/dutchhealthstore.com\/de\/#organization","name":"Dutch Health Store","url":"https:\/\/dutchhealthstore.com\/de\/","logo":{"@type":"ImageObject","inLanguage":"de","@id":"https:\/\/dutchhealthstore.com\/de\/#\/schema\/logo\/image\/","url":"https:\/\/dutchhealthstore.com\/wp-content\/uploads\/2020\/08\/logo-dutchhealthstore-jpg-e1599484957574.jpg","contentUrl":"https:\/\/dutchhealthstore.com\/wp-content\/uploads\/2020\/08\/logo-dutchhealthstore-jpg-e1599484957574.jpg","width":400,"height":62,"caption":"Dutch Health Store"},"image":{"@id":"https:\/\/dutchhealthstore.com\/de\/#\/schema\/logo\/image\/"},"sameAs":["https:\/\/www.instagram.com\/dutchhealthstore\/","https:\/\/www.facebook.com\/dutchhealthstore"]}]},"product_brand":"LEPAAR","product_price_amount":"32.50","product_price_currency":"EUR","og_availability":"instock","product_availability":"instock","product_condition":"new"},"_links":{"self":[{"href":"https:\/\/dutchhealthstore.com\/de\/wp-json\/wp\/v2\/product\/166401","targetHints":{"allow":["GET"]}}],"collection":[{"href":"https:\/\/dutchhealthstore.com\/de\/wp-json\/wp\/v2\/product"}],"about":[{"href":"https:\/\/dutchhealthstore.com\/de\/wp-json\/wp\/v2\/types\/product"}],"replies":[{"embeddable":true,"href":"https:\/\/dutchhealthstore.com\/de\/wp-json\/wp\/v2\/comments?post=166401"}],"wp:featuredmedia":[{"embeddable":true,"href":"https:\/\/dutchhealthstore.com\/de\/wp-json\/wp\/v2\/media\/314568"}],"wp:attachment":[{"href":"https:\/\/dutchhealthstore.com\/de\/wp-json\/wp\/v2\/media?parent=166401"}],"wp:term":[{"taxonomy":"product_brand","embeddable":true,"href":"https:\/\/dutchhealthstore.com\/de\/wp-json\/wp\/v2\/product_brand?post=166401"},{"taxonomy":"product_cat","embeddable":true,"href":"https:\/\/dutchhealthstore.com\/de\/wp-json\/wp\/v2\/product_cat?post=166401"},{"taxonomy":"product_tag","embeddable":true,"href":"https:\/\/dutchhealthstore.com\/de\/wp-json\/wp\/v2\/product_tag?post=166401"}],"curies":[{"name":"wp","href":"https:\/\/api.w.org\/{rel}","templated":true}]}}