{"id":161901,"date":"2021-08-10T09:20:39","date_gmt":"2021-08-10T07:20:39","guid":{"rendered":"https:\/\/dutchhealthstore.com\/product\/sublimely-soothing-solution\/"},"modified":"2026-03-01T14:14:58","modified_gmt":"2026-03-01T13:14:58","slug":"best-skin-ever-immortelle","status":"publish","type":"product","link":"https:\/\/dutchhealthstore.com\/de\/product\/best-skin-ever-immortelle\/","title":{"rendered":"Best Skin Ever &#8211; Immortelle"},"content":{"rendered":"<p><img decoding=\"async\" class=\"alignright\" src=\"https:\/\/dutchhealthstore.com\/wp-content\/uploads\/2019\/08\/NEW-Living-Libations-Logo.jpg\" alt=\"NEW - Living Libations - Logo\"><\/p>\n<p>Immortelle Best Skin Ever ist eine superfeine Formel aus eleganten Essenzen, die f\u00fcr alle Hautempfindlichkeiten, Pickelneigungen, Unreinheiten und Akne-Aktivit\u00e4ten bereit ist. Narben werden gelindert, gegl\u00e4ttet, beruhigt und ausgeglichen &#8211; f\u00fcr einen makellosen Teint in Perfektion.<\/p>\n<p>Diese wohlwollende Sch\u00f6nheit bringt die Haut ins Gleichgewicht und sorgt f\u00fcr einen strahlenden Teint! Tragen Sie diese wohltuende L\u00f6sung morgens und abends auf, um Ihr Gesicht und Ihren K\u00f6rper zu reinigen und mit Feuchtigkeit zu versorgen.<\/p>\n<p>Immortelle, der leuchtende Star dieses Super-Hautserums, ist eines der leistungsst\u00e4rksten \u00d6le im Pantheon der pflanzlichen Wirkstoffe f\u00fcr perfekte Hautpflege. Dieser seltene Edelstein hat starke regenerierende Eigenschaften, die das Erscheinungsbild von Hautunreinheiten deutlich verbessern. Tonisierender Weihrauch aus Tigray und regenerierende Geranie verbinden sich mit den hautberuhigenden Sesquiterpenolen von Palmarosa, Lavendel und Ylang, um die Zellen zum Strahlen zu bringen. Diese aktiven Essenzen ziehen in die Haut ein, umh\u00fcllt von den reichhaltigen Emollients und Phospholipiden des Himbeersamen\u00f6ls und ges\u00e4ttigt mit den Ceramiden des Jojobas. Diese All-in-One-Formel f\u00fcr Gesicht und K\u00f6rper wurde entwickelt, um das Erscheinungsbild von Flecken, Narben und Unreinheiten zu mildern und den Hautton zu versch\u00f6nern.<\/p>\n<h3>Wie zu verwenden<\/h3>\n<p>Reinigen, peelen und befeuchten mit einem Spritzer. Es entfernt sauber Make-up und eignet sich perfekt f\u00fcr die Reinigung von der Nase bis zu den Zehen. Kombinieren Sie mit anderen Seren, Elixieren und \u00e4therischen \u00d6len, um Ihre eigene einzigartige Mischung zu kreieren. Sanft genug f\u00fcr Kinder. Sie ist f\u00fcr alle Hauttypen geeignet, auch als Reinigungsmittel f\u00fcr akneanf\u00e4llige Haut und f\u00fcr Haut, die etwas Streicheleinheiten braucht.<\/p>\n<p>Wenn Sie eine neue Flasche ansetzen, entl\u00fcften Sie die Pumpe mit ein oder zwei kr\u00e4ftigen Schl\u00e4gen, damit die Fl\u00fcssigkeit flie\u00dft.<\/p>\n<h3>Verwendung von Immortelle Best Skin Ever<\/h3>\n<p>Unsere Best Skin Evers erneuern das Gesicht und benetzen den K\u00f6rper mit Anmut. Diese pflanzlichen All-in-One-Mischungen reinigen, befeuchten und n\u00e4hren die Haut. Best Skin Evers sind so konzipiert, dass sie alle Hauttypen ins Gleichgewicht bringen. Das Waschen des Gesichts mit reinen, gepressten Pflanzen\u00f6len war in den Sch\u00f6nheitsritualen unserer Vorfahren die bevorzugte Methode zur Reinigung der Haut und eine wohltuende Methode, um die Haut zu reinigen und sanft zu peelen. Der Brauch des \u00d6lwaschens entstand in den trockenen L\u00e4ndern der Antike, wo die Haut besondere Pflege ben\u00f6tigte und hautpflegende Fette gesch\u00e4tzt wurden. Das \u00d6lwaschen wurde dann von nomadischen Roma-Frauen, die im 14. oder 15. Jahrhundert aus Nordindien auswanderten, in Mittel- und S\u00fcdeuropa eingef\u00fchrt. Nadine hat das Best Skin Evers entwickelt, um Ihre beste Bade- und Sch\u00f6nheitspflege zu sein. Diese \u00d6le plus Wasser und ein Tuch sind die einfachen Grundvoraussetzungen zum Reinigen, Peelen, Befeuchten und Betaut.<\/p>\n<p>Waschen Sie Ihr Gesicht mit Immortelle Beste Haut \u00fcberhaupt<\/p>\n<p>1. Befeuchten Sie einen kleinen Teil eines Tuches mit Wasser.<br \/>\n2. Ein bis zwei Spritzer Immortelle Best Skin Ever auf den angefeuchteten Teil des Gesichtstuchs geben.<br \/>\n3. Massieren Sie Gesicht, Hals und Nacken sanft mit dem angefeuchteten Tuch. Sanft oder kr\u00e4ftig waschen f\u00fcr einen tieferen Peeling-Effekt. Das Sp\u00fclen des Gesichts ist optional<\/p>\n<p>Wenn Sie mehr Feuchtigkeit ben\u00f6tigen, geben Sie noch ein oder zwei Spritzer eines unserer Best Skin Evers oder Libations Serums (Rose Glow, Soothsayer, Royal Rose, Sandalwood oder Open Sky) auf Ihre Fingerspitzen und massieren Sie es in Gesicht und Hals. Wenn sich Ihre Haut besonders durstig anf\u00fchlt, wird eine Libations Cr\u00e8me (Sundew, Rose Glow, All Seeing oder Maverick) Ihren Durst stillen.<\/p>\n<p>Sie k\u00f6nnen auch ein oder zwei Tropfen eines der Seren in einen Tupfer einer der Cremes geben. Sie harmonieren alle wunderbar miteinander.<\/p>\n<p>Dies ist unsere bevorzugte Methode zum Waschen mit \u00d6len. Sie k\u00f6nnen es auch einfach mit den Fingern einmassieren und absp\u00fclen. Zum Abschminken k\u00f6nnen Sie einen Wattebausch verwenden.<\/p>\n<p>Immortelle Best Skin Ever nach dem Baden oder Duschen auf den K\u00f6rper auftragen<br \/>\n1. Lassen Sie den K\u00f6rper nach einem Bad oder einer Dusche nass.<br \/>\n2. Befeuchten Sie einen Waschlappen mit Wasser. Dr\u00fccken Sie es aus.<br \/>\n3. Ein paar Spritzer auf den nassen Waschlappen eines der Best Skin Evers auftragen.<br \/>\n4. Massieren Sie den ganzen K\u00f6rper mit dem Tuch, von Kopf bis Fu\u00df. Rub more vigorously to exfoliate.<\/p>\n<h3 class=\"yikes-custom-woo-tab-title yikes-custom-woo-tab-title-natural-organic-ingredients\">Nat\u00fcrliche\/Organische Inhaltsstoffe<\/h3>\n<p><strong>Jojoba &#8211; Simmondsia chinensis: <\/strong>Mit satten 96% Ceramiden ist das herrliche goldene Jojoba der Hauptlieferant von kostbaren Ceramiden f\u00fcr die Bev\u00f6lkerung mit trockener Haut. Ceramide sind ein wichtiger Bestandteil der extrazellul\u00e4ren Matrix unserer Haut, die unsere Haut sch\u00fctzt und aufpolstert. Die substanzielle Summe der Ceramide in Jojoba\u00f6l ist derjenigen in der Haut sehr \u00e4hnlich und wirkt ausgleichend auf den Talg und h\u00e4lt die Feuchtigkeit. Ceramide wirken wie ein Feuchtigkeitsmagnet, der die Lipidbarriere bindet, sch\u00fctzt und aufpolstert, um die Feuchtigkeit wirklich einzuschlie\u00dfen. Es hat eine unvergleichliche F\u00e4higkeit, die Haut mit Feuchtigkeit zu versorgen, die \u00d6lproduktion auszugleichen, die Poren gr\u00fcndlich zu reinigen und eine lang anhaltende Pflegewirkung zu erzielen, die die Haut weich und geschmeidig macht. Es ist reich an Peptiden und Lipiden und enth\u00e4lt den h\u00f6chsten Gehalt an phenolischen Verbindungen, die in der Natur vorkommen, sowie Antioxidantien und alle l\u00f6slichen Formen von Vitamin E.<\/p>\n<p><strong>Himbeersamen &#8211; Rubus idaeus: <\/strong>Dieser elegante Weichmacher verw\u00f6hnt die Haut mit dem \u00fcppigen, super-gl\u00e4ttenden \u00d6l aus den saftigen Kernen der roten Himbeere. Im Gegensatz zum kaltgepressten Samen\u00f6l ist unser spezielles superkritisches Extrakt all das und mehr! Dieses Destillationsverfahren liefert die doppelte Menge an regenerativen Sterolen und viel h\u00f6here Mengen an nat\u00fcrlich vorkommenden Antioxidantien, wie Ellags\u00e4ure. Dieser Extrakt ist reicher an Phospholipiden, die ihm Stabilit\u00e4t verleihen, und enth\u00e4lt au\u00dferdem einen au\u00dfergew\u00f6hnlich hohen Gehalt an Alpha- und Gamma-Tocopherolen (Vitamin E) in aktiver freier Form, Provitamin A, Carotinoiden und Omega-3-Fetts\u00e4uren. Das schwache fruchtige Aroma und die wirklich seidige Viskosit\u00e4t verbinden Haut und Sinne, und dieses konzentrierte Chrisam ist besonders geeignet, alle Hauttypen zu befriedigen.<\/p>\n<p><strong>Immortelle &#8211; Helichrysum italicum: <\/strong>Die immerw\u00e4hrende Immortelle ist hervorragend geeignet f\u00fcr alle Arten der Hautpflege. Dieses duftende, blumige \u00d6l wird auf der Insel Korsika wild geerntet, wo die Blumen unter der Meeresbrise und der Sonne gedeihen. Die Blumen wachsen in einer H\u00f6he von 4.000 Fu\u00df auf den felsigen Klippen der Landschaft. Die Immortelle hilft, das Erscheinungsbild von Narben, Flecken, Melasma, R\u00f6tungen und F\u00e4ltchen zu mildern. Dieses facettenreiche \u00d6l ist auch emotional sehr anregend.<\/p>\n<p><strong>Tigray Weihrauch &#8211; Boswellia papyrifera: <\/strong>Dies ist ein transzendent tonisierender Weihrauch. Wie alle \u00e4therischen Weihrauch\u00f6le ist es hervorragend f\u00fcr Haut und Geist geeignet. Seine herzhaft duftenden Spitzen aus Karamell und Amber kombiniert mit der honigartigen W\u00e4rme der Immortelle lassen dieses Serum exquisit duften<\/p>\n<p><strong>Geranie &#8211; Pelargonium graveolens: <\/strong>Dieser sanfte Gigant der Hautpflege strafft, st\u00e4rkt und reduziert das Erscheinungsbild von Narben und Dehnungsstreifen, kl\u00e4rt und beugt Akne vor.<\/p>\n<p><strong>Ylang &#8211; Cananga odorata: <\/strong>Ein fr\u00f6hlicher, blumiger Duft, der die Wangen k\u00fcsst und die strahlende Haut zum Spielen einl\u00e4dt. Diese wohlwollende Sch\u00f6nheit strafft, tonisiert und beruhigt das Gesicht mit ihrer molekularen Anmut.<\/p>\n<p><strong>Palmarosa &#8211; Cymbopogon martinii: <\/strong>Angenehme Palmarosa ist ein formidabler Hautverj\u00fcnger, der reich an m\u00e4chtigen Monoterpenolen, erweichenden Estern, liebevollem Linalool und gro\u00dfz\u00fcgigen Geraniolen ist, die die Poren und den Hautton ausgleichen. Palmarosa gl\u00e4ttet die Haut und ist daf\u00fcr bekannt, dass es zu Unreinheiten neigende und trockene Haut ins Gleichgewicht bringt.<\/p>\n<p><strong>Lavendel &#8211; Lavandula angustifolia: <\/strong>Lavendel ist ein beruhigendes, charmantes Hauttonikum, das s\u00fc\u00df und stark, sanft und kraftvoll ist. Es lindert R\u00f6tungen und k\u00fchlt Hitze und wird verwendet, um das Erscheinungsbild von Narben zu verbessern, den Hautton auszugleichen, zu Akne neigende Haut zu reinigen und den Talgspiegel der Haut auszugleichen.<\/p>\n<p><strong>Kurkuma &#8211; Curcuma longa: <\/strong>Die gesch\u00e4tzte Kurkuma ist ein Tonikum von goldener G\u00fcte f\u00fcr die Haut. Durch die superkritische Extraktion werden alle lipophilen (\u00f6lliebenden) Verbindungen der Kurkuma aus den Wurzeln der Pflanze gewonnen. Durch dieses spezielle Extraktionsverfahren wird viel mehr von den aromatischen \u00e4therischen \u00d6len, Lipiden und Pigmenten erfasst als bei einem typischen pulverisierten Kraut.<\/p>\n","protected":false},"excerpt":{"rendered":"<p>Diese wohlwollende Sch\u00f6nheit bringt die Haut ins Gleichgewicht und sorgt f\u00fcr einen strahlenden Teint!<\/p>\n","protected":false},"featured_media":200089,"comment_status":"open","ping_status":"closed","template":"","meta":[],"product_brand":[],"product_cat":[14735,2159,1227,5650,5071,5669,5719,5068,5653,5720,5651,5647,5652,1958,1032,1092,515,1502,1493,1210,5649,4985,5636,1960,5101,511,5687,4983,1959,5688,5685,5686,2009,5648,4984,5634],"product_tag":[21361,21395,9772,21396,4831],"class_list":{"0":"post-161901","1":"product","2":"type-product","3":"status-publish","4":"has-post-thumbnail","6":"product_cat-hautpflege","7":"product_cat-best-skin-ever-de","8":"product_cat-sensitive-skin-redness-de","9":"product_cat-sensitive-skin-redness-de-3","10":"product_cat-sensitive-skin-redness-de-6","11":"product_cat-oily-skin-clogged-pores-de","12":"product_cat-oily-skin-clogged-pores-de-4","13":"product_cat-oily-skin-clogged-pores-de-7","14":"product_cat-moisturizers-de-de-4","15":"product_cat-moisturizers-de-de-3","16":"product_cat-moisturizers-de-de-2","17":"product_cat-moisturizers-de-de","18":"product_cat-moisturizers-dde","19":"product_cat-gesicht","20":"product_cat-kategorien","21":"product_cat-koerperoel","22":"product_cat-korperpflege-de","23":"product_cat-korperpflege-living-libations","24":"product_cat-living-libations-deutschland","25":"product_cat-marken","26":"product_cat-normal-or-combination-skin-de-3","27":"product_cat-normal-or-combination-skin-de-7","28":"product_cat-normal-or-combination-skin-de-2","29":"product_cat-ol-lotion","30":"product_cat-by-skin-type-de-4","31":"product_cat-produkte","32":"product_cat-cleansers-de-6","33":"product_cat-cleansers-de-de-3","34":"product_cat-cleansers-de-10","35":"product_cat-cleansers-de-7","36":"product_cat-cleansers-de-de-4","37":"product_cat-cleansers-de-9","38":"product_cat-serums-moisturizers","39":"product_cat-dry-mature-ageing-skin-de-3","40":"product_cat-dry-mature-ageing-skin-de-7","41":"product_cat-dry-mature-ageing-skin-de-2","42":"product_tag-face-care-de","43":"product_tag-korper","44":"product_tag-moisturizer-de","45":"product_tag-reinigen","46":"product_tag-skin-de","47":"pa_brand-livinglibations-de","48":"pa_gtin-7424927699629-de","49":"pa_size-30-ml-de","50":"pa_size-50-ml-de","51":"pa_size-100-ml-de","52":"pa_size-120-ml-refill-de","53":"pa_size-240-ml-refill-de","54":"pa_skincare-type-cleansers-de","55":"pa_skincare-type-face-oil-and-serums-de","56":"pa_skincare-type-moisturizers-de","57":"pa_skintype-normal-combination-skin-de","58":"pa_skintype-oily-skin-de","59":"pa_skintype-sensitive-skin-redness-de","60":"pa_skintype-dry-mature-ageing-skin-de","62":"first","63":"instock","64":"taxable","65":"shipping-taxable","66":"purchasable","67":"product-type-variable"},"bundled_by":[],"bundle_stock_status":"instock","bundle_stock_quantity":null,"bundle_virtual":false,"bundle_layout":"","bundle_add_to_cart_form_location":"","bundle_editable_in_cart":false,"bundle_sold_individually_context":"","bundle_item_grouping":"","bundle_min_size":"","bundle_max_size":"","bundle_price":[],"bundled_items":[],"bundle_sell_ids":[107698],"atum_controlled":true,"out_stock_date":null,"out_stock_threshold":null,"inheritable":true,"stock_on_hold":2,"sold_today":0,"sales_last_days":1,"out_stock_days":0,"lost_sales":0,"update_date":"2026-04-09T08:00:48","atum_locations":[],"atum_stock_status":"instock","restock_status":false,"low_stock_amount":"","sales_update_date":"2026-04-09T08:00:48","calc_backorders":null,"group_of_quantity":0,"min_quantity":0,"max_quantity":"","exclude_order_quantity_value_rules":"no","exclude_category_quantity_rules":"no","combine_variations":"no","yoast_head":"<!-- This site is optimized with the Yoast SEO Premium plugin v26.5 (Yoast SEO v26.5) - https:\/\/yoast.com\/wordpress\/plugins\/seo\/ -->\n<title>Best Skin Ever - Immortelle - Living Libations<\/title>\n<meta name=\"description\" content=\"Diese wohlwollende Sch\u00f6nheit bringt die Haut ins Gleichgewicht und sorgt f\u00fcr einen strahlenden Teint!\" \/>\n<meta name=\"robots\" content=\"index, follow, max-snippet:-1, max-image-preview:large, max-video-preview:-1\" \/>\n<link rel=\"canonical\" href=\"https:\/\/dutchhealthstore.com\/de\/product\/best-skin-ever-immortelle\/\" \/>\n<meta property=\"og:locale\" content=\"de_DE\" \/>\n<meta property=\"og:type\" content=\"article\" \/>\n<meta property=\"og:title\" content=\"Best Skin Ever - Immortelle - Dutch Health Store\" \/>\n<meta property=\"og:description\" content=\"Diese wohlwollende Sch\u00f6nheit bringt die Haut ins Gleichgewicht und sorgt f\u00fcr einen strahlenden Teint!\" \/>\n<meta property=\"og:url\" content=\"https:\/\/dutchhealthstore.com\/de\/product\/best-skin-ever-immortelle\/\" \/>\n<meta property=\"og:site_name\" content=\"Dutch Health Store\" \/>\n<meta property=\"article:publisher\" content=\"https:\/\/www.instagram.com\/dutchhealthstore\/\" \/>\n<meta property=\"article:modified_time\" content=\"2026-03-01T13:14:58+00:00\" \/>\n<meta property=\"og:image\" content=\"https:\/\/dutchhealthstore.com\/wp-content\/uploads\/2021\/07\/bse-immortelle-100.jpg\" \/>\n\t<meta property=\"og:image:width\" content=\"500\" \/>\n\t<meta property=\"og:image:height\" content=\"500\" \/>\n\t<meta property=\"og:image:type\" content=\"image\/jpeg\" \/>\n<meta name=\"twitter:card\" content=\"summary_large_image\" \/>\n<meta name=\"twitter:label1\" content=\"Verf\u00fcgbarkeit\" \/>\n\t<meta name=\"twitter:data1\" content=\"Auf Lager\" \/>\n<script type=\"application\/ld+json\" class=\"yoast-schema-graph\">{\"@context\":\"https:\/\/schema.org\",\"@graph\":[{\"@type\":\"WebPage\",\"@id\":\"https:\/\/dutchhealthstore.com\/de\/product\/best-skin-ever-immortelle\/\",\"url\":\"https:\/\/dutchhealthstore.com\/de\/product\/best-skin-ever-immortelle\/\",\"name\":\"Best Skin Ever - Immortelle - Living Libations\",\"isPartOf\":{\"@id\":\"https:\/\/dutchhealthstore.com\/de\/#website\"},\"primaryImageOfPage\":{\"@id\":\"https:\/\/dutchhealthstore.com\/de\/product\/best-skin-ever-immortelle\/#primaryimage\"},\"image\":{\"@id\":\"https:\/\/dutchhealthstore.com\/de\/product\/best-skin-ever-immortelle\/#primaryimage\"},\"thumbnailUrl\":\"https:\/\/dutchhealthstore.com\/wp-content\/uploads\/2021\/07\/bse-immortelle-100.jpg\",\"datePublished\":\"2021-08-10T07:20:39+00:00\",\"dateModified\":\"2026-03-01T13:14:58+00:00\",\"description\":\"Diese wohlwollende Sch\u00f6nheit bringt die Haut ins Gleichgewicht und sorgt f\u00fcr einen strahlenden Teint!\",\"breadcrumb\":{\"@id\":\"https:\/\/dutchhealthstore.com\/de\/product\/best-skin-ever-immortelle\/#breadcrumb\"},\"inLanguage\":\"de\",\"potentialAction\":[{\"@type\":\"ReadAction\",\"target\":[\"https:\/\/dutchhealthstore.com\/de\/product\/best-skin-ever-immortelle\/\"]}]},{\"@type\":\"ImageObject\",\"inLanguage\":\"de\",\"@id\":\"https:\/\/dutchhealthstore.com\/de\/product\/best-skin-ever-immortelle\/#primaryimage\",\"url\":\"https:\/\/dutchhealthstore.com\/wp-content\/uploads\/2021\/07\/bse-immortelle-100.jpg\",\"contentUrl\":\"https:\/\/dutchhealthstore.com\/wp-content\/uploads\/2021\/07\/bse-immortelle-100.jpg\",\"width\":500,\"height\":500,\"caption\":\"bse immortelle 100\"},{\"@type\":\"BreadcrumbList\",\"@id\":\"https:\/\/dutchhealthstore.com\/de\/product\/best-skin-ever-immortelle\/#breadcrumb\",\"itemListElement\":[{\"@type\":\"ListItem\",\"position\":1,\"name\":\"Home\",\"item\":\"https:\/\/dutchhealthstore.com\/de\/\"},{\"@type\":\"ListItem\",\"position\":2,\"name\":\"Shop\",\"item\":\"https:\/\/dutchhealthstore.com\/de\/shop-2\/\"},{\"@type\":\"ListItem\",\"position\":3,\"name\":\"Best Skin Ever &#8211; Immortelle\"}]},{\"@type\":\"WebSite\",\"@id\":\"https:\/\/dutchhealthstore.com\/de\/#website\",\"url\":\"https:\/\/dutchhealthstore.com\/de\/\",\"name\":\"Dutch Health Store\",\"description\":\"Enhance Your Beauty with Organic &amp; Natural Skincare\",\"publisher\":{\"@id\":\"https:\/\/dutchhealthstore.com\/de\/#organization\"},\"potentialAction\":[{\"@type\":\"SearchAction\",\"target\":{\"@type\":\"EntryPoint\",\"urlTemplate\":\"https:\/\/dutchhealthstore.com\/de\/?s={search_term_string}\"},\"query-input\":{\"@type\":\"PropertyValueSpecification\",\"valueRequired\":true,\"valueName\":\"search_term_string\"}}],\"inLanguage\":\"de\"},{\"@type\":\"Organization\",\"@id\":\"https:\/\/dutchhealthstore.com\/de\/#organization\",\"name\":\"Dutch Health Store\",\"url\":\"https:\/\/dutchhealthstore.com\/de\/\",\"logo\":{\"@type\":\"ImageObject\",\"inLanguage\":\"de\",\"@id\":\"https:\/\/dutchhealthstore.com\/de\/#\/schema\/logo\/image\/\",\"url\":\"https:\/\/dutchhealthstore.com\/wp-content\/uploads\/2020\/08\/logo-dutchhealthstore-jpg-e1599484957574.jpg\",\"contentUrl\":\"https:\/\/dutchhealthstore.com\/wp-content\/uploads\/2020\/08\/logo-dutchhealthstore-jpg-e1599484957574.jpg\",\"width\":400,\"height\":62,\"caption\":\"Dutch Health Store\"},\"image\":{\"@id\":\"https:\/\/dutchhealthstore.com\/de\/#\/schema\/logo\/image\/\"},\"sameAs\":[\"https:\/\/www.instagram.com\/dutchhealthstore\/\",\"https:\/\/www.facebook.com\/dutchhealthstore\"]}]}<\/script>\n<meta property=\"product:brand\" content=\"Living Libations\" \/>\n<meta property=\"og:availability\" content=\"instock\" \/>\n<meta property=\"product:availability\" content=\"instock\" \/>\n<meta property=\"product:condition\" content=\"new\" \/>\n<!-- \/ Yoast SEO Premium plugin. -->","yoast_head_json":{"title":"Best Skin Ever - Immortelle - Living Libations","description":"Diese wohlwollende Sch\u00f6nheit bringt die Haut ins Gleichgewicht und sorgt f\u00fcr einen strahlenden Teint!","robots":{"index":"index","follow":"follow","max-snippet":"max-snippet:-1","max-image-preview":"max-image-preview:large","max-video-preview":"max-video-preview:-1"},"canonical":"https:\/\/dutchhealthstore.com\/de\/product\/best-skin-ever-immortelle\/","og_locale":"de_DE","og_type":"article","og_title":"Best Skin Ever - Immortelle - Dutch Health Store","og_description":"Diese wohlwollende Sch\u00f6nheit bringt die Haut ins Gleichgewicht und sorgt f\u00fcr einen strahlenden Teint!","og_url":"https:\/\/dutchhealthstore.com\/de\/product\/best-skin-ever-immortelle\/","og_site_name":"Dutch Health Store","article_publisher":"https:\/\/www.instagram.com\/dutchhealthstore\/","article_modified_time":"2026-03-01T13:14:58+00:00","og_image":[{"width":500,"height":500,"url":"https:\/\/dutchhealthstore.com\/wp-content\/uploads\/2021\/07\/bse-immortelle-100.jpg","type":"image\/jpeg"}],"twitter_card":"summary_large_image","twitter_misc":{"Verf\u00fcgbarkeit":"Auf Lager"},"schema":{"@context":"https:\/\/schema.org","@graph":[{"@type":"WebPage","@id":"https:\/\/dutchhealthstore.com\/de\/product\/best-skin-ever-immortelle\/","url":"https:\/\/dutchhealthstore.com\/de\/product\/best-skin-ever-immortelle\/","name":"Best Skin Ever - Immortelle - Living Libations","isPartOf":{"@id":"https:\/\/dutchhealthstore.com\/de\/#website"},"primaryImageOfPage":{"@id":"https:\/\/dutchhealthstore.com\/de\/product\/best-skin-ever-immortelle\/#primaryimage"},"image":{"@id":"https:\/\/dutchhealthstore.com\/de\/product\/best-skin-ever-immortelle\/#primaryimage"},"thumbnailUrl":"https:\/\/dutchhealthstore.com\/wp-content\/uploads\/2021\/07\/bse-immortelle-100.jpg","datePublished":"2021-08-10T07:20:39+00:00","dateModified":"2026-03-01T13:14:58+00:00","description":"Diese wohlwollende Sch\u00f6nheit bringt die Haut ins Gleichgewicht und sorgt f\u00fcr einen strahlenden Teint!","breadcrumb":{"@id":"https:\/\/dutchhealthstore.com\/de\/product\/best-skin-ever-immortelle\/#breadcrumb"},"inLanguage":"de","potentialAction":[{"@type":"ReadAction","target":["https:\/\/dutchhealthstore.com\/de\/product\/best-skin-ever-immortelle\/"]}]},{"@type":"ImageObject","inLanguage":"de","@id":"https:\/\/dutchhealthstore.com\/de\/product\/best-skin-ever-immortelle\/#primaryimage","url":"https:\/\/dutchhealthstore.com\/wp-content\/uploads\/2021\/07\/bse-immortelle-100.jpg","contentUrl":"https:\/\/dutchhealthstore.com\/wp-content\/uploads\/2021\/07\/bse-immortelle-100.jpg","width":500,"height":500,"caption":"bse immortelle 100"},{"@type":"BreadcrumbList","@id":"https:\/\/dutchhealthstore.com\/de\/product\/best-skin-ever-immortelle\/#breadcrumb","itemListElement":[{"@type":"ListItem","position":1,"name":"Home","item":"https:\/\/dutchhealthstore.com\/de\/"},{"@type":"ListItem","position":2,"name":"Shop","item":"https:\/\/dutchhealthstore.com\/de\/shop-2\/"},{"@type":"ListItem","position":3,"name":"Best Skin Ever &#8211; Immortelle"}]},{"@type":"WebSite","@id":"https:\/\/dutchhealthstore.com\/de\/#website","url":"https:\/\/dutchhealthstore.com\/de\/","name":"Dutch Health Store","description":"Enhance Your Beauty with Organic &amp; Natural Skincare","publisher":{"@id":"https:\/\/dutchhealthstore.com\/de\/#organization"},"potentialAction":[{"@type":"SearchAction","target":{"@type":"EntryPoint","urlTemplate":"https:\/\/dutchhealthstore.com\/de\/?s={search_term_string}"},"query-input":{"@type":"PropertyValueSpecification","valueRequired":true,"valueName":"search_term_string"}}],"inLanguage":"de"},{"@type":"Organization","@id":"https:\/\/dutchhealthstore.com\/de\/#organization","name":"Dutch Health Store","url":"https:\/\/dutchhealthstore.com\/de\/","logo":{"@type":"ImageObject","inLanguage":"de","@id":"https:\/\/dutchhealthstore.com\/de\/#\/schema\/logo\/image\/","url":"https:\/\/dutchhealthstore.com\/wp-content\/uploads\/2020\/08\/logo-dutchhealthstore-jpg-e1599484957574.jpg","contentUrl":"https:\/\/dutchhealthstore.com\/wp-content\/uploads\/2020\/08\/logo-dutchhealthstore-jpg-e1599484957574.jpg","width":400,"height":62,"caption":"Dutch Health Store"},"image":{"@id":"https:\/\/dutchhealthstore.com\/de\/#\/schema\/logo\/image\/"},"sameAs":["https:\/\/www.instagram.com\/dutchhealthstore\/","https:\/\/www.facebook.com\/dutchhealthstore"]}]},"product_brand":"Living Libations","og_availability":"instock","product_availability":"instock","product_condition":"new"},"_links":{"self":[{"href":"https:\/\/dutchhealthstore.com\/de\/wp-json\/wp\/v2\/product\/161901","targetHints":{"allow":["GET"]}}],"collection":[{"href":"https:\/\/dutchhealthstore.com\/de\/wp-json\/wp\/v2\/product"}],"about":[{"href":"https:\/\/dutchhealthstore.com\/de\/wp-json\/wp\/v2\/types\/product"}],"replies":[{"embeddable":true,"href":"https:\/\/dutchhealthstore.com\/de\/wp-json\/wp\/v2\/comments?post=161901"}],"wp:featuredmedia":[{"embeddable":true,"href":"https:\/\/dutchhealthstore.com\/de\/wp-json\/wp\/v2\/media\/200089"}],"wp:attachment":[{"href":"https:\/\/dutchhealthstore.com\/de\/wp-json\/wp\/v2\/media?parent=161901"}],"wp:term":[{"taxonomy":"product_brand","embeddable":true,"href":"https:\/\/dutchhealthstore.com\/de\/wp-json\/wp\/v2\/product_brand?post=161901"},{"taxonomy":"product_cat","embeddable":true,"href":"https:\/\/dutchhealthstore.com\/de\/wp-json\/wp\/v2\/product_cat?post=161901"},{"taxonomy":"product_tag","embeddable":true,"href":"https:\/\/dutchhealthstore.com\/de\/wp-json\/wp\/v2\/product_tag?post=161901"}],"curies":[{"name":"wp","href":"https:\/\/api.w.org\/{rel}","templated":true}]}}