{"id":161890,"date":"2021-08-10T08:28:31","date_gmt":"2021-08-10T06:28:31","guid":{"rendered":"https:\/\/dutchhealthstore.com\/product\/sandalwood-pacific-island-essential-oil\/"},"modified":"2025-12-23T09:39:18","modified_gmt":"2025-12-23T08:39:18","slug":"sandalwood-pacific-island-essential-oil","status":"publish","type":"product","link":"https:\/\/dutchhealthstore.com\/de\/product\/sandalwood-pacific-island-essential-oil\/","title":{"rendered":"Sandalwood, Pacific Island Essential Oil"},"content":{"rendered":"<p style=\"text-align: left;\"><strong><img decoding=\"async\" class=\"alignright\" src=\"https:\/\/dutchhealthstore.com\/wp-content\/uploads\/2019\/08\/NEW-Living-Libations-Logo.jpg\" alt=\"NEW - Living Libations - Logo\"><\/strong>Pacific Island Sandalwood ist die s\u00fc\u00dfe, sinnliche L\u00f6sung f\u00fcr die Nachhaltigkeit von Sandelholz\u00f6l. Diese cremige, holzige Essenz aus nachhaltigem Anbau wirkt regenerierend auf dehydrierte Haut und ersch\u00f6pfte Geister. Sein sanftes und lang anhaltendes Aroma beginnt sehr sanft und steigert sich zu dem klassischen Sandelholzduft, der es seit der Antike zu einem beliebten Parf\u00fcm, einem wohltuenden K\u00f6rper\u00f6l, einem s\u00e4ttigenden Hautserum und einem himmlischen Haarerweichungsmittel gemacht hat.<\/p>\n<p><strong>Botanischer Name<\/strong>: Santalum austrocaledonicum<br \/>\n<strong>Botanische Familie<\/strong>: Santalaceae<br \/>\n<strong>Extraktionsverfahren<\/strong>: Dampfdestilliert<br \/>\n<strong>Destillierter Teil der Pflanze<\/strong>: Kernholz<br \/>\n<strong>Herkunftsland<\/strong>: Neukaledonien<br \/>\n<strong>Anbaumethode<\/strong>: Biologisch und nachhaltig angebaut<br \/>\n<strong>Zusammensetzung<\/strong>: 100% Santalum austrocaledonicum<br \/>\n<strong>Konsistenz<\/strong>: Mittlere Viskosit\u00e4t<\/p>\n<p><strong>Beschreibung des Duftes<\/strong>: Ikonisch, cremig-s\u00fc\u00df, balsamisch-holzig und lang anhaltend.<\/p>\n<p><strong>Gut mischbar mit<\/strong>: Zeder, Grapefruit, Kamille, Bergamotte, Zitrone, Orange, Geranie, Eukalyptus, Weihrauch, Lavendel, Rosmarin, Teebaum, Rose, Jasmin, Tuberose, Kiefer, Patchouli, Fichte, Vanille, Vetiver, Spikenard, Myrrhe und Plumeria.<\/p>\n<p><strong>Bestandteile<\/strong>: Alpha-Santalol, Sesquiterpenole (fast 70%), Aldehyde und Sesquiterpene.<\/p>\n<p><strong>Verwendungen<\/strong>: Fixiermittel f\u00fcr Parf\u00fcm. Beruhigt trockene, dehydrierte Haut. Ein Tropfen in jeder Achselh\u00f6hle f\u00fcr ein spritziges Deodorant. Spendet perfekte Feuchtigkeit f\u00fcr zu Akne neigende Haut. Regeneriert und entstaut die Haut bei Bedarf. F\u00fcr ein sinnliches, entspannendes Aroma in ein Bad oder einen Diffusor geben. Als Meditations\u00f6l l\u00f6st es emotionale Verstrickungen und gleicht Stimmungen aus.<\/p>\n<p><strong>Pacific Island Sandalwood<\/strong> essential oil wird aus nachhaltig und biologisch angebautem Kernholz hergestellt, das unter fairen Bedingungen auf der ozeanischen Insel Neukaledonien destilliert wird. Sandelholzs\u00e4mlinge werden in Baumschulen gez\u00fcchtet und sp\u00e4ter in W\u00e4ldern gepflanzt, wo sie vierzig bis f\u00fcnfzig Jahre lang reifen, bevor sie geerntet werden. F\u00fcr jeden geernteten Baum werden zehn junge B\u00e4ume zur Waldverj\u00fcngung gepflanzt, um dem steigenden Interesse an Sandelholz\u00f6l gerecht zu werden.<\/p>\n<p>Diese Vanuatu-Sandelholzsorte ist eine wunderbare Alternative zum Santalum album, das derzeit unter Naturschutz steht, da es auffallend \u00e4hnliche botanische Komponenten aufweist, darunter einen hohen Anteil an Alpha-Santalol, das dem \u00d6l sein s\u00fc\u00dfes, holziges Aroma verleiht und die Haut weich und regenerierend macht. Es spendet viel Feuchtigkeit, und wissenschaftliche Studien belegen, dass die Monoterpene im Sandelholz\u00f6l die Haut und insbesondere die Hornschicht straffen, weshalb es seit der Antike in der Haut- und Haarpflege eingesetzt wird. Es beschleunigt die Wiederherstellung der Haut, lindert Melasmen und reduziert das Erscheinungsbild von Narben.<\/p>\n<p>Wie bei allen Sandelholz\u00f6len wird das Aroma des Pacific Island Sandalwood essential oil mit zunehmendem Alter besser. Er bildet eine elegante Grundlage f\u00fcr blumige und w\u00fcrzige Parf\u00fcms. Dieser amour\u00f6se Duftstoff enth\u00e4lt auch ein pflanzliches Pheromon, das dem Androsteron \u00e4hnelt, dem Pheromonsekret der Achselh\u00f6hlen, das als Sexualsignal wirkt. Dies macht es zu einem schneidigen Deodorant, das sehr wirksam ist, wenn man einfach einen Tropfen auf jede Achselh\u00f6hle auftr\u00e4gt.<\/p>\n<p><strong>Gr\u00f6\u00dfe: 5 ml und 15 ml<\/strong><\/p>\n<h3>Bio-Zutaten<\/h3>\n<p>\u00c4therisches \u00d6l aus 100% Sandelholz der Pazifikinsel (Santalum austrocaledonicum).<\/p>\n<p style=\"text-align: center;\"><em>Dieses Sandelholz\u00f6l &#8222;kommt dem ostindischen Sandelholz (Santalum album) sowohl in der Zusammensetzung als auch im Aroma am n\u00e4chsten&#8220;<br \/>\n<\/em>~ Robert Tisserand, <strong>Essential Oil Safety<\/strong><\/p>\n<p style=\"text-align: center;\"><em>&#8222;Holzig, balsamisch und s\u00fc\u00df, mit einem Hauch von Rosigkeit, verleiht Sandelholz den meisten Duftmischungen eine glatte Patina von zeitloser Eleganz&#8230; Der Duft erinnert dabei an eine raffinierte Einfachheit, eine zeitlose Erhabenheit.&#8220;<br \/>\n<\/em><em>~ Peter Holmes, <strong>Aromatica<\/strong><\/em><\/p>\n<p style=\"text-align: center;\"><em>&#8222;Sandelholz ist in der Materia Medica eines der wenigen echten Entschlackungsmittel mit erholsamen und mukostatischen Eigenschaften. Es verk\u00f6rpert das Paradoxon eines k\u00fchlen, feuchten St\u00e4rkungsmittels&#8230; der hohe Gehalt des \u00d6ls an Sesquiterpen-Alkoholen ist hier von Bedeutung.&#8220;<br \/>\n<\/em>~ Peter Holmes, <strong>Aromatica<\/strong><\/p>\n<p style=\"text-align: center;\"><em>Sandelholz verbindet unsere Emotionen mit unseren Sinnen und \u00fcbt eine zentrierende, stabilisierende und harmonisierende Wirkung auf unsere Energie aus, die k\u00f6rperlich, sp\u00fcrbar und sinnlich ist.&#8220;<br \/>\n<\/em>~ Peter Holmes, <strong>Aromatica<\/strong><\/p>\n","protected":false},"excerpt":{"rendered":"<p>Pacific Island Sandalwood ist die s\u00fc\u00dfe, sinnliche L\u00f6sung f\u00fcr die Nachhaltigkeit von Sandelholz\u00f6l. Diese cremige, holzige Essenz aus nachhaltigem Anbau wirkt regenerierend auf dehydrierte Haut und ersch\u00f6pfte Geister. Sein sanftes und lang anhaltendes Aroma beginnt sehr sanft und steigert sich zu dem klassischen Sandelholzduft, der es seit der Antike zu einem beliebten Parf\u00fcm, einem wohltuenden K\u00f6rper\u00f6l, einem s\u00e4ttigenden Hautserum und einem himmlischen Haarerweichungsmittel gemacht hat.<\/p>\n","protected":false},"featured_media":160327,"comment_status":"open","ping_status":"closed","template":"","meta":[],"product_brand":[],"product_cat":[1546,6737,1508,1493,1210,511,6736],"product_tag":[1547],"class_list":{"0":"post-161890","1":"product","2":"type-product","3":"status-publish","4":"has-post-thumbnail","6":"product_cat-essential-oils-living-libations-de","7":"product_cat-essential-oils-de-2","8":"product_cat-aetherische-oele-living-libations","9":"product_cat-living-libations-deutschland","10":"product_cat-marken","11":"product_cat-produkte","12":"product_cat-wellness-de","13":"product_tag-essential-oil-de","14":"pa_brand-livinglibations-de","15":"pa_essential-oils-product-type-essential-oils-de","16":"pa_size-15-ml-de-2","17":"pa_size-5-ml-de","19":"first","20":"instock","21":"taxable","22":"shipping-taxable","23":"purchasable","24":"product-type-variable"},"bundled_by":[],"bundle_stock_status":"instock","bundle_stock_quantity":null,"bundle_virtual":false,"bundle_layout":"","bundle_add_to_cart_form_location":"","bundle_editable_in_cart":false,"bundle_sold_individually_context":"","bundle_item_grouping":"","bundle_min_size":"","bundle_max_size":"","bundle_price":[],"bundled_items":[],"bundle_sell_ids":[],"atum_controlled":true,"out_stock_date":null,"out_stock_threshold":null,"inheritable":true,"stock_on_hold":0,"sold_today":0,"sales_last_days":0,"out_stock_days":0,"lost_sales":0,"update_date":"2026-04-12T00:01:45","atum_locations":[],"atum_stock_status":"instock","restock_status":false,"low_stock_amount":"","sales_update_date":"2026-04-12T00:01:45","calc_backorders":null,"group_of_quantity":0,"min_quantity":0,"max_quantity":"","exclude_order_quantity_value_rules":"no","exclude_category_quantity_rules":"no","combine_variations":"no","yoast_head":"<!-- This site is optimized with the Yoast SEO Premium plugin v26.5 (Yoast SEO v26.5) - https:\/\/yoast.com\/wordpress\/plugins\/seo\/ -->\n<title>Auf der Suche nach Sandalwood, Pacific Island Essential Oil? Bestellen Sie Sandalwood, Pacific Island Essential Oil heute bei Dutch Health Store. Pers\u00f6nlicher Kontakt &amp; schnelle Versand.<\/title>\n<meta name=\"description\" content=\"Pacific Island Sandalwood ist die s\u00fc\u00dfe, sinnliche L\u00f6sung f\u00fcr die Nachhaltigkeit von Sandelholz\u00f6l. Regenerativ f\u00fcr dehydrierte Haut und ersch\u00f6pfte Lebensgeister.\" \/>\n<meta name=\"robots\" content=\"index, follow, max-snippet:-1, max-image-preview:large, max-video-preview:-1\" \/>\n<link rel=\"canonical\" href=\"https:\/\/dutchhealthstore.com\/de\/product\/sandalwood-pacific-island-essential-oil\/\" \/>\n<meta property=\"og:locale\" content=\"de_DE\" \/>\n<meta property=\"og:type\" content=\"article\" \/>\n<meta property=\"og:title\" content=\"Sandalwood, Pacific Island Essential Oil - Dutch Health Store\" \/>\n<meta property=\"og:description\" content=\"Pacific Island Sandalwood ist die s\u00fc\u00dfe, sinnliche L\u00f6sung f\u00fcr die Nachhaltigkeit von Sandelholz\u00f6l. Regenerativ f\u00fcr dehydrierte Haut und ersch\u00f6pfte Lebensgeister.\" \/>\n<meta property=\"og:url\" content=\"https:\/\/dutchhealthstore.com\/de\/product\/sandalwood-pacific-island-essential-oil\/\" \/>\n<meta property=\"og:site_name\" content=\"Dutch Health Store\" \/>\n<meta property=\"article:publisher\" content=\"https:\/\/www.instagram.com\/dutchhealthstore\/\" \/>\n<meta property=\"article:modified_time\" content=\"2025-12-23T08:39:18+00:00\" \/>\n<meta property=\"og:image\" content=\"https:\/\/dutchhealthstore.com\/wp-content\/uploads\/2021\/07\/sandalwoodpacificEOoke.jpg\" \/>\n\t<meta property=\"og:image:width\" content=\"500\" \/>\n\t<meta property=\"og:image:height\" content=\"500\" \/>\n\t<meta property=\"og:image:type\" content=\"image\/jpeg\" \/>\n<meta name=\"twitter:card\" content=\"summary_large_image\" \/>\n<meta name=\"twitter:label1\" content=\"Verf\u00fcgbarkeit\" \/>\n\t<meta name=\"twitter:data1\" content=\"Auf Lager\" \/>\n<script type=\"application\/ld+json\" class=\"yoast-schema-graph\">{\"@context\":\"https:\/\/schema.org\",\"@graph\":[{\"@type\":\"WebPage\",\"@id\":\"https:\/\/dutchhealthstore.com\/de\/product\/sandalwood-pacific-island-essential-oil\/\",\"url\":\"https:\/\/dutchhealthstore.com\/de\/product\/sandalwood-pacific-island-essential-oil\/\",\"name\":\"Auf der Suche nach Sandalwood, Pacific Island Essential Oil? Bestellen Sie Sandalwood, Pacific Island Essential Oil heute bei Dutch Health Store. Pers\u00f6nlicher Kontakt & schnelle Versand.\",\"isPartOf\":{\"@id\":\"https:\/\/dutchhealthstore.com\/de\/#website\"},\"primaryImageOfPage\":{\"@id\":\"https:\/\/dutchhealthstore.com\/de\/product\/sandalwood-pacific-island-essential-oil\/#primaryimage\"},\"image\":{\"@id\":\"https:\/\/dutchhealthstore.com\/de\/product\/sandalwood-pacific-island-essential-oil\/#primaryimage\"},\"thumbnailUrl\":\"https:\/\/dutchhealthstore.com\/wp-content\/uploads\/2021\/07\/sandalwoodpacificEOoke.jpg\",\"datePublished\":\"2021-08-10T06:28:31+00:00\",\"dateModified\":\"2025-12-23T08:39:18+00:00\",\"description\":\"Pacific Island Sandalwood ist die s\u00fc\u00dfe, sinnliche L\u00f6sung f\u00fcr die Nachhaltigkeit von Sandelholz\u00f6l. Regenerativ f\u00fcr dehydrierte Haut und ersch\u00f6pfte Lebensgeister.\",\"breadcrumb\":{\"@id\":\"https:\/\/dutchhealthstore.com\/de\/product\/sandalwood-pacific-island-essential-oil\/#breadcrumb\"},\"inLanguage\":\"de\",\"potentialAction\":[{\"@type\":\"ReadAction\",\"target\":[\"https:\/\/dutchhealthstore.com\/de\/product\/sandalwood-pacific-island-essential-oil\/\"]}]},{\"@type\":\"ImageObject\",\"inLanguage\":\"de\",\"@id\":\"https:\/\/dutchhealthstore.com\/de\/product\/sandalwood-pacific-island-essential-oil\/#primaryimage\",\"url\":\"https:\/\/dutchhealthstore.com\/wp-content\/uploads\/2021\/07\/sandalwoodpacificEOoke.jpg\",\"contentUrl\":\"https:\/\/dutchhealthstore.com\/wp-content\/uploads\/2021\/07\/sandalwoodpacificEOoke.jpg\",\"width\":500,\"height\":500,\"caption\":\"sandalwoodpacificEOoke\"},{\"@type\":\"BreadcrumbList\",\"@id\":\"https:\/\/dutchhealthstore.com\/de\/product\/sandalwood-pacific-island-essential-oil\/#breadcrumb\",\"itemListElement\":[{\"@type\":\"ListItem\",\"position\":1,\"name\":\"Home\",\"item\":\"https:\/\/dutchhealthstore.com\/de\/\"},{\"@type\":\"ListItem\",\"position\":2,\"name\":\"Shop\",\"item\":\"https:\/\/dutchhealthstore.com\/de\/shop-2\/\"},{\"@type\":\"ListItem\",\"position\":3,\"name\":\"Sandalwood, Pacific Island Essential Oil\"}]},{\"@type\":\"WebSite\",\"@id\":\"https:\/\/dutchhealthstore.com\/de\/#website\",\"url\":\"https:\/\/dutchhealthstore.com\/de\/\",\"name\":\"Dutch Health Store\",\"description\":\"Enhance Your Beauty with Organic &amp; Natural Skincare\",\"publisher\":{\"@id\":\"https:\/\/dutchhealthstore.com\/de\/#organization\"},\"potentialAction\":[{\"@type\":\"SearchAction\",\"target\":{\"@type\":\"EntryPoint\",\"urlTemplate\":\"https:\/\/dutchhealthstore.com\/de\/?s={search_term_string}\"},\"query-input\":{\"@type\":\"PropertyValueSpecification\",\"valueRequired\":true,\"valueName\":\"search_term_string\"}}],\"inLanguage\":\"de\"},{\"@type\":\"Organization\",\"@id\":\"https:\/\/dutchhealthstore.com\/de\/#organization\",\"name\":\"Dutch Health Store\",\"url\":\"https:\/\/dutchhealthstore.com\/de\/\",\"logo\":{\"@type\":\"ImageObject\",\"inLanguage\":\"de\",\"@id\":\"https:\/\/dutchhealthstore.com\/de\/#\/schema\/logo\/image\/\",\"url\":\"https:\/\/dutchhealthstore.com\/wp-content\/uploads\/2020\/08\/logo-dutchhealthstore-jpg-e1599484957574.jpg\",\"contentUrl\":\"https:\/\/dutchhealthstore.com\/wp-content\/uploads\/2020\/08\/logo-dutchhealthstore-jpg-e1599484957574.jpg\",\"width\":400,\"height\":62,\"caption\":\"Dutch Health Store\"},\"image\":{\"@id\":\"https:\/\/dutchhealthstore.com\/de\/#\/schema\/logo\/image\/\"},\"sameAs\":[\"https:\/\/www.instagram.com\/dutchhealthstore\/\",\"https:\/\/www.facebook.com\/dutchhealthstore\"]}]}<\/script>\n<meta property=\"product:brand\" content=\"Living Libations\" \/>\n<meta property=\"og:availability\" content=\"instock\" \/>\n<meta property=\"product:availability\" content=\"instock\" \/>\n<meta property=\"product:condition\" content=\"new\" \/>\n<!-- \/ Yoast SEO Premium plugin. -->","yoast_head_json":{"title":"Auf der Suche nach Sandalwood, Pacific Island Essential Oil? Bestellen Sie Sandalwood, Pacific Island Essential Oil heute bei Dutch Health Store. Pers\u00f6nlicher Kontakt & schnelle Versand.","description":"Pacific Island Sandalwood ist die s\u00fc\u00dfe, sinnliche L\u00f6sung f\u00fcr die Nachhaltigkeit von Sandelholz\u00f6l. Regenerativ f\u00fcr dehydrierte Haut und ersch\u00f6pfte Lebensgeister.","robots":{"index":"index","follow":"follow","max-snippet":"max-snippet:-1","max-image-preview":"max-image-preview:large","max-video-preview":"max-video-preview:-1"},"canonical":"https:\/\/dutchhealthstore.com\/de\/product\/sandalwood-pacific-island-essential-oil\/","og_locale":"de_DE","og_type":"article","og_title":"Sandalwood, Pacific Island Essential Oil - Dutch Health Store","og_description":"Pacific Island Sandalwood ist die s\u00fc\u00dfe, sinnliche L\u00f6sung f\u00fcr die Nachhaltigkeit von Sandelholz\u00f6l. Regenerativ f\u00fcr dehydrierte Haut und ersch\u00f6pfte Lebensgeister.","og_url":"https:\/\/dutchhealthstore.com\/de\/product\/sandalwood-pacific-island-essential-oil\/","og_site_name":"Dutch Health Store","article_publisher":"https:\/\/www.instagram.com\/dutchhealthstore\/","article_modified_time":"2025-12-23T08:39:18+00:00","og_image":[{"width":500,"height":500,"url":"https:\/\/dutchhealthstore.com\/wp-content\/uploads\/2021\/07\/sandalwoodpacificEOoke.jpg","type":"image\/jpeg"}],"twitter_card":"summary_large_image","twitter_misc":{"Verf\u00fcgbarkeit":"Auf Lager"},"schema":{"@context":"https:\/\/schema.org","@graph":[{"@type":"WebPage","@id":"https:\/\/dutchhealthstore.com\/de\/product\/sandalwood-pacific-island-essential-oil\/","url":"https:\/\/dutchhealthstore.com\/de\/product\/sandalwood-pacific-island-essential-oil\/","name":"Auf der Suche nach Sandalwood, Pacific Island Essential Oil? Bestellen Sie Sandalwood, Pacific Island Essential Oil heute bei Dutch Health Store. Pers\u00f6nlicher Kontakt & schnelle Versand.","isPartOf":{"@id":"https:\/\/dutchhealthstore.com\/de\/#website"},"primaryImageOfPage":{"@id":"https:\/\/dutchhealthstore.com\/de\/product\/sandalwood-pacific-island-essential-oil\/#primaryimage"},"image":{"@id":"https:\/\/dutchhealthstore.com\/de\/product\/sandalwood-pacific-island-essential-oil\/#primaryimage"},"thumbnailUrl":"https:\/\/dutchhealthstore.com\/wp-content\/uploads\/2021\/07\/sandalwoodpacificEOoke.jpg","datePublished":"2021-08-10T06:28:31+00:00","dateModified":"2025-12-23T08:39:18+00:00","description":"Pacific Island Sandalwood ist die s\u00fc\u00dfe, sinnliche L\u00f6sung f\u00fcr die Nachhaltigkeit von Sandelholz\u00f6l. Regenerativ f\u00fcr dehydrierte Haut und ersch\u00f6pfte Lebensgeister.","breadcrumb":{"@id":"https:\/\/dutchhealthstore.com\/de\/product\/sandalwood-pacific-island-essential-oil\/#breadcrumb"},"inLanguage":"de","potentialAction":[{"@type":"ReadAction","target":["https:\/\/dutchhealthstore.com\/de\/product\/sandalwood-pacific-island-essential-oil\/"]}]},{"@type":"ImageObject","inLanguage":"de","@id":"https:\/\/dutchhealthstore.com\/de\/product\/sandalwood-pacific-island-essential-oil\/#primaryimage","url":"https:\/\/dutchhealthstore.com\/wp-content\/uploads\/2021\/07\/sandalwoodpacificEOoke.jpg","contentUrl":"https:\/\/dutchhealthstore.com\/wp-content\/uploads\/2021\/07\/sandalwoodpacificEOoke.jpg","width":500,"height":500,"caption":"sandalwoodpacificEOoke"},{"@type":"BreadcrumbList","@id":"https:\/\/dutchhealthstore.com\/de\/product\/sandalwood-pacific-island-essential-oil\/#breadcrumb","itemListElement":[{"@type":"ListItem","position":1,"name":"Home","item":"https:\/\/dutchhealthstore.com\/de\/"},{"@type":"ListItem","position":2,"name":"Shop","item":"https:\/\/dutchhealthstore.com\/de\/shop-2\/"},{"@type":"ListItem","position":3,"name":"Sandalwood, Pacific Island Essential Oil"}]},{"@type":"WebSite","@id":"https:\/\/dutchhealthstore.com\/de\/#website","url":"https:\/\/dutchhealthstore.com\/de\/","name":"Dutch Health Store","description":"Enhance Your Beauty with Organic &amp; Natural Skincare","publisher":{"@id":"https:\/\/dutchhealthstore.com\/de\/#organization"},"potentialAction":[{"@type":"SearchAction","target":{"@type":"EntryPoint","urlTemplate":"https:\/\/dutchhealthstore.com\/de\/?s={search_term_string}"},"query-input":{"@type":"PropertyValueSpecification","valueRequired":true,"valueName":"search_term_string"}}],"inLanguage":"de"},{"@type":"Organization","@id":"https:\/\/dutchhealthstore.com\/de\/#organization","name":"Dutch Health Store","url":"https:\/\/dutchhealthstore.com\/de\/","logo":{"@type":"ImageObject","inLanguage":"de","@id":"https:\/\/dutchhealthstore.com\/de\/#\/schema\/logo\/image\/","url":"https:\/\/dutchhealthstore.com\/wp-content\/uploads\/2020\/08\/logo-dutchhealthstore-jpg-e1599484957574.jpg","contentUrl":"https:\/\/dutchhealthstore.com\/wp-content\/uploads\/2020\/08\/logo-dutchhealthstore-jpg-e1599484957574.jpg","width":400,"height":62,"caption":"Dutch Health Store"},"image":{"@id":"https:\/\/dutchhealthstore.com\/de\/#\/schema\/logo\/image\/"},"sameAs":["https:\/\/www.instagram.com\/dutchhealthstore\/","https:\/\/www.facebook.com\/dutchhealthstore"]}]},"product_brand":"Living Libations","og_availability":"instock","product_availability":"instock","product_condition":"new"},"_links":{"self":[{"href":"https:\/\/dutchhealthstore.com\/de\/wp-json\/wp\/v2\/product\/161890","targetHints":{"allow":["GET"]}}],"collection":[{"href":"https:\/\/dutchhealthstore.com\/de\/wp-json\/wp\/v2\/product"}],"about":[{"href":"https:\/\/dutchhealthstore.com\/de\/wp-json\/wp\/v2\/types\/product"}],"replies":[{"embeddable":true,"href":"https:\/\/dutchhealthstore.com\/de\/wp-json\/wp\/v2\/comments?post=161890"}],"wp:featuredmedia":[{"embeddable":true,"href":"https:\/\/dutchhealthstore.com\/de\/wp-json\/wp\/v2\/media\/160327"}],"wp:attachment":[{"href":"https:\/\/dutchhealthstore.com\/de\/wp-json\/wp\/v2\/media?parent=161890"}],"wp:term":[{"taxonomy":"product_brand","embeddable":true,"href":"https:\/\/dutchhealthstore.com\/de\/wp-json\/wp\/v2\/product_brand?post=161890"},{"taxonomy":"product_cat","embeddable":true,"href":"https:\/\/dutchhealthstore.com\/de\/wp-json\/wp\/v2\/product_cat?post=161890"},{"taxonomy":"product_tag","embeddable":true,"href":"https:\/\/dutchhealthstore.com\/de\/wp-json\/wp\/v2\/product_tag?post=161890"}],"curies":[{"name":"wp","href":"https:\/\/api.w.org\/{rel}","templated":true}]}}