{"id":161880,"date":"2021-07-27T05:54:37","date_gmt":"2021-07-27T03:54:37","guid":{"rendered":"https:\/\/dutchhealthstore.com\/product\/curry-leaf-essential-oil\/"},"modified":"2024-04-26T10:11:40","modified_gmt":"2024-04-26T10:11:40","slug":"curry-leaf-essential-oil","status":"publish","type":"product","link":"https:\/\/dutchhealthstore.com\/de\/product\/curry-leaf-essential-oil\/","title":{"rendered":"Curry Leaf Essential Oil"},"content":{"rendered":"<p><img decoding=\"async\" class=\"alignright\" src=\"https:\/\/dutchhealthstore.com\/wp-content\/uploads\/2019\/08\/NEW-Living-Libations-Logo.jpg\" alt=\"NEW - Living Libations - Logo\"><\/p>\n<p>Unser temperamentvolles Curry Leaf Essential Oil ist eine verlockende Reise in die Tropen. Diese biologische Destillation f\u00e4ngt das best\u00e4ndige Aroma eines verehrten und beliebten K\u00fcchenkrauts ein. Curry Leaf Essential Oil, das mit pflanzlichen Biotika und N\u00e4hrstoffen angereichert ist, belebt und reinigt Haut, Kopfhaut, K\u00f6rper und Geist.<\/p>\n<p><strong>Botanischer Name<\/strong>: Murraya koenigii<br \/>\n<strong>Botanische Familie:<\/strong> Rutaceae<br \/>\n<strong>Extraktionsverfahren<\/strong>: Wasserdampf-Destillation<br \/>\n<strong>Teil der Pflanze destilliert<\/strong>: Blatt<br \/>\n<strong>Herkunftsland:<\/strong> Indien<br \/>\n<strong>Anbaumethode<\/strong>: Bio<br \/>\n<strong>Zusammensetzung<\/strong>: 100% Murraya koenigii<br \/>\n<strong>Konsistenz<\/strong>: D\u00fcnn und blassgelb.<\/p>\n<p><strong>Beschreibung des Duftes<\/strong>: Gr\u00fcn und w\u00fcrzig. Scharf, durchdringend und anregend.<br \/>\n<strong>Gut mischbar mit<\/strong>: Basilikum, Muskatnuss, Bergamotte, Koriander, Zitrone, Salbei, Grapefruit, Weihrauch, Gew\u00fcrznelke, Zimt, Petitgrain, Rosmarin und Rose.<br \/>\nBestandteile: Reichlich Linalool<br \/>\n<strong>Verwendungen<\/strong>: Beruhigendes Karminativum. Geisterhaftes botanisch-biologisches Mittel. Zur Verwendung in der Hautpflege verd\u00fcnnen. Verbessert die Gesundheit der Kopfhaut f\u00fcr gl\u00e4nzendes Haar. Hochentwickelte Antioxidantien kommen K\u00f6rper\u00f6len, Seifen und Reinigungsmitteln f\u00fcr aknegef\u00e4hrdete Haut zugute. Geben Sie einen Tropfen in Ihre Lieblingsk\u00fcche f\u00fcr ein scharfes Currypulver-Aroma. Ein Tropfen in einer dampfenden Dusche oder in einem Diffusor belebt die Freude und st\u00e4rkt die Dankbarkeit. Diffundieren Sie es, um die Freude wiederzubeleben und die Dankbarkeit zu st\u00e4rken. Wird in den Tropen verwendet, um krabbelnde und stechende Fliegen abzuwehren.<\/p>\n<p>Curry Leaf Essential Oil wird aus den Bl\u00e4ttern des uralten Currybaums destilliert, von dem man annimmt, dass er nach Krishna, einer Hindi-Gottheit, benannt ist. Der kleine Strauch, der in tropischen Regionen mit tiefgr\u00fcndigen, fruchtbaren B\u00f6den beheimatet ist, hat gl\u00e4nzende, duftende Bl\u00e4tter und wei\u00dfe Bl\u00fctenb\u00fcschel, die in schwarze Beeren \u00fcbergehen. Im Juli und August werden die Bl\u00e4tter geerntet und zur Gewinnung des \u00d6ls dampfdestilliert.<\/p>\n<p>In Asien, Indien und Afrika werden Currybl\u00e4tter als aromatisches Gew\u00fcrz und W\u00fcrzmittel verwendet, um Currys, Pickles, Chutneys und Suppen zu verfeinern. Traditionell wird ein Tropfen in Buttermilch oder mit Zitronensaft eingenommen, um Magenbeschwerden zu lindern. Die Food and Drug Administration hat dem Curry Leaf Essential Oil das Pr\u00e4dikat &#8222;Generally Recognized As Safe&#8220; (GRAS) f\u00fcr die Verwendung in Lebensmitteln und zum Aromatisieren verliehen, und ein einziger Tropfen in Ihrer Lieblingsk\u00fcche verleiht eine exotische Note.<\/p>\n<p>Unser Curry Leaf Essential Oil ist eine facettenreiche Mischung aus Antioxidantien, die in Kombination mit der F\u00fclle an botanisch-biotischen Wirkstoffen dieser Essenz die Haut wieder zum Strahlen bringt, insbesondere bei Akne. Das energetisierende und reinigende Aroma wirkt anregend in Seifen und K\u00f6rper\u00f6len und ist eine kecke Erg\u00e4nzung zu Kopfhautmassage\u00f6len f\u00fcr langes, gl\u00e4nzendes Haar.<\/p>\n<p><strong>Gr\u00f6\u00dfe: 5 ml und 15 ml<\/strong><\/p>\n<h3>Bio-Zutaten<\/h3>\n<p>\u00c4therisches \u00d6l aus 100% Curryblatt (Murraya koenigii).<\/p>\n","protected":false},"excerpt":{"rendered":"<p>Unser temperamentvolles Curry Leaf Essential Oil ist eine verlockende Reise in die Tropen.<\/p>\n","protected":false},"featured_media":160455,"comment_status":"open","ping_status":"closed","template":"","meta":[],"product_brand":[],"product_cat":[1546,6737,1508,1493,1210,511,6736],"product_tag":[1547],"class_list":{"0":"post-161880","1":"product","2":"type-product","3":"status-publish","4":"has-post-thumbnail","6":"product_cat-essential-oils-living-libations-de","7":"product_cat-essential-oils-de-2","8":"product_cat-aetherische-oele-living-libations","9":"product_cat-living-libations-deutschland","10":"product_cat-marken","11":"product_cat-produkte","12":"product_cat-wellness-de","13":"product_tag-essential-oil-de","14":"pa_brand-livinglibations-de","15":"pa_essential-oils-product-type-essential-oils-de","16":"pa_size-15-ml-de-2","17":"pa_size-5-ml-de","19":"first","20":"instock","21":"taxable","22":"shipping-taxable","23":"purchasable","24":"product-type-variable"},"bundled_by":[],"bundle_stock_status":"instock","bundle_stock_quantity":null,"bundle_virtual":false,"bundle_layout":"","bundle_add_to_cart_form_location":"","bundle_editable_in_cart":false,"bundle_sold_individually_context":"","bundle_item_grouping":"","bundle_min_size":"","bundle_max_size":"","bundle_price":[],"bundled_items":[],"bundle_sell_ids":[],"atum_controlled":true,"out_stock_date":null,"out_stock_threshold":null,"inheritable":true,"stock_on_hold":0,"sold_today":0,"sales_last_days":0,"out_stock_days":0,"lost_sales":0,"update_date":"2026-04-14T00:04:27","atum_locations":[],"atum_stock_status":"instock","restock_status":false,"low_stock_amount":"","sales_update_date":"2026-04-14T00:04:27","calc_backorders":null,"group_of_quantity":0,"min_quantity":0,"max_quantity":"","exclude_order_quantity_value_rules":"no","exclude_category_quantity_rules":"no","combine_variations":"no","yoast_head":"<!-- This site is optimized with the Yoast SEO Premium plugin v26.5 (Yoast SEO v26.5) - https:\/\/yoast.com\/wordpress\/plugins\/seo\/ -->\n<title>Curry Leaf Essential Oil - Living Libations<\/title>\n<meta name=\"description\" content=\"Unser temperamentvolles Curry Leaf Essential Oil ist eine verlockende Reise in die Tropen.\" \/>\n<meta name=\"robots\" content=\"index, follow, max-snippet:-1, max-image-preview:large, max-video-preview:-1\" \/>\n<link rel=\"canonical\" href=\"https:\/\/dutchhealthstore.com\/de\/product\/curry-leaf-essential-oil\/\" \/>\n<meta property=\"og:locale\" content=\"de_DE\" \/>\n<meta property=\"og:type\" content=\"article\" \/>\n<meta property=\"og:title\" content=\"Curry Leaf Essential Oil - Dutch Health Store\" \/>\n<meta property=\"og:description\" content=\"Unser temperamentvolles Curry Leaf Essential Oil ist eine verlockende Reise in die Tropen.\" \/>\n<meta property=\"og:url\" content=\"https:\/\/dutchhealthstore.com\/de\/product\/curry-leaf-essential-oil\/\" \/>\n<meta property=\"og:site_name\" content=\"Dutch Health Store\" \/>\n<meta property=\"article:publisher\" content=\"https:\/\/www.instagram.com\/dutchhealthstore\/\" \/>\n<meta property=\"article:modified_time\" content=\"2024-04-26T10:11:40+00:00\" \/>\n<meta property=\"og:image\" content=\"https:\/\/dutchhealthstore.com\/wp-content\/uploads\/2021\/07\/llcurryleafoke.jpg\" \/>\n\t<meta property=\"og:image:width\" content=\"500\" \/>\n\t<meta property=\"og:image:height\" content=\"500\" \/>\n\t<meta property=\"og:image:type\" content=\"image\/jpeg\" \/>\n<meta name=\"twitter:card\" content=\"summary_large_image\" \/>\n<meta name=\"twitter:label1\" content=\"Verf\u00fcgbarkeit\" \/>\n\t<meta name=\"twitter:data1\" content=\"Auf Lager\" \/>\n<script type=\"application\/ld+json\" class=\"yoast-schema-graph\">{\"@context\":\"https:\/\/schema.org\",\"@graph\":[{\"@type\":\"WebPage\",\"@id\":\"https:\/\/dutchhealthstore.com\/de\/product\/curry-leaf-essential-oil\/\",\"url\":\"https:\/\/dutchhealthstore.com\/de\/product\/curry-leaf-essential-oil\/\",\"name\":\"Curry Leaf Essential Oil - Living Libations\",\"isPartOf\":{\"@id\":\"https:\/\/dutchhealthstore.com\/de\/#website\"},\"primaryImageOfPage\":{\"@id\":\"https:\/\/dutchhealthstore.com\/de\/product\/curry-leaf-essential-oil\/#primaryimage\"},\"image\":{\"@id\":\"https:\/\/dutchhealthstore.com\/de\/product\/curry-leaf-essential-oil\/#primaryimage\"},\"thumbnailUrl\":\"https:\/\/dutchhealthstore.com\/wp-content\/uploads\/2021\/07\/llcurryleafoke.jpg\",\"datePublished\":\"2021-07-27T03:54:37+00:00\",\"dateModified\":\"2024-04-26T10:11:40+00:00\",\"description\":\"Unser temperamentvolles Curry Leaf Essential Oil ist eine verlockende Reise in die Tropen.\",\"breadcrumb\":{\"@id\":\"https:\/\/dutchhealthstore.com\/de\/product\/curry-leaf-essential-oil\/#breadcrumb\"},\"inLanguage\":\"de\",\"potentialAction\":[{\"@type\":\"ReadAction\",\"target\":[\"https:\/\/dutchhealthstore.com\/de\/product\/curry-leaf-essential-oil\/\"]}]},{\"@type\":\"ImageObject\",\"inLanguage\":\"de\",\"@id\":\"https:\/\/dutchhealthstore.com\/de\/product\/curry-leaf-essential-oil\/#primaryimage\",\"url\":\"https:\/\/dutchhealthstore.com\/wp-content\/uploads\/2021\/07\/llcurryleafoke.jpg\",\"contentUrl\":\"https:\/\/dutchhealthstore.com\/wp-content\/uploads\/2021\/07\/llcurryleafoke.jpg\",\"width\":500,\"height\":500,\"caption\":\"llcurryleafoke\"},{\"@type\":\"BreadcrumbList\",\"@id\":\"https:\/\/dutchhealthstore.com\/de\/product\/curry-leaf-essential-oil\/#breadcrumb\",\"itemListElement\":[{\"@type\":\"ListItem\",\"position\":1,\"name\":\"Home\",\"item\":\"https:\/\/dutchhealthstore.com\/de\/\"},{\"@type\":\"ListItem\",\"position\":2,\"name\":\"Shop\",\"item\":\"https:\/\/dutchhealthstore.com\/de\/shop-2\/\"},{\"@type\":\"ListItem\",\"position\":3,\"name\":\"Curry Leaf Essential Oil\"}]},{\"@type\":\"WebSite\",\"@id\":\"https:\/\/dutchhealthstore.com\/de\/#website\",\"url\":\"https:\/\/dutchhealthstore.com\/de\/\",\"name\":\"Dutch Health Store\",\"description\":\"Enhance Your Beauty with Organic &amp; Natural Skincare\",\"publisher\":{\"@id\":\"https:\/\/dutchhealthstore.com\/de\/#organization\"},\"potentialAction\":[{\"@type\":\"SearchAction\",\"target\":{\"@type\":\"EntryPoint\",\"urlTemplate\":\"https:\/\/dutchhealthstore.com\/de\/?s={search_term_string}\"},\"query-input\":{\"@type\":\"PropertyValueSpecification\",\"valueRequired\":true,\"valueName\":\"search_term_string\"}}],\"inLanguage\":\"de\"},{\"@type\":\"Organization\",\"@id\":\"https:\/\/dutchhealthstore.com\/de\/#organization\",\"name\":\"Dutch Health Store\",\"url\":\"https:\/\/dutchhealthstore.com\/de\/\",\"logo\":{\"@type\":\"ImageObject\",\"inLanguage\":\"de\",\"@id\":\"https:\/\/dutchhealthstore.com\/de\/#\/schema\/logo\/image\/\",\"url\":\"https:\/\/dutchhealthstore.com\/wp-content\/uploads\/2020\/08\/logo-dutchhealthstore-jpg-e1599484957574.jpg\",\"contentUrl\":\"https:\/\/dutchhealthstore.com\/wp-content\/uploads\/2020\/08\/logo-dutchhealthstore-jpg-e1599484957574.jpg\",\"width\":400,\"height\":62,\"caption\":\"Dutch Health Store\"},\"image\":{\"@id\":\"https:\/\/dutchhealthstore.com\/de\/#\/schema\/logo\/image\/\"},\"sameAs\":[\"https:\/\/www.instagram.com\/dutchhealthstore\/\",\"https:\/\/www.facebook.com\/dutchhealthstore\"]}]}<\/script>\n<meta property=\"product:brand\" content=\"Living Libations\" \/>\n<meta property=\"og:availability\" content=\"instock\" \/>\n<meta property=\"product:availability\" content=\"instock\" \/>\n<meta property=\"product:condition\" content=\"new\" \/>\n<!-- \/ Yoast SEO Premium plugin. -->","yoast_head_json":{"title":"Curry Leaf Essential Oil - Living Libations","description":"Unser temperamentvolles Curry Leaf Essential Oil ist eine verlockende Reise in die Tropen.","robots":{"index":"index","follow":"follow","max-snippet":"max-snippet:-1","max-image-preview":"max-image-preview:large","max-video-preview":"max-video-preview:-1"},"canonical":"https:\/\/dutchhealthstore.com\/de\/product\/curry-leaf-essential-oil\/","og_locale":"de_DE","og_type":"article","og_title":"Curry Leaf Essential Oil - Dutch Health Store","og_description":"Unser temperamentvolles Curry Leaf Essential Oil ist eine verlockende Reise in die Tropen.","og_url":"https:\/\/dutchhealthstore.com\/de\/product\/curry-leaf-essential-oil\/","og_site_name":"Dutch Health Store","article_publisher":"https:\/\/www.instagram.com\/dutchhealthstore\/","article_modified_time":"2024-04-26T10:11:40+00:00","og_image":[{"width":500,"height":500,"url":"https:\/\/dutchhealthstore.com\/wp-content\/uploads\/2021\/07\/llcurryleafoke.jpg","type":"image\/jpeg"}],"twitter_card":"summary_large_image","twitter_misc":{"Verf\u00fcgbarkeit":"Auf Lager"},"schema":{"@context":"https:\/\/schema.org","@graph":[{"@type":"WebPage","@id":"https:\/\/dutchhealthstore.com\/de\/product\/curry-leaf-essential-oil\/","url":"https:\/\/dutchhealthstore.com\/de\/product\/curry-leaf-essential-oil\/","name":"Curry Leaf Essential Oil - Living Libations","isPartOf":{"@id":"https:\/\/dutchhealthstore.com\/de\/#website"},"primaryImageOfPage":{"@id":"https:\/\/dutchhealthstore.com\/de\/product\/curry-leaf-essential-oil\/#primaryimage"},"image":{"@id":"https:\/\/dutchhealthstore.com\/de\/product\/curry-leaf-essential-oil\/#primaryimage"},"thumbnailUrl":"https:\/\/dutchhealthstore.com\/wp-content\/uploads\/2021\/07\/llcurryleafoke.jpg","datePublished":"2021-07-27T03:54:37+00:00","dateModified":"2024-04-26T10:11:40+00:00","description":"Unser temperamentvolles Curry Leaf Essential Oil ist eine verlockende Reise in die Tropen.","breadcrumb":{"@id":"https:\/\/dutchhealthstore.com\/de\/product\/curry-leaf-essential-oil\/#breadcrumb"},"inLanguage":"de","potentialAction":[{"@type":"ReadAction","target":["https:\/\/dutchhealthstore.com\/de\/product\/curry-leaf-essential-oil\/"]}]},{"@type":"ImageObject","inLanguage":"de","@id":"https:\/\/dutchhealthstore.com\/de\/product\/curry-leaf-essential-oil\/#primaryimage","url":"https:\/\/dutchhealthstore.com\/wp-content\/uploads\/2021\/07\/llcurryleafoke.jpg","contentUrl":"https:\/\/dutchhealthstore.com\/wp-content\/uploads\/2021\/07\/llcurryleafoke.jpg","width":500,"height":500,"caption":"llcurryleafoke"},{"@type":"BreadcrumbList","@id":"https:\/\/dutchhealthstore.com\/de\/product\/curry-leaf-essential-oil\/#breadcrumb","itemListElement":[{"@type":"ListItem","position":1,"name":"Home","item":"https:\/\/dutchhealthstore.com\/de\/"},{"@type":"ListItem","position":2,"name":"Shop","item":"https:\/\/dutchhealthstore.com\/de\/shop-2\/"},{"@type":"ListItem","position":3,"name":"Curry Leaf Essential Oil"}]},{"@type":"WebSite","@id":"https:\/\/dutchhealthstore.com\/de\/#website","url":"https:\/\/dutchhealthstore.com\/de\/","name":"Dutch Health Store","description":"Enhance Your Beauty with Organic &amp; Natural Skincare","publisher":{"@id":"https:\/\/dutchhealthstore.com\/de\/#organization"},"potentialAction":[{"@type":"SearchAction","target":{"@type":"EntryPoint","urlTemplate":"https:\/\/dutchhealthstore.com\/de\/?s={search_term_string}"},"query-input":{"@type":"PropertyValueSpecification","valueRequired":true,"valueName":"search_term_string"}}],"inLanguage":"de"},{"@type":"Organization","@id":"https:\/\/dutchhealthstore.com\/de\/#organization","name":"Dutch Health Store","url":"https:\/\/dutchhealthstore.com\/de\/","logo":{"@type":"ImageObject","inLanguage":"de","@id":"https:\/\/dutchhealthstore.com\/de\/#\/schema\/logo\/image\/","url":"https:\/\/dutchhealthstore.com\/wp-content\/uploads\/2020\/08\/logo-dutchhealthstore-jpg-e1599484957574.jpg","contentUrl":"https:\/\/dutchhealthstore.com\/wp-content\/uploads\/2020\/08\/logo-dutchhealthstore-jpg-e1599484957574.jpg","width":400,"height":62,"caption":"Dutch Health Store"},"image":{"@id":"https:\/\/dutchhealthstore.com\/de\/#\/schema\/logo\/image\/"},"sameAs":["https:\/\/www.instagram.com\/dutchhealthstore\/","https:\/\/www.facebook.com\/dutchhealthstore"]}]},"product_brand":"Living Libations","og_availability":"instock","product_availability":"instock","product_condition":"new"},"_links":{"self":[{"href":"https:\/\/dutchhealthstore.com\/de\/wp-json\/wp\/v2\/product\/161880","targetHints":{"allow":["GET"]}}],"collection":[{"href":"https:\/\/dutchhealthstore.com\/de\/wp-json\/wp\/v2\/product"}],"about":[{"href":"https:\/\/dutchhealthstore.com\/de\/wp-json\/wp\/v2\/types\/product"}],"replies":[{"embeddable":true,"href":"https:\/\/dutchhealthstore.com\/de\/wp-json\/wp\/v2\/comments?post=161880"}],"wp:featuredmedia":[{"embeddable":true,"href":"https:\/\/dutchhealthstore.com\/de\/wp-json\/wp\/v2\/media\/160455"}],"wp:attachment":[{"href":"https:\/\/dutchhealthstore.com\/de\/wp-json\/wp\/v2\/media?parent=161880"}],"wp:term":[{"taxonomy":"product_brand","embeddable":true,"href":"https:\/\/dutchhealthstore.com\/de\/wp-json\/wp\/v2\/product_brand?post=161880"},{"taxonomy":"product_cat","embeddable":true,"href":"https:\/\/dutchhealthstore.com\/de\/wp-json\/wp\/v2\/product_cat?post=161880"},{"taxonomy":"product_tag","embeddable":true,"href":"https:\/\/dutchhealthstore.com\/de\/wp-json\/wp\/v2\/product_tag?post=161880"}],"curies":[{"name":"wp","href":"https:\/\/api.w.org\/{rel}","templated":true}]}}