{"id":161538,"date":"2021-08-06T07:42:03","date_gmt":"2021-08-06T05:42:03","guid":{"rendered":"https:\/\/dutchhealthstore.com\/product\/essential-balm-cleanse\/"},"modified":"2025-10-12T16:09:02","modified_gmt":"2025-10-12T14:09:02","slug":"essential-balm-cleanse","status":"publish","type":"product","link":"https:\/\/dutchhealthstore.com\/de\/product\/essential-balm-cleanse\/","title":{"rendered":"Essential Balm Cleanse"},"content":{"rendered":"<p><img decoding=\"async\" class=\"alignright size-full wp-image-96828\" src=\"https:\/\/dutchhealthstore.com\/wp-content\/uploads\/2020\/03\/Josh-Rosebrook-Logo-4.jpg\" alt=\"\" width=\"200\" height=\"53\"><\/p>\n<p class=\"p1\">Essential Balm Cleanse ist ein luxuri\u00f6ser und sanfter Balsamreiniger mit ausgeglichenem pH-Wert, der als seidiges, \u00f6lhaltiges Konzentrat auf der Haut schmilzt und bei Zugabe von Wasser zu einer milchigen Creme emulgiert. Essential Balm Cleanse entfernt effektiv Make-up, Schmutz, Verunreinigungen und unausgewogenes \u00d6l und hinterl\u00e4sst eine weiche, sch\u00f6ne und mit Feuchtigkeit versorgte Haut. N\u00e4hrstoffreiche Pflanzen\u00f6le, blaugr\u00fcne Algen, Chlorella und wirksame, selbst hergestellte Kr\u00e4uterextrakte n\u00e4hren, beruhigen und bes\u00e4nftigen die Haut, w\u00e4hrend der empfindliche S\u00e4ureschutzmantel der Haut erhalten bleibt.<\/p>\n<p>Keine \u00e4therischen \u00d6le. Die nat\u00fcrlichen Inhaltsstoffe verstr\u00f6men einen leichten Kardamom-Duft. F\u00fcr alle Hauttypen &#8211; fettig, Mischhaut, normal und trocken. Geeignet f\u00fcr trockene, empfindliche Haut, Akne, Rosazea und Ekzeme.<\/p>\n<h3>Wie zu verwenden<\/h3>\n<p>Mit sauberen H\u00e4nden eine gro\u00dfz\u00fcgige Menge auf das trockene Gesicht auftragen und mit kreisenden Bewegungen sanft einmassieren. Anschlie\u00dfend den Hydrating Accelerator aufspr\u00fchen oder Wasser zum Emulgieren hinzuf\u00fcgen und mit warmem Wasser absp\u00fclen.<\/p>\n<p><strong>Gr\u00f6\u00dfe: 100 ml\/3,3 Unzen<\/strong><\/p>\n<h3 class=\"yikes-custom-woo-tab-title yikes-custom-woo-tab-title-natural-organic-ingredients\">Nat\u00fcrliche\/Organische Inhaltsstoffe<\/h3>\n<p>*Meadowfoam Seed Oil, *Vegetable Glycerin, *Sunflower Seed Oil, *Tamanu Oil, Polyglyceryl-10 Laurate, *Helichrysum Flowers, *Chlorella Powder, *Green Tea Leaf , *Chamomile Flowers, *Cardamom Pods, Lactobacillus Ferment Lysate Filtrate, *Indian Soapberry Fruit Extract, Water, *Vitamin E, Blue-Green Algae Extract, Leuconostoc\/Radish Root Ferment Filtrate, Aspen Tree Bark Extract, Phenethyl Alcohol, Ethylhexylglycerin, Citric Acid, Potassium Sorbate, Sodium Benzoate.<\/p>\n<p>*ZERTIFIZIERT BIOLOGISCH<\/p>\n<p>Keine Tierversuche<\/p>\n","protected":false},"excerpt":{"rendered":"<p>Essential Balm Cleanse ist ein luxuri\u00f6ser und sanfter Balsamreiniger mit ausgeglichenem pH-Wert<\/p>\n","protected":false},"featured_media":312951,"comment_status":"open","ping_status":"closed","template":"","meta":[],"product_brand":[],"product_cat":[5071,1227,5068,5669,5639,14735,5597,1032,1210,5636,4985,5101,511,5686,5687,4983,5688,5685,4984,5634],"product_tag":[6236,41,9604,21396,4831],"class_list":{"0":"post-161538","1":"product","2":"type-product","3":"status-publish","4":"has-post-thumbnail","6":"product_cat-sensitive-skin-redness-de-6","7":"product_cat-sensitive-skin-redness-de","8":"product_cat-oily-skin-clogged-pores-de-7","9":"product_cat-oily-skin-clogged-pores-de","10":"product_cat-skin-care-de","11":"product_cat-hautpflege","12":"product_cat-josh-rosebrook-de","13":"product_cat-kategorien","14":"product_cat-marken","15":"product_cat-normal-or-combination-skin-de-2","16":"product_cat-normal-or-combination-skin-de-7","17":"product_cat-by-skin-type-de-4","18":"product_cat-produkte","19":"product_cat-cleansers-de-9","20":"product_cat-cleansers-de-6","21":"product_cat-cleansers-de-de-3","22":"product_cat-cleansers-de-7","23":"product_cat-cleansers-de-de-4","24":"product_cat-dry-mature-ageing-skin-de-7","25":"product_cat-dry-mature-ageing-skin-de-2","26":"product_tag-balm-de","27":"product_tag-face-care","28":"product_tag-hydrating-de","29":"product_tag-reinigen","30":"product_tag-skin-de","31":"pa_brand-josh-rosebrook-de","32":"pa_gtin-7424924456447-de","33":"pa_size-100-ml-3-3-oz-de","34":"pa_skincare-type-cleansers-de","35":"pa_skintype-normal-combination-skin-de","36":"pa_skintype-oily-skin-de","37":"pa_skintype-sensitive-skin-redness-de","38":"pa_skintype-dry-mature-ageing-skin-de","40":"first","41":"instock","42":"taxable","43":"shipping-taxable","44":"purchasable","45":"product-type-simple"},"bundled_by":[],"bundle_stock_status":"instock","bundle_stock_quantity":2,"bundle_virtual":false,"bundle_layout":"","bundle_add_to_cart_form_location":"","bundle_editable_in_cart":false,"bundle_sold_individually_context":"","bundle_item_grouping":"","bundle_min_size":"","bundle_max_size":"","bundle_price":[],"bundled_items":[],"bundle_sell_ids":[107698],"atum_controlled":true,"out_stock_date":null,"out_stock_threshold":null,"inheritable":false,"stock_on_hold":0,"sold_today":0,"sales_last_days":0,"out_stock_days":0,"lost_sales":0,"update_date":"2026-04-13T08:35:42","atum_locations":[],"atum_stock_status":"instock","restock_status":false,"low_stock_amount":"","sales_update_date":"2026-04-13T08:35:42","calc_backorders":null,"group_of_quantity":0,"min_quantity":0,"max_quantity":"","exclude_order_quantity_value_rules":"no","exclude_category_quantity_rules":"no","combine_variations":"no","yoast_head":"<!-- This site is optimized with the Yoast SEO Premium plugin v26.5 (Yoast SEO v26.5) - https:\/\/yoast.com\/wordpress\/plugins\/seo\/ -->\n<title>Essential Balm Cleanse - Josh Rosebrook<\/title>\n<meta name=\"description\" content=\"Essential Balm Cleanse ist ein luxuri\u00f6ser und sanfter Balsamreiniger mit ausgeglichenem pH-Wert\" \/>\n<meta name=\"robots\" content=\"index, follow, max-snippet:-1, max-image-preview:large, max-video-preview:-1\" \/>\n<link rel=\"canonical\" href=\"https:\/\/dutchhealthstore.com\/de\/product\/essential-balm-cleanse\/\" \/>\n<meta property=\"og:locale\" content=\"de_DE\" \/>\n<meta property=\"og:type\" content=\"article\" \/>\n<meta property=\"og:title\" content=\"Essential Balm Cleanse - Dutch Health Store\" \/>\n<meta property=\"og:description\" content=\"Essential Balm Cleanse ist ein luxuri\u00f6ser und sanfter Balsamreiniger mit ausgeglichenem pH-Wert\" \/>\n<meta property=\"og:url\" content=\"https:\/\/dutchhealthstore.com\/de\/product\/essential-balm-cleanse\/\" \/>\n<meta property=\"og:site_name\" content=\"Dutch Health Store\" \/>\n<meta property=\"article:publisher\" content=\"https:\/\/www.instagram.com\/dutchhealthstore\/\" \/>\n<meta property=\"article:modified_time\" content=\"2025-10-12T14:09:02+00:00\" \/>\n<meta property=\"og:image\" content=\"https:\/\/dutchhealthstore.com\/wp-content\/uploads\/2021\/10\/jressentialbalmoke.jpg\" \/>\n\t<meta property=\"og:image:width\" content=\"500\" \/>\n\t<meta property=\"og:image:height\" content=\"500\" \/>\n\t<meta property=\"og:image:type\" content=\"image\/jpeg\" \/>\n<meta name=\"twitter:card\" content=\"summary_large_image\" \/>\n<meta name=\"twitter:label1\" content=\"Preis\" \/>\n\t<meta name=\"twitter:data1\" content=\"&euro;55,00\" \/>\n\t<meta name=\"twitter:label2\" content=\"Verf\u00fcgbarkeit\" \/>\n\t<meta name=\"twitter:data2\" content=\"Auf Lager\" \/>\n<script type=\"application\/ld+json\" class=\"yoast-schema-graph\">{\"@context\":\"https:\/\/schema.org\",\"@graph\":[{\"@type\":\"WebPage\",\"@id\":\"https:\/\/dutchhealthstore.com\/de\/product\/essential-balm-cleanse\/\",\"url\":\"https:\/\/dutchhealthstore.com\/de\/product\/essential-balm-cleanse\/\",\"name\":\"Essential Balm Cleanse - Josh Rosebrook\",\"isPartOf\":{\"@id\":\"https:\/\/dutchhealthstore.com\/de\/#website\"},\"primaryImageOfPage\":{\"@id\":\"https:\/\/dutchhealthstore.com\/de\/product\/essential-balm-cleanse\/#primaryimage\"},\"image\":{\"@id\":\"https:\/\/dutchhealthstore.com\/de\/product\/essential-balm-cleanse\/#primaryimage\"},\"thumbnailUrl\":\"https:\/\/dutchhealthstore.com\/wp-content\/uploads\/2021\/08\/josh2_0000s_0004_ess-balm-clean.jpg\",\"datePublished\":\"2021-08-06T05:42:03+00:00\",\"dateModified\":\"2025-10-12T14:09:02+00:00\",\"description\":\"Essential Balm Cleanse ist ein luxuri\u00f6ser und sanfter Balsamreiniger mit ausgeglichenem pH-Wert\",\"breadcrumb\":{\"@id\":\"https:\/\/dutchhealthstore.com\/de\/product\/essential-balm-cleanse\/#breadcrumb\"},\"inLanguage\":\"de\",\"potentialAction\":[{\"@type\":\"ReadAction\",\"target\":[\"https:\/\/dutchhealthstore.com\/de\/product\/essential-balm-cleanse\/\"]}]},{\"@type\":\"ImageObject\",\"inLanguage\":\"de\",\"@id\":\"https:\/\/dutchhealthstore.com\/de\/product\/essential-balm-cleanse\/#primaryimage\",\"url\":\"https:\/\/dutchhealthstore.com\/wp-content\/uploads\/2021\/08\/josh2_0000s_0004_ess-balm-clean.jpg\",\"contentUrl\":\"https:\/\/dutchhealthstore.com\/wp-content\/uploads\/2021\/08\/josh2_0000s_0004_ess-balm-clean.jpg\",\"width\":530,\"height\":530},{\"@type\":\"BreadcrumbList\",\"@id\":\"https:\/\/dutchhealthstore.com\/de\/product\/essential-balm-cleanse\/#breadcrumb\",\"itemListElement\":[{\"@type\":\"ListItem\",\"position\":1,\"name\":\"Home\",\"item\":\"https:\/\/dutchhealthstore.com\/de\/\"},{\"@type\":\"ListItem\",\"position\":2,\"name\":\"Shop\",\"item\":\"https:\/\/dutchhealthstore.com\/de\/shop-2\/\"},{\"@type\":\"ListItem\",\"position\":3,\"name\":\"Essential Balm Cleanse\"}]},{\"@type\":\"WebSite\",\"@id\":\"https:\/\/dutchhealthstore.com\/de\/#website\",\"url\":\"https:\/\/dutchhealthstore.com\/de\/\",\"name\":\"Dutch Health Store\",\"description\":\"Enhance Your Beauty with Organic &amp; Natural Skincare\",\"publisher\":{\"@id\":\"https:\/\/dutchhealthstore.com\/de\/#organization\"},\"potentialAction\":[{\"@type\":\"SearchAction\",\"target\":{\"@type\":\"EntryPoint\",\"urlTemplate\":\"https:\/\/dutchhealthstore.com\/de\/?s={search_term_string}\"},\"query-input\":{\"@type\":\"PropertyValueSpecification\",\"valueRequired\":true,\"valueName\":\"search_term_string\"}}],\"inLanguage\":\"de\"},{\"@type\":\"Organization\",\"@id\":\"https:\/\/dutchhealthstore.com\/de\/#organization\",\"name\":\"Dutch Health Store\",\"url\":\"https:\/\/dutchhealthstore.com\/de\/\",\"logo\":{\"@type\":\"ImageObject\",\"inLanguage\":\"de\",\"@id\":\"https:\/\/dutchhealthstore.com\/de\/#\/schema\/logo\/image\/\",\"url\":\"https:\/\/dutchhealthstore.com\/wp-content\/uploads\/2020\/08\/logo-dutchhealthstore-jpg-e1599484957574.jpg\",\"contentUrl\":\"https:\/\/dutchhealthstore.com\/wp-content\/uploads\/2020\/08\/logo-dutchhealthstore-jpg-e1599484957574.jpg\",\"width\":400,\"height\":62,\"caption\":\"Dutch Health Store\"},\"image\":{\"@id\":\"https:\/\/dutchhealthstore.com\/de\/#\/schema\/logo\/image\/\"},\"sameAs\":[\"https:\/\/www.instagram.com\/dutchhealthstore\/\",\"https:\/\/www.facebook.com\/dutchhealthstore\"]}]}<\/script>\n<meta property=\"product:brand\" content=\"Josh Rosebrook\" \/>\n<meta property=\"product:price:amount\" content=\"55.00\" \/>\n<meta property=\"product:price:currency\" content=\"EUR\" \/>\n<meta property=\"og:availability\" content=\"instock\" \/>\n<meta property=\"product:availability\" content=\"instock\" \/>\n<meta property=\"product:condition\" content=\"new\" \/>\n<!-- \/ Yoast SEO Premium plugin. -->","yoast_head_json":{"title":"Essential Balm Cleanse - Josh Rosebrook","description":"Essential Balm Cleanse ist ein luxuri\u00f6ser und sanfter Balsamreiniger mit ausgeglichenem pH-Wert","robots":{"index":"index","follow":"follow","max-snippet":"max-snippet:-1","max-image-preview":"max-image-preview:large","max-video-preview":"max-video-preview:-1"},"canonical":"https:\/\/dutchhealthstore.com\/de\/product\/essential-balm-cleanse\/","og_locale":"de_DE","og_type":"article","og_title":"Essential Balm Cleanse - Dutch Health Store","og_description":"Essential Balm Cleanse ist ein luxuri\u00f6ser und sanfter Balsamreiniger mit ausgeglichenem pH-Wert","og_url":"https:\/\/dutchhealthstore.com\/de\/product\/essential-balm-cleanse\/","og_site_name":"Dutch Health Store","article_publisher":"https:\/\/www.instagram.com\/dutchhealthstore\/","article_modified_time":"2025-10-12T14:09:02+00:00","og_image":[{"width":500,"height":500,"url":"https:\/\/dutchhealthstore.com\/wp-content\/uploads\/2021\/10\/jressentialbalmoke.jpg","type":"image\/jpeg"}],"twitter_card":"summary_large_image","twitter_misc":{"Preis":"&euro;55,00","Verf\u00fcgbarkeit":"Auf Lager"},"schema":{"@context":"https:\/\/schema.org","@graph":[{"@type":"WebPage","@id":"https:\/\/dutchhealthstore.com\/de\/product\/essential-balm-cleanse\/","url":"https:\/\/dutchhealthstore.com\/de\/product\/essential-balm-cleanse\/","name":"Essential Balm Cleanse - Josh Rosebrook","isPartOf":{"@id":"https:\/\/dutchhealthstore.com\/de\/#website"},"primaryImageOfPage":{"@id":"https:\/\/dutchhealthstore.com\/de\/product\/essential-balm-cleanse\/#primaryimage"},"image":{"@id":"https:\/\/dutchhealthstore.com\/de\/product\/essential-balm-cleanse\/#primaryimage"},"thumbnailUrl":"https:\/\/dutchhealthstore.com\/wp-content\/uploads\/2021\/08\/josh2_0000s_0004_ess-balm-clean.jpg","datePublished":"2021-08-06T05:42:03+00:00","dateModified":"2025-10-12T14:09:02+00:00","description":"Essential Balm Cleanse ist ein luxuri\u00f6ser und sanfter Balsamreiniger mit ausgeglichenem pH-Wert","breadcrumb":{"@id":"https:\/\/dutchhealthstore.com\/de\/product\/essential-balm-cleanse\/#breadcrumb"},"inLanguage":"de","potentialAction":[{"@type":"ReadAction","target":["https:\/\/dutchhealthstore.com\/de\/product\/essential-balm-cleanse\/"]}]},{"@type":"ImageObject","inLanguage":"de","@id":"https:\/\/dutchhealthstore.com\/de\/product\/essential-balm-cleanse\/#primaryimage","url":"https:\/\/dutchhealthstore.com\/wp-content\/uploads\/2021\/08\/josh2_0000s_0004_ess-balm-clean.jpg","contentUrl":"https:\/\/dutchhealthstore.com\/wp-content\/uploads\/2021\/08\/josh2_0000s_0004_ess-balm-clean.jpg","width":530,"height":530},{"@type":"BreadcrumbList","@id":"https:\/\/dutchhealthstore.com\/de\/product\/essential-balm-cleanse\/#breadcrumb","itemListElement":[{"@type":"ListItem","position":1,"name":"Home","item":"https:\/\/dutchhealthstore.com\/de\/"},{"@type":"ListItem","position":2,"name":"Shop","item":"https:\/\/dutchhealthstore.com\/de\/shop-2\/"},{"@type":"ListItem","position":3,"name":"Essential Balm Cleanse"}]},{"@type":"WebSite","@id":"https:\/\/dutchhealthstore.com\/de\/#website","url":"https:\/\/dutchhealthstore.com\/de\/","name":"Dutch Health Store","description":"Enhance Your Beauty with Organic &amp; Natural Skincare","publisher":{"@id":"https:\/\/dutchhealthstore.com\/de\/#organization"},"potentialAction":[{"@type":"SearchAction","target":{"@type":"EntryPoint","urlTemplate":"https:\/\/dutchhealthstore.com\/de\/?s={search_term_string}"},"query-input":{"@type":"PropertyValueSpecification","valueRequired":true,"valueName":"search_term_string"}}],"inLanguage":"de"},{"@type":"Organization","@id":"https:\/\/dutchhealthstore.com\/de\/#organization","name":"Dutch Health Store","url":"https:\/\/dutchhealthstore.com\/de\/","logo":{"@type":"ImageObject","inLanguage":"de","@id":"https:\/\/dutchhealthstore.com\/de\/#\/schema\/logo\/image\/","url":"https:\/\/dutchhealthstore.com\/wp-content\/uploads\/2020\/08\/logo-dutchhealthstore-jpg-e1599484957574.jpg","contentUrl":"https:\/\/dutchhealthstore.com\/wp-content\/uploads\/2020\/08\/logo-dutchhealthstore-jpg-e1599484957574.jpg","width":400,"height":62,"caption":"Dutch Health Store"},"image":{"@id":"https:\/\/dutchhealthstore.com\/de\/#\/schema\/logo\/image\/"},"sameAs":["https:\/\/www.instagram.com\/dutchhealthstore\/","https:\/\/www.facebook.com\/dutchhealthstore"]}]},"product_brand":"Josh Rosebrook","product_price_amount":"55.00","product_price_currency":"EUR","og_availability":"instock","product_availability":"instock","product_condition":"new"},"_links":{"self":[{"href":"https:\/\/dutchhealthstore.com\/de\/wp-json\/wp\/v2\/product\/161538","targetHints":{"allow":["GET"]}}],"collection":[{"href":"https:\/\/dutchhealthstore.com\/de\/wp-json\/wp\/v2\/product"}],"about":[{"href":"https:\/\/dutchhealthstore.com\/de\/wp-json\/wp\/v2\/types\/product"}],"replies":[{"embeddable":true,"href":"https:\/\/dutchhealthstore.com\/de\/wp-json\/wp\/v2\/comments?post=161538"}],"wp:featuredmedia":[{"embeddable":true,"href":"https:\/\/dutchhealthstore.com\/de\/wp-json\/wp\/v2\/media\/312951"}],"wp:attachment":[{"href":"https:\/\/dutchhealthstore.com\/de\/wp-json\/wp\/v2\/media?parent=161538"}],"wp:term":[{"taxonomy":"product_brand","embeddable":true,"href":"https:\/\/dutchhealthstore.com\/de\/wp-json\/wp\/v2\/product_brand?post=161538"},{"taxonomy":"product_cat","embeddable":true,"href":"https:\/\/dutchhealthstore.com\/de\/wp-json\/wp\/v2\/product_cat?post=161538"},{"taxonomy":"product_tag","embeddable":true,"href":"https:\/\/dutchhealthstore.com\/de\/wp-json\/wp\/v2\/product_tag?post=161538"}],"curies":[{"name":"wp","href":"https:\/\/api.w.org\/{rel}","templated":true}]}}