{"id":159847,"date":"2021-07-16T12:49:51","date_gmt":"2021-07-16T10:49:51","guid":{"rendered":"https:\/\/dutchhealthstore.com\/product\/elastic-love-firming-face-neck-oil-zero-essential-oils\/"},"modified":"2026-03-21T12:06:24","modified_gmt":"2026-03-21T11:06:24","slug":"elastic-love-firming-face-neck-oil-zero-essential-oils","status":"publish","type":"product","link":"https:\/\/dutchhealthstore.com\/de\/product\/elastic-love-firming-face-neck-oil-zero-essential-oils\/","title":{"rendered":"ELASTIC LOVE \/ Firming Face + Neck Oil \/ Zero Essential Oils"},"content":{"rendered":"<p><strong>Magische Momente des Zusammenhalts.<\/strong><\/p>\n<p>Saftige Spannung und anhaltende Bejahung klopfen mit diesem funkelnden Serum an, das schnell strafft, die Spannkraft wirklich erh\u00f6ht und meiner reiferen, 49 Jahre alten Haut elastische Liebe und beschwingte Spannkraft verleiht &#8211; besonders der Haut an meinem Hals und unter meinem Kinn, die mir noch nie aufgefallen ist.<\/p>\n<p>Diese Komposition erinnert mich an die zarte Kraft und unendliche Elastizit\u00e4t der Liebe zwischen nahen und fernen Menschen. Auch eine Erinnerung an die Widerstandsf\u00e4higkeit und Sch\u00f6nheit der Liebe angesichts von Trennung, Verlust und Zeit. Und es ist auch eine Einladung, mit mir durch Zeit und Raum zu reisen: von unserem Garten im Kangaroo Valley, in dem die K\u00e4ngurupf\u00f6tchenblume, Artischocken, Rotklee und Quitten wachsen, zu den europ\u00e4ischen Sommerg\u00e4rten meiner Kindheit, in denen ich schwarze Johannisbeeren und Brombeeren pfl\u00fcckte, und weiter zu Orten, an die ich mich sehne, wie Afrika, S\u00fcdamerika, China&#8230; Die Zeit ist elastisch.<\/p>\n<p>ELASTIC LOVE symbolisiert das unsichtbare Band, das die Herzen und Seelen von Liebenden, Familien und Freunden f\u00fcr immer verbindet, der magische Klebstoff, der uns f\u00fcr immer zusammenh\u00e4lt.<\/p>\n<p><strong>BENEFITS<\/strong><br \/>\nSonnenextrakte aus K\u00e4ngurupf\u00f6tchen, Quitte, Rotklee, Bambus, Schachtelhalm und Artischocke werden mit kaltgepressten, unraffinierten Samen\u00f6len aus Cassis, Schwarzer Johannisbeere, Kalahari-Melone, Nachtkerze, Kaktusfeige und Pequi-Frucht kombiniert, um die Haut zu straffen und ihre Elastizit\u00e4t wiederherzustellen, die Linols\u00e4ure wieder aufzuf\u00fcllen und das Bindegewebe meiner Haut zu st\u00e4rken, die Hautdicke zu verbessern und den Stoffwechselzyklus der Haut auszugleichen, die Kollagenproduktion zu steigern und sogar die Hormone auszugleichen.<\/p>\n<p><strong>NULL ESSENTIELLE \u00d6LE<br \/>\n<\/strong>Damit sich die Aromen und D\u00fcfte meiner Extrakte und \u00d6le auf nat\u00fcrliche Weise entfalten k\u00f6nnen, habe ich mich daf\u00fcr entschieden, keiner unserer KAIROS MOMENT-Kompositionen \u00e4therische \u00d6le hinzuzuf\u00fcgen. Das bedeutet, dass ihre energetische, \u00e4therische K\u00f6rperladung viel subtiler ist und von den nat\u00fcrlich vorkommenden, nicht isolierten \u00e4therischen \u00d6len in der Pflanzenmasse wie Samen, Fr\u00fcchten, Bl\u00fcten, Bl\u00e4ttern, Rinde usw. stammt. Ich extrahiere in biodynamisches Oliven\u00f6l. Das Aroma dieser sehr komplexen Kompositionen ist oszillierend, spezifisch, impulsiv &#8211; Kairologisch.<\/p>\n<p><b>Hauttyp<\/b><\/p>\n<p>F\u00fcr Frauen und M\u00e4nner aller Hauttypen. Besonders f\u00fcr reife, schlaffe, m\u00fcde und kollagenarme Haut.<\/p>\n<h3>Ritual<\/h3>\n<p><span class=\"s1\">Kann zu jeder Tageszeit verwendet werden &#8211; ich liebe den Morgen, Christo liebt es morgens und abends.<\/span><\/p>\n<p><span class=\"s1\">Hervorragend geeignet f\u00fcr den t\u00e4glichen Gebrauch oder im Wechsel mit einer anderen Komposition aus der KAIROS-Kollektion.<\/span><\/p>\n<p><span class=\"s1\">Massieren Sie jeden Morgen eine kleine Menge mit den Ringfingern von den Augen ausgehend in die noch feuchte, saubere Haut von Gesicht und Hals ein. Ihre Ringfinger haben den leichtesten Griff von allen Fingern und ziehen nicht an der Haut.<\/span><\/p>\n<p><span class=\"s1\">Falls gew\u00fcnscht, unter PRECIOUS FACE ELIXIR und\/oder ELEMENTAL DAY SILK auftragen. Wir empfehlen, unsere Zusammensetzungen einige Wochen lang ausschlie\u00dflich zu verwenden, um ihre Wirksamkeit zu nutzen und Ihre Haut sanft in ihren neuen, nat\u00fcrlichen und gesunden Zustand zu \u00fcberf\u00fchren.<\/span><\/p>\n<p><strong>Gr\u00f6\u00dfe: 15 ml<\/strong><\/p>\n<h3 class=\"yikes-custom-woo-tab-title yikes-custom-woo-tab-title-natural-organic-ingredients\">Nat\u00fcrliche\/Organische Inhaltsstoffe<\/h3>\n<p><b>EVENING PRIMROSE SEED OIL*<br \/>\n<\/b>Verbessert die Textur und Elastizit\u00e4t der Haut.<br \/>\nSpendet tiefenwirksam Feuchtigkeit, gl\u00e4ttet Falten und macht raue Haut geschmeidig.<br \/>\nHilft, oxidative Sch\u00e4den zu verhindern.<\/p>\n<p class=\"font_7\"><strong>KALAHARI-MELONENKERN\u00d6L*<\/strong><br \/>\nHilft der reifen, gestressten und schlaffen Haut, ihre Elastizit\u00e4t wiederherzustellen.<br \/>\nHilft, den Talg auszugleichen und Hautunreinheiten und Akne zu verringern.<br \/>\nZieht schnell ein und wirkt entz\u00fcndungshemmend.<\/p>\n<p><strong>SCHWARZES JOHANNISBEERSAMEN\u00d6L*<\/strong><br \/>\nHilft zu straffen und erh\u00f6ht die Elastizit\u00e4t.<br \/>\nVerj\u00fcngt reife, fahle und schlaffe Haut.<br \/>\nVerbessert den Feuchtigkeitsgehalt der Haut und beruhigt die gereizte Haut.<\/p>\n<p><strong>PEQUI-FRUCHT\u00d6L^<br \/>\n<\/strong>Gewinnt die Elastizit\u00e4t zur\u00fcck und f\u00f6rdert die Festigkeit.<br \/>\nHilft, den Hautton zu gl\u00e4tten und Altersflecken zu vermindern.<br \/>\nSpendet der trockenen, spr\u00f6den und reifen Haut tiefenwirksame Feuchtigkeit.<\/p>\n<p><b>EXTRAKT AUS QUITTENFR\u00dcCHTEN UND -SAMEN**^<\/b><br \/>\nHilft, die Haut zu straffen und die strukturelle Integrit\u00e4t der Haut zu st\u00e4rken.<br \/>\nRegt den Stoffwechsel und die Blutzirkulation der Haut an.<br \/>\nOptimiert das PH-Gleichgewicht und \u00fcbt eine sanfte Peeling-Wirkung aus.<\/p>\n<p><strong>K\u00c4NGURUPF\u00d6TUS-BL\u00dcTENEXTRAKT^<\/strong><br \/>\nHilft bei der schnellen Straffung und Wiederherstellung der Elastizit\u00e4t.<br \/>\nHilft, die Linols\u00e4ure aufzuf\u00fcllen und die Feuchtigkeit zu erhalten.<br \/>\nSt\u00e4rkt die Barrierefunktion und regt den Stoffwechsel der Haut an.<\/p>\n<p><strong>ROTER KLEEBL\u00dcTENEXTRAKT^<br \/>\n<\/strong>Hilft, den Kollagengehalt zu erh\u00f6hen und zu erhalten.<br \/>\nHilft der Haut, ihre Feuchtigkeit, Dicke und Elastizit\u00e4t zu verbessern.<br \/>\nLindert entz\u00fcndliche Hauterscheinungen und regt den Lymphfluss an.<\/p>\n<p><strong>KAKTUSFEIGENKERN\u00d6L*<br \/>\n<\/strong>Dringt tief ein und hilft, die Elastizit\u00e4t wiederherzustellen.<br \/>\nSpendet tiefenwirksam Feuchtigkeit, verfeinert die Hautoberfl\u00e4che und verengt die Poren.<br \/>\nHellt Schatten auf und sorgt f\u00fcr einen gleichm\u00e4\u00dfigen Hautton.<\/p>\n<p><span class=\"s1\"><strong>BAMBUSBLATT-EXTRAKT*<br \/>\n<\/strong><\/span>Hilft, die Festigkeit und Elastizit\u00e4t der Haut zu verbessern.<br \/>\nHilft, Hautentz\u00fcndungen und oxidativem Stress vorzubeugen.<br \/>\nHilft bei der Produktion von Kollagen.<\/p>\n<p><strong>REISKERN\/BRANENEXTRAKT*<br \/>\n<\/strong>Hilft, die Kollagenproduktion zu steigern.<br \/>\nHilft, den Hautton auszugleichen.<br \/>\nVerbessert die Hydratation und bietet Schutz vor freien Radikalen.<\/p>\n<p><strong>SCHACHTELSCHWANZBLATT + STAMMEXTRAKT^<br \/>\n<\/strong>Hilft, Kollagen zu produzieren und zu erhalten.<br \/>\nVerbessert die Hautstruktur und erh\u00e4lt die Feuchtigkeit.<br \/>\nVerkleinert gro\u00dfe Poren und f\u00f6rdert die Straffung der Haut.<\/p>\n<p><strong>ARTISCHOCKENBL\u00dcTE + BLATTEXTRAKT^<br \/>\n<\/strong>Hilft, die Elastizit\u00e4t der Haut zu verbessern.<br \/>\nMildert das Erscheinungsbild von feinen Linien und strafft die Poren.<br \/>\nHilft, der Lichtalterung vorzubeugen.<\/p>\n<p><strong>OLIVEN\u00d6L**<br \/>\n<\/strong>Stimuliert das Wachstum neuer Zellen.<br \/>\nSch\u00fctzt vor Sch\u00e4den durch freie Radikale.<br \/>\nErh\u00e4lt die Feuchtigkeitsbalance und Elastizit\u00e4t.<\/p>\n<p><strong>VANILLEEXTRAKT*<\/strong><br \/>\nNeutralisiert freie Radikale.<br \/>\nStimuliert die Zellregeneration<br \/>\nSch\u00fctzt vor Umweltstressoren<\/p>\n<p class=\"font_7\"><strong><span class=\"s1\">SAFRAN-NARBENEXTRAKT*<br \/>\n<\/span><\/strong>Hilft, den Sauerstofffluss zu erh\u00f6hen.<br \/>\nNeuroprotektive Eigenschaften.<br \/>\nStarke antioxidative Eigenschaften.<\/p>\n<p><strong>MYRRHEHARZ-EXTRAKT^<br \/>\n<\/strong>Verj\u00fcngt die Haut.<br \/>\nVerbessert die Pigmentierung.<br \/>\nErleichtert eine rasche Wundheilung.<\/p>\n<p><strong>WEIHRAUCH-SACRA-HARZEXTRAKT*<br \/>\n<\/strong>Tr\u00f6stet die Seele, l\u00f6st \u00c4ngste.<br \/>\nAdstringenzien straffen und festigen.<br \/>\nStimuliert die Zellreparatur und gleicht die Pigmentierung aus.<\/p>\n<p><span class=\"s1\"><strong>24 KARAT GOLD&#8220;<\/strong><br \/>\nEmpf\u00e4ngt Sonnenenergie und erdet Absichten<br \/>\nVerbessert die Durchblutung.<br \/>\nF\u00f6rdert die Integrit\u00e4t des Kollagens.<\/span><\/p>\n<p><span class=\"s1\"><span class=\"s2\">*ZERTIFIZIERT BIOLOGISCH **ZERTIFIZIERT DEMETER<span class=\"Apple-converted-space\"> <\/span>BIODYNAMISCH ^WILDCRAFTED<\/span><span class=\"s3\">&#8222;NON-NANO.<\/span><\/span><\/p>\n<p>&nbsp;<\/p>\n","protected":false},"excerpt":{"rendered":"<p>Prickelndes Serum, das schnell strafft.<\/p>\n<p><strong>Gr\u00f6\u00dfe: 15 ml<\/strong><\/p>\n","protected":false},"featured_media":314466,"comment_status":"open","ping_status":"closed","template":"","meta":[],"product_brand":[],"product_cat":[14735,5704,1227,1032,8703,1210,5702,5636,5101,511,5708,4758,5705,5706,5634,5701],"product_tag":[21361,9604,4213,4831],"class_list":{"0":"post-159847","1":"product","2":"type-product","3":"status-publish","4":"has-post-thumbnail","6":"product_cat-hautpflege","7":"product_cat-sensitive-skin-redness-de-4","8":"product_cat-sensitive-skin-redness-de","9":"product_cat-kategorien","10":"product_cat-lepaar-de","11":"product_cat-marken","12":"product_cat-normal-or-combination-skin-de-5","13":"product_cat-normal-or-combination-skin-de-2","14":"product_cat-by-skin-type-de-4","15":"product_cat-produkte","16":"product_cat-serums-de-5","17":"product_cat-serums-de-2","18":"product_cat-serums-de","19":"product_cat-serums-de-3","20":"product_cat-dry-mature-ageing-skin-de-2","21":"product_cat-dry-mature-ageing-skin-de-5","22":"product_tag-face-care-de","23":"product_tag-hydrating-de","24":"product_tag-oil-de","25":"product_tag-skin-de","26":"pa_brand-lepaar-de","27":"pa_gtin-7424928739799-de","28":"pa_skincare-type-face-oil-and-serums-de","29":"pa_skintype-normal-combination-skin-de","30":"pa_skintype-sensitive-skin-redness-de","31":"pa_skintype-dry-mature-ageing-skin-de","33":"first","34":"outofstock","35":"taxable","36":"shipping-taxable","37":"purchasable","38":"product-type-simple"},"bundled_by":[],"bundle_stock_status":"outofstock","bundle_stock_quantity":0,"bundle_virtual":false,"bundle_layout":"","bundle_add_to_cart_form_location":"","bundle_editable_in_cart":false,"bundle_sold_individually_context":"","bundle_item_grouping":"","bundle_min_size":"","bundle_max_size":"","bundle_price":[],"bundled_items":[],"bundle_sell_ids":[159839],"atum_controlled":true,"out_stock_date":"2026-03-21 12:06:24","out_stock_threshold":null,"inheritable":false,"stock_on_hold":0,"sold_today":0,"sales_last_days":0,"out_stock_days":7,"lost_sales":0,"update_date":"2026-04-09T11:42:18","atum_locations":[],"atum_stock_status":"outofstock","restock_status":false,"low_stock_amount":"","sales_update_date":"2026-04-09T11:42:18","calc_backorders":null,"group_of_quantity":0,"min_quantity":0,"max_quantity":"","exclude_order_quantity_value_rules":"no","exclude_category_quantity_rules":"no","combine_variations":"no","yoast_head":"<!-- This site is optimized with the Yoast SEO Premium plugin v26.5 (Yoast SEO v26.5) - https:\/\/yoast.com\/wordpress\/plugins\/seo\/ -->\n<title>- Lepaar<\/title>\n<meta name=\"description\" content=\"Prickelndes Serum, das schnell strafft.\" \/>\n<meta name=\"robots\" content=\"index, follow, max-snippet:-1, max-image-preview:large, max-video-preview:-1\" \/>\n<link rel=\"canonical\" href=\"https:\/\/dutchhealthstore.com\/de\/product\/elastic-love-firming-face-neck-oil-zero-essential-oils\/\" \/>\n<meta property=\"og:locale\" content=\"de_DE\" \/>\n<meta property=\"og:type\" content=\"article\" \/>\n<meta property=\"og:title\" content=\"ELASTIC LOVE \/ Firming Face + Neck Oil \/ Zero Essential Oils - Dutch Health Store\" \/>\n<meta property=\"og:description\" content=\"Prickelndes Serum, das schnell strafft.\" \/>\n<meta property=\"og:url\" content=\"https:\/\/dutchhealthstore.com\/de\/product\/elastic-love-firming-face-neck-oil-zero-essential-oils\/\" \/>\n<meta property=\"og:site_name\" content=\"Dutch Health Store\" \/>\n<meta property=\"article:publisher\" content=\"https:\/\/www.instagram.com\/dutchhealthstore\/\" \/>\n<meta property=\"article:modified_time\" content=\"2026-03-21T11:06:24+00:00\" \/>\n<meta property=\"og:image\" content=\"https:\/\/dutchhealthstore.com\/wp-content\/uploads\/2021\/10\/lepelasticoke.jpg\" \/>\n\t<meta property=\"og:image:width\" content=\"500\" \/>\n\t<meta property=\"og:image:height\" content=\"500\" \/>\n\t<meta property=\"og:image:type\" content=\"image\/jpeg\" \/>\n<meta name=\"twitter:card\" content=\"summary_large_image\" \/>\n<meta name=\"twitter:label1\" content=\"Preis\" \/>\n\t<meta name=\"twitter:data1\" content=\"&euro;55,00\" \/>\n\t<meta name=\"twitter:label2\" content=\"Verf\u00fcgbarkeit\" \/>\n\t<meta name=\"twitter:data2\" content=\"ausverkauft\" \/>\n<script type=\"application\/ld+json\" class=\"yoast-schema-graph\">{\"@context\":\"https:\/\/schema.org\",\"@graph\":[{\"@type\":\"WebPage\",\"@id\":\"https:\/\/dutchhealthstore.com\/de\/product\/elastic-love-firming-face-neck-oil-zero-essential-oils\/\",\"url\":\"https:\/\/dutchhealthstore.com\/de\/product\/elastic-love-firming-face-neck-oil-zero-essential-oils\/\",\"name\":\"- Lepaar\",\"isPartOf\":{\"@id\":\"https:\/\/dutchhealthstore.com\/de\/#website\"},\"primaryImageOfPage\":{\"@id\":\"https:\/\/dutchhealthstore.com\/de\/product\/elastic-love-firming-face-neck-oil-zero-essential-oils\/#primaryimage\"},\"image\":{\"@id\":\"https:\/\/dutchhealthstore.com\/de\/product\/elastic-love-firming-face-neck-oil-zero-essential-oils\/#primaryimage\"},\"thumbnailUrl\":\"https:\/\/dutchhealthstore.com\/wp-content\/uploads\/2020\/07\/lepaar_0000s_0004_elastic-love.jpg\",\"datePublished\":\"2021-07-16T10:49:51+00:00\",\"dateModified\":\"2026-03-21T11:06:24+00:00\",\"description\":\"Prickelndes Serum, das schnell strafft.\",\"breadcrumb\":{\"@id\":\"https:\/\/dutchhealthstore.com\/de\/product\/elastic-love-firming-face-neck-oil-zero-essential-oils\/#breadcrumb\"},\"inLanguage\":\"de\",\"potentialAction\":[{\"@type\":\"ReadAction\",\"target\":[\"https:\/\/dutchhealthstore.com\/de\/product\/elastic-love-firming-face-neck-oil-zero-essential-oils\/\"]}]},{\"@type\":\"ImageObject\",\"inLanguage\":\"de\",\"@id\":\"https:\/\/dutchhealthstore.com\/de\/product\/elastic-love-firming-face-neck-oil-zero-essential-oils\/#primaryimage\",\"url\":\"https:\/\/dutchhealthstore.com\/wp-content\/uploads\/2020\/07\/lepaar_0000s_0004_elastic-love.jpg\",\"contentUrl\":\"https:\/\/dutchhealthstore.com\/wp-content\/uploads\/2020\/07\/lepaar_0000s_0004_elastic-love.jpg\",\"width\":530,\"height\":530},{\"@type\":\"BreadcrumbList\",\"@id\":\"https:\/\/dutchhealthstore.com\/de\/product\/elastic-love-firming-face-neck-oil-zero-essential-oils\/#breadcrumb\",\"itemListElement\":[{\"@type\":\"ListItem\",\"position\":1,\"name\":\"Home\",\"item\":\"https:\/\/dutchhealthstore.com\/de\/\"},{\"@type\":\"ListItem\",\"position\":2,\"name\":\"Shop\",\"item\":\"https:\/\/dutchhealthstore.com\/de\/shop-2\/\"},{\"@type\":\"ListItem\",\"position\":3,\"name\":\"ELASTIC LOVE \/ Firming Face + Neck Oil \/ Zero Essential Oils\"}]},{\"@type\":\"WebSite\",\"@id\":\"https:\/\/dutchhealthstore.com\/de\/#website\",\"url\":\"https:\/\/dutchhealthstore.com\/de\/\",\"name\":\"Dutch Health Store\",\"description\":\"Enhance Your Beauty with Organic &amp; Natural Skincare\",\"publisher\":{\"@id\":\"https:\/\/dutchhealthstore.com\/de\/#organization\"},\"potentialAction\":[{\"@type\":\"SearchAction\",\"target\":{\"@type\":\"EntryPoint\",\"urlTemplate\":\"https:\/\/dutchhealthstore.com\/de\/?s={search_term_string}\"},\"query-input\":{\"@type\":\"PropertyValueSpecification\",\"valueRequired\":true,\"valueName\":\"search_term_string\"}}],\"inLanguage\":\"de\"},{\"@type\":\"Organization\",\"@id\":\"https:\/\/dutchhealthstore.com\/de\/#organization\",\"name\":\"Dutch Health Store\",\"url\":\"https:\/\/dutchhealthstore.com\/de\/\",\"logo\":{\"@type\":\"ImageObject\",\"inLanguage\":\"de\",\"@id\":\"https:\/\/dutchhealthstore.com\/de\/#\/schema\/logo\/image\/\",\"url\":\"https:\/\/dutchhealthstore.com\/wp-content\/uploads\/2020\/08\/logo-dutchhealthstore-jpg-e1599484957574.jpg\",\"contentUrl\":\"https:\/\/dutchhealthstore.com\/wp-content\/uploads\/2020\/08\/logo-dutchhealthstore-jpg-e1599484957574.jpg\",\"width\":400,\"height\":62,\"caption\":\"Dutch Health Store\"},\"image\":{\"@id\":\"https:\/\/dutchhealthstore.com\/de\/#\/schema\/logo\/image\/\"},\"sameAs\":[\"https:\/\/www.instagram.com\/dutchhealthstore\/\",\"https:\/\/www.facebook.com\/dutchhealthstore\"]}]}<\/script>\n<meta property=\"product:brand\" content=\"LEPAAR\" \/>\n<meta property=\"product:price:amount\" content=\"55.00\" \/>\n<meta property=\"product:price:currency\" content=\"EUR\" \/>\n<meta property=\"og:availability\" content=\"out of stock\" \/>\n<meta property=\"product:availability\" content=\"out of stock\" \/>\n<meta property=\"product:condition\" content=\"new\" \/>\n<!-- \/ Yoast SEO Premium plugin. -->","yoast_head_json":{"title":"- Lepaar","description":"Prickelndes Serum, das schnell strafft.","robots":{"index":"index","follow":"follow","max-snippet":"max-snippet:-1","max-image-preview":"max-image-preview:large","max-video-preview":"max-video-preview:-1"},"canonical":"https:\/\/dutchhealthstore.com\/de\/product\/elastic-love-firming-face-neck-oil-zero-essential-oils\/","og_locale":"de_DE","og_type":"article","og_title":"ELASTIC LOVE \/ Firming Face + Neck Oil \/ Zero Essential Oils - Dutch Health Store","og_description":"Prickelndes Serum, das schnell strafft.","og_url":"https:\/\/dutchhealthstore.com\/de\/product\/elastic-love-firming-face-neck-oil-zero-essential-oils\/","og_site_name":"Dutch Health Store","article_publisher":"https:\/\/www.instagram.com\/dutchhealthstore\/","article_modified_time":"2026-03-21T11:06:24+00:00","og_image":[{"width":500,"height":500,"url":"https:\/\/dutchhealthstore.com\/wp-content\/uploads\/2021\/10\/lepelasticoke.jpg","type":"image\/jpeg"}],"twitter_card":"summary_large_image","twitter_misc":{"Preis":"&euro;55,00","Verf\u00fcgbarkeit":"ausverkauft"},"schema":{"@context":"https:\/\/schema.org","@graph":[{"@type":"WebPage","@id":"https:\/\/dutchhealthstore.com\/de\/product\/elastic-love-firming-face-neck-oil-zero-essential-oils\/","url":"https:\/\/dutchhealthstore.com\/de\/product\/elastic-love-firming-face-neck-oil-zero-essential-oils\/","name":"- Lepaar","isPartOf":{"@id":"https:\/\/dutchhealthstore.com\/de\/#website"},"primaryImageOfPage":{"@id":"https:\/\/dutchhealthstore.com\/de\/product\/elastic-love-firming-face-neck-oil-zero-essential-oils\/#primaryimage"},"image":{"@id":"https:\/\/dutchhealthstore.com\/de\/product\/elastic-love-firming-face-neck-oil-zero-essential-oils\/#primaryimage"},"thumbnailUrl":"https:\/\/dutchhealthstore.com\/wp-content\/uploads\/2020\/07\/lepaar_0000s_0004_elastic-love.jpg","datePublished":"2021-07-16T10:49:51+00:00","dateModified":"2026-03-21T11:06:24+00:00","description":"Prickelndes Serum, das schnell strafft.","breadcrumb":{"@id":"https:\/\/dutchhealthstore.com\/de\/product\/elastic-love-firming-face-neck-oil-zero-essential-oils\/#breadcrumb"},"inLanguage":"de","potentialAction":[{"@type":"ReadAction","target":["https:\/\/dutchhealthstore.com\/de\/product\/elastic-love-firming-face-neck-oil-zero-essential-oils\/"]}]},{"@type":"ImageObject","inLanguage":"de","@id":"https:\/\/dutchhealthstore.com\/de\/product\/elastic-love-firming-face-neck-oil-zero-essential-oils\/#primaryimage","url":"https:\/\/dutchhealthstore.com\/wp-content\/uploads\/2020\/07\/lepaar_0000s_0004_elastic-love.jpg","contentUrl":"https:\/\/dutchhealthstore.com\/wp-content\/uploads\/2020\/07\/lepaar_0000s_0004_elastic-love.jpg","width":530,"height":530},{"@type":"BreadcrumbList","@id":"https:\/\/dutchhealthstore.com\/de\/product\/elastic-love-firming-face-neck-oil-zero-essential-oils\/#breadcrumb","itemListElement":[{"@type":"ListItem","position":1,"name":"Home","item":"https:\/\/dutchhealthstore.com\/de\/"},{"@type":"ListItem","position":2,"name":"Shop","item":"https:\/\/dutchhealthstore.com\/de\/shop-2\/"},{"@type":"ListItem","position":3,"name":"ELASTIC LOVE \/ Firming Face + Neck Oil \/ Zero Essential Oils"}]},{"@type":"WebSite","@id":"https:\/\/dutchhealthstore.com\/de\/#website","url":"https:\/\/dutchhealthstore.com\/de\/","name":"Dutch Health Store","description":"Enhance Your Beauty with Organic &amp; Natural Skincare","publisher":{"@id":"https:\/\/dutchhealthstore.com\/de\/#organization"},"potentialAction":[{"@type":"SearchAction","target":{"@type":"EntryPoint","urlTemplate":"https:\/\/dutchhealthstore.com\/de\/?s={search_term_string}"},"query-input":{"@type":"PropertyValueSpecification","valueRequired":true,"valueName":"search_term_string"}}],"inLanguage":"de"},{"@type":"Organization","@id":"https:\/\/dutchhealthstore.com\/de\/#organization","name":"Dutch Health Store","url":"https:\/\/dutchhealthstore.com\/de\/","logo":{"@type":"ImageObject","inLanguage":"de","@id":"https:\/\/dutchhealthstore.com\/de\/#\/schema\/logo\/image\/","url":"https:\/\/dutchhealthstore.com\/wp-content\/uploads\/2020\/08\/logo-dutchhealthstore-jpg-e1599484957574.jpg","contentUrl":"https:\/\/dutchhealthstore.com\/wp-content\/uploads\/2020\/08\/logo-dutchhealthstore-jpg-e1599484957574.jpg","width":400,"height":62,"caption":"Dutch Health Store"},"image":{"@id":"https:\/\/dutchhealthstore.com\/de\/#\/schema\/logo\/image\/"},"sameAs":["https:\/\/www.instagram.com\/dutchhealthstore\/","https:\/\/www.facebook.com\/dutchhealthstore"]}]},"product_brand":"LEPAAR","product_price_amount":"55.00","product_price_currency":"EUR","og_availability":"out of stock","product_availability":"out of stock","product_condition":"new"},"_links":{"self":[{"href":"https:\/\/dutchhealthstore.com\/de\/wp-json\/wp\/v2\/product\/159847","targetHints":{"allow":["GET"]}}],"collection":[{"href":"https:\/\/dutchhealthstore.com\/de\/wp-json\/wp\/v2\/product"}],"about":[{"href":"https:\/\/dutchhealthstore.com\/de\/wp-json\/wp\/v2\/types\/product"}],"replies":[{"embeddable":true,"href":"https:\/\/dutchhealthstore.com\/de\/wp-json\/wp\/v2\/comments?post=159847"}],"wp:featuredmedia":[{"embeddable":true,"href":"https:\/\/dutchhealthstore.com\/de\/wp-json\/wp\/v2\/media\/314466"}],"wp:attachment":[{"href":"https:\/\/dutchhealthstore.com\/de\/wp-json\/wp\/v2\/media?parent=159847"}],"wp:term":[{"taxonomy":"product_brand","embeddable":true,"href":"https:\/\/dutchhealthstore.com\/de\/wp-json\/wp\/v2\/product_brand?post=159847"},{"taxonomy":"product_cat","embeddable":true,"href":"https:\/\/dutchhealthstore.com\/de\/wp-json\/wp\/v2\/product_cat?post=159847"},{"taxonomy":"product_tag","embeddable":true,"href":"https:\/\/dutchhealthstore.com\/de\/wp-json\/wp\/v2\/product_tag?post=159847"}],"curies":[{"name":"wp","href":"https:\/\/api.w.org\/{rel}","templated":true}]}}