{"id":159842,"date":"2021-07-16T12:26:46","date_gmt":"2021-07-16T12:26:46","guid":{"rendered":"https:\/\/dutchhealthstore.com\/product\/sumantioxidant-cocktailmer-wine-even-tone-antioxidant-shield\/"},"modified":"2026-04-09T12:43:49","modified_gmt":"2026-04-09T10:43:49","slug":"sumantioxidant-cocktailmer-wine-even-tone-antioxidant-shield","status":"publish","type":"product","link":"https:\/\/dutchhealthstore.com\/de\/product\/sumantioxidant-cocktailmer-wine-even-tone-antioxidant-shield\/","title":{"rendered":"SUMMER WINE \/ Even Tone Antioxidant Shield"},"content":{"rendered":"<div class=\"product-single__description rte\">\n<div id=\"tabs\" class=\"description ui-tabs ui-widget ui-widget-content ui-corner-all\">\n<div id=\"tabs-1\" class=\"ui-tabs-panel ui-widget-content ui-corner-bottom\" role=\"tabpanel\" aria-labelledby=\"ui-id-1\" aria-expanded=\"true\" aria-hidden=\"false\">\n<p><strong>Gemeinsame Momente des Gl\u00fccks.<\/strong><\/p>\n<p>Stunden bei der Gartenarbeit in der Sonne, Nachmittage am Strand, sp\u00e4te Abende mit Naturwein unter dem Sternenhimmel &#8211; dieser Antioxidantien-Cocktail versorgt meine Haut mit allem, was sie zum Schutz und zur Erholung braucht. Eine zweite Haut und ein unsichtbarer Panzer, der uns hilft, alle m\u00f6glichen Bedingungen zu \u00fcberstehen, denen wir im Laufe des Tages begegnen. Dieses Serum l\u00e4sst sich gut unter einem Sonnenschutzmittel auftragen und eignet sich hervorragend als Schutz vor Sonnensch\u00e4den.<\/p>\n<p>Im Jahr 2020 hat Christo mit <strong><a title=\"CARTO WINES\" href=\"https:\/\/www.cartowine.com\/\">Brendon Carto von Carto Wines<\/a><\/strong> Naturwein hergestellt, mit unserem Freund Tim Wildbier mit unserem Quellwasser aus dem Kangaroo Valley gebraut und Mondscheinflaschen mit Enzian-\/Maulbeerbitter mazeriert. Ich habe all ihre n\u00e4hrstoffreichen Pflanzenreste in biodynamisches Oliven\u00f6l eingelegt, bis die Extrakte von l\u00e4chelnden, warmen, feuchtfr\u00f6hlichen Sommertagen erz\u00e4hlten, die ich mit Freunden verbracht habe, die im letzten Jahr ihr Leben \u00e4ndern mussten.<\/p>\n<p>SUMMER WINE ist eine Sammlung der guten Momente des Jahres 2020, die wir ergriffen haben, der sch\u00f6nen Dinge, die wir in den seltsamsten Jahren taten, als alles auf den Kopf gestellt wurde und jeden brutal aus der Bahn warf. Die Zeit stand still, und Momente des seltenen M\u00fc\u00dfiggangs er\u00f6ffneten eine Welt der Sch\u00f6nheit.<\/p>\n<p><strong>VORTEILE<\/strong><br \/>\nSonnenverw\u00f6hnte Extrakte aus Primitivo-Trauben, fermentierten Chardonnay-Trauben + Samen und Shiraz-Bl\u00e4ttern, Maulbeerbl\u00e4ttern, Enzianwurzel, Hopfenbl\u00fcten, Drachenblut-Harz, Ginkgobl\u00e4ttern und Erdbeergummi werden mit Erdbeersamen\u00f6l, Brombeersamen\u00f6l und Buriti-Samen\u00f6l zu einer sch\u00fctzenden zweiten Haut, die freie Radikale bek\u00e4mpft, Umweltverschmutzung entgegenwirkt, Pigmentflecken verblassen l\u00e4sst, die Zellerneuerung beschleunigt, Entz\u00fcndungen lindert, Schwellungen reduziert, einen ungleichm\u00e4\u00dfigen Teint ausgleicht und das Hautbild verbessert.<\/p>\n<p><strong>NULL ESSENTIELLE \u00d6LE<br \/>\n<\/strong> Damit sich die Aromen und D\u00fcfte meiner Extrakte und \u00d6le auf nat\u00fcrliche Weise entfalten k\u00f6nnen, habe ich mich daf\u00fcr entschieden, keiner unserer KAIROS MOMENT-Kompositionen <span style=\"text-decoration: underline;\">\u00e4therische \u00d6le<\/span> hinzuzuf\u00fcgen. Das bedeutet, dass ihre energetische, \u00e4therische K\u00f6rperladung viel subtiler ist und von den nat\u00fcrlich vorkommenden, nicht isolierten \u00e4therischen \u00d6len in der Pflanzenmasse wie Samen, Fr\u00fcchten, Bl\u00fcten, Bl\u00e4ttern, Rinde usw. stammt. Ich extrahiere in biodynamisches Oliven\u00f6l. Das Aroma dieser sehr komplexen Kompositionen ist oszillierend, spezifisch, impulsiv &#8211; Kairologisch.<\/p>\n<p><span style=\"text-align: left;\" data-block=\"\"><strong>KAIROS MOMENT CAPSULE COLLECTION<br \/>\n<\/strong>MOMENTOUS. LUZID. SPASS.<\/span><span style=\"text-align: left;\" data-block=\"\"><\/p>\n<p>\u201eDie ganze Welt in einem Sandkorn sehen<br \/>\nUnd den Himmel in einer wilden Blume,<br \/>\nDie Unendlichkeit in der Hand halten<br \/>\nUnd die Ewigkeit in einer Stunde.\u201c ~William Blake<\/span><\/p>\n<p><span style=\"text-align: left;\" data-block=\"\">Die Kairos-Zeit ist im Gegensatz zur Chronos-Zeit nicht linear. Kairos-Zeit wird nicht gemessen, l\u00e4uft nicht nach Zeitplan. Es ist die zyklische Zeit der Seele, der g\u00f6ttlichen Funken neuer Richtungen, der Aha-Momente tiefer Einsichten, umw\u00e4lzender Entscheidungen, inspirierter Sch\u00f6pfungen und vor allem des schwebenden M\u00fc\u00dfiggangs. Kairos-Momente entstehen in der Stille und erscheinen im Auge der St\u00fcrme. Wenn unser an die Chronos-Zeit gebundenes Ego ins Wanken ger\u00e4t, wenn wir unser Selbst der Natur \u00fcberlassen, findet sie unsere verwundeten \u00d6ffnungen und gie\u00dft Licht in all unsere Risse. Kairos-Momente sind transzendental, magisch.<br \/>\n<\/span><span style=\"text-align: left;\" data-block=\"\"><br \/>\n<\/span><span style=\"text-align: left;\" data-block=\"\">Ich habe unsere lebendigen neuen Kompositionen w\u00e4hrend unseres ganz eigenen Kairos-Moments im Jahr 2020 geschaffen, als die Zeit f\u00fcr uns alle stillstand. Und in dieser elastischen Pause zwischen Ein- und Ausatmen m\u00fcssen wir spielen, erforschen und etwas Hautpflegezauber machen.<\/span><\/p>\n<p><span style=\"text-align: left;\" data-block=\"\">Eine Ode an das Jetzt.<br \/>\n<\/span><span style=\"text-align: left;\" data-block=\"\">Johanna + Christo xx<\/span><\/p>\n<p><strong>Gr\u00f6\u00dfe: 15 ml<\/strong><\/p>\n<\/div>\n<\/div>\n<\/div>\n<div class=\"collapsibles-wrapper collapsibles-wrapper--border-bottom\">\n<h3 class=\"yikes-custom-woo-tab-title yikes-custom-woo-tab-title-natural-organic-ingredients\">Nat\u00fcrliche\/Organische Inhaltsstoffe<\/h3>\n<p class=\"p1\"><span class=\"s1\"><b>ENERGETISCHE GRUNDLAGE<\/b><\/span><\/p>\n<p class=\"p1\"><span class=\"s1\">VITIS VINIFERA &#8218;PRIMITIVO&#8216; (WEINTRAUBE) SAMEN + FRUCHTEXTRAKT*<\/span><span class=\"s1\"> <\/span><span class=\"s1\">Orange, Australien.<\/span> Organisch. Handgepfl\u00fcckte, gepresste, sonnengereifte Fr\u00fcchte und Kerne, mindestens 4 Monate lang in biodynamischem Oliven\u00f6l eingelegt.<\/p>\n<p class=\"p1\"><span class=\"s1\">VITIS VINIFERA &#8218;CHARDONNAY&#8216; (WEINTRAUBE<span class=\"Apple-converted-space\">  <\/span>EXTRAKT) KERN + FRUITEXTRAKT* Orange, Australien. Organisch. Handgepfl\u00fcckte, gepresste, sonnengereifte Fr\u00fcchte und Kerne, mindestens 4 Monate lang in biodynamischem Oliven\u00f6l eingelegt.<\/span><\/p>\n<p class=\"p1\"><span class=\"s1\">VINIFERA &#8218;SHIRAZ&#8216; (TRAUBE) BLATTEXTRAKT* <\/span>Kangaroo Valley, Australien. Wildcrafted. Handverlesene, luftgetrocknete Bl\u00e4tter, mindestens 4 Monate lang in biodynamischem Oliven\u00f6l eingelegt.<\/p>\n<p class=\"p1\"><span class=\"s1\"><b>AUSGLEICHSZENTRUM<\/b><\/span><\/p>\n<p class=\"p1\"><span class=\"s1\">FRAGARIA VESCA (STRAWBERRY) SAMEN\u00d6L* <\/span> \u00c4gypten. <span class=\"s2\">Zertifiziert biologisch. Kaltgepresste Samen, nicht raffiniert.<\/span><\/p>\n<p class=\"p1\"><span class=\"s1\">MORUS NIGRA\/ALBA (MAULBEERE)<\/span><span class=\"s2\">) BLATTEXTRAKT*<\/span><span class=\"s1\"> Kangaroo Valley, Australien. Wildcrafted. <\/span>Handverlesene, luftgetrocknete Bl\u00e4tter, mindestens 4 Monate lang in biodynamischem Oliven\u00f6l eingelegt.<\/p>\n<p class=\"p1\"><span class=\"s1\">RUBUS FRUTICOSUS (BLACKBERRY) SEED OIL* Frankreich. <span class=\"s2\">Zertifiziert biologisch. Kaltgepresste Samen, nicht raffiniert.<\/span><\/span><\/p>\n<p class=\"p1\"><span class=\"s1\">VITIS VINIFERA (TRAUBENKERN\u00d6L)*<\/span><span class=\"s2\"> Spanien\/Frankreich. Zertifiziert biologisch. Kaltgepresste Samen, nicht raffiniert.<\/span><\/p>\n<p class=\"p1\"><span class=\"s1\">AUSZUG AUS DER ENZIANWURZEL (GENTIANA LUTEA)*<\/span><span class=\"s2\"> Frankreich. Zertifiziert biologisch. <\/span>Mindestens 4 Monate lang in biodynamischem Oliven\u00f6l sonnengegossen<\/p>\n<p class=\"p1\"><span class=\"s1\">HUMULUS LUPULUS (HOP) BLUMENEXTRAKT* <\/span>Australien. Zertifiziert biologisch. Mindestens 4 Monate lang in biodynamischem Oliven\u00f6l sonnengegossen<\/p>\n<p class=\"p1\"><span class=\"s1\">CROTON LECHLERI (&#8222;MITTELALTERLICHES&#8220; DRACHENBLUT) HARZAUSZUG^ INSEL SOCOTRA, JEMENIT. Wildcrafted. Ethisch geerntet, nachhaltig gehandelt. Handgemahlenes Harz, mindestens 4 Monate lang in biodynamischem Oliven\u00f6l eingelegt.<\/span><\/p>\n<p class=\"p1\"><span class=\"s1\">GINKGO BILOBA (GINGKO) BLATTEXTRAKT* China. Zertifiziert biologisch. Mindestens 4 Monate lang in biodynamischem Oliven\u00f6l sonnengegossen<\/span><\/p>\n<p class=\"p1\"><span class=\"s1\">MAURITIA FLEXUOSA (BURITI) SAMEN\u00d6L* Amazonas, Brasilien. Wildcrafted. Kaltgepresste Samen, nicht raffiniert.<\/span><\/p>\n<p class=\"p1\"><span class=\"s1\">EUCALYPTUS OLIDA (ERDBEERKAUTSCHUK) EXTRACT* Australien. Wildcrafted. H<\/span><span class=\"s1\">gepfl\u00fcckte, luftgetrocknete Bl\u00e4tter, mindestens 4 Monate lang in biodynamischem Oliven\u00f6l eingelegt.<\/span><\/p>\n<p class=\"p1\"><span class=\"s1\">FRUCHTEXTRAKT AUS VANILLE PLANIFOLIA (VANILLE)*. <\/span>Daintree Rainforest, Australien. Zertifiziert biologisch. Handgepfl\u00fcckte, sonnengereifte ganze Bohnen, mindestens 4 Monate lang in biodynamischem Oliven\u00f6l eingelegt.<\/p>\n<p class=\"p1\"><span class=\"s1\">OLEA EUROPAEA (OLIVEN\u00d6L)**. <\/span>Victoria, Australien. Zertifiziert nach Demeter, biodynamisch, kaltgepresst, unraffiniert, extra vergine, kleine Chargen.<\/p>\n<p class=\"p1\"><span class=\"s1\"><b>HARMONISIERENDE LADUNG &#8222;HEILIGE DREIFALTIGKEIT&#8220; MISCHUNG<\/b><\/span><\/p>\n<p class=\"p1\"><span class=\"s1\">BOSWELLIA FREREANA (FRANKINCENSE &#8218;MAYDI&#8216;, KING OF FRANKINCENSE) HARZEXTRAKT, <\/span>Somalia. Zertifiziert biologisch. \/ <span class=\"s1\">BOSWELLIA SACRA (K\u00d6NIGLICHER HORAJI WEISSER &#8218;HEILIGER&#8216; WEIHRAUCH) HARZ-EXTRAKT^. <\/span>Oman. Zertifiziert biologisch. Fair gehandeltes Harz, nachhaltig geerntet von einer Gemeinschaftskooperative. Mindestens 4 Monate in biodynamischem Oliven\u00f6l in der Sonne eingelegt.<\/p>\n<p class=\"p1\"><span class=\"s1\">COMMIPHORA MYRRHA (MYRRH) HARZEXTRAKT* <\/span>Somalia. Zertifiziert biologisch. Jemen. Wildcrafted. \/ <span class=\"s1\">COMMIPHORA WILDII (&#8218;OMUMBIRI&#8216; NAMIBIAN MYRRH) HARZEXTRAKT <\/span>Namibia. Wildcrafted. Fair gehandeltes Harz, nachhaltig geerntet von einer Gemeinschaftsgenossenschaft. Mindestens 4 Monate lang in biodynamischem Oliven\u00f6l in der Sonne eingelegt.<\/p>\n<p class=\"p1\"><span class=\"s1\">24 KARAT GOLD&#8220;, <\/span>Deutschland. Nicht-Nano. Bescheinigung f\u00fcr Kosmetik\/Lebensmittel. Mindestens 4 Monate lang in biodynamischem Oliven\u00f6l in der Sonne eingelegt.<\/p>\n<p class=\"p1\">ALLE EXTRAKTE WERDEN VON UNS IN ZERTIFIZIERTEM BIODYNAMISCHEM OLIVEN\u00d6L SONNENGETR\u00c4NKT.<\/p>\n<p class=\"p1\"><i>*Organisch <span style=\"font-size: 14.4px;\">**Demeter<\/span> biodynamisch ^wildcrafted\/non-gmo\/chemical free &#8222;non-nano.<\/i><\/p>\n<p class=\"p1\"><b>WARNUNG &#8211; Die Sicherheit dieses Produkts wurde noch nicht festgestellt.<\/b><\/p>\n<\/div>\n","protected":false},"excerpt":{"rendered":"<p>Der Antioxidantien-Cocktail versorgt die Haut mit allem, was sie zum Schutz und zur Regeneration ben\u00f6tigt.<\/p>\n<p>Gr\u00f6\u00dfe: 15 ml <\/p>\n<p>&nbsp;<\/p>\n","protected":false},"featured_media":321304,"comment_status":"open","ping_status":"closed","template":"","meta":[],"product_brand":[],"product_cat":[1227,5704,14735,1032,8703,1210,5702,5636,5101,511,5708,5705,5706,4758,5701,5634],"product_tag":[21657,21361,6317,6037,4831],"class_list":{"0":"post-159842","1":"product","2":"type-product","3":"status-publish","4":"has-post-thumbnail","6":"product_cat-sensitive-skin-redness-de","7":"product_cat-sensitive-skin-redness-de-4","8":"product_cat-hautpflege","9":"product_cat-kategorien","10":"product_cat-lepaar-de","11":"product_cat-marken","12":"product_cat-normal-or-combination-skin-de-5","13":"product_cat-normal-or-combination-skin-de-2","14":"product_cat-by-skin-type-de-4","15":"product_cat-produkte","16":"product_cat-serums-de-5","17":"product_cat-serums-de","18":"product_cat-serums-de-3","19":"product_cat-serums-de-2","20":"product_cat-dry-mature-ageing-skin-de-5","21":"product_cat-dry-mature-ageing-skin-de-2","22":"product_tag-antioxidants-de","23":"product_tag-face-care-de","24":"product_tag-glow-de","25":"product_tag-serum-de","26":"product_tag-skin-de","27":"pa_brand-lepaar-de","28":"pa_gtin-7424923990911-de","29":"pa_size-0-5-oz-15-ml-de","30":"pa_skincare-type-face-oil-and-serums-de","31":"pa_skintype-normal-combination-skin-de","32":"pa_skintype-sensitive-skin-redness-de","33":"pa_skintype-dry-mature-ageing-skin-de","35":"first","36":"instock","37":"taxable","38":"shipping-taxable","39":"purchasable","40":"product-type-simple"},"bundled_by":[],"bundle_stock_status":"instock","bundle_stock_quantity":3,"bundle_virtual":false,"bundle_layout":"","bundle_add_to_cart_form_location":"","bundle_editable_in_cart":false,"bundle_sold_individually_context":"","bundle_item_grouping":"","bundle_min_size":"","bundle_max_size":"","bundle_price":[],"bundled_items":[],"bundle_sell_ids":[230771],"atum_controlled":true,"out_stock_date":null,"out_stock_threshold":null,"inheritable":false,"stock_on_hold":1,"sold_today":0,"sales_last_days":0,"out_stock_days":0,"lost_sales":0,"update_date":"2026-04-16T09:31:55","atum_locations":[],"atum_stock_status":"instock","restock_status":false,"low_stock_amount":"","sales_update_date":"2026-04-16T09:31:55","calc_backorders":null,"group_of_quantity":0,"min_quantity":0,"max_quantity":"","exclude_order_quantity_value_rules":"no","exclude_category_quantity_rules":"no","combine_variations":"no","yoast_head":"<!-- This site is optimized with the Yoast SEO Premium plugin v26.5 (Yoast SEO v26.5) - https:\/\/yoast.com\/wordpress\/plugins\/seo\/ -->\n<title>- Lepaar<\/title>\n<meta name=\"description\" content=\"Der Antioxidantien-Cocktail versorgt die Haut mit allem, was sie zum Schutz und zur Erholung braucht.\" \/>\n<meta name=\"robots\" content=\"index, follow, max-snippet:-1, max-image-preview:large, max-video-preview:-1\" \/>\n<link rel=\"canonical\" href=\"https:\/\/dutchhealthstore.com\/de\/product\/sumantioxidant-cocktailmer-wine-even-tone-antioxidant-shield\/\" \/>\n<meta property=\"og:locale\" content=\"de_DE\" \/>\n<meta property=\"og:type\" content=\"article\" \/>\n<meta property=\"og:title\" content=\"SUMMER WINE \/ Even Tone Antioxidant Shield - Dutch Health Store\" \/>\n<meta property=\"og:description\" content=\"Der Antioxidantien-Cocktail versorgt die Haut mit allem, was sie zum Schutz und zur Erholung braucht.\" \/>\n<meta property=\"og:url\" content=\"https:\/\/dutchhealthstore.com\/de\/product\/sumantioxidant-cocktailmer-wine-even-tone-antioxidant-shield\/\" \/>\n<meta property=\"og:site_name\" content=\"Dutch Health Store\" \/>\n<meta property=\"article:publisher\" content=\"https:\/\/www.instagram.com\/dutchhealthstore\/\" \/>\n<meta property=\"article:modified_time\" content=\"2026-04-09T10:43:49+00:00\" \/>\n<meta property=\"og:image\" content=\"https:\/\/dutchhealthstore.com\/wp-content\/uploads\/2021\/07\/summerwine02.jpg\" \/>\n\t<meta property=\"og:image:width\" content=\"530\" \/>\n\t<meta property=\"og:image:height\" content=\"530\" \/>\n\t<meta property=\"og:image:type\" content=\"image\/jpeg\" \/>\n<meta name=\"twitter:card\" content=\"summary_large_image\" \/>\n<meta name=\"twitter:label1\" content=\"Preis\" \/>\n\t<meta name=\"twitter:data1\" content=\"&euro;55,00\" \/>\n\t<meta name=\"twitter:label2\" content=\"Verf\u00fcgbarkeit\" \/>\n\t<meta name=\"twitter:data2\" content=\"Auf Lager\" \/>\n<script type=\"application\/ld+json\" class=\"yoast-schema-graph\">{\"@context\":\"https:\/\/schema.org\",\"@graph\":[{\"@type\":\"WebPage\",\"@id\":\"https:\/\/dutchhealthstore.com\/de\/product\/sumantioxidant-cocktailmer-wine-even-tone-antioxidant-shield\/\",\"url\":\"https:\/\/dutchhealthstore.com\/de\/product\/sumantioxidant-cocktailmer-wine-even-tone-antioxidant-shield\/\",\"name\":\"- Lepaar\",\"isPartOf\":{\"@id\":\"https:\/\/dutchhealthstore.com\/de\/#website\"},\"primaryImageOfPage\":{\"@id\":\"https:\/\/dutchhealthstore.com\/de\/product\/sumantioxidant-cocktailmer-wine-even-tone-antioxidant-shield\/#primaryimage\"},\"image\":{\"@id\":\"https:\/\/dutchhealthstore.com\/de\/product\/sumantioxidant-cocktailmer-wine-even-tone-antioxidant-shield\/#primaryimage\"},\"thumbnailUrl\":\"https:\/\/dutchhealthstore.com\/wp-content\/uploads\/2021\/07\/summerwine02.jpg\",\"datePublished\":\"2021-07-16T12:26:46+00:00\",\"dateModified\":\"2026-04-09T10:43:49+00:00\",\"description\":\"Der Antioxidantien-Cocktail versorgt die Haut mit allem, was sie zum Schutz und zur Erholung braucht.\",\"breadcrumb\":{\"@id\":\"https:\/\/dutchhealthstore.com\/de\/product\/sumantioxidant-cocktailmer-wine-even-tone-antioxidant-shield\/#breadcrumb\"},\"inLanguage\":\"de\",\"potentialAction\":[{\"@type\":\"ReadAction\",\"target\":[\"https:\/\/dutchhealthstore.com\/de\/product\/sumantioxidant-cocktailmer-wine-even-tone-antioxidant-shield\/\"]}]},{\"@type\":\"ImageObject\",\"inLanguage\":\"de\",\"@id\":\"https:\/\/dutchhealthstore.com\/de\/product\/sumantioxidant-cocktailmer-wine-even-tone-antioxidant-shield\/#primaryimage\",\"url\":\"https:\/\/dutchhealthstore.com\/wp-content\/uploads\/2021\/07\/summerwine02.jpg\",\"contentUrl\":\"https:\/\/dutchhealthstore.com\/wp-content\/uploads\/2021\/07\/summerwine02.jpg\",\"width\":530,\"height\":530},{\"@type\":\"BreadcrumbList\",\"@id\":\"https:\/\/dutchhealthstore.com\/de\/product\/sumantioxidant-cocktailmer-wine-even-tone-antioxidant-shield\/#breadcrumb\",\"itemListElement\":[{\"@type\":\"ListItem\",\"position\":1,\"name\":\"Home\",\"item\":\"https:\/\/dutchhealthstore.com\/de\/\"},{\"@type\":\"ListItem\",\"position\":2,\"name\":\"Shop\",\"item\":\"https:\/\/dutchhealthstore.com\/de\/shop-2\/\"},{\"@type\":\"ListItem\",\"position\":3,\"name\":\"SUMMER WINE \/ Even Tone Antioxidant Shield\"}]},{\"@type\":\"WebSite\",\"@id\":\"https:\/\/dutchhealthstore.com\/de\/#website\",\"url\":\"https:\/\/dutchhealthstore.com\/de\/\",\"name\":\"Dutch Health Store\",\"description\":\"Enhance Your Beauty with Organic &amp; Natural Skincare\",\"publisher\":{\"@id\":\"https:\/\/dutchhealthstore.com\/de\/#organization\"},\"potentialAction\":[{\"@type\":\"SearchAction\",\"target\":{\"@type\":\"EntryPoint\",\"urlTemplate\":\"https:\/\/dutchhealthstore.com\/de\/?s={search_term_string}\"},\"query-input\":{\"@type\":\"PropertyValueSpecification\",\"valueRequired\":true,\"valueName\":\"search_term_string\"}}],\"inLanguage\":\"de\"},{\"@type\":\"Organization\",\"@id\":\"https:\/\/dutchhealthstore.com\/de\/#organization\",\"name\":\"Dutch Health Store\",\"url\":\"https:\/\/dutchhealthstore.com\/de\/\",\"logo\":{\"@type\":\"ImageObject\",\"inLanguage\":\"de\",\"@id\":\"https:\/\/dutchhealthstore.com\/de\/#\/schema\/logo\/image\/\",\"url\":\"https:\/\/dutchhealthstore.com\/wp-content\/uploads\/2020\/08\/logo-dutchhealthstore-jpg-e1599484957574.jpg\",\"contentUrl\":\"https:\/\/dutchhealthstore.com\/wp-content\/uploads\/2020\/08\/logo-dutchhealthstore-jpg-e1599484957574.jpg\",\"width\":400,\"height\":62,\"caption\":\"Dutch Health Store\"},\"image\":{\"@id\":\"https:\/\/dutchhealthstore.com\/de\/#\/schema\/logo\/image\/\"},\"sameAs\":[\"https:\/\/www.instagram.com\/dutchhealthstore\/\",\"https:\/\/www.facebook.com\/dutchhealthstore\"]}]}<\/script>\n<meta property=\"product:brand\" content=\"LEPAAR\" \/>\n<meta property=\"product:price:amount\" content=\"55.00\" \/>\n<meta property=\"product:price:currency\" content=\"EUR\" \/>\n<meta property=\"og:availability\" content=\"instock\" \/>\n<meta property=\"product:availability\" content=\"instock\" \/>\n<meta property=\"product:condition\" content=\"new\" \/>\n<!-- \/ Yoast SEO Premium plugin. -->","yoast_head_json":{"title":"- Lepaar","description":"Der Antioxidantien-Cocktail versorgt die Haut mit allem, was sie zum Schutz und zur Erholung braucht.","robots":{"index":"index","follow":"follow","max-snippet":"max-snippet:-1","max-image-preview":"max-image-preview:large","max-video-preview":"max-video-preview:-1"},"canonical":"https:\/\/dutchhealthstore.com\/de\/product\/sumantioxidant-cocktailmer-wine-even-tone-antioxidant-shield\/","og_locale":"de_DE","og_type":"article","og_title":"SUMMER WINE \/ Even Tone Antioxidant Shield - Dutch Health Store","og_description":"Der Antioxidantien-Cocktail versorgt die Haut mit allem, was sie zum Schutz und zur Erholung braucht.","og_url":"https:\/\/dutchhealthstore.com\/de\/product\/sumantioxidant-cocktailmer-wine-even-tone-antioxidant-shield\/","og_site_name":"Dutch Health Store","article_publisher":"https:\/\/www.instagram.com\/dutchhealthstore\/","article_modified_time":"2026-04-09T10:43:49+00:00","og_image":[{"width":530,"height":530,"url":"https:\/\/dutchhealthstore.com\/wp-content\/uploads\/2021\/07\/summerwine02.jpg","type":"image\/jpeg"}],"twitter_card":"summary_large_image","twitter_misc":{"Preis":"&euro;55,00","Verf\u00fcgbarkeit":"Auf Lager"},"schema":{"@context":"https:\/\/schema.org","@graph":[{"@type":"WebPage","@id":"https:\/\/dutchhealthstore.com\/de\/product\/sumantioxidant-cocktailmer-wine-even-tone-antioxidant-shield\/","url":"https:\/\/dutchhealthstore.com\/de\/product\/sumantioxidant-cocktailmer-wine-even-tone-antioxidant-shield\/","name":"- Lepaar","isPartOf":{"@id":"https:\/\/dutchhealthstore.com\/de\/#website"},"primaryImageOfPage":{"@id":"https:\/\/dutchhealthstore.com\/de\/product\/sumantioxidant-cocktailmer-wine-even-tone-antioxidant-shield\/#primaryimage"},"image":{"@id":"https:\/\/dutchhealthstore.com\/de\/product\/sumantioxidant-cocktailmer-wine-even-tone-antioxidant-shield\/#primaryimage"},"thumbnailUrl":"https:\/\/dutchhealthstore.com\/wp-content\/uploads\/2021\/07\/summerwine02.jpg","datePublished":"2021-07-16T12:26:46+00:00","dateModified":"2026-04-09T10:43:49+00:00","description":"Der Antioxidantien-Cocktail versorgt die Haut mit allem, was sie zum Schutz und zur Erholung braucht.","breadcrumb":{"@id":"https:\/\/dutchhealthstore.com\/de\/product\/sumantioxidant-cocktailmer-wine-even-tone-antioxidant-shield\/#breadcrumb"},"inLanguage":"de","potentialAction":[{"@type":"ReadAction","target":["https:\/\/dutchhealthstore.com\/de\/product\/sumantioxidant-cocktailmer-wine-even-tone-antioxidant-shield\/"]}]},{"@type":"ImageObject","inLanguage":"de","@id":"https:\/\/dutchhealthstore.com\/de\/product\/sumantioxidant-cocktailmer-wine-even-tone-antioxidant-shield\/#primaryimage","url":"https:\/\/dutchhealthstore.com\/wp-content\/uploads\/2021\/07\/summerwine02.jpg","contentUrl":"https:\/\/dutchhealthstore.com\/wp-content\/uploads\/2021\/07\/summerwine02.jpg","width":530,"height":530},{"@type":"BreadcrumbList","@id":"https:\/\/dutchhealthstore.com\/de\/product\/sumantioxidant-cocktailmer-wine-even-tone-antioxidant-shield\/#breadcrumb","itemListElement":[{"@type":"ListItem","position":1,"name":"Home","item":"https:\/\/dutchhealthstore.com\/de\/"},{"@type":"ListItem","position":2,"name":"Shop","item":"https:\/\/dutchhealthstore.com\/de\/shop-2\/"},{"@type":"ListItem","position":3,"name":"SUMMER WINE \/ Even Tone Antioxidant Shield"}]},{"@type":"WebSite","@id":"https:\/\/dutchhealthstore.com\/de\/#website","url":"https:\/\/dutchhealthstore.com\/de\/","name":"Dutch Health Store","description":"Enhance Your Beauty with Organic &amp; Natural Skincare","publisher":{"@id":"https:\/\/dutchhealthstore.com\/de\/#organization"},"potentialAction":[{"@type":"SearchAction","target":{"@type":"EntryPoint","urlTemplate":"https:\/\/dutchhealthstore.com\/de\/?s={search_term_string}"},"query-input":{"@type":"PropertyValueSpecification","valueRequired":true,"valueName":"search_term_string"}}],"inLanguage":"de"},{"@type":"Organization","@id":"https:\/\/dutchhealthstore.com\/de\/#organization","name":"Dutch Health Store","url":"https:\/\/dutchhealthstore.com\/de\/","logo":{"@type":"ImageObject","inLanguage":"de","@id":"https:\/\/dutchhealthstore.com\/de\/#\/schema\/logo\/image\/","url":"https:\/\/dutchhealthstore.com\/wp-content\/uploads\/2020\/08\/logo-dutchhealthstore-jpg-e1599484957574.jpg","contentUrl":"https:\/\/dutchhealthstore.com\/wp-content\/uploads\/2020\/08\/logo-dutchhealthstore-jpg-e1599484957574.jpg","width":400,"height":62,"caption":"Dutch Health Store"},"image":{"@id":"https:\/\/dutchhealthstore.com\/de\/#\/schema\/logo\/image\/"},"sameAs":["https:\/\/www.instagram.com\/dutchhealthstore\/","https:\/\/www.facebook.com\/dutchhealthstore"]}]},"product_brand":"LEPAAR","product_price_amount":"55.00","product_price_currency":"EUR","og_availability":"instock","product_availability":"instock","product_condition":"new"},"_links":{"self":[{"href":"https:\/\/dutchhealthstore.com\/de\/wp-json\/wp\/v2\/product\/159842","targetHints":{"allow":["GET"]}}],"collection":[{"href":"https:\/\/dutchhealthstore.com\/de\/wp-json\/wp\/v2\/product"}],"about":[{"href":"https:\/\/dutchhealthstore.com\/de\/wp-json\/wp\/v2\/types\/product"}],"replies":[{"embeddable":true,"href":"https:\/\/dutchhealthstore.com\/de\/wp-json\/wp\/v2\/comments?post=159842"}],"wp:featuredmedia":[{"embeddable":true,"href":"https:\/\/dutchhealthstore.com\/de\/wp-json\/wp\/v2\/media\/321304"}],"wp:attachment":[{"href":"https:\/\/dutchhealthstore.com\/de\/wp-json\/wp\/v2\/media?parent=159842"}],"wp:term":[{"taxonomy":"product_brand","embeddable":true,"href":"https:\/\/dutchhealthstore.com\/de\/wp-json\/wp\/v2\/product_brand?post=159842"},{"taxonomy":"product_cat","embeddable":true,"href":"https:\/\/dutchhealthstore.com\/de\/wp-json\/wp\/v2\/product_cat?post=159842"},{"taxonomy":"product_tag","embeddable":true,"href":"https:\/\/dutchhealthstore.com\/de\/wp-json\/wp\/v2\/product_tag?post=159842"}],"curies":[{"name":"wp","href":"https:\/\/api.w.org\/{rel}","templated":true}]}}