{"id":159839,"date":"2021-07-16T12:43:15","date_gmt":"2021-07-16T10:43:15","guid":{"rendered":"https:\/\/dutchhealthstore.com\/product\/smooth-operator-unfolding-face-balsam\/"},"modified":"2025-11-20T17:21:17","modified_gmt":"2025-11-20T16:21:17","slug":"smooth-operator-unfolding-face-balsam","status":"publish","type":"product","link":"https:\/\/dutchhealthstore.com\/de\/product\/smooth-operator-unfolding-face-balsam\/","title":{"rendered":"SMOOTH OPERATOR \/ Unfolding Face Balsam"},"content":{"rendered":"<p><strong>Rituelle Momente der Entsch\u00e4rfung von Kanten.<\/strong><\/p>\n<p>Die Zeit verlangsamt sich mit dieser schw\u00fclen Salbe, die alles gl\u00e4ttet und weich macht: Falten, Linien, Kanten, Risse, Spannung, Stimmung, Temperament&#8230;<\/p>\n<p>Ich habe diese Komposition als eine Ode an den handwerklich hergestellten Kaffee und seinen unglaublichen Beitrag zu einer gesunden, glatten, starken und entfalteten Haut geschaffen. Es ist auch eine Hommage an unseren Freund Paul Geshos von Mecca Coffee und seine wunderbare Arbeit mit kleinen ethischen Kaffeebauern und Kollektiven auf der ganzen Welt. Das Wissen und die Hingabe aller Beteiligten f\u00fcr den gesamten Prozess, die Qualit\u00e4t und die Rituale sind \u00fcberw\u00e4ltigend.<\/p>\n<p>Sowohl die &#8222;Silberhaut&#8220;-Kaffeeschale als auch die getrocknete &#8222;Cascara&#8220;-Kaffeekirsche sind Nebenprodukte von Pauls handwerklicher Kaffeekreation, und ich bin so dankbar, dass ich sie als SMOOTH OPERATOR ph\u00f6nixieren darf.<\/p>\n<p>In der Sonne getr\u00e4nkte Extrakte der Cascara-Kaffeekirsche und der Silver Skin-Kaffeeschale vereinen sich mit unraffiniertem Rohkaffeesamen\u00f6l und ger\u00f6stetem Kaffeebohnen\u00f6l, um das gesamte Spektrum dieser magischen Frucht zu liefern, die die meisten von uns t\u00e4glich zu sich nehmen &#8211; f\u00fcr die einen ein einfach gewohnheitsm\u00e4\u00dfiger Moment, f\u00fcr die anderen ein zutiefst ritueller Moment. F\u00fcr Christo und mich ist das allmorgendliche Kaffeetrinken ein Moment, in dem die Zeit stillsteht, die Oberfl\u00e4chen glatt werden, die Kanten weich werden und sich unendliche M\u00f6glichkeiten entfalten.<\/p>\n<p><strong>VORTEILE<br \/>\n<\/strong>Unraffiniertes Maracujasamen\u00f6l, Cranberrysamen\u00f6l, Chiasamen\u00f6l, Passionsblumenextrakt, Marshmallow-Extrakt, Vanilleextrakt, Bacuributter und Bienenwachs spenden Feuchtigkeit, polstern auf, erhalten Hyalurons\u00e4uren, stabilisieren Kollagen und verst\u00e4rken die hautgl\u00e4ttenden Eigenschaften des Kaffees.<\/p>\n<p><strong>NULL ESSENTIELLE \u00d6LE<br \/>\n<\/strong>Damit sich die Aromen und D\u00fcfte meiner Extrakte und \u00d6le auf nat\u00fcrliche Weise entfalten k\u00f6nnen, habe ich mich daf\u00fcr entschieden, keiner unserer KAIROS MOMENT-Kompositionen \u00e4therische \u00d6le hinzuzuf\u00fcgen. Das bedeutet, dass ihre energetische, \u00e4therische K\u00f6rperladung viel subtiler ist und von den nat\u00fcrlich vorkommenden, nicht isolierten \u00e4therischen \u00d6len in der Pflanzenmasse wie Samen, Fr\u00fcchten, Bl\u00fcten, Bl\u00e4ttern, Rinde usw. stammt. Ich extrahiere in biodynamisches Oliven\u00f6l. Das Aroma dieser sehr komplexen Kompositionen ist oszillierend, spezifisch, impulsiv &#8211; Kairologisch.<\/p>\n<p><span data-block=\"\"><strong>A KAIROS MOMENT CAPSULE COLLECTION<br \/>\n<\/strong>MOMENTOUS. LUZID. SPASS.<\/span><span data-block=\"\"><br \/>\n\u201cTo see a World in a Grain of<\/span><span data-block=\"\"><span style=\"font-size: 14.4px;\">Sand And<\/span> a Heaven in a Wild Flower<\/span><span data-block=\"\">Hold Infinity in the palm of your hand <\/span><span data-block=\"\">And Eternity in an hour.&#8220; <\/span><span data-block=\"\">~William Blake<\/span><span data-block=\"\"> <\/span><span data-block=\"\">Die Kairos-Zeit ist im Gegensatz zur Chronos-Zeit nicht linear. Kairos-Zeit wird nicht gemessen, l\u00e4uft nicht nach Zeitplan. Es ist die zyklische Zeit der Seele, der g\u00f6ttlichen Funken neuer Richtungen, der Aha-Momente tiefer Einsichten, umw\u00e4lzender Entscheidungen, inspirierter Sch\u00f6pfungen und vor allem des schwebenden M\u00fc\u00dfiggangs. Kairos-Momente entstehen in der Stille und erscheinen im Auge der St\u00fcrme. Wenn unser an die Chronos-Zeit gebundenes Ego ins Wanken ger\u00e4t, wenn wir unser Selbst der Natur \u00fcberlassen, findet sie unsere verwundeten \u00d6ffnungen und gie\u00dft Licht in all unsere Risse. Kairos-Momente sind transzendental, magisch,<br \/>\n<\/span><span data-block=\"\"><br \/>\n<\/span><span data-block=\"\">Ich habe unsere lebendigen neuen Kompositionen w\u00e4hrend unseres ganz eigenen Kairos-Moments im Jahr 2020 geschaffen, als die Zeit f\u00fcr uns alle stillstand. Und in dieser elastischen Pause zwischen Ein- und Ausatmen m\u00fcssen wir spielen, erforschen und etwas Hautpflegezauber machen.<\/span><\/p>\n<p><span data-block=\"\">Eine Ode an das Jetzt.<br \/>\n<\/span><span data-block=\"\">Johanna + Christo xx<\/span><\/p>\n<h3>Ritual<\/h3>\n<p><span class=\"s1\">Verwenden Sie es morgens, um aufzuwachen und die Schatten der Nacht aus Ihrem Gesicht zu entfernen.<\/span><\/p>\n<p><span class=\"s1\">Hervorragend geeignet f\u00fcr den t\u00e4glichen Gebrauch oder im Wechsel mit einer anderen Komposition aus der KAIROS-Kollektion. Oder kombinieren Sie, wenn Sie Lust haben &#8211; das ist Ihr Moment!<\/span><\/p>\n<p><span class=\"s1\">Massieren Sie jeden Morgen einige Tropfen mit den Ringfingern von den Augen ausgehend in die noch feuchte, saubere Haut ein. Ihre Ringfinger haben den leichtesten Griff von allen Fingern und ziehen nicht an der Haut.<\/span><\/p>\n<p><span class=\"s1\">Falls gew\u00fcnscht, unter PRECIOUS FACE ELIXIR und\/oder ELEMENTAL DAY SILK auftragen. Wir empfehlen, unsere Zusammensetzungen einige Wochen lang ausschlie\u00dflich zu verwenden, um ihre Wirksamkeit zu nutzen und Ihre Haut sanft in ihren neuen, nat\u00fcrlichen und gesunden Zustand zu \u00fcberf\u00fchren.<\/span><\/p>\n<p><strong>Gr\u00f6\u00dfe: 15 ml<\/strong><\/p>\n<h3 class=\"yikes-custom-woo-tab-title yikes-custom-woo-tab-title-natural-organic-ingredients\">Nat\u00fcrliche\/Organische Inhaltsstoffe<\/h3>\n<p class=\"p1\"><span class=\"s1\"><b>ENERGETISCHE GRUNDLAGE<\/b><\/span><\/p>\n<p class=\"p1\"><span class=\"s1\">COFFEA ARABICA (GREEN <\/span><span class=\"s2\">COFFEE) KERN\u00d6L* <\/span><span class=\"s1\">Brasilien<\/span>. Zertifiziert biologisch. Kaltgepresste Samen, nicht raffiniert.<\/p>\n<p class=\"p1\"><span class=\"s1\">COFFEA ARABICA (GER\u00d6STETER <\/span><span class=\"s2\">KAFFEE) BANEN\u00d6L* <\/span><span class=\"s1\">Brasilien<\/span>. Zertifiziert biologisch. Kaltgepresste Samen, nicht raffiniert.<\/p>\n<p class=\"p1\"><span class=\"s1\">SILBERHAUT&#8220;-EXTRAKT AUS COFFEA ARABICA (GER\u00d6STETE KAFFEESCHALEN)^<\/span><span class=\"s1\">. Mamut, Huila&#8220;, Kolumbien\/ &#8222;Finca Santa Elisa&#8220;, Guatemala. Wildcrafted<\/span>. Handgepfl\u00fcckte, trocken ger\u00f6stete Schalen ganzer Kaffeebohnen, mindestens 4 Monate lang in biodynamischem Oliven\u00f6l in der Sonne eingelegt.<\/p>\n<p class=\"p1\"><span class=\"s1\">&#8218;CASCARA CHERRY&#8216; COFFEA ARABICA (COFFEE FRUIT) EXTRACT^ <\/span>Bezirk Gakenke, Ruanda. <span class=\"s1\">Wildgezogen<\/span>. Handgepfl\u00fcckte, sonnengereifte ganze Kirschen, mindestens 4 Monate lang in biodynamischem Oliven\u00f6l eingelegt.<\/p>\n<p class=\"p1\"><span class=\"s1\">FRUCHTEXTRAKT AUS VANILLE PLANIFOLIA (VANILLE)*. <\/span>Daintree Rainforest, Australien. Zertifiziert biologisch. Handgepfl\u00fcckte, sonnengereifte ganze Bohnen, mindestens 4 Monate lang in biodynamischem Oliven\u00f6l eingelegt.<\/p>\n<p class=\"p1\"><span class=\"s1\">IN OLEA EUROPAEA (OLIVEN\u00d6L)**. <\/span>Victoria, Australien. Zertifiziert nach Demeter, biodynamisch, kaltgepresst, unraffiniert, extra vergine, kleine Chargen.<\/p>\n<p class=\"p1\"><span class=\"s1\"><b>AUSGLEICHSZENTRUM<\/b><\/span><\/p>\n<p class=\"p1\"><span class=\"s1\">SALVIA HISPANICA (CHIA) SEED OIL*<\/span><span class=\"s1\"> Amazon.<\/span> Zertifiziert biologisch. Kaltgepresste Samen, nicht raffiniert.<\/p>\n<p class=\"p1\"><span class=\"s1\">PASSIFLORA EDULIS <\/span><span class=\"s2\">(MARACUJA) KERN\u00d6L* <\/span>Ecuador\/<span class=\"s1\">Peru.<\/span> Zertifiziert biologisch\/handwerklich hergestellt. Kaltgepresste Samen, nicht raffiniert.<\/p>\n<p class=\"p1\"><span class=\"s1\">VACCINIUM MACROCARPON (CRANBERRY) SEED OIL* <\/span><span class=\"s1\"> USA<\/span>. Zertifiziert biologisch. Kaltgepresste Samen, nicht raffiniert.<\/p>\n<p class=\"p1\"><span class=\"s1\">PASSIFLORA INCARNATA <\/span><span class=\"s2\">(PASSIONSBLUME) BL\u00dcTENEXTRAKT^<\/span><span class=\"s2\"> <\/span><span class=\"s1\">Kangaroo Valley, Australien. <\/span>Wildcrafted. Handgepfl\u00fcckte, sonnengereifte Bl\u00fcten, mindestens 4 Monate lang in biodynamischem Oliven\u00f6l eingelegt.<\/p>\n<p class=\"p1\"><span class=\"s1\">ALTHAEA OFFICINALIS (MARSHMALLOW) ROOT EXTRACT* Tasmanien, Australien. <\/span>Zertifiziert biologisch. Handgepfl\u00fcckte, sonnengereifte Wurzeln, mindestens 4 Monate lang in biodynamischem Oliven\u00f6l eingelegt.<\/p>\n<p class=\"p1\"><span class=\"s1\">PLATONIA INSIGNIS (BACURI) SEED BUTTER^ <\/span><span class=\"s2\">Amazonas, Brasilien. <\/span>Wild geerntet. Kaltgepresste Samen, nicht raffiniert.<\/p>\n<p class=\"p1\"><span class=\"s1\">YELLOW BEESWAX (CERA)* Blue Mountains, Australien.<\/span> Wildgez\u00fcchtet aus Bienenst\u00f6cken im Warre-Stil. Unverf\u00e4lscht.<\/p>\n<p class=\"p1\"><span class=\"s1\"><b>HARMONISIERENDE LADUNG &#8222;HEILIGE DREIFALTIGKEIT&#8220; MISCHUNG<\/b><\/span><\/p>\n<p class=\"p1\"><span class=\"s1\">BOSWELLIA FREREANA (FRANKINCENSE &#8218;MAYDI&#8216;, KING OF FRANKINCENSE) HARZEXTRAKT, <\/span>Somalia. Zertifiziert biologisch. \/ <span class=\"s1\">BOSWELLIA SACRA (K\u00d6NIGLICHER HORAJI WEISSER &#8218;HEILIGER&#8216; WEIHRAUCH) HARZ-EXTRAKT^. <\/span>Oman. Zertifiziert biologisch. Fair gehandeltes Harz, nachhaltig geerntet von einer Gemeinschaftskooperative. Mindestens 4 Monate in biodynamischem Oliven\u00f6l in der Sonne eingelegt.<\/p>\n<p class=\"p1\"><span class=\"s1\">COMMIPHORA MYRRHA (MYRRH) HARZEXTRAKT* <\/span>Somalia. Zertifiziert biologisch. Jemen. Wildcrafted. \/ <span class=\"s1\">COMMIPHORA WILDII (&#8218;OMUMBIRI&#8216; NAMIBIAN MYRRH) HARZEXTRAKT <\/span>Namibia. Wildcrafted. Fair gehandeltes Harz, nachhaltig geerntet von einer Gemeinschaftsgenossenschaft. Mindestens 4 Monate lang in biodynamischem Oliven\u00f6l in der Sonne eingelegt.<\/p>\n<p class=\"p1\"><span class=\"s1\">24 KARAT GOLD&#8220;, <\/span>Deutschland. Nicht-Nano. Bescheinigung f\u00fcr Kosmetik\/Lebensmittel. Mindestens 4 Monate lang in biodynamischem Oliven\u00f6l in der Sonne eingelegt.<\/p>\n<p class=\"p1\">ALLE EXTRAKTE WERDEN VON UNS IN ZERTIFIZIERTEM BIODYNAMISCHEM OLIVEN\u00d6L SONNENGETR\u00c4NKT.<\/p>\n<p class=\"p1\"><i>*Organisch <span style=\"font-size: 14.4px;\">**Demeter<\/span> biodynamisch ^wildcrafted\/non-gmo\/chemical free &#8222;non-nano.<\/i><\/p>\n<p class=\"p1\"><b>WARNUNG &#8211; Die Sicherheit dieses Produkts wurde noch nicht festgestellt.<\/b><\/p>\n","protected":false},"excerpt":{"rendered":"<p>Unfolding Face Balsam Null \u00e4therische \u00d6le.<\/p>\n<p><strong>Gr\u00f6\u00dfe: 15 ml <\/strong><\/p>\n","protected":false},"featured_media":314522,"comment_status":"open","ping_status":"closed","template":"","meta":[],"product_brand":[],"product_cat":[5704,1227,14735,1032,8703,1210,5636,5702,5101,511,5705,5706,5708,4758,5634,5701],"product_tag":[21362,6236,9604],"class_list":{"0":"post-159839","1":"product","2":"type-product","3":"status-publish","4":"has-post-thumbnail","6":"product_cat-sensitive-skin-redness-de-4","7":"product_cat-sensitive-skin-redness-de","8":"product_cat-hautpflege","9":"product_cat-kategorien","10":"product_cat-lepaar-de","11":"product_cat-marken","12":"product_cat-normal-or-combination-skin-de-2","13":"product_cat-normal-or-combination-skin-de-5","14":"product_cat-by-skin-type-de-4","15":"product_cat-produkte","16":"product_cat-serums-de","17":"product_cat-serums-de-3","18":"product_cat-serums-de-5","19":"product_cat-serums-de-2","20":"product_cat-dry-mature-ageing-skin-de-2","21":"product_cat-dry-mature-ageing-skin-de-5","22":"product_tag-anti-aging-de","23":"product_tag-balm-de","24":"product_tag-hydrating-de","25":"pa_brand-lepaar-de","26":"pa_gtin-7424920256270-de","27":"pa_skincare-type-face-oil-and-serums-de","28":"pa_skintype-normal-combination-skin-de","29":"pa_skintype-sensitive-skin-redness-de","30":"pa_skintype-dry-mature-ageing-skin-de","32":"first","33":"instock","34":"taxable","35":"shipping-taxable","36":"purchasable","37":"product-type-simple"},"bundled_by":[],"bundle_stock_status":"instock","bundle_stock_quantity":2,"bundle_virtual":false,"bundle_layout":"","bundle_add_to_cart_form_location":"","bundle_editable_in_cart":false,"bundle_sold_individually_context":"","bundle_item_grouping":"","bundle_min_size":"","bundle_max_size":"","bundle_price":[],"bundled_items":[],"bundle_sell_ids":[],"atum_controlled":true,"out_stock_date":null,"out_stock_threshold":null,"inheritable":false,"stock_on_hold":0,"sold_today":0,"sales_last_days":0,"out_stock_days":0,"lost_sales":0,"update_date":"2026-04-16T09:31:55","atum_locations":[],"atum_stock_status":"instock","restock_status":false,"low_stock_amount":"","sales_update_date":"2026-04-16T09:31:55","calc_backorders":null,"group_of_quantity":0,"min_quantity":0,"max_quantity":"","exclude_order_quantity_value_rules":"no","exclude_category_quantity_rules":"no","combine_variations":"no","yoast_head":"<!-- This site is optimized with the Yoast SEO Premium plugin v26.5 (Yoast SEO v26.5) - https:\/\/yoast.com\/wordpress\/plugins\/seo\/ -->\n<title>- Lepaar<\/title>\n<meta name=\"description\" content=\"Unfolding face Balsam.\" \/>\n<meta name=\"robots\" content=\"index, follow, max-snippet:-1, max-image-preview:large, max-video-preview:-1\" \/>\n<link rel=\"canonical\" href=\"https:\/\/dutchhealthstore.com\/de\/product\/smooth-operator-unfolding-face-balsam\/\" \/>\n<meta property=\"og:locale\" content=\"de_DE\" \/>\n<meta property=\"og:type\" content=\"article\" \/>\n<meta property=\"og:title\" content=\"SMOOTH OPERATOR \/ Unfolding Face Balsam - Dutch Health Store\" \/>\n<meta property=\"og:description\" content=\"Unfolding face Balsam.\" \/>\n<meta property=\"og:url\" content=\"https:\/\/dutchhealthstore.com\/de\/product\/smooth-operator-unfolding-face-balsam\/\" \/>\n<meta property=\"og:site_name\" content=\"Dutch Health Store\" \/>\n<meta property=\"article:publisher\" content=\"https:\/\/www.instagram.com\/dutchhealthstore\/\" \/>\n<meta property=\"article:modified_time\" content=\"2025-11-20T16:21:17+00:00\" \/>\n<meta property=\"og:image\" content=\"https:\/\/dutchhealthstore.com\/wp-content\/uploads\/2021\/10\/lepsmoothoke.jpg\" \/>\n\t<meta property=\"og:image:width\" content=\"500\" \/>\n\t<meta property=\"og:image:height\" content=\"500\" \/>\n\t<meta property=\"og:image:type\" content=\"image\/jpeg\" \/>\n<meta name=\"twitter:card\" content=\"summary_large_image\" \/>\n<meta name=\"twitter:label1\" content=\"Preis\" \/>\n\t<meta name=\"twitter:data1\" content=\"&euro;55,00\" \/>\n\t<meta name=\"twitter:label2\" content=\"Verf\u00fcgbarkeit\" \/>\n\t<meta name=\"twitter:data2\" content=\"Auf Lager\" \/>\n<script type=\"application\/ld+json\" class=\"yoast-schema-graph\">{\"@context\":\"https:\/\/schema.org\",\"@graph\":[{\"@type\":\"WebPage\",\"@id\":\"https:\/\/dutchhealthstore.com\/de\/product\/smooth-operator-unfolding-face-balsam\/\",\"url\":\"https:\/\/dutchhealthstore.com\/de\/product\/smooth-operator-unfolding-face-balsam\/\",\"name\":\"- Lepaar\",\"isPartOf\":{\"@id\":\"https:\/\/dutchhealthstore.com\/de\/#website\"},\"primaryImageOfPage\":{\"@id\":\"https:\/\/dutchhealthstore.com\/de\/product\/smooth-operator-unfolding-face-balsam\/#primaryimage\"},\"image\":{\"@id\":\"https:\/\/dutchhealthstore.com\/de\/product\/smooth-operator-unfolding-face-balsam\/#primaryimage\"},\"thumbnailUrl\":\"https:\/\/dutchhealthstore.com\/wp-content\/uploads\/2020\/07\/lepaar_0000s_0018_SMOOTH-OPERATOR-_-Unfolding-Face.jpg\",\"datePublished\":\"2021-07-16T10:43:15+00:00\",\"dateModified\":\"2025-11-20T16:21:17+00:00\",\"description\":\"Unfolding face Balsam.\",\"breadcrumb\":{\"@id\":\"https:\/\/dutchhealthstore.com\/de\/product\/smooth-operator-unfolding-face-balsam\/#breadcrumb\"},\"inLanguage\":\"de\",\"potentialAction\":[{\"@type\":\"ReadAction\",\"target\":[\"https:\/\/dutchhealthstore.com\/de\/product\/smooth-operator-unfolding-face-balsam\/\"]}]},{\"@type\":\"ImageObject\",\"inLanguage\":\"de\",\"@id\":\"https:\/\/dutchhealthstore.com\/de\/product\/smooth-operator-unfolding-face-balsam\/#primaryimage\",\"url\":\"https:\/\/dutchhealthstore.com\/wp-content\/uploads\/2020\/07\/lepaar_0000s_0018_SMOOTH-OPERATOR-_-Unfolding-Face.jpg\",\"contentUrl\":\"https:\/\/dutchhealthstore.com\/wp-content\/uploads\/2020\/07\/lepaar_0000s_0018_SMOOTH-OPERATOR-_-Unfolding-Face.jpg\",\"width\":530,\"height\":530},{\"@type\":\"BreadcrumbList\",\"@id\":\"https:\/\/dutchhealthstore.com\/de\/product\/smooth-operator-unfolding-face-balsam\/#breadcrumb\",\"itemListElement\":[{\"@type\":\"ListItem\",\"position\":1,\"name\":\"Home\",\"item\":\"https:\/\/dutchhealthstore.com\/de\/\"},{\"@type\":\"ListItem\",\"position\":2,\"name\":\"Shop\",\"item\":\"https:\/\/dutchhealthstore.com\/de\/shop-2\/\"},{\"@type\":\"ListItem\",\"position\":3,\"name\":\"SMOOTH OPERATOR \/ Unfolding Face Balsam\"}]},{\"@type\":\"WebSite\",\"@id\":\"https:\/\/dutchhealthstore.com\/de\/#website\",\"url\":\"https:\/\/dutchhealthstore.com\/de\/\",\"name\":\"Dutch Health Store\",\"description\":\"Enhance Your Beauty with Organic &amp; Natural Skincare\",\"publisher\":{\"@id\":\"https:\/\/dutchhealthstore.com\/de\/#organization\"},\"potentialAction\":[{\"@type\":\"SearchAction\",\"target\":{\"@type\":\"EntryPoint\",\"urlTemplate\":\"https:\/\/dutchhealthstore.com\/de\/?s={search_term_string}\"},\"query-input\":{\"@type\":\"PropertyValueSpecification\",\"valueRequired\":true,\"valueName\":\"search_term_string\"}}],\"inLanguage\":\"de\"},{\"@type\":\"Organization\",\"@id\":\"https:\/\/dutchhealthstore.com\/de\/#organization\",\"name\":\"Dutch Health Store\",\"url\":\"https:\/\/dutchhealthstore.com\/de\/\",\"logo\":{\"@type\":\"ImageObject\",\"inLanguage\":\"de\",\"@id\":\"https:\/\/dutchhealthstore.com\/de\/#\/schema\/logo\/image\/\",\"url\":\"https:\/\/dutchhealthstore.com\/wp-content\/uploads\/2020\/08\/logo-dutchhealthstore-jpg-e1599484957574.jpg\",\"contentUrl\":\"https:\/\/dutchhealthstore.com\/wp-content\/uploads\/2020\/08\/logo-dutchhealthstore-jpg-e1599484957574.jpg\",\"width\":400,\"height\":62,\"caption\":\"Dutch Health Store\"},\"image\":{\"@id\":\"https:\/\/dutchhealthstore.com\/de\/#\/schema\/logo\/image\/\"},\"sameAs\":[\"https:\/\/www.instagram.com\/dutchhealthstore\/\",\"https:\/\/www.facebook.com\/dutchhealthstore\"]}]}<\/script>\n<meta property=\"product:brand\" content=\"LEPAAR\" \/>\n<meta property=\"product:price:amount\" content=\"55.00\" \/>\n<meta property=\"product:price:currency\" content=\"EUR\" \/>\n<meta property=\"og:availability\" content=\"instock\" \/>\n<meta property=\"product:availability\" content=\"instock\" \/>\n<meta property=\"product:condition\" content=\"new\" \/>\n<!-- \/ Yoast SEO Premium plugin. -->","yoast_head_json":{"title":"- Lepaar","description":"Unfolding face Balsam.","robots":{"index":"index","follow":"follow","max-snippet":"max-snippet:-1","max-image-preview":"max-image-preview:large","max-video-preview":"max-video-preview:-1"},"canonical":"https:\/\/dutchhealthstore.com\/de\/product\/smooth-operator-unfolding-face-balsam\/","og_locale":"de_DE","og_type":"article","og_title":"SMOOTH OPERATOR \/ Unfolding Face Balsam - Dutch Health Store","og_description":"Unfolding face Balsam.","og_url":"https:\/\/dutchhealthstore.com\/de\/product\/smooth-operator-unfolding-face-balsam\/","og_site_name":"Dutch Health Store","article_publisher":"https:\/\/www.instagram.com\/dutchhealthstore\/","article_modified_time":"2025-11-20T16:21:17+00:00","og_image":[{"width":500,"height":500,"url":"https:\/\/dutchhealthstore.com\/wp-content\/uploads\/2021\/10\/lepsmoothoke.jpg","type":"image\/jpeg"}],"twitter_card":"summary_large_image","twitter_misc":{"Preis":"&euro;55,00","Verf\u00fcgbarkeit":"Auf Lager"},"schema":{"@context":"https:\/\/schema.org","@graph":[{"@type":"WebPage","@id":"https:\/\/dutchhealthstore.com\/de\/product\/smooth-operator-unfolding-face-balsam\/","url":"https:\/\/dutchhealthstore.com\/de\/product\/smooth-operator-unfolding-face-balsam\/","name":"- Lepaar","isPartOf":{"@id":"https:\/\/dutchhealthstore.com\/de\/#website"},"primaryImageOfPage":{"@id":"https:\/\/dutchhealthstore.com\/de\/product\/smooth-operator-unfolding-face-balsam\/#primaryimage"},"image":{"@id":"https:\/\/dutchhealthstore.com\/de\/product\/smooth-operator-unfolding-face-balsam\/#primaryimage"},"thumbnailUrl":"https:\/\/dutchhealthstore.com\/wp-content\/uploads\/2020\/07\/lepaar_0000s_0018_SMOOTH-OPERATOR-_-Unfolding-Face.jpg","datePublished":"2021-07-16T10:43:15+00:00","dateModified":"2025-11-20T16:21:17+00:00","description":"Unfolding face Balsam.","breadcrumb":{"@id":"https:\/\/dutchhealthstore.com\/de\/product\/smooth-operator-unfolding-face-balsam\/#breadcrumb"},"inLanguage":"de","potentialAction":[{"@type":"ReadAction","target":["https:\/\/dutchhealthstore.com\/de\/product\/smooth-operator-unfolding-face-balsam\/"]}]},{"@type":"ImageObject","inLanguage":"de","@id":"https:\/\/dutchhealthstore.com\/de\/product\/smooth-operator-unfolding-face-balsam\/#primaryimage","url":"https:\/\/dutchhealthstore.com\/wp-content\/uploads\/2020\/07\/lepaar_0000s_0018_SMOOTH-OPERATOR-_-Unfolding-Face.jpg","contentUrl":"https:\/\/dutchhealthstore.com\/wp-content\/uploads\/2020\/07\/lepaar_0000s_0018_SMOOTH-OPERATOR-_-Unfolding-Face.jpg","width":530,"height":530},{"@type":"BreadcrumbList","@id":"https:\/\/dutchhealthstore.com\/de\/product\/smooth-operator-unfolding-face-balsam\/#breadcrumb","itemListElement":[{"@type":"ListItem","position":1,"name":"Home","item":"https:\/\/dutchhealthstore.com\/de\/"},{"@type":"ListItem","position":2,"name":"Shop","item":"https:\/\/dutchhealthstore.com\/de\/shop-2\/"},{"@type":"ListItem","position":3,"name":"SMOOTH OPERATOR \/ Unfolding Face Balsam"}]},{"@type":"WebSite","@id":"https:\/\/dutchhealthstore.com\/de\/#website","url":"https:\/\/dutchhealthstore.com\/de\/","name":"Dutch Health Store","description":"Enhance Your Beauty with Organic &amp; Natural Skincare","publisher":{"@id":"https:\/\/dutchhealthstore.com\/de\/#organization"},"potentialAction":[{"@type":"SearchAction","target":{"@type":"EntryPoint","urlTemplate":"https:\/\/dutchhealthstore.com\/de\/?s={search_term_string}"},"query-input":{"@type":"PropertyValueSpecification","valueRequired":true,"valueName":"search_term_string"}}],"inLanguage":"de"},{"@type":"Organization","@id":"https:\/\/dutchhealthstore.com\/de\/#organization","name":"Dutch Health Store","url":"https:\/\/dutchhealthstore.com\/de\/","logo":{"@type":"ImageObject","inLanguage":"de","@id":"https:\/\/dutchhealthstore.com\/de\/#\/schema\/logo\/image\/","url":"https:\/\/dutchhealthstore.com\/wp-content\/uploads\/2020\/08\/logo-dutchhealthstore-jpg-e1599484957574.jpg","contentUrl":"https:\/\/dutchhealthstore.com\/wp-content\/uploads\/2020\/08\/logo-dutchhealthstore-jpg-e1599484957574.jpg","width":400,"height":62,"caption":"Dutch Health Store"},"image":{"@id":"https:\/\/dutchhealthstore.com\/de\/#\/schema\/logo\/image\/"},"sameAs":["https:\/\/www.instagram.com\/dutchhealthstore\/","https:\/\/www.facebook.com\/dutchhealthstore"]}]},"product_brand":"LEPAAR","product_price_amount":"55.00","product_price_currency":"EUR","og_availability":"instock","product_availability":"instock","product_condition":"new"},"_links":{"self":[{"href":"https:\/\/dutchhealthstore.com\/de\/wp-json\/wp\/v2\/product\/159839","targetHints":{"allow":["GET"]}}],"collection":[{"href":"https:\/\/dutchhealthstore.com\/de\/wp-json\/wp\/v2\/product"}],"about":[{"href":"https:\/\/dutchhealthstore.com\/de\/wp-json\/wp\/v2\/types\/product"}],"replies":[{"embeddable":true,"href":"https:\/\/dutchhealthstore.com\/de\/wp-json\/wp\/v2\/comments?post=159839"}],"wp:featuredmedia":[{"embeddable":true,"href":"https:\/\/dutchhealthstore.com\/de\/wp-json\/wp\/v2\/media\/314522"}],"wp:attachment":[{"href":"https:\/\/dutchhealthstore.com\/de\/wp-json\/wp\/v2\/media?parent=159839"}],"wp:term":[{"taxonomy":"product_brand","embeddable":true,"href":"https:\/\/dutchhealthstore.com\/de\/wp-json\/wp\/v2\/product_brand?post=159839"},{"taxonomy":"product_cat","embeddable":true,"href":"https:\/\/dutchhealthstore.com\/de\/wp-json\/wp\/v2\/product_cat?post=159839"},{"taxonomy":"product_tag","embeddable":true,"href":"https:\/\/dutchhealthstore.com\/de\/wp-json\/wp\/v2\/product_tag?post=159839"}],"curies":[{"name":"wp","href":"https:\/\/api.w.org\/{rel}","templated":true}]}}