{"id":140184,"date":"2021-01-19T07:40:42","date_gmt":"2021-01-19T07:40:42","guid":{"rendered":"https:\/\/dutchhealthstore.com\/product\/raspberry-leaf-absolute\/"},"modified":"2023-02-28T09:01:53","modified_gmt":"2023-02-28T09:01:53","slug":"raspberry-leaf-absolute","status":"publish","type":"product","link":"https:\/\/dutchhealthstore.com\/de\/product\/raspberry-leaf-absolute\/","title":{"rendered":"Raspberry Leaf Absolute"},"content":{"rendered":"<p><strong><a href=\"https:\/\/dutchhealthstore.com\/wp-content\/uploads\/2019\/08\/NEW-Living-Libations-Logo.jpg\"><img decoding=\"async\" class=\"size-full wp-image-69549 alignright\" src=\"https:\/\/dutchhealthstore.com\/wp-content\/uploads\/2019\/08\/NEW-Living-Libations-Logo.jpg\" alt=\"NEW - Living Libations - Logo\" width=\"175\" height=\"82\"><\/a>Botanischer Name<\/strong>: Rubus idaeus<br \/>\n<strong>Botanische Familie<\/strong>: Rosaceae<br \/>\n<strong>Extraktionsverfahren:<\/strong> Absolute<br \/>\n<strong>Teil der Pflanze Destilliert:<\/strong> Blatt<br \/>\n<strong>Herkunftsland<\/strong>: Frankreich<br \/>\n<strong>Anbaumethode<\/strong>: Bio<br \/>\n<strong>Zusammensetzung<\/strong>: 30:70 Rubus idaeus: organischer Alkohol<br \/>\n<strong>Konsistenz<\/strong>: Dickfl\u00fcssig vor der Verd\u00fcnnung. Fertig zum Ausschenken mit Bio-Alkohol.<\/p>\n<h3>Beschreibung des Duftes<\/h3>\n<p>Komplexe bl\u00e4ttrige und moschusartige Marmelade. Fruchtige und zart harzige Rosinennoten.<\/p>\n<h3>Gut mischbar mit<\/h3>\n<p>Balsam-Tannen-Absolue, Bergamotte, Ylang, Vanille, Vetiver, Eichenmoos, Jasmin, Majoran, Bergamotte, Zitrone, schwarze Johannisbeere, Tuberose, Jonquil, Petitgrain, Neroli, Grapefruit und Opopanax.<\/p>\n<h3>Verwendet<\/h3>\n<p>In der Parf\u00fcmerie wegen seiner St\u00e4rke als Basisduftstoff sehr gefragt. Eine wohltuende Basisnote zur Harmonisierung von kulinarischen Parf\u00fcms, Frucht- oder Kr\u00e4uterakkorden und Zitrus-Chypres.<\/p>\n<p>Unverd\u00fcnntes Raspberry Leaf Absolute ist sehr dickfl\u00fcssig und kann schwierig zu verarbeiten sein. Um die Anwendung zu erleichtern, bieten wir es mit 70%igem Bio-Alkohol vorverd\u00fcnnt an, um es zu einer gie\u00dfbaren Fl\u00fcssigkeit zu machen, die perfekt f\u00fcr Ihre Parf\u00fcmkreationen geeignet ist.<\/p>\n<p>Ein Absolue entsteht, indem ein L\u00f6sungsmittel verwendet wird, um die wertvollen pflanzlichen Aromastoffe aus dem Pflanzenmaterial herauszul\u00f6sen. Anschlie\u00dfend l\u00e4sst man das L\u00f6sungsmittel verdampfen und hinterl\u00e4sst ein wunderbar aromatisches und hochkonzentriertes Absolue. Die duftenden Molek\u00fcle werden im Allgemeinen durch Inhalation genossen, um Emotionen, Geist, Erinnerungen, Kreativit\u00e4t, Konzentration, Vorstellungskraft und Meditation \u00fcber weltliche Schwellen hinweg in das Meer der kosmischen Wellenformen zu transportieren. Die Duftgeschichte der Absolues entfaltet sich in Colognes und Parfums, Inhalationsmitteln und Raumdiffusionsaufg\u00fcssen und nicht als Schwerpunkt der Hautpflege.<\/p>\n<p><strong>Gr\u00f6\u00dfe: 2,5 ml<\/strong><\/p>\n<h3>Bio-Zutaten<\/h3>\n<p>30:70 Rubus idaeus (Himbeerblatt absolut): Bio-Alkohol<\/p>\n<p style=\"text-align: center;\"><em>&#8222;Mein Sommerwein ist wirklich aus all diesen Dingen gemacht.&#8220;<\/em><\/p>\n<p style=\"text-align: center;\"><strong>~ Nancy Sinatra<\/strong><\/p>\n<p><a href=\"https:\/\/dutchhealthstore.com\/wp-content\/uploads\/2018\/02\/Living-Libations-Organic-Logo-800x89.png\"><img fetchpriority=\"high\" decoding=\"async\" class=\"size-medium wp-image-68103 aligncenter\" src=\"https:\/\/dutchhealthstore.com\/wp-content\/uploads\/2018\/02\/Living-Libations-Organic-Logo-800x89.png\" alt=\"Living Libations - Organic Logo\" width=\"800\" height=\"89\" srcset=\"https:\/\/dutchhealthstore.com\/wp-content\/uploads\/2018\/02\/Living-Libations-Organic-Logo-800x89.png 800w, https:\/\/dutchhealthstore.com\/wp-content\/uploads\/2018\/02\/Living-Libations-Organic-Logo-510x57.png 510w, https:\/\/dutchhealthstore.com\/wp-content\/uploads\/2018\/02\/Living-Libations-Organic-Logo-768x85.png 768w, https:\/\/dutchhealthstore.com\/wp-content\/uploads\/2018\/02\/Living-Libations-Organic-Logo.png 1400w\" sizes=\"(max-width: 800px) 100vw, 800px\" \/><\/a><\/p>\n","protected":false},"excerpt":{"rendered":"<p>Duftendes Raspberry Leaf Absolute ist eine Destillation von Sommerwein, die einen s\u00fc\u00dfen Moment in der Zeit festh\u00e4lt.<\/p>\n<p>Die Himbeere ist zwar eher f\u00fcr ihre s\u00fc\u00dfen roten Beeren bekannt, doch die aromatischen \u00d6le in den gefiederten Bl\u00e4ttern erinnern an sonnenverw\u00f6hnte, herbe Fr\u00fcchte und balsamischen Wein. Raspberry Leaf Absolute ist ein tiefes, charmantes Aroma, das als Basisnote m\u00fchelos Aromen von fruchtigen Nadelb\u00e4umen, Harz und moschusartigen Teed\u00fcften miteinander verwebt.<\/p>\n","protected":false},"featured_media":139584,"comment_status":"open","ping_status":"closed","template":"","meta":[],"product_brand":[],"product_cat":[1551,6737,1508,1493,1210],"product_tag":[8681,21667],"class_list":{"0":"post-140184","1":"product","2":"type-product","3":"status-publish","4":"has-post-thumbnail","6":"product_cat-absolute-essenz-living-libations","7":"product_cat-essential-oils-de-2","8":"product_cat-aetherische-oele-living-libations","9":"product_cat-living-libations-deutschland","10":"product_cat-marken","11":"product_tag-absolute-de","12":"product_tag-aroma-de","13":"pa_brand-livinglibations-de","14":"pa_essential-oils-product-type-absolute-essences-de","15":"pa_essential-oils-product-type-essential-oils-de","16":"pa_gtin-7424916549584-de","17":"pa_size-2-5-ml-de","19":"first","20":"instock","21":"taxable","22":"shipping-taxable","23":"purchasable","24":"product-type-simple"},"bundled_by":[],"bundle_stock_status":"instock","bundle_stock_quantity":1,"bundle_virtual":false,"bundle_layout":"","bundle_add_to_cart_form_location":"","bundle_editable_in_cart":false,"bundle_sold_individually_context":"","bundle_item_grouping":"","bundle_min_size":"","bundle_max_size":"","bundle_price":[],"bundled_items":[],"bundle_sell_ids":[],"atum_controlled":true,"out_stock_date":null,"out_stock_threshold":null,"inheritable":false,"stock_on_hold":1,"sold_today":0,"sales_last_days":0,"out_stock_days":0,"lost_sales":0,"update_date":"2026-04-13T10:14:37","atum_locations":[],"atum_stock_status":"instock","restock_status":false,"low_stock_amount":"","sales_update_date":"2026-04-13T10:14:37","calc_backorders":null,"group_of_quantity":0,"min_quantity":0,"max_quantity":"","exclude_order_quantity_value_rules":"no","exclude_category_quantity_rules":"no","combine_variations":"no","yoast_head":"<!-- This site is optimized with the Yoast SEO Premium plugin v26.5 (Yoast SEO v26.5) - https:\/\/yoast.com\/wordpress\/plugins\/seo\/ -->\n<title>Raspberry Leaf Absolute - Living Libations<\/title>\n<meta name=\"description\" content=\"Die duftenden Molek\u00fcle werden im Allgemeinen durch Inhalation genossen, um Emotionen, Geist, Erinnerungen, Kreativit\u00e4t, Konzentration, Vorstellungskraft und Meditation \u00fcber weltliche Schwellen hinweg in das Meer der kosmischen Wellenformen zu transportieren.\" \/>\n<meta name=\"robots\" content=\"index, follow, max-snippet:-1, max-image-preview:large, max-video-preview:-1\" \/>\n<link rel=\"canonical\" href=\"https:\/\/dutchhealthstore.com\/de\/product\/raspberry-leaf-absolute\/\" \/>\n<meta property=\"og:locale\" content=\"de_DE\" \/>\n<meta property=\"og:type\" content=\"article\" \/>\n<meta property=\"og:title\" content=\"Raspberry Leaf Absolute - Dutch Health Store\" \/>\n<meta property=\"og:description\" content=\"Die duftenden Molek\u00fcle werden im Allgemeinen durch Inhalation genossen, um Emotionen, Geist, Erinnerungen, Kreativit\u00e4t, Konzentration, Vorstellungskraft und Meditation \u00fcber weltliche Schwellen hinweg in das Meer der kosmischen Wellenformen zu transportieren.\" \/>\n<meta property=\"og:url\" content=\"https:\/\/dutchhealthstore.com\/de\/product\/raspberry-leaf-absolute\/\" \/>\n<meta property=\"og:site_name\" content=\"Dutch Health Store\" \/>\n<meta property=\"article:publisher\" content=\"https:\/\/www.instagram.com\/dutchhealthstore\/\" \/>\n<meta property=\"article:modified_time\" content=\"2023-02-28T09:01:53+00:00\" \/>\n<meta property=\"og:image\" content=\"https:\/\/dutchhealthstore.com\/wp-content\/uploads\/2021\/01\/Living-Libations-Raspberry-Leaf-Aboslute.jpg\" \/>\n\t<meta property=\"og:image:width\" content=\"500\" \/>\n\t<meta property=\"og:image:height\" content=\"500\" \/>\n\t<meta property=\"og:image:type\" content=\"image\/jpeg\" \/>\n<meta name=\"twitter:card\" content=\"summary_large_image\" \/>\n<meta name=\"twitter:label1\" content=\"Preis\" \/>\n\t<meta name=\"twitter:data1\" content=\"&euro;29,00\" \/>\n\t<meta name=\"twitter:label2\" content=\"Verf\u00fcgbarkeit\" \/>\n\t<meta name=\"twitter:data2\" content=\"Auf Lager\" \/>\n<script type=\"application\/ld+json\" class=\"yoast-schema-graph\">{\"@context\":\"https:\/\/schema.org\",\"@graph\":[{\"@type\":\"WebPage\",\"@id\":\"https:\/\/dutchhealthstore.com\/de\/product\/raspberry-leaf-absolute\/\",\"url\":\"https:\/\/dutchhealthstore.com\/de\/product\/raspberry-leaf-absolute\/\",\"name\":\"Raspberry Leaf Absolute - Living Libations\",\"isPartOf\":{\"@id\":\"https:\/\/dutchhealthstore.com\/de\/#website\"},\"primaryImageOfPage\":{\"@id\":\"https:\/\/dutchhealthstore.com\/de\/product\/raspberry-leaf-absolute\/#primaryimage\"},\"image\":{\"@id\":\"https:\/\/dutchhealthstore.com\/de\/product\/raspberry-leaf-absolute\/#primaryimage\"},\"thumbnailUrl\":\"https:\/\/dutchhealthstore.com\/wp-content\/uploads\/2021\/01\/Living-Libations-Raspberry-Leaf-Aboslute.jpg\",\"datePublished\":\"2021-01-19T07:40:42+00:00\",\"dateModified\":\"2023-02-28T09:01:53+00:00\",\"description\":\"Die duftenden Molek\u00fcle werden im Allgemeinen durch Inhalation genossen, um Emotionen, Geist, Erinnerungen, Kreativit\u00e4t, Konzentration, Vorstellungskraft und Meditation \u00fcber weltliche Schwellen hinweg in das Meer der kosmischen Wellenformen zu transportieren.\",\"breadcrumb\":{\"@id\":\"https:\/\/dutchhealthstore.com\/de\/product\/raspberry-leaf-absolute\/#breadcrumb\"},\"inLanguage\":\"de\",\"potentialAction\":[{\"@type\":\"ReadAction\",\"target\":[\"https:\/\/dutchhealthstore.com\/de\/product\/raspberry-leaf-absolute\/\"]}]},{\"@type\":\"ImageObject\",\"inLanguage\":\"de\",\"@id\":\"https:\/\/dutchhealthstore.com\/de\/product\/raspberry-leaf-absolute\/#primaryimage\",\"url\":\"https:\/\/dutchhealthstore.com\/wp-content\/uploads\/2021\/01\/Living-Libations-Raspberry-Leaf-Aboslute.jpg\",\"contentUrl\":\"https:\/\/dutchhealthstore.com\/wp-content\/uploads\/2021\/01\/Living-Libations-Raspberry-Leaf-Aboslute.jpg\",\"width\":500,\"height\":500,\"caption\":\"Living Libations Raspberry Leaf Aboslute\"},{\"@type\":\"BreadcrumbList\",\"@id\":\"https:\/\/dutchhealthstore.com\/de\/product\/raspberry-leaf-absolute\/#breadcrumb\",\"itemListElement\":[{\"@type\":\"ListItem\",\"position\":1,\"name\":\"Home\",\"item\":\"https:\/\/dutchhealthstore.com\/de\/\"},{\"@type\":\"ListItem\",\"position\":2,\"name\":\"Shop\",\"item\":\"https:\/\/dutchhealthstore.com\/de\/shop-2\/\"},{\"@type\":\"ListItem\",\"position\":3,\"name\":\"Raspberry Leaf Absolute\"}]},{\"@type\":\"WebSite\",\"@id\":\"https:\/\/dutchhealthstore.com\/de\/#website\",\"url\":\"https:\/\/dutchhealthstore.com\/de\/\",\"name\":\"Dutch Health Store\",\"description\":\"Enhance Your Beauty with Organic &amp; Natural Skincare\",\"publisher\":{\"@id\":\"https:\/\/dutchhealthstore.com\/de\/#organization\"},\"potentialAction\":[{\"@type\":\"SearchAction\",\"target\":{\"@type\":\"EntryPoint\",\"urlTemplate\":\"https:\/\/dutchhealthstore.com\/de\/?s={search_term_string}\"},\"query-input\":{\"@type\":\"PropertyValueSpecification\",\"valueRequired\":true,\"valueName\":\"search_term_string\"}}],\"inLanguage\":\"de\"},{\"@type\":\"Organization\",\"@id\":\"https:\/\/dutchhealthstore.com\/de\/#organization\",\"name\":\"Dutch Health Store\",\"url\":\"https:\/\/dutchhealthstore.com\/de\/\",\"logo\":{\"@type\":\"ImageObject\",\"inLanguage\":\"de\",\"@id\":\"https:\/\/dutchhealthstore.com\/de\/#\/schema\/logo\/image\/\",\"url\":\"https:\/\/dutchhealthstore.com\/wp-content\/uploads\/2020\/08\/logo-dutchhealthstore-jpg-e1599484957574.jpg\",\"contentUrl\":\"https:\/\/dutchhealthstore.com\/wp-content\/uploads\/2020\/08\/logo-dutchhealthstore-jpg-e1599484957574.jpg\",\"width\":400,\"height\":62,\"caption\":\"Dutch Health Store\"},\"image\":{\"@id\":\"https:\/\/dutchhealthstore.com\/de\/#\/schema\/logo\/image\/\"},\"sameAs\":[\"https:\/\/www.instagram.com\/dutchhealthstore\/\",\"https:\/\/www.facebook.com\/dutchhealthstore\"]}]}<\/script>\n<meta property=\"product:brand\" content=\"Living Libations\" \/>\n<meta property=\"product:price:amount\" content=\"29.00\" \/>\n<meta property=\"product:price:currency\" content=\"EUR\" \/>\n<meta property=\"og:availability\" content=\"instock\" \/>\n<meta property=\"product:availability\" content=\"instock\" \/>\n<meta property=\"product:condition\" content=\"new\" \/>\n<!-- \/ Yoast SEO Premium plugin. -->","yoast_head_json":{"title":"Raspberry Leaf Absolute - Living Libations","description":"Die duftenden Molek\u00fcle werden im Allgemeinen durch Inhalation genossen, um Emotionen, Geist, Erinnerungen, Kreativit\u00e4t, Konzentration, Vorstellungskraft und Meditation \u00fcber weltliche Schwellen hinweg in das Meer der kosmischen Wellenformen zu transportieren.","robots":{"index":"index","follow":"follow","max-snippet":"max-snippet:-1","max-image-preview":"max-image-preview:large","max-video-preview":"max-video-preview:-1"},"canonical":"https:\/\/dutchhealthstore.com\/de\/product\/raspberry-leaf-absolute\/","og_locale":"de_DE","og_type":"article","og_title":"Raspberry Leaf Absolute - Dutch Health Store","og_description":"Die duftenden Molek\u00fcle werden im Allgemeinen durch Inhalation genossen, um Emotionen, Geist, Erinnerungen, Kreativit\u00e4t, Konzentration, Vorstellungskraft und Meditation \u00fcber weltliche Schwellen hinweg in das Meer der kosmischen Wellenformen zu transportieren.","og_url":"https:\/\/dutchhealthstore.com\/de\/product\/raspberry-leaf-absolute\/","og_site_name":"Dutch Health Store","article_publisher":"https:\/\/www.instagram.com\/dutchhealthstore\/","article_modified_time":"2023-02-28T09:01:53+00:00","og_image":[{"width":500,"height":500,"url":"https:\/\/dutchhealthstore.com\/wp-content\/uploads\/2021\/01\/Living-Libations-Raspberry-Leaf-Aboslute.jpg","type":"image\/jpeg"}],"twitter_card":"summary_large_image","twitter_misc":{"Preis":"&euro;29,00","Verf\u00fcgbarkeit":"Auf Lager"},"schema":{"@context":"https:\/\/schema.org","@graph":[{"@type":"WebPage","@id":"https:\/\/dutchhealthstore.com\/de\/product\/raspberry-leaf-absolute\/","url":"https:\/\/dutchhealthstore.com\/de\/product\/raspberry-leaf-absolute\/","name":"Raspberry Leaf Absolute - Living Libations","isPartOf":{"@id":"https:\/\/dutchhealthstore.com\/de\/#website"},"primaryImageOfPage":{"@id":"https:\/\/dutchhealthstore.com\/de\/product\/raspberry-leaf-absolute\/#primaryimage"},"image":{"@id":"https:\/\/dutchhealthstore.com\/de\/product\/raspberry-leaf-absolute\/#primaryimage"},"thumbnailUrl":"https:\/\/dutchhealthstore.com\/wp-content\/uploads\/2021\/01\/Living-Libations-Raspberry-Leaf-Aboslute.jpg","datePublished":"2021-01-19T07:40:42+00:00","dateModified":"2023-02-28T09:01:53+00:00","description":"Die duftenden Molek\u00fcle werden im Allgemeinen durch Inhalation genossen, um Emotionen, Geist, Erinnerungen, Kreativit\u00e4t, Konzentration, Vorstellungskraft und Meditation \u00fcber weltliche Schwellen hinweg in das Meer der kosmischen Wellenformen zu transportieren.","breadcrumb":{"@id":"https:\/\/dutchhealthstore.com\/de\/product\/raspberry-leaf-absolute\/#breadcrumb"},"inLanguage":"de","potentialAction":[{"@type":"ReadAction","target":["https:\/\/dutchhealthstore.com\/de\/product\/raspberry-leaf-absolute\/"]}]},{"@type":"ImageObject","inLanguage":"de","@id":"https:\/\/dutchhealthstore.com\/de\/product\/raspberry-leaf-absolute\/#primaryimage","url":"https:\/\/dutchhealthstore.com\/wp-content\/uploads\/2021\/01\/Living-Libations-Raspberry-Leaf-Aboslute.jpg","contentUrl":"https:\/\/dutchhealthstore.com\/wp-content\/uploads\/2021\/01\/Living-Libations-Raspberry-Leaf-Aboslute.jpg","width":500,"height":500,"caption":"Living Libations Raspberry Leaf Aboslute"},{"@type":"BreadcrumbList","@id":"https:\/\/dutchhealthstore.com\/de\/product\/raspberry-leaf-absolute\/#breadcrumb","itemListElement":[{"@type":"ListItem","position":1,"name":"Home","item":"https:\/\/dutchhealthstore.com\/de\/"},{"@type":"ListItem","position":2,"name":"Shop","item":"https:\/\/dutchhealthstore.com\/de\/shop-2\/"},{"@type":"ListItem","position":3,"name":"Raspberry Leaf Absolute"}]},{"@type":"WebSite","@id":"https:\/\/dutchhealthstore.com\/de\/#website","url":"https:\/\/dutchhealthstore.com\/de\/","name":"Dutch Health Store","description":"Enhance Your Beauty with Organic &amp; Natural Skincare","publisher":{"@id":"https:\/\/dutchhealthstore.com\/de\/#organization"},"potentialAction":[{"@type":"SearchAction","target":{"@type":"EntryPoint","urlTemplate":"https:\/\/dutchhealthstore.com\/de\/?s={search_term_string}"},"query-input":{"@type":"PropertyValueSpecification","valueRequired":true,"valueName":"search_term_string"}}],"inLanguage":"de"},{"@type":"Organization","@id":"https:\/\/dutchhealthstore.com\/de\/#organization","name":"Dutch Health Store","url":"https:\/\/dutchhealthstore.com\/de\/","logo":{"@type":"ImageObject","inLanguage":"de","@id":"https:\/\/dutchhealthstore.com\/de\/#\/schema\/logo\/image\/","url":"https:\/\/dutchhealthstore.com\/wp-content\/uploads\/2020\/08\/logo-dutchhealthstore-jpg-e1599484957574.jpg","contentUrl":"https:\/\/dutchhealthstore.com\/wp-content\/uploads\/2020\/08\/logo-dutchhealthstore-jpg-e1599484957574.jpg","width":400,"height":62,"caption":"Dutch Health Store"},"image":{"@id":"https:\/\/dutchhealthstore.com\/de\/#\/schema\/logo\/image\/"},"sameAs":["https:\/\/www.instagram.com\/dutchhealthstore\/","https:\/\/www.facebook.com\/dutchhealthstore"]}]},"product_brand":"Living Libations","product_price_amount":"29.00","product_price_currency":"EUR","og_availability":"instock","product_availability":"instock","product_condition":"new"},"_links":{"self":[{"href":"https:\/\/dutchhealthstore.com\/de\/wp-json\/wp\/v2\/product\/140184","targetHints":{"allow":["GET"]}}],"collection":[{"href":"https:\/\/dutchhealthstore.com\/de\/wp-json\/wp\/v2\/product"}],"about":[{"href":"https:\/\/dutchhealthstore.com\/de\/wp-json\/wp\/v2\/types\/product"}],"replies":[{"embeddable":true,"href":"https:\/\/dutchhealthstore.com\/de\/wp-json\/wp\/v2\/comments?post=140184"}],"wp:featuredmedia":[{"embeddable":true,"href":"https:\/\/dutchhealthstore.com\/de\/wp-json\/wp\/v2\/media\/139584"}],"wp:attachment":[{"href":"https:\/\/dutchhealthstore.com\/de\/wp-json\/wp\/v2\/media?parent=140184"}],"wp:term":[{"taxonomy":"product_brand","embeddable":true,"href":"https:\/\/dutchhealthstore.com\/de\/wp-json\/wp\/v2\/product_brand?post=140184"},{"taxonomy":"product_cat","embeddable":true,"href":"https:\/\/dutchhealthstore.com\/de\/wp-json\/wp\/v2\/product_cat?post=140184"},{"taxonomy":"product_tag","embeddable":true,"href":"https:\/\/dutchhealthstore.com\/de\/wp-json\/wp\/v2\/product_tag?post=140184"}],"curies":[{"name":"wp","href":"https:\/\/api.w.org\/{rel}","templated":true}]}}