{"id":140177,"date":"2021-01-19T08:06:04","date_gmt":"2021-01-19T07:06:04","guid":{"rendered":"https:\/\/dutchhealthstore.com\/product\/opopanax-essential-oil\/"},"modified":"2024-12-19T15:56:33","modified_gmt":"2024-12-19T14:56:33","slug":"opopanax-essential-oil","status":"publish","type":"product","link":"https:\/\/dutchhealthstore.com\/de\/product\/opopanax-essential-oil\/","title":{"rendered":"Opopanax Essential Oil"},"content":{"rendered":"<p><strong><a href=\"https:\/\/dutchhealthstore.com\/wp-content\/uploads\/2019\/08\/NEW-Living-Libations-Logo.jpg\"><img decoding=\"async\" class=\"size-full wp-image-69549 alignright\" src=\"https:\/\/dutchhealthstore.com\/wp-content\/uploads\/2019\/08\/NEW-Living-Libations-Logo.jpg\" alt=\"NEW - Living Libations - Logo\" width=\"175\" height=\"82\"><\/a>Botanischer Name<\/strong>: Commiphora erythraea<br \/>\n<strong>Botanische Familie<\/strong>: Burseraceae<br \/>\n<strong>Extraktionsverfahren<\/strong>: Hydrodestilliert<br \/>\n<strong>Teil der Pflanze Destilliert<\/strong>: Harz<br \/>\n<strong>Herkunftsland<\/strong>: Kenia<br \/>\n<strong>Anbaumethode<\/strong>: Bio<br \/>\n<strong>Zusammensetzung<\/strong>: 100% Commiphora erythraea<br \/>\n<strong>Konsistenz<\/strong>: Dickfl\u00fcssig und bernsteinfarben. Wie die \u00e4therische Myrrhe verdickt sie sich an der Luft zu einer klebrigeren Masse.<\/p>\n<h3>Beschreibung des Duftes<\/h3>\n<p>Dezent holzig. Erdig und moschusartig mit leichter S\u00fc\u00dfe. Harzig und lederartig.<\/p>\n<h3>Gut mischbar mit<\/h3>\n<p>Bergamotte, Neroli, Petitgrain und alle Zitrusfr\u00fcchte. Benzoe, Zypresse, Muskatellersalbei, Eichenmoos, Salbei, Spikenard, Majoran, Hasenbusch, Patchouli, Vetiver, Geranie und Palmarosa.<\/p>\n<h3>Verwendet<\/h3>\n<p>Magisch in Massage\u00f6len. Fixiermittel f\u00fcr Blumen- und K\u00f6lnischwasser-Kreationen. Fantastisch in Salzpfeifen. Achtsam in der Mediation. Verteilen Sie ihn, um Ihre Umgebung zu verbessern. Reinigend, erleichternd und beruhigend f\u00fcr die Haut. Energetisch verbindende Essenz, inh\u00e4rent spirituell, Vertrauen f\u00f6rdernd und das Ego loslassend. \u00c4u\u00dferlich angewendet, wirkt die Essenz hervorragend reinigend und beruhigend bei Hautproblemen und Unf\u00e4llen. Es hilft, Narben zu gl\u00e4tten, Schwellungen zu reduzieren und Unbehagen zu lindern.<\/p>\n<h3>Zusammensetzung<\/h3>\n<p>75% trans-Beta-Ocimen und trans-Alpha-Bisabolen.<\/p>\n<h3>Kontraindikation<\/h3>\n<p>Zum Gebrauch verd\u00fcnnen. Empfindliche Hauttypen sollten vor der Anwendung einen Patch-Test durchf\u00fchren.<\/p>\n<p>Opopanax-B\u00e4ume geh\u00f6ren zur gleichen Harzfamilie wie Weihrauch und Myrrhe, und wie diese k\u00f6niglichen Gaben wurde es in den W\u00fcstenkulturen traditionell in der Medizin und bei heiligen Ritualen verwendet, bekannt als parf\u00fcmiertes Bdellium. Der erhabene Baum mit seiner silbrigen, abbl\u00e4tternden Rinde, den saftigen St\u00e4mmen und den kr\u00e4ftigen Bl\u00e4ttern gedeiht im trockenen afrikanischen Klima auf ausgetrockneten Felsb\u00f6den.<\/p>\n<p>Als fantastisches Fixiermittel wurde dieses duftende Harz in den bernsteingew\u00fcrzten D\u00fcften von Shalimar und Opium popul\u00e4r gemacht. Mischen Sie sich tropfenweise in die D\u00fcfte ein, denn es bedarf eines k\u00f6stlichen Fingerspitzengef\u00fchls, um die genaue Summe der Balsamico-Brandy-Noten herauszukitzeln.<\/p>\n<p><strong>Gr\u00f6\u00dfe: 5 ml und 15 ml<\/strong><\/p>\n<h3>Bio-Zutaten<\/h3>\n<p>100% \u00e4therisches \u00d6l von Opopanax (Commiphora erythraea).<\/p>\n<p style=\"text-align: center;\"><em>&#8222;Wenn es auch kaum einen Unterschied im Geruch zwischen Myrrhe und Opopanax gibt, so ist doch der gem\u00fcsesuppenartige, leicht tierisch-s\u00fc\u00dfe Geruch des Opopanax-\u00d6ls ganz anders als die medizinisch-scharfe Frische des Myrrhen\u00f6ls.&#8220;<\/em><br \/>\n~ Steffen Arctander, <strong>Perfume and Flavor Materials of Natural Origin<\/strong><\/p>\n<p style=\"text-align: center;\"><em>&#8222;Opopanax wird von einigen Autorit\u00e4ten f\u00fcr die Myrrhe der Bibel gehalten. Sie stammt von der Bissabol-Myrrhe oder dem weiblichen Myrrhebaum, der in Somaliland und im s\u00fcd\u00f6stlichen Arabien sowie im n\u00f6rdlichen Iran w\u00e4chst. Das Harz bildet kleine kugelf\u00f6rmige Tr\u00e4nen, die gl\u00e4nzend und zerbrechlich sind.&#8220;<\/em><br \/>\n~ Jill Jesse, <strong>Perfume Album<\/strong><\/p>\n<p style=\"text-align: center;\"><em>And suddenly, my soul lay bare,<\/em><br \/>\n<em>In that quaint, seaside city, where<\/em><br \/>\n<em>The fragrance fills the evening air.<\/em><br \/>\n<em>O Memory, an unspoken prayer<\/em><br \/>\n<em>Finds voiceless utterance, musky, rare,<\/em><br \/>\n<em>In odors of Opopanax!<\/em><br \/>\n~ Rebecca Linley Fripp, <strong>Odors of Opopanax<\/strong><\/p>\n<p style=\"text-align: center;\"><em>&#8222;Opopanax besitzt einen intensiv s\u00fc\u00dfen, balsamischen, w\u00fcrzigen, warmen und doch frischen Geruch, der ein wenig an ein geleertes Sherry-Weinglas erinnert.&#8220;<\/em><br \/>\n~ Steffen Arctander<\/p>\n<p><a href=\"https:\/\/dutchhealthstore.com\/wp-content\/uploads\/2018\/02\/Living-Libations-Organic-Logo-800x89.png\"><img fetchpriority=\"high\" decoding=\"async\" class=\"size-medium wp-image-68103 aligncenter\" src=\"https:\/\/dutchhealthstore.com\/wp-content\/uploads\/2018\/02\/Living-Libations-Organic-Logo-800x89.png\" alt=\"Living Libations - Organic Logo\" width=\"800\" height=\"89\" srcset=\"https:\/\/dutchhealthstore.com\/wp-content\/uploads\/2018\/02\/Living-Libations-Organic-Logo-800x89.png 800w, https:\/\/dutchhealthstore.com\/wp-content\/uploads\/2018\/02\/Living-Libations-Organic-Logo-510x57.png 510w, https:\/\/dutchhealthstore.com\/wp-content\/uploads\/2018\/02\/Living-Libations-Organic-Logo-768x85.png 768w, https:\/\/dutchhealthstore.com\/wp-content\/uploads\/2018\/02\/Living-Libations-Organic-Logo.png 1400w\" sizes=\"(max-width: 800px) 100vw, 800px\" \/><\/a><\/p>\n","protected":false},"excerpt":{"rendered":"<p>Opulentes Opopanax Essential Oil wird aus dem getrockneten, gummiartigen Harz des Bissabol-Baums dampfdestilliert, das eine kr\u00e4ftige rote Farbe hat und ein robustes, s\u00fc\u00dfes und ledriges Aroma verstr\u00f6mt. Dieses destillierte Harz eignet sich in der Parf\u00fcmerie hervorragend als balsamische Basisnote f\u00fcr leichte Amberd\u00fcfte, ledrige Parf\u00fcms und Moschusbl\u00fcten. In der Meditation und Aromatherapie ist sie eine energetisch verbindende Essenz, die von Natur aus mystisch ist, die Weite des Universums f\u00f6rdert und Widerst\u00e4nde aufl\u00f6st. Ein einziges Schnuppern kann die Nerven beruhigen und den Geist zentrieren, so dass er sich ausgeglichen f\u00fchlt.<\/p>\n","protected":false},"featured_media":139590,"comment_status":"open","ping_status":"closed","template":"","meta":[],"product_brand":[],"product_cat":[1508,1546,6737,1493,1210,511,6736],"product_tag":[1547],"class_list":{"0":"post-140177","1":"product","2":"type-product","3":"status-publish","4":"has-post-thumbnail","6":"product_cat-aetherische-oele-living-libations","7":"product_cat-essential-oils-living-libations-de","8":"product_cat-essential-oils-de-2","9":"product_cat-living-libations-deutschland","10":"product_cat-marken","11":"product_cat-produkte","12":"product_cat-wellness-de","13":"product_tag-essential-oil-de","14":"pa_brand-livinglibations-de","15":"pa_essential-oils-product-type-essential-oils-de","16":"pa_size-15-ml-de-2","17":"pa_size-5-ml-de","19":"first","20":"instock","21":"taxable","22":"shipping-taxable","23":"purchasable","24":"product-type-variable"},"bundled_by":[],"bundle_stock_status":"instock","bundle_stock_quantity":null,"bundle_virtual":false,"bundle_layout":"","bundle_add_to_cart_form_location":"","bundle_editable_in_cart":false,"bundle_sold_individually_context":"","bundle_item_grouping":"","bundle_min_size":"","bundle_max_size":"","bundle_price":[],"bundled_items":[],"bundle_sell_ids":[],"atum_controlled":true,"out_stock_date":null,"out_stock_threshold":null,"inheritable":true,"stock_on_hold":0,"sold_today":0,"sales_last_days":0,"out_stock_days":0,"lost_sales":0,"update_date":"2026-04-13T00:02:37","atum_locations":[],"atum_stock_status":"instock","restock_status":false,"low_stock_amount":"","sales_update_date":"2026-04-13T00:02:37","calc_backorders":null,"group_of_quantity":0,"min_quantity":0,"max_quantity":"","exclude_order_quantity_value_rules":"no","exclude_category_quantity_rules":"no","combine_variations":"no","yoast_head":"<!-- This site is optimized with the Yoast SEO Premium plugin v26.5 (Yoast SEO v26.5) - https:\/\/yoast.com\/wordpress\/plugins\/seo\/ -->\n<title>Opopanax Essential Oil - Living Libations<\/title>\n<meta name=\"description\" content=\"Dieses destillierte Harz eignet sich in der Parf\u00fcmerie hervorragend als balsamische Basisnote f\u00fcr leichte Amberd\u00fcfte, ledrige Parf\u00fcms und Moschusbl\u00fcten. In der Meditation und Aromatherapie ist sie eine energetisch verbindende Essenz, die von Natur aus mystisch ist, die Weite des Universums f\u00f6rdert und Widerst\u00e4nde aufl\u00f6st.\" \/>\n<meta name=\"robots\" content=\"index, follow, max-snippet:-1, max-image-preview:large, max-video-preview:-1\" \/>\n<link rel=\"canonical\" href=\"https:\/\/dutchhealthstore.com\/de\/product\/opopanax-essential-oil\/\" \/>\n<meta property=\"og:locale\" content=\"de_DE\" \/>\n<meta property=\"og:type\" content=\"article\" \/>\n<meta property=\"og:title\" content=\"Opopanax Essential Oil - Dutch Health Store\" \/>\n<meta property=\"og:description\" content=\"Dieses destillierte Harz eignet sich in der Parf\u00fcmerie hervorragend als balsamische Basisnote f\u00fcr leichte Amberd\u00fcfte, ledrige Parf\u00fcms und Moschusbl\u00fcten. In der Meditation und Aromatherapie ist sie eine energetisch verbindende Essenz, die von Natur aus mystisch ist, die Weite des Universums f\u00f6rdert und Widerst\u00e4nde aufl\u00f6st.\" \/>\n<meta property=\"og:url\" content=\"https:\/\/dutchhealthstore.com\/de\/product\/opopanax-essential-oil\/\" \/>\n<meta property=\"og:site_name\" content=\"Dutch Health Store\" \/>\n<meta property=\"article:publisher\" content=\"https:\/\/www.instagram.com\/dutchhealthstore\/\" \/>\n<meta property=\"article:modified_time\" content=\"2024-12-19T14:56:33+00:00\" \/>\n<meta property=\"og:image\" content=\"https:\/\/dutchhealthstore.com\/wp-content\/uploads\/2021\/01\/living-libations-opopanax-essential-oil.jpg\" \/>\n\t<meta property=\"og:image:width\" content=\"500\" \/>\n\t<meta property=\"og:image:height\" content=\"500\" \/>\n\t<meta property=\"og:image:type\" content=\"image\/jpeg\" \/>\n<meta name=\"twitter:card\" content=\"summary_large_image\" \/>\n<meta name=\"twitter:label1\" content=\"Verf\u00fcgbarkeit\" \/>\n\t<meta name=\"twitter:data1\" content=\"Auf Lager\" \/>\n<script type=\"application\/ld+json\" class=\"yoast-schema-graph\">{\"@context\":\"https:\/\/schema.org\",\"@graph\":[{\"@type\":\"WebPage\",\"@id\":\"https:\/\/dutchhealthstore.com\/de\/product\/opopanax-essential-oil\/\",\"url\":\"https:\/\/dutchhealthstore.com\/de\/product\/opopanax-essential-oil\/\",\"name\":\"Opopanax Essential Oil - Living Libations\",\"isPartOf\":{\"@id\":\"https:\/\/dutchhealthstore.com\/de\/#website\"},\"primaryImageOfPage\":{\"@id\":\"https:\/\/dutchhealthstore.com\/de\/product\/opopanax-essential-oil\/#primaryimage\"},\"image\":{\"@id\":\"https:\/\/dutchhealthstore.com\/de\/product\/opopanax-essential-oil\/#primaryimage\"},\"thumbnailUrl\":\"https:\/\/dutchhealthstore.com\/wp-content\/uploads\/2021\/01\/living-libations-opopanax-essential-oil.jpg\",\"datePublished\":\"2021-01-19T07:06:04+00:00\",\"dateModified\":\"2024-12-19T14:56:33+00:00\",\"description\":\"Dieses destillierte Harz eignet sich in der Parf\u00fcmerie hervorragend als balsamische Basisnote f\u00fcr leichte Amberd\u00fcfte, ledrige Parf\u00fcms und Moschusbl\u00fcten. In der Meditation und Aromatherapie ist sie eine energetisch verbindende Essenz, die von Natur aus mystisch ist, die Weite des Universums f\u00f6rdert und Widerst\u00e4nde aufl\u00f6st.\",\"breadcrumb\":{\"@id\":\"https:\/\/dutchhealthstore.com\/de\/product\/opopanax-essential-oil\/#breadcrumb\"},\"inLanguage\":\"de\",\"potentialAction\":[{\"@type\":\"ReadAction\",\"target\":[\"https:\/\/dutchhealthstore.com\/de\/product\/opopanax-essential-oil\/\"]}]},{\"@type\":\"ImageObject\",\"inLanguage\":\"de\",\"@id\":\"https:\/\/dutchhealthstore.com\/de\/product\/opopanax-essential-oil\/#primaryimage\",\"url\":\"https:\/\/dutchhealthstore.com\/wp-content\/uploads\/2021\/01\/living-libations-opopanax-essential-oil.jpg\",\"contentUrl\":\"https:\/\/dutchhealthstore.com\/wp-content\/uploads\/2021\/01\/living-libations-opopanax-essential-oil.jpg\",\"width\":500,\"height\":500,\"caption\":\"living libations opopanax essential oil\"},{\"@type\":\"BreadcrumbList\",\"@id\":\"https:\/\/dutchhealthstore.com\/de\/product\/opopanax-essential-oil\/#breadcrumb\",\"itemListElement\":[{\"@type\":\"ListItem\",\"position\":1,\"name\":\"Home\",\"item\":\"https:\/\/dutchhealthstore.com\/de\/\"},{\"@type\":\"ListItem\",\"position\":2,\"name\":\"Shop\",\"item\":\"https:\/\/dutchhealthstore.com\/de\/shop-2\/\"},{\"@type\":\"ListItem\",\"position\":3,\"name\":\"Opopanax Essential Oil\"}]},{\"@type\":\"WebSite\",\"@id\":\"https:\/\/dutchhealthstore.com\/de\/#website\",\"url\":\"https:\/\/dutchhealthstore.com\/de\/\",\"name\":\"Dutch Health Store\",\"description\":\"Enhance Your Beauty with Organic &amp; Natural Skincare\",\"publisher\":{\"@id\":\"https:\/\/dutchhealthstore.com\/de\/#organization\"},\"potentialAction\":[{\"@type\":\"SearchAction\",\"target\":{\"@type\":\"EntryPoint\",\"urlTemplate\":\"https:\/\/dutchhealthstore.com\/de\/?s={search_term_string}\"},\"query-input\":{\"@type\":\"PropertyValueSpecification\",\"valueRequired\":true,\"valueName\":\"search_term_string\"}}],\"inLanguage\":\"de\"},{\"@type\":\"Organization\",\"@id\":\"https:\/\/dutchhealthstore.com\/de\/#organization\",\"name\":\"Dutch Health Store\",\"url\":\"https:\/\/dutchhealthstore.com\/de\/\",\"logo\":{\"@type\":\"ImageObject\",\"inLanguage\":\"de\",\"@id\":\"https:\/\/dutchhealthstore.com\/de\/#\/schema\/logo\/image\/\",\"url\":\"https:\/\/dutchhealthstore.com\/wp-content\/uploads\/2020\/08\/logo-dutchhealthstore-jpg-e1599484957574.jpg\",\"contentUrl\":\"https:\/\/dutchhealthstore.com\/wp-content\/uploads\/2020\/08\/logo-dutchhealthstore-jpg-e1599484957574.jpg\",\"width\":400,\"height\":62,\"caption\":\"Dutch Health Store\"},\"image\":{\"@id\":\"https:\/\/dutchhealthstore.com\/de\/#\/schema\/logo\/image\/\"},\"sameAs\":[\"https:\/\/www.instagram.com\/dutchhealthstore\/\",\"https:\/\/www.facebook.com\/dutchhealthstore\"]}]}<\/script>\n<meta property=\"product:brand\" content=\"Living Libations\" \/>\n<meta property=\"og:availability\" content=\"instock\" \/>\n<meta property=\"product:availability\" content=\"instock\" \/>\n<meta property=\"product:condition\" content=\"new\" \/>\n<!-- \/ Yoast SEO Premium plugin. -->","yoast_head_json":{"title":"Opopanax Essential Oil - Living Libations","description":"Dieses destillierte Harz eignet sich in der Parf\u00fcmerie hervorragend als balsamische Basisnote f\u00fcr leichte Amberd\u00fcfte, ledrige Parf\u00fcms und Moschusbl\u00fcten. In der Meditation und Aromatherapie ist sie eine energetisch verbindende Essenz, die von Natur aus mystisch ist, die Weite des Universums f\u00f6rdert und Widerst\u00e4nde aufl\u00f6st.","robots":{"index":"index","follow":"follow","max-snippet":"max-snippet:-1","max-image-preview":"max-image-preview:large","max-video-preview":"max-video-preview:-1"},"canonical":"https:\/\/dutchhealthstore.com\/de\/product\/opopanax-essential-oil\/","og_locale":"de_DE","og_type":"article","og_title":"Opopanax Essential Oil - Dutch Health Store","og_description":"Dieses destillierte Harz eignet sich in der Parf\u00fcmerie hervorragend als balsamische Basisnote f\u00fcr leichte Amberd\u00fcfte, ledrige Parf\u00fcms und Moschusbl\u00fcten. In der Meditation und Aromatherapie ist sie eine energetisch verbindende Essenz, die von Natur aus mystisch ist, die Weite des Universums f\u00f6rdert und Widerst\u00e4nde aufl\u00f6st.","og_url":"https:\/\/dutchhealthstore.com\/de\/product\/opopanax-essential-oil\/","og_site_name":"Dutch Health Store","article_publisher":"https:\/\/www.instagram.com\/dutchhealthstore\/","article_modified_time":"2024-12-19T14:56:33+00:00","og_image":[{"width":500,"height":500,"url":"https:\/\/dutchhealthstore.com\/wp-content\/uploads\/2021\/01\/living-libations-opopanax-essential-oil.jpg","type":"image\/jpeg"}],"twitter_card":"summary_large_image","twitter_misc":{"Verf\u00fcgbarkeit":"Auf Lager"},"schema":{"@context":"https:\/\/schema.org","@graph":[{"@type":"WebPage","@id":"https:\/\/dutchhealthstore.com\/de\/product\/opopanax-essential-oil\/","url":"https:\/\/dutchhealthstore.com\/de\/product\/opopanax-essential-oil\/","name":"Opopanax Essential Oil - Living Libations","isPartOf":{"@id":"https:\/\/dutchhealthstore.com\/de\/#website"},"primaryImageOfPage":{"@id":"https:\/\/dutchhealthstore.com\/de\/product\/opopanax-essential-oil\/#primaryimage"},"image":{"@id":"https:\/\/dutchhealthstore.com\/de\/product\/opopanax-essential-oil\/#primaryimage"},"thumbnailUrl":"https:\/\/dutchhealthstore.com\/wp-content\/uploads\/2021\/01\/living-libations-opopanax-essential-oil.jpg","datePublished":"2021-01-19T07:06:04+00:00","dateModified":"2024-12-19T14:56:33+00:00","description":"Dieses destillierte Harz eignet sich in der Parf\u00fcmerie hervorragend als balsamische Basisnote f\u00fcr leichte Amberd\u00fcfte, ledrige Parf\u00fcms und Moschusbl\u00fcten. In der Meditation und Aromatherapie ist sie eine energetisch verbindende Essenz, die von Natur aus mystisch ist, die Weite des Universums f\u00f6rdert und Widerst\u00e4nde aufl\u00f6st.","breadcrumb":{"@id":"https:\/\/dutchhealthstore.com\/de\/product\/opopanax-essential-oil\/#breadcrumb"},"inLanguage":"de","potentialAction":[{"@type":"ReadAction","target":["https:\/\/dutchhealthstore.com\/de\/product\/opopanax-essential-oil\/"]}]},{"@type":"ImageObject","inLanguage":"de","@id":"https:\/\/dutchhealthstore.com\/de\/product\/opopanax-essential-oil\/#primaryimage","url":"https:\/\/dutchhealthstore.com\/wp-content\/uploads\/2021\/01\/living-libations-opopanax-essential-oil.jpg","contentUrl":"https:\/\/dutchhealthstore.com\/wp-content\/uploads\/2021\/01\/living-libations-opopanax-essential-oil.jpg","width":500,"height":500,"caption":"living libations opopanax essential oil"},{"@type":"BreadcrumbList","@id":"https:\/\/dutchhealthstore.com\/de\/product\/opopanax-essential-oil\/#breadcrumb","itemListElement":[{"@type":"ListItem","position":1,"name":"Home","item":"https:\/\/dutchhealthstore.com\/de\/"},{"@type":"ListItem","position":2,"name":"Shop","item":"https:\/\/dutchhealthstore.com\/de\/shop-2\/"},{"@type":"ListItem","position":3,"name":"Opopanax Essential Oil"}]},{"@type":"WebSite","@id":"https:\/\/dutchhealthstore.com\/de\/#website","url":"https:\/\/dutchhealthstore.com\/de\/","name":"Dutch Health Store","description":"Enhance Your Beauty with Organic &amp; Natural Skincare","publisher":{"@id":"https:\/\/dutchhealthstore.com\/de\/#organization"},"potentialAction":[{"@type":"SearchAction","target":{"@type":"EntryPoint","urlTemplate":"https:\/\/dutchhealthstore.com\/de\/?s={search_term_string}"},"query-input":{"@type":"PropertyValueSpecification","valueRequired":true,"valueName":"search_term_string"}}],"inLanguage":"de"},{"@type":"Organization","@id":"https:\/\/dutchhealthstore.com\/de\/#organization","name":"Dutch Health Store","url":"https:\/\/dutchhealthstore.com\/de\/","logo":{"@type":"ImageObject","inLanguage":"de","@id":"https:\/\/dutchhealthstore.com\/de\/#\/schema\/logo\/image\/","url":"https:\/\/dutchhealthstore.com\/wp-content\/uploads\/2020\/08\/logo-dutchhealthstore-jpg-e1599484957574.jpg","contentUrl":"https:\/\/dutchhealthstore.com\/wp-content\/uploads\/2020\/08\/logo-dutchhealthstore-jpg-e1599484957574.jpg","width":400,"height":62,"caption":"Dutch Health Store"},"image":{"@id":"https:\/\/dutchhealthstore.com\/de\/#\/schema\/logo\/image\/"},"sameAs":["https:\/\/www.instagram.com\/dutchhealthstore\/","https:\/\/www.facebook.com\/dutchhealthstore"]}]},"product_brand":"Living Libations","og_availability":"instock","product_availability":"instock","product_condition":"new"},"_links":{"self":[{"href":"https:\/\/dutchhealthstore.com\/de\/wp-json\/wp\/v2\/product\/140177","targetHints":{"allow":["GET"]}}],"collection":[{"href":"https:\/\/dutchhealthstore.com\/de\/wp-json\/wp\/v2\/product"}],"about":[{"href":"https:\/\/dutchhealthstore.com\/de\/wp-json\/wp\/v2\/types\/product"}],"replies":[{"embeddable":true,"href":"https:\/\/dutchhealthstore.com\/de\/wp-json\/wp\/v2\/comments?post=140177"}],"wp:featuredmedia":[{"embeddable":true,"href":"https:\/\/dutchhealthstore.com\/de\/wp-json\/wp\/v2\/media\/139590"}],"wp:attachment":[{"href":"https:\/\/dutchhealthstore.com\/de\/wp-json\/wp\/v2\/media?parent=140177"}],"wp:term":[{"taxonomy":"product_brand","embeddable":true,"href":"https:\/\/dutchhealthstore.com\/de\/wp-json\/wp\/v2\/product_brand?post=140177"},{"taxonomy":"product_cat","embeddable":true,"href":"https:\/\/dutchhealthstore.com\/de\/wp-json\/wp\/v2\/product_cat?post=140177"},{"taxonomy":"product_tag","embeddable":true,"href":"https:\/\/dutchhealthstore.com\/de\/wp-json\/wp\/v2\/product_tag?post=140177"}],"curies":[{"name":"wp","href":"https:\/\/api.w.org\/{rel}","templated":true}]}}