{"id":140168,"date":"2021-01-19T09:10:46","date_gmt":"2021-01-19T09:10:46","guid":{"rendered":"https:\/\/dutchhealthstore.com\/product\/mimosa-absolute\/"},"modified":"2025-12-12T16:56:28","modified_gmt":"2025-12-12T15:56:28","slug":"mimosa-absolute","status":"publish","type":"product","link":"https:\/\/dutchhealthstore.com\/de\/product\/mimosa-absolute\/","title":{"rendered":"Mimosa Absolute"},"content":{"rendered":"<p><strong><a href=\"https:\/\/dutchhealthstore.com\/wp-content\/uploads\/2019\/08\/NEW-Living-Libations-Logo.jpg\"><img decoding=\"async\" class=\"size-full wp-image-69549 alignright\" src=\"https:\/\/dutchhealthstore.com\/wp-content\/uploads\/2019\/08\/NEW-Living-Libations-Logo.jpg\" alt=\"NEW - Living Libations - Logo\" width=\"175\" height=\"82\"><\/a>Botanischer Name<\/strong>: Acacia decurrens<br \/>\n<strong>Botanische Familie<\/strong>: Fabaceae<br \/>\n<strong>Extraktionsverfahren<\/strong>: L\u00f6sungsmittel extrahiert absolut<br \/>\n<strong>Teil der Pflanze Destilliert:<\/strong> Bl\u00fcten<br \/>\n<strong>Herkunftsland<\/strong>: Frankreich<br \/>\n<strong>Anbaumethode<\/strong>: Bio<br \/>\n<strong>Zusammensetzung<\/strong>: 25:75 Acacia decurrens: Organischer Alkohol<\/p>\n<h3>Beschreibung des Duftes<\/h3>\n<p>Berauschendes blumiges und fruchtiges Fixativ. Honigs\u00fc\u00df und holzig mit einem Hauch von Veilchen. \u00c4hnlich dem Heliotrop. Wachsartig-s\u00fc\u00dfer, honigartiger Unterton, leicht gr\u00fcn<\/p>\n<h3>Konsistenz<\/h3>\n<p>Bei der Destillation entsteht ein hartes, dickes und klebriges Wachs. Es ist vielleicht das klebrigste Absolue, aber wegen seines fantastischen, blumigen Farnesol-Duftes so wertvoll. Wir haben viel Sorgfalt darauf verwendet, die perfekte Verd\u00fcnnung mit unserem speziellen Bio-Alkohol zu finden, der das Gleichgewicht zwischen der geringsten Menge an Klebrigkeit und der richtigen Bel\u00fcftung findet, um die Mimose zu maximieren. Entfernen Sie nach dem Mischen mit Mimosa alle klebrigen R\u00fcckst\u00e4nde mit Orangen\u00f6l oder Alkohol, bevor Sie es mit Seife waschen, und vermeiden Sie, dass etwas davon auf das Gewebe gelangt.<\/p>\n<h3>Gut mischbar mit<\/h3>\n<p>Ylang, Jasmin, Neroli, Flieder, Orriswurzel, Magnolie, Veilchenblatt, Petitgrain und Bergamotte.<\/p>\n<h3>Verwendet<\/h3>\n<p>Rundet jede Duftmischung ab und wertet sie auf. Parf\u00fcmerie und nat\u00fcrliche D\u00fcfte werden durch sein sch\u00f6nes Aroma unterst\u00fctzt. Verteilen Sie nur einen Tropfen gemischt mit anderen l\u00f6slichen Zitrusfr\u00fcchten, um den entspannenden Zauber von Mimosa in jeden Raum zu bringen.<\/p>\n<h3>Inhaltsstoffe<\/h3>\n<p>Farnesol, ein nat\u00fcrlicher Sesquiterpen-Alkohol, ist in der Parf\u00fcmerie wegen seines sanften, gr\u00fcnen Maigl\u00f6ckchen-Bouquets in Verbindung mit zarten Muguets und holzigen Flieder-Akkorden ein sehr gefragter Duft, der zu der synthetischen Form von Farnesol f\u00fchrte, die in den ber\u00fchmten D\u00fcften von Chanel No. 5 enthalten ist.<\/p>\n<p>Mimosa Absolute wird aus Acacia decurrens gewonnen, einem strauchartigen, schnell wachsenden Baum mit flaschenartigen Bl\u00fcten, die in traubenf\u00f6rmigen Bl\u00fctenst\u00e4nden stehen und stark duften. Die Ernte der Bl\u00fcten f\u00fcr die Destillation findet in S\u00fcdfrankreich bereits im zeitigen Fr\u00fchjahr statt, und die goldene Bl\u00fcte wird jedes Jahr im Februar bei der F\u00eate du Mimosa gefeiert, um das Ende des Winters einzul\u00e4uten.<\/p>\n<p>Ein Absolue entsteht, indem ein L\u00f6sungsmittel verwendet wird, um die wertvollen pflanzlichen Aromastoffe aus dem Pflanzenmaterial herauszul\u00f6sen. Anschlie\u00dfend l\u00e4sst man das L\u00f6sungsmittel verdunsten und hinterl\u00e4sst ein wunderbar aromatisches und hochkonzentriertes Absolue, dessen duftende Molek\u00fcle im Allgemeinen durch Inhalation genossen werden, um Emotionen, Geist, Erinnerungen, Kreativit\u00e4t, Konzentration, Vorstellungskraft und Meditation \u00fcber weltliche Schwellen hinweg in das Meer kosmischer Wellenformen zu transportieren. Die Duftgeschichte der Absolues entfaltet sich in Colognes und Parfums, Inhalationsmitteln und Raumdiffusionsaufg\u00fcssen und nicht im Bereich der Hautpflege.<\/p>\n<p><strong>Gr\u00f6\u00dfe: 5 ml<\/strong><\/p>\n<h3>Bio-Zutaten<\/h3>\n<p>100% Mimose (Acacia decurrens) absolut.<\/p>\n<p style=\"text-align: center;\"><em>&#8222;Auf beiden Seiten der Bank standen zwei wundersch\u00f6ne Wolken aus gelben Blumen.<\/em><br \/>\n<em>&#8222;Oh, sieh mal&#8220;, sagte Polly, &#8222;die Mimose ist drau\u00dfen, wie sch\u00f6n. Lass uns daran riechen.&#8220;<\/em><br \/>\n<em>Sie gingen hin\u00fcber, und als sie n\u00e4her kamen, erf\u00fcllte der Duft der flauschigen gelben Bl\u00fcten die Luft.<\/em><br \/>\n<em>&#8222;Ah&#8220;, sagte Polly und atmete tief durch. &#8222;Einige meiner Lieblingsparfums basieren auf diesem Duft. Das erinnert mich an meine Zeit in Australien. Das ist eine einheimische Pflanze. Sie nennen es Silberflechtwerk.&#8220;<\/em><br \/>\n~Maggie Alderson, <strong>Der Duft von dir<\/strong><\/p>\n<p style=\"text-align: center;\"><em>Wie lebendig sind die Ger\u00fcche der Seefahrt noch? &#8230;ein Windhauch legt seine Hand sanft auf eine Wange und dreht den Kopf wie eine Wetterfahne, um die Nase in den Geruch eines unsichtbaren Landes zu richten: Wald und F\u00e4ulnis und Kopra, Jasmin, Mimose und Ylang-Ylang. Und du magst an die Seltsamkeit gedacht haben, wie es da in dem duftenden Kokon der Nacht sa\u00df, gest\u00fctzt von N\u00e4geln und Holz in der Mitte des Wassers&#8230;&#8220;<\/em><br \/>\n~James Hamilton-Paterson, <strong>The Great Deep: The Sea and its Thresholds<\/strong><\/p>\n<p style=\"text-align: center;\"><em>&#8222;Die Ausstrahlung, die allein vom Mimosa Absolue ausgeht, ist erstaunlich.&#8220;<\/em><br \/>\n~ Steffen Arctander<\/p>\n<p><a href=\"https:\/\/dutchhealthstore.com\/wp-content\/uploads\/2018\/02\/Living-Libations-Organic-Logo-800x89.png\"><img fetchpriority=\"high\" decoding=\"async\" class=\"size-medium wp-image-68103 aligncenter\" src=\"https:\/\/dutchhealthstore.com\/wp-content\/uploads\/2018\/02\/Living-Libations-Organic-Logo-800x89.png\" alt=\"Living Libations - Organic Logo\" width=\"800\" height=\"89\" srcset=\"https:\/\/dutchhealthstore.com\/wp-content\/uploads\/2018\/02\/Living-Libations-Organic-Logo-800x89.png 800w, https:\/\/dutchhealthstore.com\/wp-content\/uploads\/2018\/02\/Living-Libations-Organic-Logo-510x57.png 510w, https:\/\/dutchhealthstore.com\/wp-content\/uploads\/2018\/02\/Living-Libations-Organic-Logo-768x85.png 768w, https:\/\/dutchhealthstore.com\/wp-content\/uploads\/2018\/02\/Living-Libations-Organic-Logo.png 1400w\" sizes=\"(max-width: 800px) 100vw, 800px\" \/><\/a><\/p>\n","protected":false},"excerpt":{"rendered":"<p>Pr\u00e4chtige Mimosa erinnert an honigartige, himmlische Noten, die euphorische Gef\u00fchle ausl\u00f6sen und das Herz zum Flattern bringen. Diese nat\u00fcrliche, handwerkliche Extraktion des Akazienbaums \u00e4hnelt der blumigen Unschuld von Flieder, Linde und Lilie, die durch das duftende Molek\u00fcl Farnesol beeinflusst werden, das f\u00fcr die moderne Parf\u00fcmerie synthetisiert worden ist. Der bet\u00f6rende Duft von Mimosa schenkt Ihrer inneren Muse Heiterkeit und Fr\u00f6hlichkeit, w\u00e4hrend seine Wolke aus Zuckerwatte Ihre Sinne anregt.<\/p>\n","protected":false},"featured_media":139610,"comment_status":"open","ping_status":"closed","template":"","meta":[],"product_brand":[],"product_cat":[1551,6737,1508,1493,1210],"product_tag":[8681,21667,1547,100],"class_list":{"0":"post-140168","1":"product","2":"type-product","3":"status-publish","4":"has-post-thumbnail","6":"product_cat-absolute-essenz-living-libations","7":"product_cat-essential-oils-de-2","8":"product_cat-aetherische-oele-living-libations","9":"product_cat-living-libations-deutschland","10":"product_cat-marken","11":"product_tag-absolute-de","12":"product_tag-aroma-de","13":"product_tag-essential-oil-de","14":"product_tag-essential-oil","15":"pa_brand-livinglibations-de","16":"pa_essential-oils-product-type-absolute-essences-de","17":"pa_essential-oils-product-type-essential-oils-de","18":"pa_size-5-ml-de","20":"first","21":"instock","22":"taxable","23":"shipping-taxable","24":"purchasable","25":"product-type-simple"},"bundled_by":[],"bundle_stock_status":"instock","bundle_stock_quantity":1,"bundle_virtual":false,"bundle_layout":"","bundle_add_to_cart_form_location":"","bundle_editable_in_cart":false,"bundle_sold_individually_context":"","bundle_item_grouping":"","bundle_min_size":"","bundle_max_size":"","bundle_price":[],"bundled_items":[],"bundle_sell_ids":[],"atum_controlled":true,"out_stock_date":null,"out_stock_threshold":null,"inheritable":false,"stock_on_hold":0,"sold_today":0,"sales_last_days":0,"out_stock_days":0,"lost_sales":0,"update_date":"2026-04-17T11:16:36","atum_locations":[],"atum_stock_status":"instock","restock_status":false,"low_stock_amount":"","sales_update_date":"2026-04-17T11:16:36","calc_backorders":null,"group_of_quantity":0,"min_quantity":0,"max_quantity":"","exclude_order_quantity_value_rules":"no","exclude_category_quantity_rules":"no","combine_variations":"no","yoast_head":"<!-- This site is optimized with the Yoast SEO Premium plugin v26.5 (Yoast SEO v26.5) - https:\/\/yoast.com\/wordpress\/plugins\/seo\/ -->\n<title>Mimosa Absolute - Living Libations<\/title>\n<meta name=\"description\" content=\"Pr\u00e4chtige Mimosa erinnert an honigartige, himmlische Noten, die euphorische Gef\u00fchle ausl\u00f6sen und das Herz zum Flattern bringen.\" \/>\n<meta name=\"robots\" content=\"index, follow, max-snippet:-1, max-image-preview:large, max-video-preview:-1\" \/>\n<link rel=\"canonical\" href=\"https:\/\/dutchhealthstore.com\/de\/product\/mimosa-absolute\/\" \/>\n<meta property=\"og:locale\" content=\"de_DE\" \/>\n<meta property=\"og:type\" content=\"article\" \/>\n<meta property=\"og:title\" content=\"Mimosa Absolute - Dutch Health Store\" \/>\n<meta property=\"og:description\" content=\"Pr\u00e4chtige Mimosa erinnert an honigartige, himmlische Noten, die euphorische Gef\u00fchle ausl\u00f6sen und das Herz zum Flattern bringen.\" \/>\n<meta property=\"og:url\" content=\"https:\/\/dutchhealthstore.com\/de\/product\/mimosa-absolute\/\" \/>\n<meta property=\"og:site_name\" content=\"Dutch Health Store\" \/>\n<meta property=\"article:publisher\" content=\"https:\/\/www.instagram.com\/dutchhealthstore\/\" \/>\n<meta property=\"article:modified_time\" content=\"2025-12-12T15:56:28+00:00\" \/>\n<meta property=\"og:image\" content=\"https:\/\/dutchhealthstore.com\/wp-content\/uploads\/2021\/01\/living-libations-mimosa-absolute.jpg\" \/>\n\t<meta property=\"og:image:width\" content=\"500\" \/>\n\t<meta property=\"og:image:height\" content=\"500\" \/>\n\t<meta property=\"og:image:type\" content=\"image\/jpeg\" \/>\n<meta name=\"twitter:card\" content=\"summary_large_image\" \/>\n<meta name=\"twitter:label1\" content=\"Preis\" \/>\n\t<meta name=\"twitter:data1\" content=\"&euro;29,00\" \/>\n\t<meta name=\"twitter:label2\" content=\"Verf\u00fcgbarkeit\" \/>\n\t<meta name=\"twitter:data2\" content=\"Auf Lager\" \/>\n<script type=\"application\/ld+json\" class=\"yoast-schema-graph\">{\"@context\":\"https:\/\/schema.org\",\"@graph\":[{\"@type\":\"WebPage\",\"@id\":\"https:\/\/dutchhealthstore.com\/de\/product\/mimosa-absolute\/\",\"url\":\"https:\/\/dutchhealthstore.com\/de\/product\/mimosa-absolute\/\",\"name\":\"Mimosa Absolute - Living Libations\",\"isPartOf\":{\"@id\":\"https:\/\/dutchhealthstore.com\/de\/#website\"},\"primaryImageOfPage\":{\"@id\":\"https:\/\/dutchhealthstore.com\/de\/product\/mimosa-absolute\/#primaryimage\"},\"image\":{\"@id\":\"https:\/\/dutchhealthstore.com\/de\/product\/mimosa-absolute\/#primaryimage\"},\"thumbnailUrl\":\"https:\/\/dutchhealthstore.com\/wp-content\/uploads\/2021\/01\/living-libations-mimosa-absolute.jpg\",\"datePublished\":\"2021-01-19T09:10:46+00:00\",\"dateModified\":\"2025-12-12T15:56:28+00:00\",\"description\":\"Pr\u00e4chtige Mimosa erinnert an honigartige, himmlische Noten, die euphorische Gef\u00fchle ausl\u00f6sen und das Herz zum Flattern bringen.\",\"breadcrumb\":{\"@id\":\"https:\/\/dutchhealthstore.com\/de\/product\/mimosa-absolute\/#breadcrumb\"},\"inLanguage\":\"de\",\"potentialAction\":[{\"@type\":\"ReadAction\",\"target\":[\"https:\/\/dutchhealthstore.com\/de\/product\/mimosa-absolute\/\"]}]},{\"@type\":\"ImageObject\",\"inLanguage\":\"de\",\"@id\":\"https:\/\/dutchhealthstore.com\/de\/product\/mimosa-absolute\/#primaryimage\",\"url\":\"https:\/\/dutchhealthstore.com\/wp-content\/uploads\/2021\/01\/living-libations-mimosa-absolute.jpg\",\"contentUrl\":\"https:\/\/dutchhealthstore.com\/wp-content\/uploads\/2021\/01\/living-libations-mimosa-absolute.jpg\",\"width\":500,\"height\":500,\"caption\":\"living libations mimosa absolute\"},{\"@type\":\"BreadcrumbList\",\"@id\":\"https:\/\/dutchhealthstore.com\/de\/product\/mimosa-absolute\/#breadcrumb\",\"itemListElement\":[{\"@type\":\"ListItem\",\"position\":1,\"name\":\"Home\",\"item\":\"https:\/\/dutchhealthstore.com\/de\/\"},{\"@type\":\"ListItem\",\"position\":2,\"name\":\"Shop\",\"item\":\"https:\/\/dutchhealthstore.com\/de\/shop-2\/\"},{\"@type\":\"ListItem\",\"position\":3,\"name\":\"Mimosa Absolute\"}]},{\"@type\":\"WebSite\",\"@id\":\"https:\/\/dutchhealthstore.com\/de\/#website\",\"url\":\"https:\/\/dutchhealthstore.com\/de\/\",\"name\":\"Dutch Health Store\",\"description\":\"Enhance Your Beauty with Organic &amp; Natural Skincare\",\"publisher\":{\"@id\":\"https:\/\/dutchhealthstore.com\/de\/#organization\"},\"potentialAction\":[{\"@type\":\"SearchAction\",\"target\":{\"@type\":\"EntryPoint\",\"urlTemplate\":\"https:\/\/dutchhealthstore.com\/de\/?s={search_term_string}\"},\"query-input\":{\"@type\":\"PropertyValueSpecification\",\"valueRequired\":true,\"valueName\":\"search_term_string\"}}],\"inLanguage\":\"de\"},{\"@type\":\"Organization\",\"@id\":\"https:\/\/dutchhealthstore.com\/de\/#organization\",\"name\":\"Dutch Health Store\",\"url\":\"https:\/\/dutchhealthstore.com\/de\/\",\"logo\":{\"@type\":\"ImageObject\",\"inLanguage\":\"de\",\"@id\":\"https:\/\/dutchhealthstore.com\/de\/#\/schema\/logo\/image\/\",\"url\":\"https:\/\/dutchhealthstore.com\/wp-content\/uploads\/2020\/08\/logo-dutchhealthstore-jpg-e1599484957574.jpg\",\"contentUrl\":\"https:\/\/dutchhealthstore.com\/wp-content\/uploads\/2020\/08\/logo-dutchhealthstore-jpg-e1599484957574.jpg\",\"width\":400,\"height\":62,\"caption\":\"Dutch Health Store\"},\"image\":{\"@id\":\"https:\/\/dutchhealthstore.com\/de\/#\/schema\/logo\/image\/\"},\"sameAs\":[\"https:\/\/www.instagram.com\/dutchhealthstore\/\",\"https:\/\/www.facebook.com\/dutchhealthstore\"]}]}<\/script>\n<meta property=\"product:brand\" content=\"Living Libations\" \/>\n<meta property=\"product:price:amount\" content=\"29.00\" \/>\n<meta property=\"product:price:currency\" content=\"EUR\" \/>\n<meta property=\"og:availability\" content=\"instock\" \/>\n<meta property=\"product:availability\" content=\"instock\" \/>\n<meta property=\"product:condition\" content=\"new\" \/>\n<!-- \/ Yoast SEO Premium plugin. -->","yoast_head_json":{"title":"Mimosa Absolute - Living Libations","description":"Pr\u00e4chtige Mimosa erinnert an honigartige, himmlische Noten, die euphorische Gef\u00fchle ausl\u00f6sen und das Herz zum Flattern bringen.","robots":{"index":"index","follow":"follow","max-snippet":"max-snippet:-1","max-image-preview":"max-image-preview:large","max-video-preview":"max-video-preview:-1"},"canonical":"https:\/\/dutchhealthstore.com\/de\/product\/mimosa-absolute\/","og_locale":"de_DE","og_type":"article","og_title":"Mimosa Absolute - Dutch Health Store","og_description":"Pr\u00e4chtige Mimosa erinnert an honigartige, himmlische Noten, die euphorische Gef\u00fchle ausl\u00f6sen und das Herz zum Flattern bringen.","og_url":"https:\/\/dutchhealthstore.com\/de\/product\/mimosa-absolute\/","og_site_name":"Dutch Health Store","article_publisher":"https:\/\/www.instagram.com\/dutchhealthstore\/","article_modified_time":"2025-12-12T15:56:28+00:00","og_image":[{"width":500,"height":500,"url":"https:\/\/dutchhealthstore.com\/wp-content\/uploads\/2021\/01\/living-libations-mimosa-absolute.jpg","type":"image\/jpeg"}],"twitter_card":"summary_large_image","twitter_misc":{"Preis":"&euro;29,00","Verf\u00fcgbarkeit":"Auf Lager"},"schema":{"@context":"https:\/\/schema.org","@graph":[{"@type":"WebPage","@id":"https:\/\/dutchhealthstore.com\/de\/product\/mimosa-absolute\/","url":"https:\/\/dutchhealthstore.com\/de\/product\/mimosa-absolute\/","name":"Mimosa Absolute - Living Libations","isPartOf":{"@id":"https:\/\/dutchhealthstore.com\/de\/#website"},"primaryImageOfPage":{"@id":"https:\/\/dutchhealthstore.com\/de\/product\/mimosa-absolute\/#primaryimage"},"image":{"@id":"https:\/\/dutchhealthstore.com\/de\/product\/mimosa-absolute\/#primaryimage"},"thumbnailUrl":"https:\/\/dutchhealthstore.com\/wp-content\/uploads\/2021\/01\/living-libations-mimosa-absolute.jpg","datePublished":"2021-01-19T09:10:46+00:00","dateModified":"2025-12-12T15:56:28+00:00","description":"Pr\u00e4chtige Mimosa erinnert an honigartige, himmlische Noten, die euphorische Gef\u00fchle ausl\u00f6sen und das Herz zum Flattern bringen.","breadcrumb":{"@id":"https:\/\/dutchhealthstore.com\/de\/product\/mimosa-absolute\/#breadcrumb"},"inLanguage":"de","potentialAction":[{"@type":"ReadAction","target":["https:\/\/dutchhealthstore.com\/de\/product\/mimosa-absolute\/"]}]},{"@type":"ImageObject","inLanguage":"de","@id":"https:\/\/dutchhealthstore.com\/de\/product\/mimosa-absolute\/#primaryimage","url":"https:\/\/dutchhealthstore.com\/wp-content\/uploads\/2021\/01\/living-libations-mimosa-absolute.jpg","contentUrl":"https:\/\/dutchhealthstore.com\/wp-content\/uploads\/2021\/01\/living-libations-mimosa-absolute.jpg","width":500,"height":500,"caption":"living libations mimosa absolute"},{"@type":"BreadcrumbList","@id":"https:\/\/dutchhealthstore.com\/de\/product\/mimosa-absolute\/#breadcrumb","itemListElement":[{"@type":"ListItem","position":1,"name":"Home","item":"https:\/\/dutchhealthstore.com\/de\/"},{"@type":"ListItem","position":2,"name":"Shop","item":"https:\/\/dutchhealthstore.com\/de\/shop-2\/"},{"@type":"ListItem","position":3,"name":"Mimosa Absolute"}]},{"@type":"WebSite","@id":"https:\/\/dutchhealthstore.com\/de\/#website","url":"https:\/\/dutchhealthstore.com\/de\/","name":"Dutch Health Store","description":"Enhance Your Beauty with Organic &amp; Natural Skincare","publisher":{"@id":"https:\/\/dutchhealthstore.com\/de\/#organization"},"potentialAction":[{"@type":"SearchAction","target":{"@type":"EntryPoint","urlTemplate":"https:\/\/dutchhealthstore.com\/de\/?s={search_term_string}"},"query-input":{"@type":"PropertyValueSpecification","valueRequired":true,"valueName":"search_term_string"}}],"inLanguage":"de"},{"@type":"Organization","@id":"https:\/\/dutchhealthstore.com\/de\/#organization","name":"Dutch Health Store","url":"https:\/\/dutchhealthstore.com\/de\/","logo":{"@type":"ImageObject","inLanguage":"de","@id":"https:\/\/dutchhealthstore.com\/de\/#\/schema\/logo\/image\/","url":"https:\/\/dutchhealthstore.com\/wp-content\/uploads\/2020\/08\/logo-dutchhealthstore-jpg-e1599484957574.jpg","contentUrl":"https:\/\/dutchhealthstore.com\/wp-content\/uploads\/2020\/08\/logo-dutchhealthstore-jpg-e1599484957574.jpg","width":400,"height":62,"caption":"Dutch Health Store"},"image":{"@id":"https:\/\/dutchhealthstore.com\/de\/#\/schema\/logo\/image\/"},"sameAs":["https:\/\/www.instagram.com\/dutchhealthstore\/","https:\/\/www.facebook.com\/dutchhealthstore"]}]},"product_brand":"Living Libations","product_price_amount":"29.00","product_price_currency":"EUR","og_availability":"instock","product_availability":"instock","product_condition":"new"},"_links":{"self":[{"href":"https:\/\/dutchhealthstore.com\/de\/wp-json\/wp\/v2\/product\/140168","targetHints":{"allow":["GET"]}}],"collection":[{"href":"https:\/\/dutchhealthstore.com\/de\/wp-json\/wp\/v2\/product"}],"about":[{"href":"https:\/\/dutchhealthstore.com\/de\/wp-json\/wp\/v2\/types\/product"}],"replies":[{"embeddable":true,"href":"https:\/\/dutchhealthstore.com\/de\/wp-json\/wp\/v2\/comments?post=140168"}],"wp:featuredmedia":[{"embeddable":true,"href":"https:\/\/dutchhealthstore.com\/de\/wp-json\/wp\/v2\/media\/139610"}],"wp:attachment":[{"href":"https:\/\/dutchhealthstore.com\/de\/wp-json\/wp\/v2\/media?parent=140168"}],"wp:term":[{"taxonomy":"product_brand","embeddable":true,"href":"https:\/\/dutchhealthstore.com\/de\/wp-json\/wp\/v2\/product_brand?post=140168"},{"taxonomy":"product_cat","embeddable":true,"href":"https:\/\/dutchhealthstore.com\/de\/wp-json\/wp\/v2\/product_cat?post=140168"},{"taxonomy":"product_tag","embeddable":true,"href":"https:\/\/dutchhealthstore.com\/de\/wp-json\/wp\/v2\/product_tag?post=140168"}],"curies":[{"name":"wp","href":"https:\/\/api.w.org\/{rel}","templated":true}]}}