{"id":139998,"date":"2021-01-22T09:45:34","date_gmt":"2021-01-22T08:45:34","guid":{"rendered":"https:\/\/dutchhealthstore.com\/product\/neroli-grapefruit-blossom-essential-oil\/"},"modified":"2024-02-06T15:20:22","modified_gmt":"2024-02-06T15:20:22","slug":"neroli-grapefruit-blossom-essential-oil","status":"publish","type":"product","link":"https:\/\/dutchhealthstore.com\/de\/product\/neroli-grapefruit-blossom-essential-oil\/","title":{"rendered":"Neroli Grapefruit Blossom Essential Oil"},"content":{"rendered":"<p><strong><a href=\"https:\/\/dutchhealthstore.com\/wp-content\/uploads\/2019\/08\/NEW-Living-Libations-Logo.jpg\"><img decoding=\"async\" class=\"size-full wp-image-69549 alignright\" src=\"https:\/\/dutchhealthstore.com\/wp-content\/uploads\/2019\/08\/NEW-Living-Libations-Logo.jpg\" alt=\"NEW - Living Libations - Logo\" width=\"175\" height=\"82\"><\/a>Botanischer Name:<\/strong> Citrus paradisi<br \/>\n<strong>Botanische Familie:<\/strong> Rutaceae<br \/>\n<strong>Extraktionsverfahren<\/strong>: Dampfdestilliert<br \/>\n<strong>Teil der Pflanze Destilliert<\/strong>: Bl\u00fcten<br \/>\n<strong>Herkunftsland<\/strong>: Marokko<br \/>\n<strong>Anbaumethode<\/strong>: Bio<br \/>\n<strong>Zusammensetzung<\/strong>: 100% Citrus paradisi<br \/>\n<strong>Konsistenz<\/strong>: D\u00fcnnfl\u00fcssig mit einer blassgelben Farbe.<\/p>\n<h3>Beschreibung des Duftes<\/h3>\n<p>Ein fr\u00f6hlicher, frischer Blumenduft. \u00c4therisch. Erinnert an Orangenbl\u00fcte. S\u00fc\u00df und k\u00f6stlich.<\/p>\n<h3>Gut mischbar mit<\/h3>\n<p>Zitrusfr\u00fcchte, Blumen und fruchtige Aromen mit Basisnoten von Vanille, Vetiver und Spikenard.<\/p>\n<h3>Verwendet<\/h3>\n<p>Als Kopfnote in Parfums oder als Einzelduft mit einem Hauch von Gei\u00dfblatt und komplexen blumigen Noten. Geben Sie einen Tropfen in kulinarische Kreationen f\u00fcr ein frisches, s\u00fc\u00dfes und blumiges Aroma. Diffundieren Sie, um jedes Haus zu verzaubern. Ein Tropfen in einem warmen Bad \u00f6ffnet die Sinne f\u00fcr einen anmutigen Hain von Grapefruit-Bl\u00fcten-Aromen. Wundersch\u00f6n in Mischungen f\u00fcr die K\u00f6rpermassage, die Brustpflege und die Pflege von Hautunreinheiten.<\/p>\n<h3>Kontraindikation<\/h3>\n<p>Lichtempfindlich. Nicht unverd\u00fcnnt auf der Haut verwenden und dem Sonnenlicht aussetzen.<\/p>\n<p>Weben Sie diese Noten von Grapefruit und Gei\u00dfblatt in leichte, helle Parfums mit Neroli, Rose und Bergamotte. Der \u00e4therische Duft ist eine unverzichtbare Erg\u00e4nzung zu sakralen Mischungen und ist g\u00f6ttlich im Diffusor. Ein oder zwei Tropfen in einer s\u00fc\u00dfen oder krautigen kulinarischen Kreation verleihen ein frisches, blumiges und fruchtiges Aroma, das die Geschmacksknospen verlockt.<\/p>\n<p><strong>Gr\u00f6\u00dfe: 2,5 ml<\/strong><\/p>\n<h3>Bio-Zutaten<\/h3>\n<p>100% \u00e4therisches Neroli-Grapefruitbl\u00fcten-\u00d6l (Citrus paradisi).<\/p>\n<p><a href=\"https:\/\/dutchhealthstore.com\/wp-content\/uploads\/2018\/02\/Living-Libations-Organic-Logo-800x89.png\"><img fetchpriority=\"high\" decoding=\"async\" class=\"size-medium wp-image-68103 aligncenter\" src=\"https:\/\/dutchhealthstore.com\/wp-content\/uploads\/2018\/02\/Living-Libations-Organic-Logo-800x89.png\" alt=\"Living Libations - Organic Logo\" width=\"800\" height=\"89\" srcset=\"https:\/\/dutchhealthstore.com\/wp-content\/uploads\/2018\/02\/Living-Libations-Organic-Logo-800x89.png 800w, https:\/\/dutchhealthstore.com\/wp-content\/uploads\/2018\/02\/Living-Libations-Organic-Logo-510x57.png 510w, https:\/\/dutchhealthstore.com\/wp-content\/uploads\/2018\/02\/Living-Libations-Organic-Logo-768x85.png 768w, https:\/\/dutchhealthstore.com\/wp-content\/uploads\/2018\/02\/Living-Libations-Organic-Logo.png 1400w\" sizes=\"(max-width: 800px) 100vw, 800px\" \/><\/a><\/p>\n","protected":false},"excerpt":{"rendered":"<p>Ein erhebender Hauch von Gl\u00fcck weht aus den sch\u00f6nen Flaschen, die Bl\u00fcten von Grapefruit erblicken, w\u00e4hrend sich diese molekulare Geschichte in Ihrer Nase entfaltet, das Gem\u00fct beginnt sich zu erhellen und aufzuhellen. Neroli Grapefruit Blossom Essential Oil wird aus wundersch\u00f6nen Grapefruitbl\u00fctenhainen in Nordafrika dampfdestilliert. \u00c4hnlich wie unser klassisches Neroli, das aus Orangenbl\u00fcten destilliert wird, jedoch mit mehr Gei\u00dfblatt-Nuancen und ausgepr\u00e4gteren spritzigen, blumigen Noten. Immer aufbauend.<\/p>\n","protected":false},"featured_media":139987,"comment_status":"open","ping_status":"closed","template":"","meta":[],"product_brand":[],"product_cat":[6737,1508,1546,1493,1210,511,6736],"product_tag":[1547],"class_list":{"0":"post-139998","1":"product","2":"type-product","3":"status-publish","4":"has-post-thumbnail","6":"product_cat-essential-oils-de-2","7":"product_cat-aetherische-oele-living-libations","8":"product_cat-essential-oils-living-libations-de","9":"product_cat-living-libations-deutschland","10":"product_cat-marken","11":"product_cat-produkte","12":"product_cat-wellness-de","13":"product_tag-essential-oil-de","14":"pa_brand-livinglibations-de","15":"pa_essential-oils-product-type-essential-oils-de","16":"pa_size-2-5-ml-de","18":"first","19":"instock","20":"taxable","21":"shipping-taxable","22":"purchasable","23":"product-type-simple"},"bundled_by":[],"bundle_stock_status":"instock","bundle_stock_quantity":2,"bundle_virtual":false,"bundle_layout":"","bundle_add_to_cart_form_location":"","bundle_editable_in_cart":false,"bundle_sold_individually_context":"","bundle_item_grouping":"","bundle_min_size":"","bundle_max_size":"","bundle_price":[],"bundled_items":[],"bundle_sell_ids":[],"atum_controlled":true,"out_stock_date":null,"out_stock_threshold":null,"inheritable":false,"stock_on_hold":0,"sold_today":0,"sales_last_days":0,"out_stock_days":0,"lost_sales":0,"update_date":"2026-04-07T13:47:53","atum_locations":[],"atum_stock_status":"instock","restock_status":false,"low_stock_amount":"","sales_update_date":"2026-04-07T13:47:53","calc_backorders":null,"group_of_quantity":0,"min_quantity":0,"max_quantity":"","exclude_order_quantity_value_rules":"no","exclude_category_quantity_rules":"no","combine_variations":"no","yoast_head":"<!-- This site is optimized with the Yoast SEO Premium plugin v26.5 (Yoast SEO v26.5) - https:\/\/yoast.com\/wordpress\/plugins\/seo\/ -->\n<title>Neroli Grapefruit Blossom Essential Oil - Living Libations<\/title>\n<meta name=\"description\" content=\"Ein erhebender Hauch von Gl\u00fcck weht aus den sch\u00f6nen Flaschen, die Bl\u00fcten von Grapefruit erblicken, w\u00e4hrend sich diese molekulare Geschichte in Ihrer Nase entfaltet, das Gem\u00fct beginnt sich zu erhellen und aufzuhellen.\" \/>\n<meta name=\"robots\" content=\"index, follow, max-snippet:-1, max-image-preview:large, max-video-preview:-1\" \/>\n<link rel=\"canonical\" href=\"https:\/\/dutchhealthstore.com\/de\/product\/neroli-grapefruit-blossom-essential-oil\/\" \/>\n<meta property=\"og:locale\" content=\"de_DE\" \/>\n<meta property=\"og:type\" content=\"article\" \/>\n<meta property=\"og:title\" content=\"Neroli Grapefruit Blossom Essential Oil - Dutch Health Store\" \/>\n<meta property=\"og:description\" content=\"Ein erhebender Hauch von Gl\u00fcck weht aus den sch\u00f6nen Flaschen, die Bl\u00fcten von Grapefruit erblicken, w\u00e4hrend sich diese molekulare Geschichte in Ihrer Nase entfaltet, das Gem\u00fct beginnt sich zu erhellen und aufzuhellen.\" \/>\n<meta property=\"og:url\" content=\"https:\/\/dutchhealthstore.com\/de\/product\/neroli-grapefruit-blossom-essential-oil\/\" \/>\n<meta property=\"og:site_name\" content=\"Dutch Health Store\" \/>\n<meta property=\"article:publisher\" content=\"https:\/\/www.instagram.com\/dutchhealthstore\/\" \/>\n<meta property=\"article:modified_time\" content=\"2024-02-06T15:20:22+00:00\" \/>\n<meta property=\"og:image\" content=\"https:\/\/dutchhealthstore.com\/wp-content\/uploads\/2021\/01\/living-libations-neroli-grapefruit-blossom-essential-oil.jpg\" \/>\n\t<meta property=\"og:image:width\" content=\"500\" \/>\n\t<meta property=\"og:image:height\" content=\"500\" \/>\n\t<meta property=\"og:image:type\" content=\"image\/jpeg\" \/>\n<meta name=\"twitter:card\" content=\"summary_large_image\" \/>\n<meta name=\"twitter:label1\" content=\"Preis\" \/>\n\t<meta name=\"twitter:data1\" content=\"&euro;90,00\" \/>\n\t<meta name=\"twitter:label2\" content=\"Verf\u00fcgbarkeit\" \/>\n\t<meta name=\"twitter:data2\" content=\"Auf Lager\" \/>\n<script type=\"application\/ld+json\" class=\"yoast-schema-graph\">{\"@context\":\"https:\/\/schema.org\",\"@graph\":[{\"@type\":\"WebPage\",\"@id\":\"https:\/\/dutchhealthstore.com\/de\/product\/neroli-grapefruit-blossom-essential-oil\/\",\"url\":\"https:\/\/dutchhealthstore.com\/de\/product\/neroli-grapefruit-blossom-essential-oil\/\",\"name\":\"Neroli Grapefruit Blossom Essential Oil - Living Libations\",\"isPartOf\":{\"@id\":\"https:\/\/dutchhealthstore.com\/de\/#website\"},\"primaryImageOfPage\":{\"@id\":\"https:\/\/dutchhealthstore.com\/de\/product\/neroli-grapefruit-blossom-essential-oil\/#primaryimage\"},\"image\":{\"@id\":\"https:\/\/dutchhealthstore.com\/de\/product\/neroli-grapefruit-blossom-essential-oil\/#primaryimage\"},\"thumbnailUrl\":\"https:\/\/dutchhealthstore.com\/wp-content\/uploads\/2021\/01\/living-libations-neroli-grapefruit-blossom-essential-oil.jpg\",\"datePublished\":\"2021-01-22T08:45:34+00:00\",\"dateModified\":\"2024-02-06T15:20:22+00:00\",\"description\":\"Ein erhebender Hauch von Gl\u00fcck weht aus den sch\u00f6nen Flaschen, die Bl\u00fcten von Grapefruit erblicken, w\u00e4hrend sich diese molekulare Geschichte in Ihrer Nase entfaltet, das Gem\u00fct beginnt sich zu erhellen und aufzuhellen.\",\"breadcrumb\":{\"@id\":\"https:\/\/dutchhealthstore.com\/de\/product\/neroli-grapefruit-blossom-essential-oil\/#breadcrumb\"},\"inLanguage\":\"de\",\"potentialAction\":[{\"@type\":\"ReadAction\",\"target\":[\"https:\/\/dutchhealthstore.com\/de\/product\/neroli-grapefruit-blossom-essential-oil\/\"]}]},{\"@type\":\"ImageObject\",\"inLanguage\":\"de\",\"@id\":\"https:\/\/dutchhealthstore.com\/de\/product\/neroli-grapefruit-blossom-essential-oil\/#primaryimage\",\"url\":\"https:\/\/dutchhealthstore.com\/wp-content\/uploads\/2021\/01\/living-libations-neroli-grapefruit-blossom-essential-oil.jpg\",\"contentUrl\":\"https:\/\/dutchhealthstore.com\/wp-content\/uploads\/2021\/01\/living-libations-neroli-grapefruit-blossom-essential-oil.jpg\",\"width\":500,\"height\":500,\"caption\":\"living libations neroli grapefruit blossom essential oil\"},{\"@type\":\"BreadcrumbList\",\"@id\":\"https:\/\/dutchhealthstore.com\/de\/product\/neroli-grapefruit-blossom-essential-oil\/#breadcrumb\",\"itemListElement\":[{\"@type\":\"ListItem\",\"position\":1,\"name\":\"Home\",\"item\":\"https:\/\/dutchhealthstore.com\/de\/\"},{\"@type\":\"ListItem\",\"position\":2,\"name\":\"Shop\",\"item\":\"https:\/\/dutchhealthstore.com\/de\/shop-2\/\"},{\"@type\":\"ListItem\",\"position\":3,\"name\":\"Neroli Grapefruit Blossom Essential Oil\"}]},{\"@type\":\"WebSite\",\"@id\":\"https:\/\/dutchhealthstore.com\/de\/#website\",\"url\":\"https:\/\/dutchhealthstore.com\/de\/\",\"name\":\"Dutch Health Store\",\"description\":\"Enhance Your Beauty with Organic &amp; Natural Skincare\",\"publisher\":{\"@id\":\"https:\/\/dutchhealthstore.com\/de\/#organization\"},\"potentialAction\":[{\"@type\":\"SearchAction\",\"target\":{\"@type\":\"EntryPoint\",\"urlTemplate\":\"https:\/\/dutchhealthstore.com\/de\/?s={search_term_string}\"},\"query-input\":{\"@type\":\"PropertyValueSpecification\",\"valueRequired\":true,\"valueName\":\"search_term_string\"}}],\"inLanguage\":\"de\"},{\"@type\":\"Organization\",\"@id\":\"https:\/\/dutchhealthstore.com\/de\/#organization\",\"name\":\"Dutch Health Store\",\"url\":\"https:\/\/dutchhealthstore.com\/de\/\",\"logo\":{\"@type\":\"ImageObject\",\"inLanguage\":\"de\",\"@id\":\"https:\/\/dutchhealthstore.com\/de\/#\/schema\/logo\/image\/\",\"url\":\"https:\/\/dutchhealthstore.com\/wp-content\/uploads\/2020\/08\/logo-dutchhealthstore-jpg-e1599484957574.jpg\",\"contentUrl\":\"https:\/\/dutchhealthstore.com\/wp-content\/uploads\/2020\/08\/logo-dutchhealthstore-jpg-e1599484957574.jpg\",\"width\":400,\"height\":62,\"caption\":\"Dutch Health Store\"},\"image\":{\"@id\":\"https:\/\/dutchhealthstore.com\/de\/#\/schema\/logo\/image\/\"},\"sameAs\":[\"https:\/\/www.instagram.com\/dutchhealthstore\/\",\"https:\/\/www.facebook.com\/dutchhealthstore\"]}]}<\/script>\n<meta property=\"product:brand\" content=\"Living Libations\" \/>\n<meta property=\"product:price:amount\" content=\"90.00\" \/>\n<meta property=\"product:price:currency\" content=\"EUR\" \/>\n<meta property=\"og:availability\" content=\"instock\" \/>\n<meta property=\"product:availability\" content=\"instock\" \/>\n<meta property=\"product:condition\" content=\"new\" \/>\n<!-- \/ Yoast SEO Premium plugin. -->","yoast_head_json":{"title":"Neroli Grapefruit Blossom Essential Oil - Living Libations","description":"Ein erhebender Hauch von Gl\u00fcck weht aus den sch\u00f6nen Flaschen, die Bl\u00fcten von Grapefruit erblicken, w\u00e4hrend sich diese molekulare Geschichte in Ihrer Nase entfaltet, das Gem\u00fct beginnt sich zu erhellen und aufzuhellen.","robots":{"index":"index","follow":"follow","max-snippet":"max-snippet:-1","max-image-preview":"max-image-preview:large","max-video-preview":"max-video-preview:-1"},"canonical":"https:\/\/dutchhealthstore.com\/de\/product\/neroli-grapefruit-blossom-essential-oil\/","og_locale":"de_DE","og_type":"article","og_title":"Neroli Grapefruit Blossom Essential Oil - Dutch Health Store","og_description":"Ein erhebender Hauch von Gl\u00fcck weht aus den sch\u00f6nen Flaschen, die Bl\u00fcten von Grapefruit erblicken, w\u00e4hrend sich diese molekulare Geschichte in Ihrer Nase entfaltet, das Gem\u00fct beginnt sich zu erhellen und aufzuhellen.","og_url":"https:\/\/dutchhealthstore.com\/de\/product\/neroli-grapefruit-blossom-essential-oil\/","og_site_name":"Dutch Health Store","article_publisher":"https:\/\/www.instagram.com\/dutchhealthstore\/","article_modified_time":"2024-02-06T15:20:22+00:00","og_image":[{"width":500,"height":500,"url":"https:\/\/dutchhealthstore.com\/wp-content\/uploads\/2021\/01\/living-libations-neroli-grapefruit-blossom-essential-oil.jpg","type":"image\/jpeg"}],"twitter_card":"summary_large_image","twitter_misc":{"Preis":"&euro;90,00","Verf\u00fcgbarkeit":"Auf Lager"},"schema":{"@context":"https:\/\/schema.org","@graph":[{"@type":"WebPage","@id":"https:\/\/dutchhealthstore.com\/de\/product\/neroli-grapefruit-blossom-essential-oil\/","url":"https:\/\/dutchhealthstore.com\/de\/product\/neroli-grapefruit-blossom-essential-oil\/","name":"Neroli Grapefruit Blossom Essential Oil - Living Libations","isPartOf":{"@id":"https:\/\/dutchhealthstore.com\/de\/#website"},"primaryImageOfPage":{"@id":"https:\/\/dutchhealthstore.com\/de\/product\/neroli-grapefruit-blossom-essential-oil\/#primaryimage"},"image":{"@id":"https:\/\/dutchhealthstore.com\/de\/product\/neroli-grapefruit-blossom-essential-oil\/#primaryimage"},"thumbnailUrl":"https:\/\/dutchhealthstore.com\/wp-content\/uploads\/2021\/01\/living-libations-neroli-grapefruit-blossom-essential-oil.jpg","datePublished":"2021-01-22T08:45:34+00:00","dateModified":"2024-02-06T15:20:22+00:00","description":"Ein erhebender Hauch von Gl\u00fcck weht aus den sch\u00f6nen Flaschen, die Bl\u00fcten von Grapefruit erblicken, w\u00e4hrend sich diese molekulare Geschichte in Ihrer Nase entfaltet, das Gem\u00fct beginnt sich zu erhellen und aufzuhellen.","breadcrumb":{"@id":"https:\/\/dutchhealthstore.com\/de\/product\/neroli-grapefruit-blossom-essential-oil\/#breadcrumb"},"inLanguage":"de","potentialAction":[{"@type":"ReadAction","target":["https:\/\/dutchhealthstore.com\/de\/product\/neroli-grapefruit-blossom-essential-oil\/"]}]},{"@type":"ImageObject","inLanguage":"de","@id":"https:\/\/dutchhealthstore.com\/de\/product\/neroli-grapefruit-blossom-essential-oil\/#primaryimage","url":"https:\/\/dutchhealthstore.com\/wp-content\/uploads\/2021\/01\/living-libations-neroli-grapefruit-blossom-essential-oil.jpg","contentUrl":"https:\/\/dutchhealthstore.com\/wp-content\/uploads\/2021\/01\/living-libations-neroli-grapefruit-blossom-essential-oil.jpg","width":500,"height":500,"caption":"living libations neroli grapefruit blossom essential oil"},{"@type":"BreadcrumbList","@id":"https:\/\/dutchhealthstore.com\/de\/product\/neroli-grapefruit-blossom-essential-oil\/#breadcrumb","itemListElement":[{"@type":"ListItem","position":1,"name":"Home","item":"https:\/\/dutchhealthstore.com\/de\/"},{"@type":"ListItem","position":2,"name":"Shop","item":"https:\/\/dutchhealthstore.com\/de\/shop-2\/"},{"@type":"ListItem","position":3,"name":"Neroli Grapefruit Blossom Essential Oil"}]},{"@type":"WebSite","@id":"https:\/\/dutchhealthstore.com\/de\/#website","url":"https:\/\/dutchhealthstore.com\/de\/","name":"Dutch Health Store","description":"Enhance Your Beauty with Organic &amp; Natural Skincare","publisher":{"@id":"https:\/\/dutchhealthstore.com\/de\/#organization"},"potentialAction":[{"@type":"SearchAction","target":{"@type":"EntryPoint","urlTemplate":"https:\/\/dutchhealthstore.com\/de\/?s={search_term_string}"},"query-input":{"@type":"PropertyValueSpecification","valueRequired":true,"valueName":"search_term_string"}}],"inLanguage":"de"},{"@type":"Organization","@id":"https:\/\/dutchhealthstore.com\/de\/#organization","name":"Dutch Health Store","url":"https:\/\/dutchhealthstore.com\/de\/","logo":{"@type":"ImageObject","inLanguage":"de","@id":"https:\/\/dutchhealthstore.com\/de\/#\/schema\/logo\/image\/","url":"https:\/\/dutchhealthstore.com\/wp-content\/uploads\/2020\/08\/logo-dutchhealthstore-jpg-e1599484957574.jpg","contentUrl":"https:\/\/dutchhealthstore.com\/wp-content\/uploads\/2020\/08\/logo-dutchhealthstore-jpg-e1599484957574.jpg","width":400,"height":62,"caption":"Dutch Health Store"},"image":{"@id":"https:\/\/dutchhealthstore.com\/de\/#\/schema\/logo\/image\/"},"sameAs":["https:\/\/www.instagram.com\/dutchhealthstore\/","https:\/\/www.facebook.com\/dutchhealthstore"]}]},"product_brand":"Living Libations","product_price_amount":"90.00","product_price_currency":"EUR","og_availability":"instock","product_availability":"instock","product_condition":"new"},"_links":{"self":[{"href":"https:\/\/dutchhealthstore.com\/de\/wp-json\/wp\/v2\/product\/139998","targetHints":{"allow":["GET"]}}],"collection":[{"href":"https:\/\/dutchhealthstore.com\/de\/wp-json\/wp\/v2\/product"}],"about":[{"href":"https:\/\/dutchhealthstore.com\/de\/wp-json\/wp\/v2\/types\/product"}],"replies":[{"embeddable":true,"href":"https:\/\/dutchhealthstore.com\/de\/wp-json\/wp\/v2\/comments?post=139998"}],"wp:featuredmedia":[{"embeddable":true,"href":"https:\/\/dutchhealthstore.com\/de\/wp-json\/wp\/v2\/media\/139987"}],"wp:attachment":[{"href":"https:\/\/dutchhealthstore.com\/de\/wp-json\/wp\/v2\/media?parent=139998"}],"wp:term":[{"taxonomy":"product_brand","embeddable":true,"href":"https:\/\/dutchhealthstore.com\/de\/wp-json\/wp\/v2\/product_brand?post=139998"},{"taxonomy":"product_cat","embeddable":true,"href":"https:\/\/dutchhealthstore.com\/de\/wp-json\/wp\/v2\/product_cat?post=139998"},{"taxonomy":"product_tag","embeddable":true,"href":"https:\/\/dutchhealthstore.com\/de\/wp-json\/wp\/v2\/product_tag?post=139998"}],"curies":[{"name":"wp","href":"https:\/\/api.w.org\/{rel}","templated":true}]}}