{"id":139894,"date":"2021-01-19T10:53:44","date_gmt":"2021-01-19T09:53:44","guid":{"rendered":"https:\/\/dutchhealthstore.com\/product\/jasmine-attar-chameli-essential-oil\/"},"modified":"2026-01-25T22:36:03","modified_gmt":"2026-01-25T21:36:03","slug":"jasmine-attar-chameli-essential-oil","status":"publish","type":"product","link":"https:\/\/dutchhealthstore.com\/de\/product\/jasmine-attar-chameli-essential-oil\/","title":{"rendered":"Jasmine Attar Chameli Essential Oil"},"content":{"rendered":"<p><strong><a href=\"https:\/\/dutchhealthstore.com\/wp-content\/uploads\/2019\/08\/NEW-Living-Libations-Logo.jpg\"><img decoding=\"async\" class=\"size-full wp-image-69549 alignright\" src=\"https:\/\/dutchhealthstore.com\/wp-content\/uploads\/2019\/08\/NEW-Living-Libations-Logo.jpg\" alt=\"NEW - Living Libations - Logo\" width=\"175\" height=\"82\"><\/a>Botanischer Name<\/strong>: Jasminum grandiflorum + Santalum album<br \/>\n<strong>Botanische Familie<\/strong>: Oleaceae<br \/>\n<strong>Extraktionsverfahren:<\/strong> Dampfdestilliert<br \/>\n<strong>Teil der Pflanze Destilliert<\/strong>: Jasmine Grandiflorum-Bl\u00fcten und Sandelholz-Kernholz<br \/>\n<strong>Herkunftsland:<\/strong> Indien<br \/>\n<strong>Anbaumethode:<\/strong> Bio<br \/>\n<strong>Zusammensetzung<\/strong>: 100% Jasminum grandiflorum co-destilliert mit Santalum album &#8211; 1 : 4 Verd\u00fcnnung in Jojoba<br \/>\n<strong>Konsistenz<\/strong>: Mittlere Viskosit\u00e4t.<\/p>\n<h3>Beschreibung des Duftes<\/h3>\n<p>Ein strahlender, blumiger Duft mit einem s\u00fc\u00dfen Hauch beschwingter Beeren, eingebettet in einen cremigen Sandelholztraum. Fruchtiger und femininer als Motia.<\/p>\n<h3>Gut mischbar mit<\/h3>\n<p>Sch\u00f6n und vollst\u00e4ndig als Attar und kann zu Jasmin, Rose, Ylang, Sandelholz, Zeder, Nelke, Neroli, Grapefruit, Vanille, Patchouli und Zitrone hinzugef\u00fcgt werden.<\/p>\n<h3>Verwendet<\/h3>\n<p>Dieser Duftstoff ist ein sofortiges Parf\u00fcm f\u00fcr jede Pulsstelle. Diffus. Ein paar Tropfen in B\u00e4der geben. Erleichtert die Gef\u00fchle und spendet wohlige Behaglichkeit. Sinnlicher Liebestrank. Himmlisch im Haar. K\u00f6stlich dekadent, wenn man einen Tropfen als Deodorant unter jede Achselh\u00f6hle tupft. Ein wunderbarer Libido-Booster. Dieses wunderbar vollst\u00e4ndige Parf\u00fcm eignet sich perfekt f\u00fcr sich allein oder als Basisnote f\u00fcr einen epischen Akkord. Einfach zum Beduften der Haare, f\u00fcr den Intimbereich oder als Tropfen f\u00fcr ein Deodorant. Salben Sie Ihre Fu\u00dfsohlen und genie\u00dfen Sie die s\u00fc\u00dfe Sinnlichkeit des Ganzen. Baden Sie in dieser Sch\u00f6nheit, um aufgew\u00fchlte Gedanken und Spannungen abzubauen.<\/p>\n<p><strong>Gr\u00f6\u00dfe: 5 ml &#8211; 1:4 Verd\u00fcnnung in Jojoba<\/strong><\/p>\n<h3>Bio-Zutaten<\/h3>\n<p>100% Jasminum grandiflorum co-destilliert mit Santalum album.<\/p>\n<p style=\"text-align: center;\"><em>&#8222;Jasmin, die Kaiserin auf der Palette der Parf\u00fcmeure, muss vor Sonnenaufgang geerntet werden, um die volle Kraft seines zarten Duftes zu bewahren. Zerbrechlich und fl\u00fcchtig, ist Jasmin eine sch\u00f6ne Nymphe von einer Blume mit einem starken Parf\u00fcm. Eine Welt ohne Jasmin? Einfach unvorstellbar.&#8220;<\/em><br \/>\n~Jan Moran, <strong>Scent of Triumph<\/strong><\/p>\n<p style=\"text-align: center;\"><em>&#8222;Sie schob die Flasche weg und entfernte den Glasstopfen. Der Duft, der aus der Flasche str\u00f6mte, war leicht, aber berauschend. Zuerst nahm sie die reichhaltigen Noten von Nelke und Honig wahr, bevor ihre Sinne von dem sanften, samtigen Duft des Jasmins beansprucht wurden. Lily schloss die Augen und lie\u00df den aromatischen Aufguss in ihr Bewusstsein eindringen. Es gab noch ein weiteres Element, das tief im Parf\u00fcm verborgen war. Eine Schicht von Erdigkeit, die ihr Blut erw\u00e4rmte. Sandelholz.<\/em><br \/>\n<em>Lily war hingerissen. Es war ein komplexer und sch\u00f6ner Duft. Blumig und exotisch, hell und dunkel. Unglaublich sinnlich. Und das hat ihn an sie denken lassen.&#8220;<\/em><br \/>\n~Amy Sandas, <strong>The Earl<\/strong><\/p>\n<p style=\"text-align: center;\"><em>&#8222;Der Regentropfen fl\u00fcsterte dem Jasmin zu: &#8218;Bewahre mich f\u00fcr immer in deinem Herzen&#8216;.&#8220;<\/em><br \/>\n~Rabindranath Tagore<\/p>\n<p><a href=\"https:\/\/dutchhealthstore.com\/wp-content\/uploads\/2018\/02\/Living-Libations-Organic-Logo-800x89.png\"><img fetchpriority=\"high\" decoding=\"async\" class=\"size-medium wp-image-68103 aligncenter\" src=\"https:\/\/dutchhealthstore.com\/wp-content\/uploads\/2018\/02\/Living-Libations-Organic-Logo-800x89.png\" alt=\"Living Libations - Organic Logo\" width=\"800\" height=\"89\" srcset=\"https:\/\/dutchhealthstore.com\/wp-content\/uploads\/2018\/02\/Living-Libations-Organic-Logo-800x89.png 800w, https:\/\/dutchhealthstore.com\/wp-content\/uploads\/2018\/02\/Living-Libations-Organic-Logo-510x57.png 510w, https:\/\/dutchhealthstore.com\/wp-content\/uploads\/2018\/02\/Living-Libations-Organic-Logo-768x85.png 768w, https:\/\/dutchhealthstore.com\/wp-content\/uploads\/2018\/02\/Living-Libations-Organic-Logo.png 1400w\" sizes=\"(max-width: 800px) 100vw, 800px\" \/><\/a><\/p>\n","protected":false},"excerpt":{"rendered":"<p>Sinnliches Chameli ist ein saftiges Jasmin-Attar, das aus k\u00f6niglichen Jasminbl\u00fcten destilliert wird, die als grandiflorum bezeichnet werden. Die wei\u00dfen Bl\u00fcten dieser pr\u00e4chtig bl\u00fchenden Rebe verstr\u00f6men einen so strahlenden Duft, dass das Aroma schon von weitem wahrgenommen werden kann. Die Herstellung dieses kostbaren Parf\u00fcms ist ein Werk der Liebe, und das Ergebnis ist ein kleiner Schatz an reinem, konzentriertem \u00d6l. Die Gaben des Grandiflorum werden sorgf\u00e4ltig mit dem ger\u00e4ucherten Kernholz des Sandelholzbaums destilliert, um ein auffallend sinnliches Aroma zu erhalten. Sandelholz sorgt f\u00fcr ein cremiges, warmes Milieu, das den zarten Saft des Jasmins in der Tiefe unterst\u00fctzt. Die Opulenz dieses Parfums wird noch eleganter, wenn es mit der Zeit milder wird.<\/p>\n<p>1 : 4 Verd\u00fcnnung in Jojoba<\/p>\n","protected":false},"featured_media":139633,"comment_status":"open","ping_status":"closed","template":"","meta":[],"product_brand":[],"product_cat":[1508,1546,6737,1493,1210,511,6736],"product_tag":[1547],"class_list":{"0":"post-139894","1":"product","2":"type-product","3":"status-publish","4":"has-post-thumbnail","6":"product_cat-aetherische-oele-living-libations","7":"product_cat-essential-oils-living-libations-de","8":"product_cat-essential-oils-de-2","9":"product_cat-living-libations-deutschland","10":"product_cat-marken","11":"product_cat-produkte","12":"product_cat-wellness-de","13":"product_tag-essential-oil-de","14":"pa_brand-livinglibations-de","15":"pa_essential-oils-product-type-essential-oils-de","16":"pa_size-5-ml-14-dillution-in-jojoba-de","18":"first","19":"instock","20":"taxable","21":"shipping-taxable","22":"purchasable","23":"product-type-simple"},"bundled_by":[],"bundle_stock_status":"instock","bundle_stock_quantity":1,"bundle_virtual":false,"bundle_layout":"","bundle_add_to_cart_form_location":"","bundle_editable_in_cart":false,"bundle_sold_individually_context":"","bundle_item_grouping":"","bundle_min_size":"","bundle_max_size":"","bundle_price":[],"bundled_items":[],"bundle_sell_ids":[],"atum_controlled":true,"out_stock_date":null,"out_stock_threshold":null,"inheritable":false,"stock_on_hold":0,"sold_today":0,"sales_last_days":0,"out_stock_days":0,"lost_sales":0,"update_date":"2026-04-09T11:36:04","atum_locations":[],"atum_stock_status":"instock","restock_status":false,"low_stock_amount":"","sales_update_date":"2026-04-09T11:36:04","calc_backorders":null,"group_of_quantity":0,"min_quantity":0,"max_quantity":"","exclude_order_quantity_value_rules":"no","exclude_category_quantity_rules":"no","combine_variations":"no","yoast_head":"<!-- This site is optimized with the Yoast SEO Premium plugin v26.5 (Yoast SEO v26.5) - https:\/\/yoast.com\/wordpress\/plugins\/seo\/ -->\n<title>Jasmine Attar Chameli Essential Oil - Living Libations<\/title>\n<meta name=\"description\" content=\"Sinnliches Chameli ist ein saftiges Jasmin-Attar, das aus k\u00f6niglichen Jasminbl\u00fcten destilliert wird, die als grandiflorum bezeichnet werden.\" \/>\n<meta name=\"robots\" content=\"index, follow, max-snippet:-1, max-image-preview:large, max-video-preview:-1\" \/>\n<link rel=\"canonical\" href=\"https:\/\/dutchhealthstore.com\/de\/product\/jasmine-attar-chameli-essential-oil\/\" \/>\n<meta property=\"og:locale\" content=\"de_DE\" \/>\n<meta property=\"og:type\" content=\"article\" \/>\n<meta property=\"og:title\" content=\"Jasmine Attar Chameli Essential Oil - Dutch Health Store\" \/>\n<meta property=\"og:description\" content=\"Sinnliches Chameli ist ein saftiges Jasmin-Attar, das aus k\u00f6niglichen Jasminbl\u00fcten destilliert wird, die als grandiflorum bezeichnet werden.\" \/>\n<meta property=\"og:url\" content=\"https:\/\/dutchhealthstore.com\/de\/product\/jasmine-attar-chameli-essential-oil\/\" \/>\n<meta property=\"og:site_name\" content=\"Dutch Health Store\" \/>\n<meta property=\"article:publisher\" content=\"https:\/\/www.instagram.com\/dutchhealthstore\/\" \/>\n<meta property=\"article:modified_time\" content=\"2026-01-25T21:36:03+00:00\" \/>\n<meta property=\"og:image\" content=\"https:\/\/dutchhealthstore.com\/wp-content\/uploads\/2021\/01\/living-libations-jasmine-attar-chameli-essential-oil.jpg\" \/>\n\t<meta property=\"og:image:width\" content=\"500\" \/>\n\t<meta property=\"og:image:height\" content=\"500\" \/>\n\t<meta property=\"og:image:type\" content=\"image\/jpeg\" \/>\n<meta name=\"twitter:card\" content=\"summary_large_image\" \/>\n<meta name=\"twitter:label1\" content=\"Preis\" \/>\n\t<meta name=\"twitter:data1\" content=\"&euro;80,00\" \/>\n\t<meta name=\"twitter:label2\" content=\"Verf\u00fcgbarkeit\" \/>\n\t<meta name=\"twitter:data2\" content=\"Auf Lager\" \/>\n<script type=\"application\/ld+json\" class=\"yoast-schema-graph\">{\"@context\":\"https:\/\/schema.org\",\"@graph\":[{\"@type\":\"WebPage\",\"@id\":\"https:\/\/dutchhealthstore.com\/de\/product\/jasmine-attar-chameli-essential-oil\/\",\"url\":\"https:\/\/dutchhealthstore.com\/de\/product\/jasmine-attar-chameli-essential-oil\/\",\"name\":\"Jasmine Attar Chameli Essential Oil - Living Libations\",\"isPartOf\":{\"@id\":\"https:\/\/dutchhealthstore.com\/de\/#website\"},\"primaryImageOfPage\":{\"@id\":\"https:\/\/dutchhealthstore.com\/de\/product\/jasmine-attar-chameli-essential-oil\/#primaryimage\"},\"image\":{\"@id\":\"https:\/\/dutchhealthstore.com\/de\/product\/jasmine-attar-chameli-essential-oil\/#primaryimage\"},\"thumbnailUrl\":\"https:\/\/dutchhealthstore.com\/wp-content\/uploads\/2021\/01\/living-libations-jasmine-attar-chameli-essential-oil.jpg\",\"datePublished\":\"2021-01-19T09:53:44+00:00\",\"dateModified\":\"2026-01-25T21:36:03+00:00\",\"description\":\"Sinnliches Chameli ist ein saftiges Jasmin-Attar, das aus k\u00f6niglichen Jasminbl\u00fcten destilliert wird, die als grandiflorum bezeichnet werden.\",\"breadcrumb\":{\"@id\":\"https:\/\/dutchhealthstore.com\/de\/product\/jasmine-attar-chameli-essential-oil\/#breadcrumb\"},\"inLanguage\":\"de\",\"potentialAction\":[{\"@type\":\"ReadAction\",\"target\":[\"https:\/\/dutchhealthstore.com\/de\/product\/jasmine-attar-chameli-essential-oil\/\"]}]},{\"@type\":\"ImageObject\",\"inLanguage\":\"de\",\"@id\":\"https:\/\/dutchhealthstore.com\/de\/product\/jasmine-attar-chameli-essential-oil\/#primaryimage\",\"url\":\"https:\/\/dutchhealthstore.com\/wp-content\/uploads\/2021\/01\/living-libations-jasmine-attar-chameli-essential-oil.jpg\",\"contentUrl\":\"https:\/\/dutchhealthstore.com\/wp-content\/uploads\/2021\/01\/living-libations-jasmine-attar-chameli-essential-oil.jpg\",\"width\":500,\"height\":500,\"caption\":\"living libations jasmine attar chameli essential oil\"},{\"@type\":\"BreadcrumbList\",\"@id\":\"https:\/\/dutchhealthstore.com\/de\/product\/jasmine-attar-chameli-essential-oil\/#breadcrumb\",\"itemListElement\":[{\"@type\":\"ListItem\",\"position\":1,\"name\":\"Home\",\"item\":\"https:\/\/dutchhealthstore.com\/de\/\"},{\"@type\":\"ListItem\",\"position\":2,\"name\":\"Shop\",\"item\":\"https:\/\/dutchhealthstore.com\/de\/shop-2\/\"},{\"@type\":\"ListItem\",\"position\":3,\"name\":\"Jasmine Attar Chameli Essential Oil\"}]},{\"@type\":\"WebSite\",\"@id\":\"https:\/\/dutchhealthstore.com\/de\/#website\",\"url\":\"https:\/\/dutchhealthstore.com\/de\/\",\"name\":\"Dutch Health Store\",\"description\":\"Enhance Your Beauty with Organic &amp; Natural Skincare\",\"publisher\":{\"@id\":\"https:\/\/dutchhealthstore.com\/de\/#organization\"},\"potentialAction\":[{\"@type\":\"SearchAction\",\"target\":{\"@type\":\"EntryPoint\",\"urlTemplate\":\"https:\/\/dutchhealthstore.com\/de\/?s={search_term_string}\"},\"query-input\":{\"@type\":\"PropertyValueSpecification\",\"valueRequired\":true,\"valueName\":\"search_term_string\"}}],\"inLanguage\":\"de\"},{\"@type\":\"Organization\",\"@id\":\"https:\/\/dutchhealthstore.com\/de\/#organization\",\"name\":\"Dutch Health Store\",\"url\":\"https:\/\/dutchhealthstore.com\/de\/\",\"logo\":{\"@type\":\"ImageObject\",\"inLanguage\":\"de\",\"@id\":\"https:\/\/dutchhealthstore.com\/de\/#\/schema\/logo\/image\/\",\"url\":\"https:\/\/dutchhealthstore.com\/wp-content\/uploads\/2020\/08\/logo-dutchhealthstore-jpg-e1599484957574.jpg\",\"contentUrl\":\"https:\/\/dutchhealthstore.com\/wp-content\/uploads\/2020\/08\/logo-dutchhealthstore-jpg-e1599484957574.jpg\",\"width\":400,\"height\":62,\"caption\":\"Dutch Health Store\"},\"image\":{\"@id\":\"https:\/\/dutchhealthstore.com\/de\/#\/schema\/logo\/image\/\"},\"sameAs\":[\"https:\/\/www.instagram.com\/dutchhealthstore\/\",\"https:\/\/www.facebook.com\/dutchhealthstore\"]}]}<\/script>\n<meta property=\"product:brand\" content=\"Living Libations\" \/>\n<meta property=\"product:price:amount\" content=\"80.00\" \/>\n<meta property=\"product:price:currency\" content=\"EUR\" \/>\n<meta property=\"og:availability\" content=\"instock\" \/>\n<meta property=\"product:availability\" content=\"instock\" \/>\n<meta property=\"product:condition\" content=\"new\" \/>\n<!-- \/ Yoast SEO Premium plugin. -->","yoast_head_json":{"title":"Jasmine Attar Chameli Essential Oil - Living Libations","description":"Sinnliches Chameli ist ein saftiges Jasmin-Attar, das aus k\u00f6niglichen Jasminbl\u00fcten destilliert wird, die als grandiflorum bezeichnet werden.","robots":{"index":"index","follow":"follow","max-snippet":"max-snippet:-1","max-image-preview":"max-image-preview:large","max-video-preview":"max-video-preview:-1"},"canonical":"https:\/\/dutchhealthstore.com\/de\/product\/jasmine-attar-chameli-essential-oil\/","og_locale":"de_DE","og_type":"article","og_title":"Jasmine Attar Chameli Essential Oil - Dutch Health Store","og_description":"Sinnliches Chameli ist ein saftiges Jasmin-Attar, das aus k\u00f6niglichen Jasminbl\u00fcten destilliert wird, die als grandiflorum bezeichnet werden.","og_url":"https:\/\/dutchhealthstore.com\/de\/product\/jasmine-attar-chameli-essential-oil\/","og_site_name":"Dutch Health Store","article_publisher":"https:\/\/www.instagram.com\/dutchhealthstore\/","article_modified_time":"2026-01-25T21:36:03+00:00","og_image":[{"width":500,"height":500,"url":"https:\/\/dutchhealthstore.com\/wp-content\/uploads\/2021\/01\/living-libations-jasmine-attar-chameli-essential-oil.jpg","type":"image\/jpeg"}],"twitter_card":"summary_large_image","twitter_misc":{"Preis":"&euro;80,00","Verf\u00fcgbarkeit":"Auf Lager"},"schema":{"@context":"https:\/\/schema.org","@graph":[{"@type":"WebPage","@id":"https:\/\/dutchhealthstore.com\/de\/product\/jasmine-attar-chameli-essential-oil\/","url":"https:\/\/dutchhealthstore.com\/de\/product\/jasmine-attar-chameli-essential-oil\/","name":"Jasmine Attar Chameli Essential Oil - Living Libations","isPartOf":{"@id":"https:\/\/dutchhealthstore.com\/de\/#website"},"primaryImageOfPage":{"@id":"https:\/\/dutchhealthstore.com\/de\/product\/jasmine-attar-chameli-essential-oil\/#primaryimage"},"image":{"@id":"https:\/\/dutchhealthstore.com\/de\/product\/jasmine-attar-chameli-essential-oil\/#primaryimage"},"thumbnailUrl":"https:\/\/dutchhealthstore.com\/wp-content\/uploads\/2021\/01\/living-libations-jasmine-attar-chameli-essential-oil.jpg","datePublished":"2021-01-19T09:53:44+00:00","dateModified":"2026-01-25T21:36:03+00:00","description":"Sinnliches Chameli ist ein saftiges Jasmin-Attar, das aus k\u00f6niglichen Jasminbl\u00fcten destilliert wird, die als grandiflorum bezeichnet werden.","breadcrumb":{"@id":"https:\/\/dutchhealthstore.com\/de\/product\/jasmine-attar-chameli-essential-oil\/#breadcrumb"},"inLanguage":"de","potentialAction":[{"@type":"ReadAction","target":["https:\/\/dutchhealthstore.com\/de\/product\/jasmine-attar-chameli-essential-oil\/"]}]},{"@type":"ImageObject","inLanguage":"de","@id":"https:\/\/dutchhealthstore.com\/de\/product\/jasmine-attar-chameli-essential-oil\/#primaryimage","url":"https:\/\/dutchhealthstore.com\/wp-content\/uploads\/2021\/01\/living-libations-jasmine-attar-chameli-essential-oil.jpg","contentUrl":"https:\/\/dutchhealthstore.com\/wp-content\/uploads\/2021\/01\/living-libations-jasmine-attar-chameli-essential-oil.jpg","width":500,"height":500,"caption":"living libations jasmine attar chameli essential oil"},{"@type":"BreadcrumbList","@id":"https:\/\/dutchhealthstore.com\/de\/product\/jasmine-attar-chameli-essential-oil\/#breadcrumb","itemListElement":[{"@type":"ListItem","position":1,"name":"Home","item":"https:\/\/dutchhealthstore.com\/de\/"},{"@type":"ListItem","position":2,"name":"Shop","item":"https:\/\/dutchhealthstore.com\/de\/shop-2\/"},{"@type":"ListItem","position":3,"name":"Jasmine Attar Chameli Essential Oil"}]},{"@type":"WebSite","@id":"https:\/\/dutchhealthstore.com\/de\/#website","url":"https:\/\/dutchhealthstore.com\/de\/","name":"Dutch Health Store","description":"Enhance Your Beauty with Organic &amp; Natural Skincare","publisher":{"@id":"https:\/\/dutchhealthstore.com\/de\/#organization"},"potentialAction":[{"@type":"SearchAction","target":{"@type":"EntryPoint","urlTemplate":"https:\/\/dutchhealthstore.com\/de\/?s={search_term_string}"},"query-input":{"@type":"PropertyValueSpecification","valueRequired":true,"valueName":"search_term_string"}}],"inLanguage":"de"},{"@type":"Organization","@id":"https:\/\/dutchhealthstore.com\/de\/#organization","name":"Dutch Health Store","url":"https:\/\/dutchhealthstore.com\/de\/","logo":{"@type":"ImageObject","inLanguage":"de","@id":"https:\/\/dutchhealthstore.com\/de\/#\/schema\/logo\/image\/","url":"https:\/\/dutchhealthstore.com\/wp-content\/uploads\/2020\/08\/logo-dutchhealthstore-jpg-e1599484957574.jpg","contentUrl":"https:\/\/dutchhealthstore.com\/wp-content\/uploads\/2020\/08\/logo-dutchhealthstore-jpg-e1599484957574.jpg","width":400,"height":62,"caption":"Dutch Health Store"},"image":{"@id":"https:\/\/dutchhealthstore.com\/de\/#\/schema\/logo\/image\/"},"sameAs":["https:\/\/www.instagram.com\/dutchhealthstore\/","https:\/\/www.facebook.com\/dutchhealthstore"]}]},"product_brand":"Living Libations","product_price_amount":"80.00","product_price_currency":"EUR","og_availability":"instock","product_availability":"instock","product_condition":"new"},"_links":{"self":[{"href":"https:\/\/dutchhealthstore.com\/de\/wp-json\/wp\/v2\/product\/139894","targetHints":{"allow":["GET"]}}],"collection":[{"href":"https:\/\/dutchhealthstore.com\/de\/wp-json\/wp\/v2\/product"}],"about":[{"href":"https:\/\/dutchhealthstore.com\/de\/wp-json\/wp\/v2\/types\/product"}],"replies":[{"embeddable":true,"href":"https:\/\/dutchhealthstore.com\/de\/wp-json\/wp\/v2\/comments?post=139894"}],"wp:featuredmedia":[{"embeddable":true,"href":"https:\/\/dutchhealthstore.com\/de\/wp-json\/wp\/v2\/media\/139633"}],"wp:attachment":[{"href":"https:\/\/dutchhealthstore.com\/de\/wp-json\/wp\/v2\/media?parent=139894"}],"wp:term":[{"taxonomy":"product_brand","embeddable":true,"href":"https:\/\/dutchhealthstore.com\/de\/wp-json\/wp\/v2\/product_brand?post=139894"},{"taxonomy":"product_cat","embeddable":true,"href":"https:\/\/dutchhealthstore.com\/de\/wp-json\/wp\/v2\/product_cat?post=139894"},{"taxonomy":"product_tag","embeddable":true,"href":"https:\/\/dutchhealthstore.com\/de\/wp-json\/wp\/v2\/product_tag?post=139894"}],"curies":[{"name":"wp","href":"https:\/\/api.w.org\/{rel}","templated":true}]}}