{"id":139859,"date":"2021-01-19T10:50:22","date_gmt":"2021-01-19T09:50:22","guid":{"rendered":"https:\/\/dutchhealthstore.com\/product\/jasmine-attar-motia-essential-oil\/"},"modified":"2026-01-25T22:36:13","modified_gmt":"2026-01-25T21:36:13","slug":"jasmine-attar-motia-essential-oil","status":"publish","type":"product","link":"https:\/\/dutchhealthstore.com\/de\/product\/jasmine-attar-motia-essential-oil\/","title":{"rendered":"Jasmine Attar Motia Essential Oil"},"content":{"rendered":"<p><strong><a href=\"https:\/\/dutchhealthstore.com\/wp-content\/uploads\/2019\/08\/NEW-Living-Libations-Logo.jpg\"><img decoding=\"async\" class=\"size-full wp-image-69549 alignright\" src=\"https:\/\/dutchhealthstore.com\/wp-content\/uploads\/2019\/08\/NEW-Living-Libations-Logo.jpg\" alt=\"NEW - Living Libations - Logo\" width=\"175\" height=\"82\"><\/a>Botanischer Name<\/strong>: Jasminum sambac + Santalum album<br \/>\n<strong>Botanische Familie:<\/strong> Oleaceae<br \/>\n<strong>Extraktionsverfahren:<\/strong> Dampfdestilliert<br \/>\n<strong>Teil der Pflanze Destilliert<\/strong>: Jasmin Sambac Bl\u00fcten und Sandelholz Kernholz<br \/>\n<strong>Herkunftsland:<\/strong> Indien<br \/>\n<strong>Anbaumethode:<\/strong> Bio<br \/>\n<strong>Zusammensetzung<\/strong>: 100% Jasminum sambac, gemeinsam destilliert mit Santalum album<br \/>\n<strong>Konsistenz<\/strong>: Mittlere Viskosit\u00e4t. Hell bernsteinfarben.<\/p>\n<h3>Beschreibung des Duftes<\/h3>\n<p>Schw\u00fcles Sandelholz bringt das unwiderstehliche Indol der blumigen Jasmin-Noten zur Geltung. Eher erdig und unkonventionell als Chameli Attar.<\/p>\n<h3>Gut mischbar mit<\/h3>\n<p>Sch\u00f6n und vollst\u00e4ndig als Attar und kann zu Jasmin, Rose, Ylang, Sandelholz, Zeder, Nelke, Neroli, Grapefruit, Vanille, Patchouli und Zitrone hinzugef\u00fcgt werden.<\/p>\n<h3>Verwendet<\/h3>\n<p>Dieser Duftstoff ist ein sofortiges Parf\u00fcm f\u00fcr jede Pulsstelle. Diffus. Ein paar Tropfen in B\u00e4der geben. Erleichtert die Gef\u00fchle und spendet wohlige Behaglichkeit. Sinnlicher Liebestrank. Himmlisch im Haar. K\u00f6stlich dekadent, wenn man einen Tropfen als Deodorant unter jede Achselh\u00f6hle tupft. Ein wunderbarer Libido-Booster. Dieses wundersch\u00f6ne, vollst\u00e4ndige Parf\u00fcm eignet sich perfekt als alleiniges Parf\u00fcm oder als Basisnote f\u00fcr einen epischen Akkord. Einfach zum Beduften der Haare, f\u00fcr den Intimbereich oder als Tropfen f\u00fcr ein Deodorant. Salben Sie Ihre Fu\u00dfsohlen und genie\u00dfen Sie die s\u00fc\u00dfe Sinnlichkeit des Ganzen. Baden Sie in dieser Sch\u00f6nheit, um aufgew\u00fchlte Gedanken und Spannungen zu l\u00f6sen.<\/p>\n<p>K\u00f6nnte man den Duft der Bl\u00fctenbl\u00e4tter des Jasmin Sambac mit Erdstrahlen von Mondschein auspressen und zu einem \u00e4therischen Met verarbeiten, w\u00fcrde man Motia Attar herstellen, eine uralte, elegante Salbe, die f\u00fcr arabische K\u00f6nige geeignet ist und als duftende Psalmen f\u00fcr Sheba abgef\u00fcllt wird.<\/p>\n<p><strong>Gr\u00f6\u00dfe: 5 ml &#8211; 1:4 dillution in jojoba<\/strong><\/p>\n<h3>Bio-Zutaten<\/h3>\n<p>100% Jasminum sambac, co-destilliert mit Santalum album.<\/p>\n<p style=\"text-align: center;\"><em>&#8222;Ein B\u00fcschel Sternjasmin lag auf dem Weg, und Alice kniete nieder, um einen Zweig zu pfl\u00fccken, hielt ihn unter ihre Nase und atmete den Duft der eingefangenen Sonne ein.<\/em><br \/>\n~Kate Morton, <strong>The Lake House<\/strong><\/p>\n<p style=\"text-align: center;\"><em>&#8222;Es gibt eine Jahreszeit f\u00fcr diese Reifung, die Art und Weise,<\/em><br \/>\n<em>wie der Saft eines Baumes aufsteigt,<\/em><br \/>\n<em>um die Fr\u00fcchte des obersten Astes zu erf\u00fcllen,<\/em><br \/>\n<em>oder die Bewegung von Jasminranken,<\/em><br \/>\n<em>die an Spalieren klettern,<\/em><br \/>\n<em>um eine einzelne Bl\u00fcte einer Neumondflut zu zeigen&#8220;.<\/em><br \/>\n~Marjorie Evasco, <strong>Ochre Tones<\/strong><\/p>\n<p style=\"text-align: center;\"><em>&#8222;Beobachten Sie<\/em><br \/>\n<em>die Leichtigkeit des Jasmins<\/em><br \/>\n<em>des Mondes.&#8220;<\/em><br \/>\n~William Carlos Williams<\/p>\n<p style=\"text-align: center;\"><em>&#8222;In Indien wird die Jasminpflanze &#8222;K\u00f6nigin der Nacht&#8220; oder &#8222;Mondschein im Garten&#8220; genannt. Diese Pflanze mit Bl\u00fcten in der Farbe des Mondlichts verstr\u00f6mt vor allem nachts einen zauberhaften Duft. Wie das Wasser eines s\u00fc\u00dfen Flusses dringt dieser Duft in die tiefsten Schichten unserer Seele ein und \u00f6ffnet uns die T\u00fcren zu unseren Gef\u00fchlen.&#8220;<\/em><br \/>\n~Susanne Fischer-Rizzi, <strong>Complete Aromatherapy Handbook<\/strong><\/p>\n<p style=\"text-align: center;\"><em>&#8222;Er roch fantastisch. Dieser warme, sommerliche Sandelholzduft, gemischt mit Jasmin. So muss der Himmel riechen.&#8220;<\/em><br \/>\n~Colleen Houck, <strong>Tiger\u2019s Curse<\/strong><\/p>\n<p><a href=\"https:\/\/dutchhealthstore.com\/wp-content\/uploads\/2018\/02\/Living-Libations-Organic-Logo-800x89.png\"><img fetchpriority=\"high\" decoding=\"async\" class=\"size-medium wp-image-68103 aligncenter\" src=\"https:\/\/dutchhealthstore.com\/wp-content\/uploads\/2018\/02\/Living-Libations-Organic-Logo-800x89.png\" alt=\"Living Libations - Organic Logo\" width=\"800\" height=\"89\" srcset=\"https:\/\/dutchhealthstore.com\/wp-content\/uploads\/2018\/02\/Living-Libations-Organic-Logo-800x89.png 800w, https:\/\/dutchhealthstore.com\/wp-content\/uploads\/2018\/02\/Living-Libations-Organic-Logo-510x57.png 510w, https:\/\/dutchhealthstore.com\/wp-content\/uploads\/2018\/02\/Living-Libations-Organic-Logo-768x85.png 768w, https:\/\/dutchhealthstore.com\/wp-content\/uploads\/2018\/02\/Living-Libations-Organic-Logo.png 1400w\" sizes=\"(max-width: 800px) 100vw, 800px\" \/><\/a><\/p>\n","protected":false},"excerpt":{"rendered":"<p>Jasmine Attar Motia, auch bekannt als Motia Attar, verbindet den Saft des Jasmins mit dem Saft des Sandelholzes zu einem hochwertigen, unverzichtbaren Attar, der Sie in Ohnmacht fallen l\u00e4sst, weil er so sinnlich ist, und bei dem wir dankbar sind, dass wir einen wunderbaren Hauch der Substanz erhaschen k\u00f6nnen, die Liebende \u00fcber Ewigkeiten hinweg verbindet. Die von der Morgend\u00e4mmerung durchtr\u00e4nkten Jasminbl\u00fcten werden mitten in der Monsunzeit von weit verzweigten Rebst\u00f6cken geerntet und dann in einem langsamen, vierzehnt\u00e4gigen Prozess zusammen mit geh\u00e4rtetem Sandelholz destilliert, um diese Verbindung von Bl\u00fcten und Kernholzrinde einzufangen.<\/p>\n","protected":false},"featured_media":139646,"comment_status":"open","ping_status":"closed","template":"","meta":[],"product_brand":[],"product_cat":[1508,1546,6737,1493,1210,511,6736],"product_tag":[1547],"class_list":{"0":"post-139859","1":"product","2":"type-product","3":"status-publish","4":"has-post-thumbnail","6":"product_cat-aetherische-oele-living-libations","7":"product_cat-essential-oils-living-libations-de","8":"product_cat-essential-oils-de-2","9":"product_cat-living-libations-deutschland","10":"product_cat-marken","11":"product_cat-produkte","12":"product_cat-wellness-de","13":"product_tag-essential-oil-de","14":"pa_brand-livinglibations-de","15":"pa_essential-oils-product-type-essential-oils-de","16":"pa_size-5-ml-14-dillution-in-jojoba-de","18":"first","19":"outofstock","20":"taxable","21":"shipping-taxable","22":"purchasable","23":"product-type-variable"},"bundled_by":[],"bundle_stock_status":"outofstock","bundle_stock_quantity":null,"bundle_virtual":false,"bundle_layout":"","bundle_add_to_cart_form_location":"","bundle_editable_in_cart":false,"bundle_sold_individually_context":"","bundle_item_grouping":"","bundle_min_size":"","bundle_max_size":"","bundle_price":[],"bundled_items":[],"bundle_sell_ids":[],"atum_controlled":true,"out_stock_date":"2021-01-19 10:44:17","out_stock_threshold":null,"inheritable":true,"stock_on_hold":0,"sold_today":0,"sales_last_days":0,"out_stock_days":1916,"lost_sales":0,"update_date":"2026-04-20T00:07:27","atum_locations":[],"atum_stock_status":"outofstock","restock_status":false,"low_stock_amount":"","sales_update_date":"2026-04-20T00:07:27","calc_backorders":null,"group_of_quantity":0,"min_quantity":0,"max_quantity":"","exclude_order_quantity_value_rules":"no","exclude_category_quantity_rules":"no","combine_variations":"no","yoast_head":"<!-- This site is optimized with the Yoast SEO Premium plugin v26.5 (Yoast SEO v26.5) - https:\/\/yoast.com\/wordpress\/plugins\/seo\/ -->\n<title>Jasmine Attar Motia Essential Oil - Living Libations<\/title>\n<meta name=\"description\" content=\"Die von der Morgend\u00e4mmerung durchtr\u00e4nkten Jasminbl\u00fcten werden mitten in der Monsunzeit von weit verzweigten Rebst\u00f6cken geerntet und dann in einem langsamen, vierzehnt\u00e4gigen Prozess zusammen mit geh\u00e4rtetem Sandelholz destilliert, um diese Verbindung von Bl\u00fcten und Kernholzrinde einzufangen.\" \/>\n<meta name=\"robots\" content=\"index, follow, max-snippet:-1, max-image-preview:large, max-video-preview:-1\" \/>\n<link rel=\"canonical\" href=\"https:\/\/dutchhealthstore.com\/de\/product\/jasmine-attar-motia-essential-oil\/\" \/>\n<meta property=\"og:locale\" content=\"de_DE\" \/>\n<meta property=\"og:type\" content=\"article\" \/>\n<meta property=\"og:title\" content=\"Jasmine Attar Motia Essential Oil - Dutch Health Store\" \/>\n<meta property=\"og:description\" content=\"Die von der Morgend\u00e4mmerung durchtr\u00e4nkten Jasminbl\u00fcten werden mitten in der Monsunzeit von weit verzweigten Rebst\u00f6cken geerntet und dann in einem langsamen, vierzehnt\u00e4gigen Prozess zusammen mit geh\u00e4rtetem Sandelholz destilliert, um diese Verbindung von Bl\u00fcten und Kernholzrinde einzufangen.\" \/>\n<meta property=\"og:url\" content=\"https:\/\/dutchhealthstore.com\/de\/product\/jasmine-attar-motia-essential-oil\/\" \/>\n<meta property=\"og:site_name\" content=\"Dutch Health Store\" \/>\n<meta property=\"article:publisher\" content=\"https:\/\/www.instagram.com\/dutchhealthstore\/\" \/>\n<meta property=\"article:modified_time\" content=\"2026-01-25T21:36:13+00:00\" \/>\n<meta property=\"og:image\" content=\"https:\/\/dutchhealthstore.com\/wp-content\/uploads\/2021\/01\/Jasmine-Attar-Motia-Essential-Oil.jpg\" \/>\n\t<meta property=\"og:image:width\" content=\"500\" \/>\n\t<meta property=\"og:image:height\" content=\"500\" \/>\n\t<meta property=\"og:image:type\" content=\"image\/jpeg\" \/>\n<meta name=\"twitter:card\" content=\"summary_large_image\" \/>\n<meta name=\"twitter:label1\" content=\"Verf\u00fcgbarkeit\" \/>\n\t<meta name=\"twitter:data1\" content=\"ausverkauft\" \/>\n<script type=\"application\/ld+json\" class=\"yoast-schema-graph\">{\"@context\":\"https:\/\/schema.org\",\"@graph\":[{\"@type\":\"WebPage\",\"@id\":\"https:\/\/dutchhealthstore.com\/de\/product\/jasmine-attar-motia-essential-oil\/\",\"url\":\"https:\/\/dutchhealthstore.com\/de\/product\/jasmine-attar-motia-essential-oil\/\",\"name\":\"Jasmine Attar Motia Essential Oil - Living Libations\",\"isPartOf\":{\"@id\":\"https:\/\/dutchhealthstore.com\/de\/#website\"},\"primaryImageOfPage\":{\"@id\":\"https:\/\/dutchhealthstore.com\/de\/product\/jasmine-attar-motia-essential-oil\/#primaryimage\"},\"image\":{\"@id\":\"https:\/\/dutchhealthstore.com\/de\/product\/jasmine-attar-motia-essential-oil\/#primaryimage\"},\"thumbnailUrl\":\"https:\/\/dutchhealthstore.com\/wp-content\/uploads\/2021\/01\/Jasmine-Attar-Motia-Essential-Oil.jpg\",\"datePublished\":\"2021-01-19T09:50:22+00:00\",\"dateModified\":\"2026-01-25T21:36:13+00:00\",\"description\":\"Die von der Morgend\u00e4mmerung durchtr\u00e4nkten Jasminbl\u00fcten werden mitten in der Monsunzeit von weit verzweigten Rebst\u00f6cken geerntet und dann in einem langsamen, vierzehnt\u00e4gigen Prozess zusammen mit geh\u00e4rtetem Sandelholz destilliert, um diese Verbindung von Bl\u00fcten und Kernholzrinde einzufangen.\",\"breadcrumb\":{\"@id\":\"https:\/\/dutchhealthstore.com\/de\/product\/jasmine-attar-motia-essential-oil\/#breadcrumb\"},\"inLanguage\":\"de\",\"potentialAction\":[{\"@type\":\"ReadAction\",\"target\":[\"https:\/\/dutchhealthstore.com\/de\/product\/jasmine-attar-motia-essential-oil\/\"]}]},{\"@type\":\"ImageObject\",\"inLanguage\":\"de\",\"@id\":\"https:\/\/dutchhealthstore.com\/de\/product\/jasmine-attar-motia-essential-oil\/#primaryimage\",\"url\":\"https:\/\/dutchhealthstore.com\/wp-content\/uploads\/2021\/01\/Jasmine-Attar-Motia-Essential-Oil.jpg\",\"contentUrl\":\"https:\/\/dutchhealthstore.com\/wp-content\/uploads\/2021\/01\/Jasmine-Attar-Motia-Essential-Oil.jpg\",\"width\":500,\"height\":500,\"caption\":\"Jasmine Attar Motia Essential Oil\"},{\"@type\":\"BreadcrumbList\",\"@id\":\"https:\/\/dutchhealthstore.com\/de\/product\/jasmine-attar-motia-essential-oil\/#breadcrumb\",\"itemListElement\":[{\"@type\":\"ListItem\",\"position\":1,\"name\":\"Home\",\"item\":\"https:\/\/dutchhealthstore.com\/de\/\"},{\"@type\":\"ListItem\",\"position\":2,\"name\":\"Shop\",\"item\":\"https:\/\/dutchhealthstore.com\/de\/shop-2\/\"},{\"@type\":\"ListItem\",\"position\":3,\"name\":\"Jasmine Attar Motia Essential Oil\"}]},{\"@type\":\"WebSite\",\"@id\":\"https:\/\/dutchhealthstore.com\/de\/#website\",\"url\":\"https:\/\/dutchhealthstore.com\/de\/\",\"name\":\"Dutch Health Store\",\"description\":\"Enhance Your Beauty with Organic &amp; Natural Skincare\",\"publisher\":{\"@id\":\"https:\/\/dutchhealthstore.com\/de\/#organization\"},\"potentialAction\":[{\"@type\":\"SearchAction\",\"target\":{\"@type\":\"EntryPoint\",\"urlTemplate\":\"https:\/\/dutchhealthstore.com\/de\/?s={search_term_string}\"},\"query-input\":{\"@type\":\"PropertyValueSpecification\",\"valueRequired\":true,\"valueName\":\"search_term_string\"}}],\"inLanguage\":\"de\"},{\"@type\":\"Organization\",\"@id\":\"https:\/\/dutchhealthstore.com\/de\/#organization\",\"name\":\"Dutch Health Store\",\"url\":\"https:\/\/dutchhealthstore.com\/de\/\",\"logo\":{\"@type\":\"ImageObject\",\"inLanguage\":\"de\",\"@id\":\"https:\/\/dutchhealthstore.com\/de\/#\/schema\/logo\/image\/\",\"url\":\"https:\/\/dutchhealthstore.com\/wp-content\/uploads\/2020\/08\/logo-dutchhealthstore-jpg-e1599484957574.jpg\",\"contentUrl\":\"https:\/\/dutchhealthstore.com\/wp-content\/uploads\/2020\/08\/logo-dutchhealthstore-jpg-e1599484957574.jpg\",\"width\":400,\"height\":62,\"caption\":\"Dutch Health Store\"},\"image\":{\"@id\":\"https:\/\/dutchhealthstore.com\/de\/#\/schema\/logo\/image\/\"},\"sameAs\":[\"https:\/\/www.instagram.com\/dutchhealthstore\/\",\"https:\/\/www.facebook.com\/dutchhealthstore\"]}]}<\/script>\n<meta property=\"product:brand\" content=\"Living Libations\" \/>\n<meta property=\"og:availability\" content=\"out of stock\" \/>\n<meta property=\"product:availability\" content=\"out of stock\" \/>\n<meta property=\"product:condition\" content=\"new\" \/>\n<!-- \/ Yoast SEO Premium plugin. -->","yoast_head_json":{"title":"Jasmine Attar Motia Essential Oil - Living Libations","description":"Die von der Morgend\u00e4mmerung durchtr\u00e4nkten Jasminbl\u00fcten werden mitten in der Monsunzeit von weit verzweigten Rebst\u00f6cken geerntet und dann in einem langsamen, vierzehnt\u00e4gigen Prozess zusammen mit geh\u00e4rtetem Sandelholz destilliert, um diese Verbindung von Bl\u00fcten und Kernholzrinde einzufangen.","robots":{"index":"index","follow":"follow","max-snippet":"max-snippet:-1","max-image-preview":"max-image-preview:large","max-video-preview":"max-video-preview:-1"},"canonical":"https:\/\/dutchhealthstore.com\/de\/product\/jasmine-attar-motia-essential-oil\/","og_locale":"de_DE","og_type":"article","og_title":"Jasmine Attar Motia Essential Oil - Dutch Health Store","og_description":"Die von der Morgend\u00e4mmerung durchtr\u00e4nkten Jasminbl\u00fcten werden mitten in der Monsunzeit von weit verzweigten Rebst\u00f6cken geerntet und dann in einem langsamen, vierzehnt\u00e4gigen Prozess zusammen mit geh\u00e4rtetem Sandelholz destilliert, um diese Verbindung von Bl\u00fcten und Kernholzrinde einzufangen.","og_url":"https:\/\/dutchhealthstore.com\/de\/product\/jasmine-attar-motia-essential-oil\/","og_site_name":"Dutch Health Store","article_publisher":"https:\/\/www.instagram.com\/dutchhealthstore\/","article_modified_time":"2026-01-25T21:36:13+00:00","og_image":[{"width":500,"height":500,"url":"https:\/\/dutchhealthstore.com\/wp-content\/uploads\/2021\/01\/Jasmine-Attar-Motia-Essential-Oil.jpg","type":"image\/jpeg"}],"twitter_card":"summary_large_image","twitter_misc":{"Verf\u00fcgbarkeit":"ausverkauft"},"schema":{"@context":"https:\/\/schema.org","@graph":[{"@type":"WebPage","@id":"https:\/\/dutchhealthstore.com\/de\/product\/jasmine-attar-motia-essential-oil\/","url":"https:\/\/dutchhealthstore.com\/de\/product\/jasmine-attar-motia-essential-oil\/","name":"Jasmine Attar Motia Essential Oil - Living Libations","isPartOf":{"@id":"https:\/\/dutchhealthstore.com\/de\/#website"},"primaryImageOfPage":{"@id":"https:\/\/dutchhealthstore.com\/de\/product\/jasmine-attar-motia-essential-oil\/#primaryimage"},"image":{"@id":"https:\/\/dutchhealthstore.com\/de\/product\/jasmine-attar-motia-essential-oil\/#primaryimage"},"thumbnailUrl":"https:\/\/dutchhealthstore.com\/wp-content\/uploads\/2021\/01\/Jasmine-Attar-Motia-Essential-Oil.jpg","datePublished":"2021-01-19T09:50:22+00:00","dateModified":"2026-01-25T21:36:13+00:00","description":"Die von der Morgend\u00e4mmerung durchtr\u00e4nkten Jasminbl\u00fcten werden mitten in der Monsunzeit von weit verzweigten Rebst\u00f6cken geerntet und dann in einem langsamen, vierzehnt\u00e4gigen Prozess zusammen mit geh\u00e4rtetem Sandelholz destilliert, um diese Verbindung von Bl\u00fcten und Kernholzrinde einzufangen.","breadcrumb":{"@id":"https:\/\/dutchhealthstore.com\/de\/product\/jasmine-attar-motia-essential-oil\/#breadcrumb"},"inLanguage":"de","potentialAction":[{"@type":"ReadAction","target":["https:\/\/dutchhealthstore.com\/de\/product\/jasmine-attar-motia-essential-oil\/"]}]},{"@type":"ImageObject","inLanguage":"de","@id":"https:\/\/dutchhealthstore.com\/de\/product\/jasmine-attar-motia-essential-oil\/#primaryimage","url":"https:\/\/dutchhealthstore.com\/wp-content\/uploads\/2021\/01\/Jasmine-Attar-Motia-Essential-Oil.jpg","contentUrl":"https:\/\/dutchhealthstore.com\/wp-content\/uploads\/2021\/01\/Jasmine-Attar-Motia-Essential-Oil.jpg","width":500,"height":500,"caption":"Jasmine Attar Motia Essential Oil"},{"@type":"BreadcrumbList","@id":"https:\/\/dutchhealthstore.com\/de\/product\/jasmine-attar-motia-essential-oil\/#breadcrumb","itemListElement":[{"@type":"ListItem","position":1,"name":"Home","item":"https:\/\/dutchhealthstore.com\/de\/"},{"@type":"ListItem","position":2,"name":"Shop","item":"https:\/\/dutchhealthstore.com\/de\/shop-2\/"},{"@type":"ListItem","position":3,"name":"Jasmine Attar Motia Essential Oil"}]},{"@type":"WebSite","@id":"https:\/\/dutchhealthstore.com\/de\/#website","url":"https:\/\/dutchhealthstore.com\/de\/","name":"Dutch Health Store","description":"Enhance Your Beauty with Organic &amp; Natural Skincare","publisher":{"@id":"https:\/\/dutchhealthstore.com\/de\/#organization"},"potentialAction":[{"@type":"SearchAction","target":{"@type":"EntryPoint","urlTemplate":"https:\/\/dutchhealthstore.com\/de\/?s={search_term_string}"},"query-input":{"@type":"PropertyValueSpecification","valueRequired":true,"valueName":"search_term_string"}}],"inLanguage":"de"},{"@type":"Organization","@id":"https:\/\/dutchhealthstore.com\/de\/#organization","name":"Dutch Health Store","url":"https:\/\/dutchhealthstore.com\/de\/","logo":{"@type":"ImageObject","inLanguage":"de","@id":"https:\/\/dutchhealthstore.com\/de\/#\/schema\/logo\/image\/","url":"https:\/\/dutchhealthstore.com\/wp-content\/uploads\/2020\/08\/logo-dutchhealthstore-jpg-e1599484957574.jpg","contentUrl":"https:\/\/dutchhealthstore.com\/wp-content\/uploads\/2020\/08\/logo-dutchhealthstore-jpg-e1599484957574.jpg","width":400,"height":62,"caption":"Dutch Health Store"},"image":{"@id":"https:\/\/dutchhealthstore.com\/de\/#\/schema\/logo\/image\/"},"sameAs":["https:\/\/www.instagram.com\/dutchhealthstore\/","https:\/\/www.facebook.com\/dutchhealthstore"]}]},"product_brand":"Living Libations","og_availability":"out of stock","product_availability":"out of stock","product_condition":"new"},"_links":{"self":[{"href":"https:\/\/dutchhealthstore.com\/de\/wp-json\/wp\/v2\/product\/139859","targetHints":{"allow":["GET"]}}],"collection":[{"href":"https:\/\/dutchhealthstore.com\/de\/wp-json\/wp\/v2\/product"}],"about":[{"href":"https:\/\/dutchhealthstore.com\/de\/wp-json\/wp\/v2\/types\/product"}],"replies":[{"embeddable":true,"href":"https:\/\/dutchhealthstore.com\/de\/wp-json\/wp\/v2\/comments?post=139859"}],"wp:featuredmedia":[{"embeddable":true,"href":"https:\/\/dutchhealthstore.com\/de\/wp-json\/wp\/v2\/media\/139646"}],"wp:attachment":[{"href":"https:\/\/dutchhealthstore.com\/de\/wp-json\/wp\/v2\/media?parent=139859"}],"wp:term":[{"taxonomy":"product_brand","embeddable":true,"href":"https:\/\/dutchhealthstore.com\/de\/wp-json\/wp\/v2\/product_brand?post=139859"},{"taxonomy":"product_cat","embeddable":true,"href":"https:\/\/dutchhealthstore.com\/de\/wp-json\/wp\/v2\/product_cat?post=139859"},{"taxonomy":"product_tag","embeddable":true,"href":"https:\/\/dutchhealthstore.com\/de\/wp-json\/wp\/v2\/product_tag?post=139859"}],"curies":[{"name":"wp","href":"https:\/\/api.w.org\/{rel}","templated":true}]}}