{"id":139811,"date":"2021-01-19T09:28:32","date_gmt":"2021-01-19T08:28:32","guid":{"rendered":"https:\/\/dutchhealthstore.com\/product\/lavender-french-fine-essential-oil\/"},"modified":"2025-07-25T15:08:28","modified_gmt":"2025-07-25T13:08:28","slug":"lavender-french-fine-essential-oil","status":"publish","type":"product","link":"https:\/\/dutchhealthstore.com\/de\/product\/lavender-french-fine-essential-oil\/","title":{"rendered":"Lavender, French Fine Essential Oil"},"content":{"rendered":"<p><strong><a href=\"https:\/\/dutchhealthstore.com\/wp-content\/uploads\/2019\/08\/NEW-Living-Libations-Logo.jpg\"><img decoding=\"async\" class=\"size-full wp-image-69549 alignright\" src=\"https:\/\/dutchhealthstore.com\/wp-content\/uploads\/2019\/08\/NEW-Living-Libations-Logo.jpg\" alt=\"NEW - Living Libations - Logo\" width=\"175\" height=\"82\"><\/a>Botanischer Name<\/strong>: Lavandula angustifolia<br \/>\n<strong>Botanische Familie<\/strong>: Lamiaceae<br \/>\n<strong>Extraktionsverfahren<\/strong>: Dampfdestilliert<br \/>\n<strong>Teil der Pflanze Destilliert<\/strong>: Bl\u00fchende Spitzen<br \/>\n<strong>Herkunftsland<\/strong>: Frankreich<br \/>\n<strong>Anbaumethode:<\/strong> Bio<br \/>\n<strong>Zusammensetzung<\/strong>: 100% Lavandula angustifolia<br \/>\n<strong>Konsistenz<\/strong>: Eine d\u00fcnne, klare bis leicht gelbe Fl\u00fcssigkeit.<\/p>\n<h3>Beschreibung des Duftes<\/h3>\n<p>Frisch, hell und blumig. Leicht s\u00fc\u00dflich.<\/p>\n<h3>Gut mischbar mit<\/h3>\n<p>Rose Otto, Spikenard, Schwarzfichte, Grapefruit, Ylang, Muskatellersalbei, Bergamotte, Pfefferminze, Zitrone, Sandelholz, Weihrauch, Anis, Fenchel, Majoran, Douglasie, S\u00fc\u00dfes Vernalgras, Bornia, Schwarze Johannisbeere und Mastix.<\/p>\n<h3>Verwendet<\/h3>\n<p>Botanischer Grundstein f\u00fcr das Gleichgewicht. L\u00e4sst die Muskeln in Massage\u00f6len schmelzen. Beruhigendes Bade\u00f6l f\u00fcr die Schlafenszeit. Pur auf die Haut auftragen, um Hautunreinheiten zu mildern, den Teint zu pflegen und Z\u00e4rtlichkeiten zu lindern. Mildert das Erscheinungsbild von Narben und Flecken. Wundersch\u00f6n auf Bettw\u00e4sche, Kissen und in Schubladen verziert. Ein feiner Duft f\u00fcr Parf\u00fcms. Verteilen Sie das Schlaflied des Lavendels in Schlafzimmern und Kinderzimmern. Zieht die Hitze von Hitzk\u00f6pfen ab, reinigt stagnierende Gef\u00fchle und beruhigt die Nerven.<\/p>\n<h3>Zusammensetzung<\/h3>\n<p>Ester, Monoterpene, Monoterpenole; bis zu 45% Linalool, bis zu 40% Linalylacetat und h\u00f6chstens 6% Kampfer.<\/p>\n<p>French Fine Lavender Essential Oil ist frisch und strahlend und strotzt vor der Energie von Bio-Pflanzen, die aus fruchtbarem Saatgut und nicht aus anderen Vermehrungsformen gezogen werden. Die Pflanzen werden in den franz\u00f6sischen Alpen angebaut, wo die niedrigeren Lufttemperaturen die aromatischen \u00d6le verst\u00e4rken. Die Bl\u00fcten werden mit Wasserdampf destilliert, um die exquisiten botanischen Verbindungen zu erhalten, die diese fabelhafte Essenz so fein machen. Dieser besondere Lavendel, der in Frankreich als Lavande population bekannt ist, wird in 800 m H\u00f6he angebaut und ist speziell als AOC (appellation d&#8217;origine controll\u00e9e) zertifiziert.<\/p>\n<p>Aromatherapeutisch gesehen ist der French Fine Lavender ein Elixier f\u00fcr K\u00f6rper und Geist bei \u00dcberanstrengung. Es beruhigt das Gehirn und ist ein beruhigendes Allheilmittel f\u00fcr verspannte Muskeln und zarte, geschwollene Haut.<\/p>\n<p>Botanisch gesehen bietet echter Lavendel eine wohlwollende Grundlage f\u00fcr das Gleichgewicht von K\u00f6rper und Geist. Wir bieten ein Dreigestirn sch\u00f6ner Lavendel an; unser feiner Lavendel ist ein klassischer franz\u00f6sischer Lavendel, der urspr\u00fcnglich aus Wildsamen stammt. Unser hochalpiner Lavendel ist unvergleichlich pudrig, ultra-elegant und hat die h\u00f6chsten Ester f\u00fcr eine exquisite Hautpflege. Und unser bulgarischer Lavendel ist eine vielseitige Essenz, ein Schweizer Armeemesser der Aromatherapie: immer griffbereit, angenehm praktisch und wunderbar f\u00fcr, nun ja, alles! Ein Trio aus allen dreien ist sicherlich eine gro\u00dfe Freude f\u00fcr sensorische Genie\u00dfer, die gerne die sanften Feinheiten der D\u00fcfte und des Geistes kennenlernen, die jede Essenz mit sich bringt.<\/p>\n<p><strong>Gr\u00f6\u00dfe: 5 ml<\/strong><\/p>\n<h3>Bio-Zutaten<\/h3>\n<p>100% franz\u00f6sischer Lavendel (Lavandula angustifolia), feines \u00e4therisches \u00d6l.<\/p>\n<p style=\"text-align: center;\"><em>&#8222;Das gro\u00dfe Thema, das sich aus der Gesamtheit der therapeutischen Wirkungen des Lavendels ergibt, ist ein Gleichgewicht zwischen Entspannung und Wiederherstellung, gefolgt von einer regulierenden Wirkung.<\/em><br \/>\n~Peter Holmes, <strong>Aromatica<\/strong><\/p>\n<p><a href=\"https:\/\/dutchhealthstore.com\/wp-content\/uploads\/2018\/02\/Living-Libations-Organic-Logo-800x89.png\"><img fetchpriority=\"high\" decoding=\"async\" class=\"size-medium wp-image-68103 aligncenter\" src=\"https:\/\/dutchhealthstore.com\/wp-content\/uploads\/2018\/02\/Living-Libations-Organic-Logo-800x89.png\" alt=\"Living Libations - Organic Logo\" width=\"800\" height=\"89\" srcset=\"https:\/\/dutchhealthstore.com\/wp-content\/uploads\/2018\/02\/Living-Libations-Organic-Logo-800x89.png 800w, https:\/\/dutchhealthstore.com\/wp-content\/uploads\/2018\/02\/Living-Libations-Organic-Logo-510x57.png 510w, https:\/\/dutchhealthstore.com\/wp-content\/uploads\/2018\/02\/Living-Libations-Organic-Logo-768x85.png 768w, https:\/\/dutchhealthstore.com\/wp-content\/uploads\/2018\/02\/Living-Libations-Organic-Logo.png 1400w\" sizes=\"(max-width: 800px) 100vw, 800px\" \/><\/a><\/p>\n","protected":false},"excerpt":{"rendered":"<p>French Fine Lavender ist das legend\u00e4re Lavendeljuwel von Living Libations. Dieser feine, blumige und erfrischende Duft wird von unserem franz\u00f6sischen Lavendeldestillateur in vierter Generation destilliert und gilt als die Schnittstelle zwischen dem hochwertigsten \u00d6l und dem besten Preis-Leistungs-Verh\u00e4ltnis. Dieser \u00fcppige, liebliche Lavendel ist sehr vielseitig, k\u00f6niglich erholsam und klug s\u00fc\u00df.<\/p>\n","protected":false},"featured_media":139621,"comment_status":"open","ping_status":"closed","template":"","meta":[],"product_brand":[],"product_cat":[1508,1546,6737,1493,1210,511,6736],"product_tag":[1547],"class_list":{"0":"post-139811","1":"product","2":"type-product","3":"status-publish","4":"has-post-thumbnail","6":"product_cat-aetherische-oele-living-libations","7":"product_cat-essential-oils-living-libations-de","8":"product_cat-essential-oils-de-2","9":"product_cat-living-libations-deutschland","10":"product_cat-marken","11":"product_cat-produkte","12":"product_cat-wellness-de","13":"product_tag-essential-oil-de","14":"pa_brand-livinglibations-de","15":"pa_essential-oils-product-type-essential-oils-de","16":"pa_size-5-ml-de","18":"first","19":"instock","20":"taxable","21":"shipping-taxable","22":"purchasable","23":"product-type-simple"},"bundled_by":[],"bundle_stock_status":"instock","bundle_stock_quantity":1,"bundle_virtual":false,"bundle_layout":"","bundle_add_to_cart_form_location":"","bundle_editable_in_cart":false,"bundle_sold_individually_context":"","bundle_item_grouping":"","bundle_min_size":"","bundle_max_size":"","bundle_price":[],"bundled_items":[],"bundle_sell_ids":[],"atum_controlled":true,"out_stock_date":null,"out_stock_threshold":null,"inheritable":false,"stock_on_hold":1,"sold_today":1,"sales_last_days":1,"out_stock_days":0,"lost_sales":0,"update_date":"2026-05-07T11:08:12","atum_locations":[],"atum_stock_status":"instock","restock_status":true,"low_stock_amount":"","sales_update_date":"2026-05-07T11:08:12","calc_backorders":null,"group_of_quantity":0,"min_quantity":0,"max_quantity":"","exclude_order_quantity_value_rules":"no","exclude_category_quantity_rules":"no","combine_variations":"no","yoast_head":"<!-- This site is optimized with the Yoast SEO Premium plugin v26.5 (Yoast SEO v26.5) - https:\/\/yoast.com\/wordpress\/plugins\/seo\/ -->\n<title>Lavender, French Fine Essential Oil - Living Libations<\/title>\n<meta name=\"description\" content=\"Dieser \u00fcppige, liebliche Lavendel ist sehr vielseitig, k\u00f6niglich erholsam und klug s\u00fc\u00df.\" \/>\n<meta name=\"robots\" content=\"index, follow, max-snippet:-1, max-image-preview:large, max-video-preview:-1\" \/>\n<link rel=\"canonical\" href=\"https:\/\/dutchhealthstore.com\/de\/product\/lavender-french-fine-essential-oil\/\" \/>\n<meta property=\"og:locale\" content=\"de_DE\" \/>\n<meta property=\"og:type\" content=\"article\" \/>\n<meta property=\"og:title\" content=\"Lavender, French Fine Essential Oil - Dutch Health Store\" \/>\n<meta property=\"og:description\" content=\"Dieser \u00fcppige, liebliche Lavendel ist sehr vielseitig, k\u00f6niglich erholsam und klug s\u00fc\u00df.\" \/>\n<meta property=\"og:url\" content=\"https:\/\/dutchhealthstore.com\/de\/product\/lavender-french-fine-essential-oil\/\" \/>\n<meta property=\"og:site_name\" content=\"Dutch Health Store\" \/>\n<meta property=\"article:publisher\" content=\"https:\/\/www.instagram.com\/dutchhealthstore\/\" \/>\n<meta property=\"article:modified_time\" content=\"2025-07-25T13:08:28+00:00\" \/>\n<meta property=\"og:image\" content=\"https:\/\/dutchhealthstore.com\/wp-content\/uploads\/2021\/01\/living-libations-lavender-french-fine-essential-oil.jpg\" \/>\n\t<meta property=\"og:image:width\" content=\"500\" \/>\n\t<meta property=\"og:image:height\" content=\"500\" \/>\n\t<meta property=\"og:image:type\" content=\"image\/jpeg\" \/>\n<meta name=\"twitter:card\" content=\"summary_large_image\" \/>\n<meta name=\"twitter:label1\" content=\"Preis\" \/>\n\t<meta name=\"twitter:data1\" content=\"&euro;21,00\" \/>\n\t<meta name=\"twitter:label2\" content=\"Verf\u00fcgbarkeit\" \/>\n\t<meta name=\"twitter:data2\" content=\"Auf Lager\" \/>\n<script type=\"application\/ld+json\" class=\"yoast-schema-graph\">{\"@context\":\"https:\/\/schema.org\",\"@graph\":[{\"@type\":\"WebPage\",\"@id\":\"https:\/\/dutchhealthstore.com\/de\/product\/lavender-french-fine-essential-oil\/\",\"url\":\"https:\/\/dutchhealthstore.com\/de\/product\/lavender-french-fine-essential-oil\/\",\"name\":\"Lavender, French Fine Essential Oil - Living Libations\",\"isPartOf\":{\"@id\":\"https:\/\/dutchhealthstore.com\/de\/#website\"},\"primaryImageOfPage\":{\"@id\":\"https:\/\/dutchhealthstore.com\/de\/product\/lavender-french-fine-essential-oil\/#primaryimage\"},\"image\":{\"@id\":\"https:\/\/dutchhealthstore.com\/de\/product\/lavender-french-fine-essential-oil\/#primaryimage\"},\"thumbnailUrl\":\"https:\/\/dutchhealthstore.com\/wp-content\/uploads\/2021\/01\/living-libations-lavender-french-fine-essential-oil.jpg\",\"datePublished\":\"2021-01-19T08:28:32+00:00\",\"dateModified\":\"2025-07-25T13:08:28+00:00\",\"description\":\"Dieser \u00fcppige, liebliche Lavendel ist sehr vielseitig, k\u00f6niglich erholsam und klug s\u00fc\u00df.\",\"breadcrumb\":{\"@id\":\"https:\/\/dutchhealthstore.com\/de\/product\/lavender-french-fine-essential-oil\/#breadcrumb\"},\"inLanguage\":\"de\",\"potentialAction\":[{\"@type\":\"ReadAction\",\"target\":[\"https:\/\/dutchhealthstore.com\/de\/product\/lavender-french-fine-essential-oil\/\"]}]},{\"@type\":\"ImageObject\",\"inLanguage\":\"de\",\"@id\":\"https:\/\/dutchhealthstore.com\/de\/product\/lavender-french-fine-essential-oil\/#primaryimage\",\"url\":\"https:\/\/dutchhealthstore.com\/wp-content\/uploads\/2021\/01\/living-libations-lavender-french-fine-essential-oil.jpg\",\"contentUrl\":\"https:\/\/dutchhealthstore.com\/wp-content\/uploads\/2021\/01\/living-libations-lavender-french-fine-essential-oil.jpg\",\"width\":500,\"height\":500},{\"@type\":\"BreadcrumbList\",\"@id\":\"https:\/\/dutchhealthstore.com\/de\/product\/lavender-french-fine-essential-oil\/#breadcrumb\",\"itemListElement\":[{\"@type\":\"ListItem\",\"position\":1,\"name\":\"Home\",\"item\":\"https:\/\/dutchhealthstore.com\/de\/\"},{\"@type\":\"ListItem\",\"position\":2,\"name\":\"Shop\",\"item\":\"https:\/\/dutchhealthstore.com\/de\/shop-2\/\"},{\"@type\":\"ListItem\",\"position\":3,\"name\":\"Lavender, French Fine Essential Oil\"}]},{\"@type\":\"WebSite\",\"@id\":\"https:\/\/dutchhealthstore.com\/de\/#website\",\"url\":\"https:\/\/dutchhealthstore.com\/de\/\",\"name\":\"Dutch Health Store\",\"description\":\"Enhance Your Beauty with Organic &amp; Natural Skincare\",\"publisher\":{\"@id\":\"https:\/\/dutchhealthstore.com\/de\/#organization\"},\"potentialAction\":[{\"@type\":\"SearchAction\",\"target\":{\"@type\":\"EntryPoint\",\"urlTemplate\":\"https:\/\/dutchhealthstore.com\/de\/?s={search_term_string}\"},\"query-input\":{\"@type\":\"PropertyValueSpecification\",\"valueRequired\":true,\"valueName\":\"search_term_string\"}}],\"inLanguage\":\"de\"},{\"@type\":\"Organization\",\"@id\":\"https:\/\/dutchhealthstore.com\/de\/#organization\",\"name\":\"Dutch Health Store\",\"url\":\"https:\/\/dutchhealthstore.com\/de\/\",\"logo\":{\"@type\":\"ImageObject\",\"inLanguage\":\"de\",\"@id\":\"https:\/\/dutchhealthstore.com\/de\/#\/schema\/logo\/image\/\",\"url\":\"https:\/\/dutchhealthstore.com\/wp-content\/uploads\/2020\/08\/logo-dutchhealthstore-jpg-e1599484957574.jpg\",\"contentUrl\":\"https:\/\/dutchhealthstore.com\/wp-content\/uploads\/2020\/08\/logo-dutchhealthstore-jpg-e1599484957574.jpg\",\"width\":400,\"height\":62,\"caption\":\"Dutch Health Store\"},\"image\":{\"@id\":\"https:\/\/dutchhealthstore.com\/de\/#\/schema\/logo\/image\/\"},\"sameAs\":[\"https:\/\/www.instagram.com\/dutchhealthstore\/\",\"https:\/\/www.facebook.com\/dutchhealthstore\"]}]}<\/script>\n<meta property=\"product:brand\" content=\"Living Libations\" \/>\n<meta property=\"product:price:amount\" content=\"21.00\" \/>\n<meta property=\"product:price:currency\" content=\"EUR\" \/>\n<meta property=\"og:availability\" content=\"instock\" \/>\n<meta property=\"product:availability\" content=\"instock\" \/>\n<meta property=\"product:condition\" content=\"new\" \/>\n<!-- \/ Yoast SEO Premium plugin. -->","yoast_head_json":{"title":"Lavender, French Fine Essential Oil - Living Libations","description":"Dieser \u00fcppige, liebliche Lavendel ist sehr vielseitig, k\u00f6niglich erholsam und klug s\u00fc\u00df.","robots":{"index":"index","follow":"follow","max-snippet":"max-snippet:-1","max-image-preview":"max-image-preview:large","max-video-preview":"max-video-preview:-1"},"canonical":"https:\/\/dutchhealthstore.com\/de\/product\/lavender-french-fine-essential-oil\/","og_locale":"de_DE","og_type":"article","og_title":"Lavender, French Fine Essential Oil - Dutch Health Store","og_description":"Dieser \u00fcppige, liebliche Lavendel ist sehr vielseitig, k\u00f6niglich erholsam und klug s\u00fc\u00df.","og_url":"https:\/\/dutchhealthstore.com\/de\/product\/lavender-french-fine-essential-oil\/","og_site_name":"Dutch Health Store","article_publisher":"https:\/\/www.instagram.com\/dutchhealthstore\/","article_modified_time":"2025-07-25T13:08:28+00:00","og_image":[{"width":500,"height":500,"url":"https:\/\/dutchhealthstore.com\/wp-content\/uploads\/2021\/01\/living-libations-lavender-french-fine-essential-oil.jpg","type":"image\/jpeg"}],"twitter_card":"summary_large_image","twitter_misc":{"Preis":"&euro;21,00","Verf\u00fcgbarkeit":"Auf Lager"},"schema":{"@context":"https:\/\/schema.org","@graph":[{"@type":"WebPage","@id":"https:\/\/dutchhealthstore.com\/de\/product\/lavender-french-fine-essential-oil\/","url":"https:\/\/dutchhealthstore.com\/de\/product\/lavender-french-fine-essential-oil\/","name":"Lavender, French Fine Essential Oil - Living Libations","isPartOf":{"@id":"https:\/\/dutchhealthstore.com\/de\/#website"},"primaryImageOfPage":{"@id":"https:\/\/dutchhealthstore.com\/de\/product\/lavender-french-fine-essential-oil\/#primaryimage"},"image":{"@id":"https:\/\/dutchhealthstore.com\/de\/product\/lavender-french-fine-essential-oil\/#primaryimage"},"thumbnailUrl":"https:\/\/dutchhealthstore.com\/wp-content\/uploads\/2021\/01\/living-libations-lavender-french-fine-essential-oil.jpg","datePublished":"2021-01-19T08:28:32+00:00","dateModified":"2025-07-25T13:08:28+00:00","description":"Dieser \u00fcppige, liebliche Lavendel ist sehr vielseitig, k\u00f6niglich erholsam und klug s\u00fc\u00df.","breadcrumb":{"@id":"https:\/\/dutchhealthstore.com\/de\/product\/lavender-french-fine-essential-oil\/#breadcrumb"},"inLanguage":"de","potentialAction":[{"@type":"ReadAction","target":["https:\/\/dutchhealthstore.com\/de\/product\/lavender-french-fine-essential-oil\/"]}]},{"@type":"ImageObject","inLanguage":"de","@id":"https:\/\/dutchhealthstore.com\/de\/product\/lavender-french-fine-essential-oil\/#primaryimage","url":"https:\/\/dutchhealthstore.com\/wp-content\/uploads\/2021\/01\/living-libations-lavender-french-fine-essential-oil.jpg","contentUrl":"https:\/\/dutchhealthstore.com\/wp-content\/uploads\/2021\/01\/living-libations-lavender-french-fine-essential-oil.jpg","width":500,"height":500},{"@type":"BreadcrumbList","@id":"https:\/\/dutchhealthstore.com\/de\/product\/lavender-french-fine-essential-oil\/#breadcrumb","itemListElement":[{"@type":"ListItem","position":1,"name":"Home","item":"https:\/\/dutchhealthstore.com\/de\/"},{"@type":"ListItem","position":2,"name":"Shop","item":"https:\/\/dutchhealthstore.com\/de\/shop-2\/"},{"@type":"ListItem","position":3,"name":"Lavender, French Fine Essential Oil"}]},{"@type":"WebSite","@id":"https:\/\/dutchhealthstore.com\/de\/#website","url":"https:\/\/dutchhealthstore.com\/de\/","name":"Dutch Health Store","description":"Enhance Your Beauty with Organic &amp; Natural Skincare","publisher":{"@id":"https:\/\/dutchhealthstore.com\/de\/#organization"},"potentialAction":[{"@type":"SearchAction","target":{"@type":"EntryPoint","urlTemplate":"https:\/\/dutchhealthstore.com\/de\/?s={search_term_string}"},"query-input":{"@type":"PropertyValueSpecification","valueRequired":true,"valueName":"search_term_string"}}],"inLanguage":"de"},{"@type":"Organization","@id":"https:\/\/dutchhealthstore.com\/de\/#organization","name":"Dutch Health Store","url":"https:\/\/dutchhealthstore.com\/de\/","logo":{"@type":"ImageObject","inLanguage":"de","@id":"https:\/\/dutchhealthstore.com\/de\/#\/schema\/logo\/image\/","url":"https:\/\/dutchhealthstore.com\/wp-content\/uploads\/2020\/08\/logo-dutchhealthstore-jpg-e1599484957574.jpg","contentUrl":"https:\/\/dutchhealthstore.com\/wp-content\/uploads\/2020\/08\/logo-dutchhealthstore-jpg-e1599484957574.jpg","width":400,"height":62,"caption":"Dutch Health Store"},"image":{"@id":"https:\/\/dutchhealthstore.com\/de\/#\/schema\/logo\/image\/"},"sameAs":["https:\/\/www.instagram.com\/dutchhealthstore\/","https:\/\/www.facebook.com\/dutchhealthstore"]}]},"product_brand":"Living Libations","product_price_amount":"21.00","product_price_currency":"EUR","og_availability":"instock","product_availability":"instock","product_condition":"new"},"_links":{"self":[{"href":"https:\/\/dutchhealthstore.com\/de\/wp-json\/wp\/v2\/product\/139811","targetHints":{"allow":["GET"]}}],"collection":[{"href":"https:\/\/dutchhealthstore.com\/de\/wp-json\/wp\/v2\/product"}],"about":[{"href":"https:\/\/dutchhealthstore.com\/de\/wp-json\/wp\/v2\/types\/product"}],"replies":[{"embeddable":true,"href":"https:\/\/dutchhealthstore.com\/de\/wp-json\/wp\/v2\/comments?post=139811"}],"wp:featuredmedia":[{"embeddable":true,"href":"https:\/\/dutchhealthstore.com\/de\/wp-json\/wp\/v2\/media\/139621"}],"wp:attachment":[{"href":"https:\/\/dutchhealthstore.com\/de\/wp-json\/wp\/v2\/media?parent=139811"}],"wp:term":[{"taxonomy":"product_brand","embeddable":true,"href":"https:\/\/dutchhealthstore.com\/de\/wp-json\/wp\/v2\/product_brand?post=139811"},{"taxonomy":"product_cat","embeddable":true,"href":"https:\/\/dutchhealthstore.com\/de\/wp-json\/wp\/v2\/product_cat?post=139811"},{"taxonomy":"product_tag","embeddable":true,"href":"https:\/\/dutchhealthstore.com\/de\/wp-json\/wp\/v2\/product_tag?post=139811"}],"curies":[{"name":"wp","href":"https:\/\/api.w.org\/{rel}","templated":true}]}}