{"id":137592,"date":"2020-12-18T12:43:54","date_gmt":"2020-12-18T11:43:54","guid":{"rendered":"https:\/\/dutchhealthstore.com\/product\/mitti-attar-essential-oil\/"},"modified":"2025-02-07T15:02:19","modified_gmt":"2025-02-07T14:02:19","slug":"mitti-attar-essential-oil","status":"publish","type":"product","link":"https:\/\/dutchhealthstore.com\/de\/product\/mitti-attar-essential-oil\/","title":{"rendered":"Mitti Attar Essential Oil"},"content":{"rendered":"<p><strong><a href=\"https:\/\/dutchhealthstore.com\/wp-content\/uploads\/2019\/08\/NEW-Living-Libations-Logo.jpg\"><img decoding=\"async\" class=\"size-full wp-image-69552 alignright\" src=\"https:\/\/dutchhealthstore.com\/wp-content\/uploads\/2019\/08\/NEW-Living-Libations-Logo.jpg\" alt=\"NEW - Living Libations - Logo\" width=\"175\" height=\"82\" \/><\/a><\/strong><\/p>\n<p><strong>Botanischer Name<\/strong>: Santalum album + Mitti Backerde<br \/>\n<strong>Botanische Familie<\/strong>: Santalaceae<br \/>\n<strong>Gewinnungsmethode<\/strong>: Traditionelle Attar-Hydro-Destillation von spezieller gebrannter Erde, die zu Sandelholz destilliert wird<br \/>\n<strong>Destillierter Teil der Pflanze<\/strong> : Gebackene Erde und Kernholz.<br \/>\n<strong>Herkunftsland<\/strong> : Indien<br \/>\n<strong>Zusammensetzung<\/strong>: 100% Santalum album + Mitti gebrannte Erde<br \/>\n<strong>Konsistenz<\/strong>: Mittlere Viskosit\u00e4t<br \/>\n<strong>Anbaumethode<\/strong>: kultiviertes Sandelholz und wilder Ton<\/p>\n<h3>Geruchsbeschreibung<\/h3>\n<p>Die ersten Regentropfen fallen auf ausged\u00f6rrte Erde, umh\u00fcllt von der heiteren Umarmung des Sandelholzes.<\/p>\n<h3>Gut mischbar mit<\/h3>\n<p>Vetiver, Patchouli, Jasmin, Rose, Ylang, Nardus und Weihrauch.<\/p>\n<h3>Verwenden Sie .<\/h3>\n<p>Beruhigend in Hautseren. Fertig zur Verwendung als Parf\u00fcm oder Eau de Cologne. G\u00f6ttlich als Deodorant. Perfekt auf Pulspunkten und Meridianen f\u00fcr die Meditation. K\u00f6stlich in der Badewanne.<\/p>\n<p>Unsere mystische Mitti Attar-Essenz wurde mit Hilfe von Destillationsmethoden hergestellt, die von alten indischen Kr\u00e4uterkundigen vor \u00fcber 5000 Jahren erfunden wurden. Dieses geerdete, sch\u00f6ne Attar aus Sandelholz und Erde f\u00e4ngt die stille Poesie der Intimit\u00e4t der Erde ein, kurz nachdem es zu regnen beginnt. W\u00e4hrend viele von uns im Westen den Geruch von Regen mit dem Geruch von Tropfen, die auf den Beton treffen, assoziieren, entf\u00fchrt Sie unser Mitti Attar in eine Zeit und an einen Ort, der Lichtjahre von den gepflasterten Stra\u00dfen des modernen Lebens entfernt ist.<\/p>\n<p>Das bezaubernde Mitti Attar ist zentriert, geerdet und verkehrsg\u00fcnstig gelegen. Dieses aromatische Attar bringt Sie zur\u00fcck zu Ihrem inneren Wesen und erinnert Sie an Ihre Verbindung mit der Erde und all ihren nat\u00fcrlichen Reicht\u00fcmern.<\/p>\n<p style=\"text-align: center;\"><em>&#8222;Es scheint von irgendeinem orientalischen Gipfel aus gesprochen worden zu sein, mit einem n\u00fcchternen Morgengewissen zu Beginn der Zeit, und man kann keinen Satz lesen, ohne sich wie auf dem Tischland der Ghauts zu erheben. Sie hat einen solchen Rhythmus wie die Winde der W\u00fcste, eine solche Flut wie der Ganges, und ist der Kritik so \u00fcberlegen wie das Himmaleh-Gebirge. Der Ton ist so ungeblasen, dass er selbst an diesem sp\u00e4ten Tag, von der Zeit nicht abgenutzt, das Englische und das Sanskrit gleichg\u00fcltig tr\u00e4gt; und die festen Phrasen halten immer noch ihr fernes Feuer, wie die Sterne, von deren verstreuten Strahlen diese untere Welt erleuchtet wird&#8220;.<\/em><br \/>\n~ Henry David Thoreau, <strong>A Week on the Concord and Merrimack Rivers<\/strong><\/p>\n<p style=\"text-align: center;\"><em>&#8222;\u00d6l ist intimer, n\u00e4her an der Haut. Die beiden k\u00f6nnen gut zusammenarbeiten, und das ist etwas, was viele Nahost-Kenner entdecken. Ittars [eine andere Art, Attar zu buchstabieren] kommen aus der Erde, sie sind in gewisser Weise die Kunst der Erde und werden mit Kulturen assoziiert, die n\u00e4her an der Erde leben. Es gibt so viel, was wir von der Kunst der traditionellen Ittar-Saz lernen k\u00f6nnen.&#8220;<\/em><br \/>\n~ William Dalrymple, <strong>Scents and Sensuality<\/strong><\/p>\n<p><strong> <\/strong><\/p>\n<p><a href=\"https:\/\/dutchhealthstore.com\/wp-content\/uploads\/2018\/02\/Living-Libations-Organic-Logo-800x89.png\"><img fetchpriority=\"high\" decoding=\"async\" class=\"size-medium wp-image-68106 aligncenter\" src=\"https:\/\/dutchhealthstore.com\/wp-content\/uploads\/2018\/02\/Living-Libations-Organic-Logo-800x89.png\" alt=\"Living Libations - Organic Logo\" width=\"800\" height=\"89\" srcset=\"https:\/\/dutchhealthstore.com\/wp-content\/uploads\/2018\/02\/Living-Libations-Organic-Logo-800x89.png 800w, https:\/\/dutchhealthstore.com\/wp-content\/uploads\/2018\/02\/Living-Libations-Organic-Logo-510x57.png 510w, https:\/\/dutchhealthstore.com\/wp-content\/uploads\/2018\/02\/Living-Libations-Organic-Logo-768x85.png 768w, https:\/\/dutchhealthstore.com\/wp-content\/uploads\/2018\/02\/Living-Libations-Organic-Logo.png 1400w\" sizes=\"(max-width: 800px) 100vw, 800px\" \/><\/a><\/p>\n","protected":false},"excerpt":{"rendered":"<div><img decoding=\"async\" class=\"\" src=\"https:\/\/dutchhealthstore.com\/wp-content\/uploads\/2019\/08\/Translate-Duits-Automatische-Vertaling.png\" width=\"200\" height=\"20\" \/><\/div>\n<div>Das r\u00e4tselhafte Aroma des mystischen \u00e4therischen Mitti Attar-\u00d6ls wird perfekt durch das Wort Petrichor ausgedr\u00fcckt, den erdigen Duft, der entsteht, wenn Regen auf trockene, sonnenverw\u00f6hnte Erde f\u00e4llt. Sobald der Monsun kommt und das Leben auf die ausgetrocknete und sonnenverw\u00f6hnte Erde spritzt, erwacht die Erde und verstr\u00f6mt ihr berauschendes Aroma &#8211; das ist der Duft von Mitti Attar. Diese Essenz irdischer Ausstrahlung, die aus dem Boden um den heiligen Fluss Ganges gesammelt wird, ist das seltene, reiche, entspannende Aroma, das durch die alte orientalische Kunst der Attar-Destillation eingefangen wird.<\/div>\n","protected":false},"featured_media":137270,"comment_status":"open","ping_status":"closed","template":"","meta":[],"product_brand":[],"product_cat":[6737,1508,1546,1032,1493,1210,511,6736],"product_tag":[1547],"class_list":{"0":"post-137592","1":"product","2":"type-product","3":"status-publish","4":"has-post-thumbnail","6":"product_cat-essential-oils-de-2","7":"product_cat-aetherische-oele-living-libations","8":"product_cat-essential-oils-living-libations-de","9":"product_cat-kategorien","10":"product_cat-living-libations-deutschland","11":"product_cat-marken","12":"product_cat-produkte","13":"product_cat-wellness-de","14":"product_tag-essential-oil-de","15":"pa_brand-livinglibations-de","16":"pa_essential-oils-product-type-essential-oils-de","17":"pa_size-15-ml-de-2","18":"pa_size-5-ml-de","20":"first","21":"instock","22":"taxable","23":"shipping-taxable","24":"purchasable","25":"product-type-variable"},"bundled_by":[],"bundle_stock_status":"instock","bundle_stock_quantity":null,"bundle_virtual":false,"bundle_layout":"","bundle_add_to_cart_form_location":"","bundle_editable_in_cart":false,"bundle_sold_individually_context":"","bundle_item_grouping":"","bundle_min_size":"","bundle_max_size":"","bundle_price":[],"bundled_items":[],"bundle_sell_ids":[],"atum_controlled":true,"out_stock_date":null,"out_stock_threshold":null,"inheritable":true,"stock_on_hold":0,"sold_today":0,"sales_last_days":0,"out_stock_days":0,"lost_sales":0,"update_date":"2026-04-16T06:41:21","atum_locations":[],"atum_stock_status":"instock","restock_status":false,"low_stock_amount":"","sales_update_date":"2026-04-16T06:41:21","calc_backorders":null,"group_of_quantity":0,"min_quantity":0,"max_quantity":"","exclude_order_quantity_value_rules":"no","exclude_category_quantity_rules":"no","combine_variations":"no","yoast_head":"<!-- This site is optimized with the Yoast SEO Premium plugin v26.5 (Yoast SEO v26.5) - https:\/\/yoast.com\/wordpress\/plugins\/seo\/ -->\n<title>Mitti Attar Essential Oil - Living Libations<\/title>\n<meta name=\"description\" content=\"Mesmerizing Mitti Attar is centering, grounding, and beneficially beguiling and reminds you of your connection with the earth and all its natural bounty.\" \/>\n<meta name=\"robots\" content=\"index, follow, max-snippet:-1, max-image-preview:large, max-video-preview:-1\" \/>\n<link rel=\"canonical\" href=\"https:\/\/dutchhealthstore.com\/de\/product\/mitti-attar-essential-oil\/\" \/>\n<meta property=\"og:locale\" content=\"de_DE\" \/>\n<meta property=\"og:type\" content=\"article\" \/>\n<meta property=\"og:title\" content=\"Mitti Attar Essential Oil - Dutch Health Store\" \/>\n<meta property=\"og:description\" content=\"Mesmerizing Mitti Attar is centering, grounding, and beneficially beguiling and reminds you of your connection with the earth and all its natural bounty.\" \/>\n<meta property=\"og:url\" content=\"https:\/\/dutchhealthstore.com\/de\/product\/mitti-attar-essential-oil\/\" \/>\n<meta property=\"og:site_name\" content=\"Dutch Health Store\" \/>\n<meta property=\"article:publisher\" content=\"https:\/\/www.instagram.com\/dutchhealthstore\/\" \/>\n<meta property=\"article:modified_time\" content=\"2025-02-07T14:02:19+00:00\" \/>\n<meta property=\"og:image\" content=\"https:\/\/dutchhealthstore.com\/wp-content\/uploads\/2020\/12\/living-libations-mitti-attar-essential-oil.jpg\" \/>\n\t<meta property=\"og:image:width\" content=\"500\" \/>\n\t<meta property=\"og:image:height\" content=\"500\" \/>\n\t<meta property=\"og:image:type\" content=\"image\/jpeg\" \/>\n<meta name=\"twitter:card\" content=\"summary_large_image\" \/>\n<meta name=\"twitter:label1\" content=\"Verf\u00fcgbarkeit\" \/>\n\t<meta name=\"twitter:data1\" content=\"Auf Lager\" \/>\n<script type=\"application\/ld+json\" class=\"yoast-schema-graph\">{\"@context\":\"https:\/\/schema.org\",\"@graph\":[{\"@type\":\"WebPage\",\"@id\":\"https:\/\/dutchhealthstore.com\/de\/product\/mitti-attar-essential-oil\/\",\"url\":\"https:\/\/dutchhealthstore.com\/de\/product\/mitti-attar-essential-oil\/\",\"name\":\"Mitti Attar Essential Oil - Living Libations\",\"isPartOf\":{\"@id\":\"https:\/\/dutchhealthstore.com\/de\/#website\"},\"primaryImageOfPage\":{\"@id\":\"https:\/\/dutchhealthstore.com\/de\/product\/mitti-attar-essential-oil\/#primaryimage\"},\"image\":{\"@id\":\"https:\/\/dutchhealthstore.com\/de\/product\/mitti-attar-essential-oil\/#primaryimage\"},\"thumbnailUrl\":\"https:\/\/dutchhealthstore.com\/wp-content\/uploads\/2020\/12\/living-libations-mitti-attar-essential-oil.jpg\",\"datePublished\":\"2020-12-18T11:43:54+00:00\",\"dateModified\":\"2025-02-07T14:02:19+00:00\",\"description\":\"Mesmerizing Mitti Attar is centering, grounding, and beneficially beguiling and reminds you of your connection with the earth and all its natural bounty.\",\"breadcrumb\":{\"@id\":\"https:\/\/dutchhealthstore.com\/de\/product\/mitti-attar-essential-oil\/#breadcrumb\"},\"inLanguage\":\"de\",\"potentialAction\":[{\"@type\":\"ReadAction\",\"target\":[\"https:\/\/dutchhealthstore.com\/de\/product\/mitti-attar-essential-oil\/\"]}]},{\"@type\":\"ImageObject\",\"inLanguage\":\"de\",\"@id\":\"https:\/\/dutchhealthstore.com\/de\/product\/mitti-attar-essential-oil\/#primaryimage\",\"url\":\"https:\/\/dutchhealthstore.com\/wp-content\/uploads\/2020\/12\/living-libations-mitti-attar-essential-oil.jpg\",\"contentUrl\":\"https:\/\/dutchhealthstore.com\/wp-content\/uploads\/2020\/12\/living-libations-mitti-attar-essential-oil.jpg\",\"width\":500,\"height\":500,\"caption\":\"living libations mitti attar essential oil\"},{\"@type\":\"BreadcrumbList\",\"@id\":\"https:\/\/dutchhealthstore.com\/de\/product\/mitti-attar-essential-oil\/#breadcrumb\",\"itemListElement\":[{\"@type\":\"ListItem\",\"position\":1,\"name\":\"Home\",\"item\":\"https:\/\/dutchhealthstore.com\/de\/\"},{\"@type\":\"ListItem\",\"position\":2,\"name\":\"Shop\",\"item\":\"https:\/\/dutchhealthstore.com\/de\/shop-2\/\"},{\"@type\":\"ListItem\",\"position\":3,\"name\":\"Mitti Attar Essential Oil\"}]},{\"@type\":\"WebSite\",\"@id\":\"https:\/\/dutchhealthstore.com\/de\/#website\",\"url\":\"https:\/\/dutchhealthstore.com\/de\/\",\"name\":\"Dutch Health Store\",\"description\":\"Enhance Your Beauty with Organic &amp; Natural Skincare\",\"publisher\":{\"@id\":\"https:\/\/dutchhealthstore.com\/de\/#organization\"},\"potentialAction\":[{\"@type\":\"SearchAction\",\"target\":{\"@type\":\"EntryPoint\",\"urlTemplate\":\"https:\/\/dutchhealthstore.com\/de\/?s={search_term_string}\"},\"query-input\":{\"@type\":\"PropertyValueSpecification\",\"valueRequired\":true,\"valueName\":\"search_term_string\"}}],\"inLanguage\":\"de\"},{\"@type\":\"Organization\",\"@id\":\"https:\/\/dutchhealthstore.com\/de\/#organization\",\"name\":\"Dutch Health Store\",\"url\":\"https:\/\/dutchhealthstore.com\/de\/\",\"logo\":{\"@type\":\"ImageObject\",\"inLanguage\":\"de\",\"@id\":\"https:\/\/dutchhealthstore.com\/de\/#\/schema\/logo\/image\/\",\"url\":\"https:\/\/dutchhealthstore.com\/wp-content\/uploads\/2020\/08\/logo-dutchhealthstore-jpg-e1599484957574.jpg\",\"contentUrl\":\"https:\/\/dutchhealthstore.com\/wp-content\/uploads\/2020\/08\/logo-dutchhealthstore-jpg-e1599484957574.jpg\",\"width\":400,\"height\":62,\"caption\":\"Dutch Health Store\"},\"image\":{\"@id\":\"https:\/\/dutchhealthstore.com\/de\/#\/schema\/logo\/image\/\"},\"sameAs\":[\"https:\/\/www.instagram.com\/dutchhealthstore\/\",\"https:\/\/www.facebook.com\/dutchhealthstore\"]}]}<\/script>\n<meta property=\"product:brand\" content=\"Living Libations\" \/>\n<meta property=\"og:availability\" content=\"instock\" \/>\n<meta property=\"product:availability\" content=\"instock\" \/>\n<meta property=\"product:condition\" content=\"new\" \/>\n<!-- \/ Yoast SEO Premium plugin. -->","yoast_head_json":{"title":"Mitti Attar Essential Oil - Living Libations","description":"Mesmerizing Mitti Attar is centering, grounding, and beneficially beguiling and reminds you of your connection with the earth and all its natural bounty.","robots":{"index":"index","follow":"follow","max-snippet":"max-snippet:-1","max-image-preview":"max-image-preview:large","max-video-preview":"max-video-preview:-1"},"canonical":"https:\/\/dutchhealthstore.com\/de\/product\/mitti-attar-essential-oil\/","og_locale":"de_DE","og_type":"article","og_title":"Mitti Attar Essential Oil - Dutch Health Store","og_description":"Mesmerizing Mitti Attar is centering, grounding, and beneficially beguiling and reminds you of your connection with the earth and all its natural bounty.","og_url":"https:\/\/dutchhealthstore.com\/de\/product\/mitti-attar-essential-oil\/","og_site_name":"Dutch Health Store","article_publisher":"https:\/\/www.instagram.com\/dutchhealthstore\/","article_modified_time":"2025-02-07T14:02:19+00:00","og_image":[{"width":500,"height":500,"url":"https:\/\/dutchhealthstore.com\/wp-content\/uploads\/2020\/12\/living-libations-mitti-attar-essential-oil.jpg","type":"image\/jpeg"}],"twitter_card":"summary_large_image","twitter_misc":{"Verf\u00fcgbarkeit":"Auf Lager"},"schema":{"@context":"https:\/\/schema.org","@graph":[{"@type":"WebPage","@id":"https:\/\/dutchhealthstore.com\/de\/product\/mitti-attar-essential-oil\/","url":"https:\/\/dutchhealthstore.com\/de\/product\/mitti-attar-essential-oil\/","name":"Mitti Attar Essential Oil - Living Libations","isPartOf":{"@id":"https:\/\/dutchhealthstore.com\/de\/#website"},"primaryImageOfPage":{"@id":"https:\/\/dutchhealthstore.com\/de\/product\/mitti-attar-essential-oil\/#primaryimage"},"image":{"@id":"https:\/\/dutchhealthstore.com\/de\/product\/mitti-attar-essential-oil\/#primaryimage"},"thumbnailUrl":"https:\/\/dutchhealthstore.com\/wp-content\/uploads\/2020\/12\/living-libations-mitti-attar-essential-oil.jpg","datePublished":"2020-12-18T11:43:54+00:00","dateModified":"2025-02-07T14:02:19+00:00","description":"Mesmerizing Mitti Attar is centering, grounding, and beneficially beguiling and reminds you of your connection with the earth and all its natural bounty.","breadcrumb":{"@id":"https:\/\/dutchhealthstore.com\/de\/product\/mitti-attar-essential-oil\/#breadcrumb"},"inLanguage":"de","potentialAction":[{"@type":"ReadAction","target":["https:\/\/dutchhealthstore.com\/de\/product\/mitti-attar-essential-oil\/"]}]},{"@type":"ImageObject","inLanguage":"de","@id":"https:\/\/dutchhealthstore.com\/de\/product\/mitti-attar-essential-oil\/#primaryimage","url":"https:\/\/dutchhealthstore.com\/wp-content\/uploads\/2020\/12\/living-libations-mitti-attar-essential-oil.jpg","contentUrl":"https:\/\/dutchhealthstore.com\/wp-content\/uploads\/2020\/12\/living-libations-mitti-attar-essential-oil.jpg","width":500,"height":500,"caption":"living libations mitti attar essential oil"},{"@type":"BreadcrumbList","@id":"https:\/\/dutchhealthstore.com\/de\/product\/mitti-attar-essential-oil\/#breadcrumb","itemListElement":[{"@type":"ListItem","position":1,"name":"Home","item":"https:\/\/dutchhealthstore.com\/de\/"},{"@type":"ListItem","position":2,"name":"Shop","item":"https:\/\/dutchhealthstore.com\/de\/shop-2\/"},{"@type":"ListItem","position":3,"name":"Mitti Attar Essential Oil"}]},{"@type":"WebSite","@id":"https:\/\/dutchhealthstore.com\/de\/#website","url":"https:\/\/dutchhealthstore.com\/de\/","name":"Dutch Health Store","description":"Enhance Your Beauty with Organic &amp; Natural Skincare","publisher":{"@id":"https:\/\/dutchhealthstore.com\/de\/#organization"},"potentialAction":[{"@type":"SearchAction","target":{"@type":"EntryPoint","urlTemplate":"https:\/\/dutchhealthstore.com\/de\/?s={search_term_string}"},"query-input":{"@type":"PropertyValueSpecification","valueRequired":true,"valueName":"search_term_string"}}],"inLanguage":"de"},{"@type":"Organization","@id":"https:\/\/dutchhealthstore.com\/de\/#organization","name":"Dutch Health Store","url":"https:\/\/dutchhealthstore.com\/de\/","logo":{"@type":"ImageObject","inLanguage":"de","@id":"https:\/\/dutchhealthstore.com\/de\/#\/schema\/logo\/image\/","url":"https:\/\/dutchhealthstore.com\/wp-content\/uploads\/2020\/08\/logo-dutchhealthstore-jpg-e1599484957574.jpg","contentUrl":"https:\/\/dutchhealthstore.com\/wp-content\/uploads\/2020\/08\/logo-dutchhealthstore-jpg-e1599484957574.jpg","width":400,"height":62,"caption":"Dutch Health Store"},"image":{"@id":"https:\/\/dutchhealthstore.com\/de\/#\/schema\/logo\/image\/"},"sameAs":["https:\/\/www.instagram.com\/dutchhealthstore\/","https:\/\/www.facebook.com\/dutchhealthstore"]}]},"product_brand":"Living Libations","og_availability":"instock","product_availability":"instock","product_condition":"new"},"_links":{"self":[{"href":"https:\/\/dutchhealthstore.com\/de\/wp-json\/wp\/v2\/product\/137592","targetHints":{"allow":["GET"]}}],"collection":[{"href":"https:\/\/dutchhealthstore.com\/de\/wp-json\/wp\/v2\/product"}],"about":[{"href":"https:\/\/dutchhealthstore.com\/de\/wp-json\/wp\/v2\/types\/product"}],"replies":[{"embeddable":true,"href":"https:\/\/dutchhealthstore.com\/de\/wp-json\/wp\/v2\/comments?post=137592"}],"wp:featuredmedia":[{"embeddable":true,"href":"https:\/\/dutchhealthstore.com\/de\/wp-json\/wp\/v2\/media\/137270"}],"wp:attachment":[{"href":"https:\/\/dutchhealthstore.com\/de\/wp-json\/wp\/v2\/media?parent=137592"}],"wp:term":[{"taxonomy":"product_brand","embeddable":true,"href":"https:\/\/dutchhealthstore.com\/de\/wp-json\/wp\/v2\/product_brand?post=137592"},{"taxonomy":"product_cat","embeddable":true,"href":"https:\/\/dutchhealthstore.com\/de\/wp-json\/wp\/v2\/product_cat?post=137592"},{"taxonomy":"product_tag","embeddable":true,"href":"https:\/\/dutchhealthstore.com\/de\/wp-json\/wp\/v2\/product_tag?post=137592"}],"curies":[{"name":"wp","href":"https:\/\/api.w.org\/{rel}","templated":true}]}}