{"id":136409,"date":"2020-11-23T13:25:15","date_gmt":"2020-11-23T12:25:15","guid":{"rendered":"https:\/\/dutchhealthstore.com\/product\/frankincense-dakkara-essential-oil\/"},"modified":"2024-02-06T15:18:01","modified_gmt":"2024-02-06T15:18:01","slug":"frankincense-dakkara-essential-oil","status":"publish","type":"product","link":"https:\/\/dutchhealthstore.com\/de\/product\/frankincense-dakkara-essential-oil\/","title":{"rendered":"Frankincense Dakkara Essential Oil"},"content":{"rendered":"<p><strong><a href=\"https:\/\/dutchhealthstore.com\/wp-content\/uploads\/2018\/04\/Living_Libations-1.png\"><img decoding=\"async\" class=\"alignright size-full wp-image-37041\" src=\"https:\/\/dutchhealthstore.com\/wp-content\/uploads\/2018\/04\/Living_Libations-1.png\" alt=\"Organic &amp; Natural Beautyproducts - Living Libations\" width=\"175\" height=\"82\"><\/a>Botanischer Name<\/strong>: Boswellia neglecta<br \/>\n<strong>Botanische Familie<\/strong>: Burseraceae<br \/>\n<strong>Extraktionsverfahren<\/strong>: Dampfdestilliert<br \/>\n<strong>Teil der Pflanze Destilliert<\/strong>: Harz<br \/>\n<strong>Herkunftsland<\/strong>: Kenia<br \/>\n<strong>Anbaumethode<\/strong>: Wild gez\u00fcchtet<br \/>\n<strong>Zusammensetzung<\/strong>: 100% Boswellia neglecta<br \/>\n<strong>Konsistenz<\/strong>: Gie\u00dfbare Viskosit\u00e4t, klar in der Farbe.<br \/>\n<strong>Inhaltsstoffe<\/strong>: alpha-Pinen, alpha-Thujen, Sabinen, Terpinen-4-ol, Limonen, p-Cymol und Limonen.<\/p>\n<h3>Beschreibung des Duftes<\/h3>\n<p>Eine warme, uralte H\u00f6hle mit einer balsamischen, weihrauchartigen Kante aus Amber umh\u00fcllt ein harziges, kiefernartiges Zentrum mit einem Hauch von Zitrusfr\u00fcchten. Dakkara ist trockener und s\u00fc\u00dfer als der klassische <em>Boswellia carterii.<\/em><\/p>\n<h3>Gut mischbar mit<\/h3>\n<p>Bergamotte, Salbei, Douglasie, Galbanum, Geranie, Ingwer, Wacholderbeere, Lavendel, Myrrhe, Neroli, Eichenmoos, Opopanax, Palo Santo, Patchouli, Mandarine, Petitgrain, Rose, Rosmarin, Sandelholz, Kiefer, Ysop, Kardamom, Kapkamille, Vetiver, Ylang und Mastix.<\/p>\n<h3>Verwendet<\/h3>\n<p>Dieses uralte Adstringens ist ein hervorragendes Mittel zur Hautpflege und Sonnenschutz.<br \/>\nF\u00fcr reinigende Parfums und kognitive K\u00f6lnischwasser.<br \/>\nSp\u00fcren Sie den Fokus von Weihrauch in der Meditation und Konzentration. Dakkara Diffusion f\u00fcr einen Tempel Aufguss in den \u00e4ngstlichen Raum Ihres Hauses.<br \/>\nSt\u00e4rkend und tonisierend, in Salzpfeifen eingeatmet.<br \/>\nLiebhaber der Lunge und Freund der Ersten Hilfe.<br \/>\nWohltuend, um darin zu baden, und gut, um eine Flasche f\u00fcr schnelle Inhalationen zur Hand zu haben, um die Gedankenwelt zu ver\u00e4ndern.<br \/>\nEin wahres Tonikum f\u00fcr das allgemeine Wohlbefinden, ein Tropfen auf der Brust hilft Ihnen, Ihr Bestes zu geben, oder in der Badewanne in der Nacht ist die Vorbereitung f\u00fcr stundenlangen Schlummer.<br \/>\nBei topischer Anwendung reinigen und beleben die botanisch-biotischen und beruhigenden Eigenschaften des \u00d6ls die Haut, die etwas Streicheleinheiten braucht, lindern R\u00f6tungen, straffen den Teint, gl\u00e4tten Narben und Dehnungsstreifen und mildern feine Linien.<br \/>\nEin Klecks Dakkara wird genussvoll auf die Handfl\u00e4chen aufgetragen, aneinander gerieben und direkt eingeatmet, um schnelle Klarheit zu schaffen.<\/p>\n<p>Wie alle <em>Boswellia-Arten<\/em> wird auch das \u00e4therische \u00d6l von Dakkara aus dem Harz des Baumes destilliert, doch sind die &#8222;Perlen&#8220; dieses Baumes schwarz und von steiniger Struktur anstelle der weichen, goldenen, kristallinen Tr\u00e4nen des klassischen Weihrauchs <em>carterii<\/em>.<\/p>\n<p>Dies ist unsere f\u00fcnfte Sch\u00f6nheit aus der Boswellia-Familie, und es ist ein Segen, neue Str\u00e4nge dieser alten Telegramme zu finden, die wieder als Pr\u00fcfstein in der ewigen Zeitlinie der Weihrauch-Botschaft f\u00fcr ein Jahrtausend destilliert wurden: Auf dem Altar der Existenz m\u00f6gen wir den Tempel des K\u00f6rpers verk\u00f6rpern.<\/p>\n<p><strong>Gr\u00f6\u00dfe: 5 ml und 15 ml<\/strong><\/p>\n<h3>Bio-Zutaten<\/h3>\n<p>100 % \u00e4therisches Weihrauch-Dakkara-\u00d6l (Boswellia neglecta).<\/p>\n<p><a href=\"https:\/\/dutchhealthstore.com\/wp-content\/uploads\/2018\/03\/organic_big.png\"><img fetchpriority=\"high\" decoding=\"async\" class=\"size-full wp-image-31577 aligncenter\" src=\"https:\/\/dutchhealthstore.com\/wp-content\/uploads\/2018\/03\/organic_big.png\" alt=\"Organic and Natural - Living Libations\" width=\"623\" height=\"103\" srcset=\"https:\/\/dutchhealthstore.com\/wp-content\/uploads\/2018\/03\/organic_big.png 623w, https:\/\/dutchhealthstore.com\/wp-content\/uploads\/2018\/03\/organic_big-510x84.png 510w, https:\/\/dutchhealthstore.com\/wp-content\/uploads\/2018\/03\/organic_big-600x99.png 600w, https:\/\/dutchhealthstore.com\/wp-content\/uploads\/2018\/03\/organic_big-350x58.png 350w\" sizes=\"(max-width: 623px) 100vw, 623px\" \/><\/a><\/p>\n","protected":false},"excerpt":{"rendered":"<p><strong>Dakkara<\/strong> \u00f6ffnet die T\u00fcren der Wahrnehmung mit dem temperamentvollen Duft dieses feinen Weihrauchs der Verbindung.<br \/>\nDies ist unser f\u00fcnfter Weihrauch, und wir sind begeistert von dem erdigen, bernsteinfarbenen Weihrauch mit einem Hauch von Kampfer, den dieser alte kirchliche Duft ausstrahlt.<br \/>\nDas Erkennen von Dakkara ist ein reinigendes und kl\u00e4rendes Chrisam in jedem Kontext, verfeinert den Fokus, wacht \u00fcber die Haut und verbindet uns best\u00e4ndig mit unserem inneren Kern der Tapferkeit.<\/p>\n","protected":false},"featured_media":337417,"comment_status":"open","ping_status":"closed","template":"","meta":[],"product_brand":[],"product_cat":[1546,6737,1508,1032,1493,1210,511,6736],"product_tag":[1547],"class_list":{"0":"post-136409","1":"product","2":"type-product","3":"status-publish","4":"has-post-thumbnail","6":"product_cat-essential-oils-living-libations-de","7":"product_cat-essential-oils-de-2","8":"product_cat-aetherische-oele-living-libations","9":"product_cat-kategorien","10":"product_cat-living-libations-deutschland","11":"product_cat-marken","12":"product_cat-produkte","13":"product_cat-wellness-de","14":"product_tag-essential-oil-de","15":"pa_brand-livinglibations-de","16":"pa_essential-oils-product-type-essential-oils-de","17":"pa_size-5-ml-de","18":"pa_size-15-ml-de-2","20":"first","21":"instock","22":"taxable","23":"shipping-taxable","24":"purchasable","25":"product-type-variable"},"bundled_by":[],"bundle_stock_status":"instock","bundle_stock_quantity":null,"bundle_virtual":false,"bundle_layout":"","bundle_add_to_cart_form_location":"","bundle_editable_in_cart":false,"bundle_sold_individually_context":"","bundle_item_grouping":"","bundle_min_size":"","bundle_max_size":"","bundle_price":[],"bundled_items":[],"bundle_sell_ids":[],"atum_controlled":true,"out_stock_date":null,"out_stock_threshold":null,"inheritable":true,"stock_on_hold":0,"sold_today":0,"sales_last_days":0,"out_stock_days":0,"lost_sales":0,"update_date":"2026-04-08T01:46:51","atum_locations":[],"atum_stock_status":"instock","restock_status":false,"low_stock_amount":"","sales_update_date":"2026-04-08T01:46:51","calc_backorders":null,"group_of_quantity":0,"min_quantity":0,"max_quantity":"","exclude_order_quantity_value_rules":"no","exclude_category_quantity_rules":"no","combine_variations":"no","yoast_head":"<!-- This site is optimized with the Yoast SEO Premium plugin v26.5 (Yoast SEO v26.5) - https:\/\/yoast.com\/wordpress\/plugins\/seo\/ -->\n<title>Frankincense Dakkara Essential Oil - Living Libations<\/title>\n<meta name=\"description\" content=\"Das Erkennen von Dakkara ist ein reinigendes und kl\u00e4rendes Chrisam in jedem Kontext, verfeinert den Fokus, wacht \u00fcber die Haut und verbindet uns best\u00e4ndig mit unserem inneren Kern der Tapferkeit.\" \/>\n<meta name=\"robots\" content=\"index, follow, max-snippet:-1, max-image-preview:large, max-video-preview:-1\" \/>\n<link rel=\"canonical\" href=\"https:\/\/dutchhealthstore.com\/de\/product\/frankincense-dakkara-essential-oil\/\" \/>\n<meta property=\"og:locale\" content=\"de_DE\" \/>\n<meta property=\"og:type\" content=\"article\" \/>\n<meta property=\"og:title\" content=\"Frankincense Dakkara Essential Oil - Dutch Health Store\" \/>\n<meta property=\"og:description\" content=\"Das Erkennen von Dakkara ist ein reinigendes und kl\u00e4rendes Chrisam in jedem Kontext, verfeinert den Fokus, wacht \u00fcber die Haut und verbindet uns best\u00e4ndig mit unserem inneren Kern der Tapferkeit.\" \/>\n<meta property=\"og:url\" content=\"https:\/\/dutchhealthstore.com\/de\/product\/frankincense-dakkara-essential-oil\/\" \/>\n<meta property=\"og:site_name\" content=\"Dutch Health Store\" \/>\n<meta property=\"article:publisher\" content=\"https:\/\/www.instagram.com\/dutchhealthstore\/\" \/>\n<meta property=\"article:modified_time\" content=\"2024-02-06T15:18:01+00:00\" \/>\n<meta property=\"og:image\" content=\"https:\/\/dutchhealthstore.com\/wp-content\/uploads\/2020\/11\/Living-Libations-Frankincens-Dakkara-Essential-Oil.jpg\" \/>\n\t<meta property=\"og:image:width\" content=\"500\" \/>\n\t<meta property=\"og:image:height\" content=\"500\" \/>\n\t<meta property=\"og:image:type\" content=\"image\/jpeg\" \/>\n<meta name=\"twitter:card\" content=\"summary_large_image\" \/>\n<meta name=\"twitter:label1\" content=\"Verf\u00fcgbarkeit\" \/>\n\t<meta name=\"twitter:data1\" content=\"Auf Lager\" \/>\n<script type=\"application\/ld+json\" class=\"yoast-schema-graph\">{\"@context\":\"https:\/\/schema.org\",\"@graph\":[{\"@type\":\"WebPage\",\"@id\":\"https:\/\/dutchhealthstore.com\/de\/product\/frankincense-dakkara-essential-oil\/\",\"url\":\"https:\/\/dutchhealthstore.com\/de\/product\/frankincense-dakkara-essential-oil\/\",\"name\":\"Frankincense Dakkara Essential Oil - Living Libations\",\"isPartOf\":{\"@id\":\"https:\/\/dutchhealthstore.com\/de\/#website\"},\"primaryImageOfPage\":{\"@id\":\"https:\/\/dutchhealthstore.com\/de\/product\/frankincense-dakkara-essential-oil\/#primaryimage\"},\"image\":{\"@id\":\"https:\/\/dutchhealthstore.com\/de\/product\/frankincense-dakkara-essential-oil\/#primaryimage\"},\"thumbnailUrl\":\"https:\/\/dutchhealthstore.com\/wp-content\/uploads\/2020\/11\/2025-04-15-13_35_47-Dakkara-Frankincense-Essential-Oil-\u2013-Living-Libations-INT.jpg\",\"datePublished\":\"2020-11-23T12:25:15+00:00\",\"dateModified\":\"2024-02-06T15:18:01+00:00\",\"description\":\"Das Erkennen von Dakkara ist ein reinigendes und kl\u00e4rendes Chrisam in jedem Kontext, verfeinert den Fokus, wacht \u00fcber die Haut und verbindet uns best\u00e4ndig mit unserem inneren Kern der Tapferkeit.\",\"breadcrumb\":{\"@id\":\"https:\/\/dutchhealthstore.com\/de\/product\/frankincense-dakkara-essential-oil\/#breadcrumb\"},\"inLanguage\":\"de\",\"potentialAction\":[{\"@type\":\"ReadAction\",\"target\":[\"https:\/\/dutchhealthstore.com\/de\/product\/frankincense-dakkara-essential-oil\/\"]}]},{\"@type\":\"ImageObject\",\"inLanguage\":\"de\",\"@id\":\"https:\/\/dutchhealthstore.com\/de\/product\/frankincense-dakkara-essential-oil\/#primaryimage\",\"url\":\"https:\/\/dutchhealthstore.com\/wp-content\/uploads\/2020\/11\/2025-04-15-13_35_47-Dakkara-Frankincense-Essential-Oil-\u2013-Living-Libations-INT.jpg\",\"contentUrl\":\"https:\/\/dutchhealthstore.com\/wp-content\/uploads\/2020\/11\/2025-04-15-13_35_47-Dakkara-Frankincense-Essential-Oil-\u2013-Living-Libations-INT.jpg\",\"width\":530,\"height\":530},{\"@type\":\"BreadcrumbList\",\"@id\":\"https:\/\/dutchhealthstore.com\/de\/product\/frankincense-dakkara-essential-oil\/#breadcrumb\",\"itemListElement\":[{\"@type\":\"ListItem\",\"position\":1,\"name\":\"Home\",\"item\":\"https:\/\/dutchhealthstore.com\/de\/\"},{\"@type\":\"ListItem\",\"position\":2,\"name\":\"Shop\",\"item\":\"https:\/\/dutchhealthstore.com\/de\/shop-2\/\"},{\"@type\":\"ListItem\",\"position\":3,\"name\":\"Frankincense Dakkara Essential Oil\"}]},{\"@type\":\"WebSite\",\"@id\":\"https:\/\/dutchhealthstore.com\/de\/#website\",\"url\":\"https:\/\/dutchhealthstore.com\/de\/\",\"name\":\"Dutch Health Store\",\"description\":\"Enhance Your Beauty with Organic &amp; Natural Skincare\",\"publisher\":{\"@id\":\"https:\/\/dutchhealthstore.com\/de\/#organization\"},\"potentialAction\":[{\"@type\":\"SearchAction\",\"target\":{\"@type\":\"EntryPoint\",\"urlTemplate\":\"https:\/\/dutchhealthstore.com\/de\/?s={search_term_string}\"},\"query-input\":{\"@type\":\"PropertyValueSpecification\",\"valueRequired\":true,\"valueName\":\"search_term_string\"}}],\"inLanguage\":\"de\"},{\"@type\":\"Organization\",\"@id\":\"https:\/\/dutchhealthstore.com\/de\/#organization\",\"name\":\"Dutch Health Store\",\"url\":\"https:\/\/dutchhealthstore.com\/de\/\",\"logo\":{\"@type\":\"ImageObject\",\"inLanguage\":\"de\",\"@id\":\"https:\/\/dutchhealthstore.com\/de\/#\/schema\/logo\/image\/\",\"url\":\"https:\/\/dutchhealthstore.com\/wp-content\/uploads\/2020\/08\/logo-dutchhealthstore-jpg-e1599484957574.jpg\",\"contentUrl\":\"https:\/\/dutchhealthstore.com\/wp-content\/uploads\/2020\/08\/logo-dutchhealthstore-jpg-e1599484957574.jpg\",\"width\":400,\"height\":62,\"caption\":\"Dutch Health Store\"},\"image\":{\"@id\":\"https:\/\/dutchhealthstore.com\/de\/#\/schema\/logo\/image\/\"},\"sameAs\":[\"https:\/\/www.instagram.com\/dutchhealthstore\/\",\"https:\/\/www.facebook.com\/dutchhealthstore\"]}]}<\/script>\n<meta property=\"product:brand\" content=\"Living Libations\" \/>\n<meta property=\"og:availability\" content=\"instock\" \/>\n<meta property=\"product:availability\" content=\"instock\" \/>\n<meta property=\"product:condition\" content=\"new\" \/>\n<!-- \/ Yoast SEO Premium plugin. -->","yoast_head_json":{"title":"Frankincense Dakkara Essential Oil - Living Libations","description":"Das Erkennen von Dakkara ist ein reinigendes und kl\u00e4rendes Chrisam in jedem Kontext, verfeinert den Fokus, wacht \u00fcber die Haut und verbindet uns best\u00e4ndig mit unserem inneren Kern der Tapferkeit.","robots":{"index":"index","follow":"follow","max-snippet":"max-snippet:-1","max-image-preview":"max-image-preview:large","max-video-preview":"max-video-preview:-1"},"canonical":"https:\/\/dutchhealthstore.com\/de\/product\/frankincense-dakkara-essential-oil\/","og_locale":"de_DE","og_type":"article","og_title":"Frankincense Dakkara Essential Oil - Dutch Health Store","og_description":"Das Erkennen von Dakkara ist ein reinigendes und kl\u00e4rendes Chrisam in jedem Kontext, verfeinert den Fokus, wacht \u00fcber die Haut und verbindet uns best\u00e4ndig mit unserem inneren Kern der Tapferkeit.","og_url":"https:\/\/dutchhealthstore.com\/de\/product\/frankincense-dakkara-essential-oil\/","og_site_name":"Dutch Health Store","article_publisher":"https:\/\/www.instagram.com\/dutchhealthstore\/","article_modified_time":"2024-02-06T15:18:01+00:00","og_image":[{"width":500,"height":500,"url":"https:\/\/dutchhealthstore.com\/wp-content\/uploads\/2020\/11\/Living-Libations-Frankincens-Dakkara-Essential-Oil.jpg","type":"image\/jpeg"}],"twitter_card":"summary_large_image","twitter_misc":{"Verf\u00fcgbarkeit":"Auf Lager"},"schema":{"@context":"https:\/\/schema.org","@graph":[{"@type":"WebPage","@id":"https:\/\/dutchhealthstore.com\/de\/product\/frankincense-dakkara-essential-oil\/","url":"https:\/\/dutchhealthstore.com\/de\/product\/frankincense-dakkara-essential-oil\/","name":"Frankincense Dakkara Essential Oil - Living Libations","isPartOf":{"@id":"https:\/\/dutchhealthstore.com\/de\/#website"},"primaryImageOfPage":{"@id":"https:\/\/dutchhealthstore.com\/de\/product\/frankincense-dakkara-essential-oil\/#primaryimage"},"image":{"@id":"https:\/\/dutchhealthstore.com\/de\/product\/frankincense-dakkara-essential-oil\/#primaryimage"},"thumbnailUrl":"https:\/\/dutchhealthstore.com\/wp-content\/uploads\/2020\/11\/2025-04-15-13_35_47-Dakkara-Frankincense-Essential-Oil-\u2013-Living-Libations-INT.jpg","datePublished":"2020-11-23T12:25:15+00:00","dateModified":"2024-02-06T15:18:01+00:00","description":"Das Erkennen von Dakkara ist ein reinigendes und kl\u00e4rendes Chrisam in jedem Kontext, verfeinert den Fokus, wacht \u00fcber die Haut und verbindet uns best\u00e4ndig mit unserem inneren Kern der Tapferkeit.","breadcrumb":{"@id":"https:\/\/dutchhealthstore.com\/de\/product\/frankincense-dakkara-essential-oil\/#breadcrumb"},"inLanguage":"de","potentialAction":[{"@type":"ReadAction","target":["https:\/\/dutchhealthstore.com\/de\/product\/frankincense-dakkara-essential-oil\/"]}]},{"@type":"ImageObject","inLanguage":"de","@id":"https:\/\/dutchhealthstore.com\/de\/product\/frankincense-dakkara-essential-oil\/#primaryimage","url":"https:\/\/dutchhealthstore.com\/wp-content\/uploads\/2020\/11\/2025-04-15-13_35_47-Dakkara-Frankincense-Essential-Oil-\u2013-Living-Libations-INT.jpg","contentUrl":"https:\/\/dutchhealthstore.com\/wp-content\/uploads\/2020\/11\/2025-04-15-13_35_47-Dakkara-Frankincense-Essential-Oil-\u2013-Living-Libations-INT.jpg","width":530,"height":530},{"@type":"BreadcrumbList","@id":"https:\/\/dutchhealthstore.com\/de\/product\/frankincense-dakkara-essential-oil\/#breadcrumb","itemListElement":[{"@type":"ListItem","position":1,"name":"Home","item":"https:\/\/dutchhealthstore.com\/de\/"},{"@type":"ListItem","position":2,"name":"Shop","item":"https:\/\/dutchhealthstore.com\/de\/shop-2\/"},{"@type":"ListItem","position":3,"name":"Frankincense Dakkara Essential Oil"}]},{"@type":"WebSite","@id":"https:\/\/dutchhealthstore.com\/de\/#website","url":"https:\/\/dutchhealthstore.com\/de\/","name":"Dutch Health Store","description":"Enhance Your Beauty with Organic &amp; Natural Skincare","publisher":{"@id":"https:\/\/dutchhealthstore.com\/de\/#organization"},"potentialAction":[{"@type":"SearchAction","target":{"@type":"EntryPoint","urlTemplate":"https:\/\/dutchhealthstore.com\/de\/?s={search_term_string}"},"query-input":{"@type":"PropertyValueSpecification","valueRequired":true,"valueName":"search_term_string"}}],"inLanguage":"de"},{"@type":"Organization","@id":"https:\/\/dutchhealthstore.com\/de\/#organization","name":"Dutch Health Store","url":"https:\/\/dutchhealthstore.com\/de\/","logo":{"@type":"ImageObject","inLanguage":"de","@id":"https:\/\/dutchhealthstore.com\/de\/#\/schema\/logo\/image\/","url":"https:\/\/dutchhealthstore.com\/wp-content\/uploads\/2020\/08\/logo-dutchhealthstore-jpg-e1599484957574.jpg","contentUrl":"https:\/\/dutchhealthstore.com\/wp-content\/uploads\/2020\/08\/logo-dutchhealthstore-jpg-e1599484957574.jpg","width":400,"height":62,"caption":"Dutch Health Store"},"image":{"@id":"https:\/\/dutchhealthstore.com\/de\/#\/schema\/logo\/image\/"},"sameAs":["https:\/\/www.instagram.com\/dutchhealthstore\/","https:\/\/www.facebook.com\/dutchhealthstore"]}]},"product_brand":"Living Libations","og_availability":"instock","product_availability":"instock","product_condition":"new"},"_links":{"self":[{"href":"https:\/\/dutchhealthstore.com\/de\/wp-json\/wp\/v2\/product\/136409","targetHints":{"allow":["GET"]}}],"collection":[{"href":"https:\/\/dutchhealthstore.com\/de\/wp-json\/wp\/v2\/product"}],"about":[{"href":"https:\/\/dutchhealthstore.com\/de\/wp-json\/wp\/v2\/types\/product"}],"replies":[{"embeddable":true,"href":"https:\/\/dutchhealthstore.com\/de\/wp-json\/wp\/v2\/comments?post=136409"}],"wp:featuredmedia":[{"embeddable":true,"href":"https:\/\/dutchhealthstore.com\/de\/wp-json\/wp\/v2\/media\/337417"}],"wp:attachment":[{"href":"https:\/\/dutchhealthstore.com\/de\/wp-json\/wp\/v2\/media?parent=136409"}],"wp:term":[{"taxonomy":"product_brand","embeddable":true,"href":"https:\/\/dutchhealthstore.com\/de\/wp-json\/wp\/v2\/product_brand?post=136409"},{"taxonomy":"product_cat","embeddable":true,"href":"https:\/\/dutchhealthstore.com\/de\/wp-json\/wp\/v2\/product_cat?post=136409"},{"taxonomy":"product_tag","embeddable":true,"href":"https:\/\/dutchhealthstore.com\/de\/wp-json\/wp\/v2\/product_tag?post=136409"}],"curies":[{"name":"wp","href":"https:\/\/api.w.org\/{rel}","templated":true}]}}