{"id":136405,"date":"2020-11-23T11:16:44","date_gmt":"2020-11-23T10:16:44","guid":{"rendered":"https:\/\/dutchhealthstore.com\/product\/balsam-peru-essential-oil\/"},"modified":"2024-03-11T07:59:40","modified_gmt":"2024-03-11T07:59:40","slug":"balsam-peru-essential-oil","status":"publish","type":"product","link":"https:\/\/dutchhealthstore.com\/de\/product\/balsam-peru-essential-oil\/","title":{"rendered":"Balsam Peru Essential Oil"},"content":{"rendered":"<p><strong><a href=\"https:\/\/dutchhealthstore.com\/wp-content\/uploads\/2018\/04\/Living_Libations-1.png\"><img decoding=\"async\" class=\"alignright size-full wp-image-37041\" src=\"https:\/\/dutchhealthstore.com\/wp-content\/uploads\/2018\/04\/Living_Libations-1.png\" alt=\"Organic &amp; Natural Beautyproducts - Living Libations\" width=\"175\" height=\"82\"><\/a>Botanischer Name<\/strong>: Myroxylon balsamum<br \/>\n<strong>Botanische Familie<\/strong>: Fabaceae<br \/>\n<strong>Extraktionsverfahren<\/strong>: Dampfdestilliert<br \/>\n<strong>Teil der Pflanze Destilliert<\/strong>: Harz<br \/>\n<strong>Herkunftsland:<\/strong> Peru<br \/>\n<strong>Anbaumethode:<\/strong> Wild gez\u00fcchtet<br \/>\n<strong>Zusammensetzung:<\/strong> 100% Myroxylon balsamum<br \/>\n<strong>Konsistenz:<\/strong> Dickfl\u00fcssig, bernsteinfarben und manchmal kristallin.<br \/>\n<strong>Inhaltsstoffe:<\/strong> Ester der Benzoes\u00e4ure, Zimts\u00e4uren, Vanillin.<br \/>\n<strong>Kontraindikationen:<\/strong> Vor Gebrauch immer verd\u00fcnnen. Empfindliche Hauttypen sollten vor der Anwendung einen Patch-Test durchf\u00fchren.<\/p>\n<h3>Beschreibung des Duftes<\/h3>\n<p>K\u00f6stliches Aroma mit weichen Zimt- und Karamellnoten und einer sanften balsamischen Basisnote, erw\u00e4rmt durch einen pudrigen Vanillekern.<\/p>\n<h3>Gut mischbar mit<\/h3>\n<p>Zeder, Kardamom, Zimt, Nelke, Orange, Patchouli, Sandelholz, Ylang, Jasmin, Vetiver, Zitrone, Vanille, Tonkabohne, Spikenard, S\u00fc\u00dfes Vernalgras, Petitgrain, Benzoe, Bergamotte, Muskatellersalbei, Narzisse, Orriswurzel und Neroli.<\/p>\n<h3>Verwendet<\/h3>\n<p>Hervorragendes Fixiermittel in Aromamischungen, Kerzen und Parf\u00fcms.<br \/>\nWird in der Aromatherapie als Beruhigungsmittel f\u00fcr K\u00f6rper und Geist verwendet.<br \/>\nBeruhigt die Nerven und die Anspannung.<br \/>\nF\u00f6rdert Ruhe und friedliche Zzzzz&#8217;s.<br \/>\nGeben Sie einen Tropfen in einen Diffusor oder eine Salzpfeife, um Ihren Atem zu befreien und Ihre Stimmung zu verbessern.<br \/>\nIn der Parf\u00fcmerie wird es verwendet, um die Basis zu mildern und Akkorde aus samtigem Vanillin zu bilden.<br \/>\nF\u00fcr einen gro\u00dfartigen aromatischen Akkord stapeln Sie Balsam Peru, Benzoe und Vanille.<br \/>\nVon dort aus k\u00f6nnen Sie die Formel in den Wald mit Akzenten von Erde und Tannen, in die Sonne mit Zitrusfr\u00fcchten oder in bl\u00fctenreiche Poesie mit Jasmin und Ylang f\u00fchren.<\/p>\n<p>Balsam Peru ist ein uraltes Oleoresin, dessen Essenz eine besondere Note in der aromatischen Symphonie der \u00e4therischen \u00d6le spielt.<br \/>\nDer Geist dieses Duftes beruhigt und bes\u00e4nftigt sowohl den K\u00f6rper als auch den Geist. Die nat\u00fcrlichen Bestandteile dieses Balsams sind besonders reinigend und beruhigend f\u00fcr die Haut. In eine Salzpfeife gegeben, ist es eine s\u00fc\u00dfe Brise f\u00fcr den Atem und gibt eine Vorahnung von Frieden. Gefeiert f\u00fcr seinen pudrigen Vanille- und Balsamico-Karamell-Duft, ist dies ein gro\u00dfz\u00fcgiger Duft und ein lang anhaltendes Fixativ in Parf\u00fcms und Produkten.<\/p>\n<p>Das sch\u00f6ne Balsamharz wird in Peru traditionell als gesch\u00e4tztes Heilmittel f\u00fcr die Haut, als Antiseptikum, als Fixiermittel f\u00fcr D\u00fcfte und als gesch\u00e4tzter Bestandteil von beruhigenden Sirups und Lutschtabletten verwendet. Die B\u00e4ume werden in der Region durch vern\u00fcnftige \u00f6kologische Praktiken bei der Harzernte und Wiederbepflanzung gesch\u00fctzt, um die Gesundheit der Art und ihrer Umgebung zu gew\u00e4hrleisten.<\/p>\n<p><strong>Gr\u00f6\u00dfe: 5 ml<\/strong><\/p>\n<h3>Bio-Zutaten<\/h3>\n<p>100% \u00e4therisches \u00d6l des Perubalsams (Myroxylon balsamum).<\/p>\n<p style=\"text-align: center;\"><em>&#8222;Dies ist ein s\u00fc\u00dfer Duft, sanft wie die Unschuld eines Kindes, aber mit einer bedingungslosen Liebe und Empathie, die aus dem Verst\u00e4ndnis f\u00fcr den menschlichen Zustand stammt. Sein weicher, warmer Duft f\u00fcllt die R\u00e4ume, die kalt, unber\u00fchrbar und unerreichbar geblieben sind, und erm\u00f6glicht die \u00d6ffnung des Herzens.&#8220;<\/em><br \/>\n~Valerie Ann Worwood, <strong>Aromatherapy for the Soul<\/strong><\/p>\n<p><a href=\"https:\/\/dutchhealthstore.com\/wp-content\/uploads\/2018\/03\/organic_big.png\"><img fetchpriority=\"high\" decoding=\"async\" class=\"size-full wp-image-31577 aligncenter\" src=\"https:\/\/dutchhealthstore.com\/wp-content\/uploads\/2018\/03\/organic_big.png\" alt=\"Organic and Natural - Living Libations\" width=\"623\" height=\"103\" srcset=\"https:\/\/dutchhealthstore.com\/wp-content\/uploads\/2018\/03\/organic_big.png 623w, https:\/\/dutchhealthstore.com\/wp-content\/uploads\/2018\/03\/organic_big-510x84.png 510w, https:\/\/dutchhealthstore.com\/wp-content\/uploads\/2018\/03\/organic_big-600x99.png 600w, https:\/\/dutchhealthstore.com\/wp-content\/uploads\/2018\/03\/organic_big-350x58.png 350w\" sizes=\"(max-width: 623px) 100vw, 623px\" \/><\/a><\/p>\n","protected":false},"excerpt":{"rendered":"<p><em>Myroxylon<\/em> bedeutet auf Griechisch duftendes Holz&#8220;, und dieser majest\u00e4tische Baum gedeiht hoch oben in den H\u00fcgeln El Salvadors, wo Balsamhaine einen wunderbar honigartigen Vanilledunst verbreiten.<br \/>\nDas angenehm durchdringende <strong>Balsam Peru<\/strong> essential oil stammt aus dem aromatischen Harz dieses Baumes, das als Teil der salvadorianischen Kultur zweimal im Jahr geerntet wird.<br \/>\nDieser harzige Seelentr\u00f6ster wird dampfdestilliert, um das wohltuende balsamische, ambrierte und ambrosische Aroma freizusetzen, das aus dem hohen Gehalt an nat\u00fcrlich vorkommendem Vanillin im Harz resultiert.<\/p>\n","protected":false},"featured_media":337433,"comment_status":"open","ping_status":"closed","template":"","meta":[],"product_brand":[],"product_cat":[1508,1546,6737,1032,1493,1210,511,6736],"product_tag":[1547],"class_list":{"0":"post-136405","1":"product","2":"type-product","3":"status-publish","4":"has-post-thumbnail","6":"product_cat-aetherische-oele-living-libations","7":"product_cat-essential-oils-living-libations-de","8":"product_cat-essential-oils-de-2","9":"product_cat-kategorien","10":"product_cat-living-libations-deutschland","11":"product_cat-marken","12":"product_cat-produkte","13":"product_cat-wellness-de","14":"product_tag-essential-oil-de","15":"pa_brand-livinglibations-de","16":"pa_essential-oils-product-type-essential-oils-de","17":"pa_size-5-ml-de","18":"pa_size-15-ml-de-2","20":"first","21":"instock","22":"taxable","23":"shipping-taxable","24":"purchasable","25":"product-type-variable"},"bundled_by":[],"bundle_stock_status":"instock","bundle_stock_quantity":null,"bundle_virtual":false,"bundle_layout":"","bundle_add_to_cart_form_location":"","bundle_editable_in_cart":false,"bundle_sold_individually_context":"","bundle_item_grouping":"","bundle_min_size":"","bundle_max_size":"","bundle_price":[],"bundled_items":[],"bundle_sell_ids":[],"atum_controlled":true,"out_stock_date":null,"out_stock_threshold":null,"inheritable":true,"stock_on_hold":0,"sold_today":0,"sales_last_days":0,"out_stock_days":0,"lost_sales":0,"update_date":"2026-04-06T01:47:30","atum_locations":[],"atum_stock_status":"instock","restock_status":false,"low_stock_amount":"","sales_update_date":"2026-04-06T01:47:30","calc_backorders":null,"group_of_quantity":0,"min_quantity":0,"max_quantity":"","exclude_order_quantity_value_rules":"no","exclude_category_quantity_rules":"no","combine_variations":"no","yoast_head":"<!-- This site is optimized with the Yoast SEO Premium plugin v26.5 (Yoast SEO v26.5) - https:\/\/yoast.com\/wordpress\/plugins\/seo\/ -->\n<title>Balsam Peru Essential Oil - Living Libations<\/title>\n<meta name=\"description\" content=\"Das angenehm durchdringende Balsam Peru essential oil stammt aus dem aromatischen Harz dieses Baumes, das als Teil der salvadorianischen Kultur zweimal im Jahr geerntet wird.\" \/>\n<meta name=\"robots\" content=\"index, follow, max-snippet:-1, max-image-preview:large, max-video-preview:-1\" \/>\n<link rel=\"canonical\" href=\"https:\/\/dutchhealthstore.com\/de\/product\/balsam-peru-essential-oil\/\" \/>\n<meta property=\"og:locale\" content=\"de_DE\" \/>\n<meta property=\"og:type\" content=\"article\" \/>\n<meta property=\"og:title\" content=\"Balsam Peru Essential Oil - Dutch Health Store\" \/>\n<meta property=\"og:description\" content=\"Das angenehm durchdringende Balsam Peru essential oil stammt aus dem aromatischen Harz dieses Baumes, das als Teil der salvadorianischen Kultur zweimal im Jahr geerntet wird.\" \/>\n<meta property=\"og:url\" content=\"https:\/\/dutchhealthstore.com\/de\/product\/balsam-peru-essential-oil\/\" \/>\n<meta property=\"og:site_name\" content=\"Dutch Health Store\" \/>\n<meta property=\"article:publisher\" content=\"https:\/\/www.instagram.com\/dutchhealthstore\/\" \/>\n<meta property=\"article:modified_time\" content=\"2024-03-11T07:59:40+00:00\" \/>\n<meta property=\"og:image\" content=\"https:\/\/dutchhealthstore.com\/wp-content\/uploads\/2020\/11\/Living-Libations-Balsam-Peru-Essential-Oil.jpg\" \/>\n\t<meta property=\"og:image:width\" content=\"500\" \/>\n\t<meta property=\"og:image:height\" content=\"500\" \/>\n\t<meta property=\"og:image:type\" content=\"image\/jpeg\" \/>\n<meta name=\"twitter:card\" content=\"summary_large_image\" \/>\n<meta name=\"twitter:label1\" content=\"Verf\u00fcgbarkeit\" \/>\n\t<meta name=\"twitter:data1\" content=\"Auf Lager\" \/>\n<script type=\"application\/ld+json\" class=\"yoast-schema-graph\">{\"@context\":\"https:\/\/schema.org\",\"@graph\":[{\"@type\":\"WebPage\",\"@id\":\"https:\/\/dutchhealthstore.com\/de\/product\/balsam-peru-essential-oil\/\",\"url\":\"https:\/\/dutchhealthstore.com\/de\/product\/balsam-peru-essential-oil\/\",\"name\":\"Balsam Peru Essential Oil - Living Libations\",\"isPartOf\":{\"@id\":\"https:\/\/dutchhealthstore.com\/de\/#website\"},\"primaryImageOfPage\":{\"@id\":\"https:\/\/dutchhealthstore.com\/de\/product\/balsam-peru-essential-oil\/#primaryimage\"},\"image\":{\"@id\":\"https:\/\/dutchhealthstore.com\/de\/product\/balsam-peru-essential-oil\/#primaryimage\"},\"thumbnailUrl\":\"https:\/\/dutchhealthstore.com\/wp-content\/uploads\/2020\/11\/2025-04-15-13_37_40-Balsam-Peru-Essential-Oil-\u2013-Living-Libations-INT-1.jpg\",\"datePublished\":\"2020-11-23T10:16:44+00:00\",\"dateModified\":\"2024-03-11T07:59:40+00:00\",\"description\":\"Das angenehm durchdringende Balsam Peru essential oil stammt aus dem aromatischen Harz dieses Baumes, das als Teil der salvadorianischen Kultur zweimal im Jahr geerntet wird.\",\"breadcrumb\":{\"@id\":\"https:\/\/dutchhealthstore.com\/de\/product\/balsam-peru-essential-oil\/#breadcrumb\"},\"inLanguage\":\"de\",\"potentialAction\":[{\"@type\":\"ReadAction\",\"target\":[\"https:\/\/dutchhealthstore.com\/de\/product\/balsam-peru-essential-oil\/\"]}]},{\"@type\":\"ImageObject\",\"inLanguage\":\"de\",\"@id\":\"https:\/\/dutchhealthstore.com\/de\/product\/balsam-peru-essential-oil\/#primaryimage\",\"url\":\"https:\/\/dutchhealthstore.com\/wp-content\/uploads\/2020\/11\/2025-04-15-13_37_40-Balsam-Peru-Essential-Oil-\u2013-Living-Libations-INT-1.jpg\",\"contentUrl\":\"https:\/\/dutchhealthstore.com\/wp-content\/uploads\/2020\/11\/2025-04-15-13_37_40-Balsam-Peru-Essential-Oil-\u2013-Living-Libations-INT-1.jpg\",\"width\":530,\"height\":530},{\"@type\":\"BreadcrumbList\",\"@id\":\"https:\/\/dutchhealthstore.com\/de\/product\/balsam-peru-essential-oil\/#breadcrumb\",\"itemListElement\":[{\"@type\":\"ListItem\",\"position\":1,\"name\":\"Home\",\"item\":\"https:\/\/dutchhealthstore.com\/de\/\"},{\"@type\":\"ListItem\",\"position\":2,\"name\":\"Shop\",\"item\":\"https:\/\/dutchhealthstore.com\/de\/shop-2\/\"},{\"@type\":\"ListItem\",\"position\":3,\"name\":\"Balsam Peru Essential Oil\"}]},{\"@type\":\"WebSite\",\"@id\":\"https:\/\/dutchhealthstore.com\/de\/#website\",\"url\":\"https:\/\/dutchhealthstore.com\/de\/\",\"name\":\"Dutch Health Store\",\"description\":\"Enhance Your Beauty with Organic &amp; Natural Skincare\",\"publisher\":{\"@id\":\"https:\/\/dutchhealthstore.com\/de\/#organization\"},\"potentialAction\":[{\"@type\":\"SearchAction\",\"target\":{\"@type\":\"EntryPoint\",\"urlTemplate\":\"https:\/\/dutchhealthstore.com\/de\/?s={search_term_string}\"},\"query-input\":{\"@type\":\"PropertyValueSpecification\",\"valueRequired\":true,\"valueName\":\"search_term_string\"}}],\"inLanguage\":\"de\"},{\"@type\":\"Organization\",\"@id\":\"https:\/\/dutchhealthstore.com\/de\/#organization\",\"name\":\"Dutch Health Store\",\"url\":\"https:\/\/dutchhealthstore.com\/de\/\",\"logo\":{\"@type\":\"ImageObject\",\"inLanguage\":\"de\",\"@id\":\"https:\/\/dutchhealthstore.com\/de\/#\/schema\/logo\/image\/\",\"url\":\"https:\/\/dutchhealthstore.com\/wp-content\/uploads\/2020\/08\/logo-dutchhealthstore-jpg-e1599484957574.jpg\",\"contentUrl\":\"https:\/\/dutchhealthstore.com\/wp-content\/uploads\/2020\/08\/logo-dutchhealthstore-jpg-e1599484957574.jpg\",\"width\":400,\"height\":62,\"caption\":\"Dutch Health Store\"},\"image\":{\"@id\":\"https:\/\/dutchhealthstore.com\/de\/#\/schema\/logo\/image\/\"},\"sameAs\":[\"https:\/\/www.instagram.com\/dutchhealthstore\/\",\"https:\/\/www.facebook.com\/dutchhealthstore\"]}]}<\/script>\n<meta property=\"product:brand\" content=\"Living Libations\" \/>\n<meta property=\"og:availability\" content=\"instock\" \/>\n<meta property=\"product:availability\" content=\"instock\" \/>\n<meta property=\"product:condition\" content=\"new\" \/>\n<!-- \/ Yoast SEO Premium plugin. -->","yoast_head_json":{"title":"Balsam Peru Essential Oil - Living Libations","description":"Das angenehm durchdringende Balsam Peru essential oil stammt aus dem aromatischen Harz dieses Baumes, das als Teil der salvadorianischen Kultur zweimal im Jahr geerntet wird.","robots":{"index":"index","follow":"follow","max-snippet":"max-snippet:-1","max-image-preview":"max-image-preview:large","max-video-preview":"max-video-preview:-1"},"canonical":"https:\/\/dutchhealthstore.com\/de\/product\/balsam-peru-essential-oil\/","og_locale":"de_DE","og_type":"article","og_title":"Balsam Peru Essential Oil - Dutch Health Store","og_description":"Das angenehm durchdringende Balsam Peru essential oil stammt aus dem aromatischen Harz dieses Baumes, das als Teil der salvadorianischen Kultur zweimal im Jahr geerntet wird.","og_url":"https:\/\/dutchhealthstore.com\/de\/product\/balsam-peru-essential-oil\/","og_site_name":"Dutch Health Store","article_publisher":"https:\/\/www.instagram.com\/dutchhealthstore\/","article_modified_time":"2024-03-11T07:59:40+00:00","og_image":[{"width":500,"height":500,"url":"https:\/\/dutchhealthstore.com\/wp-content\/uploads\/2020\/11\/Living-Libations-Balsam-Peru-Essential-Oil.jpg","type":"image\/jpeg"}],"twitter_card":"summary_large_image","twitter_misc":{"Verf\u00fcgbarkeit":"Auf Lager"},"schema":{"@context":"https:\/\/schema.org","@graph":[{"@type":"WebPage","@id":"https:\/\/dutchhealthstore.com\/de\/product\/balsam-peru-essential-oil\/","url":"https:\/\/dutchhealthstore.com\/de\/product\/balsam-peru-essential-oil\/","name":"Balsam Peru Essential Oil - Living Libations","isPartOf":{"@id":"https:\/\/dutchhealthstore.com\/de\/#website"},"primaryImageOfPage":{"@id":"https:\/\/dutchhealthstore.com\/de\/product\/balsam-peru-essential-oil\/#primaryimage"},"image":{"@id":"https:\/\/dutchhealthstore.com\/de\/product\/balsam-peru-essential-oil\/#primaryimage"},"thumbnailUrl":"https:\/\/dutchhealthstore.com\/wp-content\/uploads\/2020\/11\/2025-04-15-13_37_40-Balsam-Peru-Essential-Oil-\u2013-Living-Libations-INT-1.jpg","datePublished":"2020-11-23T10:16:44+00:00","dateModified":"2024-03-11T07:59:40+00:00","description":"Das angenehm durchdringende Balsam Peru essential oil stammt aus dem aromatischen Harz dieses Baumes, das als Teil der salvadorianischen Kultur zweimal im Jahr geerntet wird.","breadcrumb":{"@id":"https:\/\/dutchhealthstore.com\/de\/product\/balsam-peru-essential-oil\/#breadcrumb"},"inLanguage":"de","potentialAction":[{"@type":"ReadAction","target":["https:\/\/dutchhealthstore.com\/de\/product\/balsam-peru-essential-oil\/"]}]},{"@type":"ImageObject","inLanguage":"de","@id":"https:\/\/dutchhealthstore.com\/de\/product\/balsam-peru-essential-oil\/#primaryimage","url":"https:\/\/dutchhealthstore.com\/wp-content\/uploads\/2020\/11\/2025-04-15-13_37_40-Balsam-Peru-Essential-Oil-\u2013-Living-Libations-INT-1.jpg","contentUrl":"https:\/\/dutchhealthstore.com\/wp-content\/uploads\/2020\/11\/2025-04-15-13_37_40-Balsam-Peru-Essential-Oil-\u2013-Living-Libations-INT-1.jpg","width":530,"height":530},{"@type":"BreadcrumbList","@id":"https:\/\/dutchhealthstore.com\/de\/product\/balsam-peru-essential-oil\/#breadcrumb","itemListElement":[{"@type":"ListItem","position":1,"name":"Home","item":"https:\/\/dutchhealthstore.com\/de\/"},{"@type":"ListItem","position":2,"name":"Shop","item":"https:\/\/dutchhealthstore.com\/de\/shop-2\/"},{"@type":"ListItem","position":3,"name":"Balsam Peru Essential Oil"}]},{"@type":"WebSite","@id":"https:\/\/dutchhealthstore.com\/de\/#website","url":"https:\/\/dutchhealthstore.com\/de\/","name":"Dutch Health Store","description":"Enhance Your Beauty with Organic &amp; Natural Skincare","publisher":{"@id":"https:\/\/dutchhealthstore.com\/de\/#organization"},"potentialAction":[{"@type":"SearchAction","target":{"@type":"EntryPoint","urlTemplate":"https:\/\/dutchhealthstore.com\/de\/?s={search_term_string}"},"query-input":{"@type":"PropertyValueSpecification","valueRequired":true,"valueName":"search_term_string"}}],"inLanguage":"de"},{"@type":"Organization","@id":"https:\/\/dutchhealthstore.com\/de\/#organization","name":"Dutch Health Store","url":"https:\/\/dutchhealthstore.com\/de\/","logo":{"@type":"ImageObject","inLanguage":"de","@id":"https:\/\/dutchhealthstore.com\/de\/#\/schema\/logo\/image\/","url":"https:\/\/dutchhealthstore.com\/wp-content\/uploads\/2020\/08\/logo-dutchhealthstore-jpg-e1599484957574.jpg","contentUrl":"https:\/\/dutchhealthstore.com\/wp-content\/uploads\/2020\/08\/logo-dutchhealthstore-jpg-e1599484957574.jpg","width":400,"height":62,"caption":"Dutch Health Store"},"image":{"@id":"https:\/\/dutchhealthstore.com\/de\/#\/schema\/logo\/image\/"},"sameAs":["https:\/\/www.instagram.com\/dutchhealthstore\/","https:\/\/www.facebook.com\/dutchhealthstore"]}]},"product_brand":"Living Libations","og_availability":"instock","product_availability":"instock","product_condition":"new"},"_links":{"self":[{"href":"https:\/\/dutchhealthstore.com\/de\/wp-json\/wp\/v2\/product\/136405","targetHints":{"allow":["GET"]}}],"collection":[{"href":"https:\/\/dutchhealthstore.com\/de\/wp-json\/wp\/v2\/product"}],"about":[{"href":"https:\/\/dutchhealthstore.com\/de\/wp-json\/wp\/v2\/types\/product"}],"replies":[{"embeddable":true,"href":"https:\/\/dutchhealthstore.com\/de\/wp-json\/wp\/v2\/comments?post=136405"}],"wp:featuredmedia":[{"embeddable":true,"href":"https:\/\/dutchhealthstore.com\/de\/wp-json\/wp\/v2\/media\/337433"}],"wp:attachment":[{"href":"https:\/\/dutchhealthstore.com\/de\/wp-json\/wp\/v2\/media?parent=136405"}],"wp:term":[{"taxonomy":"product_brand","embeddable":true,"href":"https:\/\/dutchhealthstore.com\/de\/wp-json\/wp\/v2\/product_brand?post=136405"},{"taxonomy":"product_cat","embeddable":true,"href":"https:\/\/dutchhealthstore.com\/de\/wp-json\/wp\/v2\/product_cat?post=136405"},{"taxonomy":"product_tag","embeddable":true,"href":"https:\/\/dutchhealthstore.com\/de\/wp-json\/wp\/v2\/product_tag?post=136405"}],"curies":[{"name":"wp","href":"https:\/\/api.w.org\/{rel}","templated":true}]}}