{"id":136397,"date":"2020-11-23T09:03:28","date_gmt":"2020-11-23T08:03:28","guid":{"rendered":"https:\/\/dutchhealthstore.com\/product\/ylang-complete-essential-oil\/"},"modified":"2026-03-27T23:24:15","modified_gmt":"2026-03-27T22:24:15","slug":"ylang-complete-essential-oil","status":"publish","type":"product","link":"https:\/\/dutchhealthstore.com\/de\/product\/ylang-complete-essential-oil\/","title":{"rendered":"Ylang Complete Essential Oil"},"content":{"rendered":"<p><strong><a href=\"https:\/\/dutchhealthstore.com\/wp-content\/uploads\/2018\/04\/Living_Libations-1.png\"><img decoding=\"async\" class=\"alignright size-full wp-image-37041\" src=\"https:\/\/dutchhealthstore.com\/wp-content\/uploads\/2018\/04\/Living_Libations-1.png\" alt=\"Organic &amp; Natural Beautyproducts - Living Libations\" width=\"175\" height=\"82\"><\/a>Botanischer Name<\/strong>: Cananga odorata genuina<br \/>\n<strong>Botanische Familie<\/strong>: Annonaceae<br \/>\n<strong>Extraktionsverfahren<\/strong>: Dampfdestilliert<br \/>\n<strong>Teil der Pflanze Destilliert<\/strong>: Bl\u00fcten<br \/>\n<strong>Herkunftsland<\/strong>: Madagaskar<br \/>\n<strong>Anbaumethode<\/strong>: Bio<br \/>\n<strong>Zusammensetzung<\/strong>: 100% Cananga odorata genuina<br \/>\n<strong>Konsistenz<\/strong>: D\u00fcnnfl\u00fcssig, klare bis blassgelbe Fl\u00fcssigkeit.<br \/>\n<strong>Zusammensetzung<\/strong>: H\u00f6here Mengen der Sesquiterpene, Germacrene D.<\/p>\n<h3>Beschreibung des Duftes<\/h3>\n<p>Blumige Herznote, Ankl\u00e4nge an Jasmin. S\u00fc\u00dfe Intensit\u00e4t und Komplexit\u00e4t.<\/p>\n<h3>Gut mischbar mit<\/h3>\n<p>Immortelle, Kapkamille, Schafgarbe, Rose, Jasmin, Grapefruit, Ingwer, Kardamom, Zitrone, Bergamotte, Lavendel, Vanille, Nelke, Gardenie, Neroli, Sandelholz, Spikenard, Geranie und Limette.<\/p>\n<h3>Verwendet<\/h3>\n<p>Aromatherapie-Traumteam f\u00fcr ruhige, entspannte, bes\u00e4nftigte Gem\u00fctszust\u00e4nde. Beruhigt empfindliche Haut und verbessert das Erscheinungsbild von Narben, Unebenheiten und Unebenheiten. Beruhigt Spannungen und harmonisiert K\u00f6rper und Geist. Hervorragender Feuchtigkeitsspender und Hautfettausgleicher. Hilft dem Haar, g\u00f6ttlich zu gl\u00e4nzen. Verleiht Liebestr\u00e4nken und angenehmen Parf\u00fcms s\u00fc\u00dfe Sinnlichkeit und Verspieltheit. Ein Vergn\u00fcgen zu diffundieren, besonders mit Zitrusfr\u00fcchten. Eine wohlwollende badende Sch\u00f6nheit.<\/p>\n<p>Der Ylang-Baum geh\u00f6rt zur Familie der Sauerampfergew\u00e4chse und ist in warmen, regenreichen Klimazonen beheimatet. Seine tropischen gelben Bl\u00fcten werden wegen ihres s\u00fc\u00dfen, kostbaren Duftes gesch\u00e4tzt.<br \/>\nDie Bl\u00fctenbl\u00e4tter f\u00e4rben sich rot, wenn die Bl\u00fcten reifen, und sie werden fr\u00fch am Morgen geerntet, um die h\u00f6chste Duftkonzentration zu erreichen. Die zarten Bl\u00fcten werden noch am selben Tag destilliert, damit die wertvollen \u00d6le erhalten bleiben.<\/p>\n<p>Die Ylang-Bl\u00fcten werden behutsam von Hand geerntet, da gequetschte Bl\u00fcten zu unerw\u00fcnschten Noten in der fertigen Essenz f\u00fchren k\u00f6nnen.<br \/>\nF\u00fcr ein Blumen\u00f6l ist Ylang sehr ergiebig und geh\u00f6rt zu den seltenen Essenzen, die in mehreren Stufen destilliert werden, um die verschiedenen Aromen und Potenzen der Blume zu nutzen (der Zeitplan ist entsprechend: Ylang extra ist die erste Stunde, Ylang Nr. 1 die n\u00e4chsten 2-3 Stunden und Ylang Nr. 2 die n\u00e4chsten 3-5 Stunden). 1 f\u00fcr die n\u00e4chsten 2-3 Stunden, Ylang Nr. 2 f\u00fcr die n\u00e4chsten 3-5 Stunden und Ylang Nr. 3 sind die letzten 6-7 Stunden).<br \/>\nDie h\u00f6chste Qualit\u00e4t aus den fraktionierten Destillationen ist Ylang superior, auch bekannt als Ylang extra, das fein duftende Ylang mit der cremigen Kopfnote, das wir immer anbieten und gerne in unseren exquisiten Bl\u00fctenparf\u00fcms verwenden.<\/p>\n<p>Ylang Complete Essential Oil ist die vollst\u00e4ndige, ununterbrochene Destillation, bei der das gesamte aromatische und therapeutische Spektrum des pflanzlichen \u00d6ls gewonnen wird.<br \/>\nIn der Aromatherapie wird es wegen seiner tief beruhigenden und entspannenden Wirkung verehrt.<br \/>\nWenn es pur auf die Haut aufgetragen wird, lindert es Spannungsgef\u00fchle und R\u00f6tungen und verbessert das Erscheinungsbild von Narben, Unebenheiten und rauer Haut.<\/p>\n<p>Diese einzigartige Essenz duftet wie ein Traum von einem Blumenstrau\u00df und nur ein Tropfen verstr\u00f6mt die blumigen Ausstrahlungen eines ausgewogenen Ylang-Duftes.<br \/>\nDer Duft von Ylang Complete ist s\u00fc\u00df und lang anhaltend, und unser Ylang extra Aroma ist komplex, cremig und blumig.<\/p>\n<p><strong>Gr\u00f6\u00dfe: 5 ml<\/strong><\/p>\n<h3>Bio-Zutaten<\/h3>\n<p>100% Ylang (Cananga odorata genuina), vollst\u00e4ndiges \u00e4therisches \u00d6l.<\/p>\n<p><a href=\"https:\/\/dutchhealthstore.com\/wp-content\/uploads\/2018\/03\/organic_big.png\"><img fetchpriority=\"high\" decoding=\"async\" class=\"size-full wp-image-31577 aligncenter\" src=\"https:\/\/dutchhealthstore.com\/wp-content\/uploads\/2018\/03\/organic_big.png\" alt=\"Organic and Natural - Living Libations\" width=\"623\" height=\"103\" srcset=\"https:\/\/dutchhealthstore.com\/wp-content\/uploads\/2018\/03\/organic_big.png 623w, https:\/\/dutchhealthstore.com\/wp-content\/uploads\/2018\/03\/organic_big-510x84.png 510w, https:\/\/dutchhealthstore.com\/wp-content\/uploads\/2018\/03\/organic_big-600x99.png 600w, https:\/\/dutchhealthstore.com\/wp-content\/uploads\/2018\/03\/organic_big-350x58.png 350w\" sizes=\"(max-width: 623px) 100vw, 623px\" \/><\/a><\/p>\n<p>&nbsp;<\/p>\n<p>&nbsp;<\/p>\n","protected":false},"excerpt":{"rendered":"<p>Ylang Ylang bedeutet Blume der Blumen, die in der Brise flattert, und <strong>Ylang Complete<\/strong> f\u00e4ngt die volle blumige Kraft der Pflanze ein.<br \/>\nDiese tropische Kostbarkeit verleiht der Leichtigkeit des Seins Wohlwollen und dem Parf\u00fcm einen honigartigen Hauch.<br \/>\nDie duftenden Bl\u00fctenbl\u00e4tter von Ylang bewirken beim Einatmen einen positiven Zauber und verbinden Ihren Geist mit dem Strom des kosmischen Wohlbefindens.<\/p>\n","protected":false},"featured_media":337338,"comment_status":"open","ping_status":"closed","template":"","meta":[],"product_brand":[],"product_cat":[1546,6737,1508,1032,1493,1210,511,6736],"product_tag":[1547],"class_list":{"0":"post-136397","1":"product","2":"type-product","3":"status-publish","4":"has-post-thumbnail","6":"product_cat-essential-oils-living-libations-de","7":"product_cat-essential-oils-de-2","8":"product_cat-aetherische-oele-living-libations","9":"product_cat-kategorien","10":"product_cat-living-libations-deutschland","11":"product_cat-marken","12":"product_cat-produkte","13":"product_cat-wellness-de","14":"product_tag-essential-oil-de","15":"pa_brand-livinglibations-de","16":"pa_essential-oils-product-type-essential-oils-de","17":"pa_size-5-ml-de","19":"first","20":"outofstock","21":"taxable","22":"shipping-taxable","23":"purchasable","24":"product-type-simple"},"bundled_by":[],"bundle_stock_status":"outofstock","bundle_stock_quantity":0,"bundle_virtual":false,"bundle_layout":"","bundle_add_to_cart_form_location":"","bundle_editable_in_cart":false,"bundle_sold_individually_context":"","bundle_item_grouping":"","bundle_min_size":"","bundle_max_size":"","bundle_price":[],"bundled_items":[],"bundle_sell_ids":[],"atum_controlled":true,"out_stock_date":"2026-03-27 23:24:16","out_stock_threshold":null,"inheritable":false,"stock_on_hold":1,"sold_today":0,"sales_last_days":1,"out_stock_days":2,"lost_sales":6,"update_date":"2026-04-02T09:38:57","atum_locations":[],"atum_stock_status":"outofstock","restock_status":false,"low_stock_amount":"","sales_update_date":"2026-04-02T09:38:57","calc_backorders":null,"group_of_quantity":0,"min_quantity":0,"max_quantity":"","exclude_order_quantity_value_rules":"no","exclude_category_quantity_rules":"no","combine_variations":"no","yoast_head":"<!-- This site is optimized with the Yoast SEO Premium plugin v26.5 (Yoast SEO v26.5) - https:\/\/yoast.com\/wordpress\/plugins\/seo\/ -->\n<title>Ylang Complete Essential Oil - Living Libations<\/title>\n<meta name=\"description\" content=\"Ylang Complete f\u00e4ngt die volle blumige Kraft der Pflanze ein. Diese tropische Kostbarkeit verleiht der Leichtigkeit des Seins Wohlwollen und dem Parf\u00fcm einen honigartigen Hauch.\" \/>\n<meta name=\"robots\" content=\"index, follow, max-snippet:-1, max-image-preview:large, max-video-preview:-1\" \/>\n<link rel=\"canonical\" href=\"https:\/\/dutchhealthstore.com\/de\/product\/ylang-complete-essential-oil\/\" \/>\n<meta property=\"og:locale\" content=\"de_DE\" \/>\n<meta property=\"og:type\" content=\"article\" \/>\n<meta property=\"og:title\" content=\"Ylang Complete Essential Oil - Dutch Health Store\" \/>\n<meta property=\"og:description\" content=\"Ylang Complete f\u00e4ngt die volle blumige Kraft der Pflanze ein. Diese tropische Kostbarkeit verleiht der Leichtigkeit des Seins Wohlwollen und dem Parf\u00fcm einen honigartigen Hauch.\" \/>\n<meta property=\"og:url\" content=\"https:\/\/dutchhealthstore.com\/de\/product\/ylang-complete-essential-oil\/\" \/>\n<meta property=\"og:site_name\" content=\"Dutch Health Store\" \/>\n<meta property=\"article:publisher\" content=\"https:\/\/www.instagram.com\/dutchhealthstore\/\" \/>\n<meta property=\"article:modified_time\" content=\"2026-03-27T22:24:15+00:00\" \/>\n<meta property=\"og:image\" content=\"https:\/\/dutchhealthstore.com\/wp-content\/uploads\/2020\/11\/Living-Libations-Ylang-Complete-Essential-Oil.jpg\" \/>\n\t<meta property=\"og:image:width\" content=\"500\" \/>\n\t<meta property=\"og:image:height\" content=\"500\" \/>\n\t<meta property=\"og:image:type\" content=\"image\/jpeg\" \/>\n<meta name=\"twitter:card\" content=\"summary_large_image\" \/>\n<meta name=\"twitter:label1\" content=\"Preis\" \/>\n\t<meta name=\"twitter:data1\" content=\"&euro;21,00\" \/>\n\t<meta name=\"twitter:label2\" content=\"Verf\u00fcgbarkeit\" \/>\n\t<meta name=\"twitter:data2\" content=\"ausverkauft\" \/>\n<script type=\"application\/ld+json\" class=\"yoast-schema-graph\">{\"@context\":\"https:\/\/schema.org\",\"@graph\":[{\"@type\":\"WebPage\",\"@id\":\"https:\/\/dutchhealthstore.com\/de\/product\/ylang-complete-essential-oil\/\",\"url\":\"https:\/\/dutchhealthstore.com\/de\/product\/ylang-complete-essential-oil\/\",\"name\":\"Ylang Complete Essential Oil - Living Libations\",\"isPartOf\":{\"@id\":\"https:\/\/dutchhealthstore.com\/de\/#website\"},\"primaryImageOfPage\":{\"@id\":\"https:\/\/dutchhealthstore.com\/de\/product\/ylang-complete-essential-oil\/#primaryimage\"},\"image\":{\"@id\":\"https:\/\/dutchhealthstore.com\/de\/product\/ylang-complete-essential-oil\/#primaryimage\"},\"thumbnailUrl\":\"https:\/\/dutchhealthstore.com\/wp-content\/uploads\/2020\/11\/Ylang-Complete-Essential-\u2013-530x530-1.jpg\",\"datePublished\":\"2020-11-23T08:03:28+00:00\",\"dateModified\":\"2026-03-27T22:24:15+00:00\",\"description\":\"Ylang Complete f\u00e4ngt die volle blumige Kraft der Pflanze ein. Diese tropische Kostbarkeit verleiht der Leichtigkeit des Seins Wohlwollen und dem Parf\u00fcm einen honigartigen Hauch.\",\"breadcrumb\":{\"@id\":\"https:\/\/dutchhealthstore.com\/de\/product\/ylang-complete-essential-oil\/#breadcrumb\"},\"inLanguage\":\"de\",\"potentialAction\":[{\"@type\":\"ReadAction\",\"target\":[\"https:\/\/dutchhealthstore.com\/de\/product\/ylang-complete-essential-oil\/\"]}]},{\"@type\":\"ImageObject\",\"inLanguage\":\"de\",\"@id\":\"https:\/\/dutchhealthstore.com\/de\/product\/ylang-complete-essential-oil\/#primaryimage\",\"url\":\"https:\/\/dutchhealthstore.com\/wp-content\/uploads\/2020\/11\/Ylang-Complete-Essential-\u2013-530x530-1.jpg\",\"contentUrl\":\"https:\/\/dutchhealthstore.com\/wp-content\/uploads\/2020\/11\/Ylang-Complete-Essential-\u2013-530x530-1.jpg\",\"width\":530,\"height\":530},{\"@type\":\"BreadcrumbList\",\"@id\":\"https:\/\/dutchhealthstore.com\/de\/product\/ylang-complete-essential-oil\/#breadcrumb\",\"itemListElement\":[{\"@type\":\"ListItem\",\"position\":1,\"name\":\"Home\",\"item\":\"https:\/\/dutchhealthstore.com\/de\/\"},{\"@type\":\"ListItem\",\"position\":2,\"name\":\"Shop\",\"item\":\"https:\/\/dutchhealthstore.com\/de\/shop-2\/\"},{\"@type\":\"ListItem\",\"position\":3,\"name\":\"Ylang Complete Essential Oil\"}]},{\"@type\":\"WebSite\",\"@id\":\"https:\/\/dutchhealthstore.com\/de\/#website\",\"url\":\"https:\/\/dutchhealthstore.com\/de\/\",\"name\":\"Dutch Health Store\",\"description\":\"Enhance Your Beauty with Organic &amp; Natural Skincare\",\"publisher\":{\"@id\":\"https:\/\/dutchhealthstore.com\/de\/#organization\"},\"potentialAction\":[{\"@type\":\"SearchAction\",\"target\":{\"@type\":\"EntryPoint\",\"urlTemplate\":\"https:\/\/dutchhealthstore.com\/de\/?s={search_term_string}\"},\"query-input\":{\"@type\":\"PropertyValueSpecification\",\"valueRequired\":true,\"valueName\":\"search_term_string\"}}],\"inLanguage\":\"de\"},{\"@type\":\"Organization\",\"@id\":\"https:\/\/dutchhealthstore.com\/de\/#organization\",\"name\":\"Dutch Health Store\",\"url\":\"https:\/\/dutchhealthstore.com\/de\/\",\"logo\":{\"@type\":\"ImageObject\",\"inLanguage\":\"de\",\"@id\":\"https:\/\/dutchhealthstore.com\/de\/#\/schema\/logo\/image\/\",\"url\":\"https:\/\/dutchhealthstore.com\/wp-content\/uploads\/2020\/08\/logo-dutchhealthstore-jpg-e1599484957574.jpg\",\"contentUrl\":\"https:\/\/dutchhealthstore.com\/wp-content\/uploads\/2020\/08\/logo-dutchhealthstore-jpg-e1599484957574.jpg\",\"width\":400,\"height\":62,\"caption\":\"Dutch Health Store\"},\"image\":{\"@id\":\"https:\/\/dutchhealthstore.com\/de\/#\/schema\/logo\/image\/\"},\"sameAs\":[\"https:\/\/www.instagram.com\/dutchhealthstore\/\",\"https:\/\/www.facebook.com\/dutchhealthstore\"]}]}<\/script>\n<meta property=\"product:brand\" content=\"Living Libations\" \/>\n<meta property=\"product:price:amount\" content=\"21.00\" \/>\n<meta property=\"product:price:currency\" content=\"EUR\" \/>\n<meta property=\"og:availability\" content=\"out of stock\" \/>\n<meta property=\"product:availability\" content=\"out of stock\" \/>\n<meta property=\"product:condition\" content=\"new\" \/>\n<!-- \/ Yoast SEO Premium plugin. -->","yoast_head_json":{"title":"Ylang Complete Essential Oil - Living Libations","description":"Ylang Complete f\u00e4ngt die volle blumige Kraft der Pflanze ein. Diese tropische Kostbarkeit verleiht der Leichtigkeit des Seins Wohlwollen und dem Parf\u00fcm einen honigartigen Hauch.","robots":{"index":"index","follow":"follow","max-snippet":"max-snippet:-1","max-image-preview":"max-image-preview:large","max-video-preview":"max-video-preview:-1"},"canonical":"https:\/\/dutchhealthstore.com\/de\/product\/ylang-complete-essential-oil\/","og_locale":"de_DE","og_type":"article","og_title":"Ylang Complete Essential Oil - Dutch Health Store","og_description":"Ylang Complete f\u00e4ngt die volle blumige Kraft der Pflanze ein. Diese tropische Kostbarkeit verleiht der Leichtigkeit des Seins Wohlwollen und dem Parf\u00fcm einen honigartigen Hauch.","og_url":"https:\/\/dutchhealthstore.com\/de\/product\/ylang-complete-essential-oil\/","og_site_name":"Dutch Health Store","article_publisher":"https:\/\/www.instagram.com\/dutchhealthstore\/","article_modified_time":"2026-03-27T22:24:15+00:00","og_image":[{"width":500,"height":500,"url":"https:\/\/dutchhealthstore.com\/wp-content\/uploads\/2020\/11\/Living-Libations-Ylang-Complete-Essential-Oil.jpg","type":"image\/jpeg"}],"twitter_card":"summary_large_image","twitter_misc":{"Preis":"&euro;21,00","Verf\u00fcgbarkeit":"ausverkauft"},"schema":{"@context":"https:\/\/schema.org","@graph":[{"@type":"WebPage","@id":"https:\/\/dutchhealthstore.com\/de\/product\/ylang-complete-essential-oil\/","url":"https:\/\/dutchhealthstore.com\/de\/product\/ylang-complete-essential-oil\/","name":"Ylang Complete Essential Oil - Living Libations","isPartOf":{"@id":"https:\/\/dutchhealthstore.com\/de\/#website"},"primaryImageOfPage":{"@id":"https:\/\/dutchhealthstore.com\/de\/product\/ylang-complete-essential-oil\/#primaryimage"},"image":{"@id":"https:\/\/dutchhealthstore.com\/de\/product\/ylang-complete-essential-oil\/#primaryimage"},"thumbnailUrl":"https:\/\/dutchhealthstore.com\/wp-content\/uploads\/2020\/11\/Ylang-Complete-Essential-\u2013-530x530-1.jpg","datePublished":"2020-11-23T08:03:28+00:00","dateModified":"2026-03-27T22:24:15+00:00","description":"Ylang Complete f\u00e4ngt die volle blumige Kraft der Pflanze ein. Diese tropische Kostbarkeit verleiht der Leichtigkeit des Seins Wohlwollen und dem Parf\u00fcm einen honigartigen Hauch.","breadcrumb":{"@id":"https:\/\/dutchhealthstore.com\/de\/product\/ylang-complete-essential-oil\/#breadcrumb"},"inLanguage":"de","potentialAction":[{"@type":"ReadAction","target":["https:\/\/dutchhealthstore.com\/de\/product\/ylang-complete-essential-oil\/"]}]},{"@type":"ImageObject","inLanguage":"de","@id":"https:\/\/dutchhealthstore.com\/de\/product\/ylang-complete-essential-oil\/#primaryimage","url":"https:\/\/dutchhealthstore.com\/wp-content\/uploads\/2020\/11\/Ylang-Complete-Essential-\u2013-530x530-1.jpg","contentUrl":"https:\/\/dutchhealthstore.com\/wp-content\/uploads\/2020\/11\/Ylang-Complete-Essential-\u2013-530x530-1.jpg","width":530,"height":530},{"@type":"BreadcrumbList","@id":"https:\/\/dutchhealthstore.com\/de\/product\/ylang-complete-essential-oil\/#breadcrumb","itemListElement":[{"@type":"ListItem","position":1,"name":"Home","item":"https:\/\/dutchhealthstore.com\/de\/"},{"@type":"ListItem","position":2,"name":"Shop","item":"https:\/\/dutchhealthstore.com\/de\/shop-2\/"},{"@type":"ListItem","position":3,"name":"Ylang Complete Essential Oil"}]},{"@type":"WebSite","@id":"https:\/\/dutchhealthstore.com\/de\/#website","url":"https:\/\/dutchhealthstore.com\/de\/","name":"Dutch Health Store","description":"Enhance Your Beauty with Organic &amp; Natural Skincare","publisher":{"@id":"https:\/\/dutchhealthstore.com\/de\/#organization"},"potentialAction":[{"@type":"SearchAction","target":{"@type":"EntryPoint","urlTemplate":"https:\/\/dutchhealthstore.com\/de\/?s={search_term_string}"},"query-input":{"@type":"PropertyValueSpecification","valueRequired":true,"valueName":"search_term_string"}}],"inLanguage":"de"},{"@type":"Organization","@id":"https:\/\/dutchhealthstore.com\/de\/#organization","name":"Dutch Health Store","url":"https:\/\/dutchhealthstore.com\/de\/","logo":{"@type":"ImageObject","inLanguage":"de","@id":"https:\/\/dutchhealthstore.com\/de\/#\/schema\/logo\/image\/","url":"https:\/\/dutchhealthstore.com\/wp-content\/uploads\/2020\/08\/logo-dutchhealthstore-jpg-e1599484957574.jpg","contentUrl":"https:\/\/dutchhealthstore.com\/wp-content\/uploads\/2020\/08\/logo-dutchhealthstore-jpg-e1599484957574.jpg","width":400,"height":62,"caption":"Dutch Health Store"},"image":{"@id":"https:\/\/dutchhealthstore.com\/de\/#\/schema\/logo\/image\/"},"sameAs":["https:\/\/www.instagram.com\/dutchhealthstore\/","https:\/\/www.facebook.com\/dutchhealthstore"]}]},"product_brand":"Living Libations","product_price_amount":"21.00","product_price_currency":"EUR","og_availability":"out of stock","product_availability":"out of stock","product_condition":"new"},"_links":{"self":[{"href":"https:\/\/dutchhealthstore.com\/de\/wp-json\/wp\/v2\/product\/136397","targetHints":{"allow":["GET"]}}],"collection":[{"href":"https:\/\/dutchhealthstore.com\/de\/wp-json\/wp\/v2\/product"}],"about":[{"href":"https:\/\/dutchhealthstore.com\/de\/wp-json\/wp\/v2\/types\/product"}],"replies":[{"embeddable":true,"href":"https:\/\/dutchhealthstore.com\/de\/wp-json\/wp\/v2\/comments?post=136397"}],"wp:featuredmedia":[{"embeddable":true,"href":"https:\/\/dutchhealthstore.com\/de\/wp-json\/wp\/v2\/media\/337338"}],"wp:attachment":[{"href":"https:\/\/dutchhealthstore.com\/de\/wp-json\/wp\/v2\/media?parent=136397"}],"wp:term":[{"taxonomy":"product_brand","embeddable":true,"href":"https:\/\/dutchhealthstore.com\/de\/wp-json\/wp\/v2\/product_brand?post=136397"},{"taxonomy":"product_cat","embeddable":true,"href":"https:\/\/dutchhealthstore.com\/de\/wp-json\/wp\/v2\/product_cat?post=136397"},{"taxonomy":"product_tag","embeddable":true,"href":"https:\/\/dutchhealthstore.com\/de\/wp-json\/wp\/v2\/product_tag?post=136397"}],"curies":[{"name":"wp","href":"https:\/\/api.w.org\/{rel}","templated":true}]}}