{"id":134122,"date":"2020-11-23T09:36:15","date_gmt":"2020-11-23T08:36:15","guid":{"rendered":"https:\/\/dutchhealthstore.com\/product\/rose-apothecary-absolute\/"},"modified":"2024-09-13T09:21:04","modified_gmt":"2024-09-13T07:21:04","slug":"rose-apothecary-absolute","status":"publish","type":"product","link":"https:\/\/dutchhealthstore.com\/de\/product\/rose-apothecary-absolute\/","title":{"rendered":"Rose, Apothecary Absolute"},"content":{"rendered":"<p><strong><a href=\"https:\/\/dutchhealthstore.com\/wp-content\/uploads\/2019\/08\/NEW-Living-Libations-Logo.jpg\"><img decoding=\"async\" class=\"size-full wp-image-69550 alignright\" src=\"https:\/\/dutchhealthstore.com\/wp-content\/uploads\/2019\/08\/NEW-Living-Libations-Logo.jpg\" alt=\"NEW - Living Libations - Logo\" width=\"175\" height=\"82\"><\/a>Botanischer Name<\/strong>: Rosa gallica<br \/>\n<strong>Botanische Familie<\/strong>: Rosaceae<br \/>\n<strong>Extraktionsverfahren<\/strong>: Absolute<br \/>\n<strong>Teil der Pflanze Destilliert:<\/strong> Bl\u00fcten<br \/>\n<strong>Herkunftsland<\/strong>: Ukraine<br \/>\n<strong>Anbaumethode<\/strong>: Bio<br \/>\n<strong>Zusammensetzung<\/strong>: 100% Rosa gallica<br \/>\n<strong>Konsistenz<\/strong>: Mittlere Viskosit\u00e4t<\/p>\n<h3>Beschreibung des Duftes<\/h3>\n<p>Frische Rosen in voller Bl\u00fcte unter einem herrlichen Sommerhimmel. Ansprechender blumiger Duft mit Basisnoten von fr\u00f6hlichen Wiesen.<\/p>\n<h3>Gut mischbar mit<\/h3>\n<p>Andere Rosen, Weihrauch, Vetiver, Vanille, Spikenard, Myrrhe, Ylang, Zitrone, Grapefruit, Bergamotte, Wei\u00dftanne, Geranie, Neroli, Nelke und Limette.<\/p>\n<h3>Verwendet<\/h3>\n<p>Diese hinrei\u00dfende Rose ist eine k\u00f6nigliche Erg\u00e4nzung f\u00fcr jedes Parf\u00fcm, jede Haarpflege oder jeden Liebestrank und kann f\u00fcr heitere Ohnmachtsanf\u00e4lle inhaliert werden. Genie\u00dfen Sie ein abendliches Bad und erfreuen Sie sich an dem Duft, der sich im Schlafzimmer verbreitet.<\/p>\n<p>Die Apothekerrose ist die pr\u00e4chtige, schw\u00fcle Schwester der k\u00f6niglichen Rosa damascena, die genau dieselben chemischen Bestandteile in einem duftenden Absolue enth\u00e4lt. Dieses hochkonzentrierte Absolue wurde aus den duftenden Bl\u00fcten frisch erbl\u00fchter russischer Rosen gewonnen und bietet einen wundersch\u00f6nen emotionalen Schub und eine rosarote Brille f\u00fcr das Leben. Es ist ein fantastisch duftendes, blumiges \u00d6l f\u00fcr Massagen, Parf\u00fcmierung, heilige Liebeszeremonien und zur Beruhigung der Seele. Auch bekannt als Gallische Rose, Karminrote Damaszener-Rose und Rose von Provins, ist Apothecary Rose Absolute ein seltenes und sch\u00f6nes Rosen\u00f6l, das unter jedem anderen Namen genauso s\u00fc\u00df duftet!<\/p>\n<p>Apothecary Rose Absolute hat eine lange und reiche Geschichte der Verwendung in der Parf\u00fcmerie. Vor Jahrhunderten wurde in Asien die Rosa gallica mit der Rosa phoenicia gekreuzt, um die Rosa damascena zu schaffen, die ultra-raffinierte Rosensorte, die bei der Herstellung unseres Apothecary Rose Absolute verwendet wird. Verglichen mit der unverf\u00e4lschten Reinheit von Rose Otto sind die unerwarteten holzigen, fast zitrusartigen Basisnoten von Apothecary Rose hinrei\u00dfend und rebellisch; dies ist eine echte abtr\u00fcnnige Rose, die jeden erfreut, der an den Rosen riecht.<\/p>\n<p>Da die chemischen Bestandteile mit denen von Rose Otto identisch sind, wobei der Hauptunterschied im Destillationsverfahren liegt, bietet die Apothecary Rose viele der gleichen k\u00f6rperlichen, emotionalen und spirituellen Vorteile zu einem geringeren Preis. Emotional gesehen wird die Apothecary Rose verwendet, um die Stimmung zu heben, das Herz zu \u00f6ffnen, Sorgen zu vertreiben und die Sinnlichkeit zu entfesseln. In spiritueller Hinsicht kann Apothecary Rose w\u00e4hrend heiliger Zeremonien verwendet werden, um die Illusion der Trennung zu l\u00f6sen und mit dem Herzen der Welt eins zu werden.<\/p>\n<p><strong>Gr\u00f6\u00dfe: 2,5 ml und 5 ml<\/strong><\/p>\n<h3>Bio-Zutaten<\/h3>\n<p>100% Apothekerrose (Rosa gallica) absolut.<\/p>\n<p style=\"text-align: center;\"><em>&#8222;Wie die Griechen und die R\u00f6mer badeten auch die Perser ihre K\u00f6rper in Parf\u00fcm und verwendeten Parf\u00fcms in Verbindung mit Bestattungen, Opfern und Zeremonien aller Art in gro\u00dfem Umfang. Wir verdanken den Persern die Kunst der Rosendestillation.&#8220;<\/em><br \/>\n~ Jill Jesse, <strong>Perfume Album<\/strong><\/p>\n<p><a href=\"https:\/\/dutchhealthstore.com\/wp-content\/uploads\/2018\/02\/Living-Libations-Organic-Logo-800x89.png\"><img fetchpriority=\"high\" decoding=\"async\" class=\"size-medium wp-image-68104 aligncenter\" src=\"https:\/\/dutchhealthstore.com\/wp-content\/uploads\/2018\/02\/Living-Libations-Organic-Logo-800x89.png\" alt=\"Living Libations - Organic Logo\" width=\"800\" height=\"89\" srcset=\"https:\/\/dutchhealthstore.com\/wp-content\/uploads\/2018\/02\/Living-Libations-Organic-Logo-800x89.png 800w, https:\/\/dutchhealthstore.com\/wp-content\/uploads\/2018\/02\/Living-Libations-Organic-Logo-510x57.png 510w, https:\/\/dutchhealthstore.com\/wp-content\/uploads\/2018\/02\/Living-Libations-Organic-Logo-768x85.png 768w, https:\/\/dutchhealthstore.com\/wp-content\/uploads\/2018\/02\/Living-Libations-Organic-Logo.png 1400w\" sizes=\"(max-width: 800px) 100vw, 800px\" \/><\/a><\/p>\n","protected":false},"excerpt":{"rendered":"<p>Apothecary Rose Absolute macht sich den Ausdruck der Liebe der Erde in reiner Pflanzenpoesie zunutze: die bl\u00fchende Rose, die ihre Bl\u00fctenbl\u00e4tter entfaltet, um die unendliche Energie des offenen Himmels, die Leichtigkeit einer lauen Brise und die unvorstellbar hohen Sonnenstrahlen in sich aufzunehmen. Es ist diese blumige Offenheit, die Rosa gallica ihre unvergleichliche Kraft verleiht, das Herz f\u00fcr immer gr\u00f6\u00dfere Liebesbekundungen zu \u00f6ffnen.<\/p>\n","protected":false},"featured_media":133871,"comment_status":"open","ping_status":"closed","template":"","meta":[],"product_brand":[],"product_cat":[1551,1508,6737,1493,1210],"product_tag":[1547],"class_list":{"0":"post-134122","1":"product","2":"type-product","3":"status-publish","4":"has-post-thumbnail","6":"product_cat-absolute-essenz-living-libations","7":"product_cat-aetherische-oele-living-libations","8":"product_cat-essential-oils-de-2","9":"product_cat-living-libations-deutschland","10":"product_cat-marken","11":"product_tag-essential-oil-de","12":"pa_brand-livinglibations-de","13":"pa_essential-oils-product-type-absolute-essences-de","14":"pa_size-2-5-ml-de","15":"pa_size-5-ml-de","17":"first","18":"instock","19":"taxable","20":"shipping-taxable","21":"purchasable","22":"product-type-variable"},"bundled_by":[],"bundle_stock_status":"instock","bundle_stock_quantity":null,"bundle_virtual":false,"bundle_layout":"","bundle_add_to_cart_form_location":"","bundle_editable_in_cart":false,"bundle_sold_individually_context":"","bundle_item_grouping":"","bundle_min_size":"","bundle_max_size":"","bundle_price":[],"bundled_items":[],"bundle_sell_ids":[],"atum_controlled":true,"out_stock_date":null,"out_stock_threshold":null,"inheritable":true,"stock_on_hold":0,"sold_today":0,"sales_last_days":0,"out_stock_days":0,"lost_sales":0,"update_date":"2026-04-16T00:05:12","atum_locations":[],"atum_stock_status":"instock","restock_status":false,"low_stock_amount":"","sales_update_date":"2026-04-16T00:05:12","calc_backorders":null,"group_of_quantity":0,"min_quantity":0,"max_quantity":"","exclude_order_quantity_value_rules":"no","exclude_category_quantity_rules":"no","combine_variations":"no","yoast_head":"<!-- This site is optimized with the Yoast SEO Premium plugin v26.5 (Yoast SEO v26.5) - https:\/\/yoast.com\/wordpress\/plugins\/seo\/ -->\n<title>Rose, Apothecary Absolute - Living Libations<\/title>\n<meta name=\"description\" content=\"Diese hinrei\u00dfende Rose ist eine k\u00f6nigliche Erg\u00e4nzung f\u00fcr jedes Parf\u00fcm, jede Haarpflege oder jeden Liebestrank und kann f\u00fcr heitere Ohnmachtsanf\u00e4lle inhaliert werden. Genie\u00dfen Sie ein abendliches Bad und erfreuen Sie sich an dem Duft, der sich im Schlafzimmer verbreitet.\" \/>\n<meta name=\"robots\" content=\"index, follow, max-snippet:-1, max-image-preview:large, max-video-preview:-1\" \/>\n<link rel=\"canonical\" href=\"https:\/\/dutchhealthstore.com\/de\/product\/rose-apothecary-absolute\/\" \/>\n<meta property=\"og:locale\" content=\"de_DE\" \/>\n<meta property=\"og:type\" content=\"article\" \/>\n<meta property=\"og:title\" content=\"Rose, Apothecary Absolute - Dutch Health Store\" \/>\n<meta property=\"og:description\" content=\"Diese hinrei\u00dfende Rose ist eine k\u00f6nigliche Erg\u00e4nzung f\u00fcr jedes Parf\u00fcm, jede Haarpflege oder jeden Liebestrank und kann f\u00fcr heitere Ohnmachtsanf\u00e4lle inhaliert werden. Genie\u00dfen Sie ein abendliches Bad und erfreuen Sie sich an dem Duft, der sich im Schlafzimmer verbreitet.\" \/>\n<meta property=\"og:url\" content=\"https:\/\/dutchhealthstore.com\/de\/product\/rose-apothecary-absolute\/\" \/>\n<meta property=\"og:site_name\" content=\"Dutch Health Store\" \/>\n<meta property=\"article:publisher\" content=\"https:\/\/www.instagram.com\/dutchhealthstore\/\" \/>\n<meta property=\"article:modified_time\" content=\"2024-09-13T07:21:04+00:00\" \/>\n<meta property=\"og:image\" content=\"https:\/\/dutchhealthstore.com\/wp-content\/uploads\/2020\/11\/Living-Libations-Rose-Apothecary-Absolute.png\" \/>\n\t<meta property=\"og:image:width\" content=\"1000\" \/>\n\t<meta property=\"og:image:height\" content=\"1000\" \/>\n\t<meta property=\"og:image:type\" content=\"image\/jpeg\" \/>\n<meta name=\"twitter:card\" content=\"summary_large_image\" \/>\n<meta name=\"twitter:label1\" content=\"Verf\u00fcgbarkeit\" \/>\n\t<meta name=\"twitter:data1\" content=\"Auf Lager\" \/>\n<script type=\"application\/ld+json\" class=\"yoast-schema-graph\">{\"@context\":\"https:\/\/schema.org\",\"@graph\":[{\"@type\":\"WebPage\",\"@id\":\"https:\/\/dutchhealthstore.com\/de\/product\/rose-apothecary-absolute\/\",\"url\":\"https:\/\/dutchhealthstore.com\/de\/product\/rose-apothecary-absolute\/\",\"name\":\"Rose, Apothecary Absolute - Living Libations\",\"isPartOf\":{\"@id\":\"https:\/\/dutchhealthstore.com\/de\/#website\"},\"primaryImageOfPage\":{\"@id\":\"https:\/\/dutchhealthstore.com\/de\/product\/rose-apothecary-absolute\/#primaryimage\"},\"image\":{\"@id\":\"https:\/\/dutchhealthstore.com\/de\/product\/rose-apothecary-absolute\/#primaryimage\"},\"thumbnailUrl\":\"https:\/\/dutchhealthstore.com\/wp-content\/uploads\/2020\/11\/Living-Libations-Rose-Apothecary-Absolute.png\",\"datePublished\":\"2020-11-23T08:36:15+00:00\",\"dateModified\":\"2024-09-13T07:21:04+00:00\",\"description\":\"Diese hinrei\u00dfende Rose ist eine k\u00f6nigliche Erg\u00e4nzung f\u00fcr jedes Parf\u00fcm, jede Haarpflege oder jeden Liebestrank und kann f\u00fcr heitere Ohnmachtsanf\u00e4lle inhaliert werden. Genie\u00dfen Sie ein abendliches Bad und erfreuen Sie sich an dem Duft, der sich im Schlafzimmer verbreitet.\",\"breadcrumb\":{\"@id\":\"https:\/\/dutchhealthstore.com\/de\/product\/rose-apothecary-absolute\/#breadcrumb\"},\"inLanguage\":\"de\",\"potentialAction\":[{\"@type\":\"ReadAction\",\"target\":[\"https:\/\/dutchhealthstore.com\/de\/product\/rose-apothecary-absolute\/\"]}]},{\"@type\":\"ImageObject\",\"inLanguage\":\"de\",\"@id\":\"https:\/\/dutchhealthstore.com\/de\/product\/rose-apothecary-absolute\/#primaryimage\",\"url\":\"https:\/\/dutchhealthstore.com\/wp-content\/uploads\/2020\/11\/Living-Libations-Rose-Apothecary-Absolute.png\",\"contentUrl\":\"https:\/\/dutchhealthstore.com\/wp-content\/uploads\/2020\/11\/Living-Libations-Rose-Apothecary-Absolute.png\",\"width\":1000,\"height\":1000,\"caption\":\"Living Libations Rose, Apothecary Absolute\"},{\"@type\":\"BreadcrumbList\",\"@id\":\"https:\/\/dutchhealthstore.com\/de\/product\/rose-apothecary-absolute\/#breadcrumb\",\"itemListElement\":[{\"@type\":\"ListItem\",\"position\":1,\"name\":\"Home\",\"item\":\"https:\/\/dutchhealthstore.com\/de\/\"},{\"@type\":\"ListItem\",\"position\":2,\"name\":\"Shop\",\"item\":\"https:\/\/dutchhealthstore.com\/de\/shop-2\/\"},{\"@type\":\"ListItem\",\"position\":3,\"name\":\"Rose, Apothecary Absolute\"}]},{\"@type\":\"WebSite\",\"@id\":\"https:\/\/dutchhealthstore.com\/de\/#website\",\"url\":\"https:\/\/dutchhealthstore.com\/de\/\",\"name\":\"Dutch Health Store\",\"description\":\"Enhance Your Beauty with Organic &amp; Natural Skincare\",\"publisher\":{\"@id\":\"https:\/\/dutchhealthstore.com\/de\/#organization\"},\"potentialAction\":[{\"@type\":\"SearchAction\",\"target\":{\"@type\":\"EntryPoint\",\"urlTemplate\":\"https:\/\/dutchhealthstore.com\/de\/?s={search_term_string}\"},\"query-input\":{\"@type\":\"PropertyValueSpecification\",\"valueRequired\":true,\"valueName\":\"search_term_string\"}}],\"inLanguage\":\"de\"},{\"@type\":\"Organization\",\"@id\":\"https:\/\/dutchhealthstore.com\/de\/#organization\",\"name\":\"Dutch Health Store\",\"url\":\"https:\/\/dutchhealthstore.com\/de\/\",\"logo\":{\"@type\":\"ImageObject\",\"inLanguage\":\"de\",\"@id\":\"https:\/\/dutchhealthstore.com\/de\/#\/schema\/logo\/image\/\",\"url\":\"https:\/\/dutchhealthstore.com\/wp-content\/uploads\/2020\/08\/logo-dutchhealthstore-jpg-e1599484957574.jpg\",\"contentUrl\":\"https:\/\/dutchhealthstore.com\/wp-content\/uploads\/2020\/08\/logo-dutchhealthstore-jpg-e1599484957574.jpg\",\"width\":400,\"height\":62,\"caption\":\"Dutch Health Store\"},\"image\":{\"@id\":\"https:\/\/dutchhealthstore.com\/de\/#\/schema\/logo\/image\/\"},\"sameAs\":[\"https:\/\/www.instagram.com\/dutchhealthstore\/\",\"https:\/\/www.facebook.com\/dutchhealthstore\"]}]}<\/script>\n<meta property=\"product:brand\" content=\"Living Libations\" \/>\n<meta property=\"og:availability\" content=\"instock\" \/>\n<meta property=\"product:availability\" content=\"instock\" \/>\n<meta property=\"product:condition\" content=\"new\" \/>\n<!-- \/ Yoast SEO Premium plugin. -->","yoast_head_json":{"title":"Rose, Apothecary Absolute - Living Libations","description":"Diese hinrei\u00dfende Rose ist eine k\u00f6nigliche Erg\u00e4nzung f\u00fcr jedes Parf\u00fcm, jede Haarpflege oder jeden Liebestrank und kann f\u00fcr heitere Ohnmachtsanf\u00e4lle inhaliert werden. Genie\u00dfen Sie ein abendliches Bad und erfreuen Sie sich an dem Duft, der sich im Schlafzimmer verbreitet.","robots":{"index":"index","follow":"follow","max-snippet":"max-snippet:-1","max-image-preview":"max-image-preview:large","max-video-preview":"max-video-preview:-1"},"canonical":"https:\/\/dutchhealthstore.com\/de\/product\/rose-apothecary-absolute\/","og_locale":"de_DE","og_type":"article","og_title":"Rose, Apothecary Absolute - Dutch Health Store","og_description":"Diese hinrei\u00dfende Rose ist eine k\u00f6nigliche Erg\u00e4nzung f\u00fcr jedes Parf\u00fcm, jede Haarpflege oder jeden Liebestrank und kann f\u00fcr heitere Ohnmachtsanf\u00e4lle inhaliert werden. Genie\u00dfen Sie ein abendliches Bad und erfreuen Sie sich an dem Duft, der sich im Schlafzimmer verbreitet.","og_url":"https:\/\/dutchhealthstore.com\/de\/product\/rose-apothecary-absolute\/","og_site_name":"Dutch Health Store","article_publisher":"https:\/\/www.instagram.com\/dutchhealthstore\/","article_modified_time":"2024-09-13T07:21:04+00:00","og_image":[{"width":1000,"height":1000,"url":"https:\/\/dutchhealthstore.com\/wp-content\/uploads\/2020\/11\/Living-Libations-Rose-Apothecary-Absolute.png","type":"image\/jpeg"}],"twitter_card":"summary_large_image","twitter_misc":{"Verf\u00fcgbarkeit":"Auf Lager"},"schema":{"@context":"https:\/\/schema.org","@graph":[{"@type":"WebPage","@id":"https:\/\/dutchhealthstore.com\/de\/product\/rose-apothecary-absolute\/","url":"https:\/\/dutchhealthstore.com\/de\/product\/rose-apothecary-absolute\/","name":"Rose, Apothecary Absolute - Living Libations","isPartOf":{"@id":"https:\/\/dutchhealthstore.com\/de\/#website"},"primaryImageOfPage":{"@id":"https:\/\/dutchhealthstore.com\/de\/product\/rose-apothecary-absolute\/#primaryimage"},"image":{"@id":"https:\/\/dutchhealthstore.com\/de\/product\/rose-apothecary-absolute\/#primaryimage"},"thumbnailUrl":"https:\/\/dutchhealthstore.com\/wp-content\/uploads\/2020\/11\/Living-Libations-Rose-Apothecary-Absolute.png","datePublished":"2020-11-23T08:36:15+00:00","dateModified":"2024-09-13T07:21:04+00:00","description":"Diese hinrei\u00dfende Rose ist eine k\u00f6nigliche Erg\u00e4nzung f\u00fcr jedes Parf\u00fcm, jede Haarpflege oder jeden Liebestrank und kann f\u00fcr heitere Ohnmachtsanf\u00e4lle inhaliert werden. Genie\u00dfen Sie ein abendliches Bad und erfreuen Sie sich an dem Duft, der sich im Schlafzimmer verbreitet.","breadcrumb":{"@id":"https:\/\/dutchhealthstore.com\/de\/product\/rose-apothecary-absolute\/#breadcrumb"},"inLanguage":"de","potentialAction":[{"@type":"ReadAction","target":["https:\/\/dutchhealthstore.com\/de\/product\/rose-apothecary-absolute\/"]}]},{"@type":"ImageObject","inLanguage":"de","@id":"https:\/\/dutchhealthstore.com\/de\/product\/rose-apothecary-absolute\/#primaryimage","url":"https:\/\/dutchhealthstore.com\/wp-content\/uploads\/2020\/11\/Living-Libations-Rose-Apothecary-Absolute.png","contentUrl":"https:\/\/dutchhealthstore.com\/wp-content\/uploads\/2020\/11\/Living-Libations-Rose-Apothecary-Absolute.png","width":1000,"height":1000,"caption":"Living Libations Rose, Apothecary Absolute"},{"@type":"BreadcrumbList","@id":"https:\/\/dutchhealthstore.com\/de\/product\/rose-apothecary-absolute\/#breadcrumb","itemListElement":[{"@type":"ListItem","position":1,"name":"Home","item":"https:\/\/dutchhealthstore.com\/de\/"},{"@type":"ListItem","position":2,"name":"Shop","item":"https:\/\/dutchhealthstore.com\/de\/shop-2\/"},{"@type":"ListItem","position":3,"name":"Rose, Apothecary Absolute"}]},{"@type":"WebSite","@id":"https:\/\/dutchhealthstore.com\/de\/#website","url":"https:\/\/dutchhealthstore.com\/de\/","name":"Dutch Health Store","description":"Enhance Your Beauty with Organic &amp; Natural Skincare","publisher":{"@id":"https:\/\/dutchhealthstore.com\/de\/#organization"},"potentialAction":[{"@type":"SearchAction","target":{"@type":"EntryPoint","urlTemplate":"https:\/\/dutchhealthstore.com\/de\/?s={search_term_string}"},"query-input":{"@type":"PropertyValueSpecification","valueRequired":true,"valueName":"search_term_string"}}],"inLanguage":"de"},{"@type":"Organization","@id":"https:\/\/dutchhealthstore.com\/de\/#organization","name":"Dutch Health Store","url":"https:\/\/dutchhealthstore.com\/de\/","logo":{"@type":"ImageObject","inLanguage":"de","@id":"https:\/\/dutchhealthstore.com\/de\/#\/schema\/logo\/image\/","url":"https:\/\/dutchhealthstore.com\/wp-content\/uploads\/2020\/08\/logo-dutchhealthstore-jpg-e1599484957574.jpg","contentUrl":"https:\/\/dutchhealthstore.com\/wp-content\/uploads\/2020\/08\/logo-dutchhealthstore-jpg-e1599484957574.jpg","width":400,"height":62,"caption":"Dutch Health Store"},"image":{"@id":"https:\/\/dutchhealthstore.com\/de\/#\/schema\/logo\/image\/"},"sameAs":["https:\/\/www.instagram.com\/dutchhealthstore\/","https:\/\/www.facebook.com\/dutchhealthstore"]}]},"product_brand":"Living Libations","og_availability":"instock","product_availability":"instock","product_condition":"new"},"_links":{"self":[{"href":"https:\/\/dutchhealthstore.com\/de\/wp-json\/wp\/v2\/product\/134122","targetHints":{"allow":["GET"]}}],"collection":[{"href":"https:\/\/dutchhealthstore.com\/de\/wp-json\/wp\/v2\/product"}],"about":[{"href":"https:\/\/dutchhealthstore.com\/de\/wp-json\/wp\/v2\/types\/product"}],"replies":[{"embeddable":true,"href":"https:\/\/dutchhealthstore.com\/de\/wp-json\/wp\/v2\/comments?post=134122"}],"wp:featuredmedia":[{"embeddable":true,"href":"https:\/\/dutchhealthstore.com\/de\/wp-json\/wp\/v2\/media\/133871"}],"wp:attachment":[{"href":"https:\/\/dutchhealthstore.com\/de\/wp-json\/wp\/v2\/media?parent=134122"}],"wp:term":[{"taxonomy":"product_brand","embeddable":true,"href":"https:\/\/dutchhealthstore.com\/de\/wp-json\/wp\/v2\/product_brand?post=134122"},{"taxonomy":"product_cat","embeddable":true,"href":"https:\/\/dutchhealthstore.com\/de\/wp-json\/wp\/v2\/product_cat?post=134122"},{"taxonomy":"product_tag","embeddable":true,"href":"https:\/\/dutchhealthstore.com\/de\/wp-json\/wp\/v2\/product_tag?post=134122"}],"curies":[{"name":"wp","href":"https:\/\/api.w.org\/{rel}","templated":true}]}}