{"id":134111,"date":"2020-11-20T09:08:04","date_gmt":"2020-11-20T08:08:04","guid":{"rendered":"https:\/\/dutchhealthstore.com\/product\/sage-clary-absolute\/"},"modified":"2025-02-23T06:24:05","modified_gmt":"2025-02-23T05:24:05","slug":"sage-clary-absolute","status":"publish","type":"product","link":"https:\/\/dutchhealthstore.com\/de\/product\/sage-clary-absolute\/","title":{"rendered":"Sage, Clary Absolute"},"content":{"rendered":"<p><strong><a href=\"https:\/\/dutchhealthstore.com\/wp-content\/uploads\/2019\/08\/NEW-Living-Libations-Logo.jpg\"><img decoding=\"async\" class=\"size-full wp-image-69552 alignright\" src=\"https:\/\/dutchhealthstore.com\/wp-content\/uploads\/2019\/08\/NEW-Living-Libations-Logo.jpg\" alt=\"NEW - Living Libations - Logo\" width=\"175\" height=\"82\"><\/a>Botanischer Name<\/strong>: Salvia sclarea<br \/>\n<strong>Botanische Familie:<\/strong> Lamiaceae<br \/>\n<strong>Extraktionsverfahren<\/strong>: Absolute<br \/>\n<strong>Teil der Pflanze Destilliert<\/strong>: Bl\u00fchende Spitzen<br \/>\n<strong>Herkunftsland<\/strong>: Frankreich<br \/>\n<strong>Anbaumethode<\/strong>: Bio<br \/>\n<strong>Zusammensetzung<\/strong>: 50:50 Salvia sclarea + biologischer, biodynamischer Alkohol<br \/>\n<strong>Konsistenz<\/strong>: Mittlere Viskosit\u00e4t.<\/p>\n<h3>Beschreibung des Duftes<\/h3>\n<p>S\u00fc\u00df und balsamisch, dennoch gr\u00fcn mit krautig-heutigen Tabakt\u00f6nen.<\/p>\n<h3>Gut mischbar mit<\/h3>\n<p>Zitrusfr\u00fcchte, Bergamotte, Kardamom, Nelke, Zeder, Zimt, Zistrose, Koriander, Zypresse, Tanne, Weihrauch, Geranie, Heu, Jasmin, Wacholder, Neroli, Lavendel, Patchouli, Rose, Sandelholz, Tabak, S\u00fc\u00dfes Vernalgras, Zistrose, Vetiver und Ylang.<\/p>\n<h3>Komponenten<\/h3>\n<p>Sclareol, ein fester, nicht destillierbarer Diterpenalkohol, der ein ausgezeichnetes Fixiermittel ist. Linalylacetat, ein fruchtig riechender Ester.<\/p>\n<h3>Kontraindikation<\/h3>\n<p>Empfindliche Hauttypen sollten vor der Anwendung einen Patch-Test durchf\u00fchren.<\/p>\n<p>Clary Sage ist eine hochwachsende Staude mit rosafarbenen und wei\u00dfen Bl\u00fcten an kr\u00e4ftigen, viereckigen St\u00e4ngeln, die mit gro\u00dfen, weichen Bl\u00e4ttern bedeckt sind. Alle oberirdischen Teile der Pflanze enthalten Dr\u00fcsen, die aromatische Essenzen produzieren und einen honigartigen, moschusartigen Duft abgeben. Die Pflanzen werden im August geerntet, wenn der Duft am st\u00e4rksten ist, um einen Extrakt zu gewinnen, der ein \u00fcppiges Fixativ mit zarten Kr\u00e4uter-, Blumen-, Tee- und Ambernoten ist. Das Aroma ist sanfter und krautiger als das des Clary Sage essential oil.<\/p>\n<p>Konzentriertes Clary Sage Absolute ist eine gr\u00fcne, wachsartige Paste, die sich nur schwer mit anderen \u00d6len kombinieren l\u00e4sst. Um die Anwendung zu erleichtern, bieten wir es in einer gie\u00dfbaren Form an, die mit 50% Bio-Alkohol vorverd\u00fcnnt ist und als Teil Ihrer Parf\u00fcmpalette verwendet werden kann.<\/p>\n<p>Ein Absolue entsteht, indem ein L\u00f6sungsmittel verwendet wird, um die wertvollen pflanzlichen Aromastoffe aus dem Pflanzenmaterial herauszul\u00f6sen. Anschlie\u00dfend l\u00e4sst man das L\u00f6sungsmittel verdampfen und hinterl\u00e4sst ein wunderbar aromatisches und hochkonzentriertes Absolue. Die duftenden Molek\u00fcle werden im Allgemeinen durch Inhalation genossen, um Emotionen, Geist, Erinnerungen, Kreativit\u00e4t, Konzentration, Vorstellungskraft und Meditation \u00fcber weltliche Schwellen hinweg in das Meer der kosmischen Wellenformen zu transportieren. Die Duftgeschichte der Absolues entfaltet sich in Colognes und Parfums, Inhalationsmitteln und Raumdiffusionsaufg\u00fcssen und nicht als Schwerpunkt der Hautpflege.<\/p>\n<p><strong>Gr\u00f6\u00dfe: 5 ml und 15 ml<\/strong><\/p>\n<h3>Bio-Zutaten<\/h3>\n<p>100% Muskatellersalbei (Salvia sclarea) absolut<\/p>\n<p style=\"text-align: center;\"><em>&#8222;Clary Sage dient dazu, das Bewusstsein nach innen zu bringen, so dass man aus seinem tiefen emotionalen und energetischen Kern kommen kann. Dabei hat er eine weichmachende Wirkung, die dabei helfen kann, unn\u00f6tige harte Schutzstrukturen aufzul\u00f6sen, die wir normalerweise in der Beziehung zu anderen verwenden&#8220;.<\/em><br \/>\n~Peter Holmes, <strong>Aromatica<\/strong><\/p>\n<p style=\"text-align: center;\"><em>&#8222;Clary Sage Absolute ist ein \u00e4u\u00dferst interessantes Parf\u00fcmmaterial, ein extrem reichhaltiger, zart s\u00fc\u00dfer&#8230; etwas krautiger Geruch von gro\u00dfer Z\u00e4higkeit. Der leicht bittere Unterton wird mit gutem Erfolg in bernsteinfarbenen Parf\u00fcmgrundlagen verwendet, w\u00e4hrend der reichhaltige und s\u00fc\u00dfe K\u00f6rper sehr gut mit Zitrus-Colognes und Lavendel-Foug\u00e8res harmoniert.&#8220;<\/em><br \/>\n~Steffen Arctander, <strong>Perfume and Flavor Materials of Natural Origin.<\/strong><\/p>\n<p>&nbsp;<\/p>\n<p><a href=\"https:\/\/dutchhealthstore.com\/wp-content\/uploads\/2018\/02\/Living-Libations-Organic-Logo-800x89.png\"><img fetchpriority=\"high\" decoding=\"async\" class=\"size-medium wp-image-68106 aligncenter\" src=\"https:\/\/dutchhealthstore.com\/wp-content\/uploads\/2018\/02\/Living-Libations-Organic-Logo-800x89.png\" alt=\"Living Libations - Organic Logo\" width=\"800\" height=\"89\" srcset=\"https:\/\/dutchhealthstore.com\/wp-content\/uploads\/2018\/02\/Living-Libations-Organic-Logo-800x89.png 800w, https:\/\/dutchhealthstore.com\/wp-content\/uploads\/2018\/02\/Living-Libations-Organic-Logo-510x57.png 510w, https:\/\/dutchhealthstore.com\/wp-content\/uploads\/2018\/02\/Living-Libations-Organic-Logo-768x85.png 768w, https:\/\/dutchhealthstore.com\/wp-content\/uploads\/2018\/02\/Living-Libations-Organic-Logo.png 1400w\" sizes=\"(max-width: 800px) 100vw, 800px\" \/><\/a><\/p>\n","protected":false},"excerpt":{"rendered":"<p>Bezauberndes Clary Sage Absolute offers a sweet, warm amber bouquet that masterfully melds together complex mixtures of field-florals, forest-foug\u00e8res, and cheery-chypre type essences into pleasing euphoric perfumes and charming coniferous colognes.<\/p>\n","protected":false},"featured_media":133785,"comment_status":"open","ping_status":"closed","template":"","meta":[],"product_brand":[],"product_cat":[1551,6737,1508,1493,1210],"product_tag":[1547],"class_list":{"0":"post-134111","1":"product","2":"type-product","3":"status-publish","4":"has-post-thumbnail","6":"product_cat-absolute-essenz-living-libations","7":"product_cat-essential-oils-de-2","8":"product_cat-aetherische-oele-living-libations","9":"product_cat-living-libations-deutschland","10":"product_cat-marken","11":"product_tag-essential-oil-de","12":"pa_brand-livinglibations-de","13":"pa_essential-oils-product-type-absolute-essences-de","14":"pa_gtin-7424926121152-de","15":"pa_size-5-ml-de","16":"pa_size-15-ml-de-2","18":"first","19":"instock","20":"taxable","21":"shipping-taxable","22":"purchasable","23":"product-type-variable"},"bundled_by":[],"bundle_stock_status":"instock","bundle_stock_quantity":null,"bundle_virtual":false,"bundle_layout":"","bundle_add_to_cart_form_location":"","bundle_editable_in_cart":false,"bundle_sold_individually_context":"","bundle_item_grouping":"","bundle_min_size":"","bundle_max_size":"","bundle_price":[],"bundled_items":[],"bundle_sell_ids":[],"atum_controlled":true,"out_stock_date":null,"out_stock_threshold":null,"inheritable":true,"stock_on_hold":0,"sold_today":0,"sales_last_days":0,"out_stock_days":0,"lost_sales":0,"update_date":"2026-04-05T01:47:02","atum_locations":[],"atum_stock_status":"instock","restock_status":false,"low_stock_amount":"","sales_update_date":"2026-04-05T01:47:02","calc_backorders":null,"group_of_quantity":0,"min_quantity":0,"max_quantity":"","exclude_order_quantity_value_rules":"no","exclude_category_quantity_rules":"no","combine_variations":"no","yoast_head":"<!-- This site is optimized with the Yoast SEO Premium plugin v26.5 (Yoast SEO v26.5) - https:\/\/yoast.com\/wordpress\/plugins\/seo\/ -->\n<title>Sage, Clary Absolute - Living Libations<\/title>\n<meta name=\"description\" content=\"Bezauberndes Clary Sage Absolute bietet ein s\u00fc\u00dfes, warmes Bernsteinbouquet, das meisterhaft komplexe Mischungen aus Feldblumen, Waldfoug\u00e8res und heiteren, zypriotischen Essenzen zu angenehmen, euphorischen Parf\u00fcms und charmanten Eau de Cologne zusammenf\u00fcgt.\" \/>\n<meta name=\"robots\" content=\"index, follow, max-snippet:-1, max-image-preview:large, max-video-preview:-1\" \/>\n<link rel=\"canonical\" href=\"https:\/\/dutchhealthstore.com\/de\/product\/sage-clary-absolute\/\" \/>\n<meta property=\"og:locale\" content=\"de_DE\" \/>\n<meta property=\"og:type\" content=\"article\" \/>\n<meta property=\"og:title\" content=\"Sage, Clary Absolute - Dutch Health Store\" \/>\n<meta property=\"og:description\" content=\"Bezauberndes Clary Sage Absolute bietet ein s\u00fc\u00dfes, warmes Bernsteinbouquet, das meisterhaft komplexe Mischungen aus Feldblumen, Waldfoug\u00e8res und heiteren, zypriotischen Essenzen zu angenehmen, euphorischen Parf\u00fcms und charmanten Eau de Cologne zusammenf\u00fcgt.\" \/>\n<meta property=\"og:url\" content=\"https:\/\/dutchhealthstore.com\/de\/product\/sage-clary-absolute\/\" \/>\n<meta property=\"og:site_name\" content=\"Dutch Health Store\" \/>\n<meta property=\"article:publisher\" content=\"https:\/\/www.instagram.com\/dutchhealthstore\/\" \/>\n<meta property=\"article:modified_time\" content=\"2025-02-23T05:24:05+00:00\" \/>\n<meta property=\"og:image\" content=\"https:\/\/dutchhealthstore.com\/wp-content\/uploads\/2020\/11\/living-libations-Clary-sage-absolute-1.jpg\" \/>\n\t<meta property=\"og:image:width\" content=\"500\" \/>\n\t<meta property=\"og:image:height\" content=\"500\" \/>\n\t<meta property=\"og:image:type\" content=\"image\/jpeg\" \/>\n<meta name=\"twitter:card\" content=\"summary_large_image\" \/>\n<meta name=\"twitter:label1\" content=\"Verf\u00fcgbarkeit\" \/>\n\t<meta name=\"twitter:data1\" content=\"Auf Lager\" \/>\n<script type=\"application\/ld+json\" class=\"yoast-schema-graph\">{\"@context\":\"https:\/\/schema.org\",\"@graph\":[{\"@type\":\"WebPage\",\"@id\":\"https:\/\/dutchhealthstore.com\/de\/product\/sage-clary-absolute\/\",\"url\":\"https:\/\/dutchhealthstore.com\/de\/product\/sage-clary-absolute\/\",\"name\":\"Sage, Clary Absolute - Living Libations\",\"isPartOf\":{\"@id\":\"https:\/\/dutchhealthstore.com\/de\/#website\"},\"primaryImageOfPage\":{\"@id\":\"https:\/\/dutchhealthstore.com\/de\/product\/sage-clary-absolute\/#primaryimage\"},\"image\":{\"@id\":\"https:\/\/dutchhealthstore.com\/de\/product\/sage-clary-absolute\/#primaryimage\"},\"thumbnailUrl\":\"https:\/\/dutchhealthstore.com\/wp-content\/uploads\/2020\/11\/living-libations-Clary-sage-absolute-1.jpg\",\"datePublished\":\"2020-11-20T08:08:04+00:00\",\"dateModified\":\"2025-02-23T05:24:05+00:00\",\"description\":\"Bezauberndes Clary Sage Absolute bietet ein s\u00fc\u00dfes, warmes Bernsteinbouquet, das meisterhaft komplexe Mischungen aus Feldblumen, Waldfoug\u00e8res und heiteren, zypriotischen Essenzen zu angenehmen, euphorischen Parf\u00fcms und charmanten Eau de Cologne zusammenf\u00fcgt.\",\"breadcrumb\":{\"@id\":\"https:\/\/dutchhealthstore.com\/de\/product\/sage-clary-absolute\/#breadcrumb\"},\"inLanguage\":\"de\",\"potentialAction\":[{\"@type\":\"ReadAction\",\"target\":[\"https:\/\/dutchhealthstore.com\/de\/product\/sage-clary-absolute\/\"]}]},{\"@type\":\"ImageObject\",\"inLanguage\":\"de\",\"@id\":\"https:\/\/dutchhealthstore.com\/de\/product\/sage-clary-absolute\/#primaryimage\",\"url\":\"https:\/\/dutchhealthstore.com\/wp-content\/uploads\/2020\/11\/living-libations-Clary-sage-absolute-1.jpg\",\"contentUrl\":\"https:\/\/dutchhealthstore.com\/wp-content\/uploads\/2020\/11\/living-libations-Clary-sage-absolute-1.jpg\",\"width\":500,\"height\":500,\"caption\":\"living libations Clary sage absolute\"},{\"@type\":\"BreadcrumbList\",\"@id\":\"https:\/\/dutchhealthstore.com\/de\/product\/sage-clary-absolute\/#breadcrumb\",\"itemListElement\":[{\"@type\":\"ListItem\",\"position\":1,\"name\":\"Home\",\"item\":\"https:\/\/dutchhealthstore.com\/de\/\"},{\"@type\":\"ListItem\",\"position\":2,\"name\":\"Shop\",\"item\":\"https:\/\/dutchhealthstore.com\/de\/shop-2\/\"},{\"@type\":\"ListItem\",\"position\":3,\"name\":\"Sage, Clary Absolute\"}]},{\"@type\":\"WebSite\",\"@id\":\"https:\/\/dutchhealthstore.com\/de\/#website\",\"url\":\"https:\/\/dutchhealthstore.com\/de\/\",\"name\":\"Dutch Health Store\",\"description\":\"Enhance Your Beauty with Organic &amp; Natural Skincare\",\"publisher\":{\"@id\":\"https:\/\/dutchhealthstore.com\/de\/#organization\"},\"potentialAction\":[{\"@type\":\"SearchAction\",\"target\":{\"@type\":\"EntryPoint\",\"urlTemplate\":\"https:\/\/dutchhealthstore.com\/de\/?s={search_term_string}\"},\"query-input\":{\"@type\":\"PropertyValueSpecification\",\"valueRequired\":true,\"valueName\":\"search_term_string\"}}],\"inLanguage\":\"de\"},{\"@type\":\"Organization\",\"@id\":\"https:\/\/dutchhealthstore.com\/de\/#organization\",\"name\":\"Dutch Health Store\",\"url\":\"https:\/\/dutchhealthstore.com\/de\/\",\"logo\":{\"@type\":\"ImageObject\",\"inLanguage\":\"de\",\"@id\":\"https:\/\/dutchhealthstore.com\/de\/#\/schema\/logo\/image\/\",\"url\":\"https:\/\/dutchhealthstore.com\/wp-content\/uploads\/2020\/08\/logo-dutchhealthstore-jpg-e1599484957574.jpg\",\"contentUrl\":\"https:\/\/dutchhealthstore.com\/wp-content\/uploads\/2020\/08\/logo-dutchhealthstore-jpg-e1599484957574.jpg\",\"width\":400,\"height\":62,\"caption\":\"Dutch Health Store\"},\"image\":{\"@id\":\"https:\/\/dutchhealthstore.com\/de\/#\/schema\/logo\/image\/\"},\"sameAs\":[\"https:\/\/www.instagram.com\/dutchhealthstore\/\",\"https:\/\/www.facebook.com\/dutchhealthstore\"]}]}<\/script>\n<meta property=\"product:brand\" content=\"Living Libations\" \/>\n<meta property=\"og:availability\" content=\"instock\" \/>\n<meta property=\"product:availability\" content=\"instock\" \/>\n<meta property=\"product:condition\" content=\"new\" \/>\n<!-- \/ Yoast SEO Premium plugin. -->","yoast_head_json":{"title":"Sage, Clary Absolute - Living Libations","description":"Bezauberndes Clary Sage Absolute bietet ein s\u00fc\u00dfes, warmes Bernsteinbouquet, das meisterhaft komplexe Mischungen aus Feldblumen, Waldfoug\u00e8res und heiteren, zypriotischen Essenzen zu angenehmen, euphorischen Parf\u00fcms und charmanten Eau de Cologne zusammenf\u00fcgt.","robots":{"index":"index","follow":"follow","max-snippet":"max-snippet:-1","max-image-preview":"max-image-preview:large","max-video-preview":"max-video-preview:-1"},"canonical":"https:\/\/dutchhealthstore.com\/de\/product\/sage-clary-absolute\/","og_locale":"de_DE","og_type":"article","og_title":"Sage, Clary Absolute - Dutch Health Store","og_description":"Bezauberndes Clary Sage Absolute bietet ein s\u00fc\u00dfes, warmes Bernsteinbouquet, das meisterhaft komplexe Mischungen aus Feldblumen, Waldfoug\u00e8res und heiteren, zypriotischen Essenzen zu angenehmen, euphorischen Parf\u00fcms und charmanten Eau de Cologne zusammenf\u00fcgt.","og_url":"https:\/\/dutchhealthstore.com\/de\/product\/sage-clary-absolute\/","og_site_name":"Dutch Health Store","article_publisher":"https:\/\/www.instagram.com\/dutchhealthstore\/","article_modified_time":"2025-02-23T05:24:05+00:00","og_image":[{"width":500,"height":500,"url":"https:\/\/dutchhealthstore.com\/wp-content\/uploads\/2020\/11\/living-libations-Clary-sage-absolute-1.jpg","type":"image\/jpeg"}],"twitter_card":"summary_large_image","twitter_misc":{"Verf\u00fcgbarkeit":"Auf Lager"},"schema":{"@context":"https:\/\/schema.org","@graph":[{"@type":"WebPage","@id":"https:\/\/dutchhealthstore.com\/de\/product\/sage-clary-absolute\/","url":"https:\/\/dutchhealthstore.com\/de\/product\/sage-clary-absolute\/","name":"Sage, Clary Absolute - Living Libations","isPartOf":{"@id":"https:\/\/dutchhealthstore.com\/de\/#website"},"primaryImageOfPage":{"@id":"https:\/\/dutchhealthstore.com\/de\/product\/sage-clary-absolute\/#primaryimage"},"image":{"@id":"https:\/\/dutchhealthstore.com\/de\/product\/sage-clary-absolute\/#primaryimage"},"thumbnailUrl":"https:\/\/dutchhealthstore.com\/wp-content\/uploads\/2020\/11\/living-libations-Clary-sage-absolute-1.jpg","datePublished":"2020-11-20T08:08:04+00:00","dateModified":"2025-02-23T05:24:05+00:00","description":"Bezauberndes Clary Sage Absolute bietet ein s\u00fc\u00dfes, warmes Bernsteinbouquet, das meisterhaft komplexe Mischungen aus Feldblumen, Waldfoug\u00e8res und heiteren, zypriotischen Essenzen zu angenehmen, euphorischen Parf\u00fcms und charmanten Eau de Cologne zusammenf\u00fcgt.","breadcrumb":{"@id":"https:\/\/dutchhealthstore.com\/de\/product\/sage-clary-absolute\/#breadcrumb"},"inLanguage":"de","potentialAction":[{"@type":"ReadAction","target":["https:\/\/dutchhealthstore.com\/de\/product\/sage-clary-absolute\/"]}]},{"@type":"ImageObject","inLanguage":"de","@id":"https:\/\/dutchhealthstore.com\/de\/product\/sage-clary-absolute\/#primaryimage","url":"https:\/\/dutchhealthstore.com\/wp-content\/uploads\/2020\/11\/living-libations-Clary-sage-absolute-1.jpg","contentUrl":"https:\/\/dutchhealthstore.com\/wp-content\/uploads\/2020\/11\/living-libations-Clary-sage-absolute-1.jpg","width":500,"height":500,"caption":"living libations Clary sage absolute"},{"@type":"BreadcrumbList","@id":"https:\/\/dutchhealthstore.com\/de\/product\/sage-clary-absolute\/#breadcrumb","itemListElement":[{"@type":"ListItem","position":1,"name":"Home","item":"https:\/\/dutchhealthstore.com\/de\/"},{"@type":"ListItem","position":2,"name":"Shop","item":"https:\/\/dutchhealthstore.com\/de\/shop-2\/"},{"@type":"ListItem","position":3,"name":"Sage, Clary Absolute"}]},{"@type":"WebSite","@id":"https:\/\/dutchhealthstore.com\/de\/#website","url":"https:\/\/dutchhealthstore.com\/de\/","name":"Dutch Health Store","description":"Enhance Your Beauty with Organic &amp; Natural Skincare","publisher":{"@id":"https:\/\/dutchhealthstore.com\/de\/#organization"},"potentialAction":[{"@type":"SearchAction","target":{"@type":"EntryPoint","urlTemplate":"https:\/\/dutchhealthstore.com\/de\/?s={search_term_string}"},"query-input":{"@type":"PropertyValueSpecification","valueRequired":true,"valueName":"search_term_string"}}],"inLanguage":"de"},{"@type":"Organization","@id":"https:\/\/dutchhealthstore.com\/de\/#organization","name":"Dutch Health Store","url":"https:\/\/dutchhealthstore.com\/de\/","logo":{"@type":"ImageObject","inLanguage":"de","@id":"https:\/\/dutchhealthstore.com\/de\/#\/schema\/logo\/image\/","url":"https:\/\/dutchhealthstore.com\/wp-content\/uploads\/2020\/08\/logo-dutchhealthstore-jpg-e1599484957574.jpg","contentUrl":"https:\/\/dutchhealthstore.com\/wp-content\/uploads\/2020\/08\/logo-dutchhealthstore-jpg-e1599484957574.jpg","width":400,"height":62,"caption":"Dutch Health Store"},"image":{"@id":"https:\/\/dutchhealthstore.com\/de\/#\/schema\/logo\/image\/"},"sameAs":["https:\/\/www.instagram.com\/dutchhealthstore\/","https:\/\/www.facebook.com\/dutchhealthstore"]}]},"product_brand":"Living Libations","og_availability":"instock","product_availability":"instock","product_condition":"new"},"_links":{"self":[{"href":"https:\/\/dutchhealthstore.com\/de\/wp-json\/wp\/v2\/product\/134111","targetHints":{"allow":["GET"]}}],"collection":[{"href":"https:\/\/dutchhealthstore.com\/de\/wp-json\/wp\/v2\/product"}],"about":[{"href":"https:\/\/dutchhealthstore.com\/de\/wp-json\/wp\/v2\/types\/product"}],"replies":[{"embeddable":true,"href":"https:\/\/dutchhealthstore.com\/de\/wp-json\/wp\/v2\/comments?post=134111"}],"wp:featuredmedia":[{"embeddable":true,"href":"https:\/\/dutchhealthstore.com\/de\/wp-json\/wp\/v2\/media\/133785"}],"wp:attachment":[{"href":"https:\/\/dutchhealthstore.com\/de\/wp-json\/wp\/v2\/media?parent=134111"}],"wp:term":[{"taxonomy":"product_brand","embeddable":true,"href":"https:\/\/dutchhealthstore.com\/de\/wp-json\/wp\/v2\/product_brand?post=134111"},{"taxonomy":"product_cat","embeddable":true,"href":"https:\/\/dutchhealthstore.com\/de\/wp-json\/wp\/v2\/product_cat?post=134111"},{"taxonomy":"product_tag","embeddable":true,"href":"https:\/\/dutchhealthstore.com\/de\/wp-json\/wp\/v2\/product_tag?post=134111"}],"curies":[{"name":"wp","href":"https:\/\/api.w.org\/{rel}","templated":true}]}}