{"id":133014,"date":"2020-11-12T07:26:30","date_gmt":"2020-11-12T06:26:30","guid":{"rendered":"https:\/\/dutchhealthstore.com\/product\/raw-organic-lifebar-chocolate\/"},"modified":"2026-01-09T10:38:40","modified_gmt":"2026-01-09T09:38:40","slug":"raw-organic-lifebar-chocolate","status":"publish","type":"product","link":"https:\/\/dutchhealthstore.com\/de\/product\/raw-organic-lifebar-chocolate\/","title":{"rendered":"Raw Organic Lifebar Chocolate"},"content":{"rendered":"<p><a href=\"https:\/\/dutchhealthstore.com\/wp-content\/uploads\/2020\/11\/Untitled-design-1.jpg\"><img decoding=\"async\" class=\"size-full wp-image-132293 alignright\" src=\"https:\/\/dutchhealthstore.com\/wp-content\/uploads\/2020\/11\/Untitled-design-1.jpg\" alt=\"Lifefood-Logo\" width=\"240\" height=\"70\"><\/a>Mit seinen rohen Bio-Kakaobohnen bietet dieser Energieriegel alle gesundheitlichen Vorteile dieser k\u00f6stlichen Zutat sowie einen hervorragenden Geschmack. Zusammen mit der perfekt ausbalancierten Menge an Datteln, Cashewn\u00fcssen und Vanillepulver ist dieser Chocolate Lifebar eine echte Schoko-Ekstase. Entdecken Sie die Essenz echter Schokolade neu!<\/p>\n<h3>Beste Bio-Rohkost-Qualit\u00e4t<\/h3>\n<ul>\n<li>Der beste schokoladen\u00e4hnliche Energie-Riegel aller Zeiten!<\/li>\n<li>Roh-veganer Bio-Energieriegel f\u00fcr alle F\u00e4lle, in denen Sie sich lebendig und stark f\u00fchlen wollen.<\/li>\n<li>Nur mit Fr\u00fcchten, N\u00fcssen und Samen und anderen nat\u00fcrlichen Zutaten hergestellt<\/li>\n<li>Energie- und N\u00e4hrstoffquelle, ballaststoffreich, salzarm<\/li>\n<li>Ohne Zusatz von raffiniertem Zucker oder k\u00fcnstlichen S\u00fc\u00dfungsmitteln &#8211; nur mit nat\u00fcrlichem Zucker aus Fr\u00fcchten ges\u00fc\u00dft<\/li>\n<li>Ganz nat\u00fcrlich, glutenfrei, sojafrei, milchfrei, st\u00e4rkefrei, nicht gentechnisch ver\u00e4ndert<\/li>\n<li>Nat\u00fcrlicher Energiebooster f\u00fcr ein pulsierendes Leben<\/li>\n<\/ul>\n<h3 class=\"yikes-custom-woo-tab-title yikes-custom-woo-tab-title-natural-organic-ingredients\">Nat\u00fcrliche\/Organische Inhaltsstoffe<\/h3>\n<p>Datteln* (54 %), <strong>N\u00fcsse*<\/strong> (30 %; <strong>Mandeln*<\/strong>, <strong>Haselnusspaste*<\/strong>), Schokolade* (15, 5 %; Kakaopulver*, Kakaobohnen*, Kakaobutter* 3 %, Kakaofeststoffe 100 %).<br \/>\n* = Bio-zertifiziertes Produkt<\/p>\n<p>Kann Spuren von anderen N\u00fcssen und Sesam enthalten. Kann gelegentlich St\u00fccke von Nussschalen und Fruchtkernen enthalten.<\/p>\n<p><strong>Herkunftsland:<\/strong><br \/>\nTschechische Republik<\/p>\n<p>CZ-BIO-002<\/p>\n<p>CZ-BIO-002, EU\/Nicht-EU Landwirtschaft<\/p>\n<p><iframe title=\"Nutritional Lifefood Lifebar - Raw, Vegan, Organic Energy Bar, best for vegans\" width=\"1020\" height=\"574\" src=\"https:\/\/www.youtube.com\/embed\/yYpXmXNw8JI?feature=oembed\" frameborder=\"0\" allow=\"accelerometer; autoplay; clipboard-write; encrypted-media; gyroscope; picture-in-picture\" allowfullscreen><\/iframe><\/p>\n","protected":false},"excerpt":{"rendered":"<p>Der Chocolate Lifebar Energieriegel von Lifefood bietet Ihnen ein wahrhaft einzigartiges Schokoladenerlebnis.<\/p>\n","protected":false},"featured_media":294099,"comment_status":"open","ping_status":"closed","template":"","meta":[],"product_brand":[],"product_cat":[9694,20151,8472,8789],"product_tag":[8798,21605,21690,21521],"class_list":{"0":"post-133014","1":"product","2":"type-product","3":"status-publish","4":"has-post-thumbnail","6":"product_cat-berries-fruits-other-food-de-2","7":"product_cat-lifefood-lifebar-de","8":"product_cat-nutrition-de","9":"product_cat-superfoods-herbals-de-2","10":"product_tag-chocolate-de","11":"product_tag-energie-de","12":"product_tag-ernahrung","13":"product_tag-superfood-de","14":"pa_brand-lifefood-de","15":"pa_gtin-7424917138121-de","16":"pa_size-47-g-de","17":"pa_superfoods-product-type-berries-fruit-other-food-de","18":"pa_superfoods-product-type-chocolate-de","20":"first","21":"instock","22":"taxable","23":"shipping-taxable","24":"purchasable","25":"product-type-simple"},"bundled_by":[],"bundle_stock_status":"instock","bundle_stock_quantity":8,"bundle_virtual":false,"bundle_layout":"","bundle_add_to_cart_form_location":"","bundle_editable_in_cart":false,"bundle_sold_individually_context":"","bundle_item_grouping":"","bundle_min_size":"","bundle_max_size":"","bundle_price":[],"bundled_items":[],"bundle_sell_ids":[],"atum_controlled":true,"out_stock_date":null,"out_stock_threshold":null,"inheritable":false,"stock_on_hold":0,"sold_today":0,"sales_last_days":0,"out_stock_days":0,"lost_sales":0,"update_date":"2026-04-07T01:47:06","atum_locations":[],"atum_stock_status":"instock","restock_status":false,"low_stock_amount":"","sales_update_date":"2026-04-07T01:47:06","calc_backorders":null,"group_of_quantity":0,"min_quantity":0,"max_quantity":"","exclude_order_quantity_value_rules":"no","exclude_category_quantity_rules":"no","combine_variations":"no","yoast_head":"<!-- This site is optimized with the Yoast SEO Premium plugin v26.5 (Yoast SEO v26.5) - https:\/\/yoast.com\/wordpress\/plugins\/seo\/ -->\n<title>Raw Organic Lifebar Chocolate - Lifefood<\/title>\n<meta name=\"description\" content=\"Mit der perfekt ausbalancierten Menge an Datteln, Cashewn\u00fcssen und Vanillepulver ist dieser Schokoladen-Lifebar eine echte Schoko-Ekstase.\" \/>\n<meta name=\"robots\" content=\"index, follow, max-snippet:-1, max-image-preview:large, max-video-preview:-1\" \/>\n<link rel=\"canonical\" href=\"https:\/\/dutchhealthstore.com\/de\/product\/raw-organic-lifebar-chocolate\/\" \/>\n<meta property=\"og:locale\" content=\"de_DE\" \/>\n<meta property=\"og:type\" content=\"article\" \/>\n<meta property=\"og:title\" content=\"Raw Organic Lifebar Chocolate - Dutch Health Store\" \/>\n<meta property=\"og:description\" content=\"Mit der perfekt ausbalancierten Menge an Datteln, Cashewn\u00fcssen und Vanillepulver ist dieser Schokoladen-Lifebar eine echte Schoko-Ekstase.\" \/>\n<meta property=\"og:url\" content=\"https:\/\/dutchhealthstore.com\/de\/product\/raw-organic-lifebar-chocolate\/\" \/>\n<meta property=\"og:site_name\" content=\"Dutch Health Store\" \/>\n<meta property=\"article:publisher\" content=\"https:\/\/www.instagram.com\/dutchhealthstore\/\" \/>\n<meta property=\"article:modified_time\" content=\"2026-01-09T09:38:40+00:00\" \/>\n<meta property=\"og:image\" content=\"https:\/\/dutchhealthstore.com\/wp-content\/uploads\/2020\/11\/Raw-Organic-Lifebar-Chocolate.jpg\" \/>\n\t<meta property=\"og:image:width\" content=\"500\" \/>\n\t<meta property=\"og:image:height\" content=\"500\" \/>\n\t<meta property=\"og:image:type\" content=\"image\/jpeg\" \/>\n<meta name=\"twitter:card\" content=\"summary_large_image\" \/>\n<meta name=\"twitter:label1\" content=\"Preis\" \/>\n\t<meta name=\"twitter:data1\" content=\"&euro;2,20\" \/>\n\t<meta name=\"twitter:label2\" content=\"Verf\u00fcgbarkeit\" \/>\n\t<meta name=\"twitter:data2\" content=\"Auf Lager\" \/>\n<script type=\"application\/ld+json\" class=\"yoast-schema-graph\">{\"@context\":\"https:\/\/schema.org\",\"@graph\":[{\"@type\":\"WebPage\",\"@id\":\"https:\/\/dutchhealthstore.com\/de\/product\/raw-organic-lifebar-chocolate\/\",\"url\":\"https:\/\/dutchhealthstore.com\/de\/product\/raw-organic-lifebar-chocolate\/\",\"name\":\"Raw Organic Lifebar Chocolate - Lifefood\",\"isPartOf\":{\"@id\":\"https:\/\/dutchhealthstore.com\/de\/#website\"},\"primaryImageOfPage\":{\"@id\":\"https:\/\/dutchhealthstore.com\/de\/product\/raw-organic-lifebar-chocolate\/#primaryimage\"},\"image\":{\"@id\":\"https:\/\/dutchhealthstore.com\/de\/product\/raw-organic-lifebar-chocolate\/#primaryimage\"},\"thumbnailUrl\":\"https:\/\/dutchhealthstore.com\/wp-content\/uploads\/2020\/11\/lifefood-lifebar-chocolate.jpg\",\"datePublished\":\"2020-11-12T06:26:30+00:00\",\"dateModified\":\"2026-01-09T09:38:40+00:00\",\"description\":\"Mit der perfekt ausbalancierten Menge an Datteln, Cashewn\u00fcssen und Vanillepulver ist dieser Schokoladen-Lifebar eine echte Schoko-Ekstase.\",\"breadcrumb\":{\"@id\":\"https:\/\/dutchhealthstore.com\/de\/product\/raw-organic-lifebar-chocolate\/#breadcrumb\"},\"inLanguage\":\"de\",\"potentialAction\":[{\"@type\":\"ReadAction\",\"target\":[\"https:\/\/dutchhealthstore.com\/de\/product\/raw-organic-lifebar-chocolate\/\"]}]},{\"@type\":\"ImageObject\",\"inLanguage\":\"de\",\"@id\":\"https:\/\/dutchhealthstore.com\/de\/product\/raw-organic-lifebar-chocolate\/#primaryimage\",\"url\":\"https:\/\/dutchhealthstore.com\/wp-content\/uploads\/2020\/11\/lifefood-lifebar-chocolate.jpg\",\"contentUrl\":\"https:\/\/dutchhealthstore.com\/wp-content\/uploads\/2020\/11\/lifefood-lifebar-chocolate.jpg\",\"width\":530,\"height\":530,\"caption\":\"lifefood-lifebar-chocolate\"},{\"@type\":\"BreadcrumbList\",\"@id\":\"https:\/\/dutchhealthstore.com\/de\/product\/raw-organic-lifebar-chocolate\/#breadcrumb\",\"itemListElement\":[{\"@type\":\"ListItem\",\"position\":1,\"name\":\"Home\",\"item\":\"https:\/\/dutchhealthstore.com\/de\/\"},{\"@type\":\"ListItem\",\"position\":2,\"name\":\"Shop\",\"item\":\"https:\/\/dutchhealthstore.com\/de\/shop-2\/\"},{\"@type\":\"ListItem\",\"position\":3,\"name\":\"Raw Organic Lifebar Chocolate\"}]},{\"@type\":\"WebSite\",\"@id\":\"https:\/\/dutchhealthstore.com\/de\/#website\",\"url\":\"https:\/\/dutchhealthstore.com\/de\/\",\"name\":\"Dutch Health Store\",\"description\":\"Enhance Your Beauty with Organic &amp; Natural Skincare\",\"publisher\":{\"@id\":\"https:\/\/dutchhealthstore.com\/de\/#organization\"},\"potentialAction\":[{\"@type\":\"SearchAction\",\"target\":{\"@type\":\"EntryPoint\",\"urlTemplate\":\"https:\/\/dutchhealthstore.com\/de\/?s={search_term_string}\"},\"query-input\":{\"@type\":\"PropertyValueSpecification\",\"valueRequired\":true,\"valueName\":\"search_term_string\"}}],\"inLanguage\":\"de\"},{\"@type\":\"Organization\",\"@id\":\"https:\/\/dutchhealthstore.com\/de\/#organization\",\"name\":\"Dutch Health Store\",\"url\":\"https:\/\/dutchhealthstore.com\/de\/\",\"logo\":{\"@type\":\"ImageObject\",\"inLanguage\":\"de\",\"@id\":\"https:\/\/dutchhealthstore.com\/de\/#\/schema\/logo\/image\/\",\"url\":\"https:\/\/dutchhealthstore.com\/wp-content\/uploads\/2020\/08\/logo-dutchhealthstore-jpg-e1599484957574.jpg\",\"contentUrl\":\"https:\/\/dutchhealthstore.com\/wp-content\/uploads\/2020\/08\/logo-dutchhealthstore-jpg-e1599484957574.jpg\",\"width\":400,\"height\":62,\"caption\":\"Dutch Health Store\"},\"image\":{\"@id\":\"https:\/\/dutchhealthstore.com\/de\/#\/schema\/logo\/image\/\"},\"sameAs\":[\"https:\/\/www.instagram.com\/dutchhealthstore\/\",\"https:\/\/www.facebook.com\/dutchhealthstore\"]}]}<\/script>\n<meta property=\"product:brand\" content=\"Lifefood\" \/>\n<meta property=\"product:price:amount\" content=\"2.20\" \/>\n<meta property=\"product:price:currency\" content=\"EUR\" \/>\n<meta property=\"og:availability\" content=\"instock\" \/>\n<meta property=\"product:availability\" content=\"instock\" \/>\n<meta property=\"product:condition\" content=\"new\" \/>\n<!-- \/ Yoast SEO Premium plugin. -->","yoast_head_json":{"title":"Raw Organic Lifebar Chocolate - Lifefood","description":"Mit der perfekt ausbalancierten Menge an Datteln, Cashewn\u00fcssen und Vanillepulver ist dieser Schokoladen-Lifebar eine echte Schoko-Ekstase.","robots":{"index":"index","follow":"follow","max-snippet":"max-snippet:-1","max-image-preview":"max-image-preview:large","max-video-preview":"max-video-preview:-1"},"canonical":"https:\/\/dutchhealthstore.com\/de\/product\/raw-organic-lifebar-chocolate\/","og_locale":"de_DE","og_type":"article","og_title":"Raw Organic Lifebar Chocolate - Dutch Health Store","og_description":"Mit der perfekt ausbalancierten Menge an Datteln, Cashewn\u00fcssen und Vanillepulver ist dieser Schokoladen-Lifebar eine echte Schoko-Ekstase.","og_url":"https:\/\/dutchhealthstore.com\/de\/product\/raw-organic-lifebar-chocolate\/","og_site_name":"Dutch Health Store","article_publisher":"https:\/\/www.instagram.com\/dutchhealthstore\/","article_modified_time":"2026-01-09T09:38:40+00:00","og_image":[{"width":500,"height":500,"url":"https:\/\/dutchhealthstore.com\/wp-content\/uploads\/2020\/11\/Raw-Organic-Lifebar-Chocolate.jpg","type":"image\/jpeg"}],"twitter_card":"summary_large_image","twitter_misc":{"Preis":"&euro;2,20","Verf\u00fcgbarkeit":"Auf Lager"},"schema":{"@context":"https:\/\/schema.org","@graph":[{"@type":"WebPage","@id":"https:\/\/dutchhealthstore.com\/de\/product\/raw-organic-lifebar-chocolate\/","url":"https:\/\/dutchhealthstore.com\/de\/product\/raw-organic-lifebar-chocolate\/","name":"Raw Organic Lifebar Chocolate - Lifefood","isPartOf":{"@id":"https:\/\/dutchhealthstore.com\/de\/#website"},"primaryImageOfPage":{"@id":"https:\/\/dutchhealthstore.com\/de\/product\/raw-organic-lifebar-chocolate\/#primaryimage"},"image":{"@id":"https:\/\/dutchhealthstore.com\/de\/product\/raw-organic-lifebar-chocolate\/#primaryimage"},"thumbnailUrl":"https:\/\/dutchhealthstore.com\/wp-content\/uploads\/2020\/11\/lifefood-lifebar-chocolate.jpg","datePublished":"2020-11-12T06:26:30+00:00","dateModified":"2026-01-09T09:38:40+00:00","description":"Mit der perfekt ausbalancierten Menge an Datteln, Cashewn\u00fcssen und Vanillepulver ist dieser Schokoladen-Lifebar eine echte Schoko-Ekstase.","breadcrumb":{"@id":"https:\/\/dutchhealthstore.com\/de\/product\/raw-organic-lifebar-chocolate\/#breadcrumb"},"inLanguage":"de","potentialAction":[{"@type":"ReadAction","target":["https:\/\/dutchhealthstore.com\/de\/product\/raw-organic-lifebar-chocolate\/"]}]},{"@type":"ImageObject","inLanguage":"de","@id":"https:\/\/dutchhealthstore.com\/de\/product\/raw-organic-lifebar-chocolate\/#primaryimage","url":"https:\/\/dutchhealthstore.com\/wp-content\/uploads\/2020\/11\/lifefood-lifebar-chocolate.jpg","contentUrl":"https:\/\/dutchhealthstore.com\/wp-content\/uploads\/2020\/11\/lifefood-lifebar-chocolate.jpg","width":530,"height":530,"caption":"lifefood-lifebar-chocolate"},{"@type":"BreadcrumbList","@id":"https:\/\/dutchhealthstore.com\/de\/product\/raw-organic-lifebar-chocolate\/#breadcrumb","itemListElement":[{"@type":"ListItem","position":1,"name":"Home","item":"https:\/\/dutchhealthstore.com\/de\/"},{"@type":"ListItem","position":2,"name":"Shop","item":"https:\/\/dutchhealthstore.com\/de\/shop-2\/"},{"@type":"ListItem","position":3,"name":"Raw Organic Lifebar Chocolate"}]},{"@type":"WebSite","@id":"https:\/\/dutchhealthstore.com\/de\/#website","url":"https:\/\/dutchhealthstore.com\/de\/","name":"Dutch Health Store","description":"Enhance Your Beauty with Organic &amp; Natural Skincare","publisher":{"@id":"https:\/\/dutchhealthstore.com\/de\/#organization"},"potentialAction":[{"@type":"SearchAction","target":{"@type":"EntryPoint","urlTemplate":"https:\/\/dutchhealthstore.com\/de\/?s={search_term_string}"},"query-input":{"@type":"PropertyValueSpecification","valueRequired":true,"valueName":"search_term_string"}}],"inLanguage":"de"},{"@type":"Organization","@id":"https:\/\/dutchhealthstore.com\/de\/#organization","name":"Dutch Health Store","url":"https:\/\/dutchhealthstore.com\/de\/","logo":{"@type":"ImageObject","inLanguage":"de","@id":"https:\/\/dutchhealthstore.com\/de\/#\/schema\/logo\/image\/","url":"https:\/\/dutchhealthstore.com\/wp-content\/uploads\/2020\/08\/logo-dutchhealthstore-jpg-e1599484957574.jpg","contentUrl":"https:\/\/dutchhealthstore.com\/wp-content\/uploads\/2020\/08\/logo-dutchhealthstore-jpg-e1599484957574.jpg","width":400,"height":62,"caption":"Dutch Health Store"},"image":{"@id":"https:\/\/dutchhealthstore.com\/de\/#\/schema\/logo\/image\/"},"sameAs":["https:\/\/www.instagram.com\/dutchhealthstore\/","https:\/\/www.facebook.com\/dutchhealthstore"]}]},"product_brand":"Lifefood","product_price_amount":"2.20","product_price_currency":"EUR","og_availability":"instock","product_availability":"instock","product_condition":"new"},"_links":{"self":[{"href":"https:\/\/dutchhealthstore.com\/de\/wp-json\/wp\/v2\/product\/133014","targetHints":{"allow":["GET"]}}],"collection":[{"href":"https:\/\/dutchhealthstore.com\/de\/wp-json\/wp\/v2\/product"}],"about":[{"href":"https:\/\/dutchhealthstore.com\/de\/wp-json\/wp\/v2\/types\/product"}],"replies":[{"embeddable":true,"href":"https:\/\/dutchhealthstore.com\/de\/wp-json\/wp\/v2\/comments?post=133014"}],"wp:featuredmedia":[{"embeddable":true,"href":"https:\/\/dutchhealthstore.com\/de\/wp-json\/wp\/v2\/media\/294099"}],"wp:attachment":[{"href":"https:\/\/dutchhealthstore.com\/de\/wp-json\/wp\/v2\/media?parent=133014"}],"wp:term":[{"taxonomy":"product_brand","embeddable":true,"href":"https:\/\/dutchhealthstore.com\/de\/wp-json\/wp\/v2\/product_brand?post=133014"},{"taxonomy":"product_cat","embeddable":true,"href":"https:\/\/dutchhealthstore.com\/de\/wp-json\/wp\/v2\/product_cat?post=133014"},{"taxonomy":"product_tag","embeddable":true,"href":"https:\/\/dutchhealthstore.com\/de\/wp-json\/wp\/v2\/product_tag?post=133014"}],"curies":[{"name":"wp","href":"https:\/\/api.w.org\/{rel}","templated":true}]}}