{"id":130049,"date":"2020-06-22T06:29:40","date_gmt":"2020-06-22T06:29:40","guid":{"rendered":"https:\/\/dutchhealthstore.com\/product\/jewel-dab\/"},"modified":"2025-10-23T15:36:09","modified_gmt":"2025-10-23T13:36:09","slug":"jewel-dab","status":"publish","type":"product","link":"https:\/\/dutchhealthstore.com\/de\/product\/jewel-dab\/","title":{"rendered":"Jewel Dab"},"content":{"rendered":"<p><strong><img decoding=\"async\" class=\"size-full wp-image-69549 alignright\" src=\"https:\/\/dutchhealthstore.com\/wp-content\/uploads\/2019\/08\/NEW-Living-Libations-Logo.jpg\" alt=\"NEW - Living Libations - Logo\" width=\"175\" height=\"82\">J<\/strong><strong>e<\/strong><strong>w<\/strong><strong>e<\/strong><strong>l <\/strong><strong>Dab<\/strong> wurde mit diesen aufbauenden Edelsteinen kreiert, um das Erscheinungsbild der Hautstruktur zu verbessern: Zistrose zur Regeneration, Sandelholz, um Trockenheit zu lindern, Myrrhe, um F\u00e4ltchen zu minimieren, Immortelle, um die Elastizit\u00e4t der Haut zu f\u00f6rdern, Kamille, um Schwellungen zu lindern, Palmarosa, um R\u00f6tungen zu bes\u00e4nftigen, Karottensamen, um Narben zu mildern und Kurkuma, um den Hautton auszugleichen.<\/p>\n<h3>Instruktion<\/h3>\n<p>Kippen Sie einfach die Flasche und geben Sie einen Tropfen auf Ihre Fingerspitze und tragen Sie ihn direkt auf die betroffene Stelle auf. Ein kleiner Tupfer gen\u00fcgt! Unverd\u00fcnnt oder als sch\u00f6ner Zusatz zum Rose Glows, Best Skin Evers oder Soothsayer Serum verwenden.<\/p>\n<p><strong>Gr\u00f6\u00dfe: 5 ml und 15 ml<\/strong><\/p>\n<h3 class=\"yikes-custom-woo-tab-title yikes-custom-woo-tab-title-organic-ingrediens\">Nat\u00fcrliche\/Organische Inhaltsstoffe<\/h3>\n<p><strong>Die Zistrose<\/strong> <em>(Cistus landaniferus)<\/em> &#8211; Auffrischung Die Zistrose ist weder ein Stein noch eine Rose, sondern eine mediterrane Wildblume, die Wildrosen \u00e4hnelt. Die Affinit\u00e4t der Zistrose f\u00fcr die Hautpflege wurde schon von den alten \u00c4gyptern erkannt, die sie in Sch\u00f6nheitscremes mischten. Aufgrund seiner tonisierenden und verj\u00fcngenden Wirkung war er ein wichtiger Bestandteil ihrer Salben und Salben f\u00fcr unausgeglichene Haut. Trockene, fahle und m\u00fcde Haut wird die tonisierenden und feuchtigkeitsspendenden Eigenschaften des \u00d6ls zu sch\u00e4tzen wissen.<\/p>\n<p><strong>Sandelholz<\/strong> <em>(Santalum album)<\/em> &#8211; Sukkulentes Sandelholz ist das perfekte Gegenmittel f\u00fcr sonnenverw\u00f6hnte, hei\u00dfe und dehydrierte Haut. Es hilft der Haut, mehr Feuchtigkeit zu speichern, reduziert das Erscheinungsbild von Narben und Altersflecken und reinigt die Poren. Sandelholz ist ein uraltes K\u00f6rper- und Gesichts\u00f6l, das als beruhigendes, linderndes Tonikum gesch\u00e4tzt wird. Die nach Honig-Sirup duftende Essenz beruhigt trockene, empfindliche Haut.<\/p>\n<p><strong>Myrrhe<\/strong> <em>(Commiphora myrrha)<\/em> &#8211; Die Essenz der Myrrhe enth\u00e4lt dasselbe jenseitige Aroma und dieselben heilenden Eigenschaften, die sie bei so vielen alten Zivilisationen so beliebt machten. Die alten \u00c4gypter verwendeten Myrrhe\u00f6l zur Einbalsamierung und als Sch\u00f6nheitssalbe, Entgiftungsmittel und wohlriechendes Parf\u00fcm. In biblischen Zeiten galt er als heilig. Sie salbten die Alt\u00e4re mit diesem starken Saft als Inbegriff der Reinheit. Myrrhe wird seit mehr als 3800 Jahren als kraftvolle Pflanze zur Wiederherstellung der Hautpflege verwendet. Mit einem hohen Gehalt an beruhigenden Sesquiterpenen ist Myrrhe ein optimales \u00d6l, um das Erscheinungsbild von Narben, Flecken, Melasma, roter, trockener, fahler und unebener Haut zu reduzieren. Dieses opulente Oleoresin ist wundersch\u00f6n in Sonnenb\u00e4dern und herrlich f\u00fcr strahlende Haut.<\/p>\n<p><strong>Immortelle<\/strong> <em>(Helichrysum italicum)<\/em> &#8211; Die immerw\u00e4hrende Immortelle ist hervorragend und eignet sich hervorragend f\u00fcr alle Arten der Hautpflege. Dieses duftende, blumige \u00d6l wird auf der Insel Korsika wild geerntet, wo die Blumen unter der Meeresbrise und der Sonne gedeihen. Die Blumen wachsen in einer H\u00f6he von 4.000 Fu\u00df auf den felsigen Klippen der Landschaft. Die Immortelle hilft, das Erscheinungsbild von Narben, Flecken, Melasma, R\u00f6tungen und F\u00e4ltchen zu mildern. Dieses facettenreiche \u00d6l ist auch emotional sehr anregend.<\/p>\n<p><strong>Kamille<\/strong><em> (Anthemis nobilis)<\/em> &#8211; Das \u00e4therische \u00d6l der Kamille wird aus den zarten, kleinen Bl\u00fctenbl\u00e4ttern der franz\u00f6sischen Kamille dampfdestilliert. Diese Blume, die f\u00fcr ihre beruhigende Wirkung bekannt ist, wird auch als R\u00f6mische Kamille bezeichnet. Seine sanfte Anmut wurde von den alten \u00c4gyptern, den Mauren und den Sachsen als heiliges Elixier verehrt, das den Engeln w\u00fcrdig ist. Diese Essenz ist reich an beruhigenden Estern, was sie zum sanftesten \u00d6l macht, um widerspenstige Haut zu beruhigen.<\/p>\n<p><strong>Palmarosa<\/strong> <em>(Cymbopogon martini)<\/em> &#8211; Angenehme Palmarosa wird aus einem tropischen, duftenden Gras destilliert. Das Ergebnis ist ein aromatisches \u00d6l, das wie eine zitronige Geranienrose duftet und einfach herrlich f\u00fcr die Nase ist! Dieser beeindruckende Hautverj\u00fcnger ist reich an m\u00e4chtigen Monoterpenolen, erweichenden Estern, liebevollem Linalool und gro\u00dfz\u00fcgigen Geraniolen, die die Hautfette ausgleichen und die Poren reinigen.<\/p>\n<p><strong>Karottensamen<\/strong> <em>(Daucus carota)<\/em> &#8211; Queen Anne&#8217;s lace salbt Ihr Gesicht mit k\u00f6niglicher Anmut. Karotten\u00f6l gleicht die \u00d6lproduktion in einem perfekten Verh\u00e4ltnis aus, unabh\u00e4ngig vom aktuellen Zustand der Haut. Fettige, trockene und Mischhaut k\u00f6nnen alle von der feuchtigkeitsspendenden Manna-Kraft der Karottensamen profitieren.<\/p>\n<p><strong>Kurkuma<\/strong> <em>(Curcuma longa)<\/em> &#8211; Der gesch\u00e4tzte Kurkuma-Extrakt ist ein Tonikum von goldener G\u00fcte f\u00fcr die Haut. Durch die superkritische Extraktion werden alle lipophilen (\u00f6lliebenden) Verbindungen der Kurkuma aus den Wurzeln der Pflanze gewonnen. Durch dieses spezielle Extraktionsverfahren bleiben viel mehr der aromatischen \u00e4therischen \u00d6le, Lipide und Farbstoffe erhalten als bei einem typischen pulverisierten Kraut. Kurkuma\u00f6l-Essenz ist reich an N\u00e4hrstoffen.<\/p>\n<p><img fetchpriority=\"high\" decoding=\"async\" class=\"size-medium wp-image-68103 aligncenter\" src=\"https:\/\/dutchhealthstore.com\/wp-content\/uploads\/2018\/02\/Living-Libations-Organic-Logo-800x89.png\" alt=\"Living Libations - Organic Logo\" width=\"800\" height=\"89\" srcset=\"https:\/\/dutchhealthstore.com\/wp-content\/uploads\/2018\/02\/Living-Libations-Organic-Logo-800x89.png 800w, https:\/\/dutchhealthstore.com\/wp-content\/uploads\/2018\/02\/Living-Libations-Organic-Logo-510x57.png 510w, https:\/\/dutchhealthstore.com\/wp-content\/uploads\/2018\/02\/Living-Libations-Organic-Logo-768x85.png 768w, https:\/\/dutchhealthstore.com\/wp-content\/uploads\/2018\/02\/Living-Libations-Organic-Logo.png 1400w\" sizes=\"(max-width: 800px) 100vw, 800px\" \/><\/p>\n","protected":false},"excerpt":{"rendered":"<p>Das Kronjuwel unserer DewDab-Familie ist <strong>Living Libations Jewel Dab<\/strong>, ein konzentriertes Chrisam, das zur Wiederherstellung, Revitalisierung und Wiederherstellung der Ausstrahlung entwickelt wurde.<br \/>\nTragen Sie ein Juwelen-Tr\u00f6pfchen direkt auf die Haut auf, um einen glanzlosen Teint zu beruhigen, raue Haut zu pflegen und das Erscheinungsbild von Narben, Dehnungsstreifen und R\u00f6tungen zu mildern.<\/p>\n","protected":false},"featured_media":108150,"comment_status":"open","ping_status":"closed","template":"","meta":[],"product_brand":[],"product_cat":[1962,6737,6749,1493,1210,6736],"product_tag":[6236,21361,6317,21532,4831],"class_list":{"0":"post-130049","1":"product","2":"type-product","3":"status-publish","4":"has-post-thumbnail","6":"product_cat-elixir-blends","7":"product_cat-essential-oils-de-2","8":"product_cat-essential-oil-blends-de-2","9":"product_cat-living-libations-deutschland","10":"product_cat-marken","11":"product_cat-wellness-de","12":"product_tag-balm-de","13":"product_tag-face-care-de","14":"product_tag-glow-de","15":"product_tag-reparatur","16":"product_tag-skin-de","17":"pa_brand-livinglibations-de","18":"pa_essential-oils-product-type-essential-oil-blends-de","19":"pa_gtin-7439657380396-de","20":"pa_size-5-ml-de","21":"pa_size-15-ml-de-2","23":"first","24":"instock","25":"taxable","26":"shipping-taxable","27":"purchasable","28":"product-type-variable"},"bundled_by":[],"bundle_stock_status":"instock","bundle_stock_quantity":null,"bundle_virtual":false,"bundle_layout":"","bundle_add_to_cart_form_location":"","bundle_editable_in_cart":false,"bundle_sold_individually_context":"","bundle_item_grouping":"","bundle_min_size":"","bundle_max_size":"","bundle_price":[],"bundled_items":[],"bundle_sell_ids":[],"atum_controlled":true,"out_stock_date":null,"out_stock_threshold":null,"inheritable":true,"stock_on_hold":0,"sold_today":0,"sales_last_days":0,"out_stock_days":0,"lost_sales":0,"update_date":"2026-04-09T01:48:49","atum_locations":[],"atum_stock_status":"instock","restock_status":false,"low_stock_amount":"","sales_update_date":"2026-04-09T01:48:49","calc_backorders":null,"group_of_quantity":0,"min_quantity":0,"max_quantity":"","exclude_order_quantity_value_rules":"no","exclude_category_quantity_rules":"no","combine_variations":"no","yoast_head":"<!-- This site is optimized with the Yoast SEO Premium plugin v26.5 (Yoast SEO v26.5) - https:\/\/yoast.com\/wordpress\/plugins\/seo\/ -->\n<title>Jewel Dab | Living Libations<\/title>\n<meta name=\"description\" content=\"Das Kronjuwel unserer DewDab-Familie ist Living Libations Jewel Dab, ein konzentriertes Chrisam, das zur Wiederherstellung, Revitalisierung und Wiederherstellung der Ausstrahlung entwickelt wurde.\" \/>\n<meta name=\"robots\" content=\"index, follow, max-snippet:-1, max-image-preview:large, max-video-preview:-1\" \/>\n<link rel=\"canonical\" href=\"https:\/\/dutchhealthstore.com\/de\/product\/jewel-dab\/\" \/>\n<meta property=\"og:locale\" content=\"de_DE\" \/>\n<meta property=\"og:type\" content=\"article\" \/>\n<meta property=\"og:title\" content=\"Jewel Dab - Dutch Health Store\" \/>\n<meta property=\"og:description\" content=\"Das Kronjuwel unserer DewDab-Familie ist Living Libations Jewel Dab, ein konzentriertes Chrisam, das zur Wiederherstellung, Revitalisierung und Wiederherstellung der Ausstrahlung entwickelt wurde.\" \/>\n<meta property=\"og:url\" content=\"https:\/\/dutchhealthstore.com\/de\/product\/jewel-dab\/\" \/>\n<meta property=\"og:site_name\" content=\"Dutch Health Store\" \/>\n<meta property=\"article:publisher\" content=\"https:\/\/www.instagram.com\/dutchhealthstore\/\" \/>\n<meta property=\"article:modified_time\" content=\"2025-10-23T13:36:09+00:00\" \/>\n<meta property=\"og:image\" content=\"https:\/\/dutchhealthstore.com\/wp-content\/uploads\/2020\/06\/living-libations-jewel-dab-e1592807108521.jpg\" \/>\n\t<meta property=\"og:image:width\" content=\"500\" \/>\n\t<meta property=\"og:image:height\" content=\"500\" \/>\n\t<meta property=\"og:image:type\" content=\"image\/jpeg\" \/>\n<meta name=\"twitter:card\" content=\"summary_large_image\" \/>\n<meta name=\"twitter:label1\" content=\"Verf\u00fcgbarkeit\" \/>\n\t<meta name=\"twitter:data1\" content=\"Auf Lager\" \/>\n<script type=\"application\/ld+json\" class=\"yoast-schema-graph\">{\"@context\":\"https:\/\/schema.org\",\"@graph\":[{\"@type\":\"WebPage\",\"@id\":\"https:\/\/dutchhealthstore.com\/de\/product\/jewel-dab\/\",\"url\":\"https:\/\/dutchhealthstore.com\/de\/product\/jewel-dab\/\",\"name\":\"Jewel Dab | Living Libations\",\"isPartOf\":{\"@id\":\"https:\/\/dutchhealthstore.com\/de\/#website\"},\"primaryImageOfPage\":{\"@id\":\"https:\/\/dutchhealthstore.com\/de\/product\/jewel-dab\/#primaryimage\"},\"image\":{\"@id\":\"https:\/\/dutchhealthstore.com\/de\/product\/jewel-dab\/#primaryimage\"},\"thumbnailUrl\":\"https:\/\/dutchhealthstore.com\/wp-content\/uploads\/2020\/06\/living-libations-jewel-dab-e1592807108521.jpg\",\"datePublished\":\"2020-06-22T06:29:40+00:00\",\"dateModified\":\"2025-10-23T13:36:09+00:00\",\"description\":\"Das Kronjuwel unserer DewDab-Familie ist Living Libations Jewel Dab, ein konzentriertes Chrisam, das zur Wiederherstellung, Revitalisierung und Wiederherstellung der Ausstrahlung entwickelt wurde.\",\"breadcrumb\":{\"@id\":\"https:\/\/dutchhealthstore.com\/de\/product\/jewel-dab\/#breadcrumb\"},\"inLanguage\":\"de\",\"potentialAction\":[{\"@type\":\"ReadAction\",\"target\":[\"https:\/\/dutchhealthstore.com\/de\/product\/jewel-dab\/\"]}]},{\"@type\":\"ImageObject\",\"inLanguage\":\"de\",\"@id\":\"https:\/\/dutchhealthstore.com\/de\/product\/jewel-dab\/#primaryimage\",\"url\":\"https:\/\/dutchhealthstore.com\/wp-content\/uploads\/2020\/06\/living-libations-jewel-dab-e1592807108521.jpg\",\"contentUrl\":\"https:\/\/dutchhealthstore.com\/wp-content\/uploads\/2020\/06\/living-libations-jewel-dab-e1592807108521.jpg\",\"width\":500,\"height\":500},{\"@type\":\"BreadcrumbList\",\"@id\":\"https:\/\/dutchhealthstore.com\/de\/product\/jewel-dab\/#breadcrumb\",\"itemListElement\":[{\"@type\":\"ListItem\",\"position\":1,\"name\":\"Home\",\"item\":\"https:\/\/dutchhealthstore.com\/de\/\"},{\"@type\":\"ListItem\",\"position\":2,\"name\":\"Shop\",\"item\":\"https:\/\/dutchhealthstore.com\/de\/shop-2\/\"},{\"@type\":\"ListItem\",\"position\":3,\"name\":\"Jewel Dab\"}]},{\"@type\":\"WebSite\",\"@id\":\"https:\/\/dutchhealthstore.com\/de\/#website\",\"url\":\"https:\/\/dutchhealthstore.com\/de\/\",\"name\":\"Dutch Health Store\",\"description\":\"Enhance Your Beauty with Organic &amp; Natural Skincare\",\"publisher\":{\"@id\":\"https:\/\/dutchhealthstore.com\/de\/#organization\"},\"potentialAction\":[{\"@type\":\"SearchAction\",\"target\":{\"@type\":\"EntryPoint\",\"urlTemplate\":\"https:\/\/dutchhealthstore.com\/de\/?s={search_term_string}\"},\"query-input\":{\"@type\":\"PropertyValueSpecification\",\"valueRequired\":true,\"valueName\":\"search_term_string\"}}],\"inLanguage\":\"de\"},{\"@type\":\"Organization\",\"@id\":\"https:\/\/dutchhealthstore.com\/de\/#organization\",\"name\":\"Dutch Health Store\",\"url\":\"https:\/\/dutchhealthstore.com\/de\/\",\"logo\":{\"@type\":\"ImageObject\",\"inLanguage\":\"de\",\"@id\":\"https:\/\/dutchhealthstore.com\/de\/#\/schema\/logo\/image\/\",\"url\":\"https:\/\/dutchhealthstore.com\/wp-content\/uploads\/2020\/08\/logo-dutchhealthstore-jpg-e1599484957574.jpg\",\"contentUrl\":\"https:\/\/dutchhealthstore.com\/wp-content\/uploads\/2020\/08\/logo-dutchhealthstore-jpg-e1599484957574.jpg\",\"width\":400,\"height\":62,\"caption\":\"Dutch Health Store\"},\"image\":{\"@id\":\"https:\/\/dutchhealthstore.com\/de\/#\/schema\/logo\/image\/\"},\"sameAs\":[\"https:\/\/www.instagram.com\/dutchhealthstore\/\",\"https:\/\/www.facebook.com\/dutchhealthstore\"]}]}<\/script>\n<meta property=\"product:brand\" content=\"Living Libations\" \/>\n<meta property=\"og:availability\" content=\"instock\" \/>\n<meta property=\"product:availability\" content=\"instock\" \/>\n<meta property=\"product:condition\" content=\"new\" \/>\n<!-- \/ Yoast SEO Premium plugin. -->","yoast_head_json":{"title":"Jewel Dab | Living Libations","description":"Das Kronjuwel unserer DewDab-Familie ist Living Libations Jewel Dab, ein konzentriertes Chrisam, das zur Wiederherstellung, Revitalisierung und Wiederherstellung der Ausstrahlung entwickelt wurde.","robots":{"index":"index","follow":"follow","max-snippet":"max-snippet:-1","max-image-preview":"max-image-preview:large","max-video-preview":"max-video-preview:-1"},"canonical":"https:\/\/dutchhealthstore.com\/de\/product\/jewel-dab\/","og_locale":"de_DE","og_type":"article","og_title":"Jewel Dab - Dutch Health Store","og_description":"Das Kronjuwel unserer DewDab-Familie ist Living Libations Jewel Dab, ein konzentriertes Chrisam, das zur Wiederherstellung, Revitalisierung und Wiederherstellung der Ausstrahlung entwickelt wurde.","og_url":"https:\/\/dutchhealthstore.com\/de\/product\/jewel-dab\/","og_site_name":"Dutch Health Store","article_publisher":"https:\/\/www.instagram.com\/dutchhealthstore\/","article_modified_time":"2025-10-23T13:36:09+00:00","og_image":[{"width":500,"height":500,"url":"https:\/\/dutchhealthstore.com\/wp-content\/uploads\/2020\/06\/living-libations-jewel-dab-e1592807108521.jpg","type":"image\/jpeg"}],"twitter_card":"summary_large_image","twitter_misc":{"Verf\u00fcgbarkeit":"Auf Lager"},"schema":{"@context":"https:\/\/schema.org","@graph":[{"@type":"WebPage","@id":"https:\/\/dutchhealthstore.com\/de\/product\/jewel-dab\/","url":"https:\/\/dutchhealthstore.com\/de\/product\/jewel-dab\/","name":"Jewel Dab | Living Libations","isPartOf":{"@id":"https:\/\/dutchhealthstore.com\/de\/#website"},"primaryImageOfPage":{"@id":"https:\/\/dutchhealthstore.com\/de\/product\/jewel-dab\/#primaryimage"},"image":{"@id":"https:\/\/dutchhealthstore.com\/de\/product\/jewel-dab\/#primaryimage"},"thumbnailUrl":"https:\/\/dutchhealthstore.com\/wp-content\/uploads\/2020\/06\/living-libations-jewel-dab-e1592807108521.jpg","datePublished":"2020-06-22T06:29:40+00:00","dateModified":"2025-10-23T13:36:09+00:00","description":"Das Kronjuwel unserer DewDab-Familie ist Living Libations Jewel Dab, ein konzentriertes Chrisam, das zur Wiederherstellung, Revitalisierung und Wiederherstellung der Ausstrahlung entwickelt wurde.","breadcrumb":{"@id":"https:\/\/dutchhealthstore.com\/de\/product\/jewel-dab\/#breadcrumb"},"inLanguage":"de","potentialAction":[{"@type":"ReadAction","target":["https:\/\/dutchhealthstore.com\/de\/product\/jewel-dab\/"]}]},{"@type":"ImageObject","inLanguage":"de","@id":"https:\/\/dutchhealthstore.com\/de\/product\/jewel-dab\/#primaryimage","url":"https:\/\/dutchhealthstore.com\/wp-content\/uploads\/2020\/06\/living-libations-jewel-dab-e1592807108521.jpg","contentUrl":"https:\/\/dutchhealthstore.com\/wp-content\/uploads\/2020\/06\/living-libations-jewel-dab-e1592807108521.jpg","width":500,"height":500},{"@type":"BreadcrumbList","@id":"https:\/\/dutchhealthstore.com\/de\/product\/jewel-dab\/#breadcrumb","itemListElement":[{"@type":"ListItem","position":1,"name":"Home","item":"https:\/\/dutchhealthstore.com\/de\/"},{"@type":"ListItem","position":2,"name":"Shop","item":"https:\/\/dutchhealthstore.com\/de\/shop-2\/"},{"@type":"ListItem","position":3,"name":"Jewel Dab"}]},{"@type":"WebSite","@id":"https:\/\/dutchhealthstore.com\/de\/#website","url":"https:\/\/dutchhealthstore.com\/de\/","name":"Dutch Health Store","description":"Enhance Your Beauty with Organic &amp; Natural Skincare","publisher":{"@id":"https:\/\/dutchhealthstore.com\/de\/#organization"},"potentialAction":[{"@type":"SearchAction","target":{"@type":"EntryPoint","urlTemplate":"https:\/\/dutchhealthstore.com\/de\/?s={search_term_string}"},"query-input":{"@type":"PropertyValueSpecification","valueRequired":true,"valueName":"search_term_string"}}],"inLanguage":"de"},{"@type":"Organization","@id":"https:\/\/dutchhealthstore.com\/de\/#organization","name":"Dutch Health Store","url":"https:\/\/dutchhealthstore.com\/de\/","logo":{"@type":"ImageObject","inLanguage":"de","@id":"https:\/\/dutchhealthstore.com\/de\/#\/schema\/logo\/image\/","url":"https:\/\/dutchhealthstore.com\/wp-content\/uploads\/2020\/08\/logo-dutchhealthstore-jpg-e1599484957574.jpg","contentUrl":"https:\/\/dutchhealthstore.com\/wp-content\/uploads\/2020\/08\/logo-dutchhealthstore-jpg-e1599484957574.jpg","width":400,"height":62,"caption":"Dutch Health Store"},"image":{"@id":"https:\/\/dutchhealthstore.com\/de\/#\/schema\/logo\/image\/"},"sameAs":["https:\/\/www.instagram.com\/dutchhealthstore\/","https:\/\/www.facebook.com\/dutchhealthstore"]}]},"product_brand":"Living Libations","og_availability":"instock","product_availability":"instock","product_condition":"new"},"_links":{"self":[{"href":"https:\/\/dutchhealthstore.com\/de\/wp-json\/wp\/v2\/product\/130049","targetHints":{"allow":["GET"]}}],"collection":[{"href":"https:\/\/dutchhealthstore.com\/de\/wp-json\/wp\/v2\/product"}],"about":[{"href":"https:\/\/dutchhealthstore.com\/de\/wp-json\/wp\/v2\/types\/product"}],"replies":[{"embeddable":true,"href":"https:\/\/dutchhealthstore.com\/de\/wp-json\/wp\/v2\/comments?post=130049"}],"wp:featuredmedia":[{"embeddable":true,"href":"https:\/\/dutchhealthstore.com\/de\/wp-json\/wp\/v2\/media\/108150"}],"wp:attachment":[{"href":"https:\/\/dutchhealthstore.com\/de\/wp-json\/wp\/v2\/media?parent=130049"}],"wp:term":[{"taxonomy":"product_brand","embeddable":true,"href":"https:\/\/dutchhealthstore.com\/de\/wp-json\/wp\/v2\/product_brand?post=130049"},{"taxonomy":"product_cat","embeddable":true,"href":"https:\/\/dutchhealthstore.com\/de\/wp-json\/wp\/v2\/product_cat?post=130049"},{"taxonomy":"product_tag","embeddable":true,"href":"https:\/\/dutchhealthstore.com\/de\/wp-json\/wp\/v2\/product_tag?post=130049"}],"curies":[{"name":"wp","href":"https:\/\/api.w.org\/{rel}","templated":true}]}}