{"id":129980,"date":"2020-06-22T12:26:36","date_gmt":"2020-06-22T12:26:36","guid":{"rendered":"https:\/\/dutchhealthstore.com\/product\/jewel-dab-ozonated-beauty-balm\/"},"modified":"2026-03-16T23:21:40","modified_gmt":"2026-03-16T22:21:40","slug":"jewel-dab-ozonated-beauty-balm","status":"publish","type":"product","link":"https:\/\/dutchhealthstore.com\/de\/product\/jewel-dab-ozonated-beauty-balm\/","title":{"rendered":"Jewel Dab Ozonated Beauty Balm"},"content":{"rendered":"<p><strong><img decoding=\"async\" class=\"size-full wp-image-69549 alignright\" src=\"https:\/\/dutchhealthstore.com\/wp-content\/uploads\/2019\/08\/NEW-Living-Libations-Logo.jpg\" alt=\"NEW - Living Libations - Logo\" width=\"175\" height=\"82\">Jewel Dab Ozonated Beauty Balm<\/strong> ist ein seidiger, rosafarbener Balsam, der die Haut mit herrlichem Lorbeerwachs, gesundem Jojoba, verj\u00fcngender Zistrose, beruhigendem Sandelholz, meisterhafter Myrrhe, eleganter Immortelle, beruhigender Kamille, aufpolsternder Palmarosa, beruhigendem Karottensamen und tonisierender Kurkuma auff\u00fcllt, befeuchtet und verj\u00fcngt. Eine Ozoninfusion wirkt ausgleichend und bannend, w\u00e4hrend sie die Lebenskraft des Sauerstoffs f\u00fcr die strahlendste Haut aller Zeiten liefert.<\/p>\n<p>Tupfen Sie morgens und abends eine Perle des Balsams auf die Haut, die sich nach etwas TLC sehnt.<\/p>\n<h3>Das Aroma von Ozon verstehen<\/h3>\n<p>Wenn Sie ozonisiertes \u00d6l noch nicht kennen, kann der Geruch \u00fcberraschend sein, denn er erinnert an den Geruch aufgeladener Luft w\u00e4hrend eines Gewitters. Die meisten Menschen lieben das frische, aufgeladene Aroma, w\u00e4hrend andere es beim ersten Schnuppern als stark und ungew\u00f6hnlich empfinden. Diese Leute finden es angenehmer, nachdem sie einige Tage lang Ozon verwendet haben. Jede Rezeptur wird durch den k\u00f6stlichen Tanz der eingearbeiteten aromatischen \u00e4therischen \u00d6le bereichert, um den Geruchssinn und das Hautgef\u00fchl weiter zu aktivieren.<\/p>\n<h3>Instruktion<\/h3>\n<p>Nach der Reinigung eine Perle auf die ger\u00f6tete, trockene, raue und fahle Haut tupfen. Kann morgens und abends angewendet werden. Funktioniert gut unter dem Augen-Make-up, auf den Augenbrauen und auch als Lipgloss!<\/p>\n<p><strong>Gr\u00f6\u00dfe: 6 ml<\/strong><\/p>\n<h3 class=\"yikes-custom-woo-tab-title yikes-custom-woo-tab-title-organic-ingredients\">Bio-Zutaten<\/h3>\n<p><strong>Ozonisiertes Jojoba<\/strong> (Simmondsia chinensis O3) &#8211; Jojoba wird mit opulentem Ozon angereichert, um die Haut zu st\u00e4rken! Wenn man Ozon zu gesundem Jojoba hinzuf\u00fcgt, wird eine ganz neue F\u00fclle erreicht. Aktivierter Sauerstoff, Ozon, wird durch Aufladung von reinem Sauerstoff (zwei Sauerstoffatome &#8211; O2) zu reinem Ozon (mit drei Sauerstoffatomen &#8211; O3) hergestellt. Dieser frisch aktivierte Sauerstoff wird dann langsam in Jojoba eingeleitet. Durch das Einblasen von Ozon in Jojoba wird das \u00d6l zus\u00e4tzlich mit einem Hauch von frischer Luft angereichert, der die Lebenskraft direkt in die Haut bringt. Jojoba ist die Antwort der W\u00fcste auf Trockenheit. Inmitten von Sandst\u00fcrmen und Kakteen entpuppt sich Jojoba als eine \u00fcberschw\u00e4ngliche, erweichende Oase. Wenn dieser kr\u00e4ftige Strauch unter der W\u00fcstensonne br\u00e4t, keimen in den Jojobasamen Perlen aus fl\u00fcssigem Gold. Aus diesen Samen wird ein goldenes \u00d6l gewonnen, das durch Kaltpressung extrahiert wird und ein Lipid liefert, das dem nat\u00fcrlichen Talg unserer Haut sehr \u00e4hnlich ist. Sie sinkt m\u00fchelos in die Haut ein und \u00fcbertr\u00e4gt Phyton\u00e4hrstoffe, die die Haut dabei unterst\u00fctzen, Feuchtigkeit zu bewahren und die Elastizit\u00e4t wiederherzustellen. Jojoba, das mit seinem Reichtum an N\u00e4hrstoffen und Vitamin E-Tocopherolen eine hervorragende Wirkung auf die Haut hat, schmiert wie \u00d6l, ist aber eigentlich ein fl\u00fcssiges Pflanzenwachs und eignet sich daher perfekt f\u00fcr fettige Haut, da es den Talg reguliert und die Poren reinigt. Jojoba ist elastisch, reichhaltig und seidig und spendet lang anhaltende Feuchtigkeit.<\/p>\n<p><strong>Lorbeerwachs<\/strong> (Myrica pubescens) &#8211; Das sch\u00f6ne Lorbeerwachs wirkt poetisch auf Ihren Wangen und bildet eine atmungsaktive, liebevolle Schicht auf Ihrer Haut. Dieses feine Fruchtwachs ist ein Segen aus der Beere eines immergr\u00fcnen Strauches, der in den H\u00f6henlagen der Anden w\u00e4chst.<\/p>\n<p><strong>Zistrose<\/strong> (Cistus landiferus) &#8211; Die Zistrose ist weder ein Felsen noch eine Rose; sie ist eine mediterrane Wildblume, die Wildrosen \u00e4hnelt. Die Affinit\u00e4t der Zistrose f\u00fcr die Hautpflege wurde schon von den alten \u00c4gyptern erkannt, die sie in Sch\u00f6nheitscremes mischten. Aufgrund seiner tonisierenden und verj\u00fcngenden Wirkung war er ein wichtiger Bestandteil ihrer Salben und Salben f\u00fcr unausgeglichene Haut. Trockene, fahle und m\u00fcde Haut wird die tonisierenden und feuchtigkeitsspendenden Eigenschaften des \u00d6ls zu sch\u00e4tzen wissen.<\/p>\n<p><strong>Sandelholz<\/strong> (Santalum album) &#8211; Das pr\u00e4chtige Sandelholz ist einer der besten Feuchtigkeitsspender der Natur. Dieses \u00d6l wird seit \u00fcber 4.000 Jahren in der ganzen Welt verwendet, insbesondere in Indien und im S\u00fcdpazifik. Sandelholz\u00f6l soll das Auftreten von Melasma lindern, trockene Haut mit Feuchtigkeit versorgen und Trockenheit lindern.<\/p>\n<p><strong>Myrrhe <\/strong>(Commiphora myrrha) &#8211; Die pr\u00e4chtige Myrrhe-Essenz enth\u00e4lt dasselbe jenseitige Aroma und dieselben heilenden Eigenschaften, die sie bei so vielen alten Zivilisationen so beliebt machten. Die alten \u00c4gypter verwendeten Myrrhe\u00f6l zur Einbalsamierung und als Sch\u00f6nheitssalbe, Entgiftungsmittel und wohlriechendes Parf\u00fcm. In biblischen Zeiten galt er als heilig. Sie salbten die Alt\u00e4re mit diesem starken Saft als Inbegriff der Reinheit. Myrrhe wird seit mehr als 3800 Jahren als kraftvolle Pflanze zur Wiederherstellung der Hautpflege verwendet. Mit einem hohen Gehalt an beruhigenden Sesquiterpenen ist Myrrhe ein optimales \u00d6l, um das Erscheinungsbild von Narben, Flecken, Melasma, roter, trockener, fahler und unebener Haut zu reduzieren. Dieses opulente Oleoresin ist wundersch\u00f6n in Sonnenb\u00e4dern und herrlich f\u00fcr strahlende Haut.<\/p>\n<p><strong>Immortelle<\/strong> (Helichrysum italicum) &#8211; Die immerw\u00e4hrende Immortelle ist hervorragend und eignet sich hervorragend f\u00fcr alle Arten der Hautpflege. Dieses duftende, blumige \u00d6l wird auf der Insel Korsika wild geerntet, wo die Blumen unter der Meeresbrise und der Sonne gedeihen. Die Blumen wachsen in einer H\u00f6he von 4.000 Fu\u00df auf den felsigen Klippen der Landschaft. Die Immortelle hilft, das Erscheinungsbild von Narben, Flecken, Melasma, R\u00f6tungen und F\u00e4ltchen zu mildern. Dieses facettenreiche \u00d6l ist auch emotional sehr anregend.<\/p>\n<p><strong>Kamille<\/strong> (Anthemis nobilis) &#8211; Das wohltuende \u00e4therische \u00d6l der Kamille wird aus den zarten, kleinen Bl\u00fctenbl\u00e4ttern der franz\u00f6sischen Kamille dampfdestilliert. Diese Blume, die f\u00fcr ihre beruhigende Wirkung bekannt ist, wird auch als R\u00f6mische Kamille bezeichnet. Seine sanfte Anmut wurde von den alten \u00c4gyptern, den Mauren und den Sachsen als heiliges Elixier verehrt, das den Engeln w\u00fcrdig ist. Diese Essenz ist reich an beruhigenden <i><em>Ester<\/em><\/i> und ist damit das sanfteste \u00d6l, um widerspenstige Haut zu beruhigen.<\/p>\n<p><strong>Palmarosa<\/strong> (Cymbopogon martini) &#8211; Angenehme Palmarosa wird aus einem tropischen, duftenden Gras destilliert. Das Ergebnis ist ein aromatisches \u00d6l, das wie eine zitronige Geranienrose duftet und einfach herrlich f\u00fcr die Nase ist! Dieser beeindruckende Hautverj\u00fcnger ist reich an m\u00e4chtigen Monoterpenolen, erweichenden Estern, liebevollem Linalool und gro\u00dfz\u00fcgigen Geraniolen, die die Hautfette ausgleichen und die Poren reinigen.<\/p>\n<p><strong>Kurkuma <\/strong>(Curcuma longa) &#8211; Der gesch\u00e4tzte Kurkuma-Extrakt ist ein Tonikum von goldener G\u00fcte f\u00fcr die Haut. Durch die superkritische Extraktion werden alle lipophilen (\u00f6lliebenden) Verbindungen der Kurkuma aus den Wurzeln der Pflanze gewonnen. Durch dieses spezielle Extraktionsverfahren bleiben viel mehr der aromatischen \u00e4therischen \u00d6le, Lipide und Farbstoffe erhalten als bei einem typischen pulverisierten Kraut. Kurkuma\u00f6l-Essenz ist reich an N\u00e4hrstoffen.<\/p>\n<p><strong>Karottensamen <\/strong>(Daucus carota) &#8211; Die Wilde M\u00f6hre, auch K\u00f6nigin-Annen-Spitze genannt, belebt Haut und Gesicht mit der Anmut von Sesquiterpenen, die f\u00fcr ihre stark r\u00fcckfettende Wirkung bekannt sind. Die Essenz der beruhigenden Karottensamen ist ein mildes, s\u00fc\u00dfes und anregendes Holzaroma, das aus den Samen der wild bl\u00fchenden Pflanzen destilliert wird. Dieses wirksame Hautelixier verbessert die Elastizit\u00e4t, f\u00f6rdert das Erscheinungsbild der Festigkeit und bringt sowohl fettige als auch trockene Haut ins Gleichgewicht, um trockene, fahle und zu Flecken neigende Haut zu beleben. Es zeigt &#8222;eine deutlich revitalisierende Wirkung auf die Haut, die unter Tonusmangel leidet.<\/p>\n<p><img fetchpriority=\"high\" decoding=\"async\" class=\"size-medium wp-image-68103 aligncenter\" src=\"https:\/\/dutchhealthstore.com\/wp-content\/uploads\/2018\/02\/Living-Libations-Organic-Logo-800x89.png\" alt=\"Living Libations - Organic Logo\" width=\"800\" height=\"89\" srcset=\"https:\/\/dutchhealthstore.com\/wp-content\/uploads\/2018\/02\/Living-Libations-Organic-Logo-800x89.png 800w, https:\/\/dutchhealthstore.com\/wp-content\/uploads\/2018\/02\/Living-Libations-Organic-Logo-510x57.png 510w, https:\/\/dutchhealthstore.com\/wp-content\/uploads\/2018\/02\/Living-Libations-Organic-Logo-768x85.png 768w, https:\/\/dutchhealthstore.com\/wp-content\/uploads\/2018\/02\/Living-Libations-Organic-Logo.png 1400w\" sizes=\"(max-width: 800px) 100vw, 800px\" \/><\/p>\n","protected":false},"excerpt":{"rendered":"<p>Living Libations<strong> Jewel Dab Ozonated Beauty Balm<\/strong> verleiht unserem Crown Jewel Dew die Opulenz von Ozon. Kr\u00f6nen Sie Ihren Teint mit diesem ozonisierten Juwelentau, der Ihre Ausstrahlung revitalisiert.<br \/>\nDieser mit aktiviertem Sauerstoff angereicherte, blumig-frische Sch\u00f6nheitsbalsam verschmilzt mit der Haut, um R\u00f6tungen zu lindern, das Erscheinungsbild von Narben zu mildern und fahle und feuchtigkeitsarme Haut aufzuhellen.<\/p>\n","protected":false},"featured_media":359728,"comment_status":"open","ping_status":"closed","template":"","meta":[],"product_brand":[],"product_cat":[1962,1963,1493,1210],"product_tag":[6236,21361,6317,21532,4831],"class_list":{"0":"post-129980","1":"product","2":"type-product","3":"status-publish","4":"has-post-thumbnail","6":"product_cat-elixir-blends","7":"product_cat-spot-treatments-de","8":"product_cat-living-libations-deutschland","9":"product_cat-marken","10":"product_tag-balm-de","11":"product_tag-face-care-de","12":"product_tag-glow-de","13":"product_tag-reparatur","14":"product_tag-skin-de","15":"pa_brand-livinglibations-de","16":"pa_gtin-7439657380358-de","17":"pa_size-6-ml-de","19":"first","20":"outofstock","21":"taxable","22":"shipping-taxable","23":"purchasable","24":"product-type-simple"},"bundled_by":[],"bundle_stock_status":"outofstock","bundle_stock_quantity":0,"bundle_virtual":false,"bundle_layout":"","bundle_add_to_cart_form_location":"","bundle_editable_in_cart":false,"bundle_sold_individually_context":"","bundle_item_grouping":"","bundle_min_size":"","bundle_max_size":"","bundle_price":[],"bundled_items":[],"bundle_sell_ids":[230771],"atum_controlled":true,"out_stock_date":"2026-03-16 23:21:40","out_stock_threshold":null,"inheritable":false,"stock_on_hold":0,"sold_today":0,"sales_last_days":1,"out_stock_days":1,"lost_sales":6,"update_date":"2026-04-02T06:57:57","atum_locations":[],"atum_stock_status":"outofstock","restock_status":false,"low_stock_amount":"","sales_update_date":"2026-04-02T06:57:57","calc_backorders":null,"group_of_quantity":0,"min_quantity":0,"max_quantity":"","exclude_order_quantity_value_rules":"no","exclude_category_quantity_rules":"no","combine_variations":"no","yoast_head":"<!-- This site is optimized with the Yoast SEO Premium plugin v26.5 (Yoast SEO v26.5) - https:\/\/yoast.com\/wordpress\/plugins\/seo\/ -->\n<title>Jewel Dab Ozonated Beauty Balm | Living Libations<\/title>\n<meta name=\"description\" content=\"Living Libations Jewel Dab Ozonated Beauty Balm verleiht unserem Crown Jewel Dew die Opulenz von Ozon.\" \/>\n<meta name=\"robots\" content=\"index, follow, max-snippet:-1, max-image-preview:large, max-video-preview:-1\" \/>\n<link rel=\"canonical\" href=\"https:\/\/dutchhealthstore.com\/de\/product\/jewel-dab-ozonated-beauty-balm\/\" \/>\n<meta property=\"og:locale\" content=\"de_DE\" \/>\n<meta property=\"og:type\" content=\"article\" \/>\n<meta property=\"og:title\" content=\"Jewel Dab Ozonated Beauty Balm - Dutch Health Store\" \/>\n<meta property=\"og:description\" content=\"Living Libations Jewel Dab Ozonated Beauty Balm verleiht unserem Crown Jewel Dew die Opulenz von Ozon.\" \/>\n<meta property=\"og:url\" content=\"https:\/\/dutchhealthstore.com\/de\/product\/jewel-dab-ozonated-beauty-balm\/\" \/>\n<meta property=\"og:site_name\" content=\"Dutch Health Store\" \/>\n<meta property=\"article:publisher\" content=\"https:\/\/www.instagram.com\/dutchhealthstore\/\" \/>\n<meta property=\"article:modified_time\" content=\"2026-03-16T22:21:40+00:00\" \/>\n<meta property=\"og:image\" content=\"https:\/\/dutchhealthstore.com\/wp-content\/uploads\/2020\/06\/living-libations-jewel-dab-ozonated-beauty-balm-e1592827868620.jpg\" \/>\n\t<meta property=\"og:image:width\" content=\"500\" \/>\n\t<meta property=\"og:image:height\" content=\"500\" \/>\n\t<meta property=\"og:image:type\" content=\"image\/jpeg\" \/>\n<meta name=\"twitter:card\" content=\"summary_large_image\" \/>\n<meta name=\"twitter:label1\" content=\"Preis\" \/>\n\t<meta name=\"twitter:data1\" content=\"&euro;42,00\" \/>\n\t<meta name=\"twitter:label2\" content=\"Verf\u00fcgbarkeit\" \/>\n\t<meta name=\"twitter:data2\" content=\"ausverkauft\" \/>\n<script type=\"application\/ld+json\" class=\"yoast-schema-graph\">{\"@context\":\"https:\/\/schema.org\",\"@graph\":[{\"@type\":\"WebPage\",\"@id\":\"https:\/\/dutchhealthstore.com\/de\/product\/jewel-dab-ozonated-beauty-balm\/\",\"url\":\"https:\/\/dutchhealthstore.com\/de\/product\/jewel-dab-ozonated-beauty-balm\/\",\"name\":\"Jewel Dab Ozonated Beauty Balm | Living Libations\",\"isPartOf\":{\"@id\":\"https:\/\/dutchhealthstore.com\/de\/#website\"},\"primaryImageOfPage\":{\"@id\":\"https:\/\/dutchhealthstore.com\/de\/product\/jewel-dab-ozonated-beauty-balm\/#primaryimage\"},\"image\":{\"@id\":\"https:\/\/dutchhealthstore.com\/de\/product\/jewel-dab-ozonated-beauty-balm\/#primaryimage\"},\"thumbnailUrl\":\"https:\/\/dutchhealthstore.com\/wp-content\/uploads\/2020\/06\/Jewel-Dab-Ozonated-Beauty-Balm.png\",\"datePublished\":\"2020-06-22T12:26:36+00:00\",\"dateModified\":\"2026-03-16T22:21:40+00:00\",\"description\":\"Living Libations Jewel Dab Ozonated Beauty Balm verleiht unserem Crown Jewel Dew die Opulenz von Ozon.\",\"breadcrumb\":{\"@id\":\"https:\/\/dutchhealthstore.com\/de\/product\/jewel-dab-ozonated-beauty-balm\/#breadcrumb\"},\"inLanguage\":\"de\",\"potentialAction\":[{\"@type\":\"ReadAction\",\"target\":[\"https:\/\/dutchhealthstore.com\/de\/product\/jewel-dab-ozonated-beauty-balm\/\"]}]},{\"@type\":\"ImageObject\",\"inLanguage\":\"de\",\"@id\":\"https:\/\/dutchhealthstore.com\/de\/product\/jewel-dab-ozonated-beauty-balm\/#primaryimage\",\"url\":\"https:\/\/dutchhealthstore.com\/wp-content\/uploads\/2020\/06\/Jewel-Dab-Ozonated-Beauty-Balm.png\",\"contentUrl\":\"https:\/\/dutchhealthstore.com\/wp-content\/uploads\/2020\/06\/Jewel-Dab-Ozonated-Beauty-Balm.png\",\"width\":530,\"height\":530},{\"@type\":\"BreadcrumbList\",\"@id\":\"https:\/\/dutchhealthstore.com\/de\/product\/jewel-dab-ozonated-beauty-balm\/#breadcrumb\",\"itemListElement\":[{\"@type\":\"ListItem\",\"position\":1,\"name\":\"Home\",\"item\":\"https:\/\/dutchhealthstore.com\/de\/\"},{\"@type\":\"ListItem\",\"position\":2,\"name\":\"Shop\",\"item\":\"https:\/\/dutchhealthstore.com\/de\/shop-2\/\"},{\"@type\":\"ListItem\",\"position\":3,\"name\":\"Jewel Dab Ozonated Beauty Balm\"}]},{\"@type\":\"WebSite\",\"@id\":\"https:\/\/dutchhealthstore.com\/de\/#website\",\"url\":\"https:\/\/dutchhealthstore.com\/de\/\",\"name\":\"Dutch Health Store\",\"description\":\"Enhance Your Beauty with Organic &amp; Natural Skincare\",\"publisher\":{\"@id\":\"https:\/\/dutchhealthstore.com\/de\/#organization\"},\"potentialAction\":[{\"@type\":\"SearchAction\",\"target\":{\"@type\":\"EntryPoint\",\"urlTemplate\":\"https:\/\/dutchhealthstore.com\/de\/?s={search_term_string}\"},\"query-input\":{\"@type\":\"PropertyValueSpecification\",\"valueRequired\":true,\"valueName\":\"search_term_string\"}}],\"inLanguage\":\"de\"},{\"@type\":\"Organization\",\"@id\":\"https:\/\/dutchhealthstore.com\/de\/#organization\",\"name\":\"Dutch Health Store\",\"url\":\"https:\/\/dutchhealthstore.com\/de\/\",\"logo\":{\"@type\":\"ImageObject\",\"inLanguage\":\"de\",\"@id\":\"https:\/\/dutchhealthstore.com\/de\/#\/schema\/logo\/image\/\",\"url\":\"https:\/\/dutchhealthstore.com\/wp-content\/uploads\/2020\/08\/logo-dutchhealthstore-jpg-e1599484957574.jpg\",\"contentUrl\":\"https:\/\/dutchhealthstore.com\/wp-content\/uploads\/2020\/08\/logo-dutchhealthstore-jpg-e1599484957574.jpg\",\"width\":400,\"height\":62,\"caption\":\"Dutch Health Store\"},\"image\":{\"@id\":\"https:\/\/dutchhealthstore.com\/de\/#\/schema\/logo\/image\/\"},\"sameAs\":[\"https:\/\/www.instagram.com\/dutchhealthstore\/\",\"https:\/\/www.facebook.com\/dutchhealthstore\"]}]}<\/script>\n<meta property=\"product:brand\" content=\"Living Libations\" \/>\n<meta property=\"product:price:amount\" content=\"42.00\" \/>\n<meta property=\"product:price:currency\" content=\"EUR\" \/>\n<meta property=\"og:availability\" content=\"out of stock\" \/>\n<meta property=\"product:availability\" content=\"out of stock\" \/>\n<meta property=\"product:condition\" content=\"new\" \/>\n<!-- \/ Yoast SEO Premium plugin. -->","yoast_head_json":{"title":"Jewel Dab Ozonated Beauty Balm | Living Libations","description":"Living Libations Jewel Dab Ozonated Beauty Balm verleiht unserem Crown Jewel Dew die Opulenz von Ozon.","robots":{"index":"index","follow":"follow","max-snippet":"max-snippet:-1","max-image-preview":"max-image-preview:large","max-video-preview":"max-video-preview:-1"},"canonical":"https:\/\/dutchhealthstore.com\/de\/product\/jewel-dab-ozonated-beauty-balm\/","og_locale":"de_DE","og_type":"article","og_title":"Jewel Dab Ozonated Beauty Balm - Dutch Health Store","og_description":"Living Libations Jewel Dab Ozonated Beauty Balm verleiht unserem Crown Jewel Dew die Opulenz von Ozon.","og_url":"https:\/\/dutchhealthstore.com\/de\/product\/jewel-dab-ozonated-beauty-balm\/","og_site_name":"Dutch Health Store","article_publisher":"https:\/\/www.instagram.com\/dutchhealthstore\/","article_modified_time":"2026-03-16T22:21:40+00:00","og_image":[{"width":500,"height":500,"url":"https:\/\/dutchhealthstore.com\/wp-content\/uploads\/2020\/06\/living-libations-jewel-dab-ozonated-beauty-balm-e1592827868620.jpg","type":"image\/jpeg"}],"twitter_card":"summary_large_image","twitter_misc":{"Preis":"&euro;42,00","Verf\u00fcgbarkeit":"ausverkauft"},"schema":{"@context":"https:\/\/schema.org","@graph":[{"@type":"WebPage","@id":"https:\/\/dutchhealthstore.com\/de\/product\/jewel-dab-ozonated-beauty-balm\/","url":"https:\/\/dutchhealthstore.com\/de\/product\/jewel-dab-ozonated-beauty-balm\/","name":"Jewel Dab Ozonated Beauty Balm | Living Libations","isPartOf":{"@id":"https:\/\/dutchhealthstore.com\/de\/#website"},"primaryImageOfPage":{"@id":"https:\/\/dutchhealthstore.com\/de\/product\/jewel-dab-ozonated-beauty-balm\/#primaryimage"},"image":{"@id":"https:\/\/dutchhealthstore.com\/de\/product\/jewel-dab-ozonated-beauty-balm\/#primaryimage"},"thumbnailUrl":"https:\/\/dutchhealthstore.com\/wp-content\/uploads\/2020\/06\/Jewel-Dab-Ozonated-Beauty-Balm.png","datePublished":"2020-06-22T12:26:36+00:00","dateModified":"2026-03-16T22:21:40+00:00","description":"Living Libations Jewel Dab Ozonated Beauty Balm verleiht unserem Crown Jewel Dew die Opulenz von Ozon.","breadcrumb":{"@id":"https:\/\/dutchhealthstore.com\/de\/product\/jewel-dab-ozonated-beauty-balm\/#breadcrumb"},"inLanguage":"de","potentialAction":[{"@type":"ReadAction","target":["https:\/\/dutchhealthstore.com\/de\/product\/jewel-dab-ozonated-beauty-balm\/"]}]},{"@type":"ImageObject","inLanguage":"de","@id":"https:\/\/dutchhealthstore.com\/de\/product\/jewel-dab-ozonated-beauty-balm\/#primaryimage","url":"https:\/\/dutchhealthstore.com\/wp-content\/uploads\/2020\/06\/Jewel-Dab-Ozonated-Beauty-Balm.png","contentUrl":"https:\/\/dutchhealthstore.com\/wp-content\/uploads\/2020\/06\/Jewel-Dab-Ozonated-Beauty-Balm.png","width":530,"height":530},{"@type":"BreadcrumbList","@id":"https:\/\/dutchhealthstore.com\/de\/product\/jewel-dab-ozonated-beauty-balm\/#breadcrumb","itemListElement":[{"@type":"ListItem","position":1,"name":"Home","item":"https:\/\/dutchhealthstore.com\/de\/"},{"@type":"ListItem","position":2,"name":"Shop","item":"https:\/\/dutchhealthstore.com\/de\/shop-2\/"},{"@type":"ListItem","position":3,"name":"Jewel Dab Ozonated Beauty Balm"}]},{"@type":"WebSite","@id":"https:\/\/dutchhealthstore.com\/de\/#website","url":"https:\/\/dutchhealthstore.com\/de\/","name":"Dutch Health Store","description":"Enhance Your Beauty with Organic &amp; Natural Skincare","publisher":{"@id":"https:\/\/dutchhealthstore.com\/de\/#organization"},"potentialAction":[{"@type":"SearchAction","target":{"@type":"EntryPoint","urlTemplate":"https:\/\/dutchhealthstore.com\/de\/?s={search_term_string}"},"query-input":{"@type":"PropertyValueSpecification","valueRequired":true,"valueName":"search_term_string"}}],"inLanguage":"de"},{"@type":"Organization","@id":"https:\/\/dutchhealthstore.com\/de\/#organization","name":"Dutch Health Store","url":"https:\/\/dutchhealthstore.com\/de\/","logo":{"@type":"ImageObject","inLanguage":"de","@id":"https:\/\/dutchhealthstore.com\/de\/#\/schema\/logo\/image\/","url":"https:\/\/dutchhealthstore.com\/wp-content\/uploads\/2020\/08\/logo-dutchhealthstore-jpg-e1599484957574.jpg","contentUrl":"https:\/\/dutchhealthstore.com\/wp-content\/uploads\/2020\/08\/logo-dutchhealthstore-jpg-e1599484957574.jpg","width":400,"height":62,"caption":"Dutch Health Store"},"image":{"@id":"https:\/\/dutchhealthstore.com\/de\/#\/schema\/logo\/image\/"},"sameAs":["https:\/\/www.instagram.com\/dutchhealthstore\/","https:\/\/www.facebook.com\/dutchhealthstore"]}]},"product_brand":"Living Libations","product_price_amount":"42.00","product_price_currency":"EUR","og_availability":"out of stock","product_availability":"out of stock","product_condition":"new"},"_links":{"self":[{"href":"https:\/\/dutchhealthstore.com\/de\/wp-json\/wp\/v2\/product\/129980","targetHints":{"allow":["GET"]}}],"collection":[{"href":"https:\/\/dutchhealthstore.com\/de\/wp-json\/wp\/v2\/product"}],"about":[{"href":"https:\/\/dutchhealthstore.com\/de\/wp-json\/wp\/v2\/types\/product"}],"replies":[{"embeddable":true,"href":"https:\/\/dutchhealthstore.com\/de\/wp-json\/wp\/v2\/comments?post=129980"}],"wp:featuredmedia":[{"embeddable":true,"href":"https:\/\/dutchhealthstore.com\/de\/wp-json\/wp\/v2\/media\/359728"}],"wp:attachment":[{"href":"https:\/\/dutchhealthstore.com\/de\/wp-json\/wp\/v2\/media?parent=129980"}],"wp:term":[{"taxonomy":"product_brand","embeddable":true,"href":"https:\/\/dutchhealthstore.com\/de\/wp-json\/wp\/v2\/product_brand?post=129980"},{"taxonomy":"product_cat","embeddable":true,"href":"https:\/\/dutchhealthstore.com\/de\/wp-json\/wp\/v2\/product_cat?post=129980"},{"taxonomy":"product_tag","embeddable":true,"href":"https:\/\/dutchhealthstore.com\/de\/wp-json\/wp\/v2\/product_tag?post=129980"}],"curies":[{"name":"wp","href":"https:\/\/api.w.org\/{rel}","templated":true}]}}