{"id":129966,"date":"2020-06-09T11:53:16","date_gmt":"2020-06-09T11:53:16","guid":{"rendered":"https:\/\/dutchhealthstore.com\/product\/languid-love-butter\/"},"modified":"2026-01-27T00:27:23","modified_gmt":"2026-01-26T23:27:23","slug":"languid-love-butter","status":"publish","type":"product","link":"https:\/\/dutchhealthstore.com\/de\/product\/languid-love-butter\/","title":{"rendered":"Languid Love Butter"},"content":{"rendered":"<p><img decoding=\"async\" class=\"size-full wp-image-69549 alignright\" src=\"https:\/\/dutchhealthstore.com\/wp-content\/uploads\/2019\/08\/NEW-Living-Libations-Logo.jpg\" alt=\"NEW - Living Libations - Logo\" width=\"175\" height=\"82\">Die Languid Love Butter wird mit einem sorgf\u00e4ltig zusammengestellten Gebr\u00e4u aus wohltuenden pflanzlichen Stoffen hergestellt. Schmecke, ber\u00fchre, gleite diese liebevollen Essenzen \u00fcber verschlungene H\u00fcften und k\u00fcssende Lippen. Entspannen Sie sich in der Schwelgerei, faulenzen Sie in tr\u00e4ger Ekstase und weihen Sie die G\u00f6ttlichkeit des Begehrens, w\u00e4hrend Sie sich in der Freisetzung von Kulamrita-Nektaren w\u00e4lzen.<\/p>\n<h3>Instruktion<\/h3>\n<p>Kann als feuchtigkeitsspendende Massagecreme, als latexfreies Gleitmittel oder als Liebesgleitmittel verwendet werden, um die Haut der Liebenden auf die engste Art der Begegnung vorzubereiten. F\u00fcr den t\u00e4glichen Gebrauch oder f\u00fcr lange, tr\u00e4ge Spielzeiten. Testen Sie die Innenseite des Ellenbogens, bevor Sie es auf empfindlichere Haut auftragen.<\/p>\n<h3 class=\"yikes-custom-woo-tab-title yikes-custom-woo-tab-title-natural-organic-ingredients\">Nat\u00fcrliche\/Organische Inhaltsstoffe<\/h3>\n<p><strong>Kakaobutter<\/strong><em> (Theobroma cacao)<\/em> &#8211; Unsere bio-zertifizierten, rohen Kakaobohnen machen diese Zutat so wohltuend wie k\u00f6stlich. S\u00fc\u00dfer, buttriger Kakao versorgt jede Falte mit n\u00fctzlichen Antioxidantien und belebender Energie.<\/p>\n<p><strong>Coconut Cr\u00e8me<\/strong> <em>(Cocos nucifera)<\/em> &#8211; Die n\u00e4hrende, feuchtigkeitsspendende Coconut Cr\u00e8me verschwindet in der Haut, bis sie vollst\u00e4ndig eingezogen ist. Der s\u00fc\u00dfe, unaufdringliche Duft von Kokosnusscreme inspiriert zu Palmenfantasien und tropischen Tahititr\u00e4umen.<\/p>\n<p><strong>Jojoba<\/strong> <em>(Simmondsia chinensis)<\/em> &#8211; Brillantes, erstaunliches, unvergleichliches Jojoba! Es gibt wohl keinen anderen Inhaltsstoff, der sich so positiv auf die Haut auswirkt wie unser reines, biologisches Jojoba mit Vitamin E. Jojoba \u00e4hnelt in bemerkenswerter Weise dem k\u00f6rpereigenen Talg und wird von der Haut gut aufgenommen, so dass die mit Vitaminen angereicherte Feuchtigkeit bis in die tiefsten Schichten des Gewebes vordringen kann.<\/p>\n<p><strong>Ylang<\/strong> <em>(Cananga odorata<\/em> ) &#8211; Die Bl\u00fcten des Ylang wirken entspannend und verleihen diesem Liebes\u00f6l seinen s\u00fc\u00dfen Duft. Diese blumige Einladung f\u00f6rdert tr\u00e4ge Zust\u00e4nde der Euphorie.<\/p>\n<p><strong>Muskatnuss<\/strong> <em>(Myristica fragrans)<\/em> &#8211; Der w\u00fcrzige, holzige Duft der Muskatnuss belebt den K\u00f6rper von den Haaren bis zu den Zehen. Muskatnuss wirkt beruhigend und entspannend auf den K\u00f6rper.<\/p>\n<p><strong>Zitrone<\/strong><em> (Citrus limon)<\/em> &#8211; Zitrone bringt ein Gef\u00fchl von fr\u00f6hlichem Lachen in intime Begegnungen. Diese Zutat mildert die entspannte W\u00e4rme von Jasmin und Ylang mit einer spritzigen Prise inspirierender Energie.<\/p>\n<p><strong>Schizandra Beere<\/strong> <em>(Schizandra spenanthera)<\/em> &#8211; Verl\u00e4ngern Sie Ihr Liebesspiel mit der sinnlichen Schizandra Beere. Diese roten Beeren, die in der TCM eine wichtige Rolle spielen, werden seit Tausenden von Jahren verwendet, um das Chi des K\u00f6rpers zu st\u00e4rken. Im Chinesischen als &#8222;wu wei zi&#8220; bekannt, enth\u00e4lt diese &#8222;F\u00fcnf-Aromen-Frucht&#8220; eine komplexe Palette von Aromen, die bitter, salzig, w\u00fcrzig, s\u00fc\u00df und sauer sind. Diese \u00fcppige Beere verl\u00e4ngert jeden Moment des warmen Vergn\u00fcgens.<\/p>\n<p><strong>Ingwer<\/strong><em> (Zingiber officinale)<\/em> &#8211; Zingiber, die Ingweressenz, ist ein anregendes Gew\u00fcrz, das unserer Liebesbutter eine sch\u00f6ne Note verleiht. Dieser spezielle superkritische Extrakt aus pr\u00e4chtigem Ingwer, der in Madagaskar angebaut wird, erzeugt den fruchtigsten und vollmundigsten Ingwer aller Zeiten. Mit dieser Wurzel, die schon die Apotheken des alten Arabiens, Indiens und Chinas begeisterte, werden die Sinne zum Singen gebracht.<\/p>\n<p><strong>Jasmin Sambac<\/strong> <em>(Jasminum sambac)<\/em> &#8211; Der Duft des schw\u00fclen Jasmins enth\u00e4lt die drei Pflanzenstoffe, die am h\u00e4ufigsten zur Herstellung von Liebeselixieren verwendet werden: Linalool, Indol und Jasmon. Der Saft der Freude des Jasmins entspannt K\u00f6rper und Geist und versetzt sie in einen Zustand des Empfangs und des tr\u00e4gen Hochgef\u00fchls.<\/p>\n<p><strong>Vanille<\/strong> <em>(Vanilla planifolia)<\/em> &#8211; Unsere Vanille ist ein extrem seltener superkritischer Extrakt, der v\u00f6llig rein, l\u00f6sungsmittelfrei und 200 Mal st\u00e4rker als normaler Vanilleextrakt ist. Dieser exotische, verf\u00fchrerische Duft ist bekannt f\u00fcr seine belebende Wirkung in der Liebe. Tauchen Sie ein in den k\u00f6stlichen, sinnlichen Duft von reiner Vanille.<\/p>\n<p><img fetchpriority=\"high\" decoding=\"async\" class=\"size-medium wp-image-68103 aligncenter\" src=\"https:\/\/dutchhealthstore.com\/wp-content\/uploads\/2018\/02\/Living-Libations-Organic-Logo-800x89.png\" alt=\"Living Libations - Organic Logo\" width=\"800\" height=\"89\" srcset=\"https:\/\/dutchhealthstore.com\/wp-content\/uploads\/2018\/02\/Living-Libations-Organic-Logo-800x89.png 800w, https:\/\/dutchhealthstore.com\/wp-content\/uploads\/2018\/02\/Living-Libations-Organic-Logo-510x57.png 510w, https:\/\/dutchhealthstore.com\/wp-content\/uploads\/2018\/02\/Living-Libations-Organic-Logo-768x85.png 768w, https:\/\/dutchhealthstore.com\/wp-content\/uploads\/2018\/02\/Living-Libations-Organic-Logo.png 1400w\" sizes=\"(max-width: 800px) 100vw, 800px\" \/><\/p>\n","protected":false},"excerpt":{"rendered":"<p>Unsere <b>Languid Love Butter <\/b>ist ein Genuss f\u00fcr Ihre inneren Bl\u00fctenfalten. Diese \u00fcppige K\u00f6rperbutter, die vollst\u00e4ndig essbar und organisch ist, erforscht jede Kurve und Spalte und s\u00e4ttigt die Haut mit wohltuenden Pflanzenstoffen. Dieses Liebes\u00f6l gleitet \u00fcber die Haut und f\u00fchrt Sie dazu, dass Sie sich beim Eintauchen in ein pr\u00e4chtiges Vergn\u00fcgen zur\u00fccklehnen.<\/p>\n","protected":false},"featured_media":105654,"comment_status":"open","ping_status":"closed","template":"","meta":[],"product_brand":[],"product_cat":[1032,1089,515,1502,1493,3736,1210,511],"product_tag":[6236,9604,21827,21395,21809,4831],"class_list":{"0":"post-129966","1":"product","2":"type-product","3":"status-publish","4":"has-post-thumbnail","6":"product_cat-kategorien","7":"product_cat-koerperlotion","8":"product_cat-korperpflege-de","9":"product_cat-korperpflege-living-libations","10":"product_cat-living-libations-deutschland","11":"product_cat-loving-lubricants-de","12":"product_cat-marken","13":"product_cat-produkte","14":"product_tag-balm-de","15":"product_tag-hydrating-de","16":"product_tag-intim","17":"product_tag-korper","18":"product_tag-natural-de","19":"product_tag-skin-de","20":"pa_brand-livinglibations-de","21":"pa_gtin-7439657378317-de","22":"pa_size-30-ml-de","23":"pa_size-50-ml-de","24":"pa_size-100-ml-de","26":"first","27":"instock","28":"taxable","29":"shipping-taxable","30":"purchasable","31":"product-type-variable"},"bundled_by":[],"bundle_stock_status":"instock","bundle_stock_quantity":null,"bundle_virtual":false,"bundle_layout":"","bundle_add_to_cart_form_location":"","bundle_editable_in_cart":false,"bundle_sold_individually_context":"","bundle_item_grouping":"","bundle_min_size":"","bundle_max_size":"","bundle_price":[],"bundled_items":[],"bundle_sell_ids":[236318],"atum_controlled":true,"out_stock_date":null,"out_stock_threshold":null,"inheritable":true,"stock_on_hold":1,"sold_today":0,"sales_last_days":1,"out_stock_days":0,"lost_sales":0,"update_date":"2026-04-09T06:50:28","atum_locations":[],"atum_stock_status":"instock","restock_status":false,"low_stock_amount":"","sales_update_date":"2026-04-04T01:45:46","calc_backorders":null,"group_of_quantity":0,"min_quantity":0,"max_quantity":"","exclude_order_quantity_value_rules":"no","exclude_category_quantity_rules":"no","combine_variations":"no","yoast_head":"<!-- This site is optimized with the Yoast SEO Premium plugin v26.5 (Yoast SEO v26.5) - https:\/\/yoast.com\/wordpress\/plugins\/seo\/ -->\n<title>Languid Love Butter | Living Libations<\/title>\n<meta name=\"description\" content=\"Diese \u00fcppige K\u00f6rperbutter, die vollst\u00e4ndig essbar und organisch ist, erforscht jede Kurve und Spalte und s\u00e4ttigt die Haut mit wohltuenden Pflanzenstoffen.\" \/>\n<meta name=\"robots\" content=\"index, follow, max-snippet:-1, max-image-preview:large, max-video-preview:-1\" \/>\n<link rel=\"canonical\" href=\"https:\/\/dutchhealthstore.com\/de\/product\/languid-love-butter\/\" \/>\n<meta property=\"og:locale\" content=\"de_DE\" \/>\n<meta property=\"og:type\" content=\"article\" \/>\n<meta property=\"og:title\" content=\"Languid Love Butter - Dutch Health Store\" \/>\n<meta property=\"og:description\" content=\"Diese \u00fcppige K\u00f6rperbutter, die vollst\u00e4ndig essbar und organisch ist, erforscht jede Kurve und Spalte und s\u00e4ttigt die Haut mit wohltuenden Pflanzenstoffen.\" \/>\n<meta property=\"og:url\" content=\"https:\/\/dutchhealthstore.com\/de\/product\/languid-love-butter\/\" \/>\n<meta property=\"og:site_name\" content=\"Dutch Health Store\" \/>\n<meta property=\"article:publisher\" content=\"https:\/\/www.instagram.com\/dutchhealthstore\/\" \/>\n<meta property=\"article:modified_time\" content=\"2026-01-26T23:27:23+00:00\" \/>\n<meta property=\"og:image\" content=\"https:\/\/dutchhealthstore.com\/wp-content\/uploads\/2020\/06\/Living-Libations-Languid-Love-Butter-1-e1591703027138.jpg\" \/>\n\t<meta property=\"og:image:width\" content=\"500\" \/>\n\t<meta property=\"og:image:height\" content=\"499\" \/>\n\t<meta property=\"og:image:type\" content=\"image\/jpeg\" \/>\n<meta name=\"twitter:card\" content=\"summary_large_image\" \/>\n<meta name=\"twitter:label1\" content=\"Verf\u00fcgbarkeit\" \/>\n\t<meta name=\"twitter:data1\" content=\"Auf Lager\" \/>\n<script type=\"application\/ld+json\" class=\"yoast-schema-graph\">{\"@context\":\"https:\/\/schema.org\",\"@graph\":[{\"@type\":\"WebPage\",\"@id\":\"https:\/\/dutchhealthstore.com\/de\/product\/languid-love-butter\/\",\"url\":\"https:\/\/dutchhealthstore.com\/de\/product\/languid-love-butter\/\",\"name\":\"Languid Love Butter | Living Libations\",\"isPartOf\":{\"@id\":\"https:\/\/dutchhealthstore.com\/de\/#website\"},\"primaryImageOfPage\":{\"@id\":\"https:\/\/dutchhealthstore.com\/de\/product\/languid-love-butter\/#primaryimage\"},\"image\":{\"@id\":\"https:\/\/dutchhealthstore.com\/de\/product\/languid-love-butter\/#primaryimage\"},\"thumbnailUrl\":\"https:\/\/dutchhealthstore.com\/wp-content\/uploads\/2020\/06\/Living-Libations-Languid-Love-Butter-1-e1591703027138.jpg\",\"datePublished\":\"2020-06-09T11:53:16+00:00\",\"dateModified\":\"2026-01-26T23:27:23+00:00\",\"description\":\"Diese \u00fcppige K\u00f6rperbutter, die vollst\u00e4ndig essbar und organisch ist, erforscht jede Kurve und Spalte und s\u00e4ttigt die Haut mit wohltuenden Pflanzenstoffen.\",\"breadcrumb\":{\"@id\":\"https:\/\/dutchhealthstore.com\/de\/product\/languid-love-butter\/#breadcrumb\"},\"inLanguage\":\"de\",\"potentialAction\":[{\"@type\":\"ReadAction\",\"target\":[\"https:\/\/dutchhealthstore.com\/de\/product\/languid-love-butter\/\"]}]},{\"@type\":\"ImageObject\",\"inLanguage\":\"de\",\"@id\":\"https:\/\/dutchhealthstore.com\/de\/product\/languid-love-butter\/#primaryimage\",\"url\":\"https:\/\/dutchhealthstore.com\/wp-content\/uploads\/2020\/06\/Living-Libations-Languid-Love-Butter-1-e1591703027138.jpg\",\"contentUrl\":\"https:\/\/dutchhealthstore.com\/wp-content\/uploads\/2020\/06\/Living-Libations-Languid-Love-Butter-1-e1591703027138.jpg\",\"width\":500,\"height\":499},{\"@type\":\"BreadcrumbList\",\"@id\":\"https:\/\/dutchhealthstore.com\/de\/product\/languid-love-butter\/#breadcrumb\",\"itemListElement\":[{\"@type\":\"ListItem\",\"position\":1,\"name\":\"Home\",\"item\":\"https:\/\/dutchhealthstore.com\/de\/\"},{\"@type\":\"ListItem\",\"position\":2,\"name\":\"Shop\",\"item\":\"https:\/\/dutchhealthstore.com\/de\/shop-2\/\"},{\"@type\":\"ListItem\",\"position\":3,\"name\":\"Languid Love Butter\"}]},{\"@type\":\"WebSite\",\"@id\":\"https:\/\/dutchhealthstore.com\/de\/#website\",\"url\":\"https:\/\/dutchhealthstore.com\/de\/\",\"name\":\"Dutch Health Store\",\"description\":\"Enhance Your Beauty with Organic &amp; Natural Skincare\",\"publisher\":{\"@id\":\"https:\/\/dutchhealthstore.com\/de\/#organization\"},\"potentialAction\":[{\"@type\":\"SearchAction\",\"target\":{\"@type\":\"EntryPoint\",\"urlTemplate\":\"https:\/\/dutchhealthstore.com\/de\/?s={search_term_string}\"},\"query-input\":{\"@type\":\"PropertyValueSpecification\",\"valueRequired\":true,\"valueName\":\"search_term_string\"}}],\"inLanguage\":\"de\"},{\"@type\":\"Organization\",\"@id\":\"https:\/\/dutchhealthstore.com\/de\/#organization\",\"name\":\"Dutch Health Store\",\"url\":\"https:\/\/dutchhealthstore.com\/de\/\",\"logo\":{\"@type\":\"ImageObject\",\"inLanguage\":\"de\",\"@id\":\"https:\/\/dutchhealthstore.com\/de\/#\/schema\/logo\/image\/\",\"url\":\"https:\/\/dutchhealthstore.com\/wp-content\/uploads\/2020\/08\/logo-dutchhealthstore-jpg-e1599484957574.jpg\",\"contentUrl\":\"https:\/\/dutchhealthstore.com\/wp-content\/uploads\/2020\/08\/logo-dutchhealthstore-jpg-e1599484957574.jpg\",\"width\":400,\"height\":62,\"caption\":\"Dutch Health Store\"},\"image\":{\"@id\":\"https:\/\/dutchhealthstore.com\/de\/#\/schema\/logo\/image\/\"},\"sameAs\":[\"https:\/\/www.instagram.com\/dutchhealthstore\/\",\"https:\/\/www.facebook.com\/dutchhealthstore\"]}]}<\/script>\n<meta property=\"product:brand\" content=\"Living Libations\" \/>\n<meta property=\"og:availability\" content=\"instock\" \/>\n<meta property=\"product:availability\" content=\"instock\" \/>\n<meta property=\"product:condition\" content=\"new\" \/>\n<!-- \/ Yoast SEO Premium plugin. -->","yoast_head_json":{"title":"Languid Love Butter | Living Libations","description":"Diese \u00fcppige K\u00f6rperbutter, die vollst\u00e4ndig essbar und organisch ist, erforscht jede Kurve und Spalte und s\u00e4ttigt die Haut mit wohltuenden Pflanzenstoffen.","robots":{"index":"index","follow":"follow","max-snippet":"max-snippet:-1","max-image-preview":"max-image-preview:large","max-video-preview":"max-video-preview:-1"},"canonical":"https:\/\/dutchhealthstore.com\/de\/product\/languid-love-butter\/","og_locale":"de_DE","og_type":"article","og_title":"Languid Love Butter - Dutch Health Store","og_description":"Diese \u00fcppige K\u00f6rperbutter, die vollst\u00e4ndig essbar und organisch ist, erforscht jede Kurve und Spalte und s\u00e4ttigt die Haut mit wohltuenden Pflanzenstoffen.","og_url":"https:\/\/dutchhealthstore.com\/de\/product\/languid-love-butter\/","og_site_name":"Dutch Health Store","article_publisher":"https:\/\/www.instagram.com\/dutchhealthstore\/","article_modified_time":"2026-01-26T23:27:23+00:00","og_image":[{"width":500,"height":499,"url":"https:\/\/dutchhealthstore.com\/wp-content\/uploads\/2020\/06\/Living-Libations-Languid-Love-Butter-1-e1591703027138.jpg","type":"image\/jpeg"}],"twitter_card":"summary_large_image","twitter_misc":{"Verf\u00fcgbarkeit":"Auf Lager"},"schema":{"@context":"https:\/\/schema.org","@graph":[{"@type":"WebPage","@id":"https:\/\/dutchhealthstore.com\/de\/product\/languid-love-butter\/","url":"https:\/\/dutchhealthstore.com\/de\/product\/languid-love-butter\/","name":"Languid Love Butter | Living Libations","isPartOf":{"@id":"https:\/\/dutchhealthstore.com\/de\/#website"},"primaryImageOfPage":{"@id":"https:\/\/dutchhealthstore.com\/de\/product\/languid-love-butter\/#primaryimage"},"image":{"@id":"https:\/\/dutchhealthstore.com\/de\/product\/languid-love-butter\/#primaryimage"},"thumbnailUrl":"https:\/\/dutchhealthstore.com\/wp-content\/uploads\/2020\/06\/Living-Libations-Languid-Love-Butter-1-e1591703027138.jpg","datePublished":"2020-06-09T11:53:16+00:00","dateModified":"2026-01-26T23:27:23+00:00","description":"Diese \u00fcppige K\u00f6rperbutter, die vollst\u00e4ndig essbar und organisch ist, erforscht jede Kurve und Spalte und s\u00e4ttigt die Haut mit wohltuenden Pflanzenstoffen.","breadcrumb":{"@id":"https:\/\/dutchhealthstore.com\/de\/product\/languid-love-butter\/#breadcrumb"},"inLanguage":"de","potentialAction":[{"@type":"ReadAction","target":["https:\/\/dutchhealthstore.com\/de\/product\/languid-love-butter\/"]}]},{"@type":"ImageObject","inLanguage":"de","@id":"https:\/\/dutchhealthstore.com\/de\/product\/languid-love-butter\/#primaryimage","url":"https:\/\/dutchhealthstore.com\/wp-content\/uploads\/2020\/06\/Living-Libations-Languid-Love-Butter-1-e1591703027138.jpg","contentUrl":"https:\/\/dutchhealthstore.com\/wp-content\/uploads\/2020\/06\/Living-Libations-Languid-Love-Butter-1-e1591703027138.jpg","width":500,"height":499},{"@type":"BreadcrumbList","@id":"https:\/\/dutchhealthstore.com\/de\/product\/languid-love-butter\/#breadcrumb","itemListElement":[{"@type":"ListItem","position":1,"name":"Home","item":"https:\/\/dutchhealthstore.com\/de\/"},{"@type":"ListItem","position":2,"name":"Shop","item":"https:\/\/dutchhealthstore.com\/de\/shop-2\/"},{"@type":"ListItem","position":3,"name":"Languid Love Butter"}]},{"@type":"WebSite","@id":"https:\/\/dutchhealthstore.com\/de\/#website","url":"https:\/\/dutchhealthstore.com\/de\/","name":"Dutch Health Store","description":"Enhance Your Beauty with Organic &amp; Natural Skincare","publisher":{"@id":"https:\/\/dutchhealthstore.com\/de\/#organization"},"potentialAction":[{"@type":"SearchAction","target":{"@type":"EntryPoint","urlTemplate":"https:\/\/dutchhealthstore.com\/de\/?s={search_term_string}"},"query-input":{"@type":"PropertyValueSpecification","valueRequired":true,"valueName":"search_term_string"}}],"inLanguage":"de"},{"@type":"Organization","@id":"https:\/\/dutchhealthstore.com\/de\/#organization","name":"Dutch Health Store","url":"https:\/\/dutchhealthstore.com\/de\/","logo":{"@type":"ImageObject","inLanguage":"de","@id":"https:\/\/dutchhealthstore.com\/de\/#\/schema\/logo\/image\/","url":"https:\/\/dutchhealthstore.com\/wp-content\/uploads\/2020\/08\/logo-dutchhealthstore-jpg-e1599484957574.jpg","contentUrl":"https:\/\/dutchhealthstore.com\/wp-content\/uploads\/2020\/08\/logo-dutchhealthstore-jpg-e1599484957574.jpg","width":400,"height":62,"caption":"Dutch Health Store"},"image":{"@id":"https:\/\/dutchhealthstore.com\/de\/#\/schema\/logo\/image\/"},"sameAs":["https:\/\/www.instagram.com\/dutchhealthstore\/","https:\/\/www.facebook.com\/dutchhealthstore"]}]},"product_brand":"Living Libations","og_availability":"instock","product_availability":"instock","product_condition":"new"},"_links":{"self":[{"href":"https:\/\/dutchhealthstore.com\/de\/wp-json\/wp\/v2\/product\/129966","targetHints":{"allow":["GET"]}}],"collection":[{"href":"https:\/\/dutchhealthstore.com\/de\/wp-json\/wp\/v2\/product"}],"about":[{"href":"https:\/\/dutchhealthstore.com\/de\/wp-json\/wp\/v2\/types\/product"}],"replies":[{"embeddable":true,"href":"https:\/\/dutchhealthstore.com\/de\/wp-json\/wp\/v2\/comments?post=129966"}],"wp:featuredmedia":[{"embeddable":true,"href":"https:\/\/dutchhealthstore.com\/de\/wp-json\/wp\/v2\/media\/105654"}],"wp:attachment":[{"href":"https:\/\/dutchhealthstore.com\/de\/wp-json\/wp\/v2\/media?parent=129966"}],"wp:term":[{"taxonomy":"product_brand","embeddable":true,"href":"https:\/\/dutchhealthstore.com\/de\/wp-json\/wp\/v2\/product_brand?post=129966"},{"taxonomy":"product_cat","embeddable":true,"href":"https:\/\/dutchhealthstore.com\/de\/wp-json\/wp\/v2\/product_cat?post=129966"},{"taxonomy":"product_tag","embeddable":true,"href":"https:\/\/dutchhealthstore.com\/de\/wp-json\/wp\/v2\/product_tag?post=129966"}],"curies":[{"name":"wp","href":"https:\/\/api.w.org\/{rel}","templated":true}]}}