{"id":129863,"date":"2020-08-04T06:17:51","date_gmt":"2020-08-04T04:17:51","guid":{"rendered":"https:\/\/dutchhealthstore.com\/product\/australian-heather-essential-oil\/"},"modified":"2023-03-02T08:13:06","modified_gmt":"2023-03-02T08:13:06","slug":"australian-heather-essential-oil","status":"publish","type":"product","link":"https:\/\/dutchhealthstore.com\/de\/product\/australian-heather-essential-oil\/","title":{"rendered":"Australian Heather Essential Oil"},"content":{"rendered":"<p><strong><img decoding=\"async\" class=\"size-full wp-image-69549 alignright\" src=\"https:\/\/dutchhealthstore.com\/wp-content\/uploads\/2019\/08\/NEW-Living-Libations-Logo.jpg\" alt=\"NEW - Living Libations - Logo\" width=\"175\" height=\"82\">Botanischer Name:<\/strong> Calytrix exstipulata<br \/>\n<strong>Botanische Familie:<\/strong> Myrtaceae<br \/>\n<strong>Extraktion Methode:<\/strong> Wasserdampfdestillation<br \/>\n<strong>Herkunftsland:<\/strong> Westaustralien<br \/>\n<strong>Anbaumethode:<\/strong> Wild geerntet<br \/>\n<strong>Zusammensetzung:<\/strong> 100% Calytrix exstipulata<br \/>\n<strong>Konsistenz:<\/strong> D\u00fcnn-Mittel<br \/>\n<strong>Teil der Pflanze Destilliert:<\/strong> Bl\u00fcten<\/p>\n<h3>Beschreibung des Duftes<\/h3>\n<p>Spr\u00fchende Zitrusfr\u00fcchte, blumige Ankl\u00e4nge, mit einer holzigen Rhapsodie.<\/p>\n<h3>Gut mischbar mit<\/h3>\n<p>Blutorange, Geranie, Nerolina, Rosalina, Zitronenmyrte, Lavendel, Schwarzfichte, Wei\u00dftanne, Wei\u00dftanne, Douglasie, Weihrauch, Ylang, Rose, Neroli und Bergamotte.<\/p>\n<h3>Verwendet<\/h3>\n<p>Perfekt in Parf\u00fcms als Einzelnoten-Essenz oder in Kombination mit anderen \u00d6len f\u00fcr einen komplexen Duft. Diffundieren Sie mit Lavendel, um einen Raum mit einem Blumenfeld zu f\u00fcllen. Bade in seiner Sch\u00f6nheit mit einem Tropfen seines Taus. In Mischungen und Massage\u00f6len wieder auff\u00fcllend.<\/p>\n<p>Australian Heather ist eine intensiv duftende Blume; das Aroma beginnt hell und zitronig mit einer mittleren Note von krautigem Gr\u00fcn, gefolgt von blumigen und holzigen Noten. Der Duft ist eher erfrischend und belebend als super-s\u00fc\u00df.<br \/>\nDieser pr\u00e4chtige, sternrosa bl\u00fchende Strauch w\u00e4chst in den Kimberleys im zerkl\u00fcfteten Westen Australiens in gro\u00dfen Best\u00e4nden. Nur 10 % der Bl\u00fcten eines Strauches werden von diesen Wildpflanzen von Hand geerntet. Die Bl\u00fcten werden langsam dampfdestilliert, um das blumige Aroma der australischen Heide freizusetzen. Er gilt als einer der sch\u00f6nsten D\u00fcfte der Welt.<\/p>\n<p><strong>Gr\u00f6\u00dfe: 2,5 ml<\/strong><\/p>\n<h3>Bio-Zutaten<\/h3>\n<p>\u00c4therisches \u00d6l aus 100% australischem Heidekraut (Calytrix exstipulata).<\/p>\n<p><img fetchpriority=\"high\" decoding=\"async\" class=\"size-medium wp-image-68103 aligncenter\" src=\"https:\/\/dutchhealthstore.com\/wp-content\/uploads\/2018\/02\/Living-Libations-Organic-Logo-800x89.png\" alt=\"Living Libations - Organic Logo\" width=\"800\" height=\"89\" srcset=\"https:\/\/dutchhealthstore.com\/wp-content\/uploads\/2018\/02\/Living-Libations-Organic-Logo-800x89.png 800w, https:\/\/dutchhealthstore.com\/wp-content\/uploads\/2018\/02\/Living-Libations-Organic-Logo-510x57.png 510w, https:\/\/dutchhealthstore.com\/wp-content\/uploads\/2018\/02\/Living-Libations-Organic-Logo-768x85.png 768w, https:\/\/dutchhealthstore.com\/wp-content\/uploads\/2018\/02\/Living-Libations-Organic-Logo.png 1400w\" sizes=\"(max-width: 800px) 100vw, 800px\" \/><\/p>\n","protected":false},"excerpt":{"rendered":"<p>Atmen Sie den feinsten Blumenduft des Outbacks ein. Das <strong>Australian Heather Essential Oil<\/strong> ist hell und blumig mit klaren Untert\u00f6nen und einem holzigen Abgang. Diese liebliche und spritzige Essenz ist ein perfektes Parf\u00fcm mit einer einzigen Note, der Tau, der ein Bad zum Bl\u00fchen bringt, und eine lebendige Art und Weise, Freude in einem Raum zu verbreiten.<\/p>\n","protected":false},"featured_media":117610,"comment_status":"open","ping_status":"closed","template":"","meta":[],"product_brand":[],"product_cat":[1508,1546,6737,1032,1493,1210,1048,511,6736],"product_tag":[1547],"class_list":{"0":"post-129863","1":"product","2":"type-product","3":"status-publish","4":"has-post-thumbnail","6":"product_cat-aetherische-oele-living-libations","7":"product_cat-essential-oils-living-libations-de","8":"product_cat-essential-oils-de-2","9":"product_cat-kategorien","10":"product_cat-living-libations-deutschland","11":"product_cat-marken","12":"product_cat-kollektion","13":"product_cat-produkte","14":"product_cat-wellness-de","15":"product_tag-essential-oil-de","16":"pa_brand-livinglibations-de","17":"pa_essential-oils-product-type-essential-oils-de","18":"pa_size-2-5-ml-de","20":"first","21":"instock","22":"taxable","23":"shipping-taxable","24":"purchasable","25":"product-type-simple"},"bundled_by":[],"bundle_stock_status":"instock","bundle_stock_quantity":3,"bundle_virtual":false,"bundle_layout":"","bundle_add_to_cart_form_location":"","bundle_editable_in_cart":false,"bundle_sold_individually_context":"","bundle_item_grouping":"","bundle_min_size":"","bundle_max_size":"","bundle_price":[],"bundled_items":[],"bundle_sell_ids":[],"atum_controlled":true,"out_stock_date":null,"out_stock_threshold":null,"inheritable":false,"stock_on_hold":0,"sold_today":0,"sales_last_days":0,"out_stock_days":0,"lost_sales":0,"update_date":"2026-05-07T11:08:12","atum_locations":[],"atum_stock_status":"instock","restock_status":false,"low_stock_amount":"","sales_update_date":"2026-05-07T11:08:12","calc_backorders":null,"group_of_quantity":0,"min_quantity":0,"max_quantity":"","exclude_order_quantity_value_rules":"no","exclude_category_quantity_rules":"no","combine_variations":"no","yoast_head":"<!-- This site is optimized with the Yoast SEO Premium plugin v26.5 (Yoast SEO v26.5) - https:\/\/yoast.com\/wordpress\/plugins\/seo\/ -->\n<title>Australian Heather Essential Oil | Living Libations<\/title>\n<meta name=\"description\" content=\"Atmen Sie den feinsten Blumenduft des Outbacks ein. Das Australian Heather Essential Oil ist hell und blumig mit klaren Untert\u00f6nen und einem holzigen Abgang.\" \/>\n<meta name=\"robots\" content=\"index, follow, max-snippet:-1, max-image-preview:large, max-video-preview:-1\" \/>\n<link rel=\"canonical\" href=\"https:\/\/dutchhealthstore.com\/de\/product\/australian-heather-essential-oil\/\" \/>\n<meta property=\"og:locale\" content=\"de_DE\" \/>\n<meta property=\"og:type\" content=\"article\" \/>\n<meta property=\"og:title\" content=\"Australian Heather Essential Oil - Dutch Health Store\" \/>\n<meta property=\"og:description\" content=\"Atmen Sie den feinsten Blumenduft des Outbacks ein. Das Australian Heather Essential Oil ist hell und blumig mit klaren Untert\u00f6nen und einem holzigen Abgang.\" \/>\n<meta property=\"og:url\" content=\"https:\/\/dutchhealthstore.com\/de\/product\/australian-heather-essential-oil\/\" \/>\n<meta property=\"og:site_name\" content=\"Dutch Health Store\" \/>\n<meta property=\"article:publisher\" content=\"https:\/\/www.instagram.com\/dutchhealthstore\/\" \/>\n<meta property=\"article:modified_time\" content=\"2023-03-02T08:13:06+00:00\" \/>\n<meta property=\"og:image\" content=\"https:\/\/dutchhealthstore.com\/wp-content\/uploads\/2020\/08\/Living-Libations-Australian-Heather-Essential-Oil-e1596521679148.png\" \/>\n\t<meta property=\"og:image:width\" content=\"500\" \/>\n\t<meta property=\"og:image:height\" content=\"500\" \/>\n\t<meta property=\"og:image:type\" content=\"image\/jpeg\" \/>\n<meta name=\"twitter:card\" content=\"summary_large_image\" \/>\n<meta name=\"twitter:label1\" content=\"Preis\" \/>\n\t<meta name=\"twitter:data1\" content=\"&euro;100,00\" \/>\n\t<meta name=\"twitter:label2\" content=\"Verf\u00fcgbarkeit\" \/>\n\t<meta name=\"twitter:data2\" content=\"Auf Lager\" \/>\n<script type=\"application\/ld+json\" class=\"yoast-schema-graph\">{\"@context\":\"https:\/\/schema.org\",\"@graph\":[{\"@type\":\"WebPage\",\"@id\":\"https:\/\/dutchhealthstore.com\/de\/product\/australian-heather-essential-oil\/\",\"url\":\"https:\/\/dutchhealthstore.com\/de\/product\/australian-heather-essential-oil\/\",\"name\":\"Australian Heather Essential Oil | Living Libations\",\"isPartOf\":{\"@id\":\"https:\/\/dutchhealthstore.com\/de\/#website\"},\"primaryImageOfPage\":{\"@id\":\"https:\/\/dutchhealthstore.com\/de\/product\/australian-heather-essential-oil\/#primaryimage\"},\"image\":{\"@id\":\"https:\/\/dutchhealthstore.com\/de\/product\/australian-heather-essential-oil\/#primaryimage\"},\"thumbnailUrl\":\"https:\/\/dutchhealthstore.com\/wp-content\/uploads\/2020\/08\/Living-Libations-Australian-Heather-Essential-Oil-e1596521679148.png\",\"datePublished\":\"2020-08-04T04:17:51+00:00\",\"dateModified\":\"2023-03-02T08:13:06+00:00\",\"description\":\"Atmen Sie den feinsten Blumenduft des Outbacks ein. Das Australian Heather Essential Oil ist hell und blumig mit klaren Untert\u00f6nen und einem holzigen Abgang.\",\"breadcrumb\":{\"@id\":\"https:\/\/dutchhealthstore.com\/de\/product\/australian-heather-essential-oil\/#breadcrumb\"},\"inLanguage\":\"de\",\"potentialAction\":[{\"@type\":\"ReadAction\",\"target\":[\"https:\/\/dutchhealthstore.com\/de\/product\/australian-heather-essential-oil\/\"]}]},{\"@type\":\"ImageObject\",\"inLanguage\":\"de\",\"@id\":\"https:\/\/dutchhealthstore.com\/de\/product\/australian-heather-essential-oil\/#primaryimage\",\"url\":\"https:\/\/dutchhealthstore.com\/wp-content\/uploads\/2020\/08\/Living-Libations-Australian-Heather-Essential-Oil-e1596521679148.png\",\"contentUrl\":\"https:\/\/dutchhealthstore.com\/wp-content\/uploads\/2020\/08\/Living-Libations-Australian-Heather-Essential-Oil-e1596521679148.png\",\"width\":500,\"height\":500,\"caption\":\"Living Libations Australian Heather Essential Oil\"},{\"@type\":\"BreadcrumbList\",\"@id\":\"https:\/\/dutchhealthstore.com\/de\/product\/australian-heather-essential-oil\/#breadcrumb\",\"itemListElement\":[{\"@type\":\"ListItem\",\"position\":1,\"name\":\"Home\",\"item\":\"https:\/\/dutchhealthstore.com\/de\/\"},{\"@type\":\"ListItem\",\"position\":2,\"name\":\"Shop\",\"item\":\"https:\/\/dutchhealthstore.com\/de\/shop-2\/\"},{\"@type\":\"ListItem\",\"position\":3,\"name\":\"Australian Heather Essential Oil\"}]},{\"@type\":\"WebSite\",\"@id\":\"https:\/\/dutchhealthstore.com\/de\/#website\",\"url\":\"https:\/\/dutchhealthstore.com\/de\/\",\"name\":\"Dutch Health Store\",\"description\":\"Enhance Your Beauty with Organic &amp; Natural Skincare\",\"publisher\":{\"@id\":\"https:\/\/dutchhealthstore.com\/de\/#organization\"},\"potentialAction\":[{\"@type\":\"SearchAction\",\"target\":{\"@type\":\"EntryPoint\",\"urlTemplate\":\"https:\/\/dutchhealthstore.com\/de\/?s={search_term_string}\"},\"query-input\":{\"@type\":\"PropertyValueSpecification\",\"valueRequired\":true,\"valueName\":\"search_term_string\"}}],\"inLanguage\":\"de\"},{\"@type\":\"Organization\",\"@id\":\"https:\/\/dutchhealthstore.com\/de\/#organization\",\"name\":\"Dutch Health Store\",\"url\":\"https:\/\/dutchhealthstore.com\/de\/\",\"logo\":{\"@type\":\"ImageObject\",\"inLanguage\":\"de\",\"@id\":\"https:\/\/dutchhealthstore.com\/de\/#\/schema\/logo\/image\/\",\"url\":\"https:\/\/dutchhealthstore.com\/wp-content\/uploads\/2020\/08\/logo-dutchhealthstore-jpg-e1599484957574.jpg\",\"contentUrl\":\"https:\/\/dutchhealthstore.com\/wp-content\/uploads\/2020\/08\/logo-dutchhealthstore-jpg-e1599484957574.jpg\",\"width\":400,\"height\":62,\"caption\":\"Dutch Health Store\"},\"image\":{\"@id\":\"https:\/\/dutchhealthstore.com\/de\/#\/schema\/logo\/image\/\"},\"sameAs\":[\"https:\/\/www.instagram.com\/dutchhealthstore\/\",\"https:\/\/www.facebook.com\/dutchhealthstore\"]}]}<\/script>\n<meta property=\"product:brand\" content=\"Living Libations\" \/>\n<meta property=\"product:price:amount\" content=\"100.00\" \/>\n<meta property=\"product:price:currency\" content=\"EUR\" \/>\n<meta property=\"og:availability\" content=\"instock\" \/>\n<meta property=\"product:availability\" content=\"instock\" \/>\n<meta property=\"product:condition\" content=\"new\" \/>\n<!-- \/ Yoast SEO Premium plugin. -->","yoast_head_json":{"title":"Australian Heather Essential Oil | Living Libations","description":"Atmen Sie den feinsten Blumenduft des Outbacks ein. Das Australian Heather Essential Oil ist hell und blumig mit klaren Untert\u00f6nen und einem holzigen Abgang.","robots":{"index":"index","follow":"follow","max-snippet":"max-snippet:-1","max-image-preview":"max-image-preview:large","max-video-preview":"max-video-preview:-1"},"canonical":"https:\/\/dutchhealthstore.com\/de\/product\/australian-heather-essential-oil\/","og_locale":"de_DE","og_type":"article","og_title":"Australian Heather Essential Oil - Dutch Health Store","og_description":"Atmen Sie den feinsten Blumenduft des Outbacks ein. Das Australian Heather Essential Oil ist hell und blumig mit klaren Untert\u00f6nen und einem holzigen Abgang.","og_url":"https:\/\/dutchhealthstore.com\/de\/product\/australian-heather-essential-oil\/","og_site_name":"Dutch Health Store","article_publisher":"https:\/\/www.instagram.com\/dutchhealthstore\/","article_modified_time":"2023-03-02T08:13:06+00:00","og_image":[{"width":500,"height":500,"url":"https:\/\/dutchhealthstore.com\/wp-content\/uploads\/2020\/08\/Living-Libations-Australian-Heather-Essential-Oil-e1596521679148.png","type":"image\/jpeg"}],"twitter_card":"summary_large_image","twitter_misc":{"Preis":"&euro;100,00","Verf\u00fcgbarkeit":"Auf Lager"},"schema":{"@context":"https:\/\/schema.org","@graph":[{"@type":"WebPage","@id":"https:\/\/dutchhealthstore.com\/de\/product\/australian-heather-essential-oil\/","url":"https:\/\/dutchhealthstore.com\/de\/product\/australian-heather-essential-oil\/","name":"Australian Heather Essential Oil | Living Libations","isPartOf":{"@id":"https:\/\/dutchhealthstore.com\/de\/#website"},"primaryImageOfPage":{"@id":"https:\/\/dutchhealthstore.com\/de\/product\/australian-heather-essential-oil\/#primaryimage"},"image":{"@id":"https:\/\/dutchhealthstore.com\/de\/product\/australian-heather-essential-oil\/#primaryimage"},"thumbnailUrl":"https:\/\/dutchhealthstore.com\/wp-content\/uploads\/2020\/08\/Living-Libations-Australian-Heather-Essential-Oil-e1596521679148.png","datePublished":"2020-08-04T04:17:51+00:00","dateModified":"2023-03-02T08:13:06+00:00","description":"Atmen Sie den feinsten Blumenduft des Outbacks ein. Das Australian Heather Essential Oil ist hell und blumig mit klaren Untert\u00f6nen und einem holzigen Abgang.","breadcrumb":{"@id":"https:\/\/dutchhealthstore.com\/de\/product\/australian-heather-essential-oil\/#breadcrumb"},"inLanguage":"de","potentialAction":[{"@type":"ReadAction","target":["https:\/\/dutchhealthstore.com\/de\/product\/australian-heather-essential-oil\/"]}]},{"@type":"ImageObject","inLanguage":"de","@id":"https:\/\/dutchhealthstore.com\/de\/product\/australian-heather-essential-oil\/#primaryimage","url":"https:\/\/dutchhealthstore.com\/wp-content\/uploads\/2020\/08\/Living-Libations-Australian-Heather-Essential-Oil-e1596521679148.png","contentUrl":"https:\/\/dutchhealthstore.com\/wp-content\/uploads\/2020\/08\/Living-Libations-Australian-Heather-Essential-Oil-e1596521679148.png","width":500,"height":500,"caption":"Living Libations Australian Heather Essential Oil"},{"@type":"BreadcrumbList","@id":"https:\/\/dutchhealthstore.com\/de\/product\/australian-heather-essential-oil\/#breadcrumb","itemListElement":[{"@type":"ListItem","position":1,"name":"Home","item":"https:\/\/dutchhealthstore.com\/de\/"},{"@type":"ListItem","position":2,"name":"Shop","item":"https:\/\/dutchhealthstore.com\/de\/shop-2\/"},{"@type":"ListItem","position":3,"name":"Australian Heather Essential Oil"}]},{"@type":"WebSite","@id":"https:\/\/dutchhealthstore.com\/de\/#website","url":"https:\/\/dutchhealthstore.com\/de\/","name":"Dutch Health Store","description":"Enhance Your Beauty with Organic &amp; Natural Skincare","publisher":{"@id":"https:\/\/dutchhealthstore.com\/de\/#organization"},"potentialAction":[{"@type":"SearchAction","target":{"@type":"EntryPoint","urlTemplate":"https:\/\/dutchhealthstore.com\/de\/?s={search_term_string}"},"query-input":{"@type":"PropertyValueSpecification","valueRequired":true,"valueName":"search_term_string"}}],"inLanguage":"de"},{"@type":"Organization","@id":"https:\/\/dutchhealthstore.com\/de\/#organization","name":"Dutch Health Store","url":"https:\/\/dutchhealthstore.com\/de\/","logo":{"@type":"ImageObject","inLanguage":"de","@id":"https:\/\/dutchhealthstore.com\/de\/#\/schema\/logo\/image\/","url":"https:\/\/dutchhealthstore.com\/wp-content\/uploads\/2020\/08\/logo-dutchhealthstore-jpg-e1599484957574.jpg","contentUrl":"https:\/\/dutchhealthstore.com\/wp-content\/uploads\/2020\/08\/logo-dutchhealthstore-jpg-e1599484957574.jpg","width":400,"height":62,"caption":"Dutch Health Store"},"image":{"@id":"https:\/\/dutchhealthstore.com\/de\/#\/schema\/logo\/image\/"},"sameAs":["https:\/\/www.instagram.com\/dutchhealthstore\/","https:\/\/www.facebook.com\/dutchhealthstore"]}]},"product_brand":"Living Libations","product_price_amount":"100.00","product_price_currency":"EUR","og_availability":"instock","product_availability":"instock","product_condition":"new"},"_links":{"self":[{"href":"https:\/\/dutchhealthstore.com\/de\/wp-json\/wp\/v2\/product\/129863","targetHints":{"allow":["GET"]}}],"collection":[{"href":"https:\/\/dutchhealthstore.com\/de\/wp-json\/wp\/v2\/product"}],"about":[{"href":"https:\/\/dutchhealthstore.com\/de\/wp-json\/wp\/v2\/types\/product"}],"replies":[{"embeddable":true,"href":"https:\/\/dutchhealthstore.com\/de\/wp-json\/wp\/v2\/comments?post=129863"}],"wp:featuredmedia":[{"embeddable":true,"href":"https:\/\/dutchhealthstore.com\/de\/wp-json\/wp\/v2\/media\/117610"}],"wp:attachment":[{"href":"https:\/\/dutchhealthstore.com\/de\/wp-json\/wp\/v2\/media?parent=129863"}],"wp:term":[{"taxonomy":"product_brand","embeddable":true,"href":"https:\/\/dutchhealthstore.com\/de\/wp-json\/wp\/v2\/product_brand?post=129863"},{"taxonomy":"product_cat","embeddable":true,"href":"https:\/\/dutchhealthstore.com\/de\/wp-json\/wp\/v2\/product_cat?post=129863"},{"taxonomy":"product_tag","embeddable":true,"href":"https:\/\/dutchhealthstore.com\/de\/wp-json\/wp\/v2\/product_tag?post=129863"}],"curies":[{"name":"wp","href":"https:\/\/api.w.org\/{rel}","templated":true}]}}