{"id":129826,"date":"2020-10-01T08:28:13","date_gmt":"2020-10-01T08:28:13","guid":{"rendered":"https:\/\/dutchhealthstore.com\/product\/frankincense-fresh-floss\/"},"modified":"2026-03-28T13:01:58","modified_gmt":"2026-03-28T12:01:58","slug":"frankincense-fresh-floss","status":"publish","type":"product","link":"https:\/\/dutchhealthstore.com\/de\/product\/frankincense-fresh-floss\/","title":{"rendered":"Frankincense Fresh Floss"},"content":{"rendered":"<p><strong><img decoding=\"async\" class=\"size-full wp-image-37041 alignright\" src=\"https:\/\/dutchhealthstore.com\/wp-content\/uploads\/2018\/04\/Living_Libations-1.png\" alt=\"Organic &amp; Natural Beautyproducts - Living Libations\" width=\"175\" height=\"82\">Frankincense Fresh Floss<\/strong> ist eine sanfte, fusselfreie Allzweck-Zahnseide f\u00fcr Menschen mit engen und breiten Zahnzwischenr\u00e4umen und sogar f\u00fcr Menschen mit Zahnspangen. Seine seidige Weichheit ist sanft zu Zahnfleisch, Zunge und Fingern.<\/p>\n<p>Der Faden besteht zu 100% aus Maulbeerseide, der feinsten aller verf\u00fcgbaren Seiden. Seidenraupen, die mit Maulbeerbl\u00e4ttern gef\u00fcttert werden, produzieren lange, feine, reinwei\u00dfe Fasern, die zu haltbaren, gl\u00e4nzenden F\u00e4den gesponnen werden. Jeder Faden ist mit biologischem Candelillawachs beschichtet, damit die Zahnseide auch in die engsten Zahnzwischenr\u00e4ume gleitet. Das Wachs ist mit unserem \u00e4therischen \u00d6l aus biologischem Weihrauch und einer Prise Pfefferminze versetzt, die f\u00fcr perfekte Frische sorgt.<\/p>\n<p>\u00c4therisches Weihrauch\u00f6l wird im gesamten Nahen Osten seit Tausenden von Jahren zur Unterst\u00fctzung sauberer Z\u00e4hne und frischen Atems verwendet. Es gibt eine m\u00fcndliche \u00dcberlieferung, wonach die Menschen zur Zahnpflege auf Weihrauchbaumharz oder &#8222;Perlen&#8220; kauten. Dieses pflanzliche Biotikum, das reich an Monoterpenen ist, hilft bei der Entfernung von Zahnbelag und beseitigt Bakterien, die schlechten Atem verursachen.<\/p>\n<p>Frankincense Fresh Floss ist die perfekte Erg\u00e4nzung zu Mint + Myrrh Tooth Serum, Happy Gum Drops, Swishing Serum und Frankincense Fresh Toothpaste.<\/p>\n<h3>Wie benutzt man:<\/h3>\n<p>Geben Sie nach dem Z\u00e4hneputzen einen Tropfen Ihres bevorzugten Mundpflegeserums auf die Zahnseide, wickeln Sie die Zahnseide etwa 45 cm lang um die Finger und ziehen Sie sie fest. Schieben Sie die Zahnseide zwischen die Z\u00e4hne, legen Sie sie um einen Zahn und reinigen Sie zwischen Zahn und Zahnfleisch mit sanften Auf- und Abw\u00e4rtsbewegungen. Wiederholen Sie den Vorgang zwischen jedem Zahn mit einem sauberen St\u00fcck Zahnseide.<\/p>\n<h3 class=\"yikes-custom-woo-tab-title yikes-custom-woo-tab-title-natural-organic-ingredients\">Nat\u00fcrliche\/Organische Inhaltsstoffe<\/h3>\n<p>Nat\u00fcrliche Maulbeerseide, Candelillawachs, \u00c4therisches Weihrauch\u00f6l (Boswellia carterii) und \u00c4therisches Pfefferminz\u00f6l (Mentha piperita).<\/p>\n<p><strong>Candelillawachs<\/strong><em>(Euphorbia antisyphilitica ) &#8211; <\/em>Dieses reine Pflanzenwachs wird aus den St\u00e4ngeln des W\u00fcsten-Candelillastrauchs gewonnen. Die Pflanzenteile werden in Wasser gekocht, das Wachs wird abgesch\u00f6pft und in Flaschen abgef\u00fcllt, bevor die Seidenwatte damit \u00fcberzogen wird.<\/p>\n<p><strong>\u00c4therisches Weihrauch\u00f6l<\/strong><em>(Boswellia carterii<\/em>) &#8211; Eine fl\u00fcssige Perle des heiligen Salb\u00f6ls vom Baum des Lebens. Unser Weihrauch stammt aus Somaliland, wo die hochwertigsten Gummib\u00e4ume wachsen. Diese kostbare Essenz wird in den Gebieten des Nahen Ostens schon seit Tausenden von Jahren f\u00fcr saubere Z\u00e4hne und frischen Atem verwendet. Bei den Arabern ist es \u00fcblich, das Harz zu kauen. Sie wissen um seine F\u00e4higkeit, Mundgeruch verursachende Bakterien zu beseitigen und bei der Entfernung von Zahnbelag zu helfen.<\/p>\n<p><strong>\u00c4therisches Pfefferminz\u00f6l <\/strong><em>(Mentha piperita<\/em>) &#8211; Der k\u00fchle, luftige Geschmack der Pfefferminze sorgt f\u00fcr einen lang anhaltend frischen Atem. Unsere Pfefferminze ist eine echte Destillation der frischen Bl\u00e4tter und stammt von einer netten Brennerfamilie in vierter Generation in Frankreich. Echte Pfefferminze ist ein wirksamer und angenehmer Freund f\u00fcr die Mundpflege. Seine ruhige und k\u00fchle Natur hemmt auch die Bakterien, die schlechten Atem verursachen.<\/p>\n<p>&nbsp;<\/p>\n<p><img fetchpriority=\"high\" decoding=\"async\" class=\"size-medium wp-image-68103 aligncenter\" src=\"https:\/\/dutchhealthstore.com\/wp-content\/uploads\/2018\/02\/Living-Libations-Organic-Logo-800x89.png\" alt=\"Living Libations - Organic Logo\" width=\"800\" height=\"89\" srcset=\"https:\/\/dutchhealthstore.com\/wp-content\/uploads\/2018\/02\/Living-Libations-Organic-Logo-800x89.png 800w, https:\/\/dutchhealthstore.com\/wp-content\/uploads\/2018\/02\/Living-Libations-Organic-Logo-510x57.png 510w, https:\/\/dutchhealthstore.com\/wp-content\/uploads\/2018\/02\/Living-Libations-Organic-Logo-768x85.png 768w, https:\/\/dutchhealthstore.com\/wp-content\/uploads\/2018\/02\/Living-Libations-Organic-Logo.png 1400w\" sizes=\"(max-width: 800px) 100vw, 800px\" \/><\/p>\n","protected":false},"excerpt":{"rendered":"<p>Seidenf\u00e4den weben und wandern um Ihre perlenden Z\u00e4hne und reinigen luxuri\u00f6s die Zwischenr\u00e4ume. Ein opulentes Weihrauch-Finish auf jedem Faden sorgt f\u00fcr beruhigende, erfrischende und reinigende Essenzen f\u00fcr Zahnfleisch, Z\u00e4hne und Zunge.<\/p>\n<p><strong>Frankincense Fresh Floss<\/strong> ist in einem zylindrischen Spender aus Glas und Edelstahl wundersch\u00f6n aufgewickelt. Die Seidenzahnseide ist vollst\u00e4ndig biologisch abbaubar, der Beh\u00e4lter und der Deckel sind recycelbar, aber noch wichtiger ist, dass die Glasflasche mit Zahnseide ein zeitloser Schatz ist, der immer wieder neu bef\u00fcllt werden kann.<\/p>\n","protected":false},"featured_media":126650,"comment_status":"open","ping_status":"closed","template":"","meta":[],"product_brand":[],"product_cat":[1032,1493,1210,3759,511,1992,1038],"product_tag":[4368,21810,21809,21440],"class_list":{"0":"post-129826","1":"product","2":"type-product","3":"status-publish","4":"has-post-thumbnail","6":"product_cat-kategorien","7":"product_cat-living-libations-deutschland","8":"product_cat-marken","9":"product_cat-mund-zahnpflegeprodukte","10":"product_cat-produkte","11":"product_cat-dental-care-de","12":"product_cat-zahnpflege","13":"product_tag-dental-care-de","14":"product_tag-erfrischend","15":"product_tag-natural-de","16":"product_tag-werkzeuge","17":"pa_bestsellers-goed-de","18":"pa_brand-livinglibations-de","19":"pa_dental-care-product-type-scrapers-floss-de","20":"pa_gtin-7439657411496-de","21":"pa_size-1-floss-de","22":"pa_size-2-refill-rolls-de","24":"first","25":"instock","26":"taxable","27":"shipping-taxable","28":"purchasable","29":"product-type-variable"},"bundled_by":[],"bundle_stock_status":"instock","bundle_stock_quantity":null,"bundle_virtual":false,"bundle_layout":"","bundle_add_to_cart_form_location":"","bundle_editable_in_cart":false,"bundle_sold_individually_context":"","bundle_item_grouping":"","bundle_min_size":"","bundle_max_size":"","bundle_price":[],"bundled_items":[],"bundle_sell_ids":[179392],"atum_controlled":true,"out_stock_date":null,"out_stock_threshold":null,"inheritable":true,"stock_on_hold":3,"sold_today":0,"sales_last_days":1,"out_stock_days":0,"lost_sales":0,"update_date":"2026-04-08T01:47:44","atum_locations":[],"atum_stock_status":"instock","restock_status":false,"low_stock_amount":"","sales_update_date":"2026-04-08T01:47:44","calc_backorders":null,"group_of_quantity":0,"min_quantity":0,"max_quantity":"","exclude_order_quantity_value_rules":"no","exclude_category_quantity_rules":"no","combine_variations":"no","yoast_head":"<!-- This site is optimized with the Yoast SEO Premium plugin v26.5 (Yoast SEO v26.5) - https:\/\/yoast.com\/wordpress\/plugins\/seo\/ -->\n<title>Frankincense Fresh Floss - Living Libations<\/title>\n<meta name=\"description\" content=\"Frankincense Fresh Floss ist eine sanfte, fusselfreie Allzweck-Zahnseide f\u00fcr Menschen mit engen und breiten Zahnzwischenr\u00e4umen und sogar f\u00fcr Menschen mit Zahnspangen.\" \/>\n<meta name=\"robots\" content=\"index, follow, max-snippet:-1, max-image-preview:large, max-video-preview:-1\" \/>\n<link rel=\"canonical\" href=\"https:\/\/dutchhealthstore.com\/de\/product\/frankincense-fresh-floss\/\" \/>\n<meta property=\"og:locale\" content=\"de_DE\" \/>\n<meta property=\"og:type\" content=\"article\" \/>\n<meta property=\"og:title\" content=\"Frankincense Fresh Floss - Dutch Health Store\" \/>\n<meta property=\"og:description\" content=\"Frankincense Fresh Floss ist eine sanfte, fusselfreie Allzweck-Zahnseide f\u00fcr Menschen mit engen und breiten Zahnzwischenr\u00e4umen und sogar f\u00fcr Menschen mit Zahnspangen.\" \/>\n<meta property=\"og:url\" content=\"https:\/\/dutchhealthstore.com\/de\/product\/frankincense-fresh-floss\/\" \/>\n<meta property=\"og:site_name\" content=\"Dutch Health Store\" \/>\n<meta property=\"article:publisher\" content=\"https:\/\/www.instagram.com\/dutchhealthstore\/\" \/>\n<meta property=\"article:modified_time\" content=\"2026-03-28T12:01:58+00:00\" \/>\n<meta property=\"og:image\" content=\"https:\/\/dutchhealthstore.com\/wp-content\/uploads\/2020\/09\/Living-Libations-2-Frankincense-Fresh-Floss.jpg\" \/>\n\t<meta property=\"og:image:width\" content=\"500\" \/>\n\t<meta property=\"og:image:height\" content=\"500\" \/>\n\t<meta property=\"og:image:type\" content=\"image\/jpeg\" \/>\n<meta name=\"twitter:card\" content=\"summary_large_image\" \/>\n<meta name=\"twitter:label1\" content=\"Verf\u00fcgbarkeit\" \/>\n\t<meta name=\"twitter:data1\" content=\"Auf Lager\" \/>\n<script type=\"application\/ld+json\" class=\"yoast-schema-graph\">{\"@context\":\"https:\/\/schema.org\",\"@graph\":[{\"@type\":\"WebPage\",\"@id\":\"https:\/\/dutchhealthstore.com\/de\/product\/frankincense-fresh-floss\/\",\"url\":\"https:\/\/dutchhealthstore.com\/de\/product\/frankincense-fresh-floss\/\",\"name\":\"Frankincense Fresh Floss - Living Libations\",\"isPartOf\":{\"@id\":\"https:\/\/dutchhealthstore.com\/de\/#website\"},\"primaryImageOfPage\":{\"@id\":\"https:\/\/dutchhealthstore.com\/de\/product\/frankincense-fresh-floss\/#primaryimage\"},\"image\":{\"@id\":\"https:\/\/dutchhealthstore.com\/de\/product\/frankincense-fresh-floss\/#primaryimage\"},\"thumbnailUrl\":\"https:\/\/dutchhealthstore.com\/wp-content\/uploads\/2020\/09\/Living-Libations-2-Frankincense-Fresh-Floss.jpg\",\"datePublished\":\"2020-10-01T08:28:13+00:00\",\"dateModified\":\"2026-03-28T12:01:58+00:00\",\"description\":\"Frankincense Fresh Floss ist eine sanfte, fusselfreie Allzweck-Zahnseide f\u00fcr Menschen mit engen und breiten Zahnzwischenr\u00e4umen und sogar f\u00fcr Menschen mit Zahnspangen.\",\"breadcrumb\":{\"@id\":\"https:\/\/dutchhealthstore.com\/de\/product\/frankincense-fresh-floss\/#breadcrumb\"},\"inLanguage\":\"de\",\"potentialAction\":[{\"@type\":\"ReadAction\",\"target\":[\"https:\/\/dutchhealthstore.com\/de\/product\/frankincense-fresh-floss\/\"]}]},{\"@type\":\"ImageObject\",\"inLanguage\":\"de\",\"@id\":\"https:\/\/dutchhealthstore.com\/de\/product\/frankincense-fresh-floss\/#primaryimage\",\"url\":\"https:\/\/dutchhealthstore.com\/wp-content\/uploads\/2020\/09\/Living-Libations-2-Frankincense-Fresh-Floss.jpg\",\"contentUrl\":\"https:\/\/dutchhealthstore.com\/wp-content\/uploads\/2020\/09\/Living-Libations-2-Frankincense-Fresh-Floss.jpg\",\"width\":500,\"height\":500,\"caption\":\"Living Libations 2 Frankincense Fresh Floss\"},{\"@type\":\"BreadcrumbList\",\"@id\":\"https:\/\/dutchhealthstore.com\/de\/product\/frankincense-fresh-floss\/#breadcrumb\",\"itemListElement\":[{\"@type\":\"ListItem\",\"position\":1,\"name\":\"Home\",\"item\":\"https:\/\/dutchhealthstore.com\/de\/\"},{\"@type\":\"ListItem\",\"position\":2,\"name\":\"Shop\",\"item\":\"https:\/\/dutchhealthstore.com\/de\/shop-2\/\"},{\"@type\":\"ListItem\",\"position\":3,\"name\":\"Frankincense Fresh Floss\"}]},{\"@type\":\"WebSite\",\"@id\":\"https:\/\/dutchhealthstore.com\/de\/#website\",\"url\":\"https:\/\/dutchhealthstore.com\/de\/\",\"name\":\"Dutch Health Store\",\"description\":\"Enhance Your Beauty with Organic &amp; Natural Skincare\",\"publisher\":{\"@id\":\"https:\/\/dutchhealthstore.com\/de\/#organization\"},\"potentialAction\":[{\"@type\":\"SearchAction\",\"target\":{\"@type\":\"EntryPoint\",\"urlTemplate\":\"https:\/\/dutchhealthstore.com\/de\/?s={search_term_string}\"},\"query-input\":{\"@type\":\"PropertyValueSpecification\",\"valueRequired\":true,\"valueName\":\"search_term_string\"}}],\"inLanguage\":\"de\"},{\"@type\":\"Organization\",\"@id\":\"https:\/\/dutchhealthstore.com\/de\/#organization\",\"name\":\"Dutch Health Store\",\"url\":\"https:\/\/dutchhealthstore.com\/de\/\",\"logo\":{\"@type\":\"ImageObject\",\"inLanguage\":\"de\",\"@id\":\"https:\/\/dutchhealthstore.com\/de\/#\/schema\/logo\/image\/\",\"url\":\"https:\/\/dutchhealthstore.com\/wp-content\/uploads\/2020\/08\/logo-dutchhealthstore-jpg-e1599484957574.jpg\",\"contentUrl\":\"https:\/\/dutchhealthstore.com\/wp-content\/uploads\/2020\/08\/logo-dutchhealthstore-jpg-e1599484957574.jpg\",\"width\":400,\"height\":62,\"caption\":\"Dutch Health Store\"},\"image\":{\"@id\":\"https:\/\/dutchhealthstore.com\/de\/#\/schema\/logo\/image\/\"},\"sameAs\":[\"https:\/\/www.instagram.com\/dutchhealthstore\/\",\"https:\/\/www.facebook.com\/dutchhealthstore\"]}]}<\/script>\n<meta property=\"product:brand\" content=\"Living Libations\" \/>\n<meta property=\"og:availability\" content=\"instock\" \/>\n<meta property=\"product:availability\" content=\"instock\" \/>\n<meta property=\"product:condition\" content=\"new\" \/>\n<!-- \/ Yoast SEO Premium plugin. -->","yoast_head_json":{"title":"Frankincense Fresh Floss - Living Libations","description":"Frankincense Fresh Floss ist eine sanfte, fusselfreie Allzweck-Zahnseide f\u00fcr Menschen mit engen und breiten Zahnzwischenr\u00e4umen und sogar f\u00fcr Menschen mit Zahnspangen.","robots":{"index":"index","follow":"follow","max-snippet":"max-snippet:-1","max-image-preview":"max-image-preview:large","max-video-preview":"max-video-preview:-1"},"canonical":"https:\/\/dutchhealthstore.com\/de\/product\/frankincense-fresh-floss\/","og_locale":"de_DE","og_type":"article","og_title":"Frankincense Fresh Floss - Dutch Health Store","og_description":"Frankincense Fresh Floss ist eine sanfte, fusselfreie Allzweck-Zahnseide f\u00fcr Menschen mit engen und breiten Zahnzwischenr\u00e4umen und sogar f\u00fcr Menschen mit Zahnspangen.","og_url":"https:\/\/dutchhealthstore.com\/de\/product\/frankincense-fresh-floss\/","og_site_name":"Dutch Health Store","article_publisher":"https:\/\/www.instagram.com\/dutchhealthstore\/","article_modified_time":"2026-03-28T12:01:58+00:00","og_image":[{"width":500,"height":500,"url":"https:\/\/dutchhealthstore.com\/wp-content\/uploads\/2020\/09\/Living-Libations-2-Frankincense-Fresh-Floss.jpg","type":"image\/jpeg"}],"twitter_card":"summary_large_image","twitter_misc":{"Verf\u00fcgbarkeit":"Auf Lager"},"schema":{"@context":"https:\/\/schema.org","@graph":[{"@type":"WebPage","@id":"https:\/\/dutchhealthstore.com\/de\/product\/frankincense-fresh-floss\/","url":"https:\/\/dutchhealthstore.com\/de\/product\/frankincense-fresh-floss\/","name":"Frankincense Fresh Floss - Living Libations","isPartOf":{"@id":"https:\/\/dutchhealthstore.com\/de\/#website"},"primaryImageOfPage":{"@id":"https:\/\/dutchhealthstore.com\/de\/product\/frankincense-fresh-floss\/#primaryimage"},"image":{"@id":"https:\/\/dutchhealthstore.com\/de\/product\/frankincense-fresh-floss\/#primaryimage"},"thumbnailUrl":"https:\/\/dutchhealthstore.com\/wp-content\/uploads\/2020\/09\/Living-Libations-2-Frankincense-Fresh-Floss.jpg","datePublished":"2020-10-01T08:28:13+00:00","dateModified":"2026-03-28T12:01:58+00:00","description":"Frankincense Fresh Floss ist eine sanfte, fusselfreie Allzweck-Zahnseide f\u00fcr Menschen mit engen und breiten Zahnzwischenr\u00e4umen und sogar f\u00fcr Menschen mit Zahnspangen.","breadcrumb":{"@id":"https:\/\/dutchhealthstore.com\/de\/product\/frankincense-fresh-floss\/#breadcrumb"},"inLanguage":"de","potentialAction":[{"@type":"ReadAction","target":["https:\/\/dutchhealthstore.com\/de\/product\/frankincense-fresh-floss\/"]}]},{"@type":"ImageObject","inLanguage":"de","@id":"https:\/\/dutchhealthstore.com\/de\/product\/frankincense-fresh-floss\/#primaryimage","url":"https:\/\/dutchhealthstore.com\/wp-content\/uploads\/2020\/09\/Living-Libations-2-Frankincense-Fresh-Floss.jpg","contentUrl":"https:\/\/dutchhealthstore.com\/wp-content\/uploads\/2020\/09\/Living-Libations-2-Frankincense-Fresh-Floss.jpg","width":500,"height":500,"caption":"Living Libations 2 Frankincense Fresh Floss"},{"@type":"BreadcrumbList","@id":"https:\/\/dutchhealthstore.com\/de\/product\/frankincense-fresh-floss\/#breadcrumb","itemListElement":[{"@type":"ListItem","position":1,"name":"Home","item":"https:\/\/dutchhealthstore.com\/de\/"},{"@type":"ListItem","position":2,"name":"Shop","item":"https:\/\/dutchhealthstore.com\/de\/shop-2\/"},{"@type":"ListItem","position":3,"name":"Frankincense Fresh Floss"}]},{"@type":"WebSite","@id":"https:\/\/dutchhealthstore.com\/de\/#website","url":"https:\/\/dutchhealthstore.com\/de\/","name":"Dutch Health Store","description":"Enhance Your Beauty with Organic &amp; Natural Skincare","publisher":{"@id":"https:\/\/dutchhealthstore.com\/de\/#organization"},"potentialAction":[{"@type":"SearchAction","target":{"@type":"EntryPoint","urlTemplate":"https:\/\/dutchhealthstore.com\/de\/?s={search_term_string}"},"query-input":{"@type":"PropertyValueSpecification","valueRequired":true,"valueName":"search_term_string"}}],"inLanguage":"de"},{"@type":"Organization","@id":"https:\/\/dutchhealthstore.com\/de\/#organization","name":"Dutch Health Store","url":"https:\/\/dutchhealthstore.com\/de\/","logo":{"@type":"ImageObject","inLanguage":"de","@id":"https:\/\/dutchhealthstore.com\/de\/#\/schema\/logo\/image\/","url":"https:\/\/dutchhealthstore.com\/wp-content\/uploads\/2020\/08\/logo-dutchhealthstore-jpg-e1599484957574.jpg","contentUrl":"https:\/\/dutchhealthstore.com\/wp-content\/uploads\/2020\/08\/logo-dutchhealthstore-jpg-e1599484957574.jpg","width":400,"height":62,"caption":"Dutch Health Store"},"image":{"@id":"https:\/\/dutchhealthstore.com\/de\/#\/schema\/logo\/image\/"},"sameAs":["https:\/\/www.instagram.com\/dutchhealthstore\/","https:\/\/www.facebook.com\/dutchhealthstore"]}]},"product_brand":"Living Libations","og_availability":"instock","product_availability":"instock","product_condition":"new"},"_links":{"self":[{"href":"https:\/\/dutchhealthstore.com\/de\/wp-json\/wp\/v2\/product\/129826","targetHints":{"allow":["GET"]}}],"collection":[{"href":"https:\/\/dutchhealthstore.com\/de\/wp-json\/wp\/v2\/product"}],"about":[{"href":"https:\/\/dutchhealthstore.com\/de\/wp-json\/wp\/v2\/types\/product"}],"replies":[{"embeddable":true,"href":"https:\/\/dutchhealthstore.com\/de\/wp-json\/wp\/v2\/comments?post=129826"}],"wp:featuredmedia":[{"embeddable":true,"href":"https:\/\/dutchhealthstore.com\/de\/wp-json\/wp\/v2\/media\/126650"}],"wp:attachment":[{"href":"https:\/\/dutchhealthstore.com\/de\/wp-json\/wp\/v2\/media?parent=129826"}],"wp:term":[{"taxonomy":"product_brand","embeddable":true,"href":"https:\/\/dutchhealthstore.com\/de\/wp-json\/wp\/v2\/product_brand?post=129826"},{"taxonomy":"product_cat","embeddable":true,"href":"https:\/\/dutchhealthstore.com\/de\/wp-json\/wp\/v2\/product_cat?post=129826"},{"taxonomy":"product_tag","embeddable":true,"href":"https:\/\/dutchhealthstore.com\/de\/wp-json\/wp\/v2\/product_tag?post=129826"}],"curies":[{"name":"wp","href":"https:\/\/api.w.org\/{rel}","templated":true}]}}