{"id":129708,"date":"2020-09-29T16:31:03","date_gmt":"2020-09-29T16:31:03","guid":{"rendered":"https:\/\/dutchhealthstore.com\/product\/hydrating-silicone-sheet-mask\/"},"modified":"2026-02-11T15:33:27","modified_gmt":"2026-02-11T14:33:27","slug":"hydrating-silicone-sheet-mask","status":"publish","type":"product","link":"https:\/\/dutchhealthstore.com\/de\/product\/hydrating-silicone-sheet-mask\/","title":{"rendered":"Hydrating Silicone Sheet Mask"},"content":{"rendered":"<p>Diese weiche, geschmeidige <strong>Silikonmaske<\/strong> hilft Ihnen, Ihre Haut effizient und ordentlich zu erfrischen, zu n\u00e4hren und zu beleben.<br \/>\nDas rutschfeste, konturierte Design erm\u00f6glicht es Ihnen, sich zur\u00fcckzulehnen und zu entspannen oder sich Ihrem Leben zu widmen, w\u00e4hrend Sie Ihre Haut mit Ihrer Lieblings-Gesichtsbehandlung pflegen.<br \/>\nDas porenfreie Silikon schlie\u00dft die taufrische Blumenkraft und die unendlichen Weichmacher Ihrer Lieblingslibationen ein, um Ihr inneres Strahlen hervorzurufen.<\/p>\n<p><strong>Die Anwendung ist denkbar einfach:<\/strong> Tragen Sie ein Gesichtsserum, Best Skin Ever, Libations Puder, Honig oder eine AHA-Maske auf Ihre Haut auf, wickeln Sie die Silikonmaske \u00fcber Ihr Gesicht, warten Sie 10-15 Minuten und voil\u00e0 &#8211; strahlende Haut.<br \/>\nDie nicht klebende Maske hat Schlaufen, die um die Ohren herum befestigt werden, um die Maske &#8211; und Ihre bevorzugte Gesichtsbehandlung &#8211; an Ort und Stelle zu halten.<\/p>\n<p>Weichen Sie den Einwegmasken aus und \u00fcbertreffen Sie die synthetischen, filmbehafteten und fadenscheinigen Inhaltsstoffe, mit denen sie injiziert werden. Die meisten Sheet-Masken enthalten drei\u00dfig bis f\u00fcnfzig fragw\u00fcrdige Inhaltsstoffe, und der erste Inhaltsstoff, der Hauptbestandteil, ist Wasser &#8211; ganz normales Wasser, das Sie aus dem Wasserhahn holen k\u00f6nnen, zusammen mit k\u00fcnstlichen Inhaltsstoffen.<br \/>\nGlycerin (zusammen mit anderen Glykolen), das fast immer ein Inhaltsstoff ist, ist ein hochverarbeitetes Feuchthaltemittel, das die Haut vor\u00fcbergehend aufpolstert, aber letztendlich die Hautzellen durch einen Prozess namens Osmolarit\u00e4t zum Schrumpfen bringt. Glycerin hat etwa f\u00fcnfzehn verschiedene Namen, darunter 1,2,3-Propantriol, 1,2,3-Trihydroxypropan, Glycerin, Glycerin, Glycylalkohol, NSC 9230, Polyglycerin und Propan-1,2,3-Triol.<br \/>\nDer als &#8222;Duftstoff&#8220; aufgef\u00fchrte Inhaltsstoff kann f\u00fcr Hunderte von Chemikalien stehen, und so geht es weiter.<br \/>\nWarum sollten Sie Ihr feines Gesicht in einer Maske mit diesen sinnlosen synthetischen Stoffen tr\u00e4nken, wenn die Natur reine, potente botanische Segnungen bereitstellt, um Ihr Gesicht zu schm\u00fccken? <\/p>\n<p>Unsere Blattmasken bestehen aus nicht absorbierendem Silikon, damit Sie das gesamte k\u00f6stliche Gesichtsserum aufnehmen k\u00f6nnen.<br \/>\nEs wirkt als Barriere f\u00fcr die Verdunstung, so dass mehr Produkt von der Haut aufgenommen wird und weniger von dem Pflegeprodukt verschwendet wird. Die Maske schlie\u00dft die Inhaltsstoffe physikalisch ein und erm\u00f6glicht es der K\u00f6rperw\u00e4rme, die Inhaltsstoffe zu erw\u00e4rmen, damit sie optimal aufgenommen werden. Und es gibt nichts wegzuwerfen &#8211; die Silikonmaske ist <strong>unbegrenzt wiederverwendbar<\/strong> und leicht zu waschen.<\/p>\n<p>Unsere Silikonmaske ist <strong>medizinisch unbedenklich<\/strong> und <strong>biokompatibel.<\/strong><br \/>\nSilikon ist ein nahezu inerter, stabiler synthetischer Kautschuk, der aus Silizium (einem nat\u00fcrlichen Element) und Sauerstoff hergestellt wird.<br \/>\nEs ist elastisch, widerstandsf\u00e4hig und resistent gegen Wasser, Salz, Lipide und Korrosion.<br \/>\nEs ist au\u00dferdem von Natur aus nicht mikrobiell und vollst\u00e4ndig recycelbar.<br \/>\nDank seiner Flexibilit\u00e4t l\u00e4sst sich diese Maske leicht auf das Gesicht auftragen, ohne zu rei\u00dfen, so dass sie lange h\u00e4lt und wiederholt verwendet werden kann.<\/p>\n<h3>Instruktion<\/h3>\n<p>Waschen Sie Ihr Gesicht mit Ihrem bevorzugten Best Skin Ever und tragen Sie dann das Libations-Serum oder die Maske Ihrer Wahl (Royal Rose, Papaya + Lime, Frankincense Honey, Rosemary Reset) auf Ihre Haut auf. Legen Sie die Silikonmaske vorsichtig auf Ihr Gesicht, richten Sie die Nasen- und Augenl\u00f6cher aus und legen Sie die Schlaufen um Ihre Ohren. Entfernen Sie die Silikonmaske nach 10-15 Minuten (oder l\u00e4nger, falls gew\u00fcnscht) und reinigen Sie sie vor der Aufbewahrung.<\/p>\n<p><strong>Zum Reinigen:<\/strong> Verwenden Sie nach dem Gebrauch ein Libations-Shampoo, eine Lehmseife oder eine nat\u00fcrliche Seife und warmes Wasser. Lassen Sie die Silikonmaske vor der Lagerung vollst\u00e4ndig trocknen.<\/p>\n<p><strong>Feuchtigkeits- und Strahlungspflege-Gesichtsbehandlung:<\/strong> Ihr Favorit Best Skin Ever, All Season Serum, Sun Dew Cr\u00e8me<\/p>\n<p><strong>Deep Hydration Gesichtsbehandlung<\/strong>, um raue Stellen, feine Linien oder einen glanzlosen Farbton zu beseitigen: Night Nectar Serum oder Balm, Rose Glow Serum oder Cr\u00e8me, Sandalwood Serum Supreme<\/p>\n<p><strong>Peeling-Gesichtsbehandlung<\/strong> zur Aufhellung, Straffung und Milderung feiner Linien: Green Papaya + Lime Mask, Royal Rose Honey Mask<\/p>\n<p><strong>Cool Spot Soother Gesichtsbehandlung<\/strong> zur Beruhigung von R\u00f6tungen, Linderung, Gl\u00e4ttung und Tiefenreinigung von Flecken: Ozonated Bedew Dab, Rosemary Reset Powder<\/p>\n<p><strong>Glattes Gesicht:<\/strong> Dew Dab, BeDew Dab<\/p>\n<p><strong>Kl\u00e4rende Gesichtsbehandlung<\/strong>, um Ihre Haut von Schmutz und Umweltgiften zu befreien und gleichzeitig zu regenerieren und zu beruhigen: Frankincense Honey Mask with Zippity DewDab<\/p>\n<p><strong>Gesichtsbehandlung f\u00fcr reife Haut<\/strong>, um die Haut zu beleben, zu st\u00e4rken, zu straffen und zu gl\u00e4tten: Rose Renewal + Frankincense Firming Fluid, Royal Rose CoQ10 Serum, Soothsayer Serum, Jewel Dab<\/p>\n<p><strong>\u26a0\ufe0f Hygiene-Hinweis<\/strong><br \/>\nDies ist ein Hygieneprodukt. Aus Gesundheits- und Sicherheitsgr\u00fcnden werden R\u00fccksendungen nur angenommen, wenn das urspr\u00fcngliche Hygienesiegel intakt und unge\u00f6ffnet ist. Sobald das Siegel gebrochen ist, gilt der Artikel als gebraucht und kann nicht zur\u00fcckgegeben werden.  <\/p>\n<p><img fetchpriority=\"high\" decoding=\"async\" class=\"size-full wp-image-31577 aligncenter\" src=\"https:\/\/dutchhealthstore.com\/wp-content\/uploads\/2018\/03\/organic_big.png\" alt=\"Organic and Natural - Living Libations\" width=\"623\" height=\"103\" srcset=\"https:\/\/dutchhealthstore.com\/wp-content\/uploads\/2018\/03\/organic_big.png 623w, https:\/\/dutchhealthstore.com\/wp-content\/uploads\/2018\/03\/organic_big-510x84.png 510w, https:\/\/dutchhealthstore.com\/wp-content\/uploads\/2018\/03\/organic_big-600x99.png 600w, https:\/\/dutchhealthstore.com\/wp-content\/uploads\/2018\/03\/organic_big-350x58.png 350w\" sizes=\"(max-width: 623px) 100vw, 623px\" \/><\/p>\n","protected":false},"excerpt":{"rendered":"<p>Mit unserer<strong> feuchtigkeitsspendenden Silikonmaske<\/strong> k\u00f6nnen Sie Ihre Hautpflege aufpeppen.<br \/>\nUnsere Silikonmaske verwandelt k\u00f6stliche Getr\u00e4nke in besonders wirksame Elixiere und Gesichtspflege f\u00fcr jeden Typ, jedes Gewebe und jedes Problem.<\/p>\n","protected":false},"featured_media":229890,"comment_status":"open","ping_status":"closed","template":"","meta":[],"product_brand":[],"product_cat":[16020,14735,6666,5633,11190,5678,1958,5597,1032,5735,8703,1493,1210,1119,5632,511,9087,5631,1135],"product_tag":[21361,9604,4659,21440],"class_list":{"0":"post-129708","1":"product","2":"type-product","3":"status-publish","4":"has-post-thumbnail","6":"product_cat-dutch-health-store-de","7":"product_cat-hautpflege","8":"product_cat-agent-nateur-de","9":"product_cat-sensitive-skin-redness-de-2","10":"product_cat-evolve-beauty-de","11":"product_cat-oily-skin-clogged-pores-de-2","12":"product_cat-gesicht","13":"product_cat-josh-rosebrook-de","14":"product_cat-kategorien","15":"product_cat-leahlani-skincare-de","16":"product_cat-lepaar-de","17":"product_cat-living-libations-deutschland","18":"product_cat-marken","19":"product_cat-masks-scrubs-exfoliators-de-5","20":"product_cat-normal-or-combination-skin-de","21":"product_cat-produkte","22":"product_cat-rms-beauty-du","23":"product_cat-dry-mature-ageing-skin-de","24":"product_cat-zubehoer-hautpflege","25":"product_tag-face-care-de","26":"product_tag-hydrating-de","27":"product_tag-mask-de","28":"product_tag-werkzeuge","29":"pa_brand-dutch-health-store-de","30":"pa_gtin-7439657412417-de","31":"pa_skincare-type-face-oil-and-serums-de","32":"pa_skincare-type-masks-scrubs-exfoliators-de","33":"pa_skincare-type-moisturizers-de","34":"pa_skintype-normal-combination-skin-de","35":"pa_skintype-oily-skin-de","36":"pa_skintype-sensitive-skin-redness-de","37":"pa_skintype-dry-mature-ageing-skin-de","39":"first","40":"instock","41":"taxable","42":"shipping-taxable","43":"purchasable","44":"product-type-simple"},"bundled_by":[],"bundle_stock_status":"instock","bundle_stock_quantity":27,"bundle_virtual":false,"bundle_layout":"","bundle_add_to_cart_form_location":"","bundle_editable_in_cart":false,"bundle_sold_individually_context":"","bundle_item_grouping":"","bundle_min_size":"","bundle_max_size":"","bundle_price":[],"bundled_items":[],"bundle_sell_ids":[107698],"atum_controlled":true,"out_stock_date":null,"out_stock_threshold":null,"inheritable":false,"stock_on_hold":1,"sold_today":0,"sales_last_days":0,"out_stock_days":0,"lost_sales":0,"update_date":"2026-04-13T08:35:42","atum_locations":[],"atum_stock_status":"instock","restock_status":false,"low_stock_amount":"","sales_update_date":"2026-04-13T08:35:42","calc_backorders":null,"group_of_quantity":0,"min_quantity":0,"max_quantity":"","exclude_order_quantity_value_rules":"no","exclude_category_quantity_rules":"no","combine_variations":"no","yoast_head":"<!-- This site is optimized with the Yoast SEO Premium plugin v26.5 (Yoast SEO v26.5) - https:\/\/yoast.com\/wordpress\/plugins\/seo\/ -->\n<title>Hydrating Silicone Sheet Mask - Dutch Health Store<\/title>\n<meta name=\"description\" content=\"Diese weiche, geschmeidige Silikonmaske hilft Ihnen, Ihr Gesicht effizient und ordentlich zu erfrischen, zu n\u00e4hren und zu beleben.\" \/>\n<meta name=\"robots\" content=\"index, follow, max-snippet:-1, max-image-preview:large, max-video-preview:-1\" \/>\n<link rel=\"canonical\" href=\"https:\/\/dutchhealthstore.com\/de\/product\/hydrating-silicone-sheet-mask\/\" \/>\n<meta property=\"og:locale\" content=\"de_DE\" \/>\n<meta property=\"og:type\" content=\"article\" \/>\n<meta property=\"og:title\" content=\"Hydrating Silicone Sheet Mask - Dutch Health Store\" \/>\n<meta property=\"og:description\" content=\"Diese weiche, geschmeidige Silikonmaske hilft Ihnen, Ihr Gesicht effizient und ordentlich zu erfrischen, zu n\u00e4hren und zu beleben.\" \/>\n<meta property=\"og:url\" content=\"https:\/\/dutchhealthstore.com\/de\/product\/hydrating-silicone-sheet-mask\/\" \/>\n<meta property=\"og:site_name\" content=\"Dutch Health Store\" \/>\n<meta property=\"article:publisher\" content=\"https:\/\/www.instagram.com\/dutchhealthstore\/\" \/>\n<meta property=\"article:modified_time\" content=\"2026-02-11T14:33:27+00:00\" \/>\n<meta property=\"og:image\" content=\"https:\/\/dutchhealthstore.com\/wp-content\/uploads\/2023\/01\/silliconen-masker.jpg\" \/>\n\t<meta property=\"og:image:width\" content=\"510\" \/>\n\t<meta property=\"og:image:height\" content=\"510\" \/>\n\t<meta property=\"og:image:type\" content=\"image\/jpeg\" \/>\n<meta name=\"twitter:card\" content=\"summary_large_image\" \/>\n<meta name=\"twitter:label1\" content=\"Preis\" \/>\n\t<meta name=\"twitter:data1\" content=\"&euro;16,00\" \/>\n\t<meta name=\"twitter:label2\" content=\"Verf\u00fcgbarkeit\" \/>\n\t<meta name=\"twitter:data2\" content=\"Auf Lager\" \/>\n<script type=\"application\/ld+json\" class=\"yoast-schema-graph\">{\"@context\":\"https:\/\/schema.org\",\"@graph\":[{\"@type\":\"WebPage\",\"@id\":\"https:\/\/dutchhealthstore.com\/de\/product\/hydrating-silicone-sheet-mask\/\",\"url\":\"https:\/\/dutchhealthstore.com\/de\/product\/hydrating-silicone-sheet-mask\/\",\"name\":\"Hydrating Silicone Sheet Mask - Dutch Health Store\",\"isPartOf\":{\"@id\":\"https:\/\/dutchhealthstore.com\/de\/#website\"},\"primaryImageOfPage\":{\"@id\":\"https:\/\/dutchhealthstore.com\/de\/product\/hydrating-silicone-sheet-mask\/#primaryimage\"},\"image\":{\"@id\":\"https:\/\/dutchhealthstore.com\/de\/product\/hydrating-silicone-sheet-mask\/#primaryimage\"},\"thumbnailUrl\":\"https:\/\/dutchhealthstore.com\/wp-content\/uploads\/2023\/01\/silliconen-masker.jpg\",\"datePublished\":\"2020-09-29T16:31:03+00:00\",\"dateModified\":\"2026-02-11T14:33:27+00:00\",\"description\":\"Diese weiche, geschmeidige Silikonmaske hilft Ihnen, Ihr Gesicht effizient und ordentlich zu erfrischen, zu n\u00e4hren und zu beleben.\",\"breadcrumb\":{\"@id\":\"https:\/\/dutchhealthstore.com\/de\/product\/hydrating-silicone-sheet-mask\/#breadcrumb\"},\"inLanguage\":\"de\",\"potentialAction\":[{\"@type\":\"ReadAction\",\"target\":[\"https:\/\/dutchhealthstore.com\/de\/product\/hydrating-silicone-sheet-mask\/\"]}]},{\"@type\":\"ImageObject\",\"inLanguage\":\"de\",\"@id\":\"https:\/\/dutchhealthstore.com\/de\/product\/hydrating-silicone-sheet-mask\/#primaryimage\",\"url\":\"https:\/\/dutchhealthstore.com\/wp-content\/uploads\/2023\/01\/silliconen-masker.jpg\",\"contentUrl\":\"https:\/\/dutchhealthstore.com\/wp-content\/uploads\/2023\/01\/silliconen-masker.jpg\",\"width\":510,\"height\":510,\"caption\":\"Dutch health store\"},{\"@type\":\"BreadcrumbList\",\"@id\":\"https:\/\/dutchhealthstore.com\/de\/product\/hydrating-silicone-sheet-mask\/#breadcrumb\",\"itemListElement\":[{\"@type\":\"ListItem\",\"position\":1,\"name\":\"Home\",\"item\":\"https:\/\/dutchhealthstore.com\/de\/\"},{\"@type\":\"ListItem\",\"position\":2,\"name\":\"Shop\",\"item\":\"https:\/\/dutchhealthstore.com\/de\/shop-2\/\"},{\"@type\":\"ListItem\",\"position\":3,\"name\":\"Hydrating Silicone Sheet Mask\"}]},{\"@type\":\"WebSite\",\"@id\":\"https:\/\/dutchhealthstore.com\/de\/#website\",\"url\":\"https:\/\/dutchhealthstore.com\/de\/\",\"name\":\"Dutch Health Store\",\"description\":\"Enhance Your Beauty with Organic &amp; Natural Skincare\",\"publisher\":{\"@id\":\"https:\/\/dutchhealthstore.com\/de\/#organization\"},\"potentialAction\":[{\"@type\":\"SearchAction\",\"target\":{\"@type\":\"EntryPoint\",\"urlTemplate\":\"https:\/\/dutchhealthstore.com\/de\/?s={search_term_string}\"},\"query-input\":{\"@type\":\"PropertyValueSpecification\",\"valueRequired\":true,\"valueName\":\"search_term_string\"}}],\"inLanguage\":\"de\"},{\"@type\":\"Organization\",\"@id\":\"https:\/\/dutchhealthstore.com\/de\/#organization\",\"name\":\"Dutch Health Store\",\"url\":\"https:\/\/dutchhealthstore.com\/de\/\",\"logo\":{\"@type\":\"ImageObject\",\"inLanguage\":\"de\",\"@id\":\"https:\/\/dutchhealthstore.com\/de\/#\/schema\/logo\/image\/\",\"url\":\"https:\/\/dutchhealthstore.com\/wp-content\/uploads\/2020\/08\/logo-dutchhealthstore-jpg-e1599484957574.jpg\",\"contentUrl\":\"https:\/\/dutchhealthstore.com\/wp-content\/uploads\/2020\/08\/logo-dutchhealthstore-jpg-e1599484957574.jpg\",\"width\":400,\"height\":62,\"caption\":\"Dutch Health Store\"},\"image\":{\"@id\":\"https:\/\/dutchhealthstore.com\/de\/#\/schema\/logo\/image\/\"},\"sameAs\":[\"https:\/\/www.instagram.com\/dutchhealthstore\/\",\"https:\/\/www.facebook.com\/dutchhealthstore\"]}]}<\/script>\n<meta property=\"product:brand\" content=\"Dutch Health Store\" \/>\n<meta property=\"product:price:amount\" content=\"16.00\" \/>\n<meta property=\"product:price:currency\" content=\"EUR\" \/>\n<meta property=\"og:availability\" content=\"instock\" \/>\n<meta property=\"product:availability\" content=\"instock\" \/>\n<meta property=\"product:condition\" content=\"new\" \/>\n<!-- \/ Yoast SEO Premium plugin. -->","yoast_head_json":{"title":"Hydrating Silicone Sheet Mask - Dutch Health Store","description":"Diese weiche, geschmeidige Silikonmaske hilft Ihnen, Ihr Gesicht effizient und ordentlich zu erfrischen, zu n\u00e4hren und zu beleben.","robots":{"index":"index","follow":"follow","max-snippet":"max-snippet:-1","max-image-preview":"max-image-preview:large","max-video-preview":"max-video-preview:-1"},"canonical":"https:\/\/dutchhealthstore.com\/de\/product\/hydrating-silicone-sheet-mask\/","og_locale":"de_DE","og_type":"article","og_title":"Hydrating Silicone Sheet Mask - Dutch Health Store","og_description":"Diese weiche, geschmeidige Silikonmaske hilft Ihnen, Ihr Gesicht effizient und ordentlich zu erfrischen, zu n\u00e4hren und zu beleben.","og_url":"https:\/\/dutchhealthstore.com\/de\/product\/hydrating-silicone-sheet-mask\/","og_site_name":"Dutch Health Store","article_publisher":"https:\/\/www.instagram.com\/dutchhealthstore\/","article_modified_time":"2026-02-11T14:33:27+00:00","og_image":[{"width":510,"height":510,"url":"https:\/\/dutchhealthstore.com\/wp-content\/uploads\/2023\/01\/silliconen-masker.jpg","type":"image\/jpeg"}],"twitter_card":"summary_large_image","twitter_misc":{"Preis":"&euro;16,00","Verf\u00fcgbarkeit":"Auf Lager"},"schema":{"@context":"https:\/\/schema.org","@graph":[{"@type":"WebPage","@id":"https:\/\/dutchhealthstore.com\/de\/product\/hydrating-silicone-sheet-mask\/","url":"https:\/\/dutchhealthstore.com\/de\/product\/hydrating-silicone-sheet-mask\/","name":"Hydrating Silicone Sheet Mask - Dutch Health Store","isPartOf":{"@id":"https:\/\/dutchhealthstore.com\/de\/#website"},"primaryImageOfPage":{"@id":"https:\/\/dutchhealthstore.com\/de\/product\/hydrating-silicone-sheet-mask\/#primaryimage"},"image":{"@id":"https:\/\/dutchhealthstore.com\/de\/product\/hydrating-silicone-sheet-mask\/#primaryimage"},"thumbnailUrl":"https:\/\/dutchhealthstore.com\/wp-content\/uploads\/2023\/01\/silliconen-masker.jpg","datePublished":"2020-09-29T16:31:03+00:00","dateModified":"2026-02-11T14:33:27+00:00","description":"Diese weiche, geschmeidige Silikonmaske hilft Ihnen, Ihr Gesicht effizient und ordentlich zu erfrischen, zu n\u00e4hren und zu beleben.","breadcrumb":{"@id":"https:\/\/dutchhealthstore.com\/de\/product\/hydrating-silicone-sheet-mask\/#breadcrumb"},"inLanguage":"de","potentialAction":[{"@type":"ReadAction","target":["https:\/\/dutchhealthstore.com\/de\/product\/hydrating-silicone-sheet-mask\/"]}]},{"@type":"ImageObject","inLanguage":"de","@id":"https:\/\/dutchhealthstore.com\/de\/product\/hydrating-silicone-sheet-mask\/#primaryimage","url":"https:\/\/dutchhealthstore.com\/wp-content\/uploads\/2023\/01\/silliconen-masker.jpg","contentUrl":"https:\/\/dutchhealthstore.com\/wp-content\/uploads\/2023\/01\/silliconen-masker.jpg","width":510,"height":510,"caption":"Dutch health store"},{"@type":"BreadcrumbList","@id":"https:\/\/dutchhealthstore.com\/de\/product\/hydrating-silicone-sheet-mask\/#breadcrumb","itemListElement":[{"@type":"ListItem","position":1,"name":"Home","item":"https:\/\/dutchhealthstore.com\/de\/"},{"@type":"ListItem","position":2,"name":"Shop","item":"https:\/\/dutchhealthstore.com\/de\/shop-2\/"},{"@type":"ListItem","position":3,"name":"Hydrating Silicone Sheet Mask"}]},{"@type":"WebSite","@id":"https:\/\/dutchhealthstore.com\/de\/#website","url":"https:\/\/dutchhealthstore.com\/de\/","name":"Dutch Health Store","description":"Enhance Your Beauty with Organic &amp; Natural Skincare","publisher":{"@id":"https:\/\/dutchhealthstore.com\/de\/#organization"},"potentialAction":[{"@type":"SearchAction","target":{"@type":"EntryPoint","urlTemplate":"https:\/\/dutchhealthstore.com\/de\/?s={search_term_string}"},"query-input":{"@type":"PropertyValueSpecification","valueRequired":true,"valueName":"search_term_string"}}],"inLanguage":"de"},{"@type":"Organization","@id":"https:\/\/dutchhealthstore.com\/de\/#organization","name":"Dutch Health Store","url":"https:\/\/dutchhealthstore.com\/de\/","logo":{"@type":"ImageObject","inLanguage":"de","@id":"https:\/\/dutchhealthstore.com\/de\/#\/schema\/logo\/image\/","url":"https:\/\/dutchhealthstore.com\/wp-content\/uploads\/2020\/08\/logo-dutchhealthstore-jpg-e1599484957574.jpg","contentUrl":"https:\/\/dutchhealthstore.com\/wp-content\/uploads\/2020\/08\/logo-dutchhealthstore-jpg-e1599484957574.jpg","width":400,"height":62,"caption":"Dutch Health Store"},"image":{"@id":"https:\/\/dutchhealthstore.com\/de\/#\/schema\/logo\/image\/"},"sameAs":["https:\/\/www.instagram.com\/dutchhealthstore\/","https:\/\/www.facebook.com\/dutchhealthstore"]}]},"product_brand":"Dutch Health Store","product_price_amount":"16.00","product_price_currency":"EUR","og_availability":"instock","product_availability":"instock","product_condition":"new"},"_links":{"self":[{"href":"https:\/\/dutchhealthstore.com\/de\/wp-json\/wp\/v2\/product\/129708","targetHints":{"allow":["GET"]}}],"collection":[{"href":"https:\/\/dutchhealthstore.com\/de\/wp-json\/wp\/v2\/product"}],"about":[{"href":"https:\/\/dutchhealthstore.com\/de\/wp-json\/wp\/v2\/types\/product"}],"replies":[{"embeddable":true,"href":"https:\/\/dutchhealthstore.com\/de\/wp-json\/wp\/v2\/comments?post=129708"}],"wp:featuredmedia":[{"embeddable":true,"href":"https:\/\/dutchhealthstore.com\/de\/wp-json\/wp\/v2\/media\/229890"}],"wp:attachment":[{"href":"https:\/\/dutchhealthstore.com\/de\/wp-json\/wp\/v2\/media?parent=129708"}],"wp:term":[{"taxonomy":"product_brand","embeddable":true,"href":"https:\/\/dutchhealthstore.com\/de\/wp-json\/wp\/v2\/product_brand?post=129708"},{"taxonomy":"product_cat","embeddable":true,"href":"https:\/\/dutchhealthstore.com\/de\/wp-json\/wp\/v2\/product_cat?post=129708"},{"taxonomy":"product_tag","embeddable":true,"href":"https:\/\/dutchhealthstore.com\/de\/wp-json\/wp\/v2\/product_tag?post=129708"}],"curies":[{"name":"wp","href":"https:\/\/api.w.org\/{rel}","templated":true}]}}