{"id":129316,"date":"2020-09-29T12:29:11","date_gmt":"2020-09-29T12:29:11","guid":{"rendered":"https:\/\/dutchhealthstore.com\/product\/wintergreen-clean-floss\/"},"modified":"2025-10-28T10:20:55","modified_gmt":"2025-10-28T09:20:55","slug":"wintergreen-clean-floss","status":"publish","type":"product","link":"https:\/\/dutchhealthstore.com\/de\/product\/wintergreen-clean-floss\/","title":{"rendered":"Wintergreen Clean Floss"},"content":{"rendered":"<p><strong><img decoding=\"async\" class=\"size-full wp-image-69549 alignright\" src=\"https:\/\/dutchhealthstore.com\/wp-content\/uploads\/2019\/08\/NEW-Living-Libations-Logo.jpg\" alt=\"NEW - Living Libations - Logo\" width=\"175\" height=\"82\">Wintergreen Clean Floss<\/strong> ist eine gleitende Nylonseide, die mit reinem Pflanzenwachs aus den St\u00e4ngeln der Candelillapflanze und Bambuskohle glasiert ist, die Plaque und Bakterien von den Z\u00e4hnen und dem Zahnfleisch entfernt und so f\u00fcr die ultimative Reinigung sorgt.<\/p>\n<p>Die \u00e4therischen \u00d6le von Wintergr\u00fcn und Spearmint hemmen die Bakterien, die Mundgeruch verursachen, und sorgen f\u00fcr ein k\u00fchles, frisches Aroma, das den Atem angenehm duftet.<\/p>\n<p>Diese Zahnseide ist ein zahnmedizinischer Traum mit Yogi Tooth Serum, Wintergreen Clean Aktivkohlepaste, Tooth Truth Powder Polish und Mint Condition Mineral Tooth Powder.<\/p>\n<h3>Wie benutzt man:<\/h3>\n<p>Wintergreen Clean Floss kann jeden Tag verwendet werden. Tragen Sie nach dem Z\u00e4hneputzen einen Tropfen Ihres bevorzugten Mundserums auf etwa 45 cm Zahnseide auf, wickeln Sie die Zahnseide um die Finger und ziehen Sie sie fest. F\u00fchren Sie die Zahnseide zwischen den Z\u00e4hnen hindurch, biegen Sie sie um einen Zahn und reinigen Sie zwischen Zahn und Zahnfleisch mit sanften Auf- und Abw\u00e4rtsbewegungen. Wiederholen Sie den Vorgang zwischen den einzelnen Z\u00e4hnen mit einem sauberen St\u00fcck Zahnseide.<\/p>\n<h3 class=\"yikes-custom-woo-tab-title yikes-custom-woo-tab-title-natural-organic-ingredients\">Nat\u00fcrliche\/Organische Inhaltsstoffe<\/h3>\n<p><strong>Mao Zhu Bamboo<\/strong> <strong>Charcoal <\/strong><em>(Phyllostachys edulis)<\/em> &#8211; Mau Zhu ist ein schnell wachsender, nachhaltiger Bambus, der in f\u00fcnf Jahren bis zu sechzig Fu\u00df hoch wird. Wenn das Bambus-&#8222;Holz&#8220; bei der Reifung aush\u00e4rtet, bilden sich Millionen von winzigen L\u00f6chern im Gewebe, und es sind diese winzigen L\u00f6cher, die den Bambus so gut f\u00fcr Holzkohle machen. Sie ist fast 25% por\u00f6ser als herk\u00f6mmliche Holzkohle.<\/p>\n<p><strong>Candelillawachs <\/strong><em>(Euphorbia antisyphilitica<\/em>) Dieses rein pflanzliche Wachs wird aus den St\u00e4ngeln des W\u00fcsten-Candelillastrauchs gewonnen. Die Pflanzenteile werden in Wasser gekocht, das Wachs wird abgesch\u00f6pft und in Flaschen abgef\u00fcllt, bevor es auf die Nylonf\u00e4den aufgetragen wird.<\/p>\n<p><strong>Wintergreen Essential Oil <\/strong><em>(Gaultheria fragrantissima)<\/em> Die wunderbare Wintergreen-Essenz weckt die Sinne mit einem Hauch von k\u00fchlender Minze und schneebedeckter Frische. Dieses pflanzliche Biotikum sorgt f\u00fcr einen ausgeglichenen Bakterienhaushalt und einen frischen Atem. Dampfdestilliert aus den leuchtend roten Beeren und Bl\u00e4ttern des wilden Wintergr\u00fcns, das selbst bei den k\u00e4ltesten Temperaturen gedeiht, verleiht dieses \u00d6l eine Essenz von Langlebigkeit und St\u00e4rke.<\/p>\n<p><strong>\u00c4therisches Pfefferminz\u00f6l <\/strong><em>(Mentha spicata<\/em>) &#8211; Sprightly Spearmint ist der sanftere, unaufdringlichere Cousin der Pfefferminze. Frische, duftende Minze bes\u00e4nftigt die Sinne mit einem Hauch von minziger Pracht! Die alten Griechen benutzten die Minze, um ihr Badewasser zu parf\u00fcmieren, w\u00e4hrend die Menschen im Mittelalter das Kraut verwendeten, um ihren Atem zu erfrischen und die Z\u00e4hne zu reinigen. Wie ihre Cousine, die Pfefferminze, hemmt auch die Krauseminze die Bakterien, die schlechten Atem verursachen.<\/p>\n<p><img fetchpriority=\"high\" decoding=\"async\" class=\"size-full wp-image-31577 aligncenter\" src=\"https:\/\/dutchhealthstore.com\/wp-content\/uploads\/2018\/03\/organic_big.png\" alt=\"Organic and Natural - Living Libations\" width=\"623\" height=\"103\" srcset=\"https:\/\/dutchhealthstore.com\/wp-content\/uploads\/2018\/03\/organic_big.png 623w, https:\/\/dutchhealthstore.com\/wp-content\/uploads\/2018\/03\/organic_big-510x84.png 510w, https:\/\/dutchhealthstore.com\/wp-content\/uploads\/2018\/03\/organic_big-600x99.png 600w, https:\/\/dutchhealthstore.com\/wp-content\/uploads\/2018\/03\/organic_big-350x58.png 350w\" sizes=\"(max-width: 623px) 100vw, 623px\" \/><\/p>\n","protected":false},"excerpt":{"rendered":"<p>Die dehnbare, glatte und fusselfreie <strong>Wintergreen Clean Floss<\/strong> ist mit entgiftender Holzkohle und eisig-s\u00fc\u00dfen \u00e4therischen \u00d6len angereichert und sorgt f\u00fcr einen ultra-frischen Atem und einen blitzsauberen Mund. Unsere Zahnseide eignet sich f\u00fcr Z\u00e4hne und Zahnfleisch jedes Typs &#8211; sie gleitet perfekt durch und um Brackets, Zahnspangen und alle engen Stellen dazwischen.<\/p>\n<p>Wintergreen Clean Floss ist ein veganer Traum, beschichtet mit biologischem Pflanzenwachs und aufgerollt in einem zylindrischen Spender aus Glas und Edelstahl, der vollst\u00e4ndig recycelbar und &#8211; noch besser &#8211; wiederverwendbar ist.<\/p>\n","protected":false},"featured_media":126727,"comment_status":"open","ping_status":"closed","template":"","meta":[],"product_brand":[],"product_cat":[1032,1493,1210,3759,511,1992,1038],"product_tag":[4368,21810,21809,21440],"class_list":{"0":"post-129316","1":"product","2":"type-product","3":"status-publish","4":"has-post-thumbnail","6":"product_cat-kategorien","7":"product_cat-living-libations-deutschland","8":"product_cat-marken","9":"product_cat-mund-zahnpflegeprodukte","10":"product_cat-produkte","11":"product_cat-dental-care-de","12":"product_cat-zahnpflege","13":"product_tag-dental-care-de","14":"product_tag-erfrischend","15":"product_tag-natural-de","16":"product_tag-werkzeuge","17":"pa_brand-livinglibations-de","18":"pa_dental-care-product-type-scrapers-floss-de","19":"pa_gtin-7439657412400-de","20":"pa_size-1-floss-de","21":"pa_size-2-refill-rolls-de","23":"first","24":"instock","25":"taxable","26":"shipping-taxable","27":"purchasable","28":"product-type-variable"},"bundled_by":[],"bundle_stock_status":"instock","bundle_stock_quantity":null,"bundle_virtual":false,"bundle_layout":"","bundle_add_to_cart_form_location":"","bundle_editable_in_cart":false,"bundle_sold_individually_context":"","bundle_item_grouping":"","bundle_min_size":"","bundle_max_size":"","bundle_price":[],"bundled_items":[],"bundle_sell_ids":[179392],"atum_controlled":true,"out_stock_date":null,"out_stock_threshold":null,"inheritable":true,"stock_on_hold":1,"sold_today":0,"sales_last_days":0,"out_stock_days":0,"lost_sales":0,"update_date":"2026-04-13T00:03:28","atum_locations":[],"atum_stock_status":"instock","restock_status":false,"low_stock_amount":"","sales_update_date":"2026-04-13T00:03:28","calc_backorders":null,"group_of_quantity":0,"min_quantity":0,"max_quantity":"","exclude_order_quantity_value_rules":"no","exclude_category_quantity_rules":"no","combine_variations":"no","yoast_head":"<!-- This site is optimized with the Yoast SEO Premium plugin v26.5 (Yoast SEO v26.5) - https:\/\/yoast.com\/wordpress\/plugins\/seo\/ -->\n<title>Wintergreen Clean Floss - Living Libations<\/title>\n<meta name=\"description\" content=\"Unsere Zahnseide eignet sich f\u00fcr Z\u00e4hne und Zahnfleisch jedes Typs - sie gleitet perfekt durch und um Brackets, Zahnspangen und alle engen Stellen dazwischen.\" \/>\n<meta name=\"robots\" content=\"index, follow, max-snippet:-1, max-image-preview:large, max-video-preview:-1\" \/>\n<link rel=\"canonical\" href=\"https:\/\/dutchhealthstore.com\/de\/product\/wintergreen-clean-floss\/\" \/>\n<meta property=\"og:locale\" content=\"de_DE\" \/>\n<meta property=\"og:type\" content=\"article\" \/>\n<meta property=\"og:title\" content=\"Wintergreen Clean Floss - Dutch Health Store\" \/>\n<meta property=\"og:description\" content=\"Unsere Zahnseide eignet sich f\u00fcr Z\u00e4hne und Zahnfleisch jedes Typs - sie gleitet perfekt durch und um Brackets, Zahnspangen und alle engen Stellen dazwischen.\" \/>\n<meta property=\"og:url\" content=\"https:\/\/dutchhealthstore.com\/de\/product\/wintergreen-clean-floss\/\" \/>\n<meta property=\"og:site_name\" content=\"Dutch Health Store\" \/>\n<meta property=\"article:publisher\" content=\"https:\/\/www.instagram.com\/dutchhealthstore\/\" \/>\n<meta property=\"article:modified_time\" content=\"2025-10-28T09:20:55+00:00\" \/>\n<meta property=\"og:image\" content=\"https:\/\/dutchhealthstore.com\/wp-content\/uploads\/2020\/09\/Living-Libations-1-Wintergreen-Clean-Floss-1.jpg\" \/>\n\t<meta property=\"og:image:width\" content=\"1000\" \/>\n\t<meta property=\"og:image:height\" content=\"1000\" \/>\n\t<meta property=\"og:image:type\" content=\"image\/jpeg\" \/>\n<meta name=\"twitter:card\" content=\"summary_large_image\" \/>\n<meta name=\"twitter:label1\" content=\"Verf\u00fcgbarkeit\" \/>\n\t<meta name=\"twitter:data1\" content=\"Auf Lager\" \/>\n<script type=\"application\/ld+json\" class=\"yoast-schema-graph\">{\"@context\":\"https:\/\/schema.org\",\"@graph\":[{\"@type\":\"WebPage\",\"@id\":\"https:\/\/dutchhealthstore.com\/de\/product\/wintergreen-clean-floss\/\",\"url\":\"https:\/\/dutchhealthstore.com\/de\/product\/wintergreen-clean-floss\/\",\"name\":\"Wintergreen Clean Floss - Living Libations\",\"isPartOf\":{\"@id\":\"https:\/\/dutchhealthstore.com\/de\/#website\"},\"primaryImageOfPage\":{\"@id\":\"https:\/\/dutchhealthstore.com\/de\/product\/wintergreen-clean-floss\/#primaryimage\"},\"image\":{\"@id\":\"https:\/\/dutchhealthstore.com\/de\/product\/wintergreen-clean-floss\/#primaryimage\"},\"thumbnailUrl\":\"https:\/\/dutchhealthstore.com\/wp-content\/uploads\/2020\/09\/Living-Libations-1-Wintergreen-Clean-Floss-1.jpg\",\"datePublished\":\"2020-09-29T12:29:11+00:00\",\"dateModified\":\"2025-10-28T09:20:55+00:00\",\"description\":\"Unsere Zahnseide eignet sich f\u00fcr Z\u00e4hne und Zahnfleisch jedes Typs - sie gleitet perfekt durch und um Brackets, Zahnspangen und alle engen Stellen dazwischen.\",\"breadcrumb\":{\"@id\":\"https:\/\/dutchhealthstore.com\/de\/product\/wintergreen-clean-floss\/#breadcrumb\"},\"inLanguage\":\"de\",\"potentialAction\":[{\"@type\":\"ReadAction\",\"target\":[\"https:\/\/dutchhealthstore.com\/de\/product\/wintergreen-clean-floss\/\"]}]},{\"@type\":\"ImageObject\",\"inLanguage\":\"de\",\"@id\":\"https:\/\/dutchhealthstore.com\/de\/product\/wintergreen-clean-floss\/#primaryimage\",\"url\":\"https:\/\/dutchhealthstore.com\/wp-content\/uploads\/2020\/09\/Living-Libations-1-Wintergreen-Clean-Floss-1.jpg\",\"contentUrl\":\"https:\/\/dutchhealthstore.com\/wp-content\/uploads\/2020\/09\/Living-Libations-1-Wintergreen-Clean-Floss-1.jpg\",\"width\":1000,\"height\":1000,\"caption\":\"Living Libations 1 Wintergreen Clean Floss\"},{\"@type\":\"BreadcrumbList\",\"@id\":\"https:\/\/dutchhealthstore.com\/de\/product\/wintergreen-clean-floss\/#breadcrumb\",\"itemListElement\":[{\"@type\":\"ListItem\",\"position\":1,\"name\":\"Home\",\"item\":\"https:\/\/dutchhealthstore.com\/de\/\"},{\"@type\":\"ListItem\",\"position\":2,\"name\":\"Shop\",\"item\":\"https:\/\/dutchhealthstore.com\/de\/shop-2\/\"},{\"@type\":\"ListItem\",\"position\":3,\"name\":\"Wintergreen Clean Floss\"}]},{\"@type\":\"WebSite\",\"@id\":\"https:\/\/dutchhealthstore.com\/de\/#website\",\"url\":\"https:\/\/dutchhealthstore.com\/de\/\",\"name\":\"Dutch Health Store\",\"description\":\"Enhance Your Beauty with Organic &amp; Natural Skincare\",\"publisher\":{\"@id\":\"https:\/\/dutchhealthstore.com\/de\/#organization\"},\"potentialAction\":[{\"@type\":\"SearchAction\",\"target\":{\"@type\":\"EntryPoint\",\"urlTemplate\":\"https:\/\/dutchhealthstore.com\/de\/?s={search_term_string}\"},\"query-input\":{\"@type\":\"PropertyValueSpecification\",\"valueRequired\":true,\"valueName\":\"search_term_string\"}}],\"inLanguage\":\"de\"},{\"@type\":\"Organization\",\"@id\":\"https:\/\/dutchhealthstore.com\/de\/#organization\",\"name\":\"Dutch Health Store\",\"url\":\"https:\/\/dutchhealthstore.com\/de\/\",\"logo\":{\"@type\":\"ImageObject\",\"inLanguage\":\"de\",\"@id\":\"https:\/\/dutchhealthstore.com\/de\/#\/schema\/logo\/image\/\",\"url\":\"https:\/\/dutchhealthstore.com\/wp-content\/uploads\/2020\/08\/logo-dutchhealthstore-jpg-e1599484957574.jpg\",\"contentUrl\":\"https:\/\/dutchhealthstore.com\/wp-content\/uploads\/2020\/08\/logo-dutchhealthstore-jpg-e1599484957574.jpg\",\"width\":400,\"height\":62,\"caption\":\"Dutch Health Store\"},\"image\":{\"@id\":\"https:\/\/dutchhealthstore.com\/de\/#\/schema\/logo\/image\/\"},\"sameAs\":[\"https:\/\/www.instagram.com\/dutchhealthstore\/\",\"https:\/\/www.facebook.com\/dutchhealthstore\"]}]}<\/script>\n<meta property=\"product:brand\" content=\"Living Libations\" \/>\n<meta property=\"og:availability\" content=\"instock\" \/>\n<meta property=\"product:availability\" content=\"instock\" \/>\n<meta property=\"product:condition\" content=\"new\" \/>\n<!-- \/ Yoast SEO Premium plugin. -->","yoast_head_json":{"title":"Wintergreen Clean Floss - Living Libations","description":"Unsere Zahnseide eignet sich f\u00fcr Z\u00e4hne und Zahnfleisch jedes Typs - sie gleitet perfekt durch und um Brackets, Zahnspangen und alle engen Stellen dazwischen.","robots":{"index":"index","follow":"follow","max-snippet":"max-snippet:-1","max-image-preview":"max-image-preview:large","max-video-preview":"max-video-preview:-1"},"canonical":"https:\/\/dutchhealthstore.com\/de\/product\/wintergreen-clean-floss\/","og_locale":"de_DE","og_type":"article","og_title":"Wintergreen Clean Floss - Dutch Health Store","og_description":"Unsere Zahnseide eignet sich f\u00fcr Z\u00e4hne und Zahnfleisch jedes Typs - sie gleitet perfekt durch und um Brackets, Zahnspangen und alle engen Stellen dazwischen.","og_url":"https:\/\/dutchhealthstore.com\/de\/product\/wintergreen-clean-floss\/","og_site_name":"Dutch Health Store","article_publisher":"https:\/\/www.instagram.com\/dutchhealthstore\/","article_modified_time":"2025-10-28T09:20:55+00:00","og_image":[{"width":1000,"height":1000,"url":"https:\/\/dutchhealthstore.com\/wp-content\/uploads\/2020\/09\/Living-Libations-1-Wintergreen-Clean-Floss-1.jpg","type":"image\/jpeg"}],"twitter_card":"summary_large_image","twitter_misc":{"Verf\u00fcgbarkeit":"Auf Lager"},"schema":{"@context":"https:\/\/schema.org","@graph":[{"@type":"WebPage","@id":"https:\/\/dutchhealthstore.com\/de\/product\/wintergreen-clean-floss\/","url":"https:\/\/dutchhealthstore.com\/de\/product\/wintergreen-clean-floss\/","name":"Wintergreen Clean Floss - Living Libations","isPartOf":{"@id":"https:\/\/dutchhealthstore.com\/de\/#website"},"primaryImageOfPage":{"@id":"https:\/\/dutchhealthstore.com\/de\/product\/wintergreen-clean-floss\/#primaryimage"},"image":{"@id":"https:\/\/dutchhealthstore.com\/de\/product\/wintergreen-clean-floss\/#primaryimage"},"thumbnailUrl":"https:\/\/dutchhealthstore.com\/wp-content\/uploads\/2020\/09\/Living-Libations-1-Wintergreen-Clean-Floss-1.jpg","datePublished":"2020-09-29T12:29:11+00:00","dateModified":"2025-10-28T09:20:55+00:00","description":"Unsere Zahnseide eignet sich f\u00fcr Z\u00e4hne und Zahnfleisch jedes Typs - sie gleitet perfekt durch und um Brackets, Zahnspangen und alle engen Stellen dazwischen.","breadcrumb":{"@id":"https:\/\/dutchhealthstore.com\/de\/product\/wintergreen-clean-floss\/#breadcrumb"},"inLanguage":"de","potentialAction":[{"@type":"ReadAction","target":["https:\/\/dutchhealthstore.com\/de\/product\/wintergreen-clean-floss\/"]}]},{"@type":"ImageObject","inLanguage":"de","@id":"https:\/\/dutchhealthstore.com\/de\/product\/wintergreen-clean-floss\/#primaryimage","url":"https:\/\/dutchhealthstore.com\/wp-content\/uploads\/2020\/09\/Living-Libations-1-Wintergreen-Clean-Floss-1.jpg","contentUrl":"https:\/\/dutchhealthstore.com\/wp-content\/uploads\/2020\/09\/Living-Libations-1-Wintergreen-Clean-Floss-1.jpg","width":1000,"height":1000,"caption":"Living Libations 1 Wintergreen Clean Floss"},{"@type":"BreadcrumbList","@id":"https:\/\/dutchhealthstore.com\/de\/product\/wintergreen-clean-floss\/#breadcrumb","itemListElement":[{"@type":"ListItem","position":1,"name":"Home","item":"https:\/\/dutchhealthstore.com\/de\/"},{"@type":"ListItem","position":2,"name":"Shop","item":"https:\/\/dutchhealthstore.com\/de\/shop-2\/"},{"@type":"ListItem","position":3,"name":"Wintergreen Clean Floss"}]},{"@type":"WebSite","@id":"https:\/\/dutchhealthstore.com\/de\/#website","url":"https:\/\/dutchhealthstore.com\/de\/","name":"Dutch Health Store","description":"Enhance Your Beauty with Organic &amp; Natural Skincare","publisher":{"@id":"https:\/\/dutchhealthstore.com\/de\/#organization"},"potentialAction":[{"@type":"SearchAction","target":{"@type":"EntryPoint","urlTemplate":"https:\/\/dutchhealthstore.com\/de\/?s={search_term_string}"},"query-input":{"@type":"PropertyValueSpecification","valueRequired":true,"valueName":"search_term_string"}}],"inLanguage":"de"},{"@type":"Organization","@id":"https:\/\/dutchhealthstore.com\/de\/#organization","name":"Dutch Health Store","url":"https:\/\/dutchhealthstore.com\/de\/","logo":{"@type":"ImageObject","inLanguage":"de","@id":"https:\/\/dutchhealthstore.com\/de\/#\/schema\/logo\/image\/","url":"https:\/\/dutchhealthstore.com\/wp-content\/uploads\/2020\/08\/logo-dutchhealthstore-jpg-e1599484957574.jpg","contentUrl":"https:\/\/dutchhealthstore.com\/wp-content\/uploads\/2020\/08\/logo-dutchhealthstore-jpg-e1599484957574.jpg","width":400,"height":62,"caption":"Dutch Health Store"},"image":{"@id":"https:\/\/dutchhealthstore.com\/de\/#\/schema\/logo\/image\/"},"sameAs":["https:\/\/www.instagram.com\/dutchhealthstore\/","https:\/\/www.facebook.com\/dutchhealthstore"]}]},"product_brand":"Living Libations","og_availability":"instock","product_availability":"instock","product_condition":"new"},"_links":{"self":[{"href":"https:\/\/dutchhealthstore.com\/de\/wp-json\/wp\/v2\/product\/129316","targetHints":{"allow":["GET"]}}],"collection":[{"href":"https:\/\/dutchhealthstore.com\/de\/wp-json\/wp\/v2\/product"}],"about":[{"href":"https:\/\/dutchhealthstore.com\/de\/wp-json\/wp\/v2\/types\/product"}],"replies":[{"embeddable":true,"href":"https:\/\/dutchhealthstore.com\/de\/wp-json\/wp\/v2\/comments?post=129316"}],"wp:featuredmedia":[{"embeddable":true,"href":"https:\/\/dutchhealthstore.com\/de\/wp-json\/wp\/v2\/media\/126727"}],"wp:attachment":[{"href":"https:\/\/dutchhealthstore.com\/de\/wp-json\/wp\/v2\/media?parent=129316"}],"wp:term":[{"taxonomy":"product_brand","embeddable":true,"href":"https:\/\/dutchhealthstore.com\/de\/wp-json\/wp\/v2\/product_brand?post=129316"},{"taxonomy":"product_cat","embeddable":true,"href":"https:\/\/dutchhealthstore.com\/de\/wp-json\/wp\/v2\/product_cat?post=129316"},{"taxonomy":"product_tag","embeddable":true,"href":"https:\/\/dutchhealthstore.com\/de\/wp-json\/wp\/v2\/product_tag?post=129316"}],"curies":[{"name":"wp","href":"https:\/\/api.w.org\/{rel}","templated":true}]}}