{"id":129297,"date":"2020-10-02T09:53:29","date_gmt":"2020-10-02T09:53:29","guid":{"rendered":"https:\/\/dutchhealthstore.com\/product\/living-glow-facebody-powder-brush\/"},"modified":"2025-07-24T15:03:20","modified_gmt":"2025-07-24T13:03:20","slug":"living-glow-facebody-powder-brush","status":"publish","type":"product","link":"https:\/\/dutchhealthstore.com\/de\/product\/living-glow-facebody-powder-brush\/","title":{"rendered":"Living Glow Face&amp;Body Powder Brush"},"content":{"rendered":"<h3><img decoding=\"async\" class=\"alignright size-full wp-image-122984\" src=\"https:\/\/dutchhealthstore.com\/wp-content\/uploads\/2020\/09\/rms_beauty_logo-e1599246706288.png\" alt=\"rms_beauty_logo\" width=\"200\" height=\"37\">Was sie besonders macht<\/h3>\n<p>Erzielen Sie eine makellose, vollst\u00e4ndige Abdeckung und einen goldenen Schimmer auf dem ganzen Gesicht. Das einziehbare Design erm\u00f6glicht einfaches Reisen und Aufbewahren. Die Kuppelform und die dichten Borsten erm\u00f6glichen es, losen Puder leicht aufzunehmen und gleichm\u00e4\u00dfig auf Gesicht und K\u00f6rper zu verteilen.<\/p>\n<p>Hochwertige synthetische, kuppelf\u00f6rmige Borsten.<\/p>\n<h3>Wie zu verwenden<\/h3>\n<p>Am besten zusammen mit unserem Living Glow Face&amp;Body Powder verwenden, um den losen Puder leicht \u00fcber Gesicht und K\u00f6rper zu st\u00e4uben, wo ein strahlender Glanz gew\u00fcnscht ist.<\/p>\n<p><strong>Rose-Marie&#8217;s Top-Tipp:<\/strong><br \/>\nDieser Pinsel besteht aus den weichsten Borsten, die sich nicht nur luxuri\u00f6s auf der Haut anf\u00fchlen, sondern zusammen mit der flexiblen Kuppelform sicherstellen, dass Sie die richtige Menge Puder aufnehmen, um jedes Mal ein nat\u00fcrliches, gleichm\u00e4\u00dfiges Highlight auf Gesicht und K\u00f6rper zu zaubern.<br \/>\nAu\u00dferdem l\u00e4sst er sich dank seiner einziehbaren Funktion leicht aufbewahren und sauber halten &#8211; werfen Sie ihn in Ihre Tasche, um auch unterwegs f\u00fcr ein bisschen sinnlichen Glanz zu sorgen.<\/p>\n<p><strong>\u26a0\ufe0f Hygiene-Hinweis<\/strong><br \/>\nDies ist ein Hygieneprodukt. Aus Gesundheits- und Sicherheitsgr\u00fcnden werden R\u00fccksendungen nur angenommen, wenn das urspr\u00fcngliche Hygienesiegel intakt und unge\u00f6ffnet ist. Sobald das Siegel gebrochen ist, gilt der Artikel als gebraucht und kann nicht zur\u00fcckgegeben werden.  <\/p>\n\n\t\t<div class=\"tabbed-content\">\n\t\t\t<h4 class=\"uppercase text-left\">Rose-Marie's Geschichte<\/h4>\n\t\t\t<ul class=\"nav nav-tabs nav-vertical nav-uppercase nav-size-normal nav-left\" role=\"tablist\"><li id=\"tab-rose-marie's-story\" class=\"tab active has-icon\" role=\"presentation\"><a href=\"#tab_rose-marie's-story\" role=\"tab\" aria-selected=\"true\" aria-controls=\"tab_rose-marie's-story\"><span>Rose-Marie's Story<\/span><\/a><\/li>\n<li id=\"tab-unsere-zutaten\" class=\"tab has-icon\" role=\"presentation\"><a href=\"#tab_unsere-zutaten\" tabindex=\"-1\" role=\"tab\" aria-selected=\"false\" aria-controls=\"tab_unsere-zutaten\"><span>Unsere Zutaten<\/span><\/a><\/li>\n<li id=\"tab-unsere-philosophie\" class=\"tab has-icon\" role=\"presentation\"><a href=\"#tab_unsere-philosophie\" tabindex=\"-1\" role=\"tab\" aria-selected=\"false\" aria-controls=\"tab_unsere-philosophie\"><span>Unsere Philosophie<\/span><\/a><\/li><\/ul><div class=\"tab-panels\"><div id=\"tab_rose-marie's-story\" class=\"panel active entry-content\" role=\"tabpanel\" aria-labelledby=\"tab-rose-marie's-story\">\n\n<div class=\"row align-middle\"  id=\"row-1003970182\">\n\n\n\t<div id=\"col-315084940\" class=\"col medium-4 small-12 large-4\"  >\n\t\t\t\t<div class=\"col-inner\"  >\n\t\t\t\n\t\t\t\n\n\t<div class=\"img has-hover x md-x lg-x y md-y lg-y\" id=\"image_213377669\">\n\t\t\t\t\t\t\t\t<div class=\"img-inner image-cover dark\" style=\"padding-top:73%;\">\n\t\t\t<img fetchpriority=\"high\" decoding=\"async\" width=\"515\" height=\"515\" src=\"https:\/\/dutchhealthstore.com\/wp-content\/uploads\/2020\/09\/rose-marie-makeup-artist_900x.jpg\" class=\"attachment-large size-large\" alt=\"RMS Beauty products\" srcset=\"https:\/\/dutchhealthstore.com\/wp-content\/uploads\/2020\/09\/rose-marie-makeup-artist_900x.jpg 515w, https:\/\/dutchhealthstore.com\/wp-content\/uploads\/2020\/09\/rose-marie-makeup-artist_900x-100x100.jpg 100w, https:\/\/dutchhealthstore.com\/wp-content\/uploads\/2020\/09\/rose-marie-makeup-artist_900x-510x510.jpg 510w, https:\/\/dutchhealthstore.com\/wp-content\/uploads\/2020\/09\/rose-marie-makeup-artist_900x-400x400.jpg 400w, https:\/\/dutchhealthstore.com\/wp-content\/uploads\/2020\/09\/rose-marie-makeup-artist_900x-280x280.jpg 280w, https:\/\/dutchhealthstore.com\/wp-content\/uploads\/2020\/09\/rose-marie-makeup-artist_900x-150x150.jpg 150w, https:\/\/dutchhealthstore.com\/wp-content\/uploads\/2020\/09\/rose-marie-makeup-artist_900x-32x32.jpg 32w\" sizes=\"(max-width: 515px) 100vw, 515px\" \/>\t\t\t\t\t\t\n\t\t\t\t\t<\/div>\n\t\t\t\t\t\t\t\t\n<style>\n#image_213377669 {\n  width: 100%;\n}\n<\/style>\n\t<\/div>\n\t\n\n\n\t\t<\/div>\n\t\t\t\t\t<\/div>\n\n\t\n\n\t<div id=\"col-951258332\" class=\"col medium-8 small-12 large-8\"  >\n\t\t\t\t<div class=\"col-inner\"  >\n\t\t\t\n\t\t\t\n\n<h3><span style=\"color: #333333;\">Rose-Marie's Geschichte<\/span><\/h3>\n<p>Rose-Marie hatte vor ein paar Jahren ernsthafte gesundheitliche Probleme. W\u00e4hrend ihrer Genesung und ausf\u00fchrlichen Untersuchungen stellte sie fest, dass einige der gef\u00e4hrlichen Chemikalien und Schwermetalle in ihrem K\u00f6rper auch in den modernen Kosmetikprodukten enthalten sind, die wir t\u00e4glich verwenden. Rose-Marie gr\u00fcndete die erste rein biologische Farbkosmetikmarke, RMS Beauty, nachdem sie ihre eigene Gesundheit wiedererlangt hatte und erkannte, dass sie andere Frauen dabei unterst\u00fctzen wollte, ihr Recht auf gesunde, reine Sch\u00f6nheit einzufordern. Die weltweiten Verk\u00e4ufe nehmen jetzt zu.<br><a href=\"\/?p=133524\">.<\/a><\/p>\n<p><a href=\"\/?p=133524\"> <strong><span style=\"color: #00aae7;\"><span style=\"color: #333333;\">Weiterlesen<\/span><\/span><\/strong><\/a><\/p>\n\n\t\t<\/div>\n\t\t\t\t\n<style>\n#col-951258332 > .col-inner {\n  padding: 6px 0px 0px 0px;\n}\n<\/style>\n\t<\/div>\n\n\t\n\n<\/div>\n\n<\/div>\n<div id=\"tab_unsere-zutaten\" class=\"panel entry-content\" role=\"tabpanel\" aria-labelledby=\"tab-unsere-zutaten\">\n\n<div class=\"row\"  id=\"row-1057125701\">\n\n\n\t<div id=\"col-1276801807\" class=\"col medium-4 small-12 large-4\"  >\n\t\t\t\t<div class=\"col-inner\"  >\n\t\t\t\n\t\t\t\n\n\t<div class=\"img has-hover x md-x lg-x y md-y lg-y\" id=\"image_1310592866\">\n\t\t\t\t\t\t\t\t<div class=\"img-inner image-cover dark\" style=\"padding-top:71%;\">\n\t\t\t<img decoding=\"async\" width=\"488\" height=\"450\" src=\"https:\/\/dutchhealthstore.com\/wp-content\/uploads\/2020\/09\/RMS-Beauty-Ethereal-Lip-Cheek-Set2.jpg\" class=\"attachment-large size-large\" alt=\"RMS Beauty - Ethereal Lip &amp; Cheek Set2\" srcset=\"https:\/\/dutchhealthstore.com\/wp-content\/uploads\/2020\/09\/RMS-Beauty-Ethereal-Lip-Cheek-Set2.jpg 488w, https:\/\/dutchhealthstore.com\/wp-content\/uploads\/2020\/09\/RMS-Beauty-Ethereal-Lip-Cheek-Set2-434x400.jpg 434w\" sizes=\"(max-width: 488px) 100vw, 488px\" \/>\t\t\t\t\t\t\n\t\t\t\t\t<\/div>\n\t\t\t\t\t\t\t\t\n<style>\n#image_1310592866 {\n  width: 100%;\n}\n<\/style>\n\t<\/div>\n\t\n\n\n\t\t<\/div>\n\t\t\t\t\t<\/div>\n\n\t\n\n\t<div id=\"col-1693050697\" class=\"col medium-8 small-12 large-8\"  >\n\t\t\t\t<div class=\"col-inner\"  >\n\t\t\t\n\t\t\t\n\n<h3><span style=\"color: #333333;\">Unsere Zutaten<\/span><\/h3>\n<p>RMS Beauty ist eine unverwechselbare Kosmetikkollektion, die aus Komponenten besteht, die Ihre pers\u00f6nliche Haut erg\u00e4nzen. Das Ergebnis ist ein perfektes, leichtes Make-up, das sich anf\u00fchlt und aussieht wie eine nat\u00fcrliche, junge zweite Haut.<\/p>\n<p><a href=\"\/?p=133671\"><span style=\"color: #333333;\"><strong>Weiterlesen<\/strong><\/span><\/a><\/p>\n\n\t\t<\/div>\n\t\t\t\t\t<\/div>\n\n\t\n\n\n<style>\n#row-1057125701 > .col > .col-inner {\n  padding: 19px 0px 0px 0px;\n}\n<\/style>\n<\/div>\n\n<\/div>\n<div id=\"tab_unsere-philosophie\" class=\"panel entry-content\" role=\"tabpanel\" aria-labelledby=\"tab-unsere-philosophie\">\n\n<div class=\"row\"  id=\"row-1769049073\">\n\n\n\t<div id=\"col-2073485956\" class=\"col medium-4 small-12 large-4\"  >\n\t\t\t\t<div class=\"col-inner\"  >\n\t\t\t\n\t\t\t\n\n\t<div class=\"img has-hover x md-x lg-x y md-y lg-y\" id=\"image_1078211917\">\n\t\t\t\t\t\t\t\t<div class=\"img-inner image-cover dark\" style=\"padding-top:61%;\">\n\t\t\t<img loading=\"lazy\" decoding=\"async\" width=\"800\" height=\"800\" src=\"https:\/\/dutchhealthstore.com\/wp-content\/uploads\/2020\/09\/176d0aab71fae871d084fa7d71613b8f-800x800.jpg\" class=\"attachment-large size-large\" alt=\"RMS Beauty products\" srcset=\"https:\/\/dutchhealthstore.com\/wp-content\/uploads\/2020\/09\/176d0aab71fae871d084fa7d71613b8f-800x800.jpg 800w, https:\/\/dutchhealthstore.com\/wp-content\/uploads\/2020\/09\/176d0aab71fae871d084fa7d71613b8f-100x100.jpg 100w, https:\/\/dutchhealthstore.com\/wp-content\/uploads\/2020\/09\/176d0aab71fae871d084fa7d71613b8f-510x510.jpg 510w, https:\/\/dutchhealthstore.com\/wp-content\/uploads\/2020\/09\/176d0aab71fae871d084fa7d71613b8f-400x400.jpg 400w, https:\/\/dutchhealthstore.com\/wp-content\/uploads\/2020\/09\/176d0aab71fae871d084fa7d71613b8f-280x280.jpg 280w, https:\/\/dutchhealthstore.com\/wp-content\/uploads\/2020\/09\/176d0aab71fae871d084fa7d71613b8f-768x768.jpg 768w, https:\/\/dutchhealthstore.com\/wp-content\/uploads\/2020\/09\/176d0aab71fae871d084fa7d71613b8f-150x150.jpg 150w, https:\/\/dutchhealthstore.com\/wp-content\/uploads\/2020\/09\/176d0aab71fae871d084fa7d71613b8f-32x32.jpg 32w, https:\/\/dutchhealthstore.com\/wp-content\/uploads\/2020\/09\/176d0aab71fae871d084fa7d71613b8f.jpg 1080w\" sizes=\"(max-width: 800px) 100vw, 800px\" \/>\t\t\t\t\t\t\n\t\t\t\t\t<\/div>\n\t\t\t\t\t\t\t\t\n<style>\n#image_1078211917 {\n  width: 100%;\n}\n<\/style>\n\t<\/div>\n\t\n\n\n\t\t<\/div>\n\t\t\t\t\t<\/div>\n\n\t\n\n\t<div id=\"col-1050863343\" class=\"col medium-8 small-12 large-8\"  >\n\t\t\t\t<div class=\"col-inner\"  >\n\t\t\t\n\t\t\t\n\n<h3><span style=\"color: #333333;\">Unsere Philosophie<\/span><\/h3>\n<p>Damit RMS Beauty die Art und Weise, wie Frauen ihre Kosmetika auftragen, ver\u00e4ndern kann, braucht es mehr als nur die Verwendung von biologischen Inhaltsstoffen. Eigentlich ist das nur der erste Schritt zur Entwicklung eines Produkts, das die Haut nicht nur nicht sch\u00e4digt, sondern sie auch pflegt und heilt.<\/p>\n<p><a href=\"\/?product_cat=rms-beauty-du\"><strong><span style=\"color: #333333;\">Weiterlesen<\/span><\/strong><\/a><\/p>\n\n\t\t<\/div>\n\t\t\t\t\t<\/div>\n\n\t\n\n\n<style>\n#row-1769049073 > .col > .col-inner {\n  padding: 19px 0px 0px 0px;\n}\n<\/style>\n<\/div>\n\n<\/div><\/div><\/div>\n<p>&nbsp;<\/p>\n","protected":false},"excerpt":{"rendered":"<p>Ein luxuri\u00f6ser, ultraweicher, <strong>einziehbarer<\/strong> loser <strong>Puderpinsel<\/strong> mit hochwertigen synthetischen Borsten.<\/p>\n<p>Erzielen Sie eine makellose, vollst\u00e4ndige Abdeckung und einen goldenen Schimmer auf dem ganzen Gesicht.<\/p>\n<p>&nbsp;<\/p>\n","protected":false},"featured_media":304029,"comment_status":"open","ping_status":"closed","template":"","meta":[],"product_brand":[],"product_cat":[1032,1041,1210,9187,511,9087,1135],"product_tag":[6250,21440],"class_list":{"0":"post-129297","1":"product","2":"type-product","3":"status-publish","4":"has-post-thumbnail","6":"product_cat-kategorien","7":"product_cat-make-up-de","8":"product_cat-marken","9":"product_cat-brushes-sets-de-2","10":"product_cat-produkte","11":"product_cat-rms-beauty-du","12":"product_cat-zubehoer-hautpflege","13":"product_tag-make-up-de","14":"product_tag-werkzeuge","15":"pa_brand-rms-beauty-de","16":"pa_gtin-0816248022502-de","17":"pa_make-up-productype-tools-and-brushes-makeup-de","19":"first","20":"instock","21":"taxable","22":"shipping-taxable","23":"purchasable","24":"product-type-simple"},"bundled_by":[],"bundle_stock_status":"instock","bundle_stock_quantity":5,"bundle_virtual":false,"bundle_layout":"","bundle_add_to_cart_form_location":"","bundle_editable_in_cart":false,"bundle_sold_individually_context":"","bundle_item_grouping":"","bundle_min_size":"","bundle_max_size":"","bundle_price":[],"bundled_items":[],"bundle_sell_ids":[],"atum_controlled":true,"out_stock_date":null,"out_stock_threshold":null,"inheritable":false,"stock_on_hold":0,"sold_today":0,"sales_last_days":0,"out_stock_days":0,"lost_sales":0,"update_date":"2026-04-16T00:06:09","atum_locations":[],"atum_stock_status":"instock","restock_status":false,"low_stock_amount":"","sales_update_date":"2026-04-16T00:06:09","calc_backorders":null,"group_of_quantity":0,"min_quantity":0,"max_quantity":"","exclude_order_quantity_value_rules":"no","exclude_category_quantity_rules":"no","combine_variations":"no","yoast_head":"<!-- This site is optimized with the Yoast SEO Premium plugin v26.5 (Yoast SEO v26.5) - https:\/\/yoast.com\/wordpress\/plugins\/seo\/ -->\n<title>Living Glow Face&amp;Body Powder Brush - RMS Beauty<\/title>\n<meta name=\"description\" content=\"Ein luxuri\u00f6ser, ultraweicher, einziehbarer loser Puderpinsel mit hochwertigen synthetischen Borsten.\" \/>\n<meta name=\"robots\" content=\"index, follow, max-snippet:-1, max-image-preview:large, max-video-preview:-1\" \/>\n<link rel=\"canonical\" href=\"https:\/\/dutchhealthstore.com\/de\/product\/living-glow-facebody-powder-brush\/\" \/>\n<meta property=\"og:locale\" content=\"de_DE\" \/>\n<meta property=\"og:type\" content=\"article\" \/>\n<meta property=\"og:title\" content=\"Living Glow Face&amp;Body Powder Brush - Dutch Health Store\" \/>\n<meta property=\"og:description\" content=\"Ein luxuri\u00f6ser, ultraweicher, einziehbarer loser Puderpinsel mit hochwertigen synthetischen Borsten.\" \/>\n<meta property=\"og:url\" content=\"https:\/\/dutchhealthstore.com\/de\/product\/living-glow-facebody-powder-brush\/\" \/>\n<meta property=\"og:site_name\" content=\"Dutch Health Store\" \/>\n<meta property=\"article:publisher\" content=\"https:\/\/www.instagram.com\/dutchhealthstore\/\" \/>\n<meta property=\"article:modified_time\" content=\"2025-07-24T13:03:20+00:00\" \/>\n<meta property=\"og:image\" content=\"https:\/\/dutchhealthstore.com\/wp-content\/uploads\/2020\/10\/bodybrush.jpg\" \/>\n\t<meta property=\"og:image:width\" content=\"530\" \/>\n\t<meta property=\"og:image:height\" content=\"530\" \/>\n\t<meta property=\"og:image:type\" content=\"image\/jpeg\" \/>\n<meta name=\"twitter:card\" content=\"summary_large_image\" \/>\n<meta name=\"twitter:label1\" content=\"Preis\" \/>\n\t<meta name=\"twitter:data1\" content=\"&euro;39,00\" \/>\n\t<meta name=\"twitter:label2\" content=\"Verf\u00fcgbarkeit\" \/>\n\t<meta name=\"twitter:data2\" content=\"Auf Lager\" \/>\n<script type=\"application\/ld+json\" class=\"yoast-schema-graph\">{\"@context\":\"https:\/\/schema.org\",\"@graph\":[{\"@type\":\"WebPage\",\"@id\":\"https:\/\/dutchhealthstore.com\/de\/product\/living-glow-facebody-powder-brush\/\",\"url\":\"https:\/\/dutchhealthstore.com\/de\/product\/living-glow-facebody-powder-brush\/\",\"name\":\"Living Glow Face&amp;Body Powder Brush - RMS Beauty\",\"isPartOf\":{\"@id\":\"https:\/\/dutchhealthstore.com\/de\/#website\"},\"primaryImageOfPage\":{\"@id\":\"https:\/\/dutchhealthstore.com\/de\/product\/living-glow-facebody-powder-brush\/#primaryimage\"},\"image\":{\"@id\":\"https:\/\/dutchhealthstore.com\/de\/product\/living-glow-facebody-powder-brush\/#primaryimage\"},\"thumbnailUrl\":\"https:\/\/dutchhealthstore.com\/wp-content\/uploads\/2020\/10\/bodybrush.jpg\",\"datePublished\":\"2020-10-02T09:53:29+00:00\",\"dateModified\":\"2025-07-24T13:03:20+00:00\",\"description\":\"Ein luxuri\u00f6ser, ultraweicher, einziehbarer loser Puderpinsel mit hochwertigen synthetischen Borsten.\",\"breadcrumb\":{\"@id\":\"https:\/\/dutchhealthstore.com\/de\/product\/living-glow-facebody-powder-brush\/#breadcrumb\"},\"inLanguage\":\"de\",\"potentialAction\":[{\"@type\":\"ReadAction\",\"target\":[\"https:\/\/dutchhealthstore.com\/de\/product\/living-glow-facebody-powder-brush\/\"]}]},{\"@type\":\"ImageObject\",\"inLanguage\":\"de\",\"@id\":\"https:\/\/dutchhealthstore.com\/de\/product\/living-glow-facebody-powder-brush\/#primaryimage\",\"url\":\"https:\/\/dutchhealthstore.com\/wp-content\/uploads\/2020\/10\/bodybrush.jpg\",\"contentUrl\":\"https:\/\/dutchhealthstore.com\/wp-content\/uploads\/2020\/10\/bodybrush.jpg\",\"width\":530,\"height\":530},{\"@type\":\"BreadcrumbList\",\"@id\":\"https:\/\/dutchhealthstore.com\/de\/product\/living-glow-facebody-powder-brush\/#breadcrumb\",\"itemListElement\":[{\"@type\":\"ListItem\",\"position\":1,\"name\":\"Home\",\"item\":\"https:\/\/dutchhealthstore.com\/de\/\"},{\"@type\":\"ListItem\",\"position\":2,\"name\":\"Shop\",\"item\":\"https:\/\/dutchhealthstore.com\/de\/shop-2\/\"},{\"@type\":\"ListItem\",\"position\":3,\"name\":\"Living Glow Face&amp;Body Powder Brush\"}]},{\"@type\":\"WebSite\",\"@id\":\"https:\/\/dutchhealthstore.com\/de\/#website\",\"url\":\"https:\/\/dutchhealthstore.com\/de\/\",\"name\":\"Dutch Health Store\",\"description\":\"Enhance Your Beauty with Organic &amp; Natural Skincare\",\"publisher\":{\"@id\":\"https:\/\/dutchhealthstore.com\/de\/#organization\"},\"potentialAction\":[{\"@type\":\"SearchAction\",\"target\":{\"@type\":\"EntryPoint\",\"urlTemplate\":\"https:\/\/dutchhealthstore.com\/de\/?s={search_term_string}\"},\"query-input\":{\"@type\":\"PropertyValueSpecification\",\"valueRequired\":true,\"valueName\":\"search_term_string\"}}],\"inLanguage\":\"de\"},{\"@type\":\"Organization\",\"@id\":\"https:\/\/dutchhealthstore.com\/de\/#organization\",\"name\":\"Dutch Health Store\",\"url\":\"https:\/\/dutchhealthstore.com\/de\/\",\"logo\":{\"@type\":\"ImageObject\",\"inLanguage\":\"de\",\"@id\":\"https:\/\/dutchhealthstore.com\/de\/#\/schema\/logo\/image\/\",\"url\":\"https:\/\/dutchhealthstore.com\/wp-content\/uploads\/2020\/08\/logo-dutchhealthstore-jpg-e1599484957574.jpg\",\"contentUrl\":\"https:\/\/dutchhealthstore.com\/wp-content\/uploads\/2020\/08\/logo-dutchhealthstore-jpg-e1599484957574.jpg\",\"width\":400,\"height\":62,\"caption\":\"Dutch Health Store\"},\"image\":{\"@id\":\"https:\/\/dutchhealthstore.com\/de\/#\/schema\/logo\/image\/\"},\"sameAs\":[\"https:\/\/www.instagram.com\/dutchhealthstore\/\",\"https:\/\/www.facebook.com\/dutchhealthstore\"]}]}<\/script>\n<meta property=\"product:brand\" content=\"RMS Beauty\" \/>\n<meta property=\"product:price:amount\" content=\"39.00\" \/>\n<meta property=\"product:price:currency\" content=\"EUR\" \/>\n<meta property=\"og:availability\" content=\"instock\" \/>\n<meta property=\"product:availability\" content=\"instock\" \/>\n<meta property=\"product:condition\" content=\"new\" \/>\n<!-- \/ Yoast SEO Premium plugin. -->","yoast_head_json":{"title":"Living Glow Face&amp;Body Powder Brush - RMS Beauty","description":"Ein luxuri\u00f6ser, ultraweicher, einziehbarer loser Puderpinsel mit hochwertigen synthetischen Borsten.","robots":{"index":"index","follow":"follow","max-snippet":"max-snippet:-1","max-image-preview":"max-image-preview:large","max-video-preview":"max-video-preview:-1"},"canonical":"https:\/\/dutchhealthstore.com\/de\/product\/living-glow-facebody-powder-brush\/","og_locale":"de_DE","og_type":"article","og_title":"Living Glow Face&amp;Body Powder Brush - Dutch Health Store","og_description":"Ein luxuri\u00f6ser, ultraweicher, einziehbarer loser Puderpinsel mit hochwertigen synthetischen Borsten.","og_url":"https:\/\/dutchhealthstore.com\/de\/product\/living-glow-facebody-powder-brush\/","og_site_name":"Dutch Health Store","article_publisher":"https:\/\/www.instagram.com\/dutchhealthstore\/","article_modified_time":"2025-07-24T13:03:20+00:00","og_image":[{"width":530,"height":530,"url":"https:\/\/dutchhealthstore.com\/wp-content\/uploads\/2020\/10\/bodybrush.jpg","type":"image\/jpeg"}],"twitter_card":"summary_large_image","twitter_misc":{"Preis":"&euro;39,00","Verf\u00fcgbarkeit":"Auf Lager"},"schema":{"@context":"https:\/\/schema.org","@graph":[{"@type":"WebPage","@id":"https:\/\/dutchhealthstore.com\/de\/product\/living-glow-facebody-powder-brush\/","url":"https:\/\/dutchhealthstore.com\/de\/product\/living-glow-facebody-powder-brush\/","name":"Living Glow Face&amp;Body Powder Brush - RMS Beauty","isPartOf":{"@id":"https:\/\/dutchhealthstore.com\/de\/#website"},"primaryImageOfPage":{"@id":"https:\/\/dutchhealthstore.com\/de\/product\/living-glow-facebody-powder-brush\/#primaryimage"},"image":{"@id":"https:\/\/dutchhealthstore.com\/de\/product\/living-glow-facebody-powder-brush\/#primaryimage"},"thumbnailUrl":"https:\/\/dutchhealthstore.com\/wp-content\/uploads\/2020\/10\/bodybrush.jpg","datePublished":"2020-10-02T09:53:29+00:00","dateModified":"2025-07-24T13:03:20+00:00","description":"Ein luxuri\u00f6ser, ultraweicher, einziehbarer loser Puderpinsel mit hochwertigen synthetischen Borsten.","breadcrumb":{"@id":"https:\/\/dutchhealthstore.com\/de\/product\/living-glow-facebody-powder-brush\/#breadcrumb"},"inLanguage":"de","potentialAction":[{"@type":"ReadAction","target":["https:\/\/dutchhealthstore.com\/de\/product\/living-glow-facebody-powder-brush\/"]}]},{"@type":"ImageObject","inLanguage":"de","@id":"https:\/\/dutchhealthstore.com\/de\/product\/living-glow-facebody-powder-brush\/#primaryimage","url":"https:\/\/dutchhealthstore.com\/wp-content\/uploads\/2020\/10\/bodybrush.jpg","contentUrl":"https:\/\/dutchhealthstore.com\/wp-content\/uploads\/2020\/10\/bodybrush.jpg","width":530,"height":530},{"@type":"BreadcrumbList","@id":"https:\/\/dutchhealthstore.com\/de\/product\/living-glow-facebody-powder-brush\/#breadcrumb","itemListElement":[{"@type":"ListItem","position":1,"name":"Home","item":"https:\/\/dutchhealthstore.com\/de\/"},{"@type":"ListItem","position":2,"name":"Shop","item":"https:\/\/dutchhealthstore.com\/de\/shop-2\/"},{"@type":"ListItem","position":3,"name":"Living Glow Face&amp;Body Powder Brush"}]},{"@type":"WebSite","@id":"https:\/\/dutchhealthstore.com\/de\/#website","url":"https:\/\/dutchhealthstore.com\/de\/","name":"Dutch Health Store","description":"Enhance Your Beauty with Organic &amp; Natural Skincare","publisher":{"@id":"https:\/\/dutchhealthstore.com\/de\/#organization"},"potentialAction":[{"@type":"SearchAction","target":{"@type":"EntryPoint","urlTemplate":"https:\/\/dutchhealthstore.com\/de\/?s={search_term_string}"},"query-input":{"@type":"PropertyValueSpecification","valueRequired":true,"valueName":"search_term_string"}}],"inLanguage":"de"},{"@type":"Organization","@id":"https:\/\/dutchhealthstore.com\/de\/#organization","name":"Dutch Health Store","url":"https:\/\/dutchhealthstore.com\/de\/","logo":{"@type":"ImageObject","inLanguage":"de","@id":"https:\/\/dutchhealthstore.com\/de\/#\/schema\/logo\/image\/","url":"https:\/\/dutchhealthstore.com\/wp-content\/uploads\/2020\/08\/logo-dutchhealthstore-jpg-e1599484957574.jpg","contentUrl":"https:\/\/dutchhealthstore.com\/wp-content\/uploads\/2020\/08\/logo-dutchhealthstore-jpg-e1599484957574.jpg","width":400,"height":62,"caption":"Dutch Health Store"},"image":{"@id":"https:\/\/dutchhealthstore.com\/de\/#\/schema\/logo\/image\/"},"sameAs":["https:\/\/www.instagram.com\/dutchhealthstore\/","https:\/\/www.facebook.com\/dutchhealthstore"]}]},"product_brand":"RMS Beauty","product_price_amount":"39.00","product_price_currency":"EUR","og_availability":"instock","product_availability":"instock","product_condition":"new"},"_links":{"self":[{"href":"https:\/\/dutchhealthstore.com\/de\/wp-json\/wp\/v2\/product\/129297","targetHints":{"allow":["GET"]}}],"collection":[{"href":"https:\/\/dutchhealthstore.com\/de\/wp-json\/wp\/v2\/product"}],"about":[{"href":"https:\/\/dutchhealthstore.com\/de\/wp-json\/wp\/v2\/types\/product"}],"replies":[{"embeddable":true,"href":"https:\/\/dutchhealthstore.com\/de\/wp-json\/wp\/v2\/comments?post=129297"}],"wp:featuredmedia":[{"embeddable":true,"href":"https:\/\/dutchhealthstore.com\/de\/wp-json\/wp\/v2\/media\/304029"}],"wp:attachment":[{"href":"https:\/\/dutchhealthstore.com\/de\/wp-json\/wp\/v2\/media?parent=129297"}],"wp:term":[{"taxonomy":"product_brand","embeddable":true,"href":"https:\/\/dutchhealthstore.com\/de\/wp-json\/wp\/v2\/product_brand?post=129297"},{"taxonomy":"product_cat","embeddable":true,"href":"https:\/\/dutchhealthstore.com\/de\/wp-json\/wp\/v2\/product_cat?post=129297"},{"taxonomy":"product_tag","embeddable":true,"href":"https:\/\/dutchhealthstore.com\/de\/wp-json\/wp\/v2\/product_tag?post=129297"}],"curies":[{"name":"wp","href":"https:\/\/api.w.org\/{rel}","templated":true}]}}