{"id":128143,"date":"2020-02-20T19:51:24","date_gmt":"2020-02-20T18:51:24","guid":{"rendered":"https:\/\/dutchhealthstore.com\/product\/wild-chaga-mushroom-extract-powder\/"},"modified":"2026-01-10T13:38:11","modified_gmt":"2026-01-10T12:38:11","slug":"wild-chaga-mushroom-extract-powder","status":"publish","type":"product","link":"https:\/\/dutchhealthstore.com\/de\/product\/wild-chaga-mushroom-extract-powder\/","title":{"rendered":"Wild Chaga Mushroom Extract Powder"},"content":{"rendered":"<p><img decoding=\"async\" class=\"alignright size-full wp-image-56271\" src=\"https:\/\/dutchhealthstore.com\/wp-content\/uploads\/2019\/05\/logo-navi-organics-5.jpg\" alt=\"logo navi organics 5\" width=\"200\" height=\"207\" srcset=\"https:\/\/dutchhealthstore.com\/wp-content\/uploads\/2019\/05\/logo-navi-organics-5.jpg 200w, https:\/\/dutchhealthstore.com\/wp-content\/uploads\/2019\/05\/logo-navi-organics-5-32x32.jpg 32w\" sizes=\"(max-width: 200px) 100vw, 200px\" \/>Unser <strong>Wild Harvested Chaga Mushroom<\/strong> wird nach der alten Weisheit der Traditionellen Chinesischen Medizin extrahiert und verarbeitet.<br \/>\nEin spezielles temperaturgesteuertes Verfahren wird angewandt, um die Eigenschaften des Pilzes perfekt zu ber\u00fccksichtigen und sicherzustellen, dass alle nat\u00fcrlich vorkommenden und wertvollsten Bestandteile im Extrakt im gleichen Verh\u00e4ltnis wie in der urspr\u00fcnglichen Pflanze enthalten sind, wodurch ein perfekter Extrakt mit vollem Spektrum entsteht.<\/p>\n<p>Alle unsere Tonic-Kr\u00e4uter-Extrakt-Pulver werden in h\u00f6chster Qualit\u00e4t mit modernster Spr\u00fchtechnologie hergestellt, die es erm\u00f6glicht, den fl\u00fcssigen Extrakt sorgf\u00e4ltig zu einem mikrofeinen Pulver zu dehydrieren, das sich in jeder Fl\u00fcssigkeit oder in warmem Wasser wieder aufl\u00f6st.<\/p>\n<p>Sie werden in dunklen Glasbeh\u00e4ltern geliefert und sind absolut frei von jeglichen Zusatz- und F\u00fcllstoffen, synthetischen Zutaten, Konservierungsmitteln, Mehlen und anderen F\u00fcllstoffen, GVOs, Milchprodukten und Gluten. Jedes Pulver wird gr\u00fcndlich auf Schwermetalle, Pestizide und andere Verunreinigungen getestet &#8211; ein Analysezertifikat ist auf Anfrage f\u00fcr jeden Kr\u00e4uterextrakt erh\u00e4ltlich.<\/p>\n<h3>Instruktion<\/h3>\n<p>1\/2 Teel\u00f6ffel mit warmem Wasser oder als Zusatz zu Ihrem Lieblingstee, Smoothie oder Getr\u00e4nk Ihrer Wahl. Kann auch \u00fcber Salat oder warme Speisen gestreut werden.<\/p>\n<h3><strong>Gr\u00f6\u00dfe: 80 gr<\/strong><\/h3>\n<h3>Zutaten<\/h3>\n<p>10:1 (Dualextrakt) Vollspektrum-Extrakt, hergestellt aus den Fruchtk\u00f6rpern des Chaga-Pilzes <em>(Inonotus Obliquus)<\/em><\/p>\n<p>Beta-Glucan-Bestimmung: 20%<br \/>\nTriterpene: 1%<\/p>\n<p>Ohne Zusatz von F\u00fcllstoffen oder Konservierungsmitteln.<br \/>\nDas Produkt wird sorgf\u00e4ltig in China beschafft.<\/p>\n<h3>Unsere Beschaffungspolitik<\/h3>\n<p>Im Laufe der Jahre haben wir auf unserer Suche nach den vitalsten und lebensspendenden Lebensmitteln und Kr\u00e4utern (eine Leidenschaft, aus der Na&#8217;vi Organics entstanden ist) viele verschiedene Lebensmittel, Kr\u00e4uter und Extrakte aus der ganzen Welt ausprobiert.<\/p>\n<p>Wir sind stolz darauf, dass 99% unserer Produkte direkt von den Erzeugern oder Herstellern bezogen werden und nicht von Drittanbietern. Auf diese Weise ist sichergestellt, dass unsere Ware immer so frisch wie m\u00f6glich ist, und wir wissen auch, dass wir die Erzeuger direkt bezahlen und sicherstellen, dass sie das bekommen, was sie f\u00fcr ihre Produkte w\u00fcnschen. Der Aufbau langj\u00e4hriger Beziehungen zu unseren Lieferanten ist uns ebenfalls sehr wichtig &#8211; wir freuen uns \u00fcber die Freundschaften, die wir mit einigen unserer Erzeuger aufgebaut haben, und \u00fcber die Freude, die uns diese Art der Zusammenarbeit bereitet.<\/p>\n<p>Wir haben nach Herstellern gesucht, die ihre Produkte mit Leidenschaft herstellen, und viele der Produkte, die wir f\u00fchren, gibt es nur bei uns im Vereinigten K\u00f6nigreich.<\/p>\n<h4>Chinesische Beschaffung<\/h4>\n<p>Bis vor ein paar Jahren (2015) bezogen wir keine Produkte aus China, da wir Schwierigkeiten hatten, Lieferanten zu finden, die sich wirklich f\u00fcr eine gleichbleibend hohe Qualit\u00e4t von nicht kontaminierten Tonic-Kr\u00e4utern einsetzen. Wir setzten unsere Suche fort, denn wir wussten, dass das wertvolle Wissen der Traditionellen Chinesischen Medizin in China nicht zu \u00fcbertreffen ist, wenn man es richtig beachtet. Aufgrund ihrer langj\u00e4hrigen Erfahrung mit der Verwendung und dem Studium ihrer traditionellen Kr\u00e4uter wissen sie genau, was erforderlich ist, um die besten funktionellen pflanzlichen Heilmittel herzustellen. Kr\u00e4uterkundige sind in der chinesischen Kultur hoch angesehen. Zu wissen, wo und wann man erntet und wie man Heilkr\u00e4uter genau verarbeitet, ist eine sehr angesehene Kunst.<\/p>\n<p>2015 hatten wir das gro\u00dfe Gl\u00fcck, einen wunderbaren Produzenten in China zu finden, mit dem wir zusammenarbeiten konnten. Sie verfolgen eine sehr strenge Beschaffungspolitik und verf\u00fcgen \u00fcber ein leidenschaftliches, tiefgehendes Wissen \u00fcber die traditionelle chinesische Medizin. Nachdem wir ihre Produkte probiert und sie kennen gelernt hatten, waren wir von ihrem Engagement f\u00fcr eine saubere Beschaffung, hohe Qualit\u00e4t und die Liebe zum Detail bei der Verarbeitung \u00fcberzeugt. Mit dieser neuen Partnerschaft haben wir begonnen, ein ausgew\u00e4hltes Sortiment an Tonic-Kr\u00e4utern anzubieten.<\/p>\n<p>Seit wir uns entschieden haben, einige in China hergestellte Produkte in unser Sortiment aufzunehmen, erhalten wir verst\u00e4ndlicherweise E-Mails von Kunden, die ihre Besorgnis \u00fcber m\u00f6gliche Umweltverschmutzungen zum Ausdruck bringen. Als Reaktion darauf liegen f\u00fcr alle unsere in China hergestellten Produkte auf Anfrage Analysezertifikate vor, und wir haben in einem PDF-Dokument ein paar Worte zusammengestellt, die direkt auf diese Bedenken eingehen. Bitte klicken Sie auf den untenstehenden Link, um das vollst\u00e4ndige Dokument zu lesen:<\/p>\n<p><a title=\"Chinesische Beschaffungspolitik - Na'vi Organics\" href=\"https:\/\/cdn.shopify.com\/s\/files\/1\/1345\/0641\/files\/Chinese_Sourcing_Policy_Na_vi_Organics.pdf?8089518323479107043\" target=\"_blank\" rel=\"noopener noreferrer\">Chinesische Beschaffungspolitik &#8211; Na&#8217;vi Organics<\/a><\/p>\n","protected":false},"excerpt":{"rendered":"<p>Unser <strong>Wild Harvested Chaga Mushroom<\/strong> wird nach der alten Weisheit der Traditionellen Chinesischen Medizin extrahiert und verarbeitet.<br \/>\nEin spezielles temperaturgesteuertes Verfahren wird angewandt, um die Eigenschaften des Pilzes perfekt zu ber\u00fccksichtigen und sicherzustellen, dass alle nat\u00fcrlich vorkommenden und wertvollsten Bestandteile im Extrakt im gleichen Verh\u00e4ltnis wie in der urspr\u00fcnglichen Pflanze enthalten sind, wodurch ein perfekter Extrakt mit vollem Spektrum entsteht.<\/p>\n","protected":false},"featured_media":94217,"comment_status":"open","ping_status":"closed","template":"","meta":[],"product_brand":[],"product_cat":[1210,4618,8472,9967,8789,4619],"product_tag":[21657,21522,21521],"class_list":{"0":"post-128143","1":"product","2":"type-product","3":"status-publish","4":"has-post-thumbnail","6":"product_cat-marken","7":"product_cat-navi-organics-de","8":"product_cat-nutrition-de","9":"product_cat-mushrooms-de-2","10":"product_cat-superfoods-herbals-de-2","11":"product_cat-tonic-herbs-de-2","12":"product_tag-antioxidants-de","13":"product_tag-optimale-gesundheit","14":"product_tag-superfood-de","15":"pa_brand-naviorganics-de","16":"pa_gtin-7439657334368-de","17":"pa_herbals-product-type-pilze","18":"pa_size-80-g-de","20":"first","21":"instock","22":"taxable","23":"shipping-taxable","24":"purchasable","25":"product-type-simple"},"bundled_by":[],"bundle_stock_status":"instock","bundle_stock_quantity":1,"bundle_virtual":false,"bundle_layout":"","bundle_add_to_cart_form_location":"","bundle_editable_in_cart":false,"bundle_sold_individually_context":"","bundle_item_grouping":"","bundle_min_size":"","bundle_max_size":"","bundle_price":[],"bundled_items":[],"bundle_sell_ids":[],"atum_controlled":true,"out_stock_date":null,"out_stock_threshold":null,"inheritable":false,"stock_on_hold":2,"sold_today":0,"sales_last_days":0,"out_stock_days":0,"lost_sales":0,"update_date":"2026-04-09T01:48:41","atum_locations":[],"atum_stock_status":"instock","restock_status":false,"low_stock_amount":"","sales_update_date":"2026-04-09T01:48:41","calc_backorders":null,"group_of_quantity":0,"min_quantity":0,"max_quantity":"","exclude_order_quantity_value_rules":"no","exclude_category_quantity_rules":"no","combine_variations":"no","yoast_head":"<!-- This site is optimized with the Yoast SEO Premium plugin v26.5 (Yoast SEO v26.5) - https:\/\/yoast.com\/wordpress\/plugins\/seo\/ -->\n<title>Wild Chaga Mushroom Extract Powder | Na&#039;Vi Organics<\/title>\n<meta name=\"description\" content=\"Full Spectrum Chaga Mushroom (Dual Extraction) Extract Powder - Wild geerntet wird extrahiert und verarbeitet im Einklang mit der alten Weisheit der traditionellen chinesischen Medizin.\" \/>\n<meta name=\"robots\" content=\"index, follow, max-snippet:-1, max-image-preview:large, max-video-preview:-1\" \/>\n<link rel=\"canonical\" href=\"https:\/\/dutchhealthstore.com\/de\/product\/wild-chaga-mushroom-extract-powder\/\" \/>\n<meta property=\"og:locale\" content=\"de_DE\" \/>\n<meta property=\"og:type\" content=\"article\" \/>\n<meta property=\"og:title\" content=\"Wild Chaga Mushroom Extract Powder - Dutch Health Store\" \/>\n<meta property=\"og:description\" content=\"Full Spectrum Chaga Mushroom (Dual Extraction) Extract Powder - Wild geerntet wird extrahiert und verarbeitet im Einklang mit der alten Weisheit der traditionellen chinesischen Medizin.\" \/>\n<meta property=\"og:url\" content=\"https:\/\/dutchhealthstore.com\/de\/product\/wild-chaga-mushroom-extract-powder\/\" \/>\n<meta property=\"og:site_name\" content=\"Dutch Health Store\" \/>\n<meta property=\"article:publisher\" content=\"https:\/\/www.instagram.com\/dutchhealthstore\/\" \/>\n<meta property=\"article:modified_time\" content=\"2026-01-10T12:38:11+00:00\" \/>\n<meta property=\"og:image\" content=\"https:\/\/dutchhealthstore.com\/wp-content\/uploads\/2020\/02\/NaVi-Organics-Wild-Chaga-Mushroom-Extract-Powder-1.jpg\" \/>\n\t<meta property=\"og:image:width\" content=\"1400\" \/>\n\t<meta property=\"og:image:height\" content=\"1385\" \/>\n\t<meta property=\"og:image:type\" content=\"image\/jpeg\" \/>\n<meta name=\"twitter:card\" content=\"summary_large_image\" \/>\n<meta name=\"twitter:label1\" content=\"Preis\" \/>\n\t<meta name=\"twitter:data1\" content=\"&euro;35,00\" \/>\n\t<meta name=\"twitter:label2\" content=\"Verf\u00fcgbarkeit\" \/>\n\t<meta name=\"twitter:data2\" content=\"Auf Lager\" \/>\n<script type=\"application\/ld+json\" class=\"yoast-schema-graph\">{\"@context\":\"https:\/\/schema.org\",\"@graph\":[{\"@type\":\"WebPage\",\"@id\":\"https:\/\/dutchhealthstore.com\/de\/product\/wild-chaga-mushroom-extract-powder\/\",\"url\":\"https:\/\/dutchhealthstore.com\/de\/product\/wild-chaga-mushroom-extract-powder\/\",\"name\":\"Wild Chaga Mushroom Extract Powder | Na'Vi Organics\",\"isPartOf\":{\"@id\":\"https:\/\/dutchhealthstore.com\/de\/#website\"},\"primaryImageOfPage\":{\"@id\":\"https:\/\/dutchhealthstore.com\/de\/product\/wild-chaga-mushroom-extract-powder\/#primaryimage\"},\"image\":{\"@id\":\"https:\/\/dutchhealthstore.com\/de\/product\/wild-chaga-mushroom-extract-powder\/#primaryimage\"},\"thumbnailUrl\":\"https:\/\/dutchhealthstore.com\/wp-content\/uploads\/2020\/02\/NaVi-Organics-Wild-Chaga-Mushroom-Extract-Powder-1.jpg\",\"datePublished\":\"2020-02-20T18:51:24+00:00\",\"dateModified\":\"2026-01-10T12:38:11+00:00\",\"description\":\"Full Spectrum Chaga Mushroom (Dual Extraction) Extract Powder - Wild geerntet wird extrahiert und verarbeitet im Einklang mit der alten Weisheit der traditionellen chinesischen Medizin.\",\"breadcrumb\":{\"@id\":\"https:\/\/dutchhealthstore.com\/de\/product\/wild-chaga-mushroom-extract-powder\/#breadcrumb\"},\"inLanguage\":\"de\",\"potentialAction\":[{\"@type\":\"ReadAction\",\"target\":[\"https:\/\/dutchhealthstore.com\/de\/product\/wild-chaga-mushroom-extract-powder\/\"]}]},{\"@type\":\"ImageObject\",\"inLanguage\":\"de\",\"@id\":\"https:\/\/dutchhealthstore.com\/de\/product\/wild-chaga-mushroom-extract-powder\/#primaryimage\",\"url\":\"https:\/\/dutchhealthstore.com\/wp-content\/uploads\/2020\/02\/NaVi-Organics-Wild-Chaga-Mushroom-Extract-Powder-1.jpg\",\"contentUrl\":\"https:\/\/dutchhealthstore.com\/wp-content\/uploads\/2020\/02\/NaVi-Organics-Wild-Chaga-Mushroom-Extract-Powder-1.jpg\",\"width\":1400,\"height\":1385,\"caption\":\"Na'Vi Organics - Wild Chaga Mushroom Extract Powder 1\"},{\"@type\":\"BreadcrumbList\",\"@id\":\"https:\/\/dutchhealthstore.com\/de\/product\/wild-chaga-mushroom-extract-powder\/#breadcrumb\",\"itemListElement\":[{\"@type\":\"ListItem\",\"position\":1,\"name\":\"Home\",\"item\":\"https:\/\/dutchhealthstore.com\/de\/\"},{\"@type\":\"ListItem\",\"position\":2,\"name\":\"Shop\",\"item\":\"https:\/\/dutchhealthstore.com\/de\/shop-2\/\"},{\"@type\":\"ListItem\",\"position\":3,\"name\":\"Wild Chaga Mushroom Extract Powder\"}]},{\"@type\":\"WebSite\",\"@id\":\"https:\/\/dutchhealthstore.com\/de\/#website\",\"url\":\"https:\/\/dutchhealthstore.com\/de\/\",\"name\":\"Dutch Health Store\",\"description\":\"Enhance Your Beauty with Organic &amp; Natural Skincare\",\"publisher\":{\"@id\":\"https:\/\/dutchhealthstore.com\/de\/#organization\"},\"potentialAction\":[{\"@type\":\"SearchAction\",\"target\":{\"@type\":\"EntryPoint\",\"urlTemplate\":\"https:\/\/dutchhealthstore.com\/de\/?s={search_term_string}\"},\"query-input\":{\"@type\":\"PropertyValueSpecification\",\"valueRequired\":true,\"valueName\":\"search_term_string\"}}],\"inLanguage\":\"de\"},{\"@type\":\"Organization\",\"@id\":\"https:\/\/dutchhealthstore.com\/de\/#organization\",\"name\":\"Dutch Health Store\",\"url\":\"https:\/\/dutchhealthstore.com\/de\/\",\"logo\":{\"@type\":\"ImageObject\",\"inLanguage\":\"de\",\"@id\":\"https:\/\/dutchhealthstore.com\/de\/#\/schema\/logo\/image\/\",\"url\":\"https:\/\/dutchhealthstore.com\/wp-content\/uploads\/2020\/08\/logo-dutchhealthstore-jpg-e1599484957574.jpg\",\"contentUrl\":\"https:\/\/dutchhealthstore.com\/wp-content\/uploads\/2020\/08\/logo-dutchhealthstore-jpg-e1599484957574.jpg\",\"width\":400,\"height\":62,\"caption\":\"Dutch Health Store\"},\"image\":{\"@id\":\"https:\/\/dutchhealthstore.com\/de\/#\/schema\/logo\/image\/\"},\"sameAs\":[\"https:\/\/www.instagram.com\/dutchhealthstore\/\",\"https:\/\/www.facebook.com\/dutchhealthstore\"]}]}<\/script>\n<meta property=\"product:brand\" content=\"Na\u00b4Vi Organics\" \/>\n<meta property=\"product:price:amount\" content=\"35.00\" \/>\n<meta property=\"product:price:currency\" content=\"EUR\" \/>\n<meta property=\"og:availability\" content=\"instock\" \/>\n<meta property=\"product:availability\" content=\"instock\" \/>\n<meta property=\"product:condition\" content=\"new\" \/>\n<!-- \/ Yoast SEO Premium plugin. -->","yoast_head_json":{"title":"Wild Chaga Mushroom Extract Powder | Na'Vi Organics","description":"Full Spectrum Chaga Mushroom (Dual Extraction) Extract Powder - Wild geerntet wird extrahiert und verarbeitet im Einklang mit der alten Weisheit der traditionellen chinesischen Medizin.","robots":{"index":"index","follow":"follow","max-snippet":"max-snippet:-1","max-image-preview":"max-image-preview:large","max-video-preview":"max-video-preview:-1"},"canonical":"https:\/\/dutchhealthstore.com\/de\/product\/wild-chaga-mushroom-extract-powder\/","og_locale":"de_DE","og_type":"article","og_title":"Wild Chaga Mushroom Extract Powder - Dutch Health Store","og_description":"Full Spectrum Chaga Mushroom (Dual Extraction) Extract Powder - Wild geerntet wird extrahiert und verarbeitet im Einklang mit der alten Weisheit der traditionellen chinesischen Medizin.","og_url":"https:\/\/dutchhealthstore.com\/de\/product\/wild-chaga-mushroom-extract-powder\/","og_site_name":"Dutch Health Store","article_publisher":"https:\/\/www.instagram.com\/dutchhealthstore\/","article_modified_time":"2026-01-10T12:38:11+00:00","og_image":[{"width":1400,"height":1385,"url":"https:\/\/dutchhealthstore.com\/wp-content\/uploads\/2020\/02\/NaVi-Organics-Wild-Chaga-Mushroom-Extract-Powder-1.jpg","type":"image\/jpeg"}],"twitter_card":"summary_large_image","twitter_misc":{"Preis":"&euro;35,00","Verf\u00fcgbarkeit":"Auf Lager"},"schema":{"@context":"https:\/\/schema.org","@graph":[{"@type":"WebPage","@id":"https:\/\/dutchhealthstore.com\/de\/product\/wild-chaga-mushroom-extract-powder\/","url":"https:\/\/dutchhealthstore.com\/de\/product\/wild-chaga-mushroom-extract-powder\/","name":"Wild Chaga Mushroom Extract Powder | Na'Vi Organics","isPartOf":{"@id":"https:\/\/dutchhealthstore.com\/de\/#website"},"primaryImageOfPage":{"@id":"https:\/\/dutchhealthstore.com\/de\/product\/wild-chaga-mushroom-extract-powder\/#primaryimage"},"image":{"@id":"https:\/\/dutchhealthstore.com\/de\/product\/wild-chaga-mushroom-extract-powder\/#primaryimage"},"thumbnailUrl":"https:\/\/dutchhealthstore.com\/wp-content\/uploads\/2020\/02\/NaVi-Organics-Wild-Chaga-Mushroom-Extract-Powder-1.jpg","datePublished":"2020-02-20T18:51:24+00:00","dateModified":"2026-01-10T12:38:11+00:00","description":"Full Spectrum Chaga Mushroom (Dual Extraction) Extract Powder - Wild geerntet wird extrahiert und verarbeitet im Einklang mit der alten Weisheit der traditionellen chinesischen Medizin.","breadcrumb":{"@id":"https:\/\/dutchhealthstore.com\/de\/product\/wild-chaga-mushroom-extract-powder\/#breadcrumb"},"inLanguage":"de","potentialAction":[{"@type":"ReadAction","target":["https:\/\/dutchhealthstore.com\/de\/product\/wild-chaga-mushroom-extract-powder\/"]}]},{"@type":"ImageObject","inLanguage":"de","@id":"https:\/\/dutchhealthstore.com\/de\/product\/wild-chaga-mushroom-extract-powder\/#primaryimage","url":"https:\/\/dutchhealthstore.com\/wp-content\/uploads\/2020\/02\/NaVi-Organics-Wild-Chaga-Mushroom-Extract-Powder-1.jpg","contentUrl":"https:\/\/dutchhealthstore.com\/wp-content\/uploads\/2020\/02\/NaVi-Organics-Wild-Chaga-Mushroom-Extract-Powder-1.jpg","width":1400,"height":1385,"caption":"Na'Vi Organics - Wild Chaga Mushroom Extract Powder 1"},{"@type":"BreadcrumbList","@id":"https:\/\/dutchhealthstore.com\/de\/product\/wild-chaga-mushroom-extract-powder\/#breadcrumb","itemListElement":[{"@type":"ListItem","position":1,"name":"Home","item":"https:\/\/dutchhealthstore.com\/de\/"},{"@type":"ListItem","position":2,"name":"Shop","item":"https:\/\/dutchhealthstore.com\/de\/shop-2\/"},{"@type":"ListItem","position":3,"name":"Wild Chaga Mushroom Extract Powder"}]},{"@type":"WebSite","@id":"https:\/\/dutchhealthstore.com\/de\/#website","url":"https:\/\/dutchhealthstore.com\/de\/","name":"Dutch Health Store","description":"Enhance Your Beauty with Organic &amp; Natural Skincare","publisher":{"@id":"https:\/\/dutchhealthstore.com\/de\/#organization"},"potentialAction":[{"@type":"SearchAction","target":{"@type":"EntryPoint","urlTemplate":"https:\/\/dutchhealthstore.com\/de\/?s={search_term_string}"},"query-input":{"@type":"PropertyValueSpecification","valueRequired":true,"valueName":"search_term_string"}}],"inLanguage":"de"},{"@type":"Organization","@id":"https:\/\/dutchhealthstore.com\/de\/#organization","name":"Dutch Health Store","url":"https:\/\/dutchhealthstore.com\/de\/","logo":{"@type":"ImageObject","inLanguage":"de","@id":"https:\/\/dutchhealthstore.com\/de\/#\/schema\/logo\/image\/","url":"https:\/\/dutchhealthstore.com\/wp-content\/uploads\/2020\/08\/logo-dutchhealthstore-jpg-e1599484957574.jpg","contentUrl":"https:\/\/dutchhealthstore.com\/wp-content\/uploads\/2020\/08\/logo-dutchhealthstore-jpg-e1599484957574.jpg","width":400,"height":62,"caption":"Dutch Health Store"},"image":{"@id":"https:\/\/dutchhealthstore.com\/de\/#\/schema\/logo\/image\/"},"sameAs":["https:\/\/www.instagram.com\/dutchhealthstore\/","https:\/\/www.facebook.com\/dutchhealthstore"]}]},"product_brand":"Na\u00b4Vi Organics","product_price_amount":"35.00","product_price_currency":"EUR","og_availability":"instock","product_availability":"instock","product_condition":"new"},"_links":{"self":[{"href":"https:\/\/dutchhealthstore.com\/de\/wp-json\/wp\/v2\/product\/128143","targetHints":{"allow":["GET"]}}],"collection":[{"href":"https:\/\/dutchhealthstore.com\/de\/wp-json\/wp\/v2\/product"}],"about":[{"href":"https:\/\/dutchhealthstore.com\/de\/wp-json\/wp\/v2\/types\/product"}],"replies":[{"embeddable":true,"href":"https:\/\/dutchhealthstore.com\/de\/wp-json\/wp\/v2\/comments?post=128143"}],"wp:featuredmedia":[{"embeddable":true,"href":"https:\/\/dutchhealthstore.com\/de\/wp-json\/wp\/v2\/media\/94217"}],"wp:attachment":[{"href":"https:\/\/dutchhealthstore.com\/de\/wp-json\/wp\/v2\/media?parent=128143"}],"wp:term":[{"taxonomy":"product_brand","embeddable":true,"href":"https:\/\/dutchhealthstore.com\/de\/wp-json\/wp\/v2\/product_brand?post=128143"},{"taxonomy":"product_cat","embeddable":true,"href":"https:\/\/dutchhealthstore.com\/de\/wp-json\/wp\/v2\/product_cat?post=128143"},{"taxonomy":"product_tag","embeddable":true,"href":"https:\/\/dutchhealthstore.com\/de\/wp-json\/wp\/v2\/product_tag?post=128143"}],"curies":[{"name":"wp","href":"https:\/\/api.w.org\/{rel}","templated":true}]}}