{"id":125374,"date":"2020-06-16T07:31:34","date_gmt":"2020-06-16T05:31:34","guid":{"rendered":"https:\/\/dutchhealthstore.com\/product\/zdravets-essential-oil\/"},"modified":"2023-02-16T13:31:23","modified_gmt":"2023-02-16T13:31:23","slug":"zdravets-essential-oil","status":"publish","type":"product","link":"https:\/\/dutchhealthstore.com\/de\/product\/zdravets-essential-oil\/","title":{"rendered":"Zdravetz Essential Oil"},"content":{"rendered":"<p><img decoding=\"async\" class=\"size-full wp-image-69549 alignright\" src=\"https:\/\/dutchhealthstore.com\/wp-content\/uploads\/2019\/08\/NEW-Living-Libations-Logo.jpg\" alt=\"NEW - Living Libations - Logo\" width=\"175\" height=\"82\"><strong>Botanischer Name:<\/strong> Geranium macrorrhizum<br \/>\n<strong>Botanische Familie:<\/strong> Geraniaceae<br \/>\n<strong>Extraktionsverfahren:<\/strong> Dampfdestilliert<br \/>\n<strong>Teil der Pflanze Destilliert:<\/strong> Bl\u00e4tter und Rhizome<br \/>\n<strong>Herkunftsland:<\/strong> Bulgarien<br \/>\n<strong>Anbaumethode:<\/strong> Bio<br \/>\n<strong>Zusammensetzung:<\/strong> 100% Geranium macrorrhizum<br \/>\n<strong>Konsistenz:<\/strong> dick und kristallin<\/p>\n<h3>Beschreibung des Duftes<\/h3>\n<p>S\u00fc\u00df und holzig, mit krautigen, gr\u00fcn-blumigen Noten und einem Hauch von Gew\u00fcrzen.<\/p>\n<h3>Gut mischbar mit<\/h3>\n<p>Weihrauch, Lavendel, Geranie, Palmarosa, Sandelholz, Majoran, Vetiver, Schwarzfichte, Kiefer, Wei\u00dftanne und Ylang.<\/p>\n<h3>Verwendet<\/h3>\n<p>F\u00fcr die topische Anwendung verd\u00fcnnen. Bei Raumtemperatur fest; vor Gebrauch erw\u00e4rmen. Kann in B\u00e4dern, Diffusoren und Inhalatoren verwendet werden. Herrlich in Parf\u00fcms und K\u00f6lnisch Wasser mit seinen hervorragenden fixierenden Eigenschaften. Hervorragend geeignet f\u00fcr Hautpflegeseren: mit Hagebutten-, Sandelholznuss-, Tamanu- oder Jojoba\u00f6l verd\u00fcnnt verwenden. Eine Prise Rose Otto und Immortelle hinzuf\u00fcgen. Hervorragend geeignet f\u00fcr B\u00e4der und Inhalationen vor dem Schlafengehen. Stellen Sie sicher, dass Sie eine Stichprobe machen, bevor Sie das Produkt auf eine auff\u00e4llige Stelle wie das Gesicht auftragen.<\/p>\n<p>In der Hautpflege soll Zdravetz eine mildernde Wirkung auf das Erscheinungsbild von Hautunregelm\u00e4\u00dfigkeiten wie Melasma und Narben haben. Vor der Anwendung auf der Haut unbedingt verd\u00fcnnen.<\/p>\n<p>Es handelt sich um ein fixierendes \u00e4therisches \u00d6l mit einem starken Duftprofil f\u00fcr die Parf\u00fcmerie. Da es voller wohltuender Pflanzenwachse und -kristalle ist, wird es bei Zimmertemperatur fest, \u00e4hnlich wie Kokos\u00f6l, Vanille oder Rosen-Otto-Essenzen. Diese Wachse und Kristalle sind ein wesentlicher Bestandteil des Nutzens der Pflanze und tragen dazu bei, dass das \u00d6l seine lange Haltbarkeit (\u00fcber 7 Jahre!) und seine aromatischen Eigenschaften beh\u00e4lt. Achten Sie darauf, das \u00d6l zu erw\u00e4rmen, bevor Sie es mit einem Tr\u00e4ger\u00f6l vermischen. Einmal gemischt, beh\u00e4lt Zdravetz seine fl\u00fcssige Form.<\/p>\n<p><strong>Gr\u00f6\u00dfe: 5 ml und 15 ml<\/strong><\/p>\n<h3>Bio-Zutaten<\/h3>\n<p>100% zdravetz (Geranium macrorrhizum) \u00e4therisches \u00d6l.<\/p>\n<p style=\"text-align: center;\"><em>&#8222;Zdravetz ist ein blassgr\u00fcnes oder blassgelbes \u00d6l, eine leicht viskose Fl\u00fcssigkeit, die durch Kristalle entsteht, die sich unter 32\u00b0C bilden. Der Duft ist warm-frisch, s\u00fc\u00dflich-krautig, rosig-holzig und anhaltend. Es besteht haupts\u00e4chlich aus Sesquiterpenen, die zu etwa 90 Prozent vorhanden sind, und etwa die H\u00e4lfte davon sind Keimacrone (Weiss 1997).&#8220;<\/em><br \/>\n~ Jennifer Peace Rhind, <strong>Essential Oils: A Handbook for Aromatherapy Practice<\/strong><\/p>\n<p style=\"text-align: center;\"><em>&#8222;[The oil] hat starke, durchdringende Kr\u00e4fte, aber einen sanften Zdravetz-Geruch mit stark fixierenden Eigenschaften. Die restliche Masse&#8230;besteht aus dunkelgr\u00fcnem Feststoff, der haupts\u00e4chlich n-Triacontan enth\u00e4lt. Es ist fett, geschmacksneutral, hat einen angenehmen Zdravetz-Geruch und besitzt starke Eigenschaften&#8220;.<\/em><br \/>\n~ Maria Lis-Balchin, ed. <strong>Geranium and Pelargonium: History of Nomenclature, Usage and Cultivation<\/strong><\/p>\n<p>&nbsp;<\/p>\n<p><img fetchpriority=\"high\" decoding=\"async\" class=\"size-medium wp-image-68103 aligncenter\" src=\"https:\/\/dutchhealthstore.com\/wp-content\/uploads\/2018\/02\/Living-Libations-Organic-Logo-800x89.png\" alt=\"Living Libations - Organic Logo\" width=\"800\" height=\"89\" srcset=\"https:\/\/dutchhealthstore.com\/wp-content\/uploads\/2018\/02\/Living-Libations-Organic-Logo-800x89.png 800w, https:\/\/dutchhealthstore.com\/wp-content\/uploads\/2018\/02\/Living-Libations-Organic-Logo-510x57.png 510w, https:\/\/dutchhealthstore.com\/wp-content\/uploads\/2018\/02\/Living-Libations-Organic-Logo-768x85.png 768w, https:\/\/dutchhealthstore.com\/wp-content\/uploads\/2018\/02\/Living-Libations-Organic-Logo.png 1400w\" sizes=\"(max-width: 800px) 100vw, 800px\" \/><\/p>\n","protected":false},"excerpt":{"rendered":"<p><strong>Zdravetz essential oil<\/strong> mag schwer auszusprechen sein, aber es ist so einfach zu tragen. Dieses seltene und einzigartige Aroma kommt aus Bulgarien zu uns. Zdravtez ist das bulgarische Wort f\u00fcr Gesundheit.<\/p>\n<p>Diese Pflanzenart ist auch unter den Bezeichnungen Gro\u00dfwurzelige Geranie und Langwurzeliger Storchschnabel bekannt, obwohl sie mit der gew\u00f6hnlichen rotbl\u00fchenden Geranie (Pelargonium) \u00fcberhaupt nicht verwandt ist. Zdravetz bietet eine wirklich einzigartige Kombination aus beruhigenden und kl\u00e4renden Eigenschaften f\u00fcr Haut, Duft und Psyche.<\/p>\n","protected":false},"featured_media":107273,"comment_status":"open","ping_status":"closed","template":"","meta":[],"product_brand":[],"product_cat":[1508,1546,6737,1493,1210,6736],"product_tag":[1547],"class_list":{"0":"post-125374","1":"product","2":"type-product","3":"status-publish","4":"has-post-thumbnail","6":"product_cat-aetherische-oele-living-libations","7":"product_cat-essential-oils-living-libations-de","8":"product_cat-essential-oils-de-2","9":"product_cat-living-libations-deutschland","10":"product_cat-marken","11":"product_cat-wellness-de","12":"product_tag-essential-oil-de","13":"pa_brand-livinglibations-de","14":"pa_essential-oils-product-type-essential-oils-de","15":"pa_size-15-ml-de-2","16":"pa_size-5-ml-de","18":"first","19":"instock","20":"taxable","21":"shipping-taxable","22":"purchasable","23":"product-type-variable"},"bundled_by":[],"bundle_stock_status":"instock","bundle_stock_quantity":null,"bundle_virtual":false,"bundle_layout":"","bundle_add_to_cart_form_location":"","bundle_editable_in_cart":false,"bundle_sold_individually_context":"","bundle_item_grouping":"","bundle_min_size":"","bundle_max_size":"","bundle_price":[],"bundled_items":[],"bundle_sell_ids":[],"atum_controlled":true,"out_stock_date":null,"out_stock_threshold":null,"inheritable":true,"stock_on_hold":0,"sold_today":0,"sales_last_days":0,"out_stock_days":0,"lost_sales":0,"update_date":"2026-05-01T00:14:21","atum_locations":[],"atum_stock_status":"instock","restock_status":false,"low_stock_amount":"","sales_update_date":"2026-05-01T00:14:21","calc_backorders":null,"group_of_quantity":0,"min_quantity":0,"max_quantity":"","exclude_order_quantity_value_rules":"no","exclude_category_quantity_rules":"no","combine_variations":"no","yoast_head":"<!-- This site is optimized with the Yoast SEO Premium plugin v26.5 (Yoast SEO v26.5) - https:\/\/yoast.com\/wordpress\/plugins\/seo\/ -->\n<title>Zdravetz Essential Oil | Living Libations<\/title>\n<meta name=\"description\" content=\"Zdravtez essential oil mag schwer auszusprechen sein, aber es ist so einfach zu tragen. Dieses seltene und einzigartige Aroma kommt aus Bulgarien zu uns.\" \/>\n<meta name=\"robots\" content=\"index, follow, max-snippet:-1, max-image-preview:large, max-video-preview:-1\" \/>\n<link rel=\"canonical\" href=\"https:\/\/dutchhealthstore.com\/de\/product\/zdravets-essential-oil\/\" \/>\n<meta property=\"og:locale\" content=\"de_DE\" \/>\n<meta property=\"og:type\" content=\"article\" \/>\n<meta property=\"og:title\" content=\"Zdravetz Essential Oil - Dutch Health Store\" \/>\n<meta property=\"og:description\" content=\"Zdravtez essential oil mag schwer auszusprechen sein, aber es ist so einfach zu tragen. Dieses seltene und einzigartige Aroma kommt aus Bulgarien zu uns.\" \/>\n<meta property=\"og:url\" content=\"https:\/\/dutchhealthstore.com\/de\/product\/zdravets-essential-oil\/\" \/>\n<meta property=\"og:site_name\" content=\"Dutch Health Store\" \/>\n<meta property=\"article:publisher\" content=\"https:\/\/www.instagram.com\/dutchhealthstore\/\" \/>\n<meta property=\"article:modified_time\" content=\"2023-02-16T13:31:23+00:00\" \/>\n<meta property=\"og:image\" content=\"https:\/\/dutchhealthstore.com\/wp-content\/uploads\/2020\/06\/Living-Libations-zdravetz-essential-oil-e1592292558505.jpg\" \/>\n\t<meta property=\"og:image:width\" content=\"500\" \/>\n\t<meta property=\"og:image:height\" content=\"500\" \/>\n\t<meta property=\"og:image:type\" content=\"image\/jpeg\" \/>\n<meta name=\"twitter:card\" content=\"summary_large_image\" \/>\n<meta name=\"twitter:label1\" content=\"Verf\u00fcgbarkeit\" \/>\n\t<meta name=\"twitter:data1\" content=\"Auf Lager\" \/>\n<script type=\"application\/ld+json\" class=\"yoast-schema-graph\">{\"@context\":\"https:\/\/schema.org\",\"@graph\":[{\"@type\":\"WebPage\",\"@id\":\"https:\/\/dutchhealthstore.com\/de\/product\/zdravets-essential-oil\/\",\"url\":\"https:\/\/dutchhealthstore.com\/de\/product\/zdravets-essential-oil\/\",\"name\":\"Zdravetz Essential Oil | Living Libations\",\"isPartOf\":{\"@id\":\"https:\/\/dutchhealthstore.com\/de\/#website\"},\"primaryImageOfPage\":{\"@id\":\"https:\/\/dutchhealthstore.com\/de\/product\/zdravets-essential-oil\/#primaryimage\"},\"image\":{\"@id\":\"https:\/\/dutchhealthstore.com\/de\/product\/zdravets-essential-oil\/#primaryimage\"},\"thumbnailUrl\":\"https:\/\/dutchhealthstore.com\/wp-content\/uploads\/2020\/06\/Living-Libations-zdravetz-essential-oil-e1592292558505.jpg\",\"datePublished\":\"2020-06-16T05:31:34+00:00\",\"dateModified\":\"2023-02-16T13:31:23+00:00\",\"description\":\"Zdravtez essential oil mag schwer auszusprechen sein, aber es ist so einfach zu tragen. Dieses seltene und einzigartige Aroma kommt aus Bulgarien zu uns.\",\"breadcrumb\":{\"@id\":\"https:\/\/dutchhealthstore.com\/de\/product\/zdravets-essential-oil\/#breadcrumb\"},\"inLanguage\":\"de\",\"potentialAction\":[{\"@type\":\"ReadAction\",\"target\":[\"https:\/\/dutchhealthstore.com\/de\/product\/zdravets-essential-oil\/\"]}]},{\"@type\":\"ImageObject\",\"inLanguage\":\"de\",\"@id\":\"https:\/\/dutchhealthstore.com\/de\/product\/zdravets-essential-oil\/#primaryimage\",\"url\":\"https:\/\/dutchhealthstore.com\/wp-content\/uploads\/2020\/06\/Living-Libations-zdravetz-essential-oil-e1592292558505.jpg\",\"contentUrl\":\"https:\/\/dutchhealthstore.com\/wp-content\/uploads\/2020\/06\/Living-Libations-zdravetz-essential-oil-e1592292558505.jpg\",\"width\":500,\"height\":500},{\"@type\":\"BreadcrumbList\",\"@id\":\"https:\/\/dutchhealthstore.com\/de\/product\/zdravets-essential-oil\/#breadcrumb\",\"itemListElement\":[{\"@type\":\"ListItem\",\"position\":1,\"name\":\"Home\",\"item\":\"https:\/\/dutchhealthstore.com\/de\/\"},{\"@type\":\"ListItem\",\"position\":2,\"name\":\"Shop\",\"item\":\"https:\/\/dutchhealthstore.com\/de\/shop-2\/\"},{\"@type\":\"ListItem\",\"position\":3,\"name\":\"Zdravetz Essential Oil\"}]},{\"@type\":\"WebSite\",\"@id\":\"https:\/\/dutchhealthstore.com\/de\/#website\",\"url\":\"https:\/\/dutchhealthstore.com\/de\/\",\"name\":\"Dutch Health Store\",\"description\":\"Enhance Your Beauty with Organic &amp; Natural Skincare\",\"publisher\":{\"@id\":\"https:\/\/dutchhealthstore.com\/de\/#organization\"},\"potentialAction\":[{\"@type\":\"SearchAction\",\"target\":{\"@type\":\"EntryPoint\",\"urlTemplate\":\"https:\/\/dutchhealthstore.com\/de\/?s={search_term_string}\"},\"query-input\":{\"@type\":\"PropertyValueSpecification\",\"valueRequired\":true,\"valueName\":\"search_term_string\"}}],\"inLanguage\":\"de\"},{\"@type\":\"Organization\",\"@id\":\"https:\/\/dutchhealthstore.com\/de\/#organization\",\"name\":\"Dutch Health Store\",\"url\":\"https:\/\/dutchhealthstore.com\/de\/\",\"logo\":{\"@type\":\"ImageObject\",\"inLanguage\":\"de\",\"@id\":\"https:\/\/dutchhealthstore.com\/de\/#\/schema\/logo\/image\/\",\"url\":\"https:\/\/dutchhealthstore.com\/wp-content\/uploads\/2020\/08\/logo-dutchhealthstore-jpg-e1599484957574.jpg\",\"contentUrl\":\"https:\/\/dutchhealthstore.com\/wp-content\/uploads\/2020\/08\/logo-dutchhealthstore-jpg-e1599484957574.jpg\",\"width\":400,\"height\":62,\"caption\":\"Dutch Health Store\"},\"image\":{\"@id\":\"https:\/\/dutchhealthstore.com\/de\/#\/schema\/logo\/image\/\"},\"sameAs\":[\"https:\/\/www.instagram.com\/dutchhealthstore\/\",\"https:\/\/www.facebook.com\/dutchhealthstore\"]}]}<\/script>\n<meta property=\"product:brand\" content=\"Living Libations\" \/>\n<meta property=\"og:availability\" content=\"instock\" \/>\n<meta property=\"product:availability\" content=\"instock\" \/>\n<meta property=\"product:condition\" content=\"new\" \/>\n<!-- \/ Yoast SEO Premium plugin. -->","yoast_head_json":{"title":"Zdravetz Essential Oil | Living Libations","description":"Zdravtez essential oil mag schwer auszusprechen sein, aber es ist so einfach zu tragen. Dieses seltene und einzigartige Aroma kommt aus Bulgarien zu uns.","robots":{"index":"index","follow":"follow","max-snippet":"max-snippet:-1","max-image-preview":"max-image-preview:large","max-video-preview":"max-video-preview:-1"},"canonical":"https:\/\/dutchhealthstore.com\/de\/product\/zdravets-essential-oil\/","og_locale":"de_DE","og_type":"article","og_title":"Zdravetz Essential Oil - Dutch Health Store","og_description":"Zdravtez essential oil mag schwer auszusprechen sein, aber es ist so einfach zu tragen. Dieses seltene und einzigartige Aroma kommt aus Bulgarien zu uns.","og_url":"https:\/\/dutchhealthstore.com\/de\/product\/zdravets-essential-oil\/","og_site_name":"Dutch Health Store","article_publisher":"https:\/\/www.instagram.com\/dutchhealthstore\/","article_modified_time":"2023-02-16T13:31:23+00:00","og_image":[{"width":500,"height":500,"url":"https:\/\/dutchhealthstore.com\/wp-content\/uploads\/2020\/06\/Living-Libations-zdravetz-essential-oil-e1592292558505.jpg","type":"image\/jpeg"}],"twitter_card":"summary_large_image","twitter_misc":{"Verf\u00fcgbarkeit":"Auf Lager"},"schema":{"@context":"https:\/\/schema.org","@graph":[{"@type":"WebPage","@id":"https:\/\/dutchhealthstore.com\/de\/product\/zdravets-essential-oil\/","url":"https:\/\/dutchhealthstore.com\/de\/product\/zdravets-essential-oil\/","name":"Zdravetz Essential Oil | Living Libations","isPartOf":{"@id":"https:\/\/dutchhealthstore.com\/de\/#website"},"primaryImageOfPage":{"@id":"https:\/\/dutchhealthstore.com\/de\/product\/zdravets-essential-oil\/#primaryimage"},"image":{"@id":"https:\/\/dutchhealthstore.com\/de\/product\/zdravets-essential-oil\/#primaryimage"},"thumbnailUrl":"https:\/\/dutchhealthstore.com\/wp-content\/uploads\/2020\/06\/Living-Libations-zdravetz-essential-oil-e1592292558505.jpg","datePublished":"2020-06-16T05:31:34+00:00","dateModified":"2023-02-16T13:31:23+00:00","description":"Zdravtez essential oil mag schwer auszusprechen sein, aber es ist so einfach zu tragen. Dieses seltene und einzigartige Aroma kommt aus Bulgarien zu uns.","breadcrumb":{"@id":"https:\/\/dutchhealthstore.com\/de\/product\/zdravets-essential-oil\/#breadcrumb"},"inLanguage":"de","potentialAction":[{"@type":"ReadAction","target":["https:\/\/dutchhealthstore.com\/de\/product\/zdravets-essential-oil\/"]}]},{"@type":"ImageObject","inLanguage":"de","@id":"https:\/\/dutchhealthstore.com\/de\/product\/zdravets-essential-oil\/#primaryimage","url":"https:\/\/dutchhealthstore.com\/wp-content\/uploads\/2020\/06\/Living-Libations-zdravetz-essential-oil-e1592292558505.jpg","contentUrl":"https:\/\/dutchhealthstore.com\/wp-content\/uploads\/2020\/06\/Living-Libations-zdravetz-essential-oil-e1592292558505.jpg","width":500,"height":500},{"@type":"BreadcrumbList","@id":"https:\/\/dutchhealthstore.com\/de\/product\/zdravets-essential-oil\/#breadcrumb","itemListElement":[{"@type":"ListItem","position":1,"name":"Home","item":"https:\/\/dutchhealthstore.com\/de\/"},{"@type":"ListItem","position":2,"name":"Shop","item":"https:\/\/dutchhealthstore.com\/de\/shop-2\/"},{"@type":"ListItem","position":3,"name":"Zdravetz Essential Oil"}]},{"@type":"WebSite","@id":"https:\/\/dutchhealthstore.com\/de\/#website","url":"https:\/\/dutchhealthstore.com\/de\/","name":"Dutch Health Store","description":"Enhance Your Beauty with Organic &amp; Natural Skincare","publisher":{"@id":"https:\/\/dutchhealthstore.com\/de\/#organization"},"potentialAction":[{"@type":"SearchAction","target":{"@type":"EntryPoint","urlTemplate":"https:\/\/dutchhealthstore.com\/de\/?s={search_term_string}"},"query-input":{"@type":"PropertyValueSpecification","valueRequired":true,"valueName":"search_term_string"}}],"inLanguage":"de"},{"@type":"Organization","@id":"https:\/\/dutchhealthstore.com\/de\/#organization","name":"Dutch Health Store","url":"https:\/\/dutchhealthstore.com\/de\/","logo":{"@type":"ImageObject","inLanguage":"de","@id":"https:\/\/dutchhealthstore.com\/de\/#\/schema\/logo\/image\/","url":"https:\/\/dutchhealthstore.com\/wp-content\/uploads\/2020\/08\/logo-dutchhealthstore-jpg-e1599484957574.jpg","contentUrl":"https:\/\/dutchhealthstore.com\/wp-content\/uploads\/2020\/08\/logo-dutchhealthstore-jpg-e1599484957574.jpg","width":400,"height":62,"caption":"Dutch Health Store"},"image":{"@id":"https:\/\/dutchhealthstore.com\/de\/#\/schema\/logo\/image\/"},"sameAs":["https:\/\/www.instagram.com\/dutchhealthstore\/","https:\/\/www.facebook.com\/dutchhealthstore"]}]},"product_brand":"Living Libations","og_availability":"instock","product_availability":"instock","product_condition":"new"},"_links":{"self":[{"href":"https:\/\/dutchhealthstore.com\/de\/wp-json\/wp\/v2\/product\/125374","targetHints":{"allow":["GET"]}}],"collection":[{"href":"https:\/\/dutchhealthstore.com\/de\/wp-json\/wp\/v2\/product"}],"about":[{"href":"https:\/\/dutchhealthstore.com\/de\/wp-json\/wp\/v2\/types\/product"}],"replies":[{"embeddable":true,"href":"https:\/\/dutchhealthstore.com\/de\/wp-json\/wp\/v2\/comments?post=125374"}],"wp:featuredmedia":[{"embeddable":true,"href":"https:\/\/dutchhealthstore.com\/de\/wp-json\/wp\/v2\/media\/107273"}],"wp:attachment":[{"href":"https:\/\/dutchhealthstore.com\/de\/wp-json\/wp\/v2\/media?parent=125374"}],"wp:term":[{"taxonomy":"product_brand","embeddable":true,"href":"https:\/\/dutchhealthstore.com\/de\/wp-json\/wp\/v2\/product_brand?post=125374"},{"taxonomy":"product_cat","embeddable":true,"href":"https:\/\/dutchhealthstore.com\/de\/wp-json\/wp\/v2\/product_cat?post=125374"},{"taxonomy":"product_tag","embeddable":true,"href":"https:\/\/dutchhealthstore.com\/de\/wp-json\/wp\/v2\/product_tag?post=125374"}],"curies":[{"name":"wp","href":"https:\/\/api.w.org\/{rel}","templated":true}]}}