{"id":125353,"date":"2020-06-30T06:31:06","date_gmt":"2020-06-30T04:31:06","guid":{"rendered":"https:\/\/dutchhealthstore.com\/product\/ylang-essential-oil\/"},"modified":"2026-03-28T20:23:05","modified_gmt":"2026-03-28T19:23:05","slug":"ylang-essential-oil","status":"publish","type":"product","link":"https:\/\/dutchhealthstore.com\/de\/product\/ylang-essential-oil\/","title":{"rendered":"Ylang Essential Oil"},"content":{"rendered":"<p><img decoding=\"async\" class=\"alignright size-full wp-image-69549\" src=\"https:\/\/dutchhealthstore.com\/wp-content\/uploads\/2019\/08\/NEW-Living-Libations-Logo.jpg\" alt=\"NEW - Living Libations - Logo\" width=\"175\" height=\"82\">Bei Living Libations bevorzugen wir den seltenen ersten Teil der Destillation, der als &#8222;Extra&#8220; oder &#8222;Superior&#8220; bezeichnet wird.<br \/>\nDiese erste Destillation ist die Cr\u00e8me de la Cr\u00e8me der Ernte, denn sie verstr\u00f6mt das \u00e4therischste Aroma, da sie den h\u00f6chsten Anteil an aromatischen und lieblichen Esterverbindungen aufweist.<br \/>\nDie anschlie\u00dfenden Destillationen werden als 1., 2. und 3. klassifiziert, die die am h\u00e4ufigsten verf\u00fcgbaren Destillationen sind. Ylang ist eine umh\u00fcllende blumige Essenz, die einen in die sinnliche Luft eines tropischen Gartens entf\u00fchrt.<\/p>\n<p><strong>Botanischer Name:<\/strong> Cananga odorata<br \/>\n<strong>Botanische Familie:<\/strong> Annonaceae<br \/>\n<strong>Extraktionsverfahren:<\/strong> Dampfdestilliert<br \/>\n<strong>Teil der Pflanze Destilliert:<\/strong> Bl\u00fcten<br \/>\n<strong>Herkunftsland:<\/strong> Madagaskar<br \/>\n<strong>Anbaumethode:<\/strong> Bio<br \/>\n<strong>Zusammensetzung:<\/strong> 100% Cananga odorata<br \/>\n<strong>Konsistenz:<\/strong> D\u00fcnn<\/p>\n<h3>Beschreibung des Duftes<\/h3>\n<p>Blumig, frisch und zart, mit s\u00fc\u00df-syrupartigen Noten der Verf\u00fchrung.<\/p>\n<h3>In Living Libations<\/h3>\n<p>Grapefruit Stellar Renewal, Petal Poetic Pits, Fire Lily Petal Perfume, Petal Passion, Love Wine, Bliss Like This Chocolate Bar, Rose Best Skin Ever, Rose Glow Serum, Rose Glow Lover Lips, Bliss Tonic, Being Free is Lots of Fun Perfume, und Languid Love Butter.<\/p>\n<h3>Gut mischbar mit<\/h3>\n<p>Rose, Jasmin, Grapefruit, Ingwer, Kardamom, Zitrone, Bergamotte, Lavendel, Vanille, Nelke, Gardenie, Neroli, Sandelholz, Spikenard, Geranie und Limette.<\/p>\n<a href=\"https:\/\/dutchhealthstore.com\/wp-content\/uploads\/2020\/06\/ANALYSIS-Ylang-Essential-Oil-Living-Libations.pdf\" class=\"button primary is-primary is-small\"  >\n\t\t<span>ANALYSE DER \u00c4THERISCHEN \u00d6LE &gt;<\/span>\n\t<\/a>\n\n<h3>Verwendet<\/h3>\n<p>Beruhigt Spannungen und harmonisiert K\u00f6rper und Geist. Hervorragender Feuchtigkeitsspender und Hautfettausgleicher. Hilft dem Haar, g\u00f6ttlich zu gl\u00e4nzen. Verleiht Liebestr\u00e4nken und angenehmen Parf\u00fcms s\u00fc\u00dfe Sinnlichkeit und Verspieltheit. Ein Vergn\u00fcgen zu diffundieren, besonders mit Zitrusfr\u00fcchten. Eine wohlwollende badende Sch\u00f6nheit.<\/p>\n<p style=\"text-align: left;\">Unser hochwertiges Ylang-Destillat eignet sich hervorragend f\u00fcr die Hautpflege, da es reich an Estern ist und die Haut, die sich gestresst f\u00fchlt, wieder in Sch\u00f6nheit erstrahlen l\u00e4sst. Es ist auch ein erhabener, s\u00fc\u00dfer Liebestrank und ein entspannendes Tonikum, das Gef\u00fchle von Sorgen und Stress lindern kann. Das berauschende, s\u00fc\u00dfe Aroma ist langanhaltend und inspirierend und zaubert einen Hauch von skurriler, sinnlicher Pracht. Ylang bes\u00e4nftigt die Sinne und hilft Ihnen zu erkennen, was f\u00fcr Sie im Moment wahr ist.<\/p>\n<h3>Organic Ingredients<\/h3>\n<p>100% \u00e4therisches Ylang-\u00d6l (Cananga odorata).<\/p>\n<p style=\"text-align: center;\"><em>&#8222;Der Duft der Blume aller Blumen ist sanft, s\u00fc\u00df und erotisch und weckt Assoziationen an Orchideen und Mandeln. Der Duft stimuliert den Teil des Gehirns, der Endorphine freisetzt. Er ist daher hilfreich bei der Schmerzlinderung sowie bei der Erzeugung euphorischer und erotischer Stimmungen.<\/em><br \/>\n~ Suzanne Fischer-Rizzi, <strong>Complete Aromatherapy Handbook<\/strong><\/p>\n<p style=\"text-align: center;\"><em>&#8222;Ylang Ylang ist das zarte Herz, dessen h\u00e4ngende Bl\u00fctenbl\u00e4tter im Wind tanzen, als ob es durch seine Flexibilit\u00e4t sein zartes Herz vor der Zerst\u00f6rung sch\u00fctzt.<\/em><br \/>\n~ Valerie Ann Worwood, <strong>Aromatherapy for the Soul<\/strong><\/p>\n<p style=\"text-align: center;\"><em>&#8222;Ylang Ylang wird vom Parf\u00fcmeur wegen seiner eigenen Duftsch\u00f6nheit verwendet, aber auch als Modifizierungsmittel und in gewissem Ma\u00dfe wegen seiner fixierenden Wirkung.<\/em><br \/>\n~ Jill Jesse, <strong>Perfume Album<\/strong><\/p>\n<p style=\"text-align: center;\"><em>&#8222;Ylang-Ylang-\u00d6l ist f\u00fcr alle Hauttypen geeignet, aber besonders wirksam bei fettiger Haut, da es die \u00d6lproduktion ausgleicht und \u00fcberm\u00e4\u00dfige Fettigkeit reduziert. Indem es bakterielle Infektionen bek\u00e4mpft, hilft es, Akne und Hautunreinheiten zu kontrollieren.<\/em><br \/>\n~ Roberta Wilson, <strong>Aromatherapy: Essential Oils for Vibrant Health and Beauty<\/strong><\/p>\n<p><img fetchpriority=\"high\" decoding=\"async\" class=\"size-medium wp-image-68103 aligncenter\" src=\"https:\/\/dutchhealthstore.com\/wp-content\/uploads\/2018\/02\/Living-Libations-Organic-Logo-800x89.png\" alt=\"Living Libations - Organic Logo\" width=\"800\" height=\"89\" srcset=\"https:\/\/dutchhealthstore.com\/wp-content\/uploads\/2018\/02\/Living-Libations-Organic-Logo-800x89.png 800w, https:\/\/dutchhealthstore.com\/wp-content\/uploads\/2018\/02\/Living-Libations-Organic-Logo-510x57.png 510w, https:\/\/dutchhealthstore.com\/wp-content\/uploads\/2018\/02\/Living-Libations-Organic-Logo-768x85.png 768w, https:\/\/dutchhealthstore.com\/wp-content\/uploads\/2018\/02\/Living-Libations-Organic-Logo.png 1400w\" sizes=\"(max-width: 800px) 100vw, 800px\" \/><\/p>\n","protected":false},"excerpt":{"rendered":"<p>W\u00e4hrend andere schlafen, verstr\u00f6mt Ylang, die Blume der Blumen, ihren exotischen Duft in einer tropischen Brise.<br \/>\nUnser <strong>Ylang Essential Oil<\/strong> wird in der \u00fcppigen Natur von Nossi-B\u00e8, Madagaskar, dampfdestilliert.<br \/>\nEinzigartig unter den Blumendestillationen, hat Ylang eine hohe \u00d6lausbeute und wird in vier Stufen destilliert.<\/p>\n","protected":false},"featured_media":45624,"comment_status":"open","ping_status":"closed","template":"","meta":[],"product_brand":[],"product_cat":[1508,1546,6737,1493,1210,6736],"product_tag":[1547],"class_list":{"0":"post-125353","1":"product","2":"type-product","3":"status-publish","4":"has-post-thumbnail","6":"product_cat-aetherische-oele-living-libations","7":"product_cat-essential-oils-living-libations-de","8":"product_cat-essential-oils-de-2","9":"product_cat-living-libations-deutschland","10":"product_cat-marken","11":"product_cat-wellness-de","12":"product_tag-essential-oil-de","13":"pa_brand-livinglibations-de","14":"pa_essential-oils-product-type-essential-oils-de","15":"pa_size-5-ml-de","16":"pa_size-15-ml-de-2","17":"pa_size-30-ml-de","19":"first","20":"instock","21":"taxable","22":"shipping-taxable","23":"purchasable","24":"product-type-variable"},"bundled_by":[],"bundle_stock_status":"instock","bundle_stock_quantity":null,"bundle_virtual":false,"bundle_layout":"","bundle_add_to_cart_form_location":"","bundle_editable_in_cart":false,"bundle_sold_individually_context":"","bundle_item_grouping":"","bundle_min_size":"","bundle_max_size":"","bundle_price":[],"bundled_items":[],"bundle_sell_ids":[],"atum_controlled":true,"out_stock_date":null,"out_stock_threshold":null,"inheritable":true,"stock_on_hold":0,"sold_today":0,"sales_last_days":1,"out_stock_days":0,"lost_sales":0,"update_date":"2026-04-11T00:02:14","atum_locations":[],"atum_stock_status":"instock","restock_status":false,"low_stock_amount":"","sales_update_date":"2026-04-11T00:02:14","calc_backorders":null,"group_of_quantity":0,"min_quantity":0,"max_quantity":"","exclude_order_quantity_value_rules":"no","exclude_category_quantity_rules":"no","combine_variations":"no","yoast_head":"<!-- This site is optimized with the Yoast SEO Premium plugin v26.5 (Yoast SEO v26.5) - https:\/\/yoast.com\/wordpress\/plugins\/seo\/ -->\n<title>Ylang Essential Oil | Living Libations<\/title>\n<meta name=\"description\" content=\"Diese erste Destillation ist die Cr\u00e8me de la Cr\u00e8me der Ernte, denn sie verstr\u00f6mt das \u00e4therischste Aroma, da sie den h\u00f6chsten Anteil an aromatischen und lieblichen Esterverbindungen aufweist.\" \/>\n<meta name=\"robots\" content=\"index, follow, max-snippet:-1, max-image-preview:large, max-video-preview:-1\" \/>\n<link rel=\"canonical\" href=\"https:\/\/dutchhealthstore.com\/de\/product\/ylang-essential-oil\/\" \/>\n<meta property=\"og:locale\" content=\"de_DE\" \/>\n<meta property=\"og:type\" content=\"article\" \/>\n<meta property=\"og:title\" content=\"Ylang Essential Oil - Dutch Health Store\" \/>\n<meta property=\"og:description\" content=\"Diese erste Destillation ist die Cr\u00e8me de la Cr\u00e8me der Ernte, denn sie verstr\u00f6mt das \u00e4therischste Aroma, da sie den h\u00f6chsten Anteil an aromatischen und lieblichen Esterverbindungen aufweist.\" \/>\n<meta property=\"og:url\" content=\"https:\/\/dutchhealthstore.com\/de\/product\/ylang-essential-oil\/\" \/>\n<meta property=\"og:site_name\" content=\"Dutch Health Store\" \/>\n<meta property=\"article:publisher\" content=\"https:\/\/www.instagram.com\/dutchhealthstore\/\" \/>\n<meta property=\"article:modified_time\" content=\"2026-03-28T19:23:05+00:00\" \/>\n<meta property=\"og:image\" content=\"https:\/\/dutchhealthstore.com\/wp-content\/uploads\/2018\/10\/Living-Libations-Ylang-Essential-Oil.jpg\" \/>\n\t<meta property=\"og:image:width\" content=\"451\" \/>\n\t<meta property=\"og:image:height\" content=\"300\" \/>\n\t<meta property=\"og:image:type\" content=\"image\/jpeg\" \/>\n<meta name=\"twitter:card\" content=\"summary_large_image\" \/>\n<meta name=\"twitter:label1\" content=\"Verf\u00fcgbarkeit\" \/>\n\t<meta name=\"twitter:data1\" content=\"Auf Lager\" \/>\n<script type=\"application\/ld+json\" class=\"yoast-schema-graph\">{\"@context\":\"https:\/\/schema.org\",\"@graph\":[{\"@type\":\"WebPage\",\"@id\":\"https:\/\/dutchhealthstore.com\/de\/product\/ylang-essential-oil\/\",\"url\":\"https:\/\/dutchhealthstore.com\/de\/product\/ylang-essential-oil\/\",\"name\":\"Ylang Essential Oil | Living Libations\",\"isPartOf\":{\"@id\":\"https:\/\/dutchhealthstore.com\/de\/#website\"},\"primaryImageOfPage\":{\"@id\":\"https:\/\/dutchhealthstore.com\/de\/product\/ylang-essential-oil\/#primaryimage\"},\"image\":{\"@id\":\"https:\/\/dutchhealthstore.com\/de\/product\/ylang-essential-oil\/#primaryimage\"},\"thumbnailUrl\":\"https:\/\/dutchhealthstore.com\/wp-content\/uploads\/2018\/10\/Living-Libations-Ylang-Essential-Oil.jpg\",\"datePublished\":\"2020-06-30T04:31:06+00:00\",\"dateModified\":\"2026-03-28T19:23:05+00:00\",\"description\":\"Diese erste Destillation ist die Cr\u00e8me de la Cr\u00e8me der Ernte, denn sie verstr\u00f6mt das \u00e4therischste Aroma, da sie den h\u00f6chsten Anteil an aromatischen und lieblichen Esterverbindungen aufweist.\",\"breadcrumb\":{\"@id\":\"https:\/\/dutchhealthstore.com\/de\/product\/ylang-essential-oil\/#breadcrumb\"},\"inLanguage\":\"de\",\"potentialAction\":[{\"@type\":\"ReadAction\",\"target\":[\"https:\/\/dutchhealthstore.com\/de\/product\/ylang-essential-oil\/\"]}]},{\"@type\":\"ImageObject\",\"inLanguage\":\"de\",\"@id\":\"https:\/\/dutchhealthstore.com\/de\/product\/ylang-essential-oil\/#primaryimage\",\"url\":\"https:\/\/dutchhealthstore.com\/wp-content\/uploads\/2018\/10\/Living-Libations-Ylang-Essential-Oil.jpg\",\"contentUrl\":\"https:\/\/dutchhealthstore.com\/wp-content\/uploads\/2018\/10\/Living-Libations-Ylang-Essential-Oil.jpg\",\"width\":451,\"height\":300,\"caption\":\"Ylang Essential Oil\"},{\"@type\":\"BreadcrumbList\",\"@id\":\"https:\/\/dutchhealthstore.com\/de\/product\/ylang-essential-oil\/#breadcrumb\",\"itemListElement\":[{\"@type\":\"ListItem\",\"position\":1,\"name\":\"Home\",\"item\":\"https:\/\/dutchhealthstore.com\/de\/\"},{\"@type\":\"ListItem\",\"position\":2,\"name\":\"Shop\",\"item\":\"https:\/\/dutchhealthstore.com\/de\/shop-2\/\"},{\"@type\":\"ListItem\",\"position\":3,\"name\":\"Ylang Essential Oil\"}]},{\"@type\":\"WebSite\",\"@id\":\"https:\/\/dutchhealthstore.com\/de\/#website\",\"url\":\"https:\/\/dutchhealthstore.com\/de\/\",\"name\":\"Dutch Health Store\",\"description\":\"Enhance Your Beauty with Organic &amp; Natural Skincare\",\"publisher\":{\"@id\":\"https:\/\/dutchhealthstore.com\/de\/#organization\"},\"potentialAction\":[{\"@type\":\"SearchAction\",\"target\":{\"@type\":\"EntryPoint\",\"urlTemplate\":\"https:\/\/dutchhealthstore.com\/de\/?s={search_term_string}\"},\"query-input\":{\"@type\":\"PropertyValueSpecification\",\"valueRequired\":true,\"valueName\":\"search_term_string\"}}],\"inLanguage\":\"de\"},{\"@type\":\"Organization\",\"@id\":\"https:\/\/dutchhealthstore.com\/de\/#organization\",\"name\":\"Dutch Health Store\",\"url\":\"https:\/\/dutchhealthstore.com\/de\/\",\"logo\":{\"@type\":\"ImageObject\",\"inLanguage\":\"de\",\"@id\":\"https:\/\/dutchhealthstore.com\/de\/#\/schema\/logo\/image\/\",\"url\":\"https:\/\/dutchhealthstore.com\/wp-content\/uploads\/2020\/08\/logo-dutchhealthstore-jpg-e1599484957574.jpg\",\"contentUrl\":\"https:\/\/dutchhealthstore.com\/wp-content\/uploads\/2020\/08\/logo-dutchhealthstore-jpg-e1599484957574.jpg\",\"width\":400,\"height\":62,\"caption\":\"Dutch Health Store\"},\"image\":{\"@id\":\"https:\/\/dutchhealthstore.com\/de\/#\/schema\/logo\/image\/\"},\"sameAs\":[\"https:\/\/www.instagram.com\/dutchhealthstore\/\",\"https:\/\/www.facebook.com\/dutchhealthstore\"]}]}<\/script>\n<meta property=\"product:brand\" content=\"Living Libations\" \/>\n<meta property=\"og:availability\" content=\"instock\" \/>\n<meta property=\"product:availability\" content=\"instock\" \/>\n<meta property=\"product:condition\" content=\"new\" \/>\n<!-- \/ Yoast SEO Premium plugin. -->","yoast_head_json":{"title":"Ylang Essential Oil | Living Libations","description":"Diese erste Destillation ist die Cr\u00e8me de la Cr\u00e8me der Ernte, denn sie verstr\u00f6mt das \u00e4therischste Aroma, da sie den h\u00f6chsten Anteil an aromatischen und lieblichen Esterverbindungen aufweist.","robots":{"index":"index","follow":"follow","max-snippet":"max-snippet:-1","max-image-preview":"max-image-preview:large","max-video-preview":"max-video-preview:-1"},"canonical":"https:\/\/dutchhealthstore.com\/de\/product\/ylang-essential-oil\/","og_locale":"de_DE","og_type":"article","og_title":"Ylang Essential Oil - Dutch Health Store","og_description":"Diese erste Destillation ist die Cr\u00e8me de la Cr\u00e8me der Ernte, denn sie verstr\u00f6mt das \u00e4therischste Aroma, da sie den h\u00f6chsten Anteil an aromatischen und lieblichen Esterverbindungen aufweist.","og_url":"https:\/\/dutchhealthstore.com\/de\/product\/ylang-essential-oil\/","og_site_name":"Dutch Health Store","article_publisher":"https:\/\/www.instagram.com\/dutchhealthstore\/","article_modified_time":"2026-03-28T19:23:05+00:00","og_image":[{"width":451,"height":300,"url":"https:\/\/dutchhealthstore.com\/wp-content\/uploads\/2018\/10\/Living-Libations-Ylang-Essential-Oil.jpg","type":"image\/jpeg"}],"twitter_card":"summary_large_image","twitter_misc":{"Verf\u00fcgbarkeit":"Auf Lager"},"schema":{"@context":"https:\/\/schema.org","@graph":[{"@type":"WebPage","@id":"https:\/\/dutchhealthstore.com\/de\/product\/ylang-essential-oil\/","url":"https:\/\/dutchhealthstore.com\/de\/product\/ylang-essential-oil\/","name":"Ylang Essential Oil | Living Libations","isPartOf":{"@id":"https:\/\/dutchhealthstore.com\/de\/#website"},"primaryImageOfPage":{"@id":"https:\/\/dutchhealthstore.com\/de\/product\/ylang-essential-oil\/#primaryimage"},"image":{"@id":"https:\/\/dutchhealthstore.com\/de\/product\/ylang-essential-oil\/#primaryimage"},"thumbnailUrl":"https:\/\/dutchhealthstore.com\/wp-content\/uploads\/2018\/10\/Living-Libations-Ylang-Essential-Oil.jpg","datePublished":"2020-06-30T04:31:06+00:00","dateModified":"2026-03-28T19:23:05+00:00","description":"Diese erste Destillation ist die Cr\u00e8me de la Cr\u00e8me der Ernte, denn sie verstr\u00f6mt das \u00e4therischste Aroma, da sie den h\u00f6chsten Anteil an aromatischen und lieblichen Esterverbindungen aufweist.","breadcrumb":{"@id":"https:\/\/dutchhealthstore.com\/de\/product\/ylang-essential-oil\/#breadcrumb"},"inLanguage":"de","potentialAction":[{"@type":"ReadAction","target":["https:\/\/dutchhealthstore.com\/de\/product\/ylang-essential-oil\/"]}]},{"@type":"ImageObject","inLanguage":"de","@id":"https:\/\/dutchhealthstore.com\/de\/product\/ylang-essential-oil\/#primaryimage","url":"https:\/\/dutchhealthstore.com\/wp-content\/uploads\/2018\/10\/Living-Libations-Ylang-Essential-Oil.jpg","contentUrl":"https:\/\/dutchhealthstore.com\/wp-content\/uploads\/2018\/10\/Living-Libations-Ylang-Essential-Oil.jpg","width":451,"height":300,"caption":"Ylang Essential Oil"},{"@type":"BreadcrumbList","@id":"https:\/\/dutchhealthstore.com\/de\/product\/ylang-essential-oil\/#breadcrumb","itemListElement":[{"@type":"ListItem","position":1,"name":"Home","item":"https:\/\/dutchhealthstore.com\/de\/"},{"@type":"ListItem","position":2,"name":"Shop","item":"https:\/\/dutchhealthstore.com\/de\/shop-2\/"},{"@type":"ListItem","position":3,"name":"Ylang Essential Oil"}]},{"@type":"WebSite","@id":"https:\/\/dutchhealthstore.com\/de\/#website","url":"https:\/\/dutchhealthstore.com\/de\/","name":"Dutch Health Store","description":"Enhance Your Beauty with Organic &amp; Natural Skincare","publisher":{"@id":"https:\/\/dutchhealthstore.com\/de\/#organization"},"potentialAction":[{"@type":"SearchAction","target":{"@type":"EntryPoint","urlTemplate":"https:\/\/dutchhealthstore.com\/de\/?s={search_term_string}"},"query-input":{"@type":"PropertyValueSpecification","valueRequired":true,"valueName":"search_term_string"}}],"inLanguage":"de"},{"@type":"Organization","@id":"https:\/\/dutchhealthstore.com\/de\/#organization","name":"Dutch Health Store","url":"https:\/\/dutchhealthstore.com\/de\/","logo":{"@type":"ImageObject","inLanguage":"de","@id":"https:\/\/dutchhealthstore.com\/de\/#\/schema\/logo\/image\/","url":"https:\/\/dutchhealthstore.com\/wp-content\/uploads\/2020\/08\/logo-dutchhealthstore-jpg-e1599484957574.jpg","contentUrl":"https:\/\/dutchhealthstore.com\/wp-content\/uploads\/2020\/08\/logo-dutchhealthstore-jpg-e1599484957574.jpg","width":400,"height":62,"caption":"Dutch Health Store"},"image":{"@id":"https:\/\/dutchhealthstore.com\/de\/#\/schema\/logo\/image\/"},"sameAs":["https:\/\/www.instagram.com\/dutchhealthstore\/","https:\/\/www.facebook.com\/dutchhealthstore"]}]},"product_brand":"Living Libations","og_availability":"instock","product_availability":"instock","product_condition":"new"},"_links":{"self":[{"href":"https:\/\/dutchhealthstore.com\/de\/wp-json\/wp\/v2\/product\/125353","targetHints":{"allow":["GET"]}}],"collection":[{"href":"https:\/\/dutchhealthstore.com\/de\/wp-json\/wp\/v2\/product"}],"about":[{"href":"https:\/\/dutchhealthstore.com\/de\/wp-json\/wp\/v2\/types\/product"}],"replies":[{"embeddable":true,"href":"https:\/\/dutchhealthstore.com\/de\/wp-json\/wp\/v2\/comments?post=125353"}],"wp:featuredmedia":[{"embeddable":true,"href":"https:\/\/dutchhealthstore.com\/de\/wp-json\/wp\/v2\/media\/45624"}],"wp:attachment":[{"href":"https:\/\/dutchhealthstore.com\/de\/wp-json\/wp\/v2\/media?parent=125353"}],"wp:term":[{"taxonomy":"product_brand","embeddable":true,"href":"https:\/\/dutchhealthstore.com\/de\/wp-json\/wp\/v2\/product_brand?post=125353"},{"taxonomy":"product_cat","embeddable":true,"href":"https:\/\/dutchhealthstore.com\/de\/wp-json\/wp\/v2\/product_cat?post=125353"},{"taxonomy":"product_tag","embeddable":true,"href":"https:\/\/dutchhealthstore.com\/de\/wp-json\/wp\/v2\/product_tag?post=125353"}],"curies":[{"name":"wp","href":"https:\/\/api.w.org\/{rel}","templated":true}]}}