{"id":125341,"date":"2018-02-10T20:12:31","date_gmt":"2018-02-10T19:12:31","guid":{"rendered":"https:\/\/dutchhealthstore.com\/product\/yarrow-essential-oil\/"},"modified":"2025-08-28T14:12:16","modified_gmt":"2025-08-28T12:12:16","slug":"yarrow-essential-oil","status":"publish","type":"product","link":"https:\/\/dutchhealthstore.com\/de\/product\/yarrow-essential-oil\/","title":{"rendered":"Yarrow Essential Oil"},"content":{"rendered":"<div class=\"product media\"><\/div>\n<div class=\"product info detailed\">\n<div class=\"product data items\" role=\"tablist\">\n<div tabindex=\"0\" role=\"tab\" aria-labeledby=\"tab-label-product.info.description-title\" data-role=\"collapsible\" data-collapsible=\"true\" aria-controls=\"product.info.description\" aria-selected=\"false\" aria-expanded=\"true\">\n<p dir=\"ltr\"><img decoding=\"async\" class=\"alignright size-full wp-image-37041\" src=\"https:\/\/dutchhealthstore.com\/wp-content\/uploads\/2018\/04\/Living_Libations-1.png\" alt=\"Organic &amp; Natural Beautyproducts - Living Libations\" width=\"175\" height=\"82\"><span style=\"font-size: 14.4px;\">Unser Yarrow Essential Oil wird aus den kleinen wei\u00dfen und wilden Bl\u00fctenbl\u00e4ttern der Schafgarbe destilliert, die in Kanada wild w\u00e4chst. Die Schafgarbe wurde von den amerikanischen Ureinwohnern ausgiebig in der Kr\u00e4utermedizin verwendet, um Fieber zu senken und die Symptome von Erk\u00e4ltungen und Infektionen der Atemwege zu heilen. Das Kauen der Wurzeln, Bl\u00e4tter und Bl\u00fctenbl\u00e4tter dieser Pflanze erleichterte die Verdauung, und der p\u00fcrierte Brei der Schafgarbe war ein wirksames Heilmittel f\u00fcr Prellungen, Sch\u00fcrfwunden, Schnitte, Wunden und Insektenstiche.<\/span><\/p>\n<p dir=\"ltr\">Die Schafgarbe ist ein echtes dunkelblaues \u00d6l, das dank einer Verbindung namens Chamazulen, die traditionell f\u00fcr ihre beruhigenden und k\u00fchlenden Eigenschaften bekannt ist, reich an beruhigenden Sesquiterpenen ist.<\/p>\n<p dir=\"ltr\"><strong>Botanischer Name:<\/strong> Achillea millefolium<br \/>\n<strong>Botanische Familie:<\/strong> Asteraceae<br \/>\n<strong>Extraktionsverfahren:<\/strong> Dampf<br \/>\n<strong>Teil der Pflanze Destilliert:<\/strong> Bl\u00fchende Spitzen<br \/>\n<strong>Herkunftsland:<\/strong> Bulgarien<br \/>\n<strong>Anbaumethode:<\/strong> Wildsammlung<\/p>\n<\/div>\n<\/div>\n<\/div>\n<div style=\"text-align: left;\" tabindex=\"0\" role=\"tab\" aria-labeledby=\"tab-label-product.info.description-title\" data-role=\"collapsible\" data-collapsible=\"true\" aria-controls=\"product.info.description\" aria-selected=\"false\" aria-expanded=\"true\"><\/div>\n<div style=\"text-align: left;\" tabindex=\"0\" role=\"tab\" aria-labeledby=\"tab-label-product.info.description-title\" data-role=\"collapsible\" data-collapsible=\"true\" aria-controls=\"product.info.description\" aria-selected=\"false\" aria-expanded=\"true\"><a href=\"https:\/\/dutchhealthstore.com\/wp-content\/uploads\/2018\/02\/ESSENTIAL-OIL-ANALYSIS-Yarrow-Essential-Oil-Living-Libations.pdf\" class=\"button primary is-primary is-medium\"  >\n\t\t<span>ANALYSE DER \u00c4THERISCHEN \u00d6LE<\/span>\n\t<\/a>\n<\/div>\n<div class=\"product info detailed\">\n<div class=\"product data items\" role=\"tablist\">\n<div id=\"product.info.description\" class=\"data item content\" role=\"tabpanel\" data-role=\"content\" aria-labelledby=\"tab-label-product.info.description\" aria-hidden=\"false\">\n<div class=\"product attribute description\">\n<div class=\"value\">\n<h3 dir=\"ltr\">Beschreibung des Duftes<\/h3>\n<p dir=\"ltr\">Fruchtig, scharf und krautig<\/p>\n<h3 dir=\"ltr\">In Living Libations<\/h3>\n<p dir=\"ltr\">True Blue Shampoo und Conditioner, Petal Soother Yoni Serum<\/p>\n<h3 dir=\"ltr\">Vertr\u00e4gt sich gut mit<\/h3>\n<p dir=\"ltr\">Weihrauch, Lorbeer, Rainfarn, Lavendel, Majoran, Zitrone, Bergamotte, Inula, Tanne, Fichte, Kiefer, Myrrhe, Rose Otto, Ylang, Thymian, Linalool, Palmarosa, r\u00f6mische Kamille. Deutsche Kamille, schwarzer Pfeffer, Muskatellersalbei, Salbei, Fenchel, Ingwer, Strohblume, Pfefferminze und Kardamom.<\/p>\n<h3 dir=\"ltr\">Verwendet<\/h3>\n<p dir=\"ltr\">Dieses beruhigende und k\u00fchlende \u00d6l wird besonders als Haut- und Gef\u00e4\u00dftonikum empfohlen, das sich perfekt f\u00fcr hautberuhigende Salben und Seren eignet; tr\u00e4ge Lymphsysteme lieben Schafgarbe; die Lungen lieben Schafgarbe in der Salzpfeife; kombinieren Sie es mit Pfefferminze f\u00fcr jeden Bereich, der styptisches &#8222;botanisches Eis&#8220; ben\u00f6tigt &#8211; f\u00fcr alles, was juckt, ist es sicher gut!<\/p>\n<p dir=\"ltr\"><strong>Gr\u00f6\u00dfe: 5 ml und 15 ml<\/strong><\/p>\n<h3 dir=\"ltr\">Bio-Zutaten<\/h3>\n<p dir=\"ltr\">100% \u00e4therisches \u00d6l der Schafgarbe (Achillea millefolium).<\/p>\n<p dir=\"ltr\" style=\"text-align: center;\"><em>&#8222;In der Aromatherapie wird Schafgarben\u00f6l als ausgleichendes Mittel in den Wechseljahren verwendet. <\/em><br \/>\n<em>Bei hormonellen Ver\u00e4nderungen kann sie helfen, das seelische Gleichgewicht zu erhalten und die sich verschiebenden Energien zu reorganisieren. <\/em><br \/>\n<em>Er kann auch bei nerv\u00f6sen Kopfschmerzen, Depressionen, Ersch\u00f6pfung und stressbedingten Problemen eingesetzt werden.<\/em><br \/>\n~ Julia Lawless, <strong>Aromatherapy and the Mind<\/strong><\/p>\n<p dir=\"ltr\" style=\"text-align: center;\"><em>&#8222;Schafgarben\u00f6le sind oft von tiefblauer Farbe, da sie einen hohen Chamazulengehalt aufweisen. <\/em><br \/>\n<em>Schafgarben\u00f6l wird \u00e4u\u00dferlich bei Neuralgien oder Sehnenscheidenentz\u00fcndungen angewendet.<\/em><br \/>\n~ Kurt Schnaubelt, <strong>Advanced Aromatherapy<\/strong><\/p>\n<p dir=\"ltr\" style=\"text-align: center;\"><em>&#8222;Es ist ein Duft zum Tr\u00e4umen, f\u00fcr vision\u00e4re Erlebnisse, zum Reisen mit der Energie des Universums, w\u00e4hrend man gesch\u00fctzt und gen\u00e4hrt wird.&#8220;<\/em><br \/>\n~ Valerie Ann Worwood, <strong>Aromatherapy for the Soul<\/strong><\/p>\n<p dir=\"ltr\" style=\"text-align: center;\"><em>&#8222;Im alten China galt die Schafgarbe als heilige Pflanze und ihre St\u00e4ngel wurden zur Herstellung der 50 St\u00e4be des I Ging verwendet. <\/em><br \/>\n<em>In der chinesischen Kr\u00e4uterkunde galt er als Symbol f\u00fcr ein perfektes Gleichgewicht zwischen den Energien von Yin und Yang, hart und weich, den beiden Polarit\u00e4ten der Natur.&#8220;<\/em><br \/>\n~ Julia Lawless, <strong>Aromatherapy and the Mind<\/strong><\/p>\n<\/div>\n<p dir=\"ltr\">\n<\/div>\n<\/div>\n<p dir=\"ltr\"><img decoding=\"async\" class=\"aligncenter wp-image-31577\" src=\"https:\/\/dutchhealthstore.com\/wp-content\/uploads\/2018\/03\/organic_big.png\" alt=\"Organic and Natural - Living Libations\" width=\"500\" height=\"83\" srcset=\"https:\/\/dutchhealthstore.com\/wp-content\/uploads\/2018\/03\/organic_big.png 623w, https:\/\/dutchhealthstore.com\/wp-content\/uploads\/2018\/03\/organic_big-510x84.png 510w, https:\/\/dutchhealthstore.com\/wp-content\/uploads\/2018\/03\/organic_big-600x99.png 600w, https:\/\/dutchhealthstore.com\/wp-content\/uploads\/2018\/03\/organic_big-350x58.png 350w\" sizes=\"(max-width: 500px) 100vw, 500px\" \/><\/p>\n<\/div>\n<\/div>\n","protected":false},"excerpt":{"rendered":"<p>Living Libations Yarrow essential oil ist ein botanischer Segen, der aus den bl\u00fchenden Spitzen der wilden Schafgarbe dampfdestilliert wird. Diese uralte Pflanze enth\u00e4lt einen k\u00fchlenden Wirkstoff namens Chamazulen, der sich hervorragend zur Beruhigung entz\u00fcndeter Bereiche und Gef\u00fchle eignet. Dieses bew\u00e4hrte blaue \u00d6l ist so wirkungsvoll, dass Achilles sich der Legende nach mit Schafgarben\u00f6l \u00fcbergossen haben soll, um sich vor den Pfeilen seiner Feinde zu sch\u00fctzen. Der einzige Teil seines K\u00f6rpers, der nicht von Schafgarbe gesch\u00fctzt wurde, war &#8230; seine Achillesferse! Daher der lateinische Name der Gattung Achillea und millefolium bedeutet &#8222;tausend Bl\u00e4tter&#8220;.<\/p>\n","protected":false},"featured_media":50462,"comment_status":"open","ping_status":"closed","template":"","meta":[],"product_brand":[],"product_cat":[1546,6737,1508,1493,1210,511,6736],"product_tag":[1547],"class_list":{"0":"post-125341","1":"product","2":"type-product","3":"status-publish","4":"has-post-thumbnail","6":"product_cat-essential-oils-living-libations-de","7":"product_cat-essential-oils-de-2","8":"product_cat-aetherische-oele-living-libations","9":"product_cat-living-libations-deutschland","10":"product_cat-marken","11":"product_cat-produkte","12":"product_cat-wellness-de","13":"product_tag-essential-oil-de","14":"pa_brand-livinglibations-de","15":"pa_essential-oils-product-type-essential-oils-de","16":"pa_size-5-ml-de","17":"pa_size-15-ml-de-2","19":"first","20":"instock","21":"taxable","22":"shipping-taxable","23":"purchasable","24":"product-type-variable"},"bundled_by":[],"bundle_stock_status":"instock","bundle_stock_quantity":null,"bundle_virtual":false,"bundle_layout":"","bundle_add_to_cart_form_location":"","bundle_editable_in_cart":false,"bundle_sold_individually_context":"","bundle_item_grouping":"","bundle_min_size":"","bundle_max_size":"","bundle_price":[],"bundled_items":[],"bundle_sell_ids":[],"atum_controlled":true,"out_stock_date":null,"out_stock_threshold":null,"inheritable":true,"stock_on_hold":0,"sold_today":0,"sales_last_days":0,"out_stock_days":0,"lost_sales":0,"update_date":"2026-04-04T01:44:54","atum_locations":[],"atum_stock_status":"instock","restock_status":false,"low_stock_amount":"","sales_update_date":"2026-04-04T01:44:54","calc_backorders":null,"group_of_quantity":0,"min_quantity":0,"max_quantity":"","exclude_order_quantity_value_rules":"no","exclude_category_quantity_rules":"no","combine_variations":"no","yoast_head":"<!-- This site is optimized with the Yoast SEO Premium plugin v26.5 (Yoast SEO v26.5) - https:\/\/yoast.com\/wordpress\/plugins\/seo\/ -->\n<title>Yarrow Essential Oil | Living Libations<\/title>\n<meta name=\"description\" content=\"Living Libations Yarrow essential oil ist ein botanischer Segen, der aus den bl\u00fchenden Spitzen der wilden Schafgarbe dampfdestilliert wird. Diese uralte Pflanze enth\u00e4lt einen k\u00fchlenden Wirkstoff namens Chamazulen, der sich hervorragend zur Beruhigung entz\u00fcndeter Bereiche und Gef\u00fchle eignet.\" \/>\n<meta name=\"robots\" content=\"index, follow, max-snippet:-1, max-image-preview:large, max-video-preview:-1\" \/>\n<link rel=\"canonical\" href=\"https:\/\/dutchhealthstore.com\/de\/product\/yarrow-essential-oil\/\" \/>\n<meta property=\"og:locale\" content=\"de_DE\" \/>\n<meta property=\"og:type\" content=\"article\" \/>\n<meta property=\"og:title\" content=\"Yarrow Essential Oil - Dutch Health Store\" \/>\n<meta property=\"og:description\" content=\"Living Libations Yarrow essential oil ist ein botanischer Segen, der aus den bl\u00fchenden Spitzen der wilden Schafgarbe dampfdestilliert wird. Diese uralte Pflanze enth\u00e4lt einen k\u00fchlenden Wirkstoff namens Chamazulen, der sich hervorragend zur Beruhigung entz\u00fcndeter Bereiche und Gef\u00fchle eignet.\" \/>\n<meta property=\"og:url\" content=\"https:\/\/dutchhealthstore.com\/de\/product\/yarrow-essential-oil\/\" \/>\n<meta property=\"og:site_name\" content=\"Dutch Health Store\" \/>\n<meta property=\"article:publisher\" content=\"https:\/\/www.instagram.com\/dutchhealthstore\/\" \/>\n<meta property=\"article:modified_time\" content=\"2025-08-28T12:12:16+00:00\" \/>\n<meta property=\"og:image\" content=\"https:\/\/dutchhealthstore.com\/wp-content\/uploads\/2018\/02\/Living-Libations-Yarrow-Essential-Oil.jpg\" \/>\n\t<meta property=\"og:image:width\" content=\"995\" \/>\n\t<meta property=\"og:image:height\" content=\"995\" \/>\n\t<meta property=\"og:image:type\" content=\"image\/jpeg\" \/>\n<meta name=\"twitter:card\" content=\"summary_large_image\" \/>\n<meta name=\"twitter:label1\" content=\"Verf\u00fcgbarkeit\" \/>\n\t<meta name=\"twitter:data1\" content=\"Auf Lager\" \/>\n<script type=\"application\/ld+json\" class=\"yoast-schema-graph\">{\"@context\":\"https:\/\/schema.org\",\"@graph\":[{\"@type\":\"WebPage\",\"@id\":\"https:\/\/dutchhealthstore.com\/de\/product\/yarrow-essential-oil\/\",\"url\":\"https:\/\/dutchhealthstore.com\/de\/product\/yarrow-essential-oil\/\",\"name\":\"Yarrow Essential Oil | Living Libations\",\"isPartOf\":{\"@id\":\"https:\/\/dutchhealthstore.com\/de\/#website\"},\"primaryImageOfPage\":{\"@id\":\"https:\/\/dutchhealthstore.com\/de\/product\/yarrow-essential-oil\/#primaryimage\"},\"image\":{\"@id\":\"https:\/\/dutchhealthstore.com\/de\/product\/yarrow-essential-oil\/#primaryimage\"},\"thumbnailUrl\":\"https:\/\/dutchhealthstore.com\/wp-content\/uploads\/2018\/02\/Living-Libations-Yarrow-Essential-Oil.jpg\",\"datePublished\":\"2018-02-10T19:12:31+00:00\",\"dateModified\":\"2025-08-28T12:12:16+00:00\",\"description\":\"Living Libations Yarrow essential oil ist ein botanischer Segen, der aus den bl\u00fchenden Spitzen der wilden Schafgarbe dampfdestilliert wird. Diese uralte Pflanze enth\u00e4lt einen k\u00fchlenden Wirkstoff namens Chamazulen, der sich hervorragend zur Beruhigung entz\u00fcndeter Bereiche und Gef\u00fchle eignet.\",\"breadcrumb\":{\"@id\":\"https:\/\/dutchhealthstore.com\/de\/product\/yarrow-essential-oil\/#breadcrumb\"},\"inLanguage\":\"de\",\"potentialAction\":[{\"@type\":\"ReadAction\",\"target\":[\"https:\/\/dutchhealthstore.com\/de\/product\/yarrow-essential-oil\/\"]}]},{\"@type\":\"ImageObject\",\"inLanguage\":\"de\",\"@id\":\"https:\/\/dutchhealthstore.com\/de\/product\/yarrow-essential-oil\/#primaryimage\",\"url\":\"https:\/\/dutchhealthstore.com\/wp-content\/uploads\/2018\/02\/Living-Libations-Yarrow-Essential-Oil.jpg\",\"contentUrl\":\"https:\/\/dutchhealthstore.com\/wp-content\/uploads\/2018\/02\/Living-Libations-Yarrow-Essential-Oil.jpg\",\"width\":995,\"height\":995,\"caption\":\"Living Libations - Yarrow Essential Oil\"},{\"@type\":\"BreadcrumbList\",\"@id\":\"https:\/\/dutchhealthstore.com\/de\/product\/yarrow-essential-oil\/#breadcrumb\",\"itemListElement\":[{\"@type\":\"ListItem\",\"position\":1,\"name\":\"Home\",\"item\":\"https:\/\/dutchhealthstore.com\/de\/\"},{\"@type\":\"ListItem\",\"position\":2,\"name\":\"Shop\",\"item\":\"https:\/\/dutchhealthstore.com\/de\/shop-2\/\"},{\"@type\":\"ListItem\",\"position\":3,\"name\":\"Yarrow Essential Oil\"}]},{\"@type\":\"WebSite\",\"@id\":\"https:\/\/dutchhealthstore.com\/de\/#website\",\"url\":\"https:\/\/dutchhealthstore.com\/de\/\",\"name\":\"Dutch Health Store\",\"description\":\"Enhance Your Beauty with Organic &amp; Natural Skincare\",\"publisher\":{\"@id\":\"https:\/\/dutchhealthstore.com\/de\/#organization\"},\"potentialAction\":[{\"@type\":\"SearchAction\",\"target\":{\"@type\":\"EntryPoint\",\"urlTemplate\":\"https:\/\/dutchhealthstore.com\/de\/?s={search_term_string}\"},\"query-input\":{\"@type\":\"PropertyValueSpecification\",\"valueRequired\":true,\"valueName\":\"search_term_string\"}}],\"inLanguage\":\"de\"},{\"@type\":\"Organization\",\"@id\":\"https:\/\/dutchhealthstore.com\/de\/#organization\",\"name\":\"Dutch Health Store\",\"url\":\"https:\/\/dutchhealthstore.com\/de\/\",\"logo\":{\"@type\":\"ImageObject\",\"inLanguage\":\"de\",\"@id\":\"https:\/\/dutchhealthstore.com\/de\/#\/schema\/logo\/image\/\",\"url\":\"https:\/\/dutchhealthstore.com\/wp-content\/uploads\/2020\/08\/logo-dutchhealthstore-jpg-e1599484957574.jpg\",\"contentUrl\":\"https:\/\/dutchhealthstore.com\/wp-content\/uploads\/2020\/08\/logo-dutchhealthstore-jpg-e1599484957574.jpg\",\"width\":400,\"height\":62,\"caption\":\"Dutch Health Store\"},\"image\":{\"@id\":\"https:\/\/dutchhealthstore.com\/de\/#\/schema\/logo\/image\/\"},\"sameAs\":[\"https:\/\/www.instagram.com\/dutchhealthstore\/\",\"https:\/\/www.facebook.com\/dutchhealthstore\"]}]}<\/script>\n<meta property=\"product:brand\" content=\"Living Libations\" \/>\n<meta property=\"og:availability\" content=\"instock\" \/>\n<meta property=\"product:availability\" content=\"instock\" \/>\n<meta property=\"product:condition\" content=\"new\" \/>\n<!-- \/ Yoast SEO Premium plugin. -->","yoast_head_json":{"title":"Yarrow Essential Oil | Living Libations","description":"Living Libations Yarrow essential oil ist ein botanischer Segen, der aus den bl\u00fchenden Spitzen der wilden Schafgarbe dampfdestilliert wird. Diese uralte Pflanze enth\u00e4lt einen k\u00fchlenden Wirkstoff namens Chamazulen, der sich hervorragend zur Beruhigung entz\u00fcndeter Bereiche und Gef\u00fchle eignet.","robots":{"index":"index","follow":"follow","max-snippet":"max-snippet:-1","max-image-preview":"max-image-preview:large","max-video-preview":"max-video-preview:-1"},"canonical":"https:\/\/dutchhealthstore.com\/de\/product\/yarrow-essential-oil\/","og_locale":"de_DE","og_type":"article","og_title":"Yarrow Essential Oil - Dutch Health Store","og_description":"Living Libations Yarrow essential oil ist ein botanischer Segen, der aus den bl\u00fchenden Spitzen der wilden Schafgarbe dampfdestilliert wird. Diese uralte Pflanze enth\u00e4lt einen k\u00fchlenden Wirkstoff namens Chamazulen, der sich hervorragend zur Beruhigung entz\u00fcndeter Bereiche und Gef\u00fchle eignet.","og_url":"https:\/\/dutchhealthstore.com\/de\/product\/yarrow-essential-oil\/","og_site_name":"Dutch Health Store","article_publisher":"https:\/\/www.instagram.com\/dutchhealthstore\/","article_modified_time":"2025-08-28T12:12:16+00:00","og_image":[{"width":995,"height":995,"url":"https:\/\/dutchhealthstore.com\/wp-content\/uploads\/2018\/02\/Living-Libations-Yarrow-Essential-Oil.jpg","type":"image\/jpeg"}],"twitter_card":"summary_large_image","twitter_misc":{"Verf\u00fcgbarkeit":"Auf Lager"},"schema":{"@context":"https:\/\/schema.org","@graph":[{"@type":"WebPage","@id":"https:\/\/dutchhealthstore.com\/de\/product\/yarrow-essential-oil\/","url":"https:\/\/dutchhealthstore.com\/de\/product\/yarrow-essential-oil\/","name":"Yarrow Essential Oil | Living Libations","isPartOf":{"@id":"https:\/\/dutchhealthstore.com\/de\/#website"},"primaryImageOfPage":{"@id":"https:\/\/dutchhealthstore.com\/de\/product\/yarrow-essential-oil\/#primaryimage"},"image":{"@id":"https:\/\/dutchhealthstore.com\/de\/product\/yarrow-essential-oil\/#primaryimage"},"thumbnailUrl":"https:\/\/dutchhealthstore.com\/wp-content\/uploads\/2018\/02\/Living-Libations-Yarrow-Essential-Oil.jpg","datePublished":"2018-02-10T19:12:31+00:00","dateModified":"2025-08-28T12:12:16+00:00","description":"Living Libations Yarrow essential oil ist ein botanischer Segen, der aus den bl\u00fchenden Spitzen der wilden Schafgarbe dampfdestilliert wird. Diese uralte Pflanze enth\u00e4lt einen k\u00fchlenden Wirkstoff namens Chamazulen, der sich hervorragend zur Beruhigung entz\u00fcndeter Bereiche und Gef\u00fchle eignet.","breadcrumb":{"@id":"https:\/\/dutchhealthstore.com\/de\/product\/yarrow-essential-oil\/#breadcrumb"},"inLanguage":"de","potentialAction":[{"@type":"ReadAction","target":["https:\/\/dutchhealthstore.com\/de\/product\/yarrow-essential-oil\/"]}]},{"@type":"ImageObject","inLanguage":"de","@id":"https:\/\/dutchhealthstore.com\/de\/product\/yarrow-essential-oil\/#primaryimage","url":"https:\/\/dutchhealthstore.com\/wp-content\/uploads\/2018\/02\/Living-Libations-Yarrow-Essential-Oil.jpg","contentUrl":"https:\/\/dutchhealthstore.com\/wp-content\/uploads\/2018\/02\/Living-Libations-Yarrow-Essential-Oil.jpg","width":995,"height":995,"caption":"Living Libations - Yarrow Essential Oil"},{"@type":"BreadcrumbList","@id":"https:\/\/dutchhealthstore.com\/de\/product\/yarrow-essential-oil\/#breadcrumb","itemListElement":[{"@type":"ListItem","position":1,"name":"Home","item":"https:\/\/dutchhealthstore.com\/de\/"},{"@type":"ListItem","position":2,"name":"Shop","item":"https:\/\/dutchhealthstore.com\/de\/shop-2\/"},{"@type":"ListItem","position":3,"name":"Yarrow Essential Oil"}]},{"@type":"WebSite","@id":"https:\/\/dutchhealthstore.com\/de\/#website","url":"https:\/\/dutchhealthstore.com\/de\/","name":"Dutch Health Store","description":"Enhance Your Beauty with Organic &amp; Natural Skincare","publisher":{"@id":"https:\/\/dutchhealthstore.com\/de\/#organization"},"potentialAction":[{"@type":"SearchAction","target":{"@type":"EntryPoint","urlTemplate":"https:\/\/dutchhealthstore.com\/de\/?s={search_term_string}"},"query-input":{"@type":"PropertyValueSpecification","valueRequired":true,"valueName":"search_term_string"}}],"inLanguage":"de"},{"@type":"Organization","@id":"https:\/\/dutchhealthstore.com\/de\/#organization","name":"Dutch Health Store","url":"https:\/\/dutchhealthstore.com\/de\/","logo":{"@type":"ImageObject","inLanguage":"de","@id":"https:\/\/dutchhealthstore.com\/de\/#\/schema\/logo\/image\/","url":"https:\/\/dutchhealthstore.com\/wp-content\/uploads\/2020\/08\/logo-dutchhealthstore-jpg-e1599484957574.jpg","contentUrl":"https:\/\/dutchhealthstore.com\/wp-content\/uploads\/2020\/08\/logo-dutchhealthstore-jpg-e1599484957574.jpg","width":400,"height":62,"caption":"Dutch Health Store"},"image":{"@id":"https:\/\/dutchhealthstore.com\/de\/#\/schema\/logo\/image\/"},"sameAs":["https:\/\/www.instagram.com\/dutchhealthstore\/","https:\/\/www.facebook.com\/dutchhealthstore"]}]},"product_brand":"Living Libations","og_availability":"instock","product_availability":"instock","product_condition":"new"},"_links":{"self":[{"href":"https:\/\/dutchhealthstore.com\/de\/wp-json\/wp\/v2\/product\/125341","targetHints":{"allow":["GET"]}}],"collection":[{"href":"https:\/\/dutchhealthstore.com\/de\/wp-json\/wp\/v2\/product"}],"about":[{"href":"https:\/\/dutchhealthstore.com\/de\/wp-json\/wp\/v2\/types\/product"}],"replies":[{"embeddable":true,"href":"https:\/\/dutchhealthstore.com\/de\/wp-json\/wp\/v2\/comments?post=125341"}],"wp:featuredmedia":[{"embeddable":true,"href":"https:\/\/dutchhealthstore.com\/de\/wp-json\/wp\/v2\/media\/50462"}],"wp:attachment":[{"href":"https:\/\/dutchhealthstore.com\/de\/wp-json\/wp\/v2\/media?parent=125341"}],"wp:term":[{"taxonomy":"product_brand","embeddable":true,"href":"https:\/\/dutchhealthstore.com\/de\/wp-json\/wp\/v2\/product_brand?post=125341"},{"taxonomy":"product_cat","embeddable":true,"href":"https:\/\/dutchhealthstore.com\/de\/wp-json\/wp\/v2\/product_cat?post=125341"},{"taxonomy":"product_tag","embeddable":true,"href":"https:\/\/dutchhealthstore.com\/de\/wp-json\/wp\/v2\/product_tag?post=125341"}],"curies":[{"name":"wp","href":"https:\/\/api.w.org\/{rel}","templated":true}]}}