{"id":125283,"date":"2018-02-10T20:13:17","date_gmt":"2018-02-10T20:13:17","guid":{"rendered":"https:\/\/dutchhealthstore.com\/product\/white-cedar-absolute\/"},"modified":"2025-09-06T09:03:34","modified_gmt":"2025-09-06T07:03:34","slug":"white-cedar-absolute","status":"publish","type":"product","link":"https:\/\/dutchhealthstore.com\/de\/product\/white-cedar-absolute\/","title":{"rendered":"White Cedar Absolute"},"content":{"rendered":"<p style=\"font-weight: 400;\"><img decoding=\"async\" class=\"alignright size-full wp-image-37041\" src=\"https:\/\/dutchhealthstore.com\/wp-content\/uploads\/2018\/04\/Living_Libations-1.png\" alt=\"Organic &amp; Natural Beautyproducts - Living Libations\" width=\"175\" height=\"82\"><\/p>\n<p style=\"font-weight: 400;\"><b><strong>Botanischer Name: <\/strong><\/b><i><em>Thuja occidentalis<br \/>\n<\/em><\/i><b><strong>Botanische Familie: <\/strong><\/b><i><em>Cupressaceae<br \/>\n<\/em><\/i><b><strong>Extraktionsmethode: <\/strong><\/b>Absolutes<br \/>\n<b style=\"font-size: 14.4px;\"><strong>Teil der Pflanze Destilliert: <\/strong><\/b><span style=\"font-size: 14.4px;\">Nadeln<br \/>\n<\/span><b><strong>Herkunftsland: <\/strong><\/b>Kanada<br \/>\n<b><strong>Anbaumethode:<\/strong><\/b> Wildwachsend<\/p>\n<h3>Produkt-Analysen<\/h3>\n<p>Bitte klicken Sie auf den unten stehenden Link, um das Produktanalysezertifikat zu lesen.<\/p>\n<p><a href=\"https:\/\/dutchhealthstore.com\/wp-content\/uploads\/2019\/05\/ANALYSIS-Cedar-White-Absolute-Living-Libations.pdf\" rel=\"noopener\"><img decoding=\"async\" class=\"wp-image-56302 size-full alignnone\" src=\"https:\/\/dutchhealthstore.com\/wp-content\/uploads\/2019\/05\/logo-pdf-navi-organics.jpg\" alt=\"logo pdf navi organics\" width=\"100\" height=\"104\"><\/a><\/p>\n<h3>Beschreibung des Duftes<\/h3>\n<p>Scharfes, harziges Immergr\u00fcn mit ambrosischen Untert\u00f6nen von gr\u00fcner Erde und elegant-fruchtigen Kopfnoten.<\/p>\n<h3>Gut mischbar mit<\/h3>\n<p>Zeder, Wei\u00dftanne, Vetiver, Patchouli, Spikenard, Rose Absolute, Jasmin, Kiefer, Bergamotte, Zitrone, Blutorange, Zitrone, Eichenmoos und Grapefruit.<\/p>\n<h3>Verwendet<\/h3>\n<p>Die feine Z\u00e4higkeit dieses Absoluts macht es zu einem erstklassigen Fixiermittel in Parf\u00fcms, K\u00f6lnisch Wasser und Aromamischungen. Sie ergeben majest\u00e4tische Mischungen, die f\u00fcr feierliche Spr\u00fchst\u00f6\u00dfe und k\u00f6stliche Diffusionen verwendet werden k\u00f6nnen.<\/p>\n<p style=\"font-weight: 400;\">Es ist ein Traum von einem Nadelholzparf\u00fcm, das die tiefsten Noten dieses gro\u00dfen Baumes einf\u00e4ngt. Bei den nordamerikanischen Ureinwohnern als &#8222;Gro\u00dfmutter Zeder&#8220; bekannt, werden die aromatischen Nadeln des wei\u00dfen Zedernbaums seit vielen Jahrhunderten f\u00fcr ihre botanischen Vorteile genutzt.<\/p>\n<p style=\"font-weight: 400;\">Im Gegensatz zum \u00e4therischen \u00d6l der wei\u00dfen Zeder, das durch Wasserdampfdestillation gewonnen wird, konzentriert sich White Cedar Absolute auf die Grundnoten, die dem Gesang der Streichinstrumente in der Version mit \u00e4therischem \u00d6l die Tiefe einer Trommel verleihen. Das Absolue ist eine dickfl\u00fcssigere Fl\u00fcssigkeit, die einen Duftwald enth\u00e4lt, der K\u00f6lnisch Wasser, Parf\u00fcms und Aromamischungen eine unvergleichliche Tiefe und K\u00f6stlichkeit verleiht, die den Inhalator in schw\u00e4rmerische Empf\u00e4nglichkeit und kosmische Kontemplation versetzen wird.<\/p>\n<p><strong>Gr\u00f6\u00dfe: 5 ml 50:50 Alkohol<\/strong><\/p>\n<h3>Bio-Zutaten<\/h3>\n<p>100% wei\u00dfes Zedernholz (Thuja occidentalis) absolut.<\/p>\n<p style=\"text-align: center;\"><i><em>&#8222;Vor dreihundert Millionen Jahren waren \u00e4therische \u00d6le, wie wir sie heute kennen, die allgegenw\u00e4rtigen Sekund\u00e4rstoffe<br \/>\nin den Nadelh\u00f6lzern. In diesem Entwicklungsstadium haben sich diese Pflanzen als erfolgreich bei der Produktion von<br \/>\n\u00e4therische \u00d6le, die \u00fcberwiegend aus Monoterpenen bestehen. Aufgrund der Nadelb\u00e4ume wissen wir, dass Limonen,<br \/>\nPinen, Borneol, Carvacrol und Thymol, um nur einige zu nennen, haben in der Chemie des Lebens auf diesem Planeten eine wichtige Rolle gespielt.<br \/>\nEinige B\u00e4ume, die in dieser Zeit wuchsen [include] Thuja occidentalis&#8220;.<br \/>\n<\/em><\/i>~ Kurt Schnaubelt, <strong>Advanced Aromatherapy<\/strong><\/p>\n<p><img fetchpriority=\"high\" decoding=\"async\" class=\"aligncenter size-full wp-image-31577\" src=\"https:\/\/dutchhealthstore.com\/wp-content\/uploads\/2018\/03\/organic_big.png\" alt=\"Organic and Natural - Living Libations\" width=\"623\" height=\"103\" srcset=\"https:\/\/dutchhealthstore.com\/wp-content\/uploads\/2018\/03\/organic_big.png 623w, https:\/\/dutchhealthstore.com\/wp-content\/uploads\/2018\/03\/organic_big-510x84.png 510w, https:\/\/dutchhealthstore.com\/wp-content\/uploads\/2018\/03\/organic_big-600x99.png 600w, https:\/\/dutchhealthstore.com\/wp-content\/uploads\/2018\/03\/organic_big-350x58.png 350w\" sizes=\"(max-width: 623px) 100vw, 623px\" \/><\/p>\n","protected":false},"excerpt":{"rendered":"<p>Living Libations <strong>White Cedar Absolute<\/strong> f\u00e4ngt die tiefsten Noten dieses lebhaften, holzigen Aromas ein. Das Absolue wird aus den Nadeln der kanadischen Wei\u00dfzeder gewonnen und fasst die reichhaltigsten aromatischen Noten der Essenz dieses majest\u00e4tischen Baumes perfekt zusammen.<br \/>\nWhite Cedar Absolute ist eine dunkelgr\u00fcne Fl\u00fcssigkeit mit einem s\u00fc\u00dfen, erdigen, harzigen Waldbouquet mit einer Waldfantasie von fixierenden Eigenschaften f\u00fcr eine Reihe von aromatischen Mischungen und reinen Parf\u00fcms, die sicher sind, Bewunderung zu erregen.<\/p>\n","protected":false},"featured_media":58734,"comment_status":"open","ping_status":"closed","template":"","meta":[],"product_brand":[],"product_cat":[1551,1508,6737,1493,1210,511,6736],"product_tag":[1547],"class_list":{"0":"post-125283","1":"product","2":"type-product","3":"status-publish","4":"has-post-thumbnail","6":"product_cat-absolute-essenz-living-libations","7":"product_cat-aetherische-oele-living-libations","8":"product_cat-essential-oils-de-2","9":"product_cat-living-libations-deutschland","10":"product_cat-marken","11":"product_cat-produkte","12":"product_cat-wellness-de","13":"product_tag-essential-oil-de","14":"pa_brand-livinglibations-de","15":"pa_essential-oils-product-type-absolute-essences-de","16":"pa_essential-oils-product-type-essential-oils-de","17":"pa_size-5-ml-5050-alkohol","19":"first","20":"instock","21":"taxable","22":"shipping-taxable","23":"purchasable","24":"product-type-simple"},"bundled_by":[],"bundle_stock_status":"instock","bundle_stock_quantity":6,"bundle_virtual":false,"bundle_layout":"","bundle_add_to_cart_form_location":"","bundle_editable_in_cart":false,"bundle_sold_individually_context":"","bundle_item_grouping":"","bundle_min_size":"","bundle_max_size":"","bundle_price":[],"bundled_items":[],"bundle_sell_ids":[],"atum_controlled":true,"out_stock_date":null,"out_stock_threshold":null,"inheritable":false,"stock_on_hold":0,"sold_today":0,"sales_last_days":0,"out_stock_days":0,"lost_sales":0,"update_date":"2026-04-09T11:40:11","atum_locations":[],"atum_stock_status":"instock","restock_status":false,"low_stock_amount":0,"sales_update_date":"2026-04-09T11:40:11","calc_backorders":null,"group_of_quantity":0,"min_quantity":0,"max_quantity":"","exclude_order_quantity_value_rules":"no","exclude_category_quantity_rules":"no","combine_variations":"no","yoast_head":"<!-- This site is optimized with the Yoast SEO Premium plugin v26.5 (Yoast SEO v26.5) - https:\/\/yoast.com\/wordpress\/plugins\/seo\/ -->\n<title>White Cedar Absolute | Living Libations<\/title>\n<meta name=\"description\" content=\"Living Libations White Cedar Absolute f\u00e4ngt die tiefsten Noten dieses lebhaften, holzigen Aromas ein. Extrahiert aus den Nadeln der kanadischen Wei\u00dfzeder.\" \/>\n<meta name=\"robots\" content=\"index, follow, max-snippet:-1, max-image-preview:large, max-video-preview:-1\" \/>\n<link rel=\"canonical\" href=\"https:\/\/dutchhealthstore.com\/de\/product\/white-cedar-absolute\/\" \/>\n<meta property=\"og:locale\" content=\"de_DE\" \/>\n<meta property=\"og:type\" content=\"article\" \/>\n<meta property=\"og:title\" content=\"White Cedar Absolute - Dutch Health Store\" \/>\n<meta property=\"og:description\" content=\"Living Libations White Cedar Absolute f\u00e4ngt die tiefsten Noten dieses lebhaften, holzigen Aromas ein. Extrahiert aus den Nadeln der kanadischen Wei\u00dfzeder.\" \/>\n<meta property=\"og:url\" content=\"https:\/\/dutchhealthstore.com\/de\/product\/white-cedar-absolute\/\" \/>\n<meta property=\"og:site_name\" content=\"Dutch Health Store\" \/>\n<meta property=\"article:publisher\" content=\"https:\/\/www.instagram.com\/dutchhealthstore\/\" \/>\n<meta property=\"article:modified_time\" content=\"2025-09-06T07:03:34+00:00\" \/>\n<meta property=\"og:image\" content=\"https:\/\/dutchhealthstore.com\/wp-content\/uploads\/2018\/02\/Cedar-White-Absolute-Living-Libations.jpg\" \/>\n\t<meta property=\"og:image:width\" content=\"1200\" \/>\n\t<meta property=\"og:image:height\" content=\"1200\" \/>\n\t<meta property=\"og:image:type\" content=\"image\/jpeg\" \/>\n<meta name=\"twitter:card\" content=\"summary_large_image\" \/>\n<meta name=\"twitter:label1\" content=\"Preis\" \/>\n\t<meta name=\"twitter:data1\" content=\"&euro;25,00\" \/>\n\t<meta name=\"twitter:label2\" content=\"Verf\u00fcgbarkeit\" \/>\n\t<meta name=\"twitter:data2\" content=\"Auf Lager\" \/>\n<script type=\"application\/ld+json\" class=\"yoast-schema-graph\">{\"@context\":\"https:\/\/schema.org\",\"@graph\":[{\"@type\":\"WebPage\",\"@id\":\"https:\/\/dutchhealthstore.com\/de\/product\/white-cedar-absolute\/\",\"url\":\"https:\/\/dutchhealthstore.com\/de\/product\/white-cedar-absolute\/\",\"name\":\"White Cedar Absolute | Living Libations\",\"isPartOf\":{\"@id\":\"https:\/\/dutchhealthstore.com\/de\/#website\"},\"primaryImageOfPage\":{\"@id\":\"https:\/\/dutchhealthstore.com\/de\/product\/white-cedar-absolute\/#primaryimage\"},\"image\":{\"@id\":\"https:\/\/dutchhealthstore.com\/de\/product\/white-cedar-absolute\/#primaryimage\"},\"thumbnailUrl\":\"https:\/\/dutchhealthstore.com\/wp-content\/uploads\/2018\/02\/Cedar-White-Absolute-Living-Libations.jpg\",\"datePublished\":\"2018-02-10T20:13:17+00:00\",\"dateModified\":\"2025-09-06T07:03:34+00:00\",\"description\":\"Living Libations White Cedar Absolute f\u00e4ngt die tiefsten Noten dieses lebhaften, holzigen Aromas ein. Extrahiert aus den Nadeln der kanadischen Wei\u00dfzeder.\",\"breadcrumb\":{\"@id\":\"https:\/\/dutchhealthstore.com\/de\/product\/white-cedar-absolute\/#breadcrumb\"},\"inLanguage\":\"de\",\"potentialAction\":[{\"@type\":\"ReadAction\",\"target\":[\"https:\/\/dutchhealthstore.com\/de\/product\/white-cedar-absolute\/\"]}]},{\"@type\":\"ImageObject\",\"inLanguage\":\"de\",\"@id\":\"https:\/\/dutchhealthstore.com\/de\/product\/white-cedar-absolute\/#primaryimage\",\"url\":\"https:\/\/dutchhealthstore.com\/wp-content\/uploads\/2018\/02\/Cedar-White-Absolute-Living-Libations.jpg\",\"contentUrl\":\"https:\/\/dutchhealthstore.com\/wp-content\/uploads\/2018\/02\/Cedar-White-Absolute-Living-Libations.jpg\",\"width\":1200,\"height\":1200,\"caption\":\"Cedar White Absolute - Living Libations\"},{\"@type\":\"BreadcrumbList\",\"@id\":\"https:\/\/dutchhealthstore.com\/de\/product\/white-cedar-absolute\/#breadcrumb\",\"itemListElement\":[{\"@type\":\"ListItem\",\"position\":1,\"name\":\"Home\",\"item\":\"https:\/\/dutchhealthstore.com\/de\/\"},{\"@type\":\"ListItem\",\"position\":2,\"name\":\"Shop\",\"item\":\"https:\/\/dutchhealthstore.com\/de\/shop-2\/\"},{\"@type\":\"ListItem\",\"position\":3,\"name\":\"White Cedar Absolute\"}]},{\"@type\":\"WebSite\",\"@id\":\"https:\/\/dutchhealthstore.com\/de\/#website\",\"url\":\"https:\/\/dutchhealthstore.com\/de\/\",\"name\":\"Dutch Health Store\",\"description\":\"Enhance Your Beauty with Organic &amp; Natural Skincare\",\"publisher\":{\"@id\":\"https:\/\/dutchhealthstore.com\/de\/#organization\"},\"potentialAction\":[{\"@type\":\"SearchAction\",\"target\":{\"@type\":\"EntryPoint\",\"urlTemplate\":\"https:\/\/dutchhealthstore.com\/de\/?s={search_term_string}\"},\"query-input\":{\"@type\":\"PropertyValueSpecification\",\"valueRequired\":true,\"valueName\":\"search_term_string\"}}],\"inLanguage\":\"de\"},{\"@type\":\"Organization\",\"@id\":\"https:\/\/dutchhealthstore.com\/de\/#organization\",\"name\":\"Dutch Health Store\",\"url\":\"https:\/\/dutchhealthstore.com\/de\/\",\"logo\":{\"@type\":\"ImageObject\",\"inLanguage\":\"de\",\"@id\":\"https:\/\/dutchhealthstore.com\/de\/#\/schema\/logo\/image\/\",\"url\":\"https:\/\/dutchhealthstore.com\/wp-content\/uploads\/2020\/08\/logo-dutchhealthstore-jpg-e1599484957574.jpg\",\"contentUrl\":\"https:\/\/dutchhealthstore.com\/wp-content\/uploads\/2020\/08\/logo-dutchhealthstore-jpg-e1599484957574.jpg\",\"width\":400,\"height\":62,\"caption\":\"Dutch Health Store\"},\"image\":{\"@id\":\"https:\/\/dutchhealthstore.com\/de\/#\/schema\/logo\/image\/\"},\"sameAs\":[\"https:\/\/www.instagram.com\/dutchhealthstore\/\",\"https:\/\/www.facebook.com\/dutchhealthstore\"]}]}<\/script>\n<meta property=\"product:brand\" content=\"Living Libations\" \/>\n<meta property=\"product:price:amount\" content=\"25.00\" \/>\n<meta property=\"product:price:currency\" content=\"EUR\" \/>\n<meta property=\"og:availability\" content=\"instock\" \/>\n<meta property=\"product:availability\" content=\"instock\" \/>\n<meta property=\"product:condition\" content=\"new\" \/>\n<!-- \/ Yoast SEO Premium plugin. -->","yoast_head_json":{"title":"White Cedar Absolute | Living Libations","description":"Living Libations White Cedar Absolute f\u00e4ngt die tiefsten Noten dieses lebhaften, holzigen Aromas ein. Extrahiert aus den Nadeln der kanadischen Wei\u00dfzeder.","robots":{"index":"index","follow":"follow","max-snippet":"max-snippet:-1","max-image-preview":"max-image-preview:large","max-video-preview":"max-video-preview:-1"},"canonical":"https:\/\/dutchhealthstore.com\/de\/product\/white-cedar-absolute\/","og_locale":"de_DE","og_type":"article","og_title":"White Cedar Absolute - Dutch Health Store","og_description":"Living Libations White Cedar Absolute f\u00e4ngt die tiefsten Noten dieses lebhaften, holzigen Aromas ein. Extrahiert aus den Nadeln der kanadischen Wei\u00dfzeder.","og_url":"https:\/\/dutchhealthstore.com\/de\/product\/white-cedar-absolute\/","og_site_name":"Dutch Health Store","article_publisher":"https:\/\/www.instagram.com\/dutchhealthstore\/","article_modified_time":"2025-09-06T07:03:34+00:00","og_image":[{"width":1200,"height":1200,"url":"https:\/\/dutchhealthstore.com\/wp-content\/uploads\/2018\/02\/Cedar-White-Absolute-Living-Libations.jpg","type":"image\/jpeg"}],"twitter_card":"summary_large_image","twitter_misc":{"Preis":"&euro;25,00","Verf\u00fcgbarkeit":"Auf Lager"},"schema":{"@context":"https:\/\/schema.org","@graph":[{"@type":"WebPage","@id":"https:\/\/dutchhealthstore.com\/de\/product\/white-cedar-absolute\/","url":"https:\/\/dutchhealthstore.com\/de\/product\/white-cedar-absolute\/","name":"White Cedar Absolute | Living Libations","isPartOf":{"@id":"https:\/\/dutchhealthstore.com\/de\/#website"},"primaryImageOfPage":{"@id":"https:\/\/dutchhealthstore.com\/de\/product\/white-cedar-absolute\/#primaryimage"},"image":{"@id":"https:\/\/dutchhealthstore.com\/de\/product\/white-cedar-absolute\/#primaryimage"},"thumbnailUrl":"https:\/\/dutchhealthstore.com\/wp-content\/uploads\/2018\/02\/Cedar-White-Absolute-Living-Libations.jpg","datePublished":"2018-02-10T20:13:17+00:00","dateModified":"2025-09-06T07:03:34+00:00","description":"Living Libations White Cedar Absolute f\u00e4ngt die tiefsten Noten dieses lebhaften, holzigen Aromas ein. Extrahiert aus den Nadeln der kanadischen Wei\u00dfzeder.","breadcrumb":{"@id":"https:\/\/dutchhealthstore.com\/de\/product\/white-cedar-absolute\/#breadcrumb"},"inLanguage":"de","potentialAction":[{"@type":"ReadAction","target":["https:\/\/dutchhealthstore.com\/de\/product\/white-cedar-absolute\/"]}]},{"@type":"ImageObject","inLanguage":"de","@id":"https:\/\/dutchhealthstore.com\/de\/product\/white-cedar-absolute\/#primaryimage","url":"https:\/\/dutchhealthstore.com\/wp-content\/uploads\/2018\/02\/Cedar-White-Absolute-Living-Libations.jpg","contentUrl":"https:\/\/dutchhealthstore.com\/wp-content\/uploads\/2018\/02\/Cedar-White-Absolute-Living-Libations.jpg","width":1200,"height":1200,"caption":"Cedar White Absolute - Living Libations"},{"@type":"BreadcrumbList","@id":"https:\/\/dutchhealthstore.com\/de\/product\/white-cedar-absolute\/#breadcrumb","itemListElement":[{"@type":"ListItem","position":1,"name":"Home","item":"https:\/\/dutchhealthstore.com\/de\/"},{"@type":"ListItem","position":2,"name":"Shop","item":"https:\/\/dutchhealthstore.com\/de\/shop-2\/"},{"@type":"ListItem","position":3,"name":"White Cedar Absolute"}]},{"@type":"WebSite","@id":"https:\/\/dutchhealthstore.com\/de\/#website","url":"https:\/\/dutchhealthstore.com\/de\/","name":"Dutch Health Store","description":"Enhance Your Beauty with Organic &amp; Natural Skincare","publisher":{"@id":"https:\/\/dutchhealthstore.com\/de\/#organization"},"potentialAction":[{"@type":"SearchAction","target":{"@type":"EntryPoint","urlTemplate":"https:\/\/dutchhealthstore.com\/de\/?s={search_term_string}"},"query-input":{"@type":"PropertyValueSpecification","valueRequired":true,"valueName":"search_term_string"}}],"inLanguage":"de"},{"@type":"Organization","@id":"https:\/\/dutchhealthstore.com\/de\/#organization","name":"Dutch Health Store","url":"https:\/\/dutchhealthstore.com\/de\/","logo":{"@type":"ImageObject","inLanguage":"de","@id":"https:\/\/dutchhealthstore.com\/de\/#\/schema\/logo\/image\/","url":"https:\/\/dutchhealthstore.com\/wp-content\/uploads\/2020\/08\/logo-dutchhealthstore-jpg-e1599484957574.jpg","contentUrl":"https:\/\/dutchhealthstore.com\/wp-content\/uploads\/2020\/08\/logo-dutchhealthstore-jpg-e1599484957574.jpg","width":400,"height":62,"caption":"Dutch Health Store"},"image":{"@id":"https:\/\/dutchhealthstore.com\/de\/#\/schema\/logo\/image\/"},"sameAs":["https:\/\/www.instagram.com\/dutchhealthstore\/","https:\/\/www.facebook.com\/dutchhealthstore"]}]},"product_brand":"Living Libations","product_price_amount":"25.00","product_price_currency":"EUR","og_availability":"instock","product_availability":"instock","product_condition":"new"},"_links":{"self":[{"href":"https:\/\/dutchhealthstore.com\/de\/wp-json\/wp\/v2\/product\/125283","targetHints":{"allow":["GET"]}}],"collection":[{"href":"https:\/\/dutchhealthstore.com\/de\/wp-json\/wp\/v2\/product"}],"about":[{"href":"https:\/\/dutchhealthstore.com\/de\/wp-json\/wp\/v2\/types\/product"}],"replies":[{"embeddable":true,"href":"https:\/\/dutchhealthstore.com\/de\/wp-json\/wp\/v2\/comments?post=125283"}],"wp:featuredmedia":[{"embeddable":true,"href":"https:\/\/dutchhealthstore.com\/de\/wp-json\/wp\/v2\/media\/58734"}],"wp:attachment":[{"href":"https:\/\/dutchhealthstore.com\/de\/wp-json\/wp\/v2\/media?parent=125283"}],"wp:term":[{"taxonomy":"product_brand","embeddable":true,"href":"https:\/\/dutchhealthstore.com\/de\/wp-json\/wp\/v2\/product_brand?post=125283"},{"taxonomy":"product_cat","embeddable":true,"href":"https:\/\/dutchhealthstore.com\/de\/wp-json\/wp\/v2\/product_cat?post=125283"},{"taxonomy":"product_tag","embeddable":true,"href":"https:\/\/dutchhealthstore.com\/de\/wp-json\/wp\/v2\/product_tag?post=125283"}],"curies":[{"name":"wp","href":"https:\/\/api.w.org\/{rel}","templated":true}]}}