{"id":125258,"date":"2018-02-10T21:59:40","date_gmt":"2018-02-10T20:59:40","guid":{"rendered":"https:\/\/dutchhealthstore.com\/product\/wild-rose-hips-lavender-oil\/"},"modified":"2025-10-28T11:18:15","modified_gmt":"2025-10-28T10:18:15","slug":"wild-rose-hips-lavender-oil","status":"publish","type":"product","link":"https:\/\/dutchhealthstore.com\/de\/product\/wild-rose-hips-lavender-oil\/","title":{"rendered":"Wild Rosehips Carrier Oil"},"content":{"rendered":"<p><img decoding=\"async\" class=\"alignright size-full wp-image-37041\" src=\"https:\/\/dutchhealthstore.com\/wp-content\/uploads\/2018\/04\/Living_Libations-1.png\" alt=\"Organic &amp; Natural Beautyproducts - Living Libations\" width=\"175\" height=\"82\"><\/p>\n<p><strong>Botanischer Name:<\/strong> Rosa rubignosa<br \/>\n<strong>Botanische Familie:<\/strong> Rosaceae<br \/>\n<strong>Extraktionsverfahren:<\/strong> Kalt gepresst<br \/>\n<strong>Teil der Pflanze Destilliert:<\/strong> Hagebuttenfrucht, Samen<br \/>\n<strong>Herkunftsland:<\/strong> Afrika<br \/>\n<strong>Anbaumethode:<\/strong> Bio + Wildsammlung<br \/>\n<strong>Zusammensetzung:<\/strong> 95% Rosa rubiginosa + 5% Lavandula angustifolia<br \/>\n<strong>Konsistenz:<\/strong> Mittel<\/p>\n<h3>Beschreibung des Duftes<\/h3>\n<p>Frisch und dezent s\u00fc\u00df<\/p>\n<h3>Gut mischbar mit<\/h3>\n<p>Myrrhe, Weihrauch, Strohblume, Ylang, Palmarosa, Sandelholz, Bergamotte, S\u00fc\u00dfer Thymian, Myrte, Ravensara, Rose Otto, Zitrone und Zistrose.<\/p>\n<h3>Verwendet<\/h3>\n<p>Feuchtigkeitscreme. Serum f\u00fcr Narben und Kopfhaut.<\/p>\n<p><strong>Gr\u00f6\u00dfe: 15 ml und 30 ml<\/strong><\/p>\n<h3>Inhaltsstoffe<\/h3>\n<p>Auff\u00fcllendes Lycopin zur Entspannung der ger\u00f6teten Haut. Vitamine C und E, Retinol A und reichlich essenzielle Fetts\u00e4uren.<\/p>\n<p>Die verj\u00fcngende Wirkung des Wild Rosehips Carrier Oil verbindet sich mit der erholsamen Kraft des Lavender Essential Oil. Wenn diese beiden Welten in einem wundersch\u00f6nen Ausdruck von rosiger Erneuerung aufeinandertreffen, wird die Haut wieder lebendig!<\/p>\n<h3>Organic Ingredients<\/h3>\n<p>95% Rosa rubiginosa + 5% Lavandula angustifolia Tr\u00e4ger\u00f6l.<\/p>\n<p><img fetchpriority=\"high\" decoding=\"async\" class=\"aligncenter size-full wp-image-31577\" src=\"https:\/\/dutchhealthstore.com\/wp-content\/uploads\/2018\/03\/organic_big.png\" alt=\"Organic and Natural - Living Libations\" width=\"623\" height=\"103\" srcset=\"https:\/\/dutchhealthstore.com\/wp-content\/uploads\/2018\/03\/organic_big.png 623w, https:\/\/dutchhealthstore.com\/wp-content\/uploads\/2018\/03\/organic_big-510x84.png 510w, https:\/\/dutchhealthstore.com\/wp-content\/uploads\/2018\/03\/organic_big-600x99.png 600w, https:\/\/dutchhealthstore.com\/wp-content\/uploads\/2018\/03\/organic_big-350x58.png 350w\" sizes=\"(max-width: 623px) 100vw, 623px\" \/><\/p>\n","protected":false},"excerpt":{"rendered":"<p>Das regenerierende <strong>Hagebutten\u00f6l<\/strong> wird aus den purpurfarbenen Fr\u00fcchten der Rosenpflanze, die nach der Bl\u00fcte am St\u00e4ngel erscheinen, kalt gepresst. Sowohl die Fr\u00fcchte als auch die Samen sind reich an den Vitaminen C und E, Retinol A und reichlich essenziellen Fetts\u00e4uren, die schon seit der Antike zur Hautpflege eingesetzt werden.<\/p>\n","protected":false},"featured_media":117523,"comment_status":"open","ping_status":"closed","template":"","meta":[],"product_brand":[],"product_cat":[1508,6737,1493,1210,1048,511,2022,6736],"product_tag":[1547],"class_list":{"0":"post-125258","1":"product","2":"type-product","3":"status-publish","4":"has-post-thumbnail","6":"product_cat-aetherische-oele-living-libations","7":"product_cat-essential-oils-de-2","8":"product_cat-living-libations-deutschland","9":"product_cat-marken","10":"product_cat-kollektion","11":"product_cat-produkte","12":"product_cat-tragerol","13":"product_cat-wellness-de","14":"product_tag-essential-oil-de","15":"pa_brand-livinglibations-de","16":"pa_essential-oils-product-type-carrier-oils-de","17":"pa_essential-oils-product-type-essential-oils-de","18":"pa_size-30-ml-de","20":"first","21":"instock","22":"taxable","23":"shipping-taxable","24":"purchasable","25":"product-type-simple"},"bundled_by":[],"bundle_stock_status":"instock","bundle_stock_quantity":3,"bundle_virtual":false,"bundle_layout":"","bundle_add_to_cart_form_location":"","bundle_editable_in_cart":false,"bundle_sold_individually_context":"","bundle_item_grouping":"","bundle_min_size":"","bundle_max_size":"","bundle_price":[],"bundled_items":[],"bundle_sell_ids":[],"atum_controlled":true,"out_stock_date":null,"out_stock_threshold":null,"inheritable":false,"stock_on_hold":0,"sold_today":0,"sales_last_days":0,"out_stock_days":0,"lost_sales":0,"update_date":"2026-04-16T00:04:59","atum_locations":[],"atum_stock_status":"instock","restock_status":false,"low_stock_amount":"","sales_update_date":"2026-04-16T00:04:59","calc_backorders":null,"group_of_quantity":0,"min_quantity":0,"max_quantity":"","exclude_order_quantity_value_rules":"no","exclude_category_quantity_rules":"no","combine_variations":"no","yoast_head":"<!-- This site is optimized with the Yoast SEO Premium plugin v26.5 (Yoast SEO v26.5) - https:\/\/yoast.com\/wordpress\/plugins\/seo\/ -->\n<title>Wild Rose Hips Carrier Oil | Living Libations<\/title>\n<meta name=\"description\" content=\"Hagebutten\u00f6l verbindet sich mit der regenerierenden Kraft des Lavender Essential Oil. Wenn diese beiden Welten in einem wundersch\u00f6nen Ausdruck von rosiger Erneuerung aufeinandertreffen, wird die Haut wieder lebendig!\" \/>\n<meta name=\"robots\" content=\"index, follow, max-snippet:-1, max-image-preview:large, max-video-preview:-1\" \/>\n<link rel=\"canonical\" href=\"https:\/\/dutchhealthstore.com\/de\/product\/wild-rose-hips-lavender-oil\/\" \/>\n<meta property=\"og:locale\" content=\"de_DE\" \/>\n<meta property=\"og:type\" content=\"article\" \/>\n<meta property=\"og:title\" content=\"Wild Rosehips Carrier Oil - Dutch Health Store\" \/>\n<meta property=\"og:description\" content=\"Hagebutten\u00f6l verbindet sich mit der regenerierenden Kraft des Lavender Essential Oil. Wenn diese beiden Welten in einem wundersch\u00f6nen Ausdruck von rosiger Erneuerung aufeinandertreffen, wird die Haut wieder lebendig!\" \/>\n<meta property=\"og:url\" content=\"https:\/\/dutchhealthstore.com\/de\/product\/wild-rose-hips-lavender-oil\/\" \/>\n<meta property=\"og:site_name\" content=\"Dutch Health Store\" \/>\n<meta property=\"article:publisher\" content=\"https:\/\/www.instagram.com\/dutchhealthstore\/\" \/>\n<meta property=\"article:modified_time\" content=\"2025-10-28T10:18:15+00:00\" \/>\n<meta property=\"og:image\" content=\"https:\/\/dutchhealthstore.com\/wp-content\/uploads\/2018\/02\/Living-Libations-Wild-Rosehips-Carrier-Oil-e1596447338976.jpg\" \/>\n\t<meta property=\"og:image:width\" content=\"500\" \/>\n\t<meta property=\"og:image:height\" content=\"500\" \/>\n\t<meta property=\"og:image:type\" content=\"image\/jpeg\" \/>\n<meta name=\"twitter:card\" content=\"summary_large_image\" \/>\n<meta name=\"twitter:label1\" content=\"Preis\" \/>\n\t<meta name=\"twitter:data1\" content=\"&euro;47,00\" \/>\n\t<meta name=\"twitter:label2\" content=\"Verf\u00fcgbarkeit\" \/>\n\t<meta name=\"twitter:data2\" content=\"Auf Lager\" \/>\n<script type=\"application\/ld+json\" class=\"yoast-schema-graph\">{\"@context\":\"https:\/\/schema.org\",\"@graph\":[{\"@type\":\"WebPage\",\"@id\":\"https:\/\/dutchhealthstore.com\/de\/product\/wild-rose-hips-lavender-oil\/\",\"url\":\"https:\/\/dutchhealthstore.com\/de\/product\/wild-rose-hips-lavender-oil\/\",\"name\":\"Wild Rose Hips Carrier Oil | Living Libations\",\"isPartOf\":{\"@id\":\"https:\/\/dutchhealthstore.com\/de\/#website\"},\"primaryImageOfPage\":{\"@id\":\"https:\/\/dutchhealthstore.com\/de\/product\/wild-rose-hips-lavender-oil\/#primaryimage\"},\"image\":{\"@id\":\"https:\/\/dutchhealthstore.com\/de\/product\/wild-rose-hips-lavender-oil\/#primaryimage\"},\"thumbnailUrl\":\"https:\/\/dutchhealthstore.com\/wp-content\/uploads\/2018\/02\/Living-Libations-Wild-Rosehips-Carrier-Oil-e1596447338976.jpg\",\"datePublished\":\"2018-02-10T20:59:40+00:00\",\"dateModified\":\"2025-10-28T10:18:15+00:00\",\"description\":\"Hagebutten\u00f6l verbindet sich mit der regenerierenden Kraft des Lavender Essential Oil. Wenn diese beiden Welten in einem wundersch\u00f6nen Ausdruck von rosiger Erneuerung aufeinandertreffen, wird die Haut wieder lebendig!\",\"breadcrumb\":{\"@id\":\"https:\/\/dutchhealthstore.com\/de\/product\/wild-rose-hips-lavender-oil\/#breadcrumb\"},\"inLanguage\":\"de\",\"potentialAction\":[{\"@type\":\"ReadAction\",\"target\":[\"https:\/\/dutchhealthstore.com\/de\/product\/wild-rose-hips-lavender-oil\/\"]}]},{\"@type\":\"ImageObject\",\"inLanguage\":\"de\",\"@id\":\"https:\/\/dutchhealthstore.com\/de\/product\/wild-rose-hips-lavender-oil\/#primaryimage\",\"url\":\"https:\/\/dutchhealthstore.com\/wp-content\/uploads\/2018\/02\/Living-Libations-Wild-Rosehips-Carrier-Oil-e1596447338976.jpg\",\"contentUrl\":\"https:\/\/dutchhealthstore.com\/wp-content\/uploads\/2018\/02\/Living-Libations-Wild-Rosehips-Carrier-Oil-e1596447338976.jpg\",\"width\":500,\"height\":500,\"caption\":\"Living Libations Wild Rosehips Carrier Oil\"},{\"@type\":\"BreadcrumbList\",\"@id\":\"https:\/\/dutchhealthstore.com\/de\/product\/wild-rose-hips-lavender-oil\/#breadcrumb\",\"itemListElement\":[{\"@type\":\"ListItem\",\"position\":1,\"name\":\"Home\",\"item\":\"https:\/\/dutchhealthstore.com\/de\/\"},{\"@type\":\"ListItem\",\"position\":2,\"name\":\"Shop\",\"item\":\"https:\/\/dutchhealthstore.com\/de\/shop-2\/\"},{\"@type\":\"ListItem\",\"position\":3,\"name\":\"Wild Rosehips Carrier Oil\"}]},{\"@type\":\"WebSite\",\"@id\":\"https:\/\/dutchhealthstore.com\/de\/#website\",\"url\":\"https:\/\/dutchhealthstore.com\/de\/\",\"name\":\"Dutch Health Store\",\"description\":\"Enhance Your Beauty with Organic &amp; Natural Skincare\",\"publisher\":{\"@id\":\"https:\/\/dutchhealthstore.com\/de\/#organization\"},\"potentialAction\":[{\"@type\":\"SearchAction\",\"target\":{\"@type\":\"EntryPoint\",\"urlTemplate\":\"https:\/\/dutchhealthstore.com\/de\/?s={search_term_string}\"},\"query-input\":{\"@type\":\"PropertyValueSpecification\",\"valueRequired\":true,\"valueName\":\"search_term_string\"}}],\"inLanguage\":\"de\"},{\"@type\":\"Organization\",\"@id\":\"https:\/\/dutchhealthstore.com\/de\/#organization\",\"name\":\"Dutch Health Store\",\"url\":\"https:\/\/dutchhealthstore.com\/de\/\",\"logo\":{\"@type\":\"ImageObject\",\"inLanguage\":\"de\",\"@id\":\"https:\/\/dutchhealthstore.com\/de\/#\/schema\/logo\/image\/\",\"url\":\"https:\/\/dutchhealthstore.com\/wp-content\/uploads\/2020\/08\/logo-dutchhealthstore-jpg-e1599484957574.jpg\",\"contentUrl\":\"https:\/\/dutchhealthstore.com\/wp-content\/uploads\/2020\/08\/logo-dutchhealthstore-jpg-e1599484957574.jpg\",\"width\":400,\"height\":62,\"caption\":\"Dutch Health Store\"},\"image\":{\"@id\":\"https:\/\/dutchhealthstore.com\/de\/#\/schema\/logo\/image\/\"},\"sameAs\":[\"https:\/\/www.instagram.com\/dutchhealthstore\/\",\"https:\/\/www.facebook.com\/dutchhealthstore\"]}]}<\/script>\n<meta property=\"product:brand\" content=\"Living Libations\" \/>\n<meta property=\"product:price:amount\" content=\"47.00\" \/>\n<meta property=\"product:price:currency\" content=\"EUR\" \/>\n<meta property=\"og:availability\" content=\"instock\" \/>\n<meta property=\"product:availability\" content=\"instock\" \/>\n<meta property=\"product:condition\" content=\"new\" \/>\n<!-- \/ Yoast SEO Premium plugin. -->","yoast_head_json":{"title":"Wild Rose Hips Carrier Oil | Living Libations","description":"Hagebutten\u00f6l verbindet sich mit der regenerierenden Kraft des Lavender Essential Oil. Wenn diese beiden Welten in einem wundersch\u00f6nen Ausdruck von rosiger Erneuerung aufeinandertreffen, wird die Haut wieder lebendig!","robots":{"index":"index","follow":"follow","max-snippet":"max-snippet:-1","max-image-preview":"max-image-preview:large","max-video-preview":"max-video-preview:-1"},"canonical":"https:\/\/dutchhealthstore.com\/de\/product\/wild-rose-hips-lavender-oil\/","og_locale":"de_DE","og_type":"article","og_title":"Wild Rosehips Carrier Oil - Dutch Health Store","og_description":"Hagebutten\u00f6l verbindet sich mit der regenerierenden Kraft des Lavender Essential Oil. Wenn diese beiden Welten in einem wundersch\u00f6nen Ausdruck von rosiger Erneuerung aufeinandertreffen, wird die Haut wieder lebendig!","og_url":"https:\/\/dutchhealthstore.com\/de\/product\/wild-rose-hips-lavender-oil\/","og_site_name":"Dutch Health Store","article_publisher":"https:\/\/www.instagram.com\/dutchhealthstore\/","article_modified_time":"2025-10-28T10:18:15+00:00","og_image":[{"width":500,"height":500,"url":"https:\/\/dutchhealthstore.com\/wp-content\/uploads\/2018\/02\/Living-Libations-Wild-Rosehips-Carrier-Oil-e1596447338976.jpg","type":"image\/jpeg"}],"twitter_card":"summary_large_image","twitter_misc":{"Preis":"&euro;47,00","Verf\u00fcgbarkeit":"Auf Lager"},"schema":{"@context":"https:\/\/schema.org","@graph":[{"@type":"WebPage","@id":"https:\/\/dutchhealthstore.com\/de\/product\/wild-rose-hips-lavender-oil\/","url":"https:\/\/dutchhealthstore.com\/de\/product\/wild-rose-hips-lavender-oil\/","name":"Wild Rose Hips Carrier Oil | Living Libations","isPartOf":{"@id":"https:\/\/dutchhealthstore.com\/de\/#website"},"primaryImageOfPage":{"@id":"https:\/\/dutchhealthstore.com\/de\/product\/wild-rose-hips-lavender-oil\/#primaryimage"},"image":{"@id":"https:\/\/dutchhealthstore.com\/de\/product\/wild-rose-hips-lavender-oil\/#primaryimage"},"thumbnailUrl":"https:\/\/dutchhealthstore.com\/wp-content\/uploads\/2018\/02\/Living-Libations-Wild-Rosehips-Carrier-Oil-e1596447338976.jpg","datePublished":"2018-02-10T20:59:40+00:00","dateModified":"2025-10-28T10:18:15+00:00","description":"Hagebutten\u00f6l verbindet sich mit der regenerierenden Kraft des Lavender Essential Oil. Wenn diese beiden Welten in einem wundersch\u00f6nen Ausdruck von rosiger Erneuerung aufeinandertreffen, wird die Haut wieder lebendig!","breadcrumb":{"@id":"https:\/\/dutchhealthstore.com\/de\/product\/wild-rose-hips-lavender-oil\/#breadcrumb"},"inLanguage":"de","potentialAction":[{"@type":"ReadAction","target":["https:\/\/dutchhealthstore.com\/de\/product\/wild-rose-hips-lavender-oil\/"]}]},{"@type":"ImageObject","inLanguage":"de","@id":"https:\/\/dutchhealthstore.com\/de\/product\/wild-rose-hips-lavender-oil\/#primaryimage","url":"https:\/\/dutchhealthstore.com\/wp-content\/uploads\/2018\/02\/Living-Libations-Wild-Rosehips-Carrier-Oil-e1596447338976.jpg","contentUrl":"https:\/\/dutchhealthstore.com\/wp-content\/uploads\/2018\/02\/Living-Libations-Wild-Rosehips-Carrier-Oil-e1596447338976.jpg","width":500,"height":500,"caption":"Living Libations Wild Rosehips Carrier Oil"},{"@type":"BreadcrumbList","@id":"https:\/\/dutchhealthstore.com\/de\/product\/wild-rose-hips-lavender-oil\/#breadcrumb","itemListElement":[{"@type":"ListItem","position":1,"name":"Home","item":"https:\/\/dutchhealthstore.com\/de\/"},{"@type":"ListItem","position":2,"name":"Shop","item":"https:\/\/dutchhealthstore.com\/de\/shop-2\/"},{"@type":"ListItem","position":3,"name":"Wild Rosehips Carrier Oil"}]},{"@type":"WebSite","@id":"https:\/\/dutchhealthstore.com\/de\/#website","url":"https:\/\/dutchhealthstore.com\/de\/","name":"Dutch Health Store","description":"Enhance Your Beauty with Organic &amp; Natural Skincare","publisher":{"@id":"https:\/\/dutchhealthstore.com\/de\/#organization"},"potentialAction":[{"@type":"SearchAction","target":{"@type":"EntryPoint","urlTemplate":"https:\/\/dutchhealthstore.com\/de\/?s={search_term_string}"},"query-input":{"@type":"PropertyValueSpecification","valueRequired":true,"valueName":"search_term_string"}}],"inLanguage":"de"},{"@type":"Organization","@id":"https:\/\/dutchhealthstore.com\/de\/#organization","name":"Dutch Health Store","url":"https:\/\/dutchhealthstore.com\/de\/","logo":{"@type":"ImageObject","inLanguage":"de","@id":"https:\/\/dutchhealthstore.com\/de\/#\/schema\/logo\/image\/","url":"https:\/\/dutchhealthstore.com\/wp-content\/uploads\/2020\/08\/logo-dutchhealthstore-jpg-e1599484957574.jpg","contentUrl":"https:\/\/dutchhealthstore.com\/wp-content\/uploads\/2020\/08\/logo-dutchhealthstore-jpg-e1599484957574.jpg","width":400,"height":62,"caption":"Dutch Health Store"},"image":{"@id":"https:\/\/dutchhealthstore.com\/de\/#\/schema\/logo\/image\/"},"sameAs":["https:\/\/www.instagram.com\/dutchhealthstore\/","https:\/\/www.facebook.com\/dutchhealthstore"]}]},"product_brand":"Living Libations","product_price_amount":"47.00","product_price_currency":"EUR","og_availability":"instock","product_availability":"instock","product_condition":"new"},"_links":{"self":[{"href":"https:\/\/dutchhealthstore.com\/de\/wp-json\/wp\/v2\/product\/125258","targetHints":{"allow":["GET"]}}],"collection":[{"href":"https:\/\/dutchhealthstore.com\/de\/wp-json\/wp\/v2\/product"}],"about":[{"href":"https:\/\/dutchhealthstore.com\/de\/wp-json\/wp\/v2\/types\/product"}],"replies":[{"embeddable":true,"href":"https:\/\/dutchhealthstore.com\/de\/wp-json\/wp\/v2\/comments?post=125258"}],"wp:featuredmedia":[{"embeddable":true,"href":"https:\/\/dutchhealthstore.com\/de\/wp-json\/wp\/v2\/media\/117523"}],"wp:attachment":[{"href":"https:\/\/dutchhealthstore.com\/de\/wp-json\/wp\/v2\/media?parent=125258"}],"wp:term":[{"taxonomy":"product_brand","embeddable":true,"href":"https:\/\/dutchhealthstore.com\/de\/wp-json\/wp\/v2\/product_brand?post=125258"},{"taxonomy":"product_cat","embeddable":true,"href":"https:\/\/dutchhealthstore.com\/de\/wp-json\/wp\/v2\/product_cat?post=125258"},{"taxonomy":"product_tag","embeddable":true,"href":"https:\/\/dutchhealthstore.com\/de\/wp-json\/wp\/v2\/product_tag?post=125258"}],"curies":[{"name":"wp","href":"https:\/\/api.w.org\/{rel}","templated":true}]}}